{"id":3,"date":"2023-04-17T15:24:21","date_gmt":"2023-04-17T15:24:21","guid":{"rendered":"https:\/\/glass-perfume-bottles.com\/?page_id=3"},"modified":"2025-07-01T02:48:45","modified_gmt":"2025-07-01T02:48:45","slug":"custom-perfume-bottle-manufacturer-and-suppliers","status":"publish","type":"page","link":"https:\/\/glass-perfume-bottles.com\/de\/custom-perfume-bottle-manufacturer-and-suppliers\/","title":{"rendered":"Datenschutzrichtlinie"},"content":{"rendered":"<figure class=\"wp-block-image size-large\"><a href=\"https:\/\/glass-perfume-bottles.com\/de\/produkt\/custom-premium-30ml-oblateness-fragrance-perfume-bottle\/\"><img loading=\"lazy\" decoding=\"async\" width=\"1024\" height=\"628\" src=\"https:\/\/glass-perfume-bottles.com\/wp-content\/uploads\/2025\/07\/QQ\u622a\u56fe20231017142446-1024x628.png\" alt=\"Tailored-made perfume bottle manufacturer\" class=\"wp-image-3026\" style=\"aspect-ratio:16\/9;object-fit:cover\" srcset=\"https:\/\/glass-perfume-bottles.com\/wp-content\/uploads\/2025\/07\/QQ\u622a\u56fe20231017142446-1024x628.png 1024w, https:\/\/glass-perfume-bottles.com\/wp-content\/uploads\/2025\/07\/QQ\u622a\u56fe20231017142446-300x184.png 300w, https:\/\/glass-perfume-bottles.com\/wp-content\/uploads\/2025\/07\/QQ\u622a\u56fe20231017142446-768x471.png 768w, https:\/\/glass-perfume-bottles.com\/wp-content\/uploads\/2025\/07\/QQ\u622a\u56fe20231017142446-1536x942.png 1536w, https:\/\/glass-perfume-bottles.com\/wp-content\/uploads\/2025\/07\/QQ\u622a\u56fe20231017142446-18x12.png 18w, https:\/\/glass-perfume-bottles.com\/wp-content\/uploads\/2025\/07\/QQ\u622a\u56fe20231017142446-600x368.png 600w, https:\/\/glass-perfume-bottles.com\/wp-content\/uploads\/2025\/07\/QQ\u622a\u56fe20231017142446.png 1796w\" sizes=\"auto, (max-width: 1024px) 100vw, 1024px\" \/><\/a><\/figure><h2 class=\"wp-block-heading\">Wer wir sind<\/h2><p>Hersteller ma\u00dfgeschneiderter Parf\u00fcmflaschen<\/p><p><strong class=\"privacy-policy-tutorial\">Textvorschlag: <\/strong>Unsere Website-Adresse lautet: https:\/\/glass-perfume-bottles.com.<\/p><p>HY GLASS wurde 2009 gegr\u00fcndet und ist ein professioneller Hersteller und Lieferant von Glasparf\u00fcmflaschen. Wir haben au\u00dferdem Tausende Modelle leerer Parf\u00fcmflaschen auf Lager. OEM\/ODM-Hersteller ma\u00dfgeschneiderter Parf\u00fcmflaschen. Die Glasflasche wird genau nach Ihren Vorstellungen und Ihrem Design hergestellt.<\/p><p>Wir sind bestrebt, Glasparf\u00fcmflaschen anzubieten, die genau auf die Kundenanforderungen abgestimmt sind. Daf\u00fcr arbeiten wir mit einem professionellen Team mit langj\u00e4hriger Erfahrung zusammen. Dank unserer hochwertigen Produkte und unseres guten Services hat unser Unternehmen weltweit Kunden gewonnen. Dank unserer umfassenden Designerfahrung haben wir uns erfolgreich an den sich schnell ver\u00e4ndernden Markt angepasst. Dank unserer globalen Lieferkette bieten wir eine gro\u00dfe Auswahl an Glasparf\u00fcmflaschen zu wettbewerbsf\u00e4higen Preisen und mit bestem Service.<\/p><p>Indem wir den Wert jeder Glasflasche steigern und neueste Ideen umsetzen, bieten wir unseren Kunden ma\u00dfgeschneiderte L\u00f6sungen. Unsere Mission ist es, Details und Innovationen in der Glasflaschenverpackungsindustrie zu ber\u00fccksichtigen, um die Konzepte unserer Kunden in die Realit\u00e4t umzusetzen. Als <a href=\"https:\/\/www.hyglassbottles.com\/product\/Custom-gradient-100ml-square-glass-perfume-bottle-supplier.html\">Hersteller ma\u00dfgeschneiderter Parf\u00fcmflaschen<\/a>Senden Sie uns gerne Ihre eigene Flasche in Form und Gr\u00f6\u00dfe. Wir k\u00f6nnen Ihre Glasparf\u00fcmflaschen als OEM\/ODM f\u00fcr Ihre Eigenmarke herstellen. Wenn Sie weitere Informationen zur individuellen Gestaltung Ihrer eigenen Glasparf\u00fcmflaschen w\u00fcnschen, kontaktieren Sie uns gerne. <\/p><h2 class=\"wp-block-heading\">Kommentare<\/h2><p><strong class=\"privacy-policy-tutorial\">Textvorschlag: <\/strong>Wenn Besucher Kommentare auf der Site hinterlassen, erfassen wir die im Kommentarformular angezeigten Daten sowie die IP-Adresse des Besuchers und die Zeichenfolge des Browser-Benutzeragenten, um die Spam-Erkennung zu unterst\u00fctzen.<\/p><p>Aus Ihrer E-Mail-Adresse kann eine anonymisierte Zeichenfolge (auch Hash genannt) erstellt und dem Gravatar-Dienst \u00fcbergeben werden, um zu pr\u00fcfen, ob Sie diesen benutzen. Die Datenschutzerkl\u00e4rung des Gravatar-Dienstes finden Sie hier: https:\/\/automattic.com\/privacy\/. Nach Freigabe Ihres Kommentars ist Ihr Profilbild \u00f6ffentlich im Kontext Ihres Kommentars sichtbar.<\/p><h2 class=\"wp-block-heading\">Medien<\/h2><p><strong class=\"privacy-policy-tutorial\">Textvorschlag: <\/strong>Wenn Sie Bilder auf die Website hochladen, sollten Sie vermeiden, Bilder mit eingebetteten Standortdaten (EXIF GPS) hochzuladen. Besucher der Website k\u00f6nnen Standortdaten aus Bildern auf der Website herunterladen und extrahieren.<\/p><h2 class=\"wp-block-heading\">Cookie-Hinweis<\/h2><p><strong class=\"privacy-policy-tutorial\">Textvorschlag: <\/strong>Wenn Sie einen Kommentar auf unserer Website hinterlassen, k\u00f6nnen Sie Ihren Namen, Ihre E-Mail-Adresse und Ihre Website in Cookies speichern. Dies dient Ihrer Bequemlichkeit, damit Sie Ihre Daten nicht erneut eingeben m\u00fcssen, wenn Sie einen weiteren Kommentar hinterlassen. Diese Cookies sind ein Jahr lang g\u00fcltig.<\/p><p>Wenn Sie ein Konto haben und sich auf dieser Website anmelden, werden wir ein tempor\u00e4res Cookie setzen, um festzustellen, ob Ihr Browser Cookies akzeptiert. Dieses Cookie enth\u00e4lt keine personenbezogenen Daten und wird verworfen, wenn Sie Ihren Browser schlie\u00dfen.<\/p><p>Wenn Sie sich anmelden, setzen wir au\u00dferdem mehrere Cookies, um Ihre Anmeldeinformationen und Ihre Anzeigeoptionen zu speichern. Anmelde-Cookies verfallen zwei Tage lang, Cookies f\u00fcr Anzeigeoptionen ein Jahr lang. Wenn Sie \u201eAngemeldet bleiben\u201c ausw\u00e4hlen, bleibt Ihre Anmeldung zwei Wochen lang bestehen. Wenn Sie sich aus Ihrem Konto abmelden, werden die Anmelde-Cookies gel\u00f6scht.<\/p><p>Wenn Sie einen Artikel bearbeiten oder ver\u00f6ffentlichen, wird ein zus\u00e4tzlicher Cookie in Ihrem Browser gespeichert. Dieser Cookie enth\u00e4lt keine personenbezogenen Daten und gibt lediglich die Beitrags-ID des gerade bearbeiteten Artikels an. Er verf\u00e4llt nach einem Tag.<\/p><h2 class=\"wp-block-heading\">Eingebettete Inhalte von anderen Websites<\/h2><p><strong class=\"privacy-policy-tutorial\">Textvorschlag: <\/strong>Beitr\u00e4ge auf dieser Website k\u00f6nnen eingebettete Inhalte beinhalten (z. B. Videos, Bilder, Beitr\u00e4ge etc.). Eingebettete Inhalte von anderen Websites verhalten sich exakt so, als ob der Besucher die andere Website besucht h\u00e4tte.<\/p><p>Diese Websites k\u00f6nnen Daten \u00fcber Sie sammeln, Cookies benutzen, zus\u00e4tzliche Tracking-Dienste von Dritten einbetten und Ihre Interaktion mit diesem eingebetteten Inhalt aufzeichnen, inklusive Ihrer Interaktion mit dem eingebetteten Inhalt, falls Sie ein Konto haben und auf dieser Website angemeldet sind.<\/p><h2 class=\"wp-block-heading\">Mit wem wir Ihre Daten teilen<\/h2><p><strong class=\"privacy-policy-tutorial\">Textvorschlag: <\/strong>Wenn Sie eine Zur\u00fccksetzung des Passworts anfordern, wird Ihre IP-Adresse in der E-Mail zur Zur\u00fccksetzung enthalten sein.<\/p><h2 class=\"wp-block-heading\">Wie lange wir Ihre Daten speichern<\/h2><p><strong class=\"privacy-policy-tutorial\">Textvorschlag: <\/strong>Wenn Sie einen Kommentar hinterlassen, werden dieser und seine Metadaten zeitlich unbegrenzt gespeichert. So k\u00f6nnen wir Folgekommentare automatisch erkennen und freigeben, anstatt sie in einer Moderations-Warteschlange festzuhalten.<\/p><p>F\u00fcr Benutzer, die sich auf unserer Website registrieren (falls vorhanden), speichern wir zus\u00e4tzlich die pers\u00f6nlichen Informationen, die sie in ihren Benutzerprofilen angeben. Alle Benutzer k\u00f6nnen ihre pers\u00f6nlichen Informationen jederzeit einsehen, bearbeiten oder l\u00f6schen (mit Ausnahme des Benutzernamens). Website-Administratoren k\u00f6nnen diese Informationen ebenfalls einsehen und bearbeiten.<\/p><h2 class=\"wp-block-heading\">Welche Rechte Sie an Ihren Daten haben<\/h2><p><strong class=\"privacy-policy-tutorial\">Textvorschlag: <\/strong>Wenn Sie ein Konto auf dieser Website besitzen oder Kommentare hinterlassen haben, k\u00f6nnen Sie einen Export Ihrer bei uns gespeicherten personenbezogenen Daten anfordern, inklusive aller Daten, die Sie uns mitgeteilt haben. Dar\u00fcber hinaus k\u00f6nnen Sie die L\u00f6schung aller von Ihnen gespeicherten personenbezogenen Daten anfordern. Dies umfasst nicht die Daten, die wir aufgrund administrativer, rechtlicher oder sicherheitsrelevanter Notwendigkeiten aufbewahren m\u00fcssen.<\/p><h2 class=\"wp-block-heading\">Wohin Ihre Daten gesendet werden<\/h2><p><strong class=\"privacy-policy-tutorial\">Textvorschlag: <\/strong>Besucherkommentare k\u00f6nnten von einem automatisierten Dienst zur Spam-Erkennung untersucht werden.<\/p><p><\/p>","protected":false},"excerpt":{"rendered":"<p>Who we are Tailored-made perfume bottle manufacturer Suggested text: Our website address is: https:\/\/glass-perfume-bottles.com. HY GLASS\u00a0is established since 2009 who is a professional manufacturer and supplier of glass perfume\u00a0bottles.\u00a0We also have\u00a0thousands of models of empty perfume bottles available in our warehouse. OEM\/ODM Tailored-made perfume bottle manufacturer. The glass bottle will be produced exactly with your&#8230;<\/p>","protected":false},"author":1,"featured_media":0,"parent":0,"menu_order":0,"comment_status":"closed","ping_status":"open","template":"","meta":{"_kad_blocks_custom_css":"","_kad_blocks_head_custom_js":"","_kad_blocks_body_custom_js":"","_kad_blocks_footer_custom_js":"","_kad_post_transparent":"","_kad_post_title":"","_kad_post_layout":"","_kad_post_sidebar_id":"","_kad_post_content_style":"","_kad_post_vertical_padding":"","_kad_post_feature":"","_kad_post_feature_position":"","_kad_post_header":false,"_kad_post_footer":false,"_joinchat":[],"footnotes":""},"class_list":["post-3","page","type-page","status-publish","hentry"],"yoast_head":"<!-- This site is optimized with the Yoast SEO Premium plugin v20.5 (Yoast SEO v24.2) - https:\/\/yoast.com\/wordpress\/plugins\/seo\/ -->\n<title>Tailored-made perfume bottle manufacturer and suppliers<\/title>\n<meta name=\"description\" content=\"As tailored-made perfume bottle manufacturer, we focus on details and innovation in glass bottle packaging to make customers&#039; idea come true.\" \/>\n<meta name=\"robots\" content=\"index, follow, max-snippet:-1, max-image-preview:large, max-video-preview:-1\" \/>\n<link rel=\"canonical\" href=\"https:\/\/glass-perfume-bottles.com\/de\/custom-perfume-bottle-manufacturer-and-suppliers\/\" \/>\n<meta property=\"og:locale\" content=\"de_DE\" \/>\n<meta property=\"og:type\" content=\"article\" \/>\n<meta property=\"og:title\" content=\"Privacy Policy\" \/>\n<meta property=\"og:description\" content=\"As tailored-made perfume bottle manufacturer, we focus on details and innovation in glass bottle packaging to make customers&#039; idea come true.\" \/>\n<meta property=\"og:url\" content=\"https:\/\/glass-perfume-bottles.com\/de\/custom-perfume-bottle-manufacturer-and-suppliers\/\" \/>\n<meta property=\"og:site_name\" content=\"HY GLASS\" \/>\n<meta property=\"article:modified_time\" content=\"2025-07-01T02:48:45+00:00\" \/>\n<meta name=\"twitter:card\" content=\"summary_large_image\" \/>\n<meta name=\"twitter:label1\" content=\"Gesch\u00e4tzte Lesezeit\" \/>\n\t<meta name=\"twitter:data1\" content=\"4\u00a0Minuten\" \/>\n<script type=\"application\/ld+json\" class=\"yoast-schema-graph\">{\"@context\":\"https:\/\/schema.org\",\"@graph\":[{\"@type\":\"WebPage\",\"@id\":\"https:\/\/glass-perfume-bottles.com\/custom-perfume-bottle-manufacturer-and-suppliers\/\",\"url\":\"https:\/\/glass-perfume-bottles.com\/custom-perfume-bottle-manufacturer-and-suppliers\/\",\"name\":\"Tailored-made perfume bottle manufacturer and suppliers\",\"isPartOf\":{\"@id\":\"https:\/\/glass-perfume-bottles.com\/#website\"},\"datePublished\":\"2023-04-17T15:24:21+00:00\",\"dateModified\":\"2025-07-01T02:48:45+00:00\",\"description\":\"As tailored-made perfume bottle manufacturer, we focus on details and innovation in glass bottle packaging to make customers' idea come true.\",\"breadcrumb\":{\"@id\":\"https:\/\/glass-perfume-bottles.com\/custom-perfume-bottle-manufacturer-and-suppliers\/#breadcrumb\"},\"inLanguage\":\"de\",\"potentialAction\":[{\"@type\":\"ReadAction\",\"target\":[\"https:\/\/glass-perfume-bottles.com\/custom-perfume-bottle-manufacturer-and-suppliers\/\"]}]},{\"@type\":\"BreadcrumbList\",\"@id\":\"https:\/\/glass-perfume-bottles.com\/custom-perfume-bottle-manufacturer-and-suppliers\/#breadcrumb\",\"itemListElement\":[{\"@type\":\"ListItem\",\"position\":1,\"name\":\"Home\",\"item\":\"https:\/\/glass-perfume-bottles.com\/\"},{\"@type\":\"ListItem\",\"position\":2,\"name\":\"Privacy Policy\"}]},{\"@type\":\"WebSite\",\"@id\":\"https:\/\/glass-perfume-bottles.com\/#website\",\"url\":\"https:\/\/glass-perfume-bottles.com\/\",\"name\":\"HY GLASS\",\"description\":\"glass perfume bottle manufacturers &amp; suppliers, aroma reed diffuser bottle wholesale &amp; suppliers\",\"publisher\":{\"@id\":\"https:\/\/glass-perfume-bottles.com\/#organization\"},\"potentialAction\":[{\"@type\":\"SearchAction\",\"target\":{\"@type\":\"EntryPoint\",\"urlTemplate\":\"https:\/\/glass-perfume-bottles.com\/?s={search_term_string}\"},\"query-input\":{\"@type\":\"PropertyValueSpecification\",\"valueRequired\":true,\"valueName\":\"search_term_string\"}}],\"inLanguage\":\"de\"},{\"@type\":\"Organization\",\"@id\":\"https:\/\/glass-perfume-bottles.com\/#organization\",\"name\":\"HY GLASS\",\"url\":\"https:\/\/glass-perfume-bottles.com\/\",\"logo\":{\"@type\":\"ImageObject\",\"inLanguage\":\"de\",\"@id\":\"https:\/\/glass-perfume-bottles.com\/#\/schema\/logo\/image\/\",\"url\":\"https:\/\/glass-perfume-bottles.com\/wp-content\/uploads\/2023\/09\/logo21.png\",\"contentUrl\":\"https:\/\/glass-perfume-bottles.com\/wp-content\/uploads\/2023\/09\/logo21.png\",\"width\":342,\"height\":268,\"caption\":\"HY GLASS\"},\"image\":{\"@id\":\"https:\/\/glass-perfume-bottles.com\/#\/schema\/logo\/image\/\"}}]}<\/script>\n<!-- \/ Yoast SEO Premium plugin. -->","yoast_head_json":{"title":"Tailored-made perfume bottle manufacturer and suppliers","description":"As tailored-made perfume bottle manufacturer, we focus on details and innovation in glass bottle packaging to make customers' idea come true.","robots":{"index":"index","follow":"follow","max-snippet":"max-snippet:-1","max-image-preview":"max-image-preview:large","max-video-preview":"max-video-preview:-1"},"canonical":"https:\/\/glass-perfume-bottles.com\/de\/custom-perfume-bottle-manufacturer-and-suppliers\/","og_locale":"de_DE","og_type":"article","og_title":"Privacy Policy","og_description":"As tailored-made perfume bottle manufacturer, we focus on details and innovation in glass bottle packaging to make customers' idea come true.","og_url":"https:\/\/glass-perfume-bottles.com\/de\/custom-perfume-bottle-manufacturer-and-suppliers\/","og_site_name":"HY GLASS","article_modified_time":"2025-07-01T02:48:45+00:00","twitter_card":"summary_large_image","twitter_misc":{"Gesch\u00e4tzte Lesezeit":"4\u00a0Minuten"},"schema":{"@context":"https:\/\/schema.org","@graph":[{"@type":"WebPage","@id":"https:\/\/glass-perfume-bottles.com\/custom-perfume-bottle-manufacturer-and-suppliers\/","url":"https:\/\/glass-perfume-bottles.com\/custom-perfume-bottle-manufacturer-and-suppliers\/","name":"Tailored-made perfume bottle manufacturer and suppliers","isPartOf":{"@id":"https:\/\/glass-perfume-bottles.com\/#website"},"datePublished":"2023-04-17T15:24:21+00:00","dateModified":"2025-07-01T02:48:45+00:00","description":"As tailored-made perfume bottle manufacturer, we focus on details and innovation in glass bottle packaging to make customers' idea come true.","breadcrumb":{"@id":"https:\/\/glass-perfume-bottles.com\/custom-perfume-bottle-manufacturer-and-suppliers\/#breadcrumb"},"inLanguage":"de","potentialAction":[{"@type":"ReadAction","target":["https:\/\/glass-perfume-bottles.com\/custom-perfume-bottle-manufacturer-and-suppliers\/"]}]},{"@type":"BreadcrumbList","@id":"https:\/\/glass-perfume-bottles.com\/custom-perfume-bottle-manufacturer-and-suppliers\/#breadcrumb","itemListElement":[{"@type":"ListItem","position":1,"name":"Home","item":"https:\/\/glass-perfume-bottles.com\/"},{"@type":"ListItem","position":2,"name":"Privacy Policy"}]},{"@type":"WebSite","@id":"https:\/\/glass-perfume-bottles.com\/#website","url":"https:\/\/glass-perfume-bottles.com\/","name":"HY GLASS","description":"glass perfume bottle manufacturers &amp; suppliers, aroma reed diffuser bottle wholesale &amp; suppliers","publisher":{"@id":"https:\/\/glass-perfume-bottles.com\/#organization"},"potentialAction":[{"@type":"SearchAction","target":{"@type":"EntryPoint","urlTemplate":"https:\/\/glass-perfume-bottles.com\/?s={search_term_string}"},"query-input":{"@type":"PropertyValueSpecification","valueRequired":true,"valueName":"search_term_string"}}],"inLanguage":"de"},{"@type":"Organization","@id":"https:\/\/glass-perfume-bottles.com\/#organization","name":"HY GLASS","url":"https:\/\/glass-perfume-bottles.com\/","logo":{"@type":"ImageObject","inLanguage":"de","@id":"https:\/\/glass-perfume-bottles.com\/#\/schema\/logo\/image\/","url":"https:\/\/glass-perfume-bottles.com\/wp-content\/uploads\/2023\/09\/logo21.png","contentUrl":"https:\/\/glass-perfume-bottles.com\/wp-content\/uploads\/2023\/09\/logo21.png","width":342,"height":268,"caption":"HY GLASS"},"image":{"@id":"https:\/\/glass-perfume-bottles.com\/#\/schema\/logo\/image\/"}}]}},"taxonomy_info":[],"featured_image_src_large":false,"author_info":{"display_name":"admin","author_link":"https:\/\/glass-perfume-bottles.com\/de\/author\/admin\/"},"comment_info":0,"_links":{"self":[{"href":"https:\/\/glass-perfume-bottles.com\/de\/wp-json\/wp\/v2\/pages\/3","targetHints":{"allow":["GET"]}}],"collection":[{"href":"https:\/\/glass-perfume-bottles.com\/de\/wp-json\/wp\/v2\/pages"}],"about":[{"href":"https:\/\/glass-perfume-bottles.com\/de\/wp-json\/wp\/v2\/types\/page"}],"author":[{"embeddable":true,"href":"https:\/\/glass-perfume-bottles.com\/de\/wp-json\/wp\/v2\/users\/1"}],"replies":[{"embeddable":true,"href":"https:\/\/glass-perfume-bottles.com\/de\/wp-json\/wp\/v2\/comments?post=3"}],"version-history":[{"count":1,"href":"https:\/\/glass-perfume-bottles.com\/de\/wp-json\/wp\/v2\/pages\/3\/revisions"}],"predecessor-version":[{"id":3027,"href":"https:\/\/glass-perfume-bottles.com\/de\/wp-json\/wp\/v2\/pages\/3\/revisions\/3027"}],"wp:attachment":[{"href":"https:\/\/glass-perfume-bottles.com\/de\/wp-json\/wp\/v2\/media?parent=3"}],"curies":[{"name":"wp","href":"https:\/\/api.w.org\/{rel}","templated":true}]}}