{"id":1865,"date":"2024-12-23T12:32:25","date_gmt":"2024-12-23T12:32:25","guid":{"rendered":"https:\/\/glass-perfume-bottles.com\/?post_type=product&#038;p=1865"},"modified":"2025-01-07T13:16:04","modified_gmt":"2025-01-07T13:16:04","slug":"wholesale-50ml-100ml-grey-square-glass-perfume-bottle-supplier","status":"publish","type":"product","link":"https:\/\/glass-perfume-bottles.com\/de\/produkt\/wholesale-50ml-100ml-grey-square-glass-perfume-bottle-supplier\/","title":{"rendered":"Gro\u00dfhandel 50ml 100ml graue quadratische Glasparf\u00fcmflasche"},"content":{"rendered":"<table>\n<tbody>\n<tr>\n<td width=\"158\">Produktname<\/td>\n<td width=\"591\">Gro\u00dfhandel 50ml 100ml grau quadratische Glas Parf\u00fcm Flasche Lieferant<\/td>\n<\/tr>\n<tr>\n<td width=\"158\">Kapazit\u00e4t<\/td>\n<td width=\"591\">\u00a050 ml, 100 ml (andere Gr\u00f6\u00dfen erh\u00e4ltlich)<\/td>\n<\/tr>\n<tr>\n<td width=\"158\">Mindestbestellmenge<\/td>\n<td width=\"591\">1000 St\u00fcck (da es ein individuelles Design gibt)<\/td>\n<\/tr>\n<tr>\n<td width=\"158\">Geh\u00e4usefarbe<\/td>\n<td width=\"591\">Grau, schwarz, rot, bernsteinfarben, lila oder individuelle Farbe<\/td>\n<\/tr>\n<tr>\n<td width=\"158\">Verwendung<\/td>\n<td width=\"591\">Verpackung Parf\u00fcm\/Serum\/\u00e4therisches \u00d6l\/Toner<\/td>\n<\/tr>\n<tr>\n<td width=\"158\">Material<\/td>\n<td width=\"591\">Hochwertiges, hochtemperaturbest\u00e4ndiges Glas<\/td>\n<\/tr>\n<tr>\n<td width=\"158\">Oberfl\u00e4chenbehandlung<\/td>\n<td width=\"591\">1. Siebdruck<\/p>\n<p>2. Hei\u00dfpr\u00e4gung<\/p>\n<p>3. UV-Beschichtung<\/p>\n<p>4. Mattiert<\/p>\n<p>5. Aufkleber<\/p>\n<p>6. Gepr\u00e4gt<\/p>\n<p>7. Kennzeichnung<\/p>\n<p>8. Farbmalerei<\/p>\n<p>Oder individuell nach Ihren Anforderungen<\/td>\n<\/tr>\n<tr>\n<td width=\"158\">Probe<\/td>\n<td width=\"591\">Kostenlose Probe, Frachtkosten erforderlich.<\/td>\n<\/tr>\n<tr>\n<td width=\"158\">Transport<\/td>\n<td width=\"591\">FedEx\/DHL\/EMS\/UPS\/TNT\/auf dem Seeweg\/auf dem Luftweg usw.<\/td>\n<\/tr>\n<tr>\n<td width=\"158\">Zahlungsweise<\/td>\n<td width=\"591\">T\/T, L\/C, Western Union, Money Gram, Paypal usw.<\/td>\n<\/tr>\n<tr>\n<td width=\"158\">Lieferzeit<\/td>\n<td width=\"591\">Probe 1\u20132 Tage, Auftragsproduktion 20\u201345 Tage, abh\u00e4ngig von den Auftragsdetails.<\/td>\n<\/tr>\n<tr>\n<td width=\"158\">Service<\/td>\n<td width=\"591\">OEM- und ODM-Service, Designservice, Komplettl\u00f6sung<\/td>\n<\/tr>\n<\/tbody>\n<\/table>\n<p>Als Profi <a href=\"https:\/\/glass-perfume-bottles.com\/de\/produkt\/glass-perfume-bottles\/\">Parf\u00fcmflasche aus Glas<\/a> Fabrik, wir haben verschiedene Formen und Kapazit\u00e4ten f\u00fcr Kunden hergestellt, akzeptieren Farbbeschichtung, Mattierung, Marmorbeschichtung, Beflockung usw. Wir k\u00f6nnen auch verschiedene Parf\u00fcmflaschenverpackungen wie Schachteln mit unterschiedlicher Gr\u00f6\u00dfe und aus unterschiedlichem Material liefern. Wie Kraftpapier, Pappe, Kunstdruckpapier, Wellpappe, beschichtetes Papier usw. und der Parf\u00fcmschachteldruck mit unterschiedlicher Technologie.<\/p>\n<p>&nbsp;<\/p>","protected":false},"excerpt":{"rendered":"<p>Als Profi <a href=\"https:\/\/glass-perfume-bottles.com\/de\/produkt\/glass-perfume-bottles\/\">Parf\u00fcmflasche aus Glas<\/a> Wir haben in der Fabrik Parf\u00fcmflaschen in verschiedenen Formen und Gr\u00f6\u00dfen hergestellt und akzeptieren Farbbeschichtung, Mattierung, Marmorierung, Beflockung usw. Wir k\u00f6nnen unseren Kunden auch verschiedene Parf\u00fcmflaschenverpackungen anbieten.<\/p>","protected":false},"featured_media":1868,"comment_status":"open","ping_status":"closed","template":"","meta":{"_kad_blocks_custom_css":"","_kad_blocks_head_custom_js":"","_kad_blocks_body_custom_js":"","_kad_blocks_footer_custom_js":"","_kad_post_transparent":"default","_kad_post_title":"","_kad_post_layout":"default","_kad_post_sidebar_id":"","_kad_post_content_style":"default","_kad_post_vertical_padding":"default","_kad_post_feature":"","_kad_post_feature_position":"","_kad_post_header":false,"_kad_post_footer":false,"_joinchat":{"telephone":"+8613813299086"}},"product_brand":[],"product_cat":[51],"product_tag":[69,70,68,67,66],"class_list":{"0":"post-1865","1":"product","2":"type-product","3":"status-publish","4":"has-post-thumbnail","6":"product_cat-glass-perfume-bottles","7":"product_tag-custom-glass-perfume-bottle-factory","8":"product_tag-custom-home-fragrance-oil-bottle","9":"product_tag-empty-perfume-srpay-bottle-manufacturer","10":"product_tag-square-glass-perfume-bottle-supplier","11":"product_tag-wholesale-glass-perfume-bottle","13":"first","14":"instock","15":"shipping-taxable","16":"product-type-simple","17":"entry","18":"content-bg","19":"loop-entry"},"yoast_head":"<!-- This site is optimized with the Yoast SEO Premium plugin v20.5 (Yoast SEO v24.2) - https:\/\/yoast.com\/wordpress\/plugins\/seo\/ -->\n<title>Wholesale 50ml 100ml Grey glass perfume bottle supplier<\/title>\n<meta name=\"description\" content=\"Wholesale glass spray perfume bottle made of crystal white glass,which have high quality and transparency,small quantity is possible\" \/>\n<meta name=\"robots\" content=\"index, follow, max-snippet:-1, max-image-preview:large, max-video-preview:-1\" \/>\n<link rel=\"canonical\" href=\"https:\/\/glass-perfume-bottles.com\/de\/produkt\/wholesale-50ml-100ml-grey-square-glass-perfume-bottle-supplier\/\" \/>\n<meta property=\"og:locale\" content=\"de_DE\" \/>\n<meta property=\"og:type\" content=\"article\" \/>\n<meta property=\"og:title\" content=\"Wholesale 50ml 100ml grey square glass perfume bottle\" \/>\n<meta property=\"og:description\" content=\"Wholesale glass spray perfume bottle made of crystal white glass,which have high quality and transparency,small quantity is possible\" \/>\n<meta property=\"og:url\" content=\"https:\/\/glass-perfume-bottles.com\/de\/produkt\/wholesale-50ml-100ml-grey-square-glass-perfume-bottle-supplier\/\" \/>\n<meta property=\"og:site_name\" content=\"HY GLASS\" \/>\n<meta property=\"article:modified_time\" content=\"2025-01-07T13:16:04+00:00\" \/>\n<meta property=\"og:image\" content=\"https:\/\/glass-perfume-bottles.com\/wp-content\/uploads\/2024\/12\/50ml-100ml-Grey-glass-perfume-bottle-with-lid1-1.jpg\" \/>\n\t<meta property=\"og:image:width\" content=\"720\" \/>\n\t<meta property=\"og:image:height\" content=\"720\" \/>\n\t<meta property=\"og:image:type\" content=\"image\/jpeg\" \/>\n<meta name=\"twitter:card\" content=\"summary_large_image\" \/>\n<meta name=\"twitter:label1\" content=\"Gesch\u00e4tzte Lesezeit\" \/>\n\t<meta name=\"twitter:data1\" content=\"1\u00a0Minute\" \/>\n<script type=\"application\/ld+json\" class=\"yoast-schema-graph\">{\"@context\":\"https:\/\/schema.org\",\"@graph\":[{\"@type\":\"WebPage\",\"@id\":\"https:\/\/glass-perfume-bottles.com\/product\/wholesale-50ml-100ml-grey-square-glass-perfume-bottle-supplier\/\",\"url\":\"https:\/\/glass-perfume-bottles.com\/product\/wholesale-50ml-100ml-grey-square-glass-perfume-bottle-supplier\/\",\"name\":\"Wholesale 50ml 100ml Grey glass perfume bottle supplier\",\"isPartOf\":{\"@id\":\"https:\/\/glass-perfume-bottles.com\/#website\"},\"primaryImageOfPage\":{\"@id\":\"https:\/\/glass-perfume-bottles.com\/product\/wholesale-50ml-100ml-grey-square-glass-perfume-bottle-supplier\/#primaryimage\"},\"image\":{\"@id\":\"https:\/\/glass-perfume-bottles.com\/product\/wholesale-50ml-100ml-grey-square-glass-perfume-bottle-supplier\/#primaryimage\"},\"thumbnailUrl\":\"https:\/\/glass-perfume-bottles.com\/wp-content\/uploads\/2024\/12\/50ml-100ml-Grey-glass-perfume-bottle-with-lid1-1.jpg\",\"datePublished\":\"2024-12-23T12:32:25+00:00\",\"dateModified\":\"2025-01-07T13:16:04+00:00\",\"description\":\"Wholesale glass spray perfume bottle made of crystal white glass,which have high quality and transparency,small quantity is possible\",\"breadcrumb\":{\"@id\":\"https:\/\/glass-perfume-bottles.com\/product\/wholesale-50ml-100ml-grey-square-glass-perfume-bottle-supplier\/#breadcrumb\"},\"inLanguage\":\"de\",\"potentialAction\":[{\"@type\":\"ReadAction\",\"target\":[\"https:\/\/glass-perfume-bottles.com\/product\/wholesale-50ml-100ml-grey-square-glass-perfume-bottle-supplier\/\"]}]},{\"@type\":\"ImageObject\",\"inLanguage\":\"de\",\"@id\":\"https:\/\/glass-perfume-bottles.com\/product\/wholesale-50ml-100ml-grey-square-glass-perfume-bottle-supplier\/#primaryimage\",\"url\":\"https:\/\/glass-perfume-bottles.com\/wp-content\/uploads\/2024\/12\/50ml-100ml-Grey-glass-perfume-bottle-with-lid1-1.jpg\",\"contentUrl\":\"https:\/\/glass-perfume-bottles.com\/wp-content\/uploads\/2024\/12\/50ml-100ml-Grey-glass-perfume-bottle-with-lid1-1.jpg\",\"width\":720,\"height\":720,\"caption\":\"Wholesale 50ml 100ml Grey glass perfume bottle supplier\"},{\"@type\":\"BreadcrumbList\",\"@id\":\"https:\/\/glass-perfume-bottles.com\/product\/wholesale-50ml-100ml-grey-square-glass-perfume-bottle-supplier\/#breadcrumb\",\"itemListElement\":[{\"@type\":\"ListItem\",\"position\":1,\"name\":\"Home\",\"item\":\"https:\/\/glass-perfume-bottles.com\/\"},{\"@type\":\"ListItem\",\"position\":2,\"name\":\"Product\",\"item\":\"https:\/\/glass-perfume-bottles.com\/custom-made-perfume-bottle-suppliers-and-wholesale\/\"},{\"@type\":\"ListItem\",\"position\":3,\"name\":\"Wholesale 50ml 100ml grey square glass perfume bottle\"}]},{\"@type\":\"WebSite\",\"@id\":\"https:\/\/glass-perfume-bottles.com\/#website\",\"url\":\"https:\/\/glass-perfume-bottles.com\/\",\"name\":\"HY GLASS\",\"description\":\"glass perfume bottle manufacturers &amp; suppliers, aroma reed diffuser bottle wholesale &amp; suppliers\",\"publisher\":{\"@id\":\"https:\/\/glass-perfume-bottles.com\/#organization\"},\"potentialAction\":[{\"@type\":\"SearchAction\",\"target\":{\"@type\":\"EntryPoint\",\"urlTemplate\":\"https:\/\/glass-perfume-bottles.com\/?s={search_term_string}\"},\"query-input\":{\"@type\":\"PropertyValueSpecification\",\"valueRequired\":true,\"valueName\":\"search_term_string\"}}],\"inLanguage\":\"de\"},{\"@type\":\"Organization\",\"@id\":\"https:\/\/glass-perfume-bottles.com\/#organization\",\"name\":\"HY GLASS\",\"url\":\"https:\/\/glass-perfume-bottles.com\/\",\"logo\":{\"@type\":\"ImageObject\",\"inLanguage\":\"de\",\"@id\":\"https:\/\/glass-perfume-bottles.com\/#\/schema\/logo\/image\/\",\"url\":\"https:\/\/glass-perfume-bottles.com\/wp-content\/uploads\/2023\/09\/logo21.png\",\"contentUrl\":\"https:\/\/glass-perfume-bottles.com\/wp-content\/uploads\/2023\/09\/logo21.png\",\"width\":342,\"height\":268,\"caption\":\"HY GLASS\"},\"image\":{\"@id\":\"https:\/\/glass-perfume-bottles.com\/#\/schema\/logo\/image\/\"}}]}<\/script>\n<!-- \/ Yoast SEO Premium plugin. -->","yoast_head_json":{"title":"Wholesale 50ml 100ml Grey glass perfume bottle supplier","description":"Wholesale glass spray perfume bottle made of crystal white glass,which have high quality and transparency,small quantity is possible","robots":{"index":"index","follow":"follow","max-snippet":"max-snippet:-1","max-image-preview":"max-image-preview:large","max-video-preview":"max-video-preview:-1"},"canonical":"https:\/\/glass-perfume-bottles.com\/de\/produkt\/wholesale-50ml-100ml-grey-square-glass-perfume-bottle-supplier\/","og_locale":"de_DE","og_type":"article","og_title":"Wholesale 50ml 100ml grey square glass perfume bottle","og_description":"Wholesale glass spray perfume bottle made of crystal white glass,which have high quality and transparency,small quantity is possible","og_url":"https:\/\/glass-perfume-bottles.com\/de\/produkt\/wholesale-50ml-100ml-grey-square-glass-perfume-bottle-supplier\/","og_site_name":"HY GLASS","article_modified_time":"2025-01-07T13:16:04+00:00","og_image":[{"width":720,"height":720,"url":"https:\/\/glass-perfume-bottles.com\/wp-content\/uploads\/2024\/12\/50ml-100ml-Grey-glass-perfume-bottle-with-lid1-1.jpg","type":"image\/jpeg"}],"twitter_card":"summary_large_image","twitter_misc":{"Gesch\u00e4tzte Lesezeit":"1\u00a0Minute"},"schema":{"@context":"https:\/\/schema.org","@graph":[{"@type":"WebPage","@id":"https:\/\/glass-perfume-bottles.com\/product\/wholesale-50ml-100ml-grey-square-glass-perfume-bottle-supplier\/","url":"https:\/\/glass-perfume-bottles.com\/product\/wholesale-50ml-100ml-grey-square-glass-perfume-bottle-supplier\/","name":"Wholesale 50ml 100ml Grey glass perfume bottle supplier","isPartOf":{"@id":"https:\/\/glass-perfume-bottles.com\/#website"},"primaryImageOfPage":{"@id":"https:\/\/glass-perfume-bottles.com\/product\/wholesale-50ml-100ml-grey-square-glass-perfume-bottle-supplier\/#primaryimage"},"image":{"@id":"https:\/\/glass-perfume-bottles.com\/product\/wholesale-50ml-100ml-grey-square-glass-perfume-bottle-supplier\/#primaryimage"},"thumbnailUrl":"https:\/\/glass-perfume-bottles.com\/wp-content\/uploads\/2024\/12\/50ml-100ml-Grey-glass-perfume-bottle-with-lid1-1.jpg","datePublished":"2024-12-23T12:32:25+00:00","dateModified":"2025-01-07T13:16:04+00:00","description":"Wholesale glass spray perfume bottle made of crystal white glass,which have high quality and transparency,small quantity is possible","breadcrumb":{"@id":"https:\/\/glass-perfume-bottles.com\/product\/wholesale-50ml-100ml-grey-square-glass-perfume-bottle-supplier\/#breadcrumb"},"inLanguage":"de","potentialAction":[{"@type":"ReadAction","target":["https:\/\/glass-perfume-bottles.com\/product\/wholesale-50ml-100ml-grey-square-glass-perfume-bottle-supplier\/"]}]},{"@type":"ImageObject","inLanguage":"de","@id":"https:\/\/glass-perfume-bottles.com\/product\/wholesale-50ml-100ml-grey-square-glass-perfume-bottle-supplier\/#primaryimage","url":"https:\/\/glass-perfume-bottles.com\/wp-content\/uploads\/2024\/12\/50ml-100ml-Grey-glass-perfume-bottle-with-lid1-1.jpg","contentUrl":"https:\/\/glass-perfume-bottles.com\/wp-content\/uploads\/2024\/12\/50ml-100ml-Grey-glass-perfume-bottle-with-lid1-1.jpg","width":720,"height":720,"caption":"Wholesale 50ml 100ml Grey glass perfume bottle supplier"},{"@type":"BreadcrumbList","@id":"https:\/\/glass-perfume-bottles.com\/product\/wholesale-50ml-100ml-grey-square-glass-perfume-bottle-supplier\/#breadcrumb","itemListElement":[{"@type":"ListItem","position":1,"name":"Home","item":"https:\/\/glass-perfume-bottles.com\/"},{"@type":"ListItem","position":2,"name":"Product","item":"https:\/\/glass-perfume-bottles.com\/custom-made-perfume-bottle-suppliers-and-wholesale\/"},{"@type":"ListItem","position":3,"name":"Wholesale 50ml 100ml grey square glass perfume bottle"}]},{"@type":"WebSite","@id":"https:\/\/glass-perfume-bottles.com\/#website","url":"https:\/\/glass-perfume-bottles.com\/","name":"HY GLASS","description":"glass perfume bottle manufacturers &amp; suppliers, aroma reed diffuser bottle wholesale &amp; suppliers","publisher":{"@id":"https:\/\/glass-perfume-bottles.com\/#organization"},"potentialAction":[{"@type":"SearchAction","target":{"@type":"EntryPoint","urlTemplate":"https:\/\/glass-perfume-bottles.com\/?s={search_term_string}"},"query-input":{"@type":"PropertyValueSpecification","valueRequired":true,"valueName":"search_term_string"}}],"inLanguage":"de"},{"@type":"Organization","@id":"https:\/\/glass-perfume-bottles.com\/#organization","name":"HY GLASS","url":"https:\/\/glass-perfume-bottles.com\/","logo":{"@type":"ImageObject","inLanguage":"de","@id":"https:\/\/glass-perfume-bottles.com\/#\/schema\/logo\/image\/","url":"https:\/\/glass-perfume-bottles.com\/wp-content\/uploads\/2023\/09\/logo21.png","contentUrl":"https:\/\/glass-perfume-bottles.com\/wp-content\/uploads\/2023\/09\/logo21.png","width":342,"height":268,"caption":"HY GLASS"},"image":{"@id":"https:\/\/glass-perfume-bottles.com\/#\/schema\/logo\/image\/"}}]}},"taxonomy_info":{"product_cat":[{"value":51,"label":"Glass Perfume Bottle"}],"product_tag":[{"value":69,"label":"Custom glass perfume bottle factory"},{"value":70,"label":"Custom home fragrance oil bottle"},{"value":68,"label":"Empty perfume srpay bottle manufacturer"},{"value":67,"label":"Square glass perfume bottle supplier"},{"value":66,"label":"Wholesale glass perfume bottle"}]},"featured_image_src_large":["https:\/\/glass-perfume-bottles.com\/wp-content\/uploads\/2024\/12\/50ml-100ml-Grey-glass-perfume-bottle-with-lid1-1.jpg",720,720,false],"author_info":[],"comment_info":0,"_links":{"self":[{"href":"https:\/\/glass-perfume-bottles.com\/de\/wp-json\/wp\/v2\/product\/1865","targetHints":{"allow":["GET"]}}],"collection":[{"href":"https:\/\/glass-perfume-bottles.com\/de\/wp-json\/wp\/v2\/product"}],"about":[{"href":"https:\/\/glass-perfume-bottles.com\/de\/wp-json\/wp\/v2\/types\/product"}],"replies":[{"embeddable":true,"href":"https:\/\/glass-perfume-bottles.com\/de\/wp-json\/wp\/v2\/comments?post=1865"}],"wp:featuredmedia":[{"embeddable":true,"href":"https:\/\/glass-perfume-bottles.com\/de\/wp-json\/wp\/v2\/media\/1868"}],"wp:attachment":[{"href":"https:\/\/glass-perfume-bottles.com\/de\/wp-json\/wp\/v2\/media?parent=1865"}],"wp:term":[{"taxonomy":"product_brand","embeddable":true,"href":"https:\/\/glass-perfume-bottles.com\/de\/wp-json\/wp\/v2\/product_brand?post=1865"},{"taxonomy":"product_cat","embeddable":true,"href":"https:\/\/glass-perfume-bottles.com\/de\/wp-json\/wp\/v2\/product_cat?post=1865"},{"taxonomy":"product_tag","embeddable":true,"href":"https:\/\/glass-perfume-bottles.com\/de\/wp-json\/wp\/v2\/product_tag?post=1865"}],"curies":[{"name":"wp","href":"https:\/\/api.w.org\/{rel}","templated":true}]}}