{"id":2006,"date":"2025-01-08T15:28:55","date_gmt":"2025-01-08T15:28:55","guid":{"rendered":"https:\/\/glass-perfume-bottles.com\/?post_type=product&#038;p=2006"},"modified":"2025-01-11T14:47:15","modified_gmt":"2025-01-11T14:47:15","slug":"10ml-glass-tube-spray-perfume-bottle-with-custom-box","status":"publish","type":"product","link":"https:\/\/glass-perfume-bottles.com\/de\/produkt\/10ml-glass-tube-spray-perfume-bottle-with-custom-box\/","title":{"rendered":"10ml Parf\u00fcmflasche mit Glasr\u00f6hrchenspray und individueller Box"},"content":{"rendered":"<table>\n<tbody>\n<tr>\n<td width=\"158\">Produktname<\/td>\n<td width=\"591\">10ml Parf\u00fcmflasche mit Glasr\u00f6hrchenspray und individueller Box<\/td>\n<\/tr>\n<tr>\n<td width=\"158\">Kapazit\u00e4t<\/td>\n<td width=\"591\">10 ml (andere Gr\u00f6\u00dfen erh\u00e4ltlich)<\/td>\n<\/tr>\n<tr>\n<td width=\"158\">Gr\u00f6\u00dfe<\/td>\n<td width=\"591\">\u00a010 ml: 14 x 95 mm<\/td>\n<\/tr>\n<tr>\n<td width=\"158\">Gewicht<\/td>\n<td width=\"591\">9 g<\/td>\n<\/tr>\n<tr>\n<td width=\"158\">Material<\/td>\n<td width=\"591\">Niedriger Borosilikatgehalt<\/td>\n<\/tr>\n<tr>\n<td width=\"158\">Geh\u00e4usefarbe<\/td>\n<td width=\"591\">Rot, schwarz, blau, mattiert, gr\u00fcn, rosa oder individuelle Farbe<\/td>\n<\/tr>\n<tr>\n<td width=\"158\">Oberfl\u00e4chenbehandlung<\/td>\n<td width=\"591\">\n<ol>\n<li>Siebdruck<\/li>\n<li>Hei\u00dfpr\u00e4gen<\/li>\n<li>Mattiert<\/li>\n<li>\u00a0Abziehbild<\/li>\n<li>\u00a0Beflockung<\/li>\n<li>Beschriftung<\/li>\n<li>Farbmalerei oder individuell nach Ihren Anforderungen<\/li>\n<\/ol>\n<\/td>\n<\/tr>\n<tr>\n<td width=\"158\">Verwendung<\/td>\n<td width=\"591\">\u00a0Verpackung Aromatherapie\u00f6l\/\u00e4therisches \u00d6l\/Deodorant\/Lufterfrischer\/Parf\u00fcm\/Serum\/\u00e4therisches \u00d6l\/Toner<\/td>\n<\/tr>\n<tr>\n<td width=\"158\">Verpackung<\/td>\n<td width=\"591\">Exportkarton dann Sperrholzpalette,<\/td>\n<\/tr>\n<tr>\n<td width=\"158\">Mindestbestellmenge<\/td>\n<td width=\"591\">2.000 St\u00fcck (da es ein individuelles Design gibt)<\/td>\n<\/tr>\n<tr>\n<td width=\"158\">Probe<\/td>\n<td width=\"591\">Kostenlose Probe, Frachtkosten erforderlich.<\/td>\n<\/tr>\n<tr>\n<td width=\"158\">Transport<\/td>\n<td width=\"591\">FedEx\/DHL\/EMS\/UPS\/TNT\/auf dem Seeweg\/auf dem Luftweg usw.<\/td>\n<\/tr>\n<tr>\n<td width=\"158\">Zahlungsweise<\/td>\n<td width=\"591\">T\/T, L\/C, Western Union, Money Gram, Paypal usw.<\/td>\n<\/tr>\n<tr>\n<td width=\"158\">Lieferzeit<\/td>\n<td width=\"591\">Probe 1\u20132 Tage, Auftragsproduktion 20\u201345 Tage, abh\u00e4ngig von den Auftragsdetails.<\/td>\n<\/tr>\n<tr>\n<td width=\"158\">Service<\/td>\n<td width=\"591\">OEM- und ODM-Service, Designservice, Komplettl\u00f6sung<\/td>\n<\/tr>\n<\/tbody>\n<\/table>\n<p>&nbsp;<\/p>\n<p>10 ml <a href=\"https:\/\/glass-perfume-bottles.com\/de\/produkt\/custom-100ml-inner-spray-color-glass-perfume-bottle-factory\/\">Parf\u00fcm-Spr\u00fchflasche aus Glas<\/a> mit kundenspezifischer Box, Parf\u00fcmflasche aus Borosilikat mit niedrigem Gehalt, die von hoher Qualit\u00e4t und Transparenz ist. Wir k\u00f6nnen 3 ml bis 10 ml f\u00fcr den Kunden produzieren, Mini-Kapazit\u00e4t leicht zu tragen, akzeptieren kundenspezifischen Siebdruck, Hei\u00dfpr\u00e4gung, Marmorbeschichtung, Beflockung usw., kleine Mengen sind m\u00f6glich.<\/p>\n<p>Als Profi <a href=\"https:\/\/glass-perfume-bottles.com\/de\/produkt\/wholesale-clear-100ml-glass-perfume-bottle-factory\/\">Parf\u00fcmflasche aus Glas<\/a> Fabrik, wir haben verschiedene Formen und Kapazit\u00e4ten f\u00fcr Kunden hergestellt, wir k\u00f6nnen auch verschiedene Parf\u00fcmflaschenverpackungen wie Schachteln mit unterschiedlicher Gr\u00f6\u00dfe und aus unterschiedlichem Material liefern. Wie Kraftpapier, Pappe, Kunstdruckpapier, Wellpappe, beschichtetes Papier usw. und der Parf\u00fcmschachteldruck mit unterschiedlicher Technologie.<\/p>\n<p>Dank unserer professionellen Produktionslinie und unseres Designteams k\u00f6nnen wir dem Kunden erstklassigen Service und stabile Produkte bieten. Senden Sie uns gerne eine Anfrage, wir freuen uns auf Sie.<\/p>","protected":false},"excerpt":{"rendered":"<p>Dank unserer professionellen Produktionslinie und unseres Designteams k\u00f6nnen wir dem Kunden erstklassigen Service und stabile Produkte bieten. Senden Sie uns gerne eine Anfrage, wir freuen uns auf Sie.<\/p>","protected":false},"featured_media":2007,"comment_status":"open","ping_status":"closed","template":"","meta":{"_kad_blocks_custom_css":"","_kad_blocks_head_custom_js":"","_kad_blocks_body_custom_js":"","_kad_blocks_footer_custom_js":"","_kad_post_transparent":"default","_kad_post_title":"","_kad_post_layout":"default","_kad_post_sidebar_id":"","_kad_post_content_style":"default","_kad_post_vertical_padding":"default","_kad_post_feature":"","_kad_post_feature_position":"","_kad_post_header":false,"_kad_post_footer":false,"_joinchat":{"telephone":"+8613813299086"}},"product_brand":[],"product_cat":[51],"product_tag":[89,87,88,86,66],"class_list":{"0":"post-2006","1":"product","2":"type-product","3":"status-publish","4":"has-post-thumbnail","6":"product_cat-glass-perfume-bottles","7":"product_tag-custmom-tube-perfume-bottle-manufacturer","8":"product_tag-empty-glass-perfume-bottle-factory","9":"product_tag-test-spray-perfume-bottle-with-box","10":"product_tag-tube-spray-perfume-bottle-supplier","11":"product_tag-wholesale-glass-perfume-bottle","13":"first","14":"instock","15":"shipping-taxable","16":"product-type-simple","17":"entry","18":"content-bg","19":"loop-entry"},"yoast_head":"<!-- This site is optimized with the Yoast SEO Premium plugin v20.5 (Yoast SEO v24.2) - https:\/\/yoast.com\/wordpress\/plugins\/seo\/ -->\n<title>10ml Glass tube spray perfume bottle with custom box<\/title>\n<meta name=\"description\" content=\"Have professional production line and design team we can provide first-rate service and stable product for client,welcome send inquiry to us,\" \/>\n<meta name=\"robots\" content=\"index, follow, max-snippet:-1, max-image-preview:large, max-video-preview:-1\" \/>\n<link rel=\"canonical\" href=\"https:\/\/glass-perfume-bottles.com\/de\/produit\/10ml-glass-tube-spray-perfume-bottle-with-custom-box\/\" \/>\n<meta property=\"og:locale\" content=\"de_DE\" \/>\n<meta property=\"og:type\" content=\"article\" \/>\n<meta property=\"og:title\" content=\"10ml Glass tube spray perfume bottle with custom box\" \/>\n<meta property=\"og:description\" content=\"Have professional production line and design team we can provide first-rate service and stable product for client,welcome send inquiry to us,\" \/>\n<meta property=\"og:url\" content=\"https:\/\/glass-perfume-bottles.com\/de\/produit\/10ml-glass-tube-spray-perfume-bottle-with-custom-box\/\" \/>\n<meta property=\"og:site_name\" content=\"HY GLASS\" \/>\n<meta property=\"article:modified_time\" content=\"2025-01-11T14:47:15+00:00\" \/>\n<meta property=\"og:image\" content=\"https:\/\/glass-perfume-bottles.com\/wp-content\/uploads\/2025\/01\/10ml-Glass-tube-spray-perfume-bottle-with-custom-box.jpg\" \/>\n\t<meta property=\"og:image:width\" content=\"720\" \/>\n\t<meta property=\"og:image:height\" content=\"720\" \/>\n\t<meta property=\"og:image:type\" content=\"image\/jpeg\" \/>\n<meta name=\"twitter:card\" content=\"summary_large_image\" \/>\n<meta name=\"twitter:label1\" content=\"Gesch\u00e4tzte Lesezeit\" \/>\n\t<meta name=\"twitter:data1\" content=\"1\u00a0Minute\" \/>\n<script type=\"application\/ld+json\" class=\"yoast-schema-graph\">{\"@context\":\"https:\/\/schema.org\",\"@graph\":[{\"@type\":\"WebPage\",\"@id\":\"https:\/\/glass-perfume-bottles.com\/fr\/produit\/10ml-glass-tube-spray-perfume-bottle-with-custom-box\/\",\"url\":\"https:\/\/glass-perfume-bottles.com\/fr\/produit\/10ml-glass-tube-spray-perfume-bottle-with-custom-box\/\",\"name\":\"10ml Glass tube spray perfume bottle with custom box\",\"isPartOf\":{\"@id\":\"https:\/\/glass-perfume-bottles.com\/#website\"},\"primaryImageOfPage\":{\"@id\":\"https:\/\/glass-perfume-bottles.com\/fr\/produit\/10ml-glass-tube-spray-perfume-bottle-with-custom-box\/#primaryimage\"},\"image\":{\"@id\":\"https:\/\/glass-perfume-bottles.com\/fr\/produit\/10ml-glass-tube-spray-perfume-bottle-with-custom-box\/#primaryimage\"},\"thumbnailUrl\":\"https:\/\/glass-perfume-bottles.com\/wp-content\/uploads\/2025\/01\/10ml-Glass-tube-spray-perfume-bottle-with-custom-box.jpg\",\"datePublished\":\"2025-01-08T15:28:55+00:00\",\"dateModified\":\"2025-01-11T14:47:15+00:00\",\"description\":\"Have professional production line and design team we can provide first-rate service and stable product for client,welcome send inquiry to us,\",\"breadcrumb\":{\"@id\":\"https:\/\/glass-perfume-bottles.com\/fr\/produit\/10ml-glass-tube-spray-perfume-bottle-with-custom-box\/#breadcrumb\"},\"inLanguage\":\"de\",\"potentialAction\":[{\"@type\":\"ReadAction\",\"target\":[\"https:\/\/glass-perfume-bottles.com\/fr\/produit\/10ml-glass-tube-spray-perfume-bottle-with-custom-box\/\"]}]},{\"@type\":\"ImageObject\",\"inLanguage\":\"de\",\"@id\":\"https:\/\/glass-perfume-bottles.com\/fr\/produit\/10ml-glass-tube-spray-perfume-bottle-with-custom-box\/#primaryimage\",\"url\":\"https:\/\/glass-perfume-bottles.com\/wp-content\/uploads\/2025\/01\/10ml-Glass-tube-spray-perfume-bottle-with-custom-box.jpg\",\"contentUrl\":\"https:\/\/glass-perfume-bottles.com\/wp-content\/uploads\/2025\/01\/10ml-Glass-tube-spray-perfume-bottle-with-custom-box.jpg\",\"width\":720,\"height\":720,\"caption\":\"10ml Glass tube spray perfume bottle with custom box\"},{\"@type\":\"BreadcrumbList\",\"@id\":\"https:\/\/glass-perfume-bottles.com\/fr\/produit\/10ml-glass-tube-spray-perfume-bottle-with-custom-box\/#breadcrumb\",\"itemListElement\":[{\"@type\":\"ListItem\",\"position\":1,\"name\":\"Home\",\"item\":\"https:\/\/glass-perfume-bottles.com\/\"},{\"@type\":\"ListItem\",\"position\":2,\"name\":\"Product\",\"item\":\"https:\/\/glass-perfume-bottles.com\/custom-made-perfume-bottle-suppliers-and-wholesale\/\"},{\"@type\":\"ListItem\",\"position\":3,\"name\":\"10ml Glass tube spray perfume bottle with custom box\"}]},{\"@type\":\"WebSite\",\"@id\":\"https:\/\/glass-perfume-bottles.com\/#website\",\"url\":\"https:\/\/glass-perfume-bottles.com\/\",\"name\":\"HY GLASS\",\"description\":\"glass perfume bottle manufacturers &amp; suppliers, aroma reed diffuser bottle wholesale &amp; suppliers\",\"publisher\":{\"@id\":\"https:\/\/glass-perfume-bottles.com\/#organization\"},\"potentialAction\":[{\"@type\":\"SearchAction\",\"target\":{\"@type\":\"EntryPoint\",\"urlTemplate\":\"https:\/\/glass-perfume-bottles.com\/?s={search_term_string}\"},\"query-input\":{\"@type\":\"PropertyValueSpecification\",\"valueRequired\":true,\"valueName\":\"search_term_string\"}}],\"inLanguage\":\"de\"},{\"@type\":\"Organization\",\"@id\":\"https:\/\/glass-perfume-bottles.com\/#organization\",\"name\":\"HY GLASS\",\"url\":\"https:\/\/glass-perfume-bottles.com\/\",\"logo\":{\"@type\":\"ImageObject\",\"inLanguage\":\"de\",\"@id\":\"https:\/\/glass-perfume-bottles.com\/#\/schema\/logo\/image\/\",\"url\":\"https:\/\/glass-perfume-bottles.com\/wp-content\/uploads\/2023\/09\/logo21.png\",\"contentUrl\":\"https:\/\/glass-perfume-bottles.com\/wp-content\/uploads\/2023\/09\/logo21.png\",\"width\":342,\"height\":268,\"caption\":\"HY GLASS\"},\"image\":{\"@id\":\"https:\/\/glass-perfume-bottles.com\/#\/schema\/logo\/image\/\"}}]}<\/script>\n<!-- \/ Yoast SEO Premium plugin. -->","yoast_head_json":{"title":"10ml Glass tube spray perfume bottle with custom box","description":"Have professional production line and design team we can provide first-rate service and stable product for client,welcome send inquiry to us,","robots":{"index":"index","follow":"follow","max-snippet":"max-snippet:-1","max-image-preview":"max-image-preview:large","max-video-preview":"max-video-preview:-1"},"canonical":"https:\/\/glass-perfume-bottles.com\/de\/produit\/10ml-glass-tube-spray-perfume-bottle-with-custom-box\/","og_locale":"de_DE","og_type":"article","og_title":"10ml Glass tube spray perfume bottle with custom box","og_description":"Have professional production line and design team we can provide first-rate service and stable product for client,welcome send inquiry to us,","og_url":"https:\/\/glass-perfume-bottles.com\/de\/produit\/10ml-glass-tube-spray-perfume-bottle-with-custom-box\/","og_site_name":"HY GLASS","article_modified_time":"2025-01-11T14:47:15+00:00","og_image":[{"width":720,"height":720,"url":"https:\/\/glass-perfume-bottles.com\/wp-content\/uploads\/2025\/01\/10ml-Glass-tube-spray-perfume-bottle-with-custom-box.jpg","type":"image\/jpeg"}],"twitter_card":"summary_large_image","twitter_misc":{"Gesch\u00e4tzte Lesezeit":"1\u00a0Minute"},"schema":{"@context":"https:\/\/schema.org","@graph":[{"@type":"WebPage","@id":"https:\/\/glass-perfume-bottles.com\/fr\/produit\/10ml-glass-tube-spray-perfume-bottle-with-custom-box\/","url":"https:\/\/glass-perfume-bottles.com\/fr\/produit\/10ml-glass-tube-spray-perfume-bottle-with-custom-box\/","name":"10ml Glass tube spray perfume bottle with custom box","isPartOf":{"@id":"https:\/\/glass-perfume-bottles.com\/#website"},"primaryImageOfPage":{"@id":"https:\/\/glass-perfume-bottles.com\/fr\/produit\/10ml-glass-tube-spray-perfume-bottle-with-custom-box\/#primaryimage"},"image":{"@id":"https:\/\/glass-perfume-bottles.com\/fr\/produit\/10ml-glass-tube-spray-perfume-bottle-with-custom-box\/#primaryimage"},"thumbnailUrl":"https:\/\/glass-perfume-bottles.com\/wp-content\/uploads\/2025\/01\/10ml-Glass-tube-spray-perfume-bottle-with-custom-box.jpg","datePublished":"2025-01-08T15:28:55+00:00","dateModified":"2025-01-11T14:47:15+00:00","description":"Have professional production line and design team we can provide first-rate service and stable product for client,welcome send inquiry to us,","breadcrumb":{"@id":"https:\/\/glass-perfume-bottles.com\/fr\/produit\/10ml-glass-tube-spray-perfume-bottle-with-custom-box\/#breadcrumb"},"inLanguage":"de","potentialAction":[{"@type":"ReadAction","target":["https:\/\/glass-perfume-bottles.com\/fr\/produit\/10ml-glass-tube-spray-perfume-bottle-with-custom-box\/"]}]},{"@type":"ImageObject","inLanguage":"de","@id":"https:\/\/glass-perfume-bottles.com\/fr\/produit\/10ml-glass-tube-spray-perfume-bottle-with-custom-box\/#primaryimage","url":"https:\/\/glass-perfume-bottles.com\/wp-content\/uploads\/2025\/01\/10ml-Glass-tube-spray-perfume-bottle-with-custom-box.jpg","contentUrl":"https:\/\/glass-perfume-bottles.com\/wp-content\/uploads\/2025\/01\/10ml-Glass-tube-spray-perfume-bottle-with-custom-box.jpg","width":720,"height":720,"caption":"10ml Glass tube spray perfume bottle with custom box"},{"@type":"BreadcrumbList","@id":"https:\/\/glass-perfume-bottles.com\/fr\/produit\/10ml-glass-tube-spray-perfume-bottle-with-custom-box\/#breadcrumb","itemListElement":[{"@type":"ListItem","position":1,"name":"Home","item":"https:\/\/glass-perfume-bottles.com\/"},{"@type":"ListItem","position":2,"name":"Product","item":"https:\/\/glass-perfume-bottles.com\/custom-made-perfume-bottle-suppliers-and-wholesale\/"},{"@type":"ListItem","position":3,"name":"10ml Glass tube spray perfume bottle with custom box"}]},{"@type":"WebSite","@id":"https:\/\/glass-perfume-bottles.com\/#website","url":"https:\/\/glass-perfume-bottles.com\/","name":"HY GLASS","description":"glass perfume bottle manufacturers &amp; suppliers, aroma reed diffuser bottle wholesale &amp; suppliers","publisher":{"@id":"https:\/\/glass-perfume-bottles.com\/#organization"},"potentialAction":[{"@type":"SearchAction","target":{"@type":"EntryPoint","urlTemplate":"https:\/\/glass-perfume-bottles.com\/?s={search_term_string}"},"query-input":{"@type":"PropertyValueSpecification","valueRequired":true,"valueName":"search_term_string"}}],"inLanguage":"de"},{"@type":"Organization","@id":"https:\/\/glass-perfume-bottles.com\/#organization","name":"HY GLASS","url":"https:\/\/glass-perfume-bottles.com\/","logo":{"@type":"ImageObject","inLanguage":"de","@id":"https:\/\/glass-perfume-bottles.com\/#\/schema\/logo\/image\/","url":"https:\/\/glass-perfume-bottles.com\/wp-content\/uploads\/2023\/09\/logo21.png","contentUrl":"https:\/\/glass-perfume-bottles.com\/wp-content\/uploads\/2023\/09\/logo21.png","width":342,"height":268,"caption":"HY GLASS"},"image":{"@id":"https:\/\/glass-perfume-bottles.com\/#\/schema\/logo\/image\/"}}]}},"taxonomy_info":{"product_cat":[{"value":51,"label":"Glass Perfume Bottle"}],"product_tag":[{"value":89,"label":"Custmom tube perfume bottle manufacturer"},{"value":87,"label":"Empty glass perfume bottle factory"},{"value":88,"label":"Test spray perfume bottle with box"},{"value":86,"label":"Tube spray perfume bottle supplier"},{"value":66,"label":"Wholesale glass perfume bottle"}]},"featured_image_src_large":["https:\/\/glass-perfume-bottles.com\/wp-content\/uploads\/2025\/01\/10ml-Glass-tube-spray-perfume-bottle-with-custom-box.jpg",720,720,false],"author_info":[],"comment_info":0,"_links":{"self":[{"href":"https:\/\/glass-perfume-bottles.com\/de\/wp-json\/wp\/v2\/product\/2006","targetHints":{"allow":["GET"]}}],"collection":[{"href":"https:\/\/glass-perfume-bottles.com\/de\/wp-json\/wp\/v2\/product"}],"about":[{"href":"https:\/\/glass-perfume-bottles.com\/de\/wp-json\/wp\/v2\/types\/product"}],"replies":[{"embeddable":true,"href":"https:\/\/glass-perfume-bottles.com\/de\/wp-json\/wp\/v2\/comments?post=2006"}],"wp:featuredmedia":[{"embeddable":true,"href":"https:\/\/glass-perfume-bottles.com\/de\/wp-json\/wp\/v2\/media\/2007"}],"wp:attachment":[{"href":"https:\/\/glass-perfume-bottles.com\/de\/wp-json\/wp\/v2\/media?parent=2006"}],"wp:term":[{"taxonomy":"product_brand","embeddable":true,"href":"https:\/\/glass-perfume-bottles.com\/de\/wp-json\/wp\/v2\/product_brand?post=2006"},{"taxonomy":"product_cat","embeddable":true,"href":"https:\/\/glass-perfume-bottles.com\/de\/wp-json\/wp\/v2\/product_cat?post=2006"},{"taxonomy":"product_tag","embeddable":true,"href":"https:\/\/glass-perfume-bottles.com\/de\/wp-json\/wp\/v2\/product_tag?post=2006"}],"curies":[{"name":"wp","href":"https:\/\/api.w.org\/{rel}","templated":true}]}}