{"id":2019,"date":"2025-01-11T03:39:30","date_gmt":"2025-01-11T03:39:30","guid":{"rendered":"https:\/\/glass-perfume-bottles.com\/?post_type=product&#038;p=2019"},"modified":"2025-01-11T14:45:47","modified_gmt":"2025-01-11T14:45:47","slug":"wholesale-10ml-glass-spray-perfume-bottle-with-wooden-lid","status":"publish","type":"product","link":"https:\/\/glass-perfume-bottles.com\/de\/produkt\/wholesale-10ml-glass-spray-perfume-bottle-with-wooden-lid\/","title":{"rendered":"Kundenspezifische 10ml Parf\u00fcmspr\u00fchflasche aus Glas mit Holzdeckel"},"content":{"rendered":"<table>\n<tbody>\n<tr>\n<td width=\"158\">Produktname<\/td>\n<td width=\"591\">10ml Glas-Parf\u00fcm-Spr\u00fchflasche mit Holzdeckel<\/td>\n<\/tr>\n<tr>\n<td width=\"158\">Kapazit\u00e4t<\/td>\n<td width=\"591\">10 ml (andere Gr\u00f6\u00dfen erh\u00e4ltlich)<\/td>\n<\/tr>\n<tr>\n<td width=\"158\">Gr\u00f6\u00dfe<\/td>\n<td width=\"591\">\u00a0 <strong>Runde Gr\u00f6\u00dfe<\/strong>:1,7\u00d711,7 cm\u00a0 <strong>\u00a0<\/strong><strong>Quadratische Gr\u00f6\u00dfe<\/strong>:1,7 x 11 cm 1,9 x 11 cm<\/td>\n<\/tr>\n<tr>\n<td width=\"158\">Mund<\/td>\n<td width=\"591\">15 mm Crimp<span style=\"font-family: inherit; font-size: inherit;\"> Mund<\/span><\/td>\n<\/tr>\n<tr>\n<td width=\"158\">Material<\/td>\n<td width=\"591\">Hohes wei\u00dfes Glas<\/td>\n<\/tr>\n<tr>\n<td width=\"158\">Geh\u00e4usefarbe<\/td>\n<td width=\"591\">Rot, schwarz, blau, mattiert, gr\u00fcn, rosa oder individuelle Farbe<\/td>\n<\/tr>\n<tr>\n<td width=\"158\">Oberfl\u00e4chenbehandlung<\/td>\n<td width=\"591\">\n<ol>\n<li>Siebdruck<\/li>\n<li>Hei\u00dfpr\u00e4gen<\/li>\n<li>\u00a0UV-Beschichtung<\/li>\n<li>Mattiert<\/li>\n<li>\u00a0Abziehbild<\/li>\n<li>\u00a0Beflockung<\/li>\n<li>Beschriftung<\/li>\n<li>Farbmalerei oder individuell nach Ihren Anforderungen<\/li>\n<\/ol>\n<\/td>\n<\/tr>\n<tr>\n<td width=\"158\">Verwendung<\/td>\n<td width=\"591\">\u00a0Parf\u00fcm\/Serum\/\u00e4therisches \u00d6l\/Raumduft\u00f6l\/Toner<\/td>\n<\/tr>\n<tr>\n<td width=\"158\">Verpackung<\/td>\n<td width=\"591\">Exportkarton dann Sperrholzpalette,<\/td>\n<\/tr>\n<tr>\n<td width=\"158\">Mindestbestellmenge<\/td>\n<td width=\"591\">2.000 St\u00fcck (da es ein individuelles Design gibt)<\/td>\n<\/tr>\n<tr>\n<td width=\"158\">Probe<\/td>\n<td width=\"591\">Kostenlose Probe, Frachtkosten erforderlich.<\/td>\n<\/tr>\n<tr>\n<td width=\"158\">Transport<\/td>\n<td width=\"591\">FedEx\/DHL\/EMS\/UPS\/TNT\/auf dem Seeweg\/auf dem Luftweg usw.<\/td>\n<\/tr>\n<tr>\n<td width=\"158\">Zahlungsweise<\/td>\n<td width=\"591\">T\/T, L\/C, Western Union, Money Gram, Paypal usw.<\/td>\n<\/tr>\n<tr>\n<td width=\"158\">Lieferzeit<\/td>\n<td width=\"591\">Probe 1\u20132 Tage, Auftragsproduktion 20\u201345 Tage, abh\u00e4ngig von den Auftragsdetails.<\/td>\n<\/tr>\n<tr>\n<td width=\"158\">Service<\/td>\n<td width=\"591\">OEM- und ODM-Service, Designservice, Komplettl\u00f6sung<\/td>\n<\/tr>\n<\/tbody>\n<\/table>\n<p><a href=\"https:\/\/glass-perfume-bottles.com\/de\/produkt\/wholesale-50ml-100ml-grey-square-glass-perfume-bottle-supplier\/\">\u00a010ml Parf\u00fcmspr\u00fchflasche aus Glas <\/a>Hergestellt aus hochwei\u00dfem Glas, dicker Boden mit quadratischem Design. Unterstreichen Sie einen einzigartigen Stil, passen Sie zum Holzdeckel, akzeptieren Sie Farbbeschichtung, Mattierung, Marmorbeschichtung, Beflockung usw. Wir k\u00f6nnen auch verschiedene Parf\u00fcmflaschenverpackungen wie Schachteln mit unterschiedlicher Gr\u00f6\u00dfe und aus unterschiedlichem Material liefern. Wie Kraftpapier, Pappe, Kunstdruckpapier usw. Material.<\/p>\n<p>Als professioneller Custom 10ml\u00a0 <a href=\"https:\/\/glass-perfume-bottles.com\/de\/produkt\/wholesale-50ml-100ml-grey-square-glass-perfume-bottle-supplier\/\">Parf\u00fcm-Spr\u00fchflasche aus Glas<\/a>\u00a0Lieferant, wir haben f\u00fcr den Kunden unterschiedliche Formen und Kapazit\u00e4ten hergestellt, verf\u00fcgen \u00fcber eine professionelle Produktionslinie und ein Designteam und k\u00f6nnen dem Kunden erstklassigen Service und stabile Produkte bieten. Senden Sie uns gerne eine Anfrage, wir warten auf Sie.<\/p>","protected":false},"excerpt":{"rendered":"<p>Kundenspezifische 10ml Glas-Spr\u00fchparf\u00fcmflasche aus hochwei\u00dfem Glas, dicker Boden mit quadratischem Design. Unterstreichen Sie einen einzigartigen Stil. Kleine Mengen sind m\u00f6glich.<\/p>","protected":false},"featured_media":2021,"comment_status":"open","ping_status":"closed","template":"","meta":{"_kad_blocks_custom_css":"","_kad_blocks_head_custom_js":"","_kad_blocks_body_custom_js":"","_kad_blocks_footer_custom_js":"","_kad_post_transparent":"default","_kad_post_title":"","_kad_post_layout":"default","_kad_post_sidebar_id":"","_kad_post_content_style":"default","_kad_post_vertical_padding":"default","_kad_post_feature":"","_kad_post_feature_position":"","_kad_post_header":false,"_kad_post_footer":false,"_joinchat":{"telephone":"+8613813299086"}},"product_brand":[],"product_cat":[51],"product_tag":[93,94,78,67,66],"class_list":{"0":"post-2019","1":"product","2":"type-product","3":"status-publish","4":"has-post-thumbnail","6":"product_cat-glass-perfume-bottles","7":"product_tag-10ml-cylinder-perfume-bottle-factory","8":"product_tag-custom-rectangle-perfume-bottle","9":"product_tag-cylinder-glass-perfume-bottle-manufacturer","10":"product_tag-square-glass-perfume-bottle-supplier","11":"product_tag-wholesale-glass-perfume-bottle","13":"first","14":"instock","15":"shipping-taxable","16":"product-type-simple","17":"entry","18":"content-bg","19":"loop-entry"},"yoast_head":"<!-- This site is optimized with the Yoast SEO Premium plugin v20.5 (Yoast SEO v24.2) - https:\/\/yoast.com\/wordpress\/plugins\/seo\/ -->\n<title>Custom 10ml Glass spray perfume bottle with wooden lid<\/title>\n<meta name=\"description\" content=\"Custom 10ml Glass spray perfume bottle made of High white glass,thick bottom with square design Highlight a unique style, small quanity is possible\" \/>\n<meta name=\"robots\" content=\"index, follow, max-snippet:-1, max-image-preview:large, max-video-preview:-1\" \/>\n<link rel=\"canonical\" href=\"https:\/\/glass-perfume-bottles.com\/de\/produkt\/wholesale-10ml-glass-spray-perfume-bottle-with-wooden-lid\/\" \/>\n<meta property=\"og:locale\" content=\"de_DE\" \/>\n<meta property=\"og:type\" content=\"article\" \/>\n<meta property=\"og:title\" content=\"Custom 10ml Glass spray perfume bottle with wooden lid\" \/>\n<meta property=\"og:description\" content=\"Custom 10ml Glass spray perfume bottle made of High white glass,thick bottom with square design Highlight a unique style, small quanity is possible\" \/>\n<meta property=\"og:url\" content=\"https:\/\/glass-perfume-bottles.com\/de\/produkt\/wholesale-10ml-glass-spray-perfume-bottle-with-wooden-lid\/\" \/>\n<meta property=\"og:site_name\" content=\"HY GLASS\" \/>\n<meta property=\"article:modified_time\" content=\"2025-01-11T14:45:47+00:00\" \/>\n<meta property=\"og:image\" content=\"https:\/\/glass-perfume-bottles.com\/wp-content\/uploads\/2025\/01\/10ml-Glass-spray-perfume-bottle-with-wooden-lid.jpg\" \/>\n\t<meta property=\"og:image:width\" content=\"720\" \/>\n\t<meta property=\"og:image:height\" content=\"720\" \/>\n\t<meta property=\"og:image:type\" content=\"image\/jpeg\" \/>\n<meta name=\"twitter:card\" content=\"summary_large_image\" \/>\n<meta name=\"twitter:label1\" content=\"Gesch\u00e4tzte Lesezeit\" \/>\n\t<meta name=\"twitter:data1\" content=\"1\u00a0Minute\" \/>\n<script type=\"application\/ld+json\" class=\"yoast-schema-graph\">{\"@context\":\"https:\/\/schema.org\",\"@graph\":[{\"@type\":\"WebPage\",\"@id\":\"https:\/\/glass-perfume-bottles.com\/product\/wholesale-10ml-glass-spray-perfume-bottle-with-wooden-lid\/\",\"url\":\"https:\/\/glass-perfume-bottles.com\/product\/wholesale-10ml-glass-spray-perfume-bottle-with-wooden-lid\/\",\"name\":\"Custom 10ml Glass spray perfume bottle with wooden lid\",\"isPartOf\":{\"@id\":\"https:\/\/glass-perfume-bottles.com\/#website\"},\"primaryImageOfPage\":{\"@id\":\"https:\/\/glass-perfume-bottles.com\/product\/wholesale-10ml-glass-spray-perfume-bottle-with-wooden-lid\/#primaryimage\"},\"image\":{\"@id\":\"https:\/\/glass-perfume-bottles.com\/product\/wholesale-10ml-glass-spray-perfume-bottle-with-wooden-lid\/#primaryimage\"},\"thumbnailUrl\":\"https:\/\/glass-perfume-bottles.com\/wp-content\/uploads\/2025\/01\/10ml-Glass-spray-perfume-bottle-with-wooden-lid.jpg\",\"datePublished\":\"2025-01-11T03:39:30+00:00\",\"dateModified\":\"2025-01-11T14:45:47+00:00\",\"description\":\"Custom 10ml Glass spray perfume bottle made of High white glass,thick bottom with square design Highlight a unique style, small quanity is possible\",\"breadcrumb\":{\"@id\":\"https:\/\/glass-perfume-bottles.com\/product\/wholesale-10ml-glass-spray-perfume-bottle-with-wooden-lid\/#breadcrumb\"},\"inLanguage\":\"de\",\"potentialAction\":[{\"@type\":\"ReadAction\",\"target\":[\"https:\/\/glass-perfume-bottles.com\/product\/wholesale-10ml-glass-spray-perfume-bottle-with-wooden-lid\/\"]}]},{\"@type\":\"ImageObject\",\"inLanguage\":\"de\",\"@id\":\"https:\/\/glass-perfume-bottles.com\/product\/wholesale-10ml-glass-spray-perfume-bottle-with-wooden-lid\/#primaryimage\",\"url\":\"https:\/\/glass-perfume-bottles.com\/wp-content\/uploads\/2025\/01\/10ml-Glass-spray-perfume-bottle-with-wooden-lid.jpg\",\"contentUrl\":\"https:\/\/glass-perfume-bottles.com\/wp-content\/uploads\/2025\/01\/10ml-Glass-spray-perfume-bottle-with-wooden-lid.jpg\",\"width\":720,\"height\":720,\"caption\":\"\"},{\"@type\":\"BreadcrumbList\",\"@id\":\"https:\/\/glass-perfume-bottles.com\/product\/wholesale-10ml-glass-spray-perfume-bottle-with-wooden-lid\/#breadcrumb\",\"itemListElement\":[{\"@type\":\"ListItem\",\"position\":1,\"name\":\"Home\",\"item\":\"https:\/\/glass-perfume-bottles.com\/\"},{\"@type\":\"ListItem\",\"position\":2,\"name\":\"Product\",\"item\":\"https:\/\/glass-perfume-bottles.com\/custom-made-perfume-bottle-suppliers-and-wholesale\/\"},{\"@type\":\"ListItem\",\"position\":3,\"name\":\"Custom 10ml Glass spray perfume bottle with wooden lid\"}]},{\"@type\":\"WebSite\",\"@id\":\"https:\/\/glass-perfume-bottles.com\/#website\",\"url\":\"https:\/\/glass-perfume-bottles.com\/\",\"name\":\"HY GLASS\",\"description\":\"glass perfume bottle manufacturers &amp; suppliers, aroma reed diffuser bottle wholesale &amp; suppliers\",\"publisher\":{\"@id\":\"https:\/\/glass-perfume-bottles.com\/#organization\"},\"potentialAction\":[{\"@type\":\"SearchAction\",\"target\":{\"@type\":\"EntryPoint\",\"urlTemplate\":\"https:\/\/glass-perfume-bottles.com\/?s={search_term_string}\"},\"query-input\":{\"@type\":\"PropertyValueSpecification\",\"valueRequired\":true,\"valueName\":\"search_term_string\"}}],\"inLanguage\":\"de\"},{\"@type\":\"Organization\",\"@id\":\"https:\/\/glass-perfume-bottles.com\/#organization\",\"name\":\"HY GLASS\",\"url\":\"https:\/\/glass-perfume-bottles.com\/\",\"logo\":{\"@type\":\"ImageObject\",\"inLanguage\":\"de\",\"@id\":\"https:\/\/glass-perfume-bottles.com\/#\/schema\/logo\/image\/\",\"url\":\"https:\/\/glass-perfume-bottles.com\/wp-content\/uploads\/2023\/09\/logo21.png\",\"contentUrl\":\"https:\/\/glass-perfume-bottles.com\/wp-content\/uploads\/2023\/09\/logo21.png\",\"width\":342,\"height\":268,\"caption\":\"HY GLASS\"},\"image\":{\"@id\":\"https:\/\/glass-perfume-bottles.com\/#\/schema\/logo\/image\/\"}}]}<\/script>\n<!-- \/ Yoast SEO Premium plugin. -->","yoast_head_json":{"title":"Custom 10ml Glass spray perfume bottle with wooden lid","description":"Custom 10ml Glass spray perfume bottle made of High white glass,thick bottom with square design Highlight a unique style, small quanity is possible","robots":{"index":"index","follow":"follow","max-snippet":"max-snippet:-1","max-image-preview":"max-image-preview:large","max-video-preview":"max-video-preview:-1"},"canonical":"https:\/\/glass-perfume-bottles.com\/de\/produkt\/wholesale-10ml-glass-spray-perfume-bottle-with-wooden-lid\/","og_locale":"de_DE","og_type":"article","og_title":"Custom 10ml Glass spray perfume bottle with wooden lid","og_description":"Custom 10ml Glass spray perfume bottle made of High white glass,thick bottom with square design Highlight a unique style, small quanity is possible","og_url":"https:\/\/glass-perfume-bottles.com\/de\/produkt\/wholesale-10ml-glass-spray-perfume-bottle-with-wooden-lid\/","og_site_name":"HY GLASS","article_modified_time":"2025-01-11T14:45:47+00:00","og_image":[{"width":720,"height":720,"url":"https:\/\/glass-perfume-bottles.com\/wp-content\/uploads\/2025\/01\/10ml-Glass-spray-perfume-bottle-with-wooden-lid.jpg","type":"image\/jpeg"}],"twitter_card":"summary_large_image","twitter_misc":{"Gesch\u00e4tzte Lesezeit":"1\u00a0Minute"},"schema":{"@context":"https:\/\/schema.org","@graph":[{"@type":"WebPage","@id":"https:\/\/glass-perfume-bottles.com\/product\/wholesale-10ml-glass-spray-perfume-bottle-with-wooden-lid\/","url":"https:\/\/glass-perfume-bottles.com\/product\/wholesale-10ml-glass-spray-perfume-bottle-with-wooden-lid\/","name":"Custom 10ml Glass spray perfume bottle with wooden lid","isPartOf":{"@id":"https:\/\/glass-perfume-bottles.com\/#website"},"primaryImageOfPage":{"@id":"https:\/\/glass-perfume-bottles.com\/product\/wholesale-10ml-glass-spray-perfume-bottle-with-wooden-lid\/#primaryimage"},"image":{"@id":"https:\/\/glass-perfume-bottles.com\/product\/wholesale-10ml-glass-spray-perfume-bottle-with-wooden-lid\/#primaryimage"},"thumbnailUrl":"https:\/\/glass-perfume-bottles.com\/wp-content\/uploads\/2025\/01\/10ml-Glass-spray-perfume-bottle-with-wooden-lid.jpg","datePublished":"2025-01-11T03:39:30+00:00","dateModified":"2025-01-11T14:45:47+00:00","description":"Custom 10ml Glass spray perfume bottle made of High white glass,thick bottom with square design Highlight a unique style, small quanity is possible","breadcrumb":{"@id":"https:\/\/glass-perfume-bottles.com\/product\/wholesale-10ml-glass-spray-perfume-bottle-with-wooden-lid\/#breadcrumb"},"inLanguage":"de","potentialAction":[{"@type":"ReadAction","target":["https:\/\/glass-perfume-bottles.com\/product\/wholesale-10ml-glass-spray-perfume-bottle-with-wooden-lid\/"]}]},{"@type":"ImageObject","inLanguage":"de","@id":"https:\/\/glass-perfume-bottles.com\/product\/wholesale-10ml-glass-spray-perfume-bottle-with-wooden-lid\/#primaryimage","url":"https:\/\/glass-perfume-bottles.com\/wp-content\/uploads\/2025\/01\/10ml-Glass-spray-perfume-bottle-with-wooden-lid.jpg","contentUrl":"https:\/\/glass-perfume-bottles.com\/wp-content\/uploads\/2025\/01\/10ml-Glass-spray-perfume-bottle-with-wooden-lid.jpg","width":720,"height":720,"caption":""},{"@type":"BreadcrumbList","@id":"https:\/\/glass-perfume-bottles.com\/product\/wholesale-10ml-glass-spray-perfume-bottle-with-wooden-lid\/#breadcrumb","itemListElement":[{"@type":"ListItem","position":1,"name":"Home","item":"https:\/\/glass-perfume-bottles.com\/"},{"@type":"ListItem","position":2,"name":"Product","item":"https:\/\/glass-perfume-bottles.com\/custom-made-perfume-bottle-suppliers-and-wholesale\/"},{"@type":"ListItem","position":3,"name":"Custom 10ml Glass spray perfume bottle with wooden lid"}]},{"@type":"WebSite","@id":"https:\/\/glass-perfume-bottles.com\/#website","url":"https:\/\/glass-perfume-bottles.com\/","name":"HY GLASS","description":"glass perfume bottle manufacturers &amp; suppliers, aroma reed diffuser bottle wholesale &amp; suppliers","publisher":{"@id":"https:\/\/glass-perfume-bottles.com\/#organization"},"potentialAction":[{"@type":"SearchAction","target":{"@type":"EntryPoint","urlTemplate":"https:\/\/glass-perfume-bottles.com\/?s={search_term_string}"},"query-input":{"@type":"PropertyValueSpecification","valueRequired":true,"valueName":"search_term_string"}}],"inLanguage":"de"},{"@type":"Organization","@id":"https:\/\/glass-perfume-bottles.com\/#organization","name":"HY GLASS","url":"https:\/\/glass-perfume-bottles.com\/","logo":{"@type":"ImageObject","inLanguage":"de","@id":"https:\/\/glass-perfume-bottles.com\/#\/schema\/logo\/image\/","url":"https:\/\/glass-perfume-bottles.com\/wp-content\/uploads\/2023\/09\/logo21.png","contentUrl":"https:\/\/glass-perfume-bottles.com\/wp-content\/uploads\/2023\/09\/logo21.png","width":342,"height":268,"caption":"HY GLASS"},"image":{"@id":"https:\/\/glass-perfume-bottles.com\/#\/schema\/logo\/image\/"}}]}},"taxonomy_info":{"product_cat":[{"value":51,"label":"Glass Perfume Bottle"}],"product_tag":[{"value":93,"label":"10ml Cylinder perfume bottle factory"},{"value":94,"label":"Custom rectangle perfume bottle"},{"value":78,"label":"Cylinder glass perfume bottle manufacturer"},{"value":67,"label":"Square glass perfume bottle supplier"},{"value":66,"label":"Wholesale glass perfume bottle"}]},"featured_image_src_large":["https:\/\/glass-perfume-bottles.com\/wp-content\/uploads\/2025\/01\/10ml-Glass-spray-perfume-bottle-with-wooden-lid.jpg",720,720,false],"author_info":[],"comment_info":0,"_links":{"self":[{"href":"https:\/\/glass-perfume-bottles.com\/de\/wp-json\/wp\/v2\/product\/2019","targetHints":{"allow":["GET"]}}],"collection":[{"href":"https:\/\/glass-perfume-bottles.com\/de\/wp-json\/wp\/v2\/product"}],"about":[{"href":"https:\/\/glass-perfume-bottles.com\/de\/wp-json\/wp\/v2\/types\/product"}],"replies":[{"embeddable":true,"href":"https:\/\/glass-perfume-bottles.com\/de\/wp-json\/wp\/v2\/comments?post=2019"}],"wp:featuredmedia":[{"embeddable":true,"href":"https:\/\/glass-perfume-bottles.com\/de\/wp-json\/wp\/v2\/media\/2021"}],"wp:attachment":[{"href":"https:\/\/glass-perfume-bottles.com\/de\/wp-json\/wp\/v2\/media?parent=2019"}],"wp:term":[{"taxonomy":"product_brand","embeddable":true,"href":"https:\/\/glass-perfume-bottles.com\/de\/wp-json\/wp\/v2\/product_brand?post=2019"},{"taxonomy":"product_cat","embeddable":true,"href":"https:\/\/glass-perfume-bottles.com\/de\/wp-json\/wp\/v2\/product_cat?post=2019"},{"taxonomy":"product_tag","embeddable":true,"href":"https:\/\/glass-perfume-bottles.com\/de\/wp-json\/wp\/v2\/product_tag?post=2019"}],"curies":[{"name":"wp","href":"https:\/\/api.w.org\/{rel}","templated":true}]}}