{"id":2046,"date":"2025-01-11T12:21:59","date_gmt":"2025-01-11T12:21:59","guid":{"rendered":"https:\/\/glass-perfume-bottles.com\/?post_type=product&#038;p=2046"},"modified":"2025-01-11T14:39:27","modified_gmt":"2025-01-11T14:39:27","slug":"wholesale-50ml-flat-square-glass-spray-perfume-bottle","status":"publish","type":"product","link":"https:\/\/glass-perfume-bottles.com\/de\/produkt\/wholesale-50ml-flat-square-glass-spray-perfume-bottle\/","title":{"rendered":"Gro\u00dfhandel 50ml flache quadratische Glasspray-Parf\u00fcmflasche"},"content":{"rendered":"<table>\n<tbody>\n<tr>\n<td width=\"158\">Produktname<\/td>\n<td width=\"591\">\u00a050 ml flache quadratische Parf\u00fcmspr\u00fchflasche aus Glas<\/td>\n<\/tr>\n<tr>\n<td width=\"158\"><\/td>\n<td width=\"591\">50 ml (andere Gr\u00f6\u00dfen erh\u00e4ltlich)<\/td>\n<\/tr>\n<tr>\n<td width=\"158\">Gr\u00f6\u00dfe<\/td>\n<td width=\"591\">\u00a050ml:75x33x80mm 165g<\/td>\n<\/tr>\n<tr>\n<td width=\"158\">Mund<\/td>\n<td width=\"591\">15 mm Crimp<span style=\"font-family: inherit; font-size: inherit;\"> Mund<\/span><\/td>\n<\/tr>\n<tr>\n<td width=\"158\">Material<\/td>\n<td width=\"591\">Kristallwei\u00dfes Glas<\/td>\n<\/tr>\n<tr>\n<td width=\"158\">Geh\u00e4usefarbe<\/td>\n<td width=\"591\">Mattschwarz, Rot, Frosted, Gr\u00fcn, Pink oder Sonderfarbe<\/td>\n<\/tr>\n<tr>\n<td width=\"158\">Oberfl\u00e4chenbehandlung<\/td>\n<td width=\"591\">\n<ol>\n<li>Siebdruck<\/li>\n<li>Hei\u00dfpr\u00e4gen<\/li>\n<li>\u00a0UV-Beschichtung<\/li>\n<li>Mattiert<\/li>\n<li>\u00a0Abziehbild<\/li>\n<li>\u00a0Beflockung<\/li>\n<li>Beschriftung<\/li>\n<li>Farbmalerei oder individuell nach Ihren Anforderungen<\/li>\n<\/ol>\n<\/td>\n<\/tr>\n<tr>\n<td width=\"158\">Verwendung<\/td>\n<td width=\"591\">Parf\u00fcm\/Serum\/\u00e4therisches \u00d6l\/Raumduft\u00f6l\/Toner<\/td>\n<\/tr>\n<tr>\n<td width=\"158\">Verpackung<\/td>\n<td width=\"591\">Exportkarton dann Sperrholzpalette,<\/td>\n<\/tr>\n<tr>\n<td width=\"158\">Mindestbestellmenge<\/td>\n<td width=\"591\">5.000 St\u00fcck (da es ein individuelles Design gibt)<\/td>\n<\/tr>\n<tr>\n<td width=\"158\">Probe<\/td>\n<td width=\"591\">Kostenlose Probe, Frachtkosten erforderlich.<\/td>\n<\/tr>\n<tr>\n<td width=\"158\">Transport<\/td>\n<td width=\"591\">FedEx\/DHL\/EMS\/UPS\/TNT\/auf dem Seeweg\/auf dem Luftweg usw.<\/td>\n<\/tr>\n<tr>\n<td width=\"158\">Zahlungsweise<\/td>\n<td width=\"591\">T\/T, L\/C, Western Union, Money Gram, Paypal usw.<\/td>\n<\/tr>\n<tr>\n<td width=\"158\">Lieferzeit<\/td>\n<td width=\"591\">Probe 1\u20132 Tage, Auftragsproduktion 20\u201345 Tage, abh\u00e4ngig von den Auftragsdetails.<\/td>\n<\/tr>\n<tr>\n<td width=\"158\">Service<\/td>\n<td width=\"591\">OEM- und ODM-Service, Designservice, Komplettl\u00f6sung<\/td>\n<\/tr>\n<\/tbody>\n<\/table>\n<p>&nbsp;<\/p>\n<p>50 ml <a href=\"https:\/\/glass-perfume-bottles.com\/de\/produkt\/30ml-50ml-100ml-perfume-bottle-with-cap\/\">Flache quadratische Parf\u00fcmflasche aus Glas<\/a> Hergestellt aus kristallwei\u00dfem Glas, dicker Boden mit Zylinderdesign. Unterstreichen Sie einen einzigartigen Stil. Sie k\u00f6nnen mit Farbbeschichtung, Mattierung, Marmorierung, Beflockung usw. versehen werden. Wir k\u00f6nnen auch verschiedene Parf\u00fcmflaschenverpackungen wie Schachteln in unterschiedlicher Gr\u00f6\u00dfe und aus unterschiedlichen Materialien liefern. Wie Kraftpapier, Pappe, Kunstdruckpapier usw.<\/p>\n<p>Als professionelle Wohnung <a href=\"https:\/\/glass-perfume-bottles.com\/de\/produkt\/custom-flat-square-blue-glass-perfume-bottle\/\">Parf\u00fcmflasche aus Glas<\/a> Lieferant, wir haben f\u00fcr den Kunden unterschiedliche Formen und Kapazit\u00e4ten hergestellt, verf\u00fcgen \u00fcber eine professionelle Produktionslinie und ein Designteam und k\u00f6nnen dem Kunden erstklassigen Service und stabile Produkte bieten. Senden Sie uns gerne eine Anfrage, wir warten auf Sie.<\/p>","protected":false},"excerpt":{"rendered":"<p>50 ml <a href=\"https:\/\/glass-perfume-bottles.com\/de\/produkt\/30ml-50ml-100ml-perfume-bottle-with-cap\/\">Parf\u00fcmflakon aus mattschwarzem Glas<\/a>\u00a0aus kristallwei\u00dfem Glas, dicker Boden mit Zylinderdesign. Unterstreichen Sie einen einzigartigen Stil.<span style=\"font-family: var(--global-body-font-family);\">Wir verf\u00fcgen \u00fcber eine professionelle Produktionslinie und ein Designteam. Wir k\u00f6nnen unseren Kunden erstklassigen Service und stabile Produkte bieten.<\/span><\/p>\n<div class=\"summary entry-summary\">\n<div class=\"a2a_kit a2a_kit_size_32 addtoany_list\" data-a2a-url=\"https:\/\/glass-perfume-bottles.com\/product\/30ml-50ml-100ml-perfume-bottle-with-cap\/\" data-a2a-title=\"Wholesale 30ml 50ml 100ml cylinder Perfume bottle with cap\"><\/div>\n<\/div>\n<div class=\"woocommerce-tabs wc-tabs-wrapper\"><\/div>","protected":false},"featured_media":2047,"comment_status":"open","ping_status":"closed","template":"","meta":{"_kad_blocks_custom_css":"","_kad_blocks_head_custom_js":"","_kad_blocks_body_custom_js":"","_kad_blocks_footer_custom_js":"","_kad_post_transparent":"default","_kad_post_title":"","_kad_post_layout":"default","_kad_post_sidebar_id":"","_kad_post_content_style":"default","_kad_post_vertical_padding":"default","_kad_post_feature":"","_kad_post_feature_position":"","_kad_post_header":false,"_kad_post_footer":false,"_joinchat":{"telephone":"+8613813299086"}},"product_brand":[],"product_cat":[51],"product_tag":[70,96,78,67,66],"class_list":{"0":"post-2046","1":"product","2":"type-product","3":"status-publish","4":"has-post-thumbnail","6":"product_cat-glass-perfume-bottles","7":"product_tag-custom-home-fragrance-oil-bottle","8":"product_tag-custom-perfume-bottle-factory","9":"product_tag-cylinder-glass-perfume-bottle-manufacturer","10":"product_tag-square-glass-perfume-bottle-supplier","11":"product_tag-wholesale-glass-perfume-bottle","13":"first","14":"instock","15":"shipping-taxable","16":"product-type-simple","17":"entry","18":"content-bg","19":"loop-entry"},"yoast_head":"<!-- This site is optimized with the Yoast SEO Premium plugin v20.5 (Yoast SEO v24.2) - https:\/\/yoast.com\/wordpress\/plugins\/seo\/ -->\n<title>Wholesale 50ml flat square glass spray perfume bottle<\/title>\n<meta name=\"description\" content=\"Wholesale 50ml flat square glass spray perfume bottle made of crystal white glass,thick bottom with cylinder design Highlight a unique style\" \/>\n<meta name=\"robots\" content=\"index, follow, max-snippet:-1, max-image-preview:large, max-video-preview:-1\" \/>\n<link rel=\"canonical\" href=\"https:\/\/glass-perfume-bottles.com\/de\/produit\/wholesale-50ml-flat-square-glass-spray-perfume-bottle\/\" \/>\n<meta property=\"og:locale\" content=\"de_DE\" \/>\n<meta property=\"og:type\" content=\"article\" \/>\n<meta property=\"og:title\" content=\"Wholesale 50ml flat square glass spray perfume bottle\" \/>\n<meta property=\"og:description\" content=\"Wholesale 50ml flat square glass spray perfume bottle made of crystal white glass,thick bottom with cylinder design Highlight a unique style\" \/>\n<meta property=\"og:url\" content=\"https:\/\/glass-perfume-bottles.com\/de\/produit\/wholesale-50ml-flat-square-glass-spray-perfume-bottle\/\" \/>\n<meta property=\"og:site_name\" content=\"HY GLASS\" \/>\n<meta property=\"article:modified_time\" content=\"2025-01-11T14:39:27+00:00\" \/>\n<meta property=\"og:image\" content=\"https:\/\/glass-perfume-bottles.com\/wp-content\/uploads\/2025\/01\/Wholesale-50ml-glass-spray-perfume-bottle.jpg\" \/>\n\t<meta property=\"og:image:width\" content=\"720\" \/>\n\t<meta property=\"og:image:height\" content=\"720\" \/>\n\t<meta property=\"og:image:type\" content=\"image\/jpeg\" \/>\n<meta name=\"twitter:card\" content=\"summary_large_image\" \/>\n<meta name=\"twitter:label1\" content=\"Gesch\u00e4tzte Lesezeit\" \/>\n\t<meta name=\"twitter:data1\" content=\"1\u00a0Minute\" \/>\n<script type=\"application\/ld+json\" class=\"yoast-schema-graph\">{\"@context\":\"https:\/\/schema.org\",\"@graph\":[{\"@type\":\"WebPage\",\"@id\":\"https:\/\/glass-perfume-bottles.com\/fr\/produit\/wholesale-50ml-flat-square-glass-spray-perfume-bottle\/\",\"url\":\"https:\/\/glass-perfume-bottles.com\/fr\/produit\/wholesale-50ml-flat-square-glass-spray-perfume-bottle\/\",\"name\":\"Wholesale 50ml flat square glass spray perfume bottle\",\"isPartOf\":{\"@id\":\"https:\/\/glass-perfume-bottles.com\/#website\"},\"primaryImageOfPage\":{\"@id\":\"https:\/\/glass-perfume-bottles.com\/fr\/produit\/wholesale-50ml-flat-square-glass-spray-perfume-bottle\/#primaryimage\"},\"image\":{\"@id\":\"https:\/\/glass-perfume-bottles.com\/fr\/produit\/wholesale-50ml-flat-square-glass-spray-perfume-bottle\/#primaryimage\"},\"thumbnailUrl\":\"https:\/\/glass-perfume-bottles.com\/wp-content\/uploads\/2025\/01\/Wholesale-50ml-glass-spray-perfume-bottle.jpg\",\"datePublished\":\"2025-01-11T12:21:59+00:00\",\"dateModified\":\"2025-01-11T14:39:27+00:00\",\"description\":\"Wholesale 50ml flat square glass spray perfume bottle made of crystal white glass,thick bottom with cylinder design Highlight a unique style\",\"breadcrumb\":{\"@id\":\"https:\/\/glass-perfume-bottles.com\/fr\/produit\/wholesale-50ml-flat-square-glass-spray-perfume-bottle\/#breadcrumb\"},\"inLanguage\":\"de\",\"potentialAction\":[{\"@type\":\"ReadAction\",\"target\":[\"https:\/\/glass-perfume-bottles.com\/fr\/produit\/wholesale-50ml-flat-square-glass-spray-perfume-bottle\/\"]}]},{\"@type\":\"ImageObject\",\"inLanguage\":\"de\",\"@id\":\"https:\/\/glass-perfume-bottles.com\/fr\/produit\/wholesale-50ml-flat-square-glass-spray-perfume-bottle\/#primaryimage\",\"url\":\"https:\/\/glass-perfume-bottles.com\/wp-content\/uploads\/2025\/01\/Wholesale-50ml-glass-spray-perfume-bottle.jpg\",\"contentUrl\":\"https:\/\/glass-perfume-bottles.com\/wp-content\/uploads\/2025\/01\/Wholesale-50ml-glass-spray-perfume-bottle.jpg\",\"width\":720,\"height\":720},{\"@type\":\"BreadcrumbList\",\"@id\":\"https:\/\/glass-perfume-bottles.com\/fr\/produit\/wholesale-50ml-flat-square-glass-spray-perfume-bottle\/#breadcrumb\",\"itemListElement\":[{\"@type\":\"ListItem\",\"position\":1,\"name\":\"Home\",\"item\":\"https:\/\/glass-perfume-bottles.com\/\"},{\"@type\":\"ListItem\",\"position\":2,\"name\":\"Product\",\"item\":\"https:\/\/glass-perfume-bottles.com\/custom-made-perfume-bottle-suppliers-and-wholesale\/\"},{\"@type\":\"ListItem\",\"position\":3,\"name\":\"Wholesale 50ml flat square glass spray perfume bottle\"}]},{\"@type\":\"WebSite\",\"@id\":\"https:\/\/glass-perfume-bottles.com\/#website\",\"url\":\"https:\/\/glass-perfume-bottles.com\/\",\"name\":\"HY GLASS\",\"description\":\"glass perfume bottle manufacturers &amp; suppliers, aroma reed diffuser bottle wholesale &amp; suppliers\",\"publisher\":{\"@id\":\"https:\/\/glass-perfume-bottles.com\/#organization\"},\"potentialAction\":[{\"@type\":\"SearchAction\",\"target\":{\"@type\":\"EntryPoint\",\"urlTemplate\":\"https:\/\/glass-perfume-bottles.com\/?s={search_term_string}\"},\"query-input\":{\"@type\":\"PropertyValueSpecification\",\"valueRequired\":true,\"valueName\":\"search_term_string\"}}],\"inLanguage\":\"de\"},{\"@type\":\"Organization\",\"@id\":\"https:\/\/glass-perfume-bottles.com\/#organization\",\"name\":\"HY GLASS\",\"url\":\"https:\/\/glass-perfume-bottles.com\/\",\"logo\":{\"@type\":\"ImageObject\",\"inLanguage\":\"de\",\"@id\":\"https:\/\/glass-perfume-bottles.com\/#\/schema\/logo\/image\/\",\"url\":\"https:\/\/glass-perfume-bottles.com\/wp-content\/uploads\/2023\/09\/logo21.png\",\"contentUrl\":\"https:\/\/glass-perfume-bottles.com\/wp-content\/uploads\/2023\/09\/logo21.png\",\"width\":342,\"height\":268,\"caption\":\"HY GLASS\"},\"image\":{\"@id\":\"https:\/\/glass-perfume-bottles.com\/#\/schema\/logo\/image\/\"}}]}<\/script>\n<!-- \/ Yoast SEO Premium plugin. -->","yoast_head_json":{"title":"Wholesale 50ml flat square glass spray perfume bottle","description":"Wholesale 50ml flat square glass spray perfume bottle made of crystal white glass,thick bottom with cylinder design Highlight a unique style","robots":{"index":"index","follow":"follow","max-snippet":"max-snippet:-1","max-image-preview":"max-image-preview:large","max-video-preview":"max-video-preview:-1"},"canonical":"https:\/\/glass-perfume-bottles.com\/de\/produit\/wholesale-50ml-flat-square-glass-spray-perfume-bottle\/","og_locale":"de_DE","og_type":"article","og_title":"Wholesale 50ml flat square glass spray perfume bottle","og_description":"Wholesale 50ml flat square glass spray perfume bottle made of crystal white glass,thick bottom with cylinder design Highlight a unique style","og_url":"https:\/\/glass-perfume-bottles.com\/de\/produit\/wholesale-50ml-flat-square-glass-spray-perfume-bottle\/","og_site_name":"HY GLASS","article_modified_time":"2025-01-11T14:39:27+00:00","og_image":[{"width":720,"height":720,"url":"https:\/\/glass-perfume-bottles.com\/wp-content\/uploads\/2025\/01\/Wholesale-50ml-glass-spray-perfume-bottle.jpg","type":"image\/jpeg"}],"twitter_card":"summary_large_image","twitter_misc":{"Gesch\u00e4tzte Lesezeit":"1\u00a0Minute"},"schema":{"@context":"https:\/\/schema.org","@graph":[{"@type":"WebPage","@id":"https:\/\/glass-perfume-bottles.com\/fr\/produit\/wholesale-50ml-flat-square-glass-spray-perfume-bottle\/","url":"https:\/\/glass-perfume-bottles.com\/fr\/produit\/wholesale-50ml-flat-square-glass-spray-perfume-bottle\/","name":"Wholesale 50ml flat square glass spray perfume bottle","isPartOf":{"@id":"https:\/\/glass-perfume-bottles.com\/#website"},"primaryImageOfPage":{"@id":"https:\/\/glass-perfume-bottles.com\/fr\/produit\/wholesale-50ml-flat-square-glass-spray-perfume-bottle\/#primaryimage"},"image":{"@id":"https:\/\/glass-perfume-bottles.com\/fr\/produit\/wholesale-50ml-flat-square-glass-spray-perfume-bottle\/#primaryimage"},"thumbnailUrl":"https:\/\/glass-perfume-bottles.com\/wp-content\/uploads\/2025\/01\/Wholesale-50ml-glass-spray-perfume-bottle.jpg","datePublished":"2025-01-11T12:21:59+00:00","dateModified":"2025-01-11T14:39:27+00:00","description":"Wholesale 50ml flat square glass spray perfume bottle made of crystal white glass,thick bottom with cylinder design Highlight a unique style","breadcrumb":{"@id":"https:\/\/glass-perfume-bottles.com\/fr\/produit\/wholesale-50ml-flat-square-glass-spray-perfume-bottle\/#breadcrumb"},"inLanguage":"de","potentialAction":[{"@type":"ReadAction","target":["https:\/\/glass-perfume-bottles.com\/fr\/produit\/wholesale-50ml-flat-square-glass-spray-perfume-bottle\/"]}]},{"@type":"ImageObject","inLanguage":"de","@id":"https:\/\/glass-perfume-bottles.com\/fr\/produit\/wholesale-50ml-flat-square-glass-spray-perfume-bottle\/#primaryimage","url":"https:\/\/glass-perfume-bottles.com\/wp-content\/uploads\/2025\/01\/Wholesale-50ml-glass-spray-perfume-bottle.jpg","contentUrl":"https:\/\/glass-perfume-bottles.com\/wp-content\/uploads\/2025\/01\/Wholesale-50ml-glass-spray-perfume-bottle.jpg","width":720,"height":720},{"@type":"BreadcrumbList","@id":"https:\/\/glass-perfume-bottles.com\/fr\/produit\/wholesale-50ml-flat-square-glass-spray-perfume-bottle\/#breadcrumb","itemListElement":[{"@type":"ListItem","position":1,"name":"Home","item":"https:\/\/glass-perfume-bottles.com\/"},{"@type":"ListItem","position":2,"name":"Product","item":"https:\/\/glass-perfume-bottles.com\/custom-made-perfume-bottle-suppliers-and-wholesale\/"},{"@type":"ListItem","position":3,"name":"Wholesale 50ml flat square glass spray perfume bottle"}]},{"@type":"WebSite","@id":"https:\/\/glass-perfume-bottles.com\/#website","url":"https:\/\/glass-perfume-bottles.com\/","name":"HY GLASS","description":"glass perfume bottle manufacturers &amp; suppliers, aroma reed diffuser bottle wholesale &amp; suppliers","publisher":{"@id":"https:\/\/glass-perfume-bottles.com\/#organization"},"potentialAction":[{"@type":"SearchAction","target":{"@type":"EntryPoint","urlTemplate":"https:\/\/glass-perfume-bottles.com\/?s={search_term_string}"},"query-input":{"@type":"PropertyValueSpecification","valueRequired":true,"valueName":"search_term_string"}}],"inLanguage":"de"},{"@type":"Organization","@id":"https:\/\/glass-perfume-bottles.com\/#organization","name":"HY GLASS","url":"https:\/\/glass-perfume-bottles.com\/","logo":{"@type":"ImageObject","inLanguage":"de","@id":"https:\/\/glass-perfume-bottles.com\/#\/schema\/logo\/image\/","url":"https:\/\/glass-perfume-bottles.com\/wp-content\/uploads\/2023\/09\/logo21.png","contentUrl":"https:\/\/glass-perfume-bottles.com\/wp-content\/uploads\/2023\/09\/logo21.png","width":342,"height":268,"caption":"HY GLASS"},"image":{"@id":"https:\/\/glass-perfume-bottles.com\/#\/schema\/logo\/image\/"}}]}},"taxonomy_info":{"product_cat":[{"value":51,"label":"Glass Perfume Bottle"}],"product_tag":[{"value":70,"label":"Custom home fragrance oil bottle"},{"value":96,"label":"Custom perfume bottle factory"},{"value":78,"label":"Cylinder glass perfume bottle manufacturer"},{"value":67,"label":"Square glass perfume bottle supplier"},{"value":66,"label":"Wholesale glass perfume bottle"}]},"featured_image_src_large":["https:\/\/glass-perfume-bottles.com\/wp-content\/uploads\/2025\/01\/Wholesale-50ml-glass-spray-perfume-bottle.jpg",720,720,false],"author_info":[],"comment_info":0,"_links":{"self":[{"href":"https:\/\/glass-perfume-bottles.com\/de\/wp-json\/wp\/v2\/product\/2046","targetHints":{"allow":["GET"]}}],"collection":[{"href":"https:\/\/glass-perfume-bottles.com\/de\/wp-json\/wp\/v2\/product"}],"about":[{"href":"https:\/\/glass-perfume-bottles.com\/de\/wp-json\/wp\/v2\/types\/product"}],"replies":[{"embeddable":true,"href":"https:\/\/glass-perfume-bottles.com\/de\/wp-json\/wp\/v2\/comments?post=2046"}],"wp:featuredmedia":[{"embeddable":true,"href":"https:\/\/glass-perfume-bottles.com\/de\/wp-json\/wp\/v2\/media\/2047"}],"wp:attachment":[{"href":"https:\/\/glass-perfume-bottles.com\/de\/wp-json\/wp\/v2\/media?parent=2046"}],"wp:term":[{"taxonomy":"product_brand","embeddable":true,"href":"https:\/\/glass-perfume-bottles.com\/de\/wp-json\/wp\/v2\/product_brand?post=2046"},{"taxonomy":"product_cat","embeddable":true,"href":"https:\/\/glass-perfume-bottles.com\/de\/wp-json\/wp\/v2\/product_cat?post=2046"},{"taxonomy":"product_tag","embeddable":true,"href":"https:\/\/glass-perfume-bottles.com\/de\/wp-json\/wp\/v2\/product_tag?post=2046"}],"curies":[{"name":"wp","href":"https:\/\/api.w.org\/{rel}","templated":true}]}}