{"id":2151,"date":"2025-01-18T03:12:51","date_gmt":"2025-01-18T03:12:51","guid":{"rendered":"https:\/\/glass-perfume-bottles.com\/?post_type=product&#038;p=2151"},"modified":"2025-01-18T06:33:18","modified_gmt":"2025-01-18T06:33:18","slug":"6ml-15ml-mini-glass-perfume-bottle-factory","status":"publish","type":"product","link":"https:\/\/glass-perfume-bottles.com\/de\/produkt\/6ml-15ml-mini-glass-perfume-bottle-factory\/","title":{"rendered":"6ml-15ml Mini-Parf\u00fcmflaschenfabrik aus Glas"},"content":{"rendered":"<table>\n<tbody>\n<tr>\n<td width=\"158\">Produktname<\/td>\n<td width=\"591\">6ml-15ml Mini-Parf\u00fcmflaschenfabrik aus Glas<\/td>\n<\/tr>\n<tr>\n<td width=\"158\">Kapazit\u00e4t<\/td>\n<td width=\"591\">6-15mlandere Gr\u00f6\u00dfe verf\u00fcgbar<\/td>\n<\/tr>\n<tr>\n<td width=\"158\">Mund<\/td>\n<td width=\"591\">\u00a0Schraubmund<\/td>\n<\/tr>\n<tr>\n<td width=\"158\">Gr\u00f6\u00dfe<\/td>\n<td width=\"591\">3 ml: 14 x 58 mm<\/td>\n<\/tr>\n<tr>\n<td width=\"158\">Material<\/td>\n<td width=\"591\">Hohes, wei\u00dfes Glas<\/td>\n<\/tr>\n<tr>\n<td width=\"158\">Geh\u00e4usefarbe<\/td>\n<td width=\"591\">Klar, schwarz, mattiert, mattschwarz, rosa oder individuelle Farbe<\/td>\n<\/tr>\n<tr>\n<td width=\"158\">Oberfl\u00e4chenbehandlung<\/td>\n<td width=\"591\">\n<ol>\n<li>Siebdruck<\/li>\n<li>Hei\u00dfpr\u00e4gen<\/li>\n<li>\u00a0UV-Beschichtung<\/li>\n<li>Mattiert<\/li>\n<li>\u00a0Abziehbild<\/li>\n<li>\u00a0Beflockung<\/li>\n<li>Beschriftung<\/li>\n<li>Farbmalerei oder individuell nach Ihren Anforderungen<\/li>\n<\/ol>\n<\/td>\n<\/tr>\n<tr>\n<td width=\"158\">Verwendung<\/td>\n<td width=\"591\">Parf\u00fcm\/Serum\/\u00e4therisches \u00d6l\/Raumduft\u00f6l\/Toner\/Deodorant usw.<\/td>\n<\/tr>\n<tr>\n<td width=\"158\">Verpackung<\/td>\n<td width=\"591\">Karton dann Sperrholzpalette,<\/td>\n<\/tr>\n<tr>\n<td width=\"158\">Probe<\/td>\n<td width=\"591\">Kostenlose Probe, Frachtkosten erforderlich.<\/td>\n<\/tr>\n<tr>\n<td width=\"158\">Transport<\/td>\n<td width=\"591\">FedEx\/DHL\/EMS\/UPS\/TNT\/auf dem Seeweg\/auf dem Luftweg usw.<\/td>\n<\/tr>\n<tr>\n<td width=\"158\">Zahlungsweise<\/td>\n<td width=\"591\">T\/T, L\/C, Western Union, Money Gram, Paypal usw.<\/td>\n<\/tr>\n<tr>\n<td width=\"158\">Lieferzeit<\/td>\n<td width=\"591\">Probe 1\u20132 Tage, Auftragsproduktion 20\u201345 Tage, abh\u00e4ngig von den Auftragsdetails.<\/td>\n<\/tr>\n<tr>\n<td width=\"158\">Service<\/td>\n<td width=\"591\">OEM- und ODM-Service, Designservice, Komplettl\u00f6sung<\/td>\n<\/tr>\n<tr>\n<td width=\"158\"><\/td>\n<td width=\"591\"><\/td>\n<\/tr>\n<\/tbody>\n<\/table>\n<p>6 ml \u2013 15 ml <a href=\"https:\/\/glass-perfume-bottles.com\/de\/produkt\/100ml-flat-square-perfume-bottle-with-cap\/\">Mini-Parf\u00fcmflasche aus Glas <\/a>\u00fcbereinstimmen <span style=\"font-family: var(--global-body-font-family);\">Der Schraubenspr\u00fchpumpenkopf, die Flasche besteht aus hochwei\u00dfem Glas, <\/span><span style=\"font-family: var(--global-body-font-family);\">ungiftig und geschmacklos,<\/span><span style=\"font-family: var(--global-body-font-family);\">bequem f\u00fcr Unterverpackungen von Parf\u00fcm, Raumd\u00fcften, Deodorants, Serum usw.<\/span><span style=\"font-family: var(--global-body-font-family);\">Mini-Kapazit\u00e4t von 2\u201330 ml, leicht zu transportieren, eine gute Wahl f\u00fcr unterwegs und zu Hause.<\/span><\/p>\n<p><span style=\"font-family: var(--global-body-font-family);\">Wir k\u00f6nnen auch verschiedene Parf\u00fcmflaschenverpackungen wie Schachteln mit unterschiedlicher Gr\u00f6\u00dfe und aus unterschiedlichem Material liefern. Wie Kraftpapier, Pappe, Kunstdruckpapier usw.<\/span><\/p>\n<p>Als Profi <a href=\"https:\/\/glass-perfume-bottles.com\/de\/produkt\/custom-flat-square-blue-glass-perfume-bottle\/\">Parf\u00fcmflasche aus Glas<\/a> Fabrik, wir haben verschiedene Formen und Kapazit\u00e4ten f\u00fcr Kunden produziert,<span style=\"font-family: var(--global-body-font-family);\">akzeptieren Farbbeschichtung, mattiert, Hei\u00dfpr\u00e4gung, Marmorbeschichtung, Beflockung usw. <\/span>Wir verf\u00fcgen \u00fcber eine professionelle Produktionslinie und ein Designteam und k\u00f6nnen unseren Kunden erstklassigen Service und stabile Produkte bieten. Senden Sie uns gerne eine Anfrage, wir freuen uns auf Sie.<\/p>","protected":false},"excerpt":{"rendered":"<p>3ml Glas <a href=\"https:\/\/glass-perfume-bottles.com\/de\/produkt\/100ml-flat-square-perfume-bottle-with-cap\/\">Parf\u00fcmflasche mit Spr\u00fchflasche <\/a>\u00fcbereinstimmen <span style=\"font-family: var(--global-body-font-family);\">der Schraubenspr\u00fchpumpenkopf, die Flasche besteht aus Borosilikatglas, <\/span><span style=\"font-family: var(--global-body-font-family);\">ungiftig und geschmacklos,<\/span><span style=\"font-family: var(--global-body-font-family);\">, bequem f\u00fcr Unterverpackungen von Parf\u00fcm, Raumd\u00fcften, Deodorants, Serum usw.,<\/span><span style=\"font-family: var(--global-body-font-family);\">Mini-Kapazit\u00e4t von 2\u201330 ml, leicht zu transportieren, eine gute Wahl f\u00fcr unterwegs und zu Hause.<\/span><\/p>\n<div class=\"summary entry-summary\">\n<div class=\"a2a_kit a2a_kit_size_32 addtoany_list\" data-a2a-url=\"https:\/\/glass-perfume-bottles.com\/product\/30ml-50ml-100ml-perfume-bottle-with-cap\/\" data-a2a-title=\"Wholesale 30ml 50ml 100ml cylinder Perfume bottle with cap\"><\/div>\n<\/div>\n<div class=\"woocommerce-tabs wc-tabs-wrapper\"><\/div>","protected":false},"featured_media":2152,"comment_status":"open","ping_status":"closed","template":"","meta":{"_kad_blocks_custom_css":"","_kad_blocks_head_custom_js":"","_kad_blocks_body_custom_js":"","_kad_blocks_footer_custom_js":"","_kad_post_transparent":"default","_kad_post_title":"","_kad_post_layout":"default","_kad_post_sidebar_id":"","_kad_post_content_style":"default","_kad_post_vertical_padding":"default","_kad_post_feature":"","_kad_post_feature_position":"","_kad_post_header":false,"_kad_post_footer":false,"_joinchat":[]},"product_brand":[],"product_cat":[51],"product_tag":[120,81,102,119,66],"class_list":{"0":"post-2151","1":"product","2":"type-product","3":"status-publish","4":"has-post-thumbnail","6":"product_cat-glass-perfume-bottles","7":"product_tag-custom-perfume-bottle-supplier","8":"product_tag-glass-perfume-bottle-manufacturer","9":"product_tag-home-fragrance-oil-bottle-supplier","10":"product_tag-mini-perfume-bottle-supplier","11":"product_tag-wholesale-glass-perfume-bottle","13":"first","14":"instock","15":"shipping-taxable","16":"product-type-simple","17":"entry","18":"content-bg","19":"loop-entry"},"yoast_head":"<!-- This site is optimized with the Yoast SEO Premium plugin v20.5 (Yoast SEO v24.2) - https:\/\/yoast.com\/wordpress\/plugins\/seo\/ -->\n<title>Mini glass perfume bottle<\/title>\n<meta name=\"description\" content=\"3ml Mini glass perfume bottle match the screw spray pump head,\u00a0made of high whitee glass,nini capacity easy to carry\uff0cit&#039;s a good choose for travel and home.\" \/>\n<meta name=\"robots\" content=\"index, follow, max-snippet:-1, max-image-preview:large, max-video-preview:-1\" \/>\n<link rel=\"canonical\" href=\"https:\/\/glass-perfume-bottles.com\/de\/produkt\/6ml-15ml-mini-glass-perfume-bottle-factory\/\" \/>\n<meta property=\"og:locale\" content=\"de_DE\" \/>\n<meta property=\"og:type\" content=\"article\" \/>\n<meta property=\"og:title\" content=\"6ml-15ml Mini glass perfume bottle factory\" \/>\n<meta property=\"og:description\" content=\"3ml Mini glass perfume bottle match the screw spray pump head,\u00a0made of high whitee glass,nini capacity easy to carry\uff0cit&#039;s a good choose for travel and home.\" \/>\n<meta property=\"og:url\" content=\"https:\/\/glass-perfume-bottles.com\/de\/produkt\/6ml-15ml-mini-glass-perfume-bottle-factory\/\" \/>\n<meta property=\"og:site_name\" content=\"HY GLASS\" \/>\n<meta property=\"article:modified_time\" content=\"2025-01-18T06:33:18+00:00\" \/>\n<meta property=\"og:image\" content=\"https:\/\/glass-perfume-bottles.com\/wp-content\/uploads\/2025\/01\/6ml-15ml-Mini-glass-perfume-bottle-factory.jpg\" \/>\n\t<meta property=\"og:image:width\" content=\"720\" \/>\n\t<meta property=\"og:image:height\" content=\"720\" \/>\n\t<meta property=\"og:image:type\" content=\"image\/jpeg\" \/>\n<meta name=\"twitter:card\" content=\"summary_large_image\" \/>\n<meta name=\"twitter:label1\" content=\"Gesch\u00e4tzte Lesezeit\" \/>\n\t<meta name=\"twitter:data1\" content=\"1\u00a0Minute\" \/>\n<script type=\"application\/ld+json\" class=\"yoast-schema-graph\">{\"@context\":\"https:\/\/schema.org\",\"@graph\":[{\"@type\":\"WebPage\",\"@id\":\"https:\/\/glass-perfume-bottles.com\/product\/6ml-15ml-mini-glass-perfume-bottle-factory\/\",\"url\":\"https:\/\/glass-perfume-bottles.com\/product\/6ml-15ml-mini-glass-perfume-bottle-factory\/\",\"name\":\"Mini glass perfume bottle\",\"isPartOf\":{\"@id\":\"https:\/\/glass-perfume-bottles.com\/#website\"},\"primaryImageOfPage\":{\"@id\":\"https:\/\/glass-perfume-bottles.com\/product\/6ml-15ml-mini-glass-perfume-bottle-factory\/#primaryimage\"},\"image\":{\"@id\":\"https:\/\/glass-perfume-bottles.com\/product\/6ml-15ml-mini-glass-perfume-bottle-factory\/#primaryimage\"},\"thumbnailUrl\":\"https:\/\/glass-perfume-bottles.com\/wp-content\/uploads\/2025\/01\/6ml-15ml-Mini-glass-perfume-bottle-factory.jpg\",\"datePublished\":\"2025-01-18T03:12:51+00:00\",\"dateModified\":\"2025-01-18T06:33:18+00:00\",\"description\":\"3ml Mini glass perfume bottle match the screw spray pump head,\u00a0made of high whitee glass,nini capacity easy to carry\uff0cit's a good choose for travel and home.\",\"breadcrumb\":{\"@id\":\"https:\/\/glass-perfume-bottles.com\/product\/6ml-15ml-mini-glass-perfume-bottle-factory\/#breadcrumb\"},\"inLanguage\":\"de\",\"potentialAction\":[{\"@type\":\"ReadAction\",\"target\":[\"https:\/\/glass-perfume-bottles.com\/product\/6ml-15ml-mini-glass-perfume-bottle-factory\/\"]}]},{\"@type\":\"ImageObject\",\"inLanguage\":\"de\",\"@id\":\"https:\/\/glass-perfume-bottles.com\/product\/6ml-15ml-mini-glass-perfume-bottle-factory\/#primaryimage\",\"url\":\"https:\/\/glass-perfume-bottles.com\/wp-content\/uploads\/2025\/01\/6ml-15ml-Mini-glass-perfume-bottle-factory.jpg\",\"contentUrl\":\"https:\/\/glass-perfume-bottles.com\/wp-content\/uploads\/2025\/01\/6ml-15ml-Mini-glass-perfume-bottle-factory.jpg\",\"width\":720,\"height\":720,\"caption\":\"3ml Mini glass perfume bottle match the screw spray pump head,\u00a0made of low borosilicate,nini capacity easy to carry\uff0cit's a good choose for travel and home.\"},{\"@type\":\"BreadcrumbList\",\"@id\":\"https:\/\/glass-perfume-bottles.com\/product\/6ml-15ml-mini-glass-perfume-bottle-factory\/#breadcrumb\",\"itemListElement\":[{\"@type\":\"ListItem\",\"position\":1,\"name\":\"Home\",\"item\":\"https:\/\/glass-perfume-bottles.com\/\"},{\"@type\":\"ListItem\",\"position\":2,\"name\":\"Product\",\"item\":\"https:\/\/glass-perfume-bottles.com\/custom-made-perfume-bottle-suppliers-and-wholesale\/\"},{\"@type\":\"ListItem\",\"position\":3,\"name\":\"6ml-15ml Mini glass perfume bottle factory\"}]},{\"@type\":\"WebSite\",\"@id\":\"https:\/\/glass-perfume-bottles.com\/#website\",\"url\":\"https:\/\/glass-perfume-bottles.com\/\",\"name\":\"HY GLASS\",\"description\":\"glass perfume bottle manufacturers &amp; suppliers, aroma reed diffuser bottle wholesale &amp; suppliers\",\"publisher\":{\"@id\":\"https:\/\/glass-perfume-bottles.com\/#organization\"},\"potentialAction\":[{\"@type\":\"SearchAction\",\"target\":{\"@type\":\"EntryPoint\",\"urlTemplate\":\"https:\/\/glass-perfume-bottles.com\/?s={search_term_string}\"},\"query-input\":{\"@type\":\"PropertyValueSpecification\",\"valueRequired\":true,\"valueName\":\"search_term_string\"}}],\"inLanguage\":\"de\"},{\"@type\":\"Organization\",\"@id\":\"https:\/\/glass-perfume-bottles.com\/#organization\",\"name\":\"HY GLASS\",\"url\":\"https:\/\/glass-perfume-bottles.com\/\",\"logo\":{\"@type\":\"ImageObject\",\"inLanguage\":\"de\",\"@id\":\"https:\/\/glass-perfume-bottles.com\/#\/schema\/logo\/image\/\",\"url\":\"https:\/\/glass-perfume-bottles.com\/wp-content\/uploads\/2023\/09\/logo21.png\",\"contentUrl\":\"https:\/\/glass-perfume-bottles.com\/wp-content\/uploads\/2023\/09\/logo21.png\",\"width\":342,\"height\":268,\"caption\":\"HY GLASS\"},\"image\":{\"@id\":\"https:\/\/glass-perfume-bottles.com\/#\/schema\/logo\/image\/\"}}]}<\/script>\n<!-- \/ Yoast SEO Premium plugin. -->","yoast_head_json":{"title":"Mini glass perfume bottle","description":"3ml Mini glass perfume bottle match the screw spray pump head,\u00a0made of high whitee glass,nini capacity easy to carry\uff0cit's a good choose for travel and home.","robots":{"index":"index","follow":"follow","max-snippet":"max-snippet:-1","max-image-preview":"max-image-preview:large","max-video-preview":"max-video-preview:-1"},"canonical":"https:\/\/glass-perfume-bottles.com\/de\/produkt\/6ml-15ml-mini-glass-perfume-bottle-factory\/","og_locale":"de_DE","og_type":"article","og_title":"6ml-15ml Mini glass perfume bottle factory","og_description":"3ml Mini glass perfume bottle match the screw spray pump head,\u00a0made of high whitee glass,nini capacity easy to carry\uff0cit's a good choose for travel and home.","og_url":"https:\/\/glass-perfume-bottles.com\/de\/produkt\/6ml-15ml-mini-glass-perfume-bottle-factory\/","og_site_name":"HY GLASS","article_modified_time":"2025-01-18T06:33:18+00:00","og_image":[{"width":720,"height":720,"url":"https:\/\/glass-perfume-bottles.com\/wp-content\/uploads\/2025\/01\/6ml-15ml-Mini-glass-perfume-bottle-factory.jpg","type":"image\/jpeg"}],"twitter_card":"summary_large_image","twitter_misc":{"Gesch\u00e4tzte Lesezeit":"1\u00a0Minute"},"schema":{"@context":"https:\/\/schema.org","@graph":[{"@type":"WebPage","@id":"https:\/\/glass-perfume-bottles.com\/product\/6ml-15ml-mini-glass-perfume-bottle-factory\/","url":"https:\/\/glass-perfume-bottles.com\/product\/6ml-15ml-mini-glass-perfume-bottle-factory\/","name":"Mini glass perfume bottle","isPartOf":{"@id":"https:\/\/glass-perfume-bottles.com\/#website"},"primaryImageOfPage":{"@id":"https:\/\/glass-perfume-bottles.com\/product\/6ml-15ml-mini-glass-perfume-bottle-factory\/#primaryimage"},"image":{"@id":"https:\/\/glass-perfume-bottles.com\/product\/6ml-15ml-mini-glass-perfume-bottle-factory\/#primaryimage"},"thumbnailUrl":"https:\/\/glass-perfume-bottles.com\/wp-content\/uploads\/2025\/01\/6ml-15ml-Mini-glass-perfume-bottle-factory.jpg","datePublished":"2025-01-18T03:12:51+00:00","dateModified":"2025-01-18T06:33:18+00:00","description":"3ml Mini glass perfume bottle match the screw spray pump head,\u00a0made of high whitee glass,nini capacity easy to carry\uff0cit's a good choose for travel and home.","breadcrumb":{"@id":"https:\/\/glass-perfume-bottles.com\/product\/6ml-15ml-mini-glass-perfume-bottle-factory\/#breadcrumb"},"inLanguage":"de","potentialAction":[{"@type":"ReadAction","target":["https:\/\/glass-perfume-bottles.com\/product\/6ml-15ml-mini-glass-perfume-bottle-factory\/"]}]},{"@type":"ImageObject","inLanguage":"de","@id":"https:\/\/glass-perfume-bottles.com\/product\/6ml-15ml-mini-glass-perfume-bottle-factory\/#primaryimage","url":"https:\/\/glass-perfume-bottles.com\/wp-content\/uploads\/2025\/01\/6ml-15ml-Mini-glass-perfume-bottle-factory.jpg","contentUrl":"https:\/\/glass-perfume-bottles.com\/wp-content\/uploads\/2025\/01\/6ml-15ml-Mini-glass-perfume-bottle-factory.jpg","width":720,"height":720,"caption":"3ml Mini glass perfume bottle match the screw spray pump head,\u00a0made of low borosilicate,nini capacity easy to carry\uff0cit's a good choose for travel and home."},{"@type":"BreadcrumbList","@id":"https:\/\/glass-perfume-bottles.com\/product\/6ml-15ml-mini-glass-perfume-bottle-factory\/#breadcrumb","itemListElement":[{"@type":"ListItem","position":1,"name":"Home","item":"https:\/\/glass-perfume-bottles.com\/"},{"@type":"ListItem","position":2,"name":"Product","item":"https:\/\/glass-perfume-bottles.com\/custom-made-perfume-bottle-suppliers-and-wholesale\/"},{"@type":"ListItem","position":3,"name":"6ml-15ml Mini glass perfume bottle factory"}]},{"@type":"WebSite","@id":"https:\/\/glass-perfume-bottles.com\/#website","url":"https:\/\/glass-perfume-bottles.com\/","name":"HY GLASS","description":"glass perfume bottle manufacturers &amp; suppliers, aroma reed diffuser bottle wholesale &amp; suppliers","publisher":{"@id":"https:\/\/glass-perfume-bottles.com\/#organization"},"potentialAction":[{"@type":"SearchAction","target":{"@type":"EntryPoint","urlTemplate":"https:\/\/glass-perfume-bottles.com\/?s={search_term_string}"},"query-input":{"@type":"PropertyValueSpecification","valueRequired":true,"valueName":"search_term_string"}}],"inLanguage":"de"},{"@type":"Organization","@id":"https:\/\/glass-perfume-bottles.com\/#organization","name":"HY GLASS","url":"https:\/\/glass-perfume-bottles.com\/","logo":{"@type":"ImageObject","inLanguage":"de","@id":"https:\/\/glass-perfume-bottles.com\/#\/schema\/logo\/image\/","url":"https:\/\/glass-perfume-bottles.com\/wp-content\/uploads\/2023\/09\/logo21.png","contentUrl":"https:\/\/glass-perfume-bottles.com\/wp-content\/uploads\/2023\/09\/logo21.png","width":342,"height":268,"caption":"HY GLASS"},"image":{"@id":"https:\/\/glass-perfume-bottles.com\/#\/schema\/logo\/image\/"}}]}},"taxonomy_info":{"product_cat":[{"value":51,"label":"Glass Perfume Bottle"}],"product_tag":[{"value":120,"label":"Custom perfume bottle supplier"},{"value":81,"label":"Glass perfume bottle manufacturer"},{"value":102,"label":"Home fragrance oil bottle supplier"},{"value":119,"label":"Mini perfume bottle supplier"},{"value":66,"label":"Wholesale glass perfume bottle"}]},"featured_image_src_large":["https:\/\/glass-perfume-bottles.com\/wp-content\/uploads\/2025\/01\/6ml-15ml-Mini-glass-perfume-bottle-factory.jpg",720,720,false],"author_info":[],"comment_info":0,"_links":{"self":[{"href":"https:\/\/glass-perfume-bottles.com\/de\/wp-json\/wp\/v2\/product\/2151","targetHints":{"allow":["GET"]}}],"collection":[{"href":"https:\/\/glass-perfume-bottles.com\/de\/wp-json\/wp\/v2\/product"}],"about":[{"href":"https:\/\/glass-perfume-bottles.com\/de\/wp-json\/wp\/v2\/types\/product"}],"replies":[{"embeddable":true,"href":"https:\/\/glass-perfume-bottles.com\/de\/wp-json\/wp\/v2\/comments?post=2151"}],"wp:featuredmedia":[{"embeddable":true,"href":"https:\/\/glass-perfume-bottles.com\/de\/wp-json\/wp\/v2\/media\/2152"}],"wp:attachment":[{"href":"https:\/\/glass-perfume-bottles.com\/de\/wp-json\/wp\/v2\/media?parent=2151"}],"wp:term":[{"taxonomy":"product_brand","embeddable":true,"href":"https:\/\/glass-perfume-bottles.com\/de\/wp-json\/wp\/v2\/product_brand?post=2151"},{"taxonomy":"product_cat","embeddable":true,"href":"https:\/\/glass-perfume-bottles.com\/de\/wp-json\/wp\/v2\/product_cat?post=2151"},{"taxonomy":"product_tag","embeddable":true,"href":"https:\/\/glass-perfume-bottles.com\/de\/wp-json\/wp\/v2\/product_tag?post=2151"}],"curies":[{"name":"wp","href":"https:\/\/api.w.org\/{rel}","templated":true}]}}