{"id":2215,"date":"2025-01-25T08:16:45","date_gmt":"2025-01-25T08:16:45","guid":{"rendered":"https:\/\/glass-perfume-bottles.com\/?post_type=product&#038;p=2215"},"modified":"2025-01-25T08:23:29","modified_gmt":"2025-01-25T08:23:29","slug":"custom-perfume-bottle-cap","status":"publish","type":"product","link":"https:\/\/glass-perfume-bottles.com\/de\/produkt\/custom-perfume-bottle-cap\/","title":{"rendered":"Lieferant kundenspezifischer Parf\u00fcmflaschenverschl\u00fcsse"},"content":{"rendered":"<table>\n<tbody>\n<tr>\n<td width=\"158\">Produktname<\/td>\n<td width=\"591\">Lieferant kundenspezifischer Parf\u00fcmflaschenverschl\u00fcsse<\/td>\n<\/tr>\n<tr>\n<td width=\"158\">Gr\u00f6\u00dfe<\/td>\n<td width=\"591\">Fea 15 (andere Gr\u00f6\u00dfen verf\u00fcgbar)<\/td>\n<\/tr>\n<tr>\n<td width=\"158\">Mindestbestellmenge<\/td>\n<td width=\"591\">10.000 St\u00fcck (da es ein individuelles Design gibt)<\/td>\n<\/tr>\n<tr>\n<td width=\"158\">Farbe<\/td>\n<td width=\"591\">Silber, Gold, Schwarz oder Sonderfarbe<\/td>\n<\/tr>\n<tr>\n<td width=\"158\">Verwendung<\/td>\n<td width=\"591\">Parf\u00fcmflasche<\/td>\n<\/tr>\n<tr>\n<td width=\"158\">Material<\/td>\n<td width=\"591\">Metall, Zamak, Kunststoff, Surlyn, Aluminium, Holz, Bambus, Kristall, Glas usw.<\/td>\n<\/tr>\n<tr>\n<td width=\"158\">Kappentyp<\/td>\n<td width=\"591\">Crimpen, Schrauben, Einrasten, Manipulationssicher, Kindersicher<\/td>\n<\/tr>\n<tr>\n<td width=\"158\">Oberfl\u00e4che<\/td>\n<td width=\"591\">Lackieren, Bedrucken, Etikettieren, Aufkleben, Hei\u00dfpr\u00e4gen, Pr\u00e4gen, etc.<\/td>\n<\/tr>\n<tr>\n<td width=\"158\">Probe<\/td>\n<td width=\"591\">Kostenlose Probe, Frachtkosten erforderlich.<\/td>\n<\/tr>\n<tr>\n<td width=\"158\">Transport<\/td>\n<td width=\"591\">FedEx\/DHL\/EMS\/UPS\/TNT\/auf dem Seeweg\/auf dem Luftweg usw.<\/td>\n<\/tr>\n<tr>\n<td width=\"158\">Zahlungsweise<\/td>\n<td width=\"591\">T\/T, L\/C, Western Union, Money Gram, Paypal usw.<\/td>\n<\/tr>\n<tr>\n<td width=\"158\">Lieferzeit<\/td>\n<td width=\"591\">Probe 1\u20132 Tage, Auftragsproduktion 20\u201345 Tage, abh\u00e4ngig von den Auftragsdetails.<\/td>\n<\/tr>\n<tr>\n<td width=\"158\">Service<\/td>\n<td width=\"591\">OEM- und ODM-Service, Designservice, Komplettl\u00f6sung<\/td>\n<\/tr>\n<\/tbody>\n<\/table>\n<p><a href=\"https:\/\/glass-perfume-bottles.com\/de\/produkt\/wholesale-k-resin-cap-for-perfume-bottle\/+\/\"><strong>Verschluss einer Parf\u00fcmflasche<\/strong><\/a> sind einzigartige und k\u00fcnstlerische Verschl\u00fcsse, die nicht nur einen funktionalen Zweck erf\u00fcllen, sondern auch den \u00e4sthetischen Reiz von Parf\u00fcmflaschen steigern. Deshalb sind sie sowohl bei Heimwerkern als auch bei kommerziellen Parf\u00fcmmarken eine beliebte Wahl.<\/p>\n<p>Wir bieten auch ma\u00dfgeschneiderte Kappen an, die jedem Designwunsch gerecht werden. Wir produzieren unsere Kappen aus verschiedenen hochwertigen Materialien, darunter verarbeitetes ABS, Surlyn, PP, PE, SAN, Polyester, Polyacetal, PCTA usw.<\/p>\n<p>&nbsp;<\/p>","protected":false},"excerpt":{"rendered":"<p>Parf\u00fcmflaschen-Harz-Kugelkappe aus hochwertigem Harzmaterial, akzeptieren einzigartige Formen und Farben f\u00fcr den Kunden, als professionelle Kappenfabrik senden Sie uns gerne eine Anfrage,<\/p>","protected":false},"featured_media":2216,"comment_status":"open","ping_status":"closed","template":"","meta":{"_kad_blocks_custom_css":"","_kad_blocks_head_custom_js":"","_kad_blocks_body_custom_js":"","_kad_blocks_footer_custom_js":"","_kad_post_transparent":"default","_kad_post_title":"","_kad_post_layout":"default","_kad_post_sidebar_id":"","_kad_post_content_style":"default","_kad_post_vertical_padding":"default","_kad_post_feature":"","_kad_post_feature_position":"","_kad_post_header":false,"_kad_post_footer":false,"_joinchat":[]},"product_brand":[],"product_cat":[52],"product_tag":[131,130,55,57],"class_list":{"0":"post-2215","1":"product","2":"type-product","3":"status-publish","4":"has-post-thumbnail","6":"product_cat-perfume-bottle-caps","7":"product_tag-custom-perfume-cap-suuplier","8":"product_tag-k-resin-cap-for-perfume-bottle","9":"product_tag-perfume-bottle-cap","10":"product_tag-perfume-bottle-cap-suppliers","12":"first","13":"instock","14":"shipping-taxable","15":"product-type-simple","16":"entry","17":"content-bg","18":"loop-entry"},"yoast_head":"<!-- This site is optimized with the Yoast SEO Premium plugin v20.5 (Yoast SEO v24.2) - https:\/\/yoast.com\/wordpress\/plugins\/seo\/ -->\n<title>Perfume bottle cap<\/title>\n<meta name=\"description\" content=\"We can provide perfume bottle cap have highly customizable through various decoration processes. small quantity is possible\" \/>\n<meta name=\"robots\" content=\"index, follow, max-snippet:-1, max-image-preview:large, max-video-preview:-1\" \/>\n<link rel=\"canonical\" href=\"https:\/\/glass-perfume-bottles.com\/de\/prodotto\/custom-perfume-bottle-cap\/\" \/>\n<meta property=\"og:locale\" content=\"de_DE\" \/>\n<meta property=\"og:type\" content=\"article\" \/>\n<meta property=\"og:title\" content=\"Custom perfume bottle cap supplier\" \/>\n<meta property=\"og:description\" content=\"We can provide perfume bottle cap have highly customizable through various decoration processes. small quantity is possible\" \/>\n<meta property=\"og:url\" content=\"https:\/\/glass-perfume-bottles.com\/de\/prodotto\/custom-perfume-bottle-cap\/\" \/>\n<meta property=\"og:site_name\" content=\"HY GLASS\" \/>\n<meta property=\"article:modified_time\" content=\"2025-01-25T08:23:29+00:00\" \/>\n<meta property=\"og:image\" content=\"https:\/\/glass-perfume-bottles.com\/wp-content\/uploads\/2025\/01\/Custom-perfume-bottle-cap.jpg\" \/>\n\t<meta property=\"og:image:width\" content=\"720\" \/>\n\t<meta property=\"og:image:height\" content=\"720\" \/>\n\t<meta property=\"og:image:type\" content=\"image\/jpeg\" \/>\n<meta name=\"twitter:card\" content=\"summary_large_image\" \/>\n<meta name=\"twitter:label1\" content=\"Gesch\u00e4tzte Lesezeit\" \/>\n\t<meta name=\"twitter:data1\" content=\"1\u00a0Minute\" \/>\n<script type=\"application\/ld+json\" class=\"yoast-schema-graph\">{\"@context\":\"https:\/\/schema.org\",\"@graph\":[{\"@type\":\"WebPage\",\"@id\":\"https:\/\/glass-perfume-bottles.com\/it\/prodotto\/custom-perfume-bottle-cap\/\",\"url\":\"https:\/\/glass-perfume-bottles.com\/it\/prodotto\/custom-perfume-bottle-cap\/\",\"name\":\"Perfume bottle cap\",\"isPartOf\":{\"@id\":\"https:\/\/glass-perfume-bottles.com\/#website\"},\"primaryImageOfPage\":{\"@id\":\"https:\/\/glass-perfume-bottles.com\/it\/prodotto\/custom-perfume-bottle-cap\/#primaryimage\"},\"image\":{\"@id\":\"https:\/\/glass-perfume-bottles.com\/it\/prodotto\/custom-perfume-bottle-cap\/#primaryimage\"},\"thumbnailUrl\":\"https:\/\/glass-perfume-bottles.com\/wp-content\/uploads\/2025\/01\/Custom-perfume-bottle-cap.jpg\",\"datePublished\":\"2025-01-25T08:16:45+00:00\",\"dateModified\":\"2025-01-25T08:23:29+00:00\",\"description\":\"We can provide perfume bottle cap have highly customizable through various decoration processes. small quantity is possible\",\"breadcrumb\":{\"@id\":\"https:\/\/glass-perfume-bottles.com\/it\/prodotto\/custom-perfume-bottle-cap\/#breadcrumb\"},\"inLanguage\":\"de\",\"potentialAction\":[{\"@type\":\"ReadAction\",\"target\":[\"https:\/\/glass-perfume-bottles.com\/it\/prodotto\/custom-perfume-bottle-cap\/\"]}]},{\"@type\":\"ImageObject\",\"inLanguage\":\"de\",\"@id\":\"https:\/\/glass-perfume-bottles.com\/it\/prodotto\/custom-perfume-bottle-cap\/#primaryimage\",\"url\":\"https:\/\/glass-perfume-bottles.com\/wp-content\/uploads\/2025\/01\/Custom-perfume-bottle-cap.jpg\",\"contentUrl\":\"https:\/\/glass-perfume-bottles.com\/wp-content\/uploads\/2025\/01\/Custom-perfume-bottle-cap.jpg\",\"width\":720,\"height\":720,\"caption\":\"Custom perfume bottle cap supplier\"},{\"@type\":\"BreadcrumbList\",\"@id\":\"https:\/\/glass-perfume-bottles.com\/it\/prodotto\/custom-perfume-bottle-cap\/#breadcrumb\",\"itemListElement\":[{\"@type\":\"ListItem\",\"position\":1,\"name\":\"Home\",\"item\":\"https:\/\/glass-perfume-bottles.com\/\"},{\"@type\":\"ListItem\",\"position\":2,\"name\":\"Product\",\"item\":\"https:\/\/glass-perfume-bottles.com\/custom-made-perfume-bottle-suppliers-and-wholesale\/\"},{\"@type\":\"ListItem\",\"position\":3,\"name\":\"Custom perfume bottle cap supplier\"}]},{\"@type\":\"WebSite\",\"@id\":\"https:\/\/glass-perfume-bottles.com\/#website\",\"url\":\"https:\/\/glass-perfume-bottles.com\/\",\"name\":\"HY GLASS\",\"description\":\"glass perfume bottle manufacturers &amp; suppliers, aroma reed diffuser bottle wholesale &amp; suppliers\",\"publisher\":{\"@id\":\"https:\/\/glass-perfume-bottles.com\/#organization\"},\"potentialAction\":[{\"@type\":\"SearchAction\",\"target\":{\"@type\":\"EntryPoint\",\"urlTemplate\":\"https:\/\/glass-perfume-bottles.com\/?s={search_term_string}\"},\"query-input\":{\"@type\":\"PropertyValueSpecification\",\"valueRequired\":true,\"valueName\":\"search_term_string\"}}],\"inLanguage\":\"de\"},{\"@type\":\"Organization\",\"@id\":\"https:\/\/glass-perfume-bottles.com\/#organization\",\"name\":\"HY GLASS\",\"url\":\"https:\/\/glass-perfume-bottles.com\/\",\"logo\":{\"@type\":\"ImageObject\",\"inLanguage\":\"de\",\"@id\":\"https:\/\/glass-perfume-bottles.com\/#\/schema\/logo\/image\/\",\"url\":\"https:\/\/glass-perfume-bottles.com\/wp-content\/uploads\/2023\/09\/logo21.png\",\"contentUrl\":\"https:\/\/glass-perfume-bottles.com\/wp-content\/uploads\/2023\/09\/logo21.png\",\"width\":342,\"height\":268,\"caption\":\"HY GLASS\"},\"image\":{\"@id\":\"https:\/\/glass-perfume-bottles.com\/#\/schema\/logo\/image\/\"}}]}<\/script>\n<!-- \/ Yoast SEO Premium plugin. -->","yoast_head_json":{"title":"Perfume bottle cap","description":"We can provide perfume bottle cap have highly customizable through various decoration processes. small quantity is possible","robots":{"index":"index","follow":"follow","max-snippet":"max-snippet:-1","max-image-preview":"max-image-preview:large","max-video-preview":"max-video-preview:-1"},"canonical":"https:\/\/glass-perfume-bottles.com\/de\/prodotto\/custom-perfume-bottle-cap\/","og_locale":"de_DE","og_type":"article","og_title":"Custom perfume bottle cap supplier","og_description":"We can provide perfume bottle cap have highly customizable through various decoration processes. small quantity is possible","og_url":"https:\/\/glass-perfume-bottles.com\/de\/prodotto\/custom-perfume-bottle-cap\/","og_site_name":"HY GLASS","article_modified_time":"2025-01-25T08:23:29+00:00","og_image":[{"width":720,"height":720,"url":"https:\/\/glass-perfume-bottles.com\/wp-content\/uploads\/2025\/01\/Custom-perfume-bottle-cap.jpg","type":"image\/jpeg"}],"twitter_card":"summary_large_image","twitter_misc":{"Gesch\u00e4tzte Lesezeit":"1\u00a0Minute"},"schema":{"@context":"https:\/\/schema.org","@graph":[{"@type":"WebPage","@id":"https:\/\/glass-perfume-bottles.com\/it\/prodotto\/custom-perfume-bottle-cap\/","url":"https:\/\/glass-perfume-bottles.com\/it\/prodotto\/custom-perfume-bottle-cap\/","name":"Perfume bottle cap","isPartOf":{"@id":"https:\/\/glass-perfume-bottles.com\/#website"},"primaryImageOfPage":{"@id":"https:\/\/glass-perfume-bottles.com\/it\/prodotto\/custom-perfume-bottle-cap\/#primaryimage"},"image":{"@id":"https:\/\/glass-perfume-bottles.com\/it\/prodotto\/custom-perfume-bottle-cap\/#primaryimage"},"thumbnailUrl":"https:\/\/glass-perfume-bottles.com\/wp-content\/uploads\/2025\/01\/Custom-perfume-bottle-cap.jpg","datePublished":"2025-01-25T08:16:45+00:00","dateModified":"2025-01-25T08:23:29+00:00","description":"We can provide perfume bottle cap have highly customizable through various decoration processes. small quantity is possible","breadcrumb":{"@id":"https:\/\/glass-perfume-bottles.com\/it\/prodotto\/custom-perfume-bottle-cap\/#breadcrumb"},"inLanguage":"de","potentialAction":[{"@type":"ReadAction","target":["https:\/\/glass-perfume-bottles.com\/it\/prodotto\/custom-perfume-bottle-cap\/"]}]},{"@type":"ImageObject","inLanguage":"de","@id":"https:\/\/glass-perfume-bottles.com\/it\/prodotto\/custom-perfume-bottle-cap\/#primaryimage","url":"https:\/\/glass-perfume-bottles.com\/wp-content\/uploads\/2025\/01\/Custom-perfume-bottle-cap.jpg","contentUrl":"https:\/\/glass-perfume-bottles.com\/wp-content\/uploads\/2025\/01\/Custom-perfume-bottle-cap.jpg","width":720,"height":720,"caption":"Custom perfume bottle cap supplier"},{"@type":"BreadcrumbList","@id":"https:\/\/glass-perfume-bottles.com\/it\/prodotto\/custom-perfume-bottle-cap\/#breadcrumb","itemListElement":[{"@type":"ListItem","position":1,"name":"Home","item":"https:\/\/glass-perfume-bottles.com\/"},{"@type":"ListItem","position":2,"name":"Product","item":"https:\/\/glass-perfume-bottles.com\/custom-made-perfume-bottle-suppliers-and-wholesale\/"},{"@type":"ListItem","position":3,"name":"Custom perfume bottle cap supplier"}]},{"@type":"WebSite","@id":"https:\/\/glass-perfume-bottles.com\/#website","url":"https:\/\/glass-perfume-bottles.com\/","name":"HY GLASS","description":"glass perfume bottle manufacturers &amp; suppliers, aroma reed diffuser bottle wholesale &amp; suppliers","publisher":{"@id":"https:\/\/glass-perfume-bottles.com\/#organization"},"potentialAction":[{"@type":"SearchAction","target":{"@type":"EntryPoint","urlTemplate":"https:\/\/glass-perfume-bottles.com\/?s={search_term_string}"},"query-input":{"@type":"PropertyValueSpecification","valueRequired":true,"valueName":"search_term_string"}}],"inLanguage":"de"},{"@type":"Organization","@id":"https:\/\/glass-perfume-bottles.com\/#organization","name":"HY GLASS","url":"https:\/\/glass-perfume-bottles.com\/","logo":{"@type":"ImageObject","inLanguage":"de","@id":"https:\/\/glass-perfume-bottles.com\/#\/schema\/logo\/image\/","url":"https:\/\/glass-perfume-bottles.com\/wp-content\/uploads\/2023\/09\/logo21.png","contentUrl":"https:\/\/glass-perfume-bottles.com\/wp-content\/uploads\/2023\/09\/logo21.png","width":342,"height":268,"caption":"HY GLASS"},"image":{"@id":"https:\/\/glass-perfume-bottles.com\/#\/schema\/logo\/image\/"}}]}},"taxonomy_info":{"product_cat":[{"value":52,"label":"Perfume Bottle Cap"}],"product_tag":[{"value":131,"label":"Custom perfume cap suuplier"},{"value":130,"label":"K-resin cap for perfume bottle"},{"value":55,"label":"perfume bottle cap"},{"value":57,"label":"perfume bottle cap suppliers"}]},"featured_image_src_large":["https:\/\/glass-perfume-bottles.com\/wp-content\/uploads\/2025\/01\/Custom-perfume-bottle-cap.jpg",720,720,false],"author_info":[],"comment_info":0,"_links":{"self":[{"href":"https:\/\/glass-perfume-bottles.com\/de\/wp-json\/wp\/v2\/product\/2215","targetHints":{"allow":["GET"]}}],"collection":[{"href":"https:\/\/glass-perfume-bottles.com\/de\/wp-json\/wp\/v2\/product"}],"about":[{"href":"https:\/\/glass-perfume-bottles.com\/de\/wp-json\/wp\/v2\/types\/product"}],"replies":[{"embeddable":true,"href":"https:\/\/glass-perfume-bottles.com\/de\/wp-json\/wp\/v2\/comments?post=2215"}],"wp:featuredmedia":[{"embeddable":true,"href":"https:\/\/glass-perfume-bottles.com\/de\/wp-json\/wp\/v2\/media\/2216"}],"wp:attachment":[{"href":"https:\/\/glass-perfume-bottles.com\/de\/wp-json\/wp\/v2\/media?parent=2215"}],"wp:term":[{"taxonomy":"product_brand","embeddable":true,"href":"https:\/\/glass-perfume-bottles.com\/de\/wp-json\/wp\/v2\/product_brand?post=2215"},{"taxonomy":"product_cat","embeddable":true,"href":"https:\/\/glass-perfume-bottles.com\/de\/wp-json\/wp\/v2\/product_cat?post=2215"},{"taxonomy":"product_tag","embeddable":true,"href":"https:\/\/glass-perfume-bottles.com\/de\/wp-json\/wp\/v2\/product_tag?post=2215"}],"curies":[{"name":"wp","href":"https:\/\/api.w.org\/{rel}","templated":true}]}}