{"id":2222,"date":"2025-01-25T08:40:57","date_gmt":"2025-01-25T08:40:57","guid":{"rendered":"https:\/\/glass-perfume-bottles.com\/?post_type=product&#038;p=2222"},"modified":"2025-01-25T08:56:09","modified_gmt":"2025-01-25T08:56:09","slug":"15mm-fine-mist-spray-pump-spray-output-of-fog","status":"publish","type":"product","link":"https:\/\/glass-perfume-bottles.com\/de\/produkt\/15mm-fine-mist-spray-pump-spray-output-of-fog\/","title":{"rendered":"15 mm feiner Spr\u00fchnebel, Pumpspr\u00fchleistung von Nebel"},"content":{"rendered":"<table>\n<tbody>\n<tr>\n<td width=\"158\">Produktname<\/td>\n<td width=\"591\">Feiner Spr\u00fchnebel durch Pumpspr\u00fcher<\/td>\n<\/tr>\n<tr>\n<td width=\"158\">Gr\u00f6\u00dfe<\/td>\n<td width=\"591\">15mm Crimpmund<\/td>\n<\/tr>\n<tr>\n<td width=\"158\">Mindestbestellmenge<\/td>\n<td width=\"591\">10.000 St\u00fcck (da es ein individuelles Design gibt)<\/td>\n<\/tr>\n<tr>\n<td width=\"158\">Farbe<\/td>\n<td width=\"591\">Gold, Schwarz, Silber, Ros\u00e9gold oder Sonderfarbe<\/td>\n<\/tr>\n<tr>\n<td width=\"158\">Verwendung<\/td>\n<td width=\"591\">Parf\u00fcm, Kosmetik, K\u00f6rperpflegemittel usw<\/td>\n<\/tr>\n<tr>\n<td width=\"158\">Material<\/td>\n<td width=\"591\">PP, Aluminium, LDPE usw.<\/td>\n<\/tr>\n<tr>\n<td width=\"158\">Passender Kappentyp<\/td>\n<td width=\"591\">Spender, Zerst\u00e4uber, Pumpen, Zerst\u00e4uber<\/td>\n<\/tr>\n<tr>\n<td width=\"158\">Oberfl\u00e4che<\/td>\n<td width=\"591\">Lackieren, Drucken, Etikettieren, Abziehbilder, Hei\u00dfpr\u00e4gen usw.<\/td>\n<\/tr>\n<tr>\n<td width=\"158\">Dosierung<\/td>\n<td width=\"591\">0,04 ml\/t, 0,06 ml\/t, 0,12 ml\/t, 0,16 ml\/t usw.<\/td>\n<\/tr>\n<tr>\n<td width=\"158\">Probe<\/td>\n<td width=\"591\">Kostenlose Probe, Frachtkosten erforderlich.<\/td>\n<\/tr>\n<tr>\n<td width=\"158\">Transport<\/td>\n<td width=\"591\">FedEx\/DHL\/EMS\/UPS\/TNT\/auf dem Seeweg\/auf dem Luftweg usw.<\/td>\n<\/tr>\n<tr>\n<td width=\"158\">Zahlungsweise<\/td>\n<td width=\"591\">T\/T, L\/C, Western Union, Money Gram, Paypal usw.<\/td>\n<\/tr>\n<tr>\n<td width=\"158\">Lieferzeit<\/td>\n<td width=\"591\">Probe 1\u20132 Tage, Auftragsproduktion 20\u201345 Tage, abh\u00e4ngig von den Auftragsdetails.<\/td>\n<\/tr>\n<tr>\n<td width=\"158\">Service<\/td>\n<td width=\"591\">OEM- und ODM-Service, Designservice, Komplettl\u00f6sung<\/td>\n<\/tr>\n<\/tbody>\n<\/table>\n<p>Farbige Aluminiumsprays f\u00fcr Parf\u00fcmflaschen sind unverzichtbar f\u00fcr alle, die gerne D\u00fcfte tragen. Sie erm\u00f6glichen ein gleichm\u00e4\u00dfiges und pr\u00e4zises Auftragen von Parf\u00fcm, ohne dass Ihre Lieblingsd\u00fcfte verloren gehen. Ein Parf\u00fcmzerst\u00e4uber ist ein kleines, handliches Ger\u00e4t, mit dem Sie Parf\u00fcm auf K\u00f6rper oder Kleidung auftragen k\u00f6nnen.<\/p>\n<ul>\n<li><strong>Leichter Nebel<\/strong>: Jeder Spr\u00fchsto\u00df gibt normalerweise 0,1\u20130,2 Milliliter ab, ist f\u00fcr den t\u00e4glichen Gebrauch geeignet und verstr\u00f6mt einen sanften Duft.<\/li>\n<li><strong>Mittlerer Nebel<\/strong>: Jeder Spr\u00fchsto\u00df gibt 0,2\u20130,4 Milliliter ab, passend f\u00fcr verschiedene Anl\u00e4sse, und erh\u00f6ht effektiv die Duftkonzentration.<\/li>\n<li><strong>Dichter Nebel<\/strong>: Jeder Spr\u00fchsto\u00df gibt mehr als 0,4 Milliliter ab, geeignet f\u00fcr besondere Anl\u00e4sse oder Benutzer, die einen st\u00e4rkeren Duft w\u00fcnschen.<\/li>\n<\/ul>\n<p>Als Profi\u00a0<a href=\"https:\/\/glass-perfume-bottles.com\/de\/produkt\/15mm-custom-gold-crimp-spray-pump-supplier\/\">benutzerdefinierte Spr\u00fchpumpe<\/a> Ab Werk k\u00f6nnen wir Spr\u00fchpumpen verschiedener Art f\u00fcr Kunden herstellen, von 13 mm bis 24 mm Gr\u00f6\u00dfe Spr\u00fchpumpen verschiedener Gr\u00f6\u00dfen f\u00fcr Ihre Pr\u00fcfung, Material kann Aluminium, PP usw. sein, wir k\u00f6nnen auch Gold, Schwarz, Lila, Rot in allen gew\u00fcnschten Farben anpassen, unser feiner Nebelparf\u00fcm <a href=\"https:\/\/glass-perfume-bottles.com\/de\/produkt\/glass-perfume-bottle-spray-pump-supplier\/\">Spr\u00fchpumpe<\/a> spielen eine hervorragende Rolle bei der Gew\u00e4hrleistung eines gleichm\u00e4\u00dfigen und ungehinderten Ausflusses des Parf\u00fcms aus der Flasche.<\/p>\n<p>Die hochwertige Verarbeitung und Haltbarkeit des Parf\u00fcms sind flie\u00dfend. Wir stellen Sprays aus verschiedenen Materialien und in unterschiedlichen Formen\/Gr\u00f6\u00dfen her. Bitte kontaktieren Sie uns.<\/p>\n<p>&nbsp;<\/p>","protected":false},"excerpt":{"rendered":"<p>Als Profi\u00a0<a href=\"https:\/\/glass-perfume-bottles.com\/de\/produkt\/15mm-custom-gold-crimp-spray-pump-supplier\/\">benutzerdefinierte Spr\u00fchpumpe<\/a> Ab Werk k\u00f6nnen wir Spr\u00fchpumpen verschiedener Art f\u00fcr Kunden herstellen, von 13 mm bis 24 mm Gr\u00f6\u00dfe Spr\u00fchpumpen verschiedener Gr\u00f6\u00dfen f\u00fcr Ihre Pr\u00fcfung, Material kann Aluminium, PP usw. sein, wir k\u00f6nnen auch Gold, Schwarz, Lila, Rot in allen gew\u00fcnschten Farben anpassen, unser feiner Nebelparf\u00fcm <a href=\"https:\/\/glass-perfume-bottles.com\/de\/produkt\/glass-perfume-bottle-spray-pump-supplier\/\">Spr\u00fchpumpe<\/a> spielen eine hervorragende Rolle bei der Gew\u00e4hrleistung eines gleichm\u00e4\u00dfigen und ungehinderten Ausflusses des Parf\u00fcms aus der Flasche.<\/p>","protected":false},"featured_media":2224,"comment_status":"open","ping_status":"closed","template":"","meta":{"_kad_blocks_custom_css":"","_kad_blocks_head_custom_js":"","_kad_blocks_body_custom_js":"","_kad_blocks_footer_custom_js":"","_kad_post_transparent":"default","_kad_post_title":"","_kad_post_layout":"default","_kad_post_sidebar_id":"","_kad_post_content_style":"default","_kad_post_vertical_padding":"default","_kad_post_feature":"","_kad_post_feature_position":"","_kad_post_header":false,"_kad_post_footer":false,"_joinchat":[]},"product_brand":[],"product_cat":[53],"product_tag":[125,60,129,127,128],"class_list":{"0":"post-2222","1":"product","2":"type-product","3":"status-publish","4":"has-post-thumbnail","6":"product_cat-perfume-bottle-sprayer","7":"product_tag-aluminum-crimp-pump-factory","8":"product_tag-bottle-sprayer-manufacturer","9":"product_tag-color-fine-mist-spray-pump-wholesale","10":"product_tag-custom-sprayer-pump","11":"product_tag-screw-mouth-sprayer-pump","13":"first","14":"instock","15":"shipping-taxable","16":"product-type-simple","17":"entry","18":"content-bg","19":"loop-entry"},"yoast_head":"<!-- This site is optimized with the Yoast SEO Premium plugin v20.5 (Yoast SEO v24.2) - https:\/\/yoast.com\/wordpress\/plugins\/seo\/ -->\n<title>Fine mist spray pump<\/title>\n<meta name=\"description\" content=\"High quality custom Fine mist spray pump factory,our fine mist spray pump carry excellent role ensuring smooth and unhinged flow of perfume from the bottle.\" \/>\n<meta name=\"robots\" content=\"index, follow, max-snippet:-1, max-image-preview:large, max-video-preview:-1\" \/>\n<link rel=\"canonical\" href=\"https:\/\/glass-perfume-bottles.com\/de\/producto\/15mm-fine-mist-spray-pump-spray-output-of-fog\/\" \/>\n<meta property=\"og:locale\" content=\"de_DE\" \/>\n<meta property=\"og:type\" content=\"article\" \/>\n<meta property=\"og:title\" content=\"15mm Fine mist spray pump spray output of fog\" \/>\n<meta property=\"og:description\" content=\"High quality custom Fine mist spray pump factory,our fine mist spray pump carry excellent role ensuring smooth and unhinged flow of perfume from the bottle.\" \/>\n<meta property=\"og:url\" content=\"https:\/\/glass-perfume-bottles.com\/de\/producto\/15mm-fine-mist-spray-pump-spray-output-of-fog\/\" \/>\n<meta property=\"og:site_name\" content=\"HY GLASS\" \/>\n<meta property=\"article:modified_time\" content=\"2025-01-25T08:56:09+00:00\" \/>\n<meta property=\"og:image\" content=\"https:\/\/glass-perfume-bottles.com\/wp-content\/uploads\/2025\/01\/15mm-Fine-mist-spray-pump-spray-output-of-fog.jpg\" \/>\n\t<meta property=\"og:image:width\" content=\"720\" \/>\n\t<meta property=\"og:image:height\" content=\"720\" \/>\n\t<meta property=\"og:image:type\" content=\"image\/jpeg\" \/>\n<meta name=\"twitter:card\" content=\"summary_large_image\" \/>\n<meta name=\"twitter:label1\" content=\"Gesch\u00e4tzte Lesezeit\" \/>\n\t<meta name=\"twitter:data1\" content=\"2\u00a0Minuten\" \/>\n<script type=\"application\/ld+json\" class=\"yoast-schema-graph\">{\"@context\":\"https:\/\/schema.org\",\"@graph\":[{\"@type\":\"WebPage\",\"@id\":\"https:\/\/glass-perfume-bottles.com\/es\/producto\/15mm-fine-mist-spray-pump-spray-output-of-fog\/\",\"url\":\"https:\/\/glass-perfume-bottles.com\/es\/producto\/15mm-fine-mist-spray-pump-spray-output-of-fog\/\",\"name\":\"Fine mist spray pump\",\"isPartOf\":{\"@id\":\"https:\/\/glass-perfume-bottles.com\/#website\"},\"primaryImageOfPage\":{\"@id\":\"https:\/\/glass-perfume-bottles.com\/es\/producto\/15mm-fine-mist-spray-pump-spray-output-of-fog\/#primaryimage\"},\"image\":{\"@id\":\"https:\/\/glass-perfume-bottles.com\/es\/producto\/15mm-fine-mist-spray-pump-spray-output-of-fog\/#primaryimage\"},\"thumbnailUrl\":\"https:\/\/glass-perfume-bottles.com\/wp-content\/uploads\/2025\/01\/15mm-Fine-mist-spray-pump-spray-output-of-fog.jpg\",\"datePublished\":\"2025-01-25T08:40:57+00:00\",\"dateModified\":\"2025-01-25T08:56:09+00:00\",\"description\":\"High quality custom Fine mist spray pump factory,our fine mist spray pump carry excellent role ensuring smooth and unhinged flow of perfume from the bottle.\",\"breadcrumb\":{\"@id\":\"https:\/\/glass-perfume-bottles.com\/es\/producto\/15mm-fine-mist-spray-pump-spray-output-of-fog\/#breadcrumb\"},\"inLanguage\":\"de\",\"potentialAction\":[{\"@type\":\"ReadAction\",\"target\":[\"https:\/\/glass-perfume-bottles.com\/es\/producto\/15mm-fine-mist-spray-pump-spray-output-of-fog\/\"]}]},{\"@type\":\"ImageObject\",\"inLanguage\":\"de\",\"@id\":\"https:\/\/glass-perfume-bottles.com\/es\/producto\/15mm-fine-mist-spray-pump-spray-output-of-fog\/#primaryimage\",\"url\":\"https:\/\/glass-perfume-bottles.com\/wp-content\/uploads\/2025\/01\/15mm-Fine-mist-spray-pump-spray-output-of-fog.jpg\",\"contentUrl\":\"https:\/\/glass-perfume-bottles.com\/wp-content\/uploads\/2025\/01\/15mm-Fine-mist-spray-pump-spray-output-of-fog.jpg\",\"width\":720,\"height\":720,\"caption\":\"15mm Fine mist spray pump spray output of fog\"},{\"@type\":\"BreadcrumbList\",\"@id\":\"https:\/\/glass-perfume-bottles.com\/es\/producto\/15mm-fine-mist-spray-pump-spray-output-of-fog\/#breadcrumb\",\"itemListElement\":[{\"@type\":\"ListItem\",\"position\":1,\"name\":\"Home\",\"item\":\"https:\/\/glass-perfume-bottles.com\/\"},{\"@type\":\"ListItem\",\"position\":2,\"name\":\"Product\",\"item\":\"https:\/\/glass-perfume-bottles.com\/custom-made-perfume-bottle-suppliers-and-wholesale\/\"},{\"@type\":\"ListItem\",\"position\":3,\"name\":\"15mm Fine mist spray pump spray output of fog\"}]},{\"@type\":\"WebSite\",\"@id\":\"https:\/\/glass-perfume-bottles.com\/#website\",\"url\":\"https:\/\/glass-perfume-bottles.com\/\",\"name\":\"HY GLASS\",\"description\":\"glass perfume bottle manufacturers &amp; suppliers, aroma reed diffuser bottle wholesale &amp; suppliers\",\"publisher\":{\"@id\":\"https:\/\/glass-perfume-bottles.com\/#organization\"},\"potentialAction\":[{\"@type\":\"SearchAction\",\"target\":{\"@type\":\"EntryPoint\",\"urlTemplate\":\"https:\/\/glass-perfume-bottles.com\/?s={search_term_string}\"},\"query-input\":{\"@type\":\"PropertyValueSpecification\",\"valueRequired\":true,\"valueName\":\"search_term_string\"}}],\"inLanguage\":\"de\"},{\"@type\":\"Organization\",\"@id\":\"https:\/\/glass-perfume-bottles.com\/#organization\",\"name\":\"HY GLASS\",\"url\":\"https:\/\/glass-perfume-bottles.com\/\",\"logo\":{\"@type\":\"ImageObject\",\"inLanguage\":\"de\",\"@id\":\"https:\/\/glass-perfume-bottles.com\/#\/schema\/logo\/image\/\",\"url\":\"https:\/\/glass-perfume-bottles.com\/wp-content\/uploads\/2023\/09\/logo21.png\",\"contentUrl\":\"https:\/\/glass-perfume-bottles.com\/wp-content\/uploads\/2023\/09\/logo21.png\",\"width\":342,\"height\":268,\"caption\":\"HY GLASS\"},\"image\":{\"@id\":\"https:\/\/glass-perfume-bottles.com\/#\/schema\/logo\/image\/\"}}]}<\/script>\n<!-- \/ Yoast SEO Premium plugin. -->","yoast_head_json":{"title":"Fine mist spray pump","description":"High quality custom Fine mist spray pump factory,our fine mist spray pump carry excellent role ensuring smooth and unhinged flow of perfume from the bottle.","robots":{"index":"index","follow":"follow","max-snippet":"max-snippet:-1","max-image-preview":"max-image-preview:large","max-video-preview":"max-video-preview:-1"},"canonical":"https:\/\/glass-perfume-bottles.com\/de\/producto\/15mm-fine-mist-spray-pump-spray-output-of-fog\/","og_locale":"de_DE","og_type":"article","og_title":"15mm Fine mist spray pump spray output of fog","og_description":"High quality custom Fine mist spray pump factory,our fine mist spray pump carry excellent role ensuring smooth and unhinged flow of perfume from the bottle.","og_url":"https:\/\/glass-perfume-bottles.com\/de\/producto\/15mm-fine-mist-spray-pump-spray-output-of-fog\/","og_site_name":"HY GLASS","article_modified_time":"2025-01-25T08:56:09+00:00","og_image":[{"width":720,"height":720,"url":"https:\/\/glass-perfume-bottles.com\/wp-content\/uploads\/2025\/01\/15mm-Fine-mist-spray-pump-spray-output-of-fog.jpg","type":"image\/jpeg"}],"twitter_card":"summary_large_image","twitter_misc":{"Gesch\u00e4tzte Lesezeit":"2\u00a0Minuten"},"schema":{"@context":"https:\/\/schema.org","@graph":[{"@type":"WebPage","@id":"https:\/\/glass-perfume-bottles.com\/es\/producto\/15mm-fine-mist-spray-pump-spray-output-of-fog\/","url":"https:\/\/glass-perfume-bottles.com\/es\/producto\/15mm-fine-mist-spray-pump-spray-output-of-fog\/","name":"Fine mist spray pump","isPartOf":{"@id":"https:\/\/glass-perfume-bottles.com\/#website"},"primaryImageOfPage":{"@id":"https:\/\/glass-perfume-bottles.com\/es\/producto\/15mm-fine-mist-spray-pump-spray-output-of-fog\/#primaryimage"},"image":{"@id":"https:\/\/glass-perfume-bottles.com\/es\/producto\/15mm-fine-mist-spray-pump-spray-output-of-fog\/#primaryimage"},"thumbnailUrl":"https:\/\/glass-perfume-bottles.com\/wp-content\/uploads\/2025\/01\/15mm-Fine-mist-spray-pump-spray-output-of-fog.jpg","datePublished":"2025-01-25T08:40:57+00:00","dateModified":"2025-01-25T08:56:09+00:00","description":"High quality custom Fine mist spray pump factory,our fine mist spray pump carry excellent role ensuring smooth and unhinged flow of perfume from the bottle.","breadcrumb":{"@id":"https:\/\/glass-perfume-bottles.com\/es\/producto\/15mm-fine-mist-spray-pump-spray-output-of-fog\/#breadcrumb"},"inLanguage":"de","potentialAction":[{"@type":"ReadAction","target":["https:\/\/glass-perfume-bottles.com\/es\/producto\/15mm-fine-mist-spray-pump-spray-output-of-fog\/"]}]},{"@type":"ImageObject","inLanguage":"de","@id":"https:\/\/glass-perfume-bottles.com\/es\/producto\/15mm-fine-mist-spray-pump-spray-output-of-fog\/#primaryimage","url":"https:\/\/glass-perfume-bottles.com\/wp-content\/uploads\/2025\/01\/15mm-Fine-mist-spray-pump-spray-output-of-fog.jpg","contentUrl":"https:\/\/glass-perfume-bottles.com\/wp-content\/uploads\/2025\/01\/15mm-Fine-mist-spray-pump-spray-output-of-fog.jpg","width":720,"height":720,"caption":"15mm Fine mist spray pump spray output of fog"},{"@type":"BreadcrumbList","@id":"https:\/\/glass-perfume-bottles.com\/es\/producto\/15mm-fine-mist-spray-pump-spray-output-of-fog\/#breadcrumb","itemListElement":[{"@type":"ListItem","position":1,"name":"Home","item":"https:\/\/glass-perfume-bottles.com\/"},{"@type":"ListItem","position":2,"name":"Product","item":"https:\/\/glass-perfume-bottles.com\/custom-made-perfume-bottle-suppliers-and-wholesale\/"},{"@type":"ListItem","position":3,"name":"15mm Fine mist spray pump spray output of fog"}]},{"@type":"WebSite","@id":"https:\/\/glass-perfume-bottles.com\/#website","url":"https:\/\/glass-perfume-bottles.com\/","name":"HY GLASS","description":"glass perfume bottle manufacturers &amp; suppliers, aroma reed diffuser bottle wholesale &amp; suppliers","publisher":{"@id":"https:\/\/glass-perfume-bottles.com\/#organization"},"potentialAction":[{"@type":"SearchAction","target":{"@type":"EntryPoint","urlTemplate":"https:\/\/glass-perfume-bottles.com\/?s={search_term_string}"},"query-input":{"@type":"PropertyValueSpecification","valueRequired":true,"valueName":"search_term_string"}}],"inLanguage":"de"},{"@type":"Organization","@id":"https:\/\/glass-perfume-bottles.com\/#organization","name":"HY GLASS","url":"https:\/\/glass-perfume-bottles.com\/","logo":{"@type":"ImageObject","inLanguage":"de","@id":"https:\/\/glass-perfume-bottles.com\/#\/schema\/logo\/image\/","url":"https:\/\/glass-perfume-bottles.com\/wp-content\/uploads\/2023\/09\/logo21.png","contentUrl":"https:\/\/glass-perfume-bottles.com\/wp-content\/uploads\/2023\/09\/logo21.png","width":342,"height":268,"caption":"HY GLASS"},"image":{"@id":"https:\/\/glass-perfume-bottles.com\/#\/schema\/logo\/image\/"}}]}},"taxonomy_info":{"product_cat":[{"value":53,"label":"Perfume Bottle Sprayer"}],"product_tag":[{"value":125,"label":"Aluminum Crimp Pump Factory"},{"value":60,"label":"bottle sprayer manufacturer"},{"value":129,"label":"Color fine mist spray pump wholesale"},{"value":127,"label":"Custom sprayer pump"},{"value":128,"label":"Screw mouth sprayer pump"}]},"featured_image_src_large":["https:\/\/glass-perfume-bottles.com\/wp-content\/uploads\/2025\/01\/15mm-Fine-mist-spray-pump-spray-output-of-fog.jpg",720,720,false],"author_info":[],"comment_info":0,"_links":{"self":[{"href":"https:\/\/glass-perfume-bottles.com\/de\/wp-json\/wp\/v2\/product\/2222","targetHints":{"allow":["GET"]}}],"collection":[{"href":"https:\/\/glass-perfume-bottles.com\/de\/wp-json\/wp\/v2\/product"}],"about":[{"href":"https:\/\/glass-perfume-bottles.com\/de\/wp-json\/wp\/v2\/types\/product"}],"replies":[{"embeddable":true,"href":"https:\/\/glass-perfume-bottles.com\/de\/wp-json\/wp\/v2\/comments?post=2222"}],"wp:featuredmedia":[{"embeddable":true,"href":"https:\/\/glass-perfume-bottles.com\/de\/wp-json\/wp\/v2\/media\/2224"}],"wp:attachment":[{"href":"https:\/\/glass-perfume-bottles.com\/de\/wp-json\/wp\/v2\/media?parent=2222"}],"wp:term":[{"taxonomy":"product_brand","embeddable":true,"href":"https:\/\/glass-perfume-bottles.com\/de\/wp-json\/wp\/v2\/product_brand?post=2222"},{"taxonomy":"product_cat","embeddable":true,"href":"https:\/\/glass-perfume-bottles.com\/de\/wp-json\/wp\/v2\/product_cat?post=2222"},{"taxonomy":"product_tag","embeddable":true,"href":"https:\/\/glass-perfume-bottles.com\/de\/wp-json\/wp\/v2\/product_tag?post=2222"}],"curies":[{"name":"wp","href":"https:\/\/api.w.org\/{rel}","templated":true}]}}