{"id":2230,"date":"2025-01-31T07:21:05","date_gmt":"2025-01-31T07:21:05","guid":{"rendered":"https:\/\/glass-perfume-bottles.com\/?post_type=product&#038;p=2230"},"modified":"2025-01-31T07:42:13","modified_gmt":"2025-01-31T07:42:13","slug":"custom-perfume-bottle-drawer-box-supplier","status":"publish","type":"product","link":"https:\/\/glass-perfume-bottles.com\/de\/produkt\/custom-perfume-bottle-drawer-box-supplier\/","title":{"rendered":"Lieferant von kundenspezifischen Parf\u00fcmflaschen-Schubladenboxen"},"content":{"rendered":"<table>\n<tbody>\n<tr>\n<td width=\"158\">Produktname<\/td>\n<td width=\"591\">Lieferant von Schubladenboxen f\u00fcr Parf\u00fcmflaschen<\/td>\n<\/tr>\n<tr>\n<td width=\"158\">Material<\/td>\n<td width=\"591\">Beschichtetes Papier + innerer EVA-Einsatz<\/td>\n<\/tr>\n<tr>\n<td width=\"158\">Druckhandhabung<\/td>\n<td width=\"591\">Glanz-\/Mattlack, Glanz-\/Mattlaminierung, Gold-\/Silberfolienpr\u00e4gung, Spot-UV, Pr\u00e4gung usw.<\/td>\n<\/tr>\n<tr>\n<td width=\"158\">Boxen Zubeh\u00f6r<\/td>\n<td width=\"591\">EVA-Flockeins\u00e4tze.<\/td>\n<\/tr>\n<tr>\n<td width=\"158\">Verwendet f\u00fcr<\/td>\n<td width=\"591\">Parf\u00fcm, Kosmetikverpackung, Geschenk, Verpackung f\u00fcr \u00e4therische \u00d6le usw.<\/td>\n<\/tr>\n<tr>\n<td width=\"158\">Form<\/td>\n<td width=\"591\">Buchform, mit klappbarem oder umklappbarem Einband, tragbare Form oder individuelle Form.<\/td>\n<\/tr>\n<tr>\n<td width=\"158\">Farbe<\/td>\n<td width=\"591\">4-Farben-Prozess (CMYK) oder Pantone-Farben (PMS)<\/td>\n<\/tr>\n<tr>\n<td width=\"158\">Artwork-Format<\/td>\n<td width=\"591\">AI, PDF, PS, CDR usw.<\/td>\n<\/tr>\n<tr>\n<td width=\"158\">Mindestbestellmenge<\/td>\n<td width=\"591\">500 St\u00fcck<\/td>\n<\/tr>\n<tr>\n<td width=\"158\">Probe<\/td>\n<td width=\"591\">Probenkosten und Versandkosten erforderlich<\/td>\n<\/tr>\n<tr>\n<td width=\"158\">Transport<\/td>\n<td width=\"591\">FedEx\/DHL\/EMS\/UPS\/TNT\/auf dem Seeweg\/auf dem Luftweg usw.<\/td>\n<\/tr>\n<tr>\n<td width=\"158\">Zahlungsweise<\/td>\n<td width=\"591\">T\/T, L\/C, Western Union, Money Gram, Paypal usw.<\/td>\n<\/tr>\n<tr>\n<td width=\"158\">Lieferzeit<\/td>\n<td width=\"591\">Probe 5\u20137 Tage, Auftragsproduktion 10\u201320 Tage, abh\u00e4ngig von den Auftragsdetails.<\/td>\n<\/tr>\n<tr>\n<td width=\"158\">Service<\/td>\n<td width=\"591\">OEM- und ODM-Service, Designservice, Komplettl\u00f6sung<\/td>\n<\/tr>\n<\/tbody>\n<\/table>\n<p>&nbsp;<\/p>\n<p>Als professionelle Parf\u00fcmflaschenfabrik liefern wir auch verschiedene Parf\u00fcmflaschenpakete f\u00fcr Kunden, unsere <a href=\"https:\/\/glass-perfume-bottles.com\/de\/produkt\/custom-cylinder-paper-tube-box-supplier\/\">Geschenkbox<\/a> Hergestellt aus guten Materialien und Rohstoffen, wir k\u00f6nnen individuelle Buchformen herstellen, mit klappbarem oder umklappbarem Einband, tragbarer Form oder individueller Form. Hohe Festigkeit, keine Verformung, kein Verblassen, langlebig, verschiedene Stile zur beliebigen Auswahl.<\/p>\n<p>Ma\u00dfgeschneiderte Parf\u00fcmflaschen-Schubladenboxen in unterschiedlichen Gr\u00f6\u00dfen und Materialien. Wie Kraftpapier, Karton, Kunstdruckpapier, Wellpappe, beschichtetes Papier usw. und der Parf\u00fcmbox-Druck mit unterschiedlicher Technologie.<\/p>\n<p>&nbsp;<\/p>","protected":false},"excerpt":{"rendered":"<p>Als professionelle Parf\u00fcmflaschenfabrik liefern wir auch verschiedene Parf\u00fcmflaschenpakete f\u00fcr Kunden, unsere <a href=\"https:\/\/glass-perfume-bottles.com\/de\/produkt\/custom-cylinder-paper-tube-box-supplier\/\">Geschenkbox<\/a> Hergestellt aus guten Materialien und Rohstoffen, wir k\u00f6nnen individuelle Buchformen herstellen, mit klappbarem oder umklappbarem Einband, tragbarer Form oder individueller Form. Hohe Festigkeit, keine Verformung, kein Verblassen, langlebig, verschiedene Stile zur beliebigen Auswahl.<\/p>","protected":false},"featured_media":2231,"comment_status":"open","ping_status":"closed","template":"","meta":{"_kad_blocks_custom_css":"","_kad_blocks_head_custom_js":"","_kad_blocks_body_custom_js":"","_kad_blocks_footer_custom_js":"","_kad_post_transparent":"default","_kad_post_title":"","_kad_post_layout":"default","_kad_post_sidebar_id":"","_kad_post_content_style":"default","_kad_post_vertical_padding":"default","_kad_post_feature":"","_kad_post_feature_position":"","_kad_post_header":false,"_kad_post_footer":false,"_joinchat":[]},"product_brand":[],"product_cat":[54],"product_tag":[134,136,62,61,135],"class_list":{"0":"post-2230","1":"product","2":"type-product","3":"status-publish","4":"has-post-thumbnail","6":"product_cat-perfume-bottle-packaging","7":"product_tag-custom-perfume-bottle-box","8":"product_tag-drawer-gift-box-supplier","9":"product_tag-packaging-box","10":"product_tag-perfume-box","11":"product_tag-wholesale-perfume-bottle-box","13":"first","14":"instock","15":"shipping-taxable","16":"product-type-simple","17":"entry","18":"content-bg","19":"loop-entry"},"yoast_head":"<!-- This site is optimized with the Yoast SEO Premium plugin v20.5 (Yoast SEO v24.2) - https:\/\/yoast.com\/wordpress\/plugins\/seo\/ -->\n<title>Drawer box<\/title>\n<meta name=\"description\" content=\"We can supply different perfume bottle package for client, our gift box can custom \u3001drawer box\u3001Book\u3001with cover folding\u3001flip\u3001portable or customized shape.\" \/>\n<meta name=\"robots\" content=\"index, follow, max-snippet:-1, max-image-preview:large, max-video-preview:-1\" \/>\n<link rel=\"canonical\" href=\"https:\/\/glass-perfume-bottles.com\/de\/produkt\/custom-perfume-bottle-drawer-box-supplier\/\" \/>\n<meta property=\"og:locale\" content=\"de_DE\" \/>\n<meta property=\"og:type\" content=\"article\" \/>\n<meta property=\"og:title\" content=\"Custom perfume bottle drawer box supplier\" \/>\n<meta property=\"og:description\" content=\"We can supply different perfume bottle package for client, our gift box can custom \u3001drawer box\u3001Book\u3001with cover folding\u3001flip\u3001portable or customized shape.\" \/>\n<meta property=\"og:url\" content=\"https:\/\/glass-perfume-bottles.com\/de\/produkt\/custom-perfume-bottle-drawer-box-supplier\/\" \/>\n<meta property=\"og:site_name\" content=\"HY GLASS\" \/>\n<meta property=\"article:modified_time\" content=\"2025-01-31T07:42:13+00:00\" \/>\n<meta property=\"og:image\" content=\"https:\/\/glass-perfume-bottles.com\/wp-content\/uploads\/2025\/01\/Custom-perfume-bottle-drawer-box-supplier.jpg\" \/>\n\t<meta property=\"og:image:width\" content=\"720\" \/>\n\t<meta property=\"og:image:height\" content=\"720\" \/>\n\t<meta property=\"og:image:type\" content=\"image\/jpeg\" \/>\n<meta name=\"twitter:card\" content=\"summary_large_image\" \/>\n<meta name=\"twitter:label1\" content=\"Gesch\u00e4tzte Lesezeit\" \/>\n\t<meta name=\"twitter:data1\" content=\"1\u00a0Minute\" \/>\n<script type=\"application\/ld+json\" class=\"yoast-schema-graph\">{\"@context\":\"https:\/\/schema.org\",\"@graph\":[{\"@type\":\"WebPage\",\"@id\":\"https:\/\/glass-perfume-bottles.com\/product\/custom-perfume-bottle-drawer-box-supplier\/\",\"url\":\"https:\/\/glass-perfume-bottles.com\/product\/custom-perfume-bottle-drawer-box-supplier\/\",\"name\":\"Drawer box\",\"isPartOf\":{\"@id\":\"https:\/\/glass-perfume-bottles.com\/#website\"},\"primaryImageOfPage\":{\"@id\":\"https:\/\/glass-perfume-bottles.com\/product\/custom-perfume-bottle-drawer-box-supplier\/#primaryimage\"},\"image\":{\"@id\":\"https:\/\/glass-perfume-bottles.com\/product\/custom-perfume-bottle-drawer-box-supplier\/#primaryimage\"},\"thumbnailUrl\":\"https:\/\/glass-perfume-bottles.com\/wp-content\/uploads\/2025\/01\/Custom-perfume-bottle-drawer-box-supplier.jpg\",\"datePublished\":\"2025-01-31T07:21:05+00:00\",\"dateModified\":\"2025-01-31T07:42:13+00:00\",\"description\":\"We can supply different perfume bottle package for client, our gift box can custom \u3001drawer box\u3001Book\u3001with cover folding\u3001flip\u3001portable or customized shape.\",\"breadcrumb\":{\"@id\":\"https:\/\/glass-perfume-bottles.com\/product\/custom-perfume-bottle-drawer-box-supplier\/#breadcrumb\"},\"inLanguage\":\"de\",\"potentialAction\":[{\"@type\":\"ReadAction\",\"target\":[\"https:\/\/glass-perfume-bottles.com\/product\/custom-perfume-bottle-drawer-box-supplier\/\"]}]},{\"@type\":\"ImageObject\",\"inLanguage\":\"de\",\"@id\":\"https:\/\/glass-perfume-bottles.com\/product\/custom-perfume-bottle-drawer-box-supplier\/#primaryimage\",\"url\":\"https:\/\/glass-perfume-bottles.com\/wp-content\/uploads\/2025\/01\/Custom-perfume-bottle-drawer-box-supplier.jpg\",\"contentUrl\":\"https:\/\/glass-perfume-bottles.com\/wp-content\/uploads\/2025\/01\/Custom-perfume-bottle-drawer-box-supplier.jpg\",\"width\":720,\"height\":720,\"caption\":\"As a professional perfume bottle factory, we also supply different perfume bottle package for client, our gift box made of good material and raw materials, we can custom Book shape\u3001with cover folding\u3001flip\u3001portable shape or customized shape.high firmness, no deformation, no fading, durable, a variety of styles arbitrary choice.\"},{\"@type\":\"BreadcrumbList\",\"@id\":\"https:\/\/glass-perfume-bottles.com\/product\/custom-perfume-bottle-drawer-box-supplier\/#breadcrumb\",\"itemListElement\":[{\"@type\":\"ListItem\",\"position\":1,\"name\":\"Home\",\"item\":\"https:\/\/glass-perfume-bottles.com\/\"},{\"@type\":\"ListItem\",\"position\":2,\"name\":\"Product\",\"item\":\"https:\/\/glass-perfume-bottles.com\/custom-made-perfume-bottle-suppliers-and-wholesale\/\"},{\"@type\":\"ListItem\",\"position\":3,\"name\":\"Custom perfume bottle drawer box supplier\"}]},{\"@type\":\"WebSite\",\"@id\":\"https:\/\/glass-perfume-bottles.com\/#website\",\"url\":\"https:\/\/glass-perfume-bottles.com\/\",\"name\":\"HY GLASS\",\"description\":\"glass perfume bottle manufacturers &amp; suppliers, aroma reed diffuser bottle wholesale &amp; suppliers\",\"publisher\":{\"@id\":\"https:\/\/glass-perfume-bottles.com\/#organization\"},\"potentialAction\":[{\"@type\":\"SearchAction\",\"target\":{\"@type\":\"EntryPoint\",\"urlTemplate\":\"https:\/\/glass-perfume-bottles.com\/?s={search_term_string}\"},\"query-input\":{\"@type\":\"PropertyValueSpecification\",\"valueRequired\":true,\"valueName\":\"search_term_string\"}}],\"inLanguage\":\"de\"},{\"@type\":\"Organization\",\"@id\":\"https:\/\/glass-perfume-bottles.com\/#organization\",\"name\":\"HY GLASS\",\"url\":\"https:\/\/glass-perfume-bottles.com\/\",\"logo\":{\"@type\":\"ImageObject\",\"inLanguage\":\"de\",\"@id\":\"https:\/\/glass-perfume-bottles.com\/#\/schema\/logo\/image\/\",\"url\":\"https:\/\/glass-perfume-bottles.com\/wp-content\/uploads\/2023\/09\/logo21.png\",\"contentUrl\":\"https:\/\/glass-perfume-bottles.com\/wp-content\/uploads\/2023\/09\/logo21.png\",\"width\":342,\"height\":268,\"caption\":\"HY GLASS\"},\"image\":{\"@id\":\"https:\/\/glass-perfume-bottles.com\/#\/schema\/logo\/image\/\"}}]}<\/script>\n<!-- \/ Yoast SEO Premium plugin. -->","yoast_head_json":{"title":"Drawer box","description":"We can supply different perfume bottle package for client, our gift box can custom \u3001drawer box\u3001Book\u3001with cover folding\u3001flip\u3001portable or customized shape.","robots":{"index":"index","follow":"follow","max-snippet":"max-snippet:-1","max-image-preview":"max-image-preview:large","max-video-preview":"max-video-preview:-1"},"canonical":"https:\/\/glass-perfume-bottles.com\/de\/produkt\/custom-perfume-bottle-drawer-box-supplier\/","og_locale":"de_DE","og_type":"article","og_title":"Custom perfume bottle drawer box supplier","og_description":"We can supply different perfume bottle package for client, our gift box can custom \u3001drawer box\u3001Book\u3001with cover folding\u3001flip\u3001portable or customized shape.","og_url":"https:\/\/glass-perfume-bottles.com\/de\/produkt\/custom-perfume-bottle-drawer-box-supplier\/","og_site_name":"HY GLASS","article_modified_time":"2025-01-31T07:42:13+00:00","og_image":[{"width":720,"height":720,"url":"https:\/\/glass-perfume-bottles.com\/wp-content\/uploads\/2025\/01\/Custom-perfume-bottle-drawer-box-supplier.jpg","type":"image\/jpeg"}],"twitter_card":"summary_large_image","twitter_misc":{"Gesch\u00e4tzte Lesezeit":"1\u00a0Minute"},"schema":{"@context":"https:\/\/schema.org","@graph":[{"@type":"WebPage","@id":"https:\/\/glass-perfume-bottles.com\/product\/custom-perfume-bottle-drawer-box-supplier\/","url":"https:\/\/glass-perfume-bottles.com\/product\/custom-perfume-bottle-drawer-box-supplier\/","name":"Drawer box","isPartOf":{"@id":"https:\/\/glass-perfume-bottles.com\/#website"},"primaryImageOfPage":{"@id":"https:\/\/glass-perfume-bottles.com\/product\/custom-perfume-bottle-drawer-box-supplier\/#primaryimage"},"image":{"@id":"https:\/\/glass-perfume-bottles.com\/product\/custom-perfume-bottle-drawer-box-supplier\/#primaryimage"},"thumbnailUrl":"https:\/\/glass-perfume-bottles.com\/wp-content\/uploads\/2025\/01\/Custom-perfume-bottle-drawer-box-supplier.jpg","datePublished":"2025-01-31T07:21:05+00:00","dateModified":"2025-01-31T07:42:13+00:00","description":"We can supply different perfume bottle package for client, our gift box can custom \u3001drawer box\u3001Book\u3001with cover folding\u3001flip\u3001portable or customized shape.","breadcrumb":{"@id":"https:\/\/glass-perfume-bottles.com\/product\/custom-perfume-bottle-drawer-box-supplier\/#breadcrumb"},"inLanguage":"de","potentialAction":[{"@type":"ReadAction","target":["https:\/\/glass-perfume-bottles.com\/product\/custom-perfume-bottle-drawer-box-supplier\/"]}]},{"@type":"ImageObject","inLanguage":"de","@id":"https:\/\/glass-perfume-bottles.com\/product\/custom-perfume-bottle-drawer-box-supplier\/#primaryimage","url":"https:\/\/glass-perfume-bottles.com\/wp-content\/uploads\/2025\/01\/Custom-perfume-bottle-drawer-box-supplier.jpg","contentUrl":"https:\/\/glass-perfume-bottles.com\/wp-content\/uploads\/2025\/01\/Custom-perfume-bottle-drawer-box-supplier.jpg","width":720,"height":720,"caption":"As a professional perfume bottle factory, we also supply different perfume bottle package for client, our gift box made of good material and raw materials, we can custom Book shape\u3001with cover folding\u3001flip\u3001portable shape or customized shape.high firmness, no deformation, no fading, durable, a variety of styles arbitrary choice."},{"@type":"BreadcrumbList","@id":"https:\/\/glass-perfume-bottles.com\/product\/custom-perfume-bottle-drawer-box-supplier\/#breadcrumb","itemListElement":[{"@type":"ListItem","position":1,"name":"Home","item":"https:\/\/glass-perfume-bottles.com\/"},{"@type":"ListItem","position":2,"name":"Product","item":"https:\/\/glass-perfume-bottles.com\/custom-made-perfume-bottle-suppliers-and-wholesale\/"},{"@type":"ListItem","position":3,"name":"Custom perfume bottle drawer box supplier"}]},{"@type":"WebSite","@id":"https:\/\/glass-perfume-bottles.com\/#website","url":"https:\/\/glass-perfume-bottles.com\/","name":"HY GLASS","description":"glass perfume bottle manufacturers &amp; suppliers, aroma reed diffuser bottle wholesale &amp; suppliers","publisher":{"@id":"https:\/\/glass-perfume-bottles.com\/#organization"},"potentialAction":[{"@type":"SearchAction","target":{"@type":"EntryPoint","urlTemplate":"https:\/\/glass-perfume-bottles.com\/?s={search_term_string}"},"query-input":{"@type":"PropertyValueSpecification","valueRequired":true,"valueName":"search_term_string"}}],"inLanguage":"de"},{"@type":"Organization","@id":"https:\/\/glass-perfume-bottles.com\/#organization","name":"HY GLASS","url":"https:\/\/glass-perfume-bottles.com\/","logo":{"@type":"ImageObject","inLanguage":"de","@id":"https:\/\/glass-perfume-bottles.com\/#\/schema\/logo\/image\/","url":"https:\/\/glass-perfume-bottles.com\/wp-content\/uploads\/2023\/09\/logo21.png","contentUrl":"https:\/\/glass-perfume-bottles.com\/wp-content\/uploads\/2023\/09\/logo21.png","width":342,"height":268,"caption":"HY GLASS"},"image":{"@id":"https:\/\/glass-perfume-bottles.com\/#\/schema\/logo\/image\/"}}]}},"taxonomy_info":{"product_cat":[{"value":54,"label":"Perfume Bottle Packaging"}],"product_tag":[{"value":134,"label":"Custom perfume bottle box"},{"value":136,"label":"Drawer gift box supplier"},{"value":62,"label":"Packaging Box"},{"value":61,"label":"Perfume Box"},{"value":135,"label":"Wholesale perfume bottle box"}]},"featured_image_src_large":["https:\/\/glass-perfume-bottles.com\/wp-content\/uploads\/2025\/01\/Custom-perfume-bottle-drawer-box-supplier.jpg",720,720,false],"author_info":[],"comment_info":0,"_links":{"self":[{"href":"https:\/\/glass-perfume-bottles.com\/de\/wp-json\/wp\/v2\/product\/2230","targetHints":{"allow":["GET"]}}],"collection":[{"href":"https:\/\/glass-perfume-bottles.com\/de\/wp-json\/wp\/v2\/product"}],"about":[{"href":"https:\/\/glass-perfume-bottles.com\/de\/wp-json\/wp\/v2\/types\/product"}],"replies":[{"embeddable":true,"href":"https:\/\/glass-perfume-bottles.com\/de\/wp-json\/wp\/v2\/comments?post=2230"}],"wp:featuredmedia":[{"embeddable":true,"href":"https:\/\/glass-perfume-bottles.com\/de\/wp-json\/wp\/v2\/media\/2231"}],"wp:attachment":[{"href":"https:\/\/glass-perfume-bottles.com\/de\/wp-json\/wp\/v2\/media?parent=2230"}],"wp:term":[{"taxonomy":"product_brand","embeddable":true,"href":"https:\/\/glass-perfume-bottles.com\/de\/wp-json\/wp\/v2\/product_brand?post=2230"},{"taxonomy":"product_cat","embeddable":true,"href":"https:\/\/glass-perfume-bottles.com\/de\/wp-json\/wp\/v2\/product_cat?post=2230"},{"taxonomy":"product_tag","embeddable":true,"href":"https:\/\/glass-perfume-bottles.com\/de\/wp-json\/wp\/v2\/product_tag?post=2230"}],"curies":[{"name":"wp","href":"https:\/\/api.w.org\/{rel}","templated":true}]}}