{"id":2279,"date":"2025-02-03T15:08:19","date_gmt":"2025-02-03T15:08:19","guid":{"rendered":"https:\/\/glass-perfume-bottles.com\/?post_type=product&#038;p=2279"},"modified":"2025-02-03T15:16:52","modified_gmt":"2025-02-03T15:16:52","slug":"custom-perfume-bottle-box-supplier","status":"publish","type":"product","link":"https:\/\/glass-perfume-bottles.com\/de\/produkt\/custom-perfume-bottle-box-supplier\/","title":{"rendered":"Lieferant von kundenspezifischen Parf\u00fcmflaschenboxen"},"content":{"rendered":"<table>\n<tbody>\n<tr>\n<td width=\"158\">Produktname<\/td>\n<td width=\"591\">Benutzerdefinierte Parf\u00fcmflaschenbox<\/td>\n<\/tr>\n<tr>\n<td width=\"158\">Material<\/td>\n<td width=\"591\">Spezialpapier+Karton<\/td>\n<\/tr>\n<tr>\n<td width=\"158\">Druckhandhabung<\/td>\n<td width=\"591\">Glanz-\/Mattlack, Glanz-\/Mattlaminierung, Gold-\/Silberfolienpr\u00e4gung, Spot-UV, Pr\u00e4gung usw.<\/td>\n<\/tr>\n<tr>\n<td width=\"158\">Boxen Zubeh\u00f6r<\/td>\n<td width=\"591\">EVA-Flockeins\u00e4tze.<\/td>\n<\/tr>\n<tr>\n<td width=\"158\">Verwendet f\u00fcr<\/td>\n<td width=\"591\">Parf\u00fcm, Kosmetikverpackung, Geschenk, Verpackung f\u00fcr \u00e4therische \u00d6le usw.<\/td>\n<\/tr>\n<tr>\n<td width=\"158\">Form<\/td>\n<td width=\"591\">Buchform, mit klappbarem oder umklappbarem Einband, tragbare Form oder individuelle Form.<\/td>\n<\/tr>\n<tr>\n<td width=\"158\">Farbe<\/td>\n<td width=\"591\">4-Farben-Prozess (CMYK) oder Pantone-Farben (PMS)<\/td>\n<\/tr>\n<tr>\n<td width=\"158\">Artwork-Format<\/td>\n<td width=\"591\">AI, PDF, PS, CDR usw.<\/td>\n<\/tr>\n<tr>\n<td width=\"158\">Mindestbestellmenge<\/td>\n<td width=\"591\">500 St\u00fcck<\/td>\n<\/tr>\n<tr>\n<td width=\"158\">Probe<\/td>\n<td width=\"591\">Probenkosten und Versandkosten erforderlich<\/td>\n<\/tr>\n<tr>\n<td width=\"158\">Transport<\/td>\n<td width=\"591\">FedEx\/DHL\/EMS\/UPS\/TNT\/auf dem Seeweg\/auf dem Luftweg usw.<\/td>\n<\/tr>\n<tr>\n<td width=\"158\">Zahlungsweise<\/td>\n<td width=\"591\">T\/T, L\/C, Western Union, Money Gram, Paypal usw.<\/td>\n<\/tr>\n<tr>\n<td width=\"158\">Lieferzeit<\/td>\n<td width=\"591\">Probe 5\u20137 Tage, Auftragsproduktion 10\u201320 Tage, abh\u00e4ngig von den Auftragsdetails.<\/td>\n<\/tr>\n<tr>\n<td width=\"158\">Service<\/td>\n<td width=\"591\">OEM- und ODM-Service, Designservice, Komplettl\u00f6sung<\/td>\n<\/tr>\n<\/tbody>\n<\/table>\n<p><a href=\"https:\/\/glass-perfume-bottles.com\/de\/produkt\/exquisite-perfume-bottle-gift-box\/\">\u00a0Benutzerdefinierte Parf\u00fcmflaschenbox <\/a>mit unterschiedlicher Gr\u00f6\u00dfe und Material. Wie Kraftpapier, Pappe, Kunstdruckpapier, Wellpappe, beschichtetes Papier usw. und der Parf\u00fcmschachteldruck mit unterschiedlicher Technologie.<\/p>\n<p>Als professionelle Parf\u00fcmflaschenfabrik liefern wir auch verschiedene Verpackungen f\u00fcr Kunden, unsere<a href=\"https:\/\/glass-perfume-bottles.com\/de\/produkt\/custom-cylinder-paper-tube-box-supplier\/\">Parf\u00fcmflasche Verpackung\u00a0<\/a> Hergestellt aus guten Materialien und Rohstoffen, k\u00f6nnen wir B\u00fccher individuell gestalten, mit klappbarem oder umklappbarem Einband, in tragbarer Form oder in einer individuellen Form. Hohe Festigkeit, keine Verformung, kein Verblassen, langlebig, verschiedene Stile zur freien Auswahl.<\/p>\n<p>&nbsp;<\/p>\n<p>&nbsp;<\/p>","protected":false},"excerpt":{"rendered":"<p><a href=\"https:\/\/glass-perfume-bottles.com\/de\/produkt\/exquisite-perfume-bottle-gift-box\/\">\u00a0Benutzerdefinierte Parf\u00fcmflaschenbox<\/a>\u00a0mit unterschiedlicher Gr\u00f6\u00dfe und Material. Wie Kraftpapier, Pappe, Kunstdruckpapier, Wellpappe, beschichtetes Papier usw. und der Parf\u00fcmkartondruck mit unterschiedlicher Technologie<\/p>","protected":false},"featured_media":2280,"comment_status":"open","ping_status":"closed","template":"","meta":{"_kad_blocks_custom_css":"","_kad_blocks_head_custom_js":"","_kad_blocks_body_custom_js":"","_kad_blocks_footer_custom_js":"","_kad_post_transparent":"default","_kad_post_title":"","_kad_post_layout":"default","_kad_post_sidebar_id":"","_kad_post_content_style":"default","_kad_post_vertical_padding":"default","_kad_post_feature":"","_kad_post_feature_position":"","_kad_post_header":false,"_kad_post_footer":false,"_joinchat":[]},"product_brand":[],"product_cat":[54],"product_tag":[134,138,140,142,135],"class_list":{"0":"post-2279","1":"product","2":"type-product","3":"status-publish","4":"has-post-thumbnail","6":"product_cat-perfume-bottle-packaging","7":"product_tag-custom-perfume-bottle-box","8":"product_tag-gift-paper-box","9":"product_tag-luxury-perfume-gift-box","10":"product_tag-perfume-bottle-packing-box","11":"product_tag-wholesale-perfume-bottle-box","13":"first","14":"instock","15":"shipping-taxable","16":"product-type-simple","17":"entry","18":"content-bg","19":"loop-entry"},"yoast_head":"<!-- This site is optimized with the Yoast SEO Premium plugin v20.5 (Yoast SEO v24.2) - https:\/\/yoast.com\/wordpress\/plugins\/seo\/ -->\n<title>Perfume bottle box<\/title>\n<meta name=\"description\" content=\"As a perfume bottle box supplier,we produce various of shape box for client,for example :with cover folding\u3001flip\u3001portable shape ect\uff0c\" \/>\n<meta name=\"robots\" content=\"index, follow, max-snippet:-1, max-image-preview:large, max-video-preview:-1\" \/>\n<link rel=\"canonical\" href=\"https:\/\/glass-perfume-bottles.com\/de\/prodotto\/custom-perfume-bottle-box-supplier\/\" \/>\n<meta property=\"og:locale\" content=\"de_DE\" \/>\n<meta property=\"og:type\" content=\"article\" \/>\n<meta property=\"og:title\" content=\"Custom perfume bottle box supplier\" \/>\n<meta property=\"og:description\" content=\"As a perfume bottle box supplier,we produce various of shape box for client,for example :with cover folding\u3001flip\u3001portable shape ect\uff0c\" \/>\n<meta property=\"og:url\" content=\"https:\/\/glass-perfume-bottles.com\/de\/prodotto\/custom-perfume-bottle-box-supplier\/\" \/>\n<meta property=\"og:site_name\" content=\"HY GLASS\" \/>\n<meta property=\"article:modified_time\" content=\"2025-02-03T15:16:52+00:00\" \/>\n<meta property=\"og:image\" content=\"https:\/\/glass-perfume-bottles.com\/wp-content\/uploads\/2025\/02\/Custom-perfume-bottle-box-supplier.jpg\" \/>\n\t<meta property=\"og:image:width\" content=\"720\" \/>\n\t<meta property=\"og:image:height\" content=\"720\" \/>\n\t<meta property=\"og:image:type\" content=\"image\/jpeg\" \/>\n<meta name=\"twitter:card\" content=\"summary_large_image\" \/>\n<meta name=\"twitter:label1\" content=\"Gesch\u00e4tzte Lesezeit\" \/>\n\t<meta name=\"twitter:data1\" content=\"1\u00a0Minute\" \/>\n<script type=\"application\/ld+json\" class=\"yoast-schema-graph\">{\"@context\":\"https:\/\/schema.org\",\"@graph\":[{\"@type\":\"WebPage\",\"@id\":\"https:\/\/glass-perfume-bottles.com\/it\/prodotto\/custom-perfume-bottle-box-supplier\/\",\"url\":\"https:\/\/glass-perfume-bottles.com\/it\/prodotto\/custom-perfume-bottle-box-supplier\/\",\"name\":\"Perfume bottle box\",\"isPartOf\":{\"@id\":\"https:\/\/glass-perfume-bottles.com\/#website\"},\"primaryImageOfPage\":{\"@id\":\"https:\/\/glass-perfume-bottles.com\/it\/prodotto\/custom-perfume-bottle-box-supplier\/#primaryimage\"},\"image\":{\"@id\":\"https:\/\/glass-perfume-bottles.com\/it\/prodotto\/custom-perfume-bottle-box-supplier\/#primaryimage\"},\"thumbnailUrl\":\"https:\/\/glass-perfume-bottles.com\/wp-content\/uploads\/2025\/02\/Custom-perfume-bottle-box-supplier.jpg\",\"datePublished\":\"2025-02-03T15:08:19+00:00\",\"dateModified\":\"2025-02-03T15:16:52+00:00\",\"description\":\"As a perfume bottle box supplier,we produce various of shape box for client,for example :with cover folding\u3001flip\u3001portable shape ect\uff0c\",\"breadcrumb\":{\"@id\":\"https:\/\/glass-perfume-bottles.com\/it\/prodotto\/custom-perfume-bottle-box-supplier\/#breadcrumb\"},\"inLanguage\":\"de\",\"potentialAction\":[{\"@type\":\"ReadAction\",\"target\":[\"https:\/\/glass-perfume-bottles.com\/it\/prodotto\/custom-perfume-bottle-box-supplier\/\"]}]},{\"@type\":\"ImageObject\",\"inLanguage\":\"de\",\"@id\":\"https:\/\/glass-perfume-bottles.com\/it\/prodotto\/custom-perfume-bottle-box-supplier\/#primaryimage\",\"url\":\"https:\/\/glass-perfume-bottles.com\/wp-content\/uploads\/2025\/02\/Custom-perfume-bottle-box-supplier.jpg\",\"contentUrl\":\"https:\/\/glass-perfume-bottles.com\/wp-content\/uploads\/2025\/02\/Custom-perfume-bottle-box-supplier.jpg\",\"width\":720,\"height\":720,\"caption\":\"Custom perfume bottle box supplier\"},{\"@type\":\"BreadcrumbList\",\"@id\":\"https:\/\/glass-perfume-bottles.com\/it\/prodotto\/custom-perfume-bottle-box-supplier\/#breadcrumb\",\"itemListElement\":[{\"@type\":\"ListItem\",\"position\":1,\"name\":\"Home\",\"item\":\"https:\/\/glass-perfume-bottles.com\/\"},{\"@type\":\"ListItem\",\"position\":2,\"name\":\"Product\",\"item\":\"https:\/\/glass-perfume-bottles.com\/custom-made-perfume-bottle-suppliers-and-wholesale\/\"},{\"@type\":\"ListItem\",\"position\":3,\"name\":\"Custom perfume bottle box supplier\"}]},{\"@type\":\"WebSite\",\"@id\":\"https:\/\/glass-perfume-bottles.com\/#website\",\"url\":\"https:\/\/glass-perfume-bottles.com\/\",\"name\":\"HY GLASS\",\"description\":\"glass perfume bottle manufacturers &amp; suppliers, aroma reed diffuser bottle wholesale &amp; suppliers\",\"publisher\":{\"@id\":\"https:\/\/glass-perfume-bottles.com\/#organization\"},\"potentialAction\":[{\"@type\":\"SearchAction\",\"target\":{\"@type\":\"EntryPoint\",\"urlTemplate\":\"https:\/\/glass-perfume-bottles.com\/?s={search_term_string}\"},\"query-input\":{\"@type\":\"PropertyValueSpecification\",\"valueRequired\":true,\"valueName\":\"search_term_string\"}}],\"inLanguage\":\"de\"},{\"@type\":\"Organization\",\"@id\":\"https:\/\/glass-perfume-bottles.com\/#organization\",\"name\":\"HY GLASS\",\"url\":\"https:\/\/glass-perfume-bottles.com\/\",\"logo\":{\"@type\":\"ImageObject\",\"inLanguage\":\"de\",\"@id\":\"https:\/\/glass-perfume-bottles.com\/#\/schema\/logo\/image\/\",\"url\":\"https:\/\/glass-perfume-bottles.com\/wp-content\/uploads\/2023\/09\/logo21.png\",\"contentUrl\":\"https:\/\/glass-perfume-bottles.com\/wp-content\/uploads\/2023\/09\/logo21.png\",\"width\":342,\"height\":268,\"caption\":\"HY GLASS\"},\"image\":{\"@id\":\"https:\/\/glass-perfume-bottles.com\/#\/schema\/logo\/image\/\"}}]}<\/script>\n<!-- \/ Yoast SEO Premium plugin. -->","yoast_head_json":{"title":"Perfume bottle box","description":"As a perfume bottle box supplier,we produce various of shape box for client,for example :with cover folding\u3001flip\u3001portable shape ect\uff0c","robots":{"index":"index","follow":"follow","max-snippet":"max-snippet:-1","max-image-preview":"max-image-preview:large","max-video-preview":"max-video-preview:-1"},"canonical":"https:\/\/glass-perfume-bottles.com\/de\/prodotto\/custom-perfume-bottle-box-supplier\/","og_locale":"de_DE","og_type":"article","og_title":"Custom perfume bottle box supplier","og_description":"As a perfume bottle box supplier,we produce various of shape box for client,for example :with cover folding\u3001flip\u3001portable shape ect\uff0c","og_url":"https:\/\/glass-perfume-bottles.com\/de\/prodotto\/custom-perfume-bottle-box-supplier\/","og_site_name":"HY GLASS","article_modified_time":"2025-02-03T15:16:52+00:00","og_image":[{"width":720,"height":720,"url":"https:\/\/glass-perfume-bottles.com\/wp-content\/uploads\/2025\/02\/Custom-perfume-bottle-box-supplier.jpg","type":"image\/jpeg"}],"twitter_card":"summary_large_image","twitter_misc":{"Gesch\u00e4tzte Lesezeit":"1\u00a0Minute"},"schema":{"@context":"https:\/\/schema.org","@graph":[{"@type":"WebPage","@id":"https:\/\/glass-perfume-bottles.com\/it\/prodotto\/custom-perfume-bottle-box-supplier\/","url":"https:\/\/glass-perfume-bottles.com\/it\/prodotto\/custom-perfume-bottle-box-supplier\/","name":"Perfume bottle box","isPartOf":{"@id":"https:\/\/glass-perfume-bottles.com\/#website"},"primaryImageOfPage":{"@id":"https:\/\/glass-perfume-bottles.com\/it\/prodotto\/custom-perfume-bottle-box-supplier\/#primaryimage"},"image":{"@id":"https:\/\/glass-perfume-bottles.com\/it\/prodotto\/custom-perfume-bottle-box-supplier\/#primaryimage"},"thumbnailUrl":"https:\/\/glass-perfume-bottles.com\/wp-content\/uploads\/2025\/02\/Custom-perfume-bottle-box-supplier.jpg","datePublished":"2025-02-03T15:08:19+00:00","dateModified":"2025-02-03T15:16:52+00:00","description":"As a perfume bottle box supplier,we produce various of shape box for client,for example :with cover folding\u3001flip\u3001portable shape ect\uff0c","breadcrumb":{"@id":"https:\/\/glass-perfume-bottles.com\/it\/prodotto\/custom-perfume-bottle-box-supplier\/#breadcrumb"},"inLanguage":"de","potentialAction":[{"@type":"ReadAction","target":["https:\/\/glass-perfume-bottles.com\/it\/prodotto\/custom-perfume-bottle-box-supplier\/"]}]},{"@type":"ImageObject","inLanguage":"de","@id":"https:\/\/glass-perfume-bottles.com\/it\/prodotto\/custom-perfume-bottle-box-supplier\/#primaryimage","url":"https:\/\/glass-perfume-bottles.com\/wp-content\/uploads\/2025\/02\/Custom-perfume-bottle-box-supplier.jpg","contentUrl":"https:\/\/glass-perfume-bottles.com\/wp-content\/uploads\/2025\/02\/Custom-perfume-bottle-box-supplier.jpg","width":720,"height":720,"caption":"Custom perfume bottle box supplier"},{"@type":"BreadcrumbList","@id":"https:\/\/glass-perfume-bottles.com\/it\/prodotto\/custom-perfume-bottle-box-supplier\/#breadcrumb","itemListElement":[{"@type":"ListItem","position":1,"name":"Home","item":"https:\/\/glass-perfume-bottles.com\/"},{"@type":"ListItem","position":2,"name":"Product","item":"https:\/\/glass-perfume-bottles.com\/custom-made-perfume-bottle-suppliers-and-wholesale\/"},{"@type":"ListItem","position":3,"name":"Custom perfume bottle box supplier"}]},{"@type":"WebSite","@id":"https:\/\/glass-perfume-bottles.com\/#website","url":"https:\/\/glass-perfume-bottles.com\/","name":"HY GLASS","description":"glass perfume bottle manufacturers &amp; suppliers, aroma reed diffuser bottle wholesale &amp; suppliers","publisher":{"@id":"https:\/\/glass-perfume-bottles.com\/#organization"},"potentialAction":[{"@type":"SearchAction","target":{"@type":"EntryPoint","urlTemplate":"https:\/\/glass-perfume-bottles.com\/?s={search_term_string}"},"query-input":{"@type":"PropertyValueSpecification","valueRequired":true,"valueName":"search_term_string"}}],"inLanguage":"de"},{"@type":"Organization","@id":"https:\/\/glass-perfume-bottles.com\/#organization","name":"HY GLASS","url":"https:\/\/glass-perfume-bottles.com\/","logo":{"@type":"ImageObject","inLanguage":"de","@id":"https:\/\/glass-perfume-bottles.com\/#\/schema\/logo\/image\/","url":"https:\/\/glass-perfume-bottles.com\/wp-content\/uploads\/2023\/09\/logo21.png","contentUrl":"https:\/\/glass-perfume-bottles.com\/wp-content\/uploads\/2023\/09\/logo21.png","width":342,"height":268,"caption":"HY GLASS"},"image":{"@id":"https:\/\/glass-perfume-bottles.com\/#\/schema\/logo\/image\/"}}]}},"taxonomy_info":{"product_cat":[{"value":54,"label":"Perfume Bottle Packaging"}],"product_tag":[{"value":134,"label":"Custom perfume bottle box"},{"value":138,"label":"Gift paper box"},{"value":140,"label":"Luxury perfume gift box"},{"value":142,"label":"Perfume bottle packing box"},{"value":135,"label":"Wholesale perfume bottle box"}]},"featured_image_src_large":["https:\/\/glass-perfume-bottles.com\/wp-content\/uploads\/2025\/02\/Custom-perfume-bottle-box-supplier.jpg",720,720,false],"author_info":[],"comment_info":0,"_links":{"self":[{"href":"https:\/\/glass-perfume-bottles.com\/de\/wp-json\/wp\/v2\/product\/2279","targetHints":{"allow":["GET"]}}],"collection":[{"href":"https:\/\/glass-perfume-bottles.com\/de\/wp-json\/wp\/v2\/product"}],"about":[{"href":"https:\/\/glass-perfume-bottles.com\/de\/wp-json\/wp\/v2\/types\/product"}],"replies":[{"embeddable":true,"href":"https:\/\/glass-perfume-bottles.com\/de\/wp-json\/wp\/v2\/comments?post=2279"}],"wp:featuredmedia":[{"embeddable":true,"href":"https:\/\/glass-perfume-bottles.com\/de\/wp-json\/wp\/v2\/media\/2280"}],"wp:attachment":[{"href":"https:\/\/glass-perfume-bottles.com\/de\/wp-json\/wp\/v2\/media?parent=2279"}],"wp:term":[{"taxonomy":"product_brand","embeddable":true,"href":"https:\/\/glass-perfume-bottles.com\/de\/wp-json\/wp\/v2\/product_brand?post=2279"},{"taxonomy":"product_cat","embeddable":true,"href":"https:\/\/glass-perfume-bottles.com\/de\/wp-json\/wp\/v2\/product_cat?post=2279"},{"taxonomy":"product_tag","embeddable":true,"href":"https:\/\/glass-perfume-bottles.com\/de\/wp-json\/wp\/v2\/product_tag?post=2279"}],"curies":[{"name":"wp","href":"https:\/\/api.w.org\/{rel}","templated":true}]}}