{"id":2338,"date":"2025-02-17T13:05:17","date_gmt":"2025-02-17T13:05:17","guid":{"rendered":"https:\/\/glass-perfume-bottles.com\/?post_type=product&#038;p=2338"},"modified":"2025-02-17T13:41:24","modified_gmt":"2025-02-17T13:41:24","slug":"20ml-glass-cylinder-spray-perfume-bottle-with-cap","status":"publish","type":"product","link":"https:\/\/glass-perfume-bottles.com\/de\/produkt\/20ml-glass-cylinder-spray-perfume-bottle-with-cap\/","title":{"rendered":"20ml Glaszylinder-Parf\u00fcmsprayflasche mit Kappe"},"content":{"rendered":"<table>\n<tbody>\n<tr>\n<td width=\"158\">Produktname<\/td>\n<td width=\"591\">20ml Glaszylinder-Parf\u00fcmsprayflasche mit Kappe<\/td>\n<\/tr>\n<tr>\n<td width=\"158\">Kapazit\u00e4t<\/td>\n<td width=\"591\">20 ml, 30 ml, 50 ml, andere Gr\u00f6\u00dfen verf\u00fcgbar<\/td>\n<\/tr>\n<tr>\n<td width=\"158\">Mund<\/td>\n<td width=\"591\">Schraubmund<\/td>\n<\/tr>\n<tr>\n<td width=\"158\">Gr\u00f6\u00dfe<\/td>\n<td width=\"591\"><strong>20 ml<\/strong>\uff1a33 x 91 mm (inkl. Kappe)<\/td>\n<\/tr>\n<tr>\n<td width=\"158\">Material<\/td>\n<td width=\"591\">Hohes, wei\u00dfes Glas<\/td>\n<\/tr>\n<tr>\n<td width=\"158\">Geh\u00e4usefarbe<\/td>\n<td width=\"591\">Klar, schwarz, mattiert, mattschwarz, rosa oder individuelle Farbe<\/td>\n<\/tr>\n<tr>\n<td width=\"158\">Oberfl\u00e4chenbehandlung<\/td>\n<td width=\"591\">\n<ol>\n<li>Siebdruck<\/li>\n<li>Hei\u00dfpr\u00e4gen<\/li>\n<li>\u00a0UV-Beschichtung<\/li>\n<li>Mattiert<\/li>\n<li>\u00a0Abziehbild<\/li>\n<li>\u00a0Beflockung<\/li>\n<li>Beschriftung<\/li>\n<li>Farbmalerei oder individuell nach Ihren Anforderungen<\/li>\n<\/ol>\n<\/td>\n<\/tr>\n<tr>\n<td width=\"158\">Verwendung<\/td>\n<td width=\"591\">Parf\u00fcm\/Serum\/\u00e4therisches \u00d6l\/Raumduft\u00f6l\/Toner\/Deodorant usw.<\/td>\n<\/tr>\n<tr>\n<td width=\"158\">Verpackung<\/td>\n<td width=\"591\">Karton dann Sperrholzpalette,<\/td>\n<\/tr>\n<tr>\n<td width=\"158\">Probe<\/td>\n<td width=\"591\">Kostenlose Probe, Frachtkosten erforderlich.<\/td>\n<\/tr>\n<tr>\n<td width=\"158\">Transport<\/td>\n<td width=\"591\">FedEx\/DHL\/EMS\/UPS\/TNT\/auf dem Seeweg\/auf dem Luftweg usw.<\/td>\n<\/tr>\n<tr>\n<td width=\"158\">Zahlungsweise<\/td>\n<td width=\"591\">T\/T, L\/C, Western Union, Money Gram, Paypal usw.<\/td>\n<\/tr>\n<tr>\n<td width=\"158\">Lieferzeit<\/td>\n<td width=\"591\">Probe 1\u20132 Tage, Auftragsproduktion 20\u201345 Tage, abh\u00e4ngig von den Auftragsdetails.<\/td>\n<\/tr>\n<tr>\n<td width=\"158\">Service<\/td>\n<td width=\"591\">OEM- und ODM-Service, Designservice, Komplettl\u00f6sung<\/td>\n<\/tr>\n<tr>\n<td width=\"158\"><\/td>\n<td width=\"591\"><\/td>\n<\/tr>\n<\/tbody>\n<\/table>\n<p><a href=\"https:\/\/glass-perfume-bottles.com\/de\/produkt\/3ml-15ml-rectangle-glass-essential-oil-perfume-bottle\/\">Zylinderspray-Parf\u00fcmflasche<\/a> aus hochwei\u00dfem Glas, kleines Fassungsverm\u00f6gen von 20\u201350 ml, leicht zu tragen, eine gute Wahl f\u00fcr unterwegs und zu Hause.<span style=\"font-family: var(--global-body-font-family);\">,<\/span><span style=\"font-family: var(--global-body-font-family);\">bequem f\u00fcr Unterverpackungen von Parf\u00fcm, Raumd\u00fcften, Deodorants, Serum usw.<\/span><span style=\"font-family: var(--global-body-font-family);\">Mini-Kapazit\u00e4t von 5\u201330 ml, leicht zu transportieren, eine gute Wahl f\u00fcr unterwegs und zu Hause.<\/span><\/p>\n<p><span style=\"font-family: var(--global-body-font-family);\">Wir k\u00f6nnen auch verschiedene Parf\u00fcmflaschenverpackungen wie Schachteln mit unterschiedlicher Gr\u00f6\u00dfe und aus unterschiedlichem Material liefern. Wie Kraftpapier, Pappe, Kunstdruckpapier usw.<\/span><\/p>\n<p>Als Profi <a href=\"https:\/\/glass-perfume-bottles.com\/de\/produkt\/custom-flat-square-blue-glass-perfume-bottle\/\">Parf\u00fcmflasche aus Glas<\/a> Fabrik, wir haben verschiedene Formen und Kapazit\u00e4ten f\u00fcr Kunden produziert,<span style=\"font-family: var(--global-body-font-family);\">akzeptieren Farbbeschichtung, mattiert, Hei\u00dfpr\u00e4gung, Marmorbeschichtung, Beflockung usw. <\/span>Wir verf\u00fcgen \u00fcber eine professionelle Produktionslinie und ein Designteam und k\u00f6nnen unseren Kunden erstklassigen Service und stabile Produkte bieten. Senden Sie uns gerne eine Anfrage, wir freuen uns auf Sie.<\/p>","protected":false},"excerpt":{"rendered":"<p><a href=\"https:\/\/glass-perfume-bottles.com\/de\/produkt\/3ml-15ml-rectangle-glass-essential-oil-perfume-bottle\/\">Zylinderspray Parf\u00fcmflasche<\/a><a href=\"https:\/\/glass-perfume-bottles.com\/de\/produkt\/wholesale-100ml-cylinder-glass-spray-perfume-bottle-factory\/\">t<\/a> aus hochwei\u00dfem Glas, kleines Fassungsverm\u00f6gen von 20\u201350 ml, leicht zu tragen, eine gute Wahl f\u00fcr unterwegs und zu Hause.<span style=\"font-family: var(--global-body-font-family);\">,<\/span><span style=\"font-family: var(--global-body-font-family);\">bequem f\u00fcr Unterverpackungen von Parf\u00fcm, Raumd\u00fcften, Deodorants, Serum usw.<\/span><span style=\"font-family: var(--global-body-font-family);\">Mini-Kapazit\u00e4t von 5\u201330 ml, leicht zu transportieren, eine gute Wahl f\u00fcr unterwegs und zu Hause.<\/span><\/p>\n<div class=\"woocommerce-tabs wc-tabs-wrapper\"><\/div>","protected":false},"featured_media":2340,"comment_status":"open","ping_status":"closed","template":"","meta":{"_kad_blocks_custom_css":"","_kad_blocks_head_custom_js":"","_kad_blocks_body_custom_js":"","_kad_blocks_footer_custom_js":"","_kad_post_transparent":"default","_kad_post_title":"","_kad_post_layout":"default","_kad_post_sidebar_id":"","_kad_post_content_style":"default","_kad_post_vertical_padding":"default","_kad_post_feature":"","_kad_post_feature_position":"","_kad_post_header":false,"_kad_post_footer":false,"_joinchat":[]},"product_brand":[],"product_cat":[51],"product_tag":[120,81,146,119,147],"class_list":{"0":"post-2338","1":"product","2":"type-product","3":"status-publish","4":"has-post-thumbnail","6":"product_cat-glass-perfume-bottles","7":"product_tag-custom-perfume-bottle-supplier","8":"product_tag-glass-perfume-bottle-manufacturer","9":"product_tag-luxury-spray-perfume-bottle","10":"product_tag-mini-perfume-bottle-supplier","11":"product_tag-wholesale-cylinder-perfume-bottle","13":"first","14":"instock","15":"shipping-taxable","16":"product-type-simple","17":"entry","18":"content-bg","19":"loop-entry"},"yoast_head":"<!-- This site is optimized with the Yoast SEO Premium plugin v20.5 (Yoast SEO v24.2) - https:\/\/yoast.com\/wordpress\/plugins\/seo\/ -->\n<title>Cylinder spray perfume bottle<\/title>\n<meta name=\"description\" content=\"cylinder spray perfume bottle made of high white glass,mini capacity from 20ml-50ml easy to carry\uff0cit&#039;s a good choose for travel and home.\" \/>\n<meta name=\"robots\" content=\"index, follow, max-snippet:-1, max-image-preview:large, max-video-preview:-1\" \/>\n<link rel=\"canonical\" href=\"https:\/\/glass-perfume-bottles.com\/de\/produit\/20ml-glass-cylinder-spray-perfume-bottle-with-cap\/\" \/>\n<meta property=\"og:locale\" content=\"de_DE\" \/>\n<meta property=\"og:type\" content=\"article\" \/>\n<meta property=\"og:title\" content=\"20ml Glass cylinder spray perfume bottle with cap\" \/>\n<meta property=\"og:description\" content=\"cylinder spray perfume bottle made of high white glass,mini capacity from 20ml-50ml easy to carry\uff0cit&#039;s a good choose for travel and home.\" \/>\n<meta property=\"og:url\" content=\"https:\/\/glass-perfume-bottles.com\/de\/produit\/20ml-glass-cylinder-spray-perfume-bottle-with-cap\/\" \/>\n<meta property=\"og:site_name\" content=\"HY GLASS\" \/>\n<meta property=\"article:modified_time\" content=\"2025-02-17T13:41:24+00:00\" \/>\n<meta property=\"og:image\" content=\"https:\/\/glass-perfume-bottles.com\/wp-content\/uploads\/2025\/02\/20ml-Glass-cylinder-spray-perfume-bottle-with-cap-1.jpg\" \/>\n\t<meta property=\"og:image:width\" content=\"720\" \/>\n\t<meta property=\"og:image:height\" content=\"720\" \/>\n\t<meta property=\"og:image:type\" content=\"image\/jpeg\" \/>\n<meta name=\"twitter:card\" content=\"summary_large_image\" \/>\n<meta name=\"twitter:label1\" content=\"Gesch\u00e4tzte Lesezeit\" \/>\n\t<meta name=\"twitter:data1\" content=\"2\u00a0Minuten\" \/>\n<script type=\"application\/ld+json\" class=\"yoast-schema-graph\">{\"@context\":\"https:\/\/schema.org\",\"@graph\":[{\"@type\":\"WebPage\",\"@id\":\"https:\/\/glass-perfume-bottles.com\/fr\/produit\/20ml-glass-cylinder-spray-perfume-bottle-with-cap\/\",\"url\":\"https:\/\/glass-perfume-bottles.com\/fr\/produit\/20ml-glass-cylinder-spray-perfume-bottle-with-cap\/\",\"name\":\"Cylinder spray perfume bottle\",\"isPartOf\":{\"@id\":\"https:\/\/glass-perfume-bottles.com\/#website\"},\"primaryImageOfPage\":{\"@id\":\"https:\/\/glass-perfume-bottles.com\/fr\/produit\/20ml-glass-cylinder-spray-perfume-bottle-with-cap\/#primaryimage\"},\"image\":{\"@id\":\"https:\/\/glass-perfume-bottles.com\/fr\/produit\/20ml-glass-cylinder-spray-perfume-bottle-with-cap\/#primaryimage\"},\"thumbnailUrl\":\"https:\/\/glass-perfume-bottles.com\/wp-content\/uploads\/2025\/02\/20ml-Glass-cylinder-spray-perfume-bottle-with-cap-1.jpg\",\"datePublished\":\"2025-02-17T13:05:17+00:00\",\"dateModified\":\"2025-02-17T13:41:24+00:00\",\"description\":\"cylinder spray perfume bottle made of high white glass,mini capacity from 20ml-50ml easy to carry\uff0cit's a good choose for travel and home.\",\"breadcrumb\":{\"@id\":\"https:\/\/glass-perfume-bottles.com\/fr\/produit\/20ml-glass-cylinder-spray-perfume-bottle-with-cap\/#breadcrumb\"},\"inLanguage\":\"de\",\"potentialAction\":[{\"@type\":\"ReadAction\",\"target\":[\"https:\/\/glass-perfume-bottles.com\/fr\/produit\/20ml-glass-cylinder-spray-perfume-bottle-with-cap\/\"]}]},{\"@type\":\"ImageObject\",\"inLanguage\":\"de\",\"@id\":\"https:\/\/glass-perfume-bottles.com\/fr\/produit\/20ml-glass-cylinder-spray-perfume-bottle-with-cap\/#primaryimage\",\"url\":\"https:\/\/glass-perfume-bottles.com\/wp-content\/uploads\/2025\/02\/20ml-Glass-cylinder-spray-perfume-bottle-with-cap-1.jpg\",\"contentUrl\":\"https:\/\/glass-perfume-bottles.com\/wp-content\/uploads\/2025\/02\/20ml-Glass-cylinder-spray-perfume-bottle-with-cap-1.jpg\",\"width\":720,\"height\":720,\"caption\":\"cylinder spray perfume bottle made of high white glass\uff0cmini capacity from20ml-50ml easy to carry\uff0cit's a good choose for travel and home.,comfortable for subpackage perfume\u3001home fragranc\u3001deodorant \u3001serum etc ,mini capacity from 5ml-30ml easy to carry ,it's a good choose for travel and home.\"},{\"@type\":\"BreadcrumbList\",\"@id\":\"https:\/\/glass-perfume-bottles.com\/fr\/produit\/20ml-glass-cylinder-spray-perfume-bottle-with-cap\/#breadcrumb\",\"itemListElement\":[{\"@type\":\"ListItem\",\"position\":1,\"name\":\"Home\",\"item\":\"https:\/\/glass-perfume-bottles.com\/\"},{\"@type\":\"ListItem\",\"position\":2,\"name\":\"Product\",\"item\":\"https:\/\/glass-perfume-bottles.com\/custom-made-perfume-bottle-suppliers-and-wholesale\/\"},{\"@type\":\"ListItem\",\"position\":3,\"name\":\"20ml Glass cylinder spray perfume bottle with cap\"}]},{\"@type\":\"WebSite\",\"@id\":\"https:\/\/glass-perfume-bottles.com\/#website\",\"url\":\"https:\/\/glass-perfume-bottles.com\/\",\"name\":\"HY GLASS\",\"description\":\"glass perfume bottle manufacturers &amp; suppliers, aroma reed diffuser bottle wholesale &amp; suppliers\",\"publisher\":{\"@id\":\"https:\/\/glass-perfume-bottles.com\/#organization\"},\"potentialAction\":[{\"@type\":\"SearchAction\",\"target\":{\"@type\":\"EntryPoint\",\"urlTemplate\":\"https:\/\/glass-perfume-bottles.com\/?s={search_term_string}\"},\"query-input\":{\"@type\":\"PropertyValueSpecification\",\"valueRequired\":true,\"valueName\":\"search_term_string\"}}],\"inLanguage\":\"de\"},{\"@type\":\"Organization\",\"@id\":\"https:\/\/glass-perfume-bottles.com\/#organization\",\"name\":\"HY GLASS\",\"url\":\"https:\/\/glass-perfume-bottles.com\/\",\"logo\":{\"@type\":\"ImageObject\",\"inLanguage\":\"de\",\"@id\":\"https:\/\/glass-perfume-bottles.com\/#\/schema\/logo\/image\/\",\"url\":\"https:\/\/glass-perfume-bottles.com\/wp-content\/uploads\/2023\/09\/logo21.png\",\"contentUrl\":\"https:\/\/glass-perfume-bottles.com\/wp-content\/uploads\/2023\/09\/logo21.png\",\"width\":342,\"height\":268,\"caption\":\"HY GLASS\"},\"image\":{\"@id\":\"https:\/\/glass-perfume-bottles.com\/#\/schema\/logo\/image\/\"}}]}<\/script>\n<!-- \/ Yoast SEO Premium plugin. -->","yoast_head_json":{"title":"Cylinder spray perfume bottle","description":"cylinder spray perfume bottle made of high white glass,mini capacity from 20ml-50ml easy to carry\uff0cit's a good choose for travel and home.","robots":{"index":"index","follow":"follow","max-snippet":"max-snippet:-1","max-image-preview":"max-image-preview:large","max-video-preview":"max-video-preview:-1"},"canonical":"https:\/\/glass-perfume-bottles.com\/de\/produit\/20ml-glass-cylinder-spray-perfume-bottle-with-cap\/","og_locale":"de_DE","og_type":"article","og_title":"20ml Glass cylinder spray perfume bottle with cap","og_description":"cylinder spray perfume bottle made of high white glass,mini capacity from 20ml-50ml easy to carry\uff0cit's a good choose for travel and home.","og_url":"https:\/\/glass-perfume-bottles.com\/de\/produit\/20ml-glass-cylinder-spray-perfume-bottle-with-cap\/","og_site_name":"HY GLASS","article_modified_time":"2025-02-17T13:41:24+00:00","og_image":[{"width":720,"height":720,"url":"https:\/\/glass-perfume-bottles.com\/wp-content\/uploads\/2025\/02\/20ml-Glass-cylinder-spray-perfume-bottle-with-cap-1.jpg","type":"image\/jpeg"}],"twitter_card":"summary_large_image","twitter_misc":{"Gesch\u00e4tzte Lesezeit":"2\u00a0Minuten"},"schema":{"@context":"https:\/\/schema.org","@graph":[{"@type":"WebPage","@id":"https:\/\/glass-perfume-bottles.com\/fr\/produit\/20ml-glass-cylinder-spray-perfume-bottle-with-cap\/","url":"https:\/\/glass-perfume-bottles.com\/fr\/produit\/20ml-glass-cylinder-spray-perfume-bottle-with-cap\/","name":"Cylinder spray perfume bottle","isPartOf":{"@id":"https:\/\/glass-perfume-bottles.com\/#website"},"primaryImageOfPage":{"@id":"https:\/\/glass-perfume-bottles.com\/fr\/produit\/20ml-glass-cylinder-spray-perfume-bottle-with-cap\/#primaryimage"},"image":{"@id":"https:\/\/glass-perfume-bottles.com\/fr\/produit\/20ml-glass-cylinder-spray-perfume-bottle-with-cap\/#primaryimage"},"thumbnailUrl":"https:\/\/glass-perfume-bottles.com\/wp-content\/uploads\/2025\/02\/20ml-Glass-cylinder-spray-perfume-bottle-with-cap-1.jpg","datePublished":"2025-02-17T13:05:17+00:00","dateModified":"2025-02-17T13:41:24+00:00","description":"cylinder spray perfume bottle made of high white glass,mini capacity from 20ml-50ml easy to carry\uff0cit's a good choose for travel and home.","breadcrumb":{"@id":"https:\/\/glass-perfume-bottles.com\/fr\/produit\/20ml-glass-cylinder-spray-perfume-bottle-with-cap\/#breadcrumb"},"inLanguage":"de","potentialAction":[{"@type":"ReadAction","target":["https:\/\/glass-perfume-bottles.com\/fr\/produit\/20ml-glass-cylinder-spray-perfume-bottle-with-cap\/"]}]},{"@type":"ImageObject","inLanguage":"de","@id":"https:\/\/glass-perfume-bottles.com\/fr\/produit\/20ml-glass-cylinder-spray-perfume-bottle-with-cap\/#primaryimage","url":"https:\/\/glass-perfume-bottles.com\/wp-content\/uploads\/2025\/02\/20ml-Glass-cylinder-spray-perfume-bottle-with-cap-1.jpg","contentUrl":"https:\/\/glass-perfume-bottles.com\/wp-content\/uploads\/2025\/02\/20ml-Glass-cylinder-spray-perfume-bottle-with-cap-1.jpg","width":720,"height":720,"caption":"cylinder spray perfume bottle made of high white glass\uff0cmini capacity from20ml-50ml easy to carry\uff0cit's a good choose for travel and home.,comfortable for subpackage perfume\u3001home fragranc\u3001deodorant \u3001serum etc ,mini capacity from 5ml-30ml easy to carry ,it's a good choose for travel and home."},{"@type":"BreadcrumbList","@id":"https:\/\/glass-perfume-bottles.com\/fr\/produit\/20ml-glass-cylinder-spray-perfume-bottle-with-cap\/#breadcrumb","itemListElement":[{"@type":"ListItem","position":1,"name":"Home","item":"https:\/\/glass-perfume-bottles.com\/"},{"@type":"ListItem","position":2,"name":"Product","item":"https:\/\/glass-perfume-bottles.com\/custom-made-perfume-bottle-suppliers-and-wholesale\/"},{"@type":"ListItem","position":3,"name":"20ml Glass cylinder spray perfume bottle with cap"}]},{"@type":"WebSite","@id":"https:\/\/glass-perfume-bottles.com\/#website","url":"https:\/\/glass-perfume-bottles.com\/","name":"HY GLASS","description":"glass perfume bottle manufacturers &amp; suppliers, aroma reed diffuser bottle wholesale &amp; suppliers","publisher":{"@id":"https:\/\/glass-perfume-bottles.com\/#organization"},"potentialAction":[{"@type":"SearchAction","target":{"@type":"EntryPoint","urlTemplate":"https:\/\/glass-perfume-bottles.com\/?s={search_term_string}"},"query-input":{"@type":"PropertyValueSpecification","valueRequired":true,"valueName":"search_term_string"}}],"inLanguage":"de"},{"@type":"Organization","@id":"https:\/\/glass-perfume-bottles.com\/#organization","name":"HY GLASS","url":"https:\/\/glass-perfume-bottles.com\/","logo":{"@type":"ImageObject","inLanguage":"de","@id":"https:\/\/glass-perfume-bottles.com\/#\/schema\/logo\/image\/","url":"https:\/\/glass-perfume-bottles.com\/wp-content\/uploads\/2023\/09\/logo21.png","contentUrl":"https:\/\/glass-perfume-bottles.com\/wp-content\/uploads\/2023\/09\/logo21.png","width":342,"height":268,"caption":"HY GLASS"},"image":{"@id":"https:\/\/glass-perfume-bottles.com\/#\/schema\/logo\/image\/"}}]}},"taxonomy_info":{"product_cat":[{"value":51,"label":"Glass Perfume Bottle"}],"product_tag":[{"value":120,"label":"Custom perfume bottle supplier"},{"value":81,"label":"Glass perfume bottle manufacturer"},{"value":146,"label":"Luxury spray perfume bottle"},{"value":119,"label":"Mini perfume bottle supplier"},{"value":147,"label":"Wholesale Cylinder perfume bottle"}]},"featured_image_src_large":["https:\/\/glass-perfume-bottles.com\/wp-content\/uploads\/2025\/02\/20ml-Glass-cylinder-spray-perfume-bottle-with-cap-1.jpg",720,720,false],"author_info":[],"comment_info":0,"_links":{"self":[{"href":"https:\/\/glass-perfume-bottles.com\/de\/wp-json\/wp\/v2\/product\/2338","targetHints":{"allow":["GET"]}}],"collection":[{"href":"https:\/\/glass-perfume-bottles.com\/de\/wp-json\/wp\/v2\/product"}],"about":[{"href":"https:\/\/glass-perfume-bottles.com\/de\/wp-json\/wp\/v2\/types\/product"}],"replies":[{"embeddable":true,"href":"https:\/\/glass-perfume-bottles.com\/de\/wp-json\/wp\/v2\/comments?post=2338"}],"wp:featuredmedia":[{"embeddable":true,"href":"https:\/\/glass-perfume-bottles.com\/de\/wp-json\/wp\/v2\/media\/2340"}],"wp:attachment":[{"href":"https:\/\/glass-perfume-bottles.com\/de\/wp-json\/wp\/v2\/media?parent=2338"}],"wp:term":[{"taxonomy":"product_brand","embeddable":true,"href":"https:\/\/glass-perfume-bottles.com\/de\/wp-json\/wp\/v2\/product_brand?post=2338"},{"taxonomy":"product_cat","embeddable":true,"href":"https:\/\/glass-perfume-bottles.com\/de\/wp-json\/wp\/v2\/product_cat?post=2338"},{"taxonomy":"product_tag","embeddable":true,"href":"https:\/\/glass-perfume-bottles.com\/de\/wp-json\/wp\/v2\/product_tag?post=2338"}],"curies":[{"name":"wp","href":"https:\/\/api.w.org\/{rel}","templated":true}]}}