{"id":2358,"date":"2025-02-17T15:11:29","date_gmt":"2025-02-17T15:11:29","guid":{"rendered":"https:\/\/glass-perfume-bottles.com\/?post_type=product&#038;p=2358"},"modified":"2025-02-17T15:21:01","modified_gmt":"2025-02-17T15:21:01","slug":"wholesale-perfume-bottle-cap-material","status":"publish","type":"product","link":"https:\/\/glass-perfume-bottles.com\/de\/produkt\/wholesale-perfume-bottle-cap-material\/","title":{"rendered":"Gro\u00dfhandel Parf\u00fcmflaschenverschlussmaterial"},"content":{"rendered":"<table>\n<tbody>\n<tr>\n<td width=\"158\">Produktname<\/td>\n<td width=\"591\">Material des Parf\u00fcmflaschenverschlusses<\/td>\n<\/tr>\n<tr>\n<td width=\"158\">Gr\u00f6\u00dfe<\/td>\n<td width=\"591\">Fea 15 (andere Gr\u00f6\u00dfen verf\u00fcgbar)<\/td>\n<\/tr>\n<tr>\n<td width=\"158\">Mindestbestellmenge<\/td>\n<td width=\"591\">10.000 St\u00fcck (da es ein individuelles Design gibt)<\/td>\n<\/tr>\n<tr>\n<td width=\"158\">Farbe<\/td>\n<td width=\"591\">Silber, Gold, Schwarz oder Sonderfarbe<\/td>\n<\/tr>\n<tr>\n<td width=\"158\">Verwendung<\/td>\n<td width=\"591\">Parf\u00fcmflasche<\/td>\n<\/tr>\n<tr>\n<td width=\"158\">Material<\/td>\n<td width=\"591\">Metall, Zamak, Kunststoff, Surlyn, Aluminium, Holz, Bambus, Kristall, Glas usw.<\/td>\n<\/tr>\n<tr>\n<td width=\"158\">Kappentyp<\/td>\n<td width=\"591\">Crimpen, Schrauben, Einrasten, Manipulationssicher, Kindersicher<\/td>\n<\/tr>\n<tr>\n<td width=\"158\">Oberfl\u00e4che<\/td>\n<td width=\"591\">Lackieren, Bedrucken, Etikettieren, Aufkleben, Hei\u00dfpr\u00e4gen, Pr\u00e4gen, etc.<\/td>\n<\/tr>\n<tr>\n<td width=\"158\">Probe<\/td>\n<td width=\"591\">Kostenlose Probe, Frachtkosten erforderlich.<\/td>\n<\/tr>\n<tr>\n<td width=\"158\">Transport<\/td>\n<td width=\"591\">FedEx\/DHL\/EMS\/UPS\/TNT\/auf dem Seeweg\/auf dem Luftweg usw.<\/td>\n<\/tr>\n<tr>\n<td width=\"158\">Zahlungsweise<\/td>\n<td width=\"591\">T\/T, L\/C, Western Union, Money Gram, Paypal usw.<\/td>\n<\/tr>\n<tr>\n<td width=\"158\">Lieferzeit<\/td>\n<td width=\"591\">Probe 1\u20132 Tage, Auftragsproduktion 20\u201345 Tage, abh\u00e4ngig von den Auftragsdetails.<\/td>\n<\/tr>\n<tr>\n<td width=\"158\">Service<\/td>\n<td width=\"591\">OEM- und ODM-Service, Designservice, Komplettl\u00f6sung<\/td>\n<\/tr>\n<\/tbody>\n<\/table>\n<p><a href=\"https:\/\/glass-perfume-bottles.com\/de\/produkt\/wholesale-k-resin-cap-for-perfume-bottle\/+\/\"><strong>Verschluss einer Parf\u00fcmflasche <\/strong><\/a>sind einzigartige und kunstvolle Verschl\u00fcsse, die nicht nur einen funktionalen Zweck erf\u00fcllen, sondern auch den \u00e4sthetischen Reiz von Parf\u00fcmflaschen steigern. Die Verschlussmaterialien f\u00fcr Parf\u00fcmflaschen sind vielf\u00e4ltig, zum Beispiel: Kunststoff, Aluminium, Zinklegierung, Sarin, Acryl, Holz, K-Harz, Glas usw. Diese Verschl\u00fcsse k\u00f6nnen in verschiedenen Designs, Farben und Texturen individuell angepasst werden, was sie zu einer beliebten Wahl sowohl f\u00fcr Heimwerker als auch f\u00fcr kommerzielle Parf\u00fcmmarken macht.<\/p>\n<p>&nbsp;<\/p>","protected":false},"excerpt":{"rendered":"<p><a href=\"https:\/\/glass-perfume-bottles.com\/de\/produkt\/wholesale-k-resin-cap-for-perfume-bottle\/+\/\"><strong>Verschluss einer Parf\u00fcmflasche <\/strong><\/a>sind einzigartige und k\u00fcnstlerische Verschl\u00fcsse, die nicht nur einen funktionalen Zweck erf\u00fcllen, sondern auch die \u00c4sthetik von Parf\u00fcmflaschen verbessern. Senden Sie uns als professionelle Verschlussfabrik gerne eine Anfrage.<\/p>","protected":false},"featured_media":2359,"comment_status":"open","ping_status":"closed","template":"","meta":{"_kad_blocks_custom_css":"","_kad_blocks_head_custom_js":"","_kad_blocks_body_custom_js":"","_kad_blocks_footer_custom_js":"","_kad_post_transparent":"default","_kad_post_title":"","_kad_post_layout":"default","_kad_post_sidebar_id":"","_kad_post_content_style":"default","_kad_post_vertical_padding":"default","_kad_post_feature":"","_kad_post_feature_position":"","_kad_post_header":false,"_kad_post_footer":false,"_joinchat":[]},"product_brand":[],"product_cat":[52],"product_tag":[131,130,55,57,153],"class_list":{"0":"post-2358","1":"product","2":"type-product","3":"status-publish","4":"has-post-thumbnail","6":"product_cat-perfume-bottle-caps","7":"product_tag-custom-perfume-cap-suuplier","8":"product_tag-k-resin-cap-for-perfume-bottle","9":"product_tag-perfume-bottle-cap","10":"product_tag-perfume-bottle-cap-suppliers","11":"product_tag-wholesale-perfume-bottle-cap","13":"first","14":"instock","15":"shipping-taxable","16":"product-type-simple","17":"entry","18":"content-bg","19":"loop-entry"},"yoast_head":"<!-- This site is optimized with the Yoast SEO Premium plugin v20.5 (Yoast SEO v24.2) - https:\/\/yoast.com\/wordpress\/plugins\/seo\/ -->\n<title>Perfume bottle cap material<\/title>\n<meta name=\"description\" content=\"We can provide perfume bottle cap material have highly customizable through various decoration processes. small quantity is possible\" \/>\n<meta name=\"robots\" content=\"index, follow, max-snippet:-1, max-image-preview:large, max-video-preview:-1\" \/>\n<link rel=\"canonical\" href=\"https:\/\/glass-perfume-bottles.com\/de\/produkt\/wholesale-perfume-bottle-cap-material\/\" \/>\n<meta property=\"og:locale\" content=\"de_DE\" \/>\n<meta property=\"og:type\" content=\"article\" \/>\n<meta property=\"og:title\" content=\"Wholesale perfume bottle cap material\" \/>\n<meta property=\"og:description\" content=\"We can provide perfume bottle cap material have highly customizable through various decoration processes. small quantity is possible\" \/>\n<meta property=\"og:url\" content=\"https:\/\/glass-perfume-bottles.com\/de\/produkt\/wholesale-perfume-bottle-cap-material\/\" \/>\n<meta property=\"og:site_name\" content=\"HY GLASS\" \/>\n<meta property=\"article:modified_time\" content=\"2025-02-17T15:21:01+00:00\" \/>\n<meta property=\"og:image\" content=\"https:\/\/glass-perfume-bottles.com\/wp-content\/uploads\/2025\/02\/Custom-glass-cap-material.jpg\" \/>\n\t<meta property=\"og:image:width\" content=\"720\" \/>\n\t<meta property=\"og:image:height\" content=\"720\" \/>\n\t<meta property=\"og:image:type\" content=\"image\/jpeg\" \/>\n<meta name=\"twitter:card\" content=\"summary_large_image\" \/>\n<meta name=\"twitter:label1\" content=\"Gesch\u00e4tzte Lesezeit\" \/>\n\t<meta name=\"twitter:data1\" content=\"1\u00a0Minute\" \/>\n<script type=\"application\/ld+json\" class=\"yoast-schema-graph\">{\"@context\":\"https:\/\/schema.org\",\"@graph\":[{\"@type\":\"WebPage\",\"@id\":\"https:\/\/glass-perfume-bottles.com\/product\/wholesale-perfume-bottle-cap-material\/\",\"url\":\"https:\/\/glass-perfume-bottles.com\/product\/wholesale-perfume-bottle-cap-material\/\",\"name\":\"Perfume bottle cap material\",\"isPartOf\":{\"@id\":\"https:\/\/glass-perfume-bottles.com\/#website\"},\"primaryImageOfPage\":{\"@id\":\"https:\/\/glass-perfume-bottles.com\/product\/wholesale-perfume-bottle-cap-material\/#primaryimage\"},\"image\":{\"@id\":\"https:\/\/glass-perfume-bottles.com\/product\/wholesale-perfume-bottle-cap-material\/#primaryimage\"},\"thumbnailUrl\":\"https:\/\/glass-perfume-bottles.com\/wp-content\/uploads\/2025\/02\/Custom-glass-cap-material.jpg\",\"datePublished\":\"2025-02-17T15:11:29+00:00\",\"dateModified\":\"2025-02-17T15:21:01+00:00\",\"description\":\"We can provide perfume bottle cap material have highly customizable through various decoration processes. small quantity is possible\",\"breadcrumb\":{\"@id\":\"https:\/\/glass-perfume-bottles.com\/product\/wholesale-perfume-bottle-cap-material\/#breadcrumb\"},\"inLanguage\":\"de\",\"potentialAction\":[{\"@type\":\"ReadAction\",\"target\":[\"https:\/\/glass-perfume-bottles.com\/product\/wholesale-perfume-bottle-cap-material\/\"]}]},{\"@type\":\"ImageObject\",\"inLanguage\":\"de\",\"@id\":\"https:\/\/glass-perfume-bottles.com\/product\/wholesale-perfume-bottle-cap-material\/#primaryimage\",\"url\":\"https:\/\/glass-perfume-bottles.com\/wp-content\/uploads\/2025\/02\/Custom-glass-cap-material.jpg\",\"contentUrl\":\"https:\/\/glass-perfume-bottles.com\/wp-content\/uploads\/2025\/02\/Custom-glass-cap-material.jpg\",\"width\":720,\"height\":720,\"caption\":\"custom perfume bottle caps, Custom perfume bottle caps\u2002wholesale, Perfumespray nozzle cap suppliers\"},{\"@type\":\"BreadcrumbList\",\"@id\":\"https:\/\/glass-perfume-bottles.com\/product\/wholesale-perfume-bottle-cap-material\/#breadcrumb\",\"itemListElement\":[{\"@type\":\"ListItem\",\"position\":1,\"name\":\"Home\",\"item\":\"https:\/\/glass-perfume-bottles.com\/\"},{\"@type\":\"ListItem\",\"position\":2,\"name\":\"Product\",\"item\":\"https:\/\/glass-perfume-bottles.com\/custom-made-perfume-bottle-suppliers-and-wholesale\/\"},{\"@type\":\"ListItem\",\"position\":3,\"name\":\"Wholesale perfume bottle cap material\"}]},{\"@type\":\"WebSite\",\"@id\":\"https:\/\/glass-perfume-bottles.com\/#website\",\"url\":\"https:\/\/glass-perfume-bottles.com\/\",\"name\":\"HY GLASS\",\"description\":\"glass perfume bottle manufacturers &amp; suppliers, aroma reed diffuser bottle wholesale &amp; suppliers\",\"publisher\":{\"@id\":\"https:\/\/glass-perfume-bottles.com\/#organization\"},\"potentialAction\":[{\"@type\":\"SearchAction\",\"target\":{\"@type\":\"EntryPoint\",\"urlTemplate\":\"https:\/\/glass-perfume-bottles.com\/?s={search_term_string}\"},\"query-input\":{\"@type\":\"PropertyValueSpecification\",\"valueRequired\":true,\"valueName\":\"search_term_string\"}}],\"inLanguage\":\"de\"},{\"@type\":\"Organization\",\"@id\":\"https:\/\/glass-perfume-bottles.com\/#organization\",\"name\":\"HY GLASS\",\"url\":\"https:\/\/glass-perfume-bottles.com\/\",\"logo\":{\"@type\":\"ImageObject\",\"inLanguage\":\"de\",\"@id\":\"https:\/\/glass-perfume-bottles.com\/#\/schema\/logo\/image\/\",\"url\":\"https:\/\/glass-perfume-bottles.com\/wp-content\/uploads\/2023\/09\/logo21.png\",\"contentUrl\":\"https:\/\/glass-perfume-bottles.com\/wp-content\/uploads\/2023\/09\/logo21.png\",\"width\":342,\"height\":268,\"caption\":\"HY GLASS\"},\"image\":{\"@id\":\"https:\/\/glass-perfume-bottles.com\/#\/schema\/logo\/image\/\"}}]}<\/script>\n<!-- \/ Yoast SEO Premium plugin. -->","yoast_head_json":{"title":"Perfume bottle cap material","description":"We can provide perfume bottle cap material have highly customizable through various decoration processes. small quantity is possible","robots":{"index":"index","follow":"follow","max-snippet":"max-snippet:-1","max-image-preview":"max-image-preview:large","max-video-preview":"max-video-preview:-1"},"canonical":"https:\/\/glass-perfume-bottles.com\/de\/produkt\/wholesale-perfume-bottle-cap-material\/","og_locale":"de_DE","og_type":"article","og_title":"Wholesale perfume bottle cap material","og_description":"We can provide perfume bottle cap material have highly customizable through various decoration processes. small quantity is possible","og_url":"https:\/\/glass-perfume-bottles.com\/de\/produkt\/wholesale-perfume-bottle-cap-material\/","og_site_name":"HY GLASS","article_modified_time":"2025-02-17T15:21:01+00:00","og_image":[{"width":720,"height":720,"url":"https:\/\/glass-perfume-bottles.com\/wp-content\/uploads\/2025\/02\/Custom-glass-cap-material.jpg","type":"image\/jpeg"}],"twitter_card":"summary_large_image","twitter_misc":{"Gesch\u00e4tzte Lesezeit":"1\u00a0Minute"},"schema":{"@context":"https:\/\/schema.org","@graph":[{"@type":"WebPage","@id":"https:\/\/glass-perfume-bottles.com\/product\/wholesale-perfume-bottle-cap-material\/","url":"https:\/\/glass-perfume-bottles.com\/product\/wholesale-perfume-bottle-cap-material\/","name":"Perfume bottle cap material","isPartOf":{"@id":"https:\/\/glass-perfume-bottles.com\/#website"},"primaryImageOfPage":{"@id":"https:\/\/glass-perfume-bottles.com\/product\/wholesale-perfume-bottle-cap-material\/#primaryimage"},"image":{"@id":"https:\/\/glass-perfume-bottles.com\/product\/wholesale-perfume-bottle-cap-material\/#primaryimage"},"thumbnailUrl":"https:\/\/glass-perfume-bottles.com\/wp-content\/uploads\/2025\/02\/Custom-glass-cap-material.jpg","datePublished":"2025-02-17T15:11:29+00:00","dateModified":"2025-02-17T15:21:01+00:00","description":"We can provide perfume bottle cap material have highly customizable through various decoration processes. small quantity is possible","breadcrumb":{"@id":"https:\/\/glass-perfume-bottles.com\/product\/wholesale-perfume-bottle-cap-material\/#breadcrumb"},"inLanguage":"de","potentialAction":[{"@type":"ReadAction","target":["https:\/\/glass-perfume-bottles.com\/product\/wholesale-perfume-bottle-cap-material\/"]}]},{"@type":"ImageObject","inLanguage":"de","@id":"https:\/\/glass-perfume-bottles.com\/product\/wholesale-perfume-bottle-cap-material\/#primaryimage","url":"https:\/\/glass-perfume-bottles.com\/wp-content\/uploads\/2025\/02\/Custom-glass-cap-material.jpg","contentUrl":"https:\/\/glass-perfume-bottles.com\/wp-content\/uploads\/2025\/02\/Custom-glass-cap-material.jpg","width":720,"height":720,"caption":"custom perfume bottle caps, Custom perfume bottle caps\u2002wholesale, Perfumespray nozzle cap suppliers"},{"@type":"BreadcrumbList","@id":"https:\/\/glass-perfume-bottles.com\/product\/wholesale-perfume-bottle-cap-material\/#breadcrumb","itemListElement":[{"@type":"ListItem","position":1,"name":"Home","item":"https:\/\/glass-perfume-bottles.com\/"},{"@type":"ListItem","position":2,"name":"Product","item":"https:\/\/glass-perfume-bottles.com\/custom-made-perfume-bottle-suppliers-and-wholesale\/"},{"@type":"ListItem","position":3,"name":"Wholesale perfume bottle cap material"}]},{"@type":"WebSite","@id":"https:\/\/glass-perfume-bottles.com\/#website","url":"https:\/\/glass-perfume-bottles.com\/","name":"HY GLASS","description":"glass perfume bottle manufacturers &amp; suppliers, aroma reed diffuser bottle wholesale &amp; suppliers","publisher":{"@id":"https:\/\/glass-perfume-bottles.com\/#organization"},"potentialAction":[{"@type":"SearchAction","target":{"@type":"EntryPoint","urlTemplate":"https:\/\/glass-perfume-bottles.com\/?s={search_term_string}"},"query-input":{"@type":"PropertyValueSpecification","valueRequired":true,"valueName":"search_term_string"}}],"inLanguage":"de"},{"@type":"Organization","@id":"https:\/\/glass-perfume-bottles.com\/#organization","name":"HY GLASS","url":"https:\/\/glass-perfume-bottles.com\/","logo":{"@type":"ImageObject","inLanguage":"de","@id":"https:\/\/glass-perfume-bottles.com\/#\/schema\/logo\/image\/","url":"https:\/\/glass-perfume-bottles.com\/wp-content\/uploads\/2023\/09\/logo21.png","contentUrl":"https:\/\/glass-perfume-bottles.com\/wp-content\/uploads\/2023\/09\/logo21.png","width":342,"height":268,"caption":"HY GLASS"},"image":{"@id":"https:\/\/glass-perfume-bottles.com\/#\/schema\/logo\/image\/"}}]}},"taxonomy_info":{"product_cat":[{"value":52,"label":"Perfume Bottle Cap"}],"product_tag":[{"value":131,"label":"Custom perfume cap suuplier"},{"value":130,"label":"K-resin cap for perfume bottle"},{"value":55,"label":"perfume bottle cap"},{"value":57,"label":"perfume bottle cap suppliers"},{"value":153,"label":"Wholesale perfume bottle cap"}]},"featured_image_src_large":["https:\/\/glass-perfume-bottles.com\/wp-content\/uploads\/2025\/02\/Custom-glass-cap-material.jpg",720,720,false],"author_info":[],"comment_info":0,"_links":{"self":[{"href":"https:\/\/glass-perfume-bottles.com\/de\/wp-json\/wp\/v2\/product\/2358","targetHints":{"allow":["GET"]}}],"collection":[{"href":"https:\/\/glass-perfume-bottles.com\/de\/wp-json\/wp\/v2\/product"}],"about":[{"href":"https:\/\/glass-perfume-bottles.com\/de\/wp-json\/wp\/v2\/types\/product"}],"replies":[{"embeddable":true,"href":"https:\/\/glass-perfume-bottles.com\/de\/wp-json\/wp\/v2\/comments?post=2358"}],"wp:featuredmedia":[{"embeddable":true,"href":"https:\/\/glass-perfume-bottles.com\/de\/wp-json\/wp\/v2\/media\/2359"}],"wp:attachment":[{"href":"https:\/\/glass-perfume-bottles.com\/de\/wp-json\/wp\/v2\/media?parent=2358"}],"wp:term":[{"taxonomy":"product_brand","embeddable":true,"href":"https:\/\/glass-perfume-bottles.com\/de\/wp-json\/wp\/v2\/product_brand?post=2358"},{"taxonomy":"product_cat","embeddable":true,"href":"https:\/\/glass-perfume-bottles.com\/de\/wp-json\/wp\/v2\/product_cat?post=2358"},{"taxonomy":"product_tag","embeddable":true,"href":"https:\/\/glass-perfume-bottles.com\/de\/wp-json\/wp\/v2\/product_tag?post=2358"}],"curies":[{"name":"wp","href":"https:\/\/api.w.org\/{rel}","templated":true}]}}