{"id":2372,"date":"2025-03-02T08:46:50","date_gmt":"2025-03-02T08:46:50","guid":{"rendered":"https:\/\/glass-perfume-bottles.com\/?post_type=product&#038;p=2372"},"modified":"2025-03-02T09:05:36","modified_gmt":"2025-03-02T09:05:36","slug":"premium-10ml-cylinder-glass-perfume-bottle-suppier","status":"publish","type":"product","link":"https:\/\/glass-perfume-bottles.com\/de\/produkt\/premium-10ml-cylinder-glass-perfume-bottle-suppier\/","title":{"rendered":"Premium 10ml Zylinder Duftglas Parf\u00fcm Flasche Lieferant"},"content":{"rendered":"<table>\n<tbody>\n<tr>\n<td width=\"158\">Produktname<\/td>\n<td width=\"591\">Hochwertiger 10-ml-Zylinder-Duftglas-Parf\u00fcmflakon<\/td>\n<\/tr>\n<tr>\n<td width=\"158\">Kapazit\u00e4t<\/td>\n<td width=\"591\">10 ml (andere Gr\u00f6\u00dfen erh\u00e4ltlich)<\/td>\n<\/tr>\n<tr>\n<td width=\"158\">Gr\u00f6\u00dfe<\/td>\n<td width=\"591\">\u00a050 ml: 24 x 89 mm<\/td>\n<\/tr>\n<tr>\n<td width=\"158\">Mund<\/td>\n<td width=\"591\">Schrauben<span style=\"font-family: inherit; font-size: inherit;\"> Mund<\/span><\/td>\n<\/tr>\n<tr>\n<td width=\"158\">Material<\/td>\n<td width=\"591\">Kalk-Natron-Glas<\/td>\n<\/tr>\n<tr>\n<td width=\"158\">Geh\u00e4usefarbe<\/td>\n<td width=\"591\">Bernstein, Schwarz, Mattschwarz, Rosa oder Sonderfarbe<\/td>\n<\/tr>\n<tr>\n<td width=\"158\">Oberfl\u00e4chenbehandlung<\/td>\n<td width=\"591\">\n<ol>\n<li>Siebdruck<\/li>\n<li>Hei\u00dfpr\u00e4gen<\/li>\n<li>\u00a0UV-Beschichtung<\/li>\n<li>Mattiert<\/li>\n<li>\u00a0Abziehbild<\/li>\n<li>\u00a0Beflockung<\/li>\n<li>Beschriftung<\/li>\n<li>Farbmalerei oder individuell nach Ihren Anforderungen<\/li>\n<\/ol>\n<\/td>\n<\/tr>\n<tr>\n<td width=\"158\">Verwendung<\/td>\n<td width=\"591\">Parf\u00fcm\/Serum\/\u00e4therisches \u00d6l\/Raumduft\u00f6l\/Toner<\/td>\n<\/tr>\n<tr>\n<td width=\"158\">Verpackung<\/td>\n<td width=\"591\">Exportkarton dann Sperrholzpalette,<\/td>\n<\/tr>\n<tr>\n<td width=\"158\">Mindestbestellmenge<\/td>\n<td width=\"591\">10.000 St\u00fcck (da es ein individuelles Design gibt)<\/td>\n<\/tr>\n<tr>\n<td width=\"158\">Probe<\/td>\n<td width=\"591\">Kostenlose Probe, Frachtkosten erforderlich.<\/td>\n<\/tr>\n<tr>\n<td width=\"158\">Transport<\/td>\n<td width=\"591\">FedEx\/DHL\/EMS\/UPS\/TNT\/auf dem Seeweg\/auf dem Luftweg usw.<\/td>\n<\/tr>\n<tr>\n<td width=\"158\">Zahlungsweise<\/td>\n<td width=\"591\">T\/T, L\/C, Western Union, Money Gram, Paypal usw.<\/td>\n<\/tr>\n<tr>\n<td width=\"158\">Lieferzeit<\/td>\n<td width=\"591\">Probe 1\u20132 Tage, Auftragsproduktion 20\u201345 Tage, abh\u00e4ngig von den Auftragsdetails.<\/td>\n<\/tr>\n<tr>\n<td width=\"158\">Service<\/td>\n<td width=\"591\">OEM- und ODM-Service, Designservice, Komplettl\u00f6sung<\/td>\n<\/tr>\n<\/tbody>\n<\/table>\n<p>&nbsp;<\/p>\n<p><a href=\"https:\/\/glass-perfume-bottles.com\/de\/produkt\/premium-amber-cylinder-glass-spray-perfume-bottle\/\">Hochwertiger 10-ml-Zylinder-Duftglas-Parf\u00fcmflakon <\/a>\u00a0aus hochwei\u00dfem Glas, Streichholz mit Schraubverschluss <span style=\"font-family: var(--global-body-font-family);\">Der Spr\u00fchpumpenkopf mit seiner geraden, runden Form ist besonders sch\u00f6n<\/span><span style=\"font-family: var(--global-body-font-family);\">Das dicke Bodendesign hebt einen einzigartigen Stil hervor und kann mit Farbbeschichtung, Mattierung, Marmorierung, Beflockung usw. verwendet werden. Das Fassungsverm\u00f6gen betr\u00e4gt 10\u2013100 ml, je nach Wahl.<\/span><\/p>\n<p><span style=\"font-family: var(--global-body-font-family);\">Wir k\u00f6nnen auch verschiedene Parf\u00fcmflaschenverpackungen wie Schachteln mit unterschiedlicher Gr\u00f6\u00dfe und aus unterschiedlichem Material liefern. Wie Kraftpapier, Pappe, Kunstdruckpapier usw.<\/span><\/p>\n<p>Als Profi <a href=\"https:\/\/www.hyglassbottles.com\/product\/Custom-sloping-glass-perfume-bottle-with-wooden-cap.html\">Parf\u00fcmflasche aus Glas<\/a> Fabrik, wir haben verschiedene Formen und Kapazit\u00e4ten f\u00fcr den Kunden hergestellt, verf\u00fcgen \u00fcber eine professionelle Produktionslinie und ein Designteam, wir k\u00f6nnen dem Kunden erstklassigen Service und stabile Produkte bieten, senden Sie uns gerne eine Anfrage, wir warten auf Sie.<\/p>","protected":false},"excerpt":{"rendered":"<p>Premium-Bernstein <a class=\"yoast-text-mark\" href=\"\/de\/&quot;&quot;https:\/\/glass-perfume-bottles.com\/produkt\/custom-30ml-ccylinder\/\">\uff0caus Kalk-Natron-Glas\uff0cStreichholz mit Schraubverschluss <span style=\"font-family: var(--global-body-font-family);\">Besonders sch\u00f6n ist der Spr\u00fchpumpenkopf, die Lotionspumpe usw. mit ihrer geraden, runden Form.<\/span><span style=\"font-family: var(--global-body-font-family);\">dicker Boden mit Zylinderdesign Heben Sie einen einzigartigen Stil hervor, akzeptieren Sie Farbbeschichtung, Mattierung, Marmorbeschichtung, Beflockung usw.<\/span><\/a><\/p>\n<div class=\"summary entry-summary\">\n<div class=\"a2a_kit a2a_kit_size_32 addtoany_list\" data-a2a-url=\"https:\/\/glass-perfume-bottles.com\/product\/30ml-50ml-100ml-perfume-bottle-with-cap\/\" data-a2a-title=\"Wholesale 30ml 50ml 100ml cylinder Perfume bottle with cap\"><\/div>\n<\/div>\n<div class=\"woocommerce-tabs wc-tabs-wrapper\"><\/div>","protected":false},"featured_media":2373,"comment_status":"open","ping_status":"closed","template":"","meta":{"_kad_blocks_custom_css":"","_kad_blocks_head_custom_js":"","_kad_blocks_body_custom_js":"","_kad_blocks_footer_custom_js":"","_kad_post_transparent":"default","_kad_post_title":"","_kad_post_layout":"default","_kad_post_sidebar_id":"","_kad_post_content_style":"default","_kad_post_vertical_padding":"default","_kad_post_feature":"","_kad_post_feature_position":"","_kad_post_header":false,"_kad_post_footer":false,"_joinchat":[]},"product_brand":[],"product_cat":[51],"product_tag":[69,70,157,156,66],"class_list":{"0":"post-2372","1":"product","2":"type-product","3":"status-publish","4":"has-post-thumbnail","6":"product_cat-glass-perfume-bottles","7":"product_tag-custom-glass-perfume-bottle-factory","8":"product_tag-custom-home-fragrance-oil-bottle","9":"product_tag-exquisite-perfume-bottle-manufacturer","10":"product_tag-luxury-perfume-bottle-supplier","11":"product_tag-wholesale-glass-perfume-bottle","13":"first","14":"instock","15":"shipping-taxable","16":"product-type-simple","17":"entry","18":"content-bg","19":"loop-entry"},"yoast_head":"<!-- This site is optimized with the Yoast SEO Premium plugin v20.5 (Yoast SEO v24.2) - https:\/\/yoast.com\/wordpress\/plugins\/seo\/ -->\n<title>Scent perfume bottle<\/title>\n<meta name=\"description\" content=\"Premium amber cylinder perfume bottle,made of sod-lime glass\uff0cscrew mouth match the spray pump head\u3001lotion pump etc,capacity from 20ml-120ml for your choice\" \/>\n<meta name=\"robots\" content=\"index, follow, max-snippet:-1, max-image-preview:large, max-video-preview:-1\" \/>\n<link rel=\"canonical\" href=\"https:\/\/glass-perfume-bottles.com\/de\/produkt\/premium-10ml-cylinder-glass-perfume-bottle-suppier\/\" \/>\n<meta property=\"og:locale\" content=\"de_DE\" \/>\n<meta property=\"og:type\" content=\"article\" \/>\n<meta property=\"og:title\" content=\"Premium 10ml cylinder scent glass perfume bottle supplier\" \/>\n<meta property=\"og:description\" content=\"Premium amber cylinder perfume bottle,made of sod-lime glass\uff0cscrew mouth match the spray pump head\u3001lotion pump etc,capacity from 20ml-120ml for your choice\" \/>\n<meta property=\"og:url\" content=\"https:\/\/glass-perfume-bottles.com\/de\/produkt\/premium-10ml-cylinder-glass-perfume-bottle-suppier\/\" \/>\n<meta property=\"og:site_name\" content=\"HY GLASS\" \/>\n<meta property=\"article:modified_time\" content=\"2025-03-02T09:05:36+00:00\" \/>\n<meta property=\"og:image\" content=\"https:\/\/glass-perfume-bottles.com\/wp-content\/uploads\/2025\/03\/Premium-10ml-cylinder-glass-perfume-bottle.jpg\" \/>\n\t<meta property=\"og:image:width\" content=\"720\" \/>\n\t<meta property=\"og:image:height\" content=\"720\" \/>\n\t<meta property=\"og:image:type\" content=\"image\/jpeg\" \/>\n<meta name=\"twitter:card\" content=\"summary_large_image\" \/>\n<meta name=\"twitter:label1\" content=\"Gesch\u00e4tzte Lesezeit\" \/>\n\t<meta name=\"twitter:data1\" content=\"2\u00a0Minuten\" \/>\n<script type=\"application\/ld+json\" class=\"yoast-schema-graph\">{\"@context\":\"https:\/\/schema.org\",\"@graph\":[{\"@type\":\"WebPage\",\"@id\":\"https:\/\/glass-perfume-bottles.com\/product\/premium-10ml-cylinder-glass-perfume-bottle-suppier\/\",\"url\":\"https:\/\/glass-perfume-bottles.com\/product\/premium-10ml-cylinder-glass-perfume-bottle-suppier\/\",\"name\":\"Scent perfume bottle\",\"isPartOf\":{\"@id\":\"https:\/\/glass-perfume-bottles.com\/#website\"},\"primaryImageOfPage\":{\"@id\":\"https:\/\/glass-perfume-bottles.com\/product\/premium-10ml-cylinder-glass-perfume-bottle-suppier\/#primaryimage\"},\"image\":{\"@id\":\"https:\/\/glass-perfume-bottles.com\/product\/premium-10ml-cylinder-glass-perfume-bottle-suppier\/#primaryimage\"},\"thumbnailUrl\":\"https:\/\/glass-perfume-bottles.com\/wp-content\/uploads\/2025\/03\/Premium-10ml-cylinder-glass-perfume-bottle.jpg\",\"datePublished\":\"2025-03-02T08:46:50+00:00\",\"dateModified\":\"2025-03-02T09:05:36+00:00\",\"description\":\"Premium amber cylinder perfume bottle,made of sod-lime glass\uff0cscrew mouth match the spray pump head\u3001lotion pump etc,capacity from 20ml-120ml for your choice\",\"breadcrumb\":{\"@id\":\"https:\/\/glass-perfume-bottles.com\/product\/premium-10ml-cylinder-glass-perfume-bottle-suppier\/#breadcrumb\"},\"inLanguage\":\"de\",\"potentialAction\":[{\"@type\":\"ReadAction\",\"target\":[\"https:\/\/glass-perfume-bottles.com\/product\/premium-10ml-cylinder-glass-perfume-bottle-suppier\/\"]}]},{\"@type\":\"ImageObject\",\"inLanguage\":\"de\",\"@id\":\"https:\/\/glass-perfume-bottles.com\/product\/premium-10ml-cylinder-glass-perfume-bottle-suppier\/#primaryimage\",\"url\":\"https:\/\/glass-perfume-bottles.com\/wp-content\/uploads\/2025\/03\/Premium-10ml-cylinder-glass-perfume-bottle.jpg\",\"contentUrl\":\"https:\/\/glass-perfume-bottles.com\/wp-content\/uploads\/2025\/03\/Premium-10ml-cylinder-glass-perfume-bottle.jpg\",\"width\":720,\"height\":720,\"caption\":\"Premium 10ml cylinder scent glass perfume bottle \u00a0made of high white\u00a0 glass\uff0cscrew mouth match the spray pump head ,striaght round shape is especially beautifulthick bottom\u00a0 design Highlight a unique style,accept color coating\u3001frosted\u3001marble coating\u3001flocking ect process,capacity from from 10ml-100ml for your choice\uff0c\"},{\"@type\":\"BreadcrumbList\",\"@id\":\"https:\/\/glass-perfume-bottles.com\/product\/premium-10ml-cylinder-glass-perfume-bottle-suppier\/#breadcrumb\",\"itemListElement\":[{\"@type\":\"ListItem\",\"position\":1,\"name\":\"Home\",\"item\":\"https:\/\/glass-perfume-bottles.com\/\"},{\"@type\":\"ListItem\",\"position\":2,\"name\":\"Product\",\"item\":\"https:\/\/glass-perfume-bottles.com\/custom-made-perfume-bottle-suppliers-and-wholesale\/\"},{\"@type\":\"ListItem\",\"position\":3,\"name\":\"Premium 10ml cylinder scent glass perfume bottle supplier\"}]},{\"@type\":\"WebSite\",\"@id\":\"https:\/\/glass-perfume-bottles.com\/#website\",\"url\":\"https:\/\/glass-perfume-bottles.com\/\",\"name\":\"HY GLASS\",\"description\":\"glass perfume bottle manufacturers &amp; suppliers, aroma reed diffuser bottle wholesale &amp; suppliers\",\"publisher\":{\"@id\":\"https:\/\/glass-perfume-bottles.com\/#organization\"},\"potentialAction\":[{\"@type\":\"SearchAction\",\"target\":{\"@type\":\"EntryPoint\",\"urlTemplate\":\"https:\/\/glass-perfume-bottles.com\/?s={search_term_string}\"},\"query-input\":{\"@type\":\"PropertyValueSpecification\",\"valueRequired\":true,\"valueName\":\"search_term_string\"}}],\"inLanguage\":\"de\"},{\"@type\":\"Organization\",\"@id\":\"https:\/\/glass-perfume-bottles.com\/#organization\",\"name\":\"HY GLASS\",\"url\":\"https:\/\/glass-perfume-bottles.com\/\",\"logo\":{\"@type\":\"ImageObject\",\"inLanguage\":\"de\",\"@id\":\"https:\/\/glass-perfume-bottles.com\/#\/schema\/logo\/image\/\",\"url\":\"https:\/\/glass-perfume-bottles.com\/wp-content\/uploads\/2023\/09\/logo21.png\",\"contentUrl\":\"https:\/\/glass-perfume-bottles.com\/wp-content\/uploads\/2023\/09\/logo21.png\",\"width\":342,\"height\":268,\"caption\":\"HY GLASS\"},\"image\":{\"@id\":\"https:\/\/glass-perfume-bottles.com\/#\/schema\/logo\/image\/\"}}]}<\/script>\n<!-- \/ Yoast SEO Premium plugin. -->","yoast_head_json":{"title":"Scent perfume bottle","description":"Premium amber cylinder perfume bottle,made of sod-lime glass\uff0cscrew mouth match the spray pump head\u3001lotion pump etc,capacity from 20ml-120ml for your choice","robots":{"index":"index","follow":"follow","max-snippet":"max-snippet:-1","max-image-preview":"max-image-preview:large","max-video-preview":"max-video-preview:-1"},"canonical":"https:\/\/glass-perfume-bottles.com\/de\/produkt\/premium-10ml-cylinder-glass-perfume-bottle-suppier\/","og_locale":"de_DE","og_type":"article","og_title":"Premium 10ml cylinder scent glass perfume bottle supplier","og_description":"Premium amber cylinder perfume bottle,made of sod-lime glass\uff0cscrew mouth match the spray pump head\u3001lotion pump etc,capacity from 20ml-120ml for your choice","og_url":"https:\/\/glass-perfume-bottles.com\/de\/produkt\/premium-10ml-cylinder-glass-perfume-bottle-suppier\/","og_site_name":"HY GLASS","article_modified_time":"2025-03-02T09:05:36+00:00","og_image":[{"width":720,"height":720,"url":"https:\/\/glass-perfume-bottles.com\/wp-content\/uploads\/2025\/03\/Premium-10ml-cylinder-glass-perfume-bottle.jpg","type":"image\/jpeg"}],"twitter_card":"summary_large_image","twitter_misc":{"Gesch\u00e4tzte Lesezeit":"2\u00a0Minuten"},"schema":{"@context":"https:\/\/schema.org","@graph":[{"@type":"WebPage","@id":"https:\/\/glass-perfume-bottles.com\/product\/premium-10ml-cylinder-glass-perfume-bottle-suppier\/","url":"https:\/\/glass-perfume-bottles.com\/product\/premium-10ml-cylinder-glass-perfume-bottle-suppier\/","name":"Scent perfume bottle","isPartOf":{"@id":"https:\/\/glass-perfume-bottles.com\/#website"},"primaryImageOfPage":{"@id":"https:\/\/glass-perfume-bottles.com\/product\/premium-10ml-cylinder-glass-perfume-bottle-suppier\/#primaryimage"},"image":{"@id":"https:\/\/glass-perfume-bottles.com\/product\/premium-10ml-cylinder-glass-perfume-bottle-suppier\/#primaryimage"},"thumbnailUrl":"https:\/\/glass-perfume-bottles.com\/wp-content\/uploads\/2025\/03\/Premium-10ml-cylinder-glass-perfume-bottle.jpg","datePublished":"2025-03-02T08:46:50+00:00","dateModified":"2025-03-02T09:05:36+00:00","description":"Premium amber cylinder perfume bottle,made of sod-lime glass\uff0cscrew mouth match the spray pump head\u3001lotion pump etc,capacity from 20ml-120ml for your choice","breadcrumb":{"@id":"https:\/\/glass-perfume-bottles.com\/product\/premium-10ml-cylinder-glass-perfume-bottle-suppier\/#breadcrumb"},"inLanguage":"de","potentialAction":[{"@type":"ReadAction","target":["https:\/\/glass-perfume-bottles.com\/product\/premium-10ml-cylinder-glass-perfume-bottle-suppier\/"]}]},{"@type":"ImageObject","inLanguage":"de","@id":"https:\/\/glass-perfume-bottles.com\/product\/premium-10ml-cylinder-glass-perfume-bottle-suppier\/#primaryimage","url":"https:\/\/glass-perfume-bottles.com\/wp-content\/uploads\/2025\/03\/Premium-10ml-cylinder-glass-perfume-bottle.jpg","contentUrl":"https:\/\/glass-perfume-bottles.com\/wp-content\/uploads\/2025\/03\/Premium-10ml-cylinder-glass-perfume-bottle.jpg","width":720,"height":720,"caption":"Premium 10ml cylinder scent glass perfume bottle \u00a0made of high white\u00a0 glass\uff0cscrew mouth match the spray pump head ,striaght round shape is especially beautifulthick bottom\u00a0 design Highlight a unique style,accept color coating\u3001frosted\u3001marble coating\u3001flocking ect process,capacity from from 10ml-100ml for your choice\uff0c"},{"@type":"BreadcrumbList","@id":"https:\/\/glass-perfume-bottles.com\/product\/premium-10ml-cylinder-glass-perfume-bottle-suppier\/#breadcrumb","itemListElement":[{"@type":"ListItem","position":1,"name":"Home","item":"https:\/\/glass-perfume-bottles.com\/"},{"@type":"ListItem","position":2,"name":"Product","item":"https:\/\/glass-perfume-bottles.com\/custom-made-perfume-bottle-suppliers-and-wholesale\/"},{"@type":"ListItem","position":3,"name":"Premium 10ml cylinder scent glass perfume bottle supplier"}]},{"@type":"WebSite","@id":"https:\/\/glass-perfume-bottles.com\/#website","url":"https:\/\/glass-perfume-bottles.com\/","name":"HY GLASS","description":"glass perfume bottle manufacturers &amp; suppliers, aroma reed diffuser bottle wholesale &amp; suppliers","publisher":{"@id":"https:\/\/glass-perfume-bottles.com\/#organization"},"potentialAction":[{"@type":"SearchAction","target":{"@type":"EntryPoint","urlTemplate":"https:\/\/glass-perfume-bottles.com\/?s={search_term_string}"},"query-input":{"@type":"PropertyValueSpecification","valueRequired":true,"valueName":"search_term_string"}}],"inLanguage":"de"},{"@type":"Organization","@id":"https:\/\/glass-perfume-bottles.com\/#organization","name":"HY GLASS","url":"https:\/\/glass-perfume-bottles.com\/","logo":{"@type":"ImageObject","inLanguage":"de","@id":"https:\/\/glass-perfume-bottles.com\/#\/schema\/logo\/image\/","url":"https:\/\/glass-perfume-bottles.com\/wp-content\/uploads\/2023\/09\/logo21.png","contentUrl":"https:\/\/glass-perfume-bottles.com\/wp-content\/uploads\/2023\/09\/logo21.png","width":342,"height":268,"caption":"HY GLASS"},"image":{"@id":"https:\/\/glass-perfume-bottles.com\/#\/schema\/logo\/image\/"}}]}},"taxonomy_info":{"product_cat":[{"value":51,"label":"Glass Perfume Bottle"}],"product_tag":[{"value":69,"label":"Custom glass perfume bottle factory"},{"value":70,"label":"Custom home fragrance oil bottle"},{"value":157,"label":"Exquisite perfume bottle manufacturer"},{"value":156,"label":"Luxury perfume bottle supplier"},{"value":66,"label":"Wholesale glass perfume bottle"}]},"featured_image_src_large":["https:\/\/glass-perfume-bottles.com\/wp-content\/uploads\/2025\/03\/Premium-10ml-cylinder-glass-perfume-bottle.jpg",720,720,false],"author_info":[],"comment_info":0,"_links":{"self":[{"href":"https:\/\/glass-perfume-bottles.com\/de\/wp-json\/wp\/v2\/product\/2372","targetHints":{"allow":["GET"]}}],"collection":[{"href":"https:\/\/glass-perfume-bottles.com\/de\/wp-json\/wp\/v2\/product"}],"about":[{"href":"https:\/\/glass-perfume-bottles.com\/de\/wp-json\/wp\/v2\/types\/product"}],"replies":[{"embeddable":true,"href":"https:\/\/glass-perfume-bottles.com\/de\/wp-json\/wp\/v2\/comments?post=2372"}],"wp:featuredmedia":[{"embeddable":true,"href":"https:\/\/glass-perfume-bottles.com\/de\/wp-json\/wp\/v2\/media\/2373"}],"wp:attachment":[{"href":"https:\/\/glass-perfume-bottles.com\/de\/wp-json\/wp\/v2\/media?parent=2372"}],"wp:term":[{"taxonomy":"product_brand","embeddable":true,"href":"https:\/\/glass-perfume-bottles.com\/de\/wp-json\/wp\/v2\/product_brand?post=2372"},{"taxonomy":"product_cat","embeddable":true,"href":"https:\/\/glass-perfume-bottles.com\/de\/wp-json\/wp\/v2\/product_cat?post=2372"},{"taxonomy":"product_tag","embeddable":true,"href":"https:\/\/glass-perfume-bottles.com\/de\/wp-json\/wp\/v2\/product_tag?post=2372"}],"curies":[{"name":"wp","href":"https:\/\/api.w.org\/{rel}","templated":true}]}}