{"id":2377,"date":"2025-03-02T14:00:53","date_gmt":"2025-03-02T14:00:53","guid":{"rendered":"https:\/\/glass-perfume-bottles.com\/?post_type=product&#038;p=2377"},"modified":"2025-03-02T14:50:45","modified_gmt":"2025-03-02T14:50:45","slug":"luxury-10ml-bamboo-shell-glass-spray-pump-bottle-supplier","status":"publish","type":"product","link":"https:\/\/glass-perfume-bottles.com\/de\/produkt\/luxury-10ml-bamboo-shell-glass-spray-pump-bottle-supplier\/","title":{"rendered":"Luxuri\u00f6ser 10ml-Rotationsspr\u00fchpumpenflaschenlieferant aus Bambusschalenglas"},"content":{"rendered":"<table>\n<tbody>\n<tr>\n<td width=\"158\">Produktname<\/td>\n<td width=\"591\">Rotationsspr\u00fchpumpenflasche aus Bambusschalenglas<\/td>\n<\/tr>\n<tr>\n<td width=\"158\">Kapazit\u00e4t<\/td>\n<td width=\"591\">10 ml oder andere benutzerdefinierte Kapazit\u00e4t<\/td>\n<\/tr>\n<tr>\n<td width=\"158\">Gr\u00f6\u00dfe<\/td>\n<td width=\"591\">\u00a010 ml: 26 x 98 mm<\/td>\n<\/tr>\n<tr>\n<td width=\"158\">Mund<\/td>\n<td width=\"591\">Schrauben<span style=\"font-family: inherit; font-size: inherit;\"> Mund<\/span><\/td>\n<\/tr>\n<tr>\n<td width=\"158\">Material<\/td>\n<td width=\"591\">\u00c4u\u00dfere Bambusschale + innere Borosilikatflasche<\/td>\n<\/tr>\n<tr>\n<td width=\"158\">Geh\u00e4usefarbe<\/td>\n<td width=\"591\">Au\u00dfenfarbe: Naturbambus<\/td>\n<\/tr>\n<tr>\n<td width=\"158\">Oberfl\u00e4chenbehandlung<\/td>\n<td width=\"591\">\n<ol>\n<li>Siebdruck<\/li>\n<li>Gravieren<\/li>\n<li>Beschriftung<\/li>\n<li>Farbmalerei oder individuell nach Ihren Anforderungen<\/li>\n<\/ol>\n<\/td>\n<\/tr>\n<tr>\n<td width=\"158\">Verwendung<\/td>\n<td width=\"591\">Parf\u00fcm\/Serum\/\u00e4therisches \u00d6l\/Raumduft\u00f6l\/Toner<\/td>\n<\/tr>\n<tr>\n<td width=\"158\">Verpackung<\/td>\n<td width=\"591\">Exportkarton dann Sperrholzpalette,<\/td>\n<\/tr>\n<tr>\n<td width=\"158\">Mindestbestellmenge<\/td>\n<td width=\"591\">10.000 St\u00fcck (da es ein individuelles Design gibt)<\/td>\n<\/tr>\n<tr>\n<td width=\"158\">Probe<\/td>\n<td width=\"591\">Kostenlose Probe, Frachtkosten erforderlich.<\/td>\n<\/tr>\n<tr>\n<td width=\"158\">Transport<\/td>\n<td width=\"591\">FedEx\/DHL\/EMS\/UPS\/TNT\/auf dem Seeweg\/auf dem Luftweg usw.<\/td>\n<\/tr>\n<tr>\n<td width=\"158\">Zahlungsweise<\/td>\n<td width=\"591\">T\/T, L\/C, Western Union, Money Gram, Paypal usw.<\/td>\n<\/tr>\n<tr>\n<td width=\"158\">Lieferzeit<\/td>\n<td width=\"591\">Probe 1\u20132 Tage, Auftragsproduktion 20\u201345 Tage, abh\u00e4ngig von den Auftragsdetails.<\/td>\n<\/tr>\n<tr>\n<td width=\"158\">Service<\/td>\n<td width=\"591\">OEM- und ODM-Service, Designservice, Komplettl\u00f6sung<\/td>\n<\/tr>\n<\/tbody>\n<\/table>\n<p>&nbsp;<\/p>\n<p>Luxuri\u00f6se 10-ml-Bambusschale <a href=\"https:\/\/glass-perfume-bottles.com\/de\/produkt\/10ml-15ml-rotary-perfume-bottle-supplier\/\">Rotationsspr\u00fchpumpenflasche aus Glas<\/a> Au\u00dfenschale aus Bambus + Innenflasche aus Borosilikatglas.<span style=\"font-family: var(--global-body-font-family);\">Die Verwendung von Bambus verleiht der Flasche ein warmes, organisches Aussehen, das umweltbewusste Verbraucher anspricht.<br \/>\nNachhaltige Materialien: Bambus ist ein erneuerbarer Rohstoff und daher im Vergleich zu herk\u00f6mmlichen Glas- oder Plastikflaschen eine nachhaltigere Wahl.<br \/>\nFunktionalit\u00e4t<br \/>\nLeichtgewicht: Bambusflaschen sind oft leichter als Glasflaschen und daher ideal f\u00fcr Reisen.<br \/>\nHaltbarkeit: Bambus ist \u00fcberraschend robust und bietet dem Duft im Inneren einen guten Schutz.<\/span><\/p>\n<p><span style=\"font-family: var(--global-body-font-family);\">Wir k\u00f6nnen auch verschiedene Parf\u00fcmflaschenverpackungen wie Schachteln mit unterschiedlicher Gr\u00f6\u00dfe und aus unterschiedlichem Material liefern. Wie Kraftpapier, Pappe, Kunstdruckpapier usw.<\/span><\/p>\n<p>Als Profi <a href=\"https:\/\/www.hyglassbottles.com\/product\/Custom-sloping-glass-perfume-bottle-with-wooden-cap.html\">Parf\u00fcmflasche aus Glas<\/a> Fabrik, wir haben verschiedene Formen und Kapazit\u00e4ten f\u00fcr den Kunden hergestellt, verf\u00fcgen \u00fcber eine professionelle Produktionslinie und ein Designteam, wir k\u00f6nnen dem Kunden erstklassigen Service und stabile Produkte bieten, senden Sie uns gerne eine Anfrage, wir warten auf Sie.<\/p>","protected":false},"excerpt":{"rendered":"<p>Luxuri\u00f6se 10-ml-Bambusschale <a href=\"https:\/\/glass-perfume-bottles.com\/de\/produkt\/10ml-15ml-rotary-perfume-bottle-supplier\/\">Rotationsspr\u00fchpumpenflasche aus Glas<\/a> Au\u00dfenschale aus Bambus + Innenflasche aus Borosilikatglas.<span style=\"font-family: var(--global-body-font-family);\">Die Verwendung von Bambus verleiht der Flasche ein warmes, organisches Aussehen, das umweltbewusste Verbraucher anspricht.<\/span><\/p>\n<div class=\"summary entry-summary\">\n<div class=\"a2a_kit a2a_kit_size_32 addtoany_list\" data-a2a-url=\"https:\/\/glass-perfume-bottles.com\/product\/30ml-50ml-100ml-perfume-bottle-with-cap\/\" data-a2a-title=\"Wholesale 30ml 50ml 100ml cylinder Perfume bottle with cap\"><\/div>\n<\/div>\n<div class=\"woocommerce-tabs wc-tabs-wrapper\"><\/div>","protected":false},"featured_media":2378,"comment_status":"open","ping_status":"closed","template":"","meta":{"_kad_blocks_custom_css":"","_kad_blocks_head_custom_js":"","_kad_blocks_body_custom_js":"","_kad_blocks_footer_custom_js":"","_kad_post_transparent":"default","_kad_post_title":"","_kad_post_layout":"default","_kad_post_sidebar_id":"","_kad_post_content_style":"default","_kad_post_vertical_padding":"default","_kad_post_feature":"","_kad_post_feature_position":"","_kad_post_header":false,"_kad_post_footer":false,"_joinchat":[]},"product_brand":[],"product_cat":[51],"product_tag":[160,158,156,161,66],"class_list":{"0":"post-2377","1":"product","2":"type-product","3":"status-publish","4":"has-post-thumbnail","6":"product_cat-glass-perfume-bottles","7":"product_tag-bamboo-shell-perfume-bottle","8":"product_tag-home-scent-perfume-bottle","9":"product_tag-luxury-perfume-bottle-supplier","10":"product_tag-rotary-perfume-bottle-factory","11":"product_tag-wholesale-glass-perfume-bottle","13":"first","14":"instock","15":"shipping-taxable","16":"product-type-simple","17":"entry","18":"content-bg","19":"loop-entry"},"yoast_head":"<!-- This site is optimized with the Yoast SEO Premium plugin v20.5 (Yoast SEO v24.2) - https:\/\/yoast.com\/wordpress\/plugins\/seo\/ -->\n<title>Rotary spray pump bottle<\/title>\n<meta name=\"description\" content=\"Luxury 10ml bamboo shell glass rotary spray pump bottle,outside bamboo shell+inner borosilicate bottle,accepte customize from 5ml-20ml capacity for client\u3002\" \/>\n<meta name=\"robots\" content=\"index, follow, max-snippet:-1, max-image-preview:large, max-video-preview:-1\" \/>\n<link rel=\"canonical\" href=\"https:\/\/glass-perfume-bottles.com\/de\/produkt\/luxury-10ml-bamboo-shell-glass-spray-pump-bottle-supplier\/\" \/>\n<meta property=\"og:locale\" content=\"de_DE\" \/>\n<meta property=\"og:type\" content=\"article\" \/>\n<meta property=\"og:title\" content=\"Luxury 10ml bamboo shell glass rotary spray pump bottle supplier\" \/>\n<meta property=\"og:description\" content=\"Luxury 10ml bamboo shell glass rotary spray pump bottle,outside bamboo shell+inner borosilicate bottle,accepte customize from 5ml-20ml capacity for client\u3002\" \/>\n<meta property=\"og:url\" content=\"https:\/\/glass-perfume-bottles.com\/de\/produkt\/luxury-10ml-bamboo-shell-glass-spray-pump-bottle-supplier\/\" \/>\n<meta property=\"og:site_name\" content=\"HY GLASS\" \/>\n<meta property=\"article:modified_time\" content=\"2025-03-02T14:50:45+00:00\" \/>\n<meta property=\"og:image\" content=\"https:\/\/glass-perfume-bottles.com\/wp-content\/uploads\/2025\/03\/Glass-spray-pump-bottle-with-bamboo-shell.jpg\" \/>\n\t<meta property=\"og:image:width\" content=\"720\" \/>\n\t<meta property=\"og:image:height\" content=\"720\" \/>\n\t<meta property=\"og:image:type\" content=\"image\/jpeg\" \/>\n<meta name=\"twitter:card\" content=\"summary_large_image\" \/>\n<meta name=\"twitter:label1\" content=\"Gesch\u00e4tzte Lesezeit\" \/>\n\t<meta name=\"twitter:data1\" content=\"2\u00a0Minuten\" \/>\n<script type=\"application\/ld+json\" class=\"yoast-schema-graph\">{\"@context\":\"https:\/\/schema.org\",\"@graph\":[{\"@type\":\"WebPage\",\"@id\":\"https:\/\/glass-perfume-bottles.com\/product\/luxury-10ml-bamboo-shell-glass-spray-pump-bottle-supplier\/\",\"url\":\"https:\/\/glass-perfume-bottles.com\/product\/luxury-10ml-bamboo-shell-glass-spray-pump-bottle-supplier\/\",\"name\":\"Rotary spray pump bottle\",\"isPartOf\":{\"@id\":\"https:\/\/glass-perfume-bottles.com\/#website\"},\"primaryImageOfPage\":{\"@id\":\"https:\/\/glass-perfume-bottles.com\/product\/luxury-10ml-bamboo-shell-glass-spray-pump-bottle-supplier\/#primaryimage\"},\"image\":{\"@id\":\"https:\/\/glass-perfume-bottles.com\/product\/luxury-10ml-bamboo-shell-glass-spray-pump-bottle-supplier\/#primaryimage\"},\"thumbnailUrl\":\"https:\/\/glass-perfume-bottles.com\/wp-content\/uploads\/2025\/03\/Glass-spray-pump-bottle-with-bamboo-shell.jpg\",\"datePublished\":\"2025-03-02T14:00:53+00:00\",\"dateModified\":\"2025-03-02T14:50:45+00:00\",\"description\":\"Luxury 10ml bamboo shell glass rotary spray pump bottle,outside bamboo shell+inner borosilicate bottle,accepte customize from 5ml-20ml capacity for client\u3002\",\"breadcrumb\":{\"@id\":\"https:\/\/glass-perfume-bottles.com\/product\/luxury-10ml-bamboo-shell-glass-spray-pump-bottle-supplier\/#breadcrumb\"},\"inLanguage\":\"de\",\"potentialAction\":[{\"@type\":\"ReadAction\",\"target\":[\"https:\/\/glass-perfume-bottles.com\/product\/luxury-10ml-bamboo-shell-glass-spray-pump-bottle-supplier\/\"]}]},{\"@type\":\"ImageObject\",\"inLanguage\":\"de\",\"@id\":\"https:\/\/glass-perfume-bottles.com\/product\/luxury-10ml-bamboo-shell-glass-spray-pump-bottle-supplier\/#primaryimage\",\"url\":\"https:\/\/glass-perfume-bottles.com\/wp-content\/uploads\/2025\/03\/Glass-spray-pump-bottle-with-bamboo-shell.jpg\",\"contentUrl\":\"https:\/\/glass-perfume-bottles.com\/wp-content\/uploads\/2025\/03\/Glass-spray-pump-bottle-with-bamboo-shell.jpg\",\"width\":720,\"height\":720,\"caption\":\"Custom Bamboo shell glass spray pump bottle\u00a0outside bamboo shell+inner borosilicate bottle\uff0cthe use of bamboo gives the bottle a warm, organic look that appeals to environmentally conscious consumers.\"},{\"@type\":\"BreadcrumbList\",\"@id\":\"https:\/\/glass-perfume-bottles.com\/product\/luxury-10ml-bamboo-shell-glass-spray-pump-bottle-supplier\/#breadcrumb\",\"itemListElement\":[{\"@type\":\"ListItem\",\"position\":1,\"name\":\"Home\",\"item\":\"https:\/\/glass-perfume-bottles.com\/\"},{\"@type\":\"ListItem\",\"position\":2,\"name\":\"Product\",\"item\":\"https:\/\/glass-perfume-bottles.com\/custom-made-perfume-bottle-suppliers-and-wholesale\/\"},{\"@type\":\"ListItem\",\"position\":3,\"name\":\"Luxury 10ml bamboo shell glass rotary spray pump bottle supplier\"}]},{\"@type\":\"WebSite\",\"@id\":\"https:\/\/glass-perfume-bottles.com\/#website\",\"url\":\"https:\/\/glass-perfume-bottles.com\/\",\"name\":\"HY GLASS\",\"description\":\"glass perfume bottle manufacturers &amp; suppliers, aroma reed diffuser bottle wholesale &amp; suppliers\",\"publisher\":{\"@id\":\"https:\/\/glass-perfume-bottles.com\/#organization\"},\"potentialAction\":[{\"@type\":\"SearchAction\",\"target\":{\"@type\":\"EntryPoint\",\"urlTemplate\":\"https:\/\/glass-perfume-bottles.com\/?s={search_term_string}\"},\"query-input\":{\"@type\":\"PropertyValueSpecification\",\"valueRequired\":true,\"valueName\":\"search_term_string\"}}],\"inLanguage\":\"de\"},{\"@type\":\"Organization\",\"@id\":\"https:\/\/glass-perfume-bottles.com\/#organization\",\"name\":\"HY GLASS\",\"url\":\"https:\/\/glass-perfume-bottles.com\/\",\"logo\":{\"@type\":\"ImageObject\",\"inLanguage\":\"de\",\"@id\":\"https:\/\/glass-perfume-bottles.com\/#\/schema\/logo\/image\/\",\"url\":\"https:\/\/glass-perfume-bottles.com\/wp-content\/uploads\/2023\/09\/logo21.png\",\"contentUrl\":\"https:\/\/glass-perfume-bottles.com\/wp-content\/uploads\/2023\/09\/logo21.png\",\"width\":342,\"height\":268,\"caption\":\"HY GLASS\"},\"image\":{\"@id\":\"https:\/\/glass-perfume-bottles.com\/#\/schema\/logo\/image\/\"}}]}<\/script>\n<!-- \/ Yoast SEO Premium plugin. -->","yoast_head_json":{"title":"Rotary spray pump bottle","description":"Luxury 10ml bamboo shell glass rotary spray pump bottle,outside bamboo shell+inner borosilicate bottle,accepte customize from 5ml-20ml capacity for client\u3002","robots":{"index":"index","follow":"follow","max-snippet":"max-snippet:-1","max-image-preview":"max-image-preview:large","max-video-preview":"max-video-preview:-1"},"canonical":"https:\/\/glass-perfume-bottles.com\/de\/produkt\/luxury-10ml-bamboo-shell-glass-spray-pump-bottle-supplier\/","og_locale":"de_DE","og_type":"article","og_title":"Luxury 10ml bamboo shell glass rotary spray pump bottle supplier","og_description":"Luxury 10ml bamboo shell glass rotary spray pump bottle,outside bamboo shell+inner borosilicate bottle,accepte customize from 5ml-20ml capacity for client\u3002","og_url":"https:\/\/glass-perfume-bottles.com\/de\/produkt\/luxury-10ml-bamboo-shell-glass-spray-pump-bottle-supplier\/","og_site_name":"HY GLASS","article_modified_time":"2025-03-02T14:50:45+00:00","og_image":[{"width":720,"height":720,"url":"https:\/\/glass-perfume-bottles.com\/wp-content\/uploads\/2025\/03\/Glass-spray-pump-bottle-with-bamboo-shell.jpg","type":"image\/jpeg"}],"twitter_card":"summary_large_image","twitter_misc":{"Gesch\u00e4tzte Lesezeit":"2\u00a0Minuten"},"schema":{"@context":"https:\/\/schema.org","@graph":[{"@type":"WebPage","@id":"https:\/\/glass-perfume-bottles.com\/product\/luxury-10ml-bamboo-shell-glass-spray-pump-bottle-supplier\/","url":"https:\/\/glass-perfume-bottles.com\/product\/luxury-10ml-bamboo-shell-glass-spray-pump-bottle-supplier\/","name":"Rotary spray pump bottle","isPartOf":{"@id":"https:\/\/glass-perfume-bottles.com\/#website"},"primaryImageOfPage":{"@id":"https:\/\/glass-perfume-bottles.com\/product\/luxury-10ml-bamboo-shell-glass-spray-pump-bottle-supplier\/#primaryimage"},"image":{"@id":"https:\/\/glass-perfume-bottles.com\/product\/luxury-10ml-bamboo-shell-glass-spray-pump-bottle-supplier\/#primaryimage"},"thumbnailUrl":"https:\/\/glass-perfume-bottles.com\/wp-content\/uploads\/2025\/03\/Glass-spray-pump-bottle-with-bamboo-shell.jpg","datePublished":"2025-03-02T14:00:53+00:00","dateModified":"2025-03-02T14:50:45+00:00","description":"Luxury 10ml bamboo shell glass rotary spray pump bottle,outside bamboo shell+inner borosilicate bottle,accepte customize from 5ml-20ml capacity for client\u3002","breadcrumb":{"@id":"https:\/\/glass-perfume-bottles.com\/product\/luxury-10ml-bamboo-shell-glass-spray-pump-bottle-supplier\/#breadcrumb"},"inLanguage":"de","potentialAction":[{"@type":"ReadAction","target":["https:\/\/glass-perfume-bottles.com\/product\/luxury-10ml-bamboo-shell-glass-spray-pump-bottle-supplier\/"]}]},{"@type":"ImageObject","inLanguage":"de","@id":"https:\/\/glass-perfume-bottles.com\/product\/luxury-10ml-bamboo-shell-glass-spray-pump-bottle-supplier\/#primaryimage","url":"https:\/\/glass-perfume-bottles.com\/wp-content\/uploads\/2025\/03\/Glass-spray-pump-bottle-with-bamboo-shell.jpg","contentUrl":"https:\/\/glass-perfume-bottles.com\/wp-content\/uploads\/2025\/03\/Glass-spray-pump-bottle-with-bamboo-shell.jpg","width":720,"height":720,"caption":"Custom Bamboo shell glass spray pump bottle\u00a0outside bamboo shell+inner borosilicate bottle\uff0cthe use of bamboo gives the bottle a warm, organic look that appeals to environmentally conscious consumers."},{"@type":"BreadcrumbList","@id":"https:\/\/glass-perfume-bottles.com\/product\/luxury-10ml-bamboo-shell-glass-spray-pump-bottle-supplier\/#breadcrumb","itemListElement":[{"@type":"ListItem","position":1,"name":"Home","item":"https:\/\/glass-perfume-bottles.com\/"},{"@type":"ListItem","position":2,"name":"Product","item":"https:\/\/glass-perfume-bottles.com\/custom-made-perfume-bottle-suppliers-and-wholesale\/"},{"@type":"ListItem","position":3,"name":"Luxury 10ml bamboo shell glass rotary spray pump bottle supplier"}]},{"@type":"WebSite","@id":"https:\/\/glass-perfume-bottles.com\/#website","url":"https:\/\/glass-perfume-bottles.com\/","name":"HY GLASS","description":"glass perfume bottle manufacturers &amp; suppliers, aroma reed diffuser bottle wholesale &amp; suppliers","publisher":{"@id":"https:\/\/glass-perfume-bottles.com\/#organization"},"potentialAction":[{"@type":"SearchAction","target":{"@type":"EntryPoint","urlTemplate":"https:\/\/glass-perfume-bottles.com\/?s={search_term_string}"},"query-input":{"@type":"PropertyValueSpecification","valueRequired":true,"valueName":"search_term_string"}}],"inLanguage":"de"},{"@type":"Organization","@id":"https:\/\/glass-perfume-bottles.com\/#organization","name":"HY GLASS","url":"https:\/\/glass-perfume-bottles.com\/","logo":{"@type":"ImageObject","inLanguage":"de","@id":"https:\/\/glass-perfume-bottles.com\/#\/schema\/logo\/image\/","url":"https:\/\/glass-perfume-bottles.com\/wp-content\/uploads\/2023\/09\/logo21.png","contentUrl":"https:\/\/glass-perfume-bottles.com\/wp-content\/uploads\/2023\/09\/logo21.png","width":342,"height":268,"caption":"HY GLASS"},"image":{"@id":"https:\/\/glass-perfume-bottles.com\/#\/schema\/logo\/image\/"}}]}},"taxonomy_info":{"product_cat":[{"value":51,"label":"Glass Perfume Bottle"}],"product_tag":[{"value":160,"label":"Bamboo shell perfume bottle"},{"value":158,"label":"Home scent perfume bottle"},{"value":156,"label":"Luxury perfume bottle supplier"},{"value":161,"label":"Rotary perfume bottle factory"},{"value":66,"label":"Wholesale glass perfume bottle"}]},"featured_image_src_large":["https:\/\/glass-perfume-bottles.com\/wp-content\/uploads\/2025\/03\/Glass-spray-pump-bottle-with-bamboo-shell.jpg",720,720,false],"author_info":[],"comment_info":0,"_links":{"self":[{"href":"https:\/\/glass-perfume-bottles.com\/de\/wp-json\/wp\/v2\/product\/2377","targetHints":{"allow":["GET"]}}],"collection":[{"href":"https:\/\/glass-perfume-bottles.com\/de\/wp-json\/wp\/v2\/product"}],"about":[{"href":"https:\/\/glass-perfume-bottles.com\/de\/wp-json\/wp\/v2\/types\/product"}],"replies":[{"embeddable":true,"href":"https:\/\/glass-perfume-bottles.com\/de\/wp-json\/wp\/v2\/comments?post=2377"}],"wp:featuredmedia":[{"embeddable":true,"href":"https:\/\/glass-perfume-bottles.com\/de\/wp-json\/wp\/v2\/media\/2378"}],"wp:attachment":[{"href":"https:\/\/glass-perfume-bottles.com\/de\/wp-json\/wp\/v2\/media?parent=2377"}],"wp:term":[{"taxonomy":"product_brand","embeddable":true,"href":"https:\/\/glass-perfume-bottles.com\/de\/wp-json\/wp\/v2\/product_brand?post=2377"},{"taxonomy":"product_cat","embeddable":true,"href":"https:\/\/glass-perfume-bottles.com\/de\/wp-json\/wp\/v2\/product_cat?post=2377"},{"taxonomy":"product_tag","embeddable":true,"href":"https:\/\/glass-perfume-bottles.com\/de\/wp-json\/wp\/v2\/product_tag?post=2377"}],"curies":[{"name":"wp","href":"https:\/\/api.w.org\/{rel}","templated":true}]}}