{"id":2463,"date":"2025-03-20T15:59:53","date_gmt":"2025-03-20T15:59:53","guid":{"rendered":"https:\/\/glass-perfume-bottles.com\/?post_type=product&#038;p=2463"},"modified":"2025-03-20T16:08:54","modified_gmt":"2025-03-20T16:08:54","slug":"custom-100ml-flat-glass-perfume-bottle-with-spray-pump-lid","status":"publish","type":"product","link":"https:\/\/glass-perfume-bottles.com\/de\/produkt\/custom-100ml-flat-glass-perfume-bottle-with-spray-pump-lid\/","title":{"rendered":"Kundenspezifische 100-ml-Parf\u00fcmflasche aus flachem Glas mit Spr\u00fchpumpendeckel"},"content":{"rendered":"<table>\n<tbody>\n<tr>\n<td width=\"158\">Produktname<\/td>\n<td width=\"591\"><a href=\"https:\/\/www.hyglassbottles.com\/product\/Exquisite-50ml-cylinder-frosted-perfume-bottle-in-stock.html\">Flache Parf\u00fcmflasche\u00a0<\/a><\/td>\n<\/tr>\n<tr>\n<td width=\"158\">Kapazit\u00e4t<\/td>\n<td width=\"591\">100 ml (andere Gr\u00f6\u00dfen erh\u00e4ltlich)<\/td>\n<\/tr>\n<tr>\n<td width=\"158\">Gr\u00f6\u00dfe<\/td>\n<td width=\"591\">55 x 24 x 128 mm (inkl. Kappe)<\/td>\n<\/tr>\n<tr>\n<td width=\"158\">Mund<\/td>\n<td width=\"591\">Crimp<\/td>\n<\/tr>\n<tr>\n<td width=\"158\">Material<\/td>\n<td width=\"591\">Kristallwei\u00dfes Glas<\/td>\n<\/tr>\n<tr>\n<td width=\"158\">Geh\u00e4usefarbe<\/td>\n<td width=\"591\">Klar, Bernstein, Schwarz, Mattschwarz, Rosa oder Sonderfarbe<\/td>\n<\/tr>\n<tr>\n<td width=\"158\">Oberfl\u00e4chenbehandlung<\/td>\n<td width=\"591\">\n<ol>\n<li>Siebdruck<\/li>\n<li>Hei\u00dfpr\u00e4gen<\/li>\n<li>\u00a0UV-Beschichtung<\/li>\n<li>Mattiert<\/li>\n<li>\u00a0Abziehbild<\/li>\n<li>\u00a0Beflockung<\/li>\n<li>Beschriftung<\/li>\n<li>Farbmalerei oder individuell nach Ihren Anforderungen<\/li>\n<\/ol>\n<\/td>\n<\/tr>\n<tr>\n<td width=\"158\">Verwendung<\/td>\n<td width=\"591\">Parf\u00fcm\/Serum\/\u00e4therisches \u00d6l\/Raumduft\u00f6l\/Toner<\/td>\n<\/tr>\n<tr>\n<td width=\"158\">Verpackung<\/td>\n<td width=\"591\">Exportkarton dann Sperrholzpalette,<\/td>\n<\/tr>\n<tr>\n<td width=\"158\">Mindestbestellmenge 5<\/td>\n<td width=\"591\">1.000 St\u00fcck (da es ein individuelles Design gibt)<\/td>\n<\/tr>\n<tr>\n<td width=\"158\">Probe<\/td>\n<td width=\"591\">Kostenlose Probe, Frachtkosten erforderlich.<\/td>\n<\/tr>\n<tr>\n<td width=\"158\">Transport<\/td>\n<td width=\"591\">FedEx\/DHL\/EMS\/UPS\/TNT\/auf dem Seeweg\/auf dem Luftweg usw.<\/td>\n<\/tr>\n<tr>\n<td width=\"158\">Zahlungsweise<\/td>\n<td width=\"591\">T\/T, L\/C, Western Union, Money Gram, Paypal usw.<\/td>\n<\/tr>\n<tr>\n<td width=\"158\">Lieferzeit<\/td>\n<td width=\"591\">Probe 1\u20132 Tage, Auftragsproduktion 20\u201345 Tage, abh\u00e4ngig von den Auftragsdetails.<\/td>\n<\/tr>\n<tr>\n<td width=\"158\">Service<\/td>\n<td width=\"591\">OEM- und ODM-Service, Designservice, Komplettl\u00f6sung<\/td>\n<\/tr>\n<\/tbody>\n<\/table>\n<p>&nbsp;<\/p>\n<p>100 ml<a href=\"https:\/\/glass-perfume-bottles.com\/de\/produkt\/wholesale-100ml-cylinder-glass-spray-perfume-bottle-factory\/\"> Flache Parf\u00fcmflasche <\/a>aus kristallwei\u00dfem Glas, Crimp-Mund-Streichholz <span style=\"font-family: var(--global-body-font-family);\">Der feine Spr\u00fchnebel-Pumpenkopf, die einzigartige Zylinderform ist besonders sch\u00f6n <\/span><span style=\"font-family: var(--global-body-font-family);\">Design, feines Hervorheben eines einzigartigen Stils, Akzeptieren von Farbbeschichtung, Mattierung, Marmorbeschichtung, Beflockung usw., sorgen Sie daf\u00fcr, dass Ihre Marke ein einzigartiges Markenimage und Anerkennung auf dem Markt erlangt.<\/span><\/p>\n<p><span style=\"font-family: var(--global-body-font-family);\">Wir k\u00f6nnen auch verschiedene Parf\u00fcmflaschenverpackungen wie Schachteln mit unterschiedlicher Gr\u00f6\u00dfe und aus unterschiedlichem Material liefern. Wie Kraftpapier, Pappe, Kunstdruckpapier usw.<\/span><\/p>\n<p>Als professioneller Luxus <a href=\"https:\/\/www.hyglassbottles.com\/product\/Custom-sloping-glass-perfume-bottle-with-wooden-cap.html\">Parf\u00fcmflasche aus Glas<\/a> Fabrik, wir haben verschiedene Formen und Kapazit\u00e4ten f\u00fcr den Kunden hergestellt, verf\u00fcgen \u00fcber eine professionelle Produktionslinie und ein Designteam, wir k\u00f6nnen dem Kunden erstklassigen Service und stabile Produkte bieten, senden Sie uns gerne eine Anfrage, wir warten auf Sie.<\/p>","protected":false},"excerpt":{"rendered":"<p>100 ml<a href=\"https:\/\/glass-perfume-bottles.com\/de\/produkt\/wholesale-100ml-cylinder-glass-spray-perfume-bottle-factory\/\"> Zylinderf\u00f6rmige, mattierte Parf\u00fcmflasche <\/a>Hergestellt aus kristallwei\u00dfem Glas, passend zum Pumpenkopf f\u00fcr feinen Spr\u00fchnebel und dem Kugeldeckel, sorgen Sie daf\u00fcr, dass Ihre Marke ein einzigartiges Markenimage und einen Wiedererkennungswert auf dem Markt erlangt.<\/p>","protected":false},"featured_media":2464,"comment_status":"open","ping_status":"closed","template":"","meta":{"_kad_blocks_custom_css":"","_kad_blocks_head_custom_js":"","_kad_blocks_body_custom_js":"","_kad_blocks_footer_custom_js":"","_kad_post_transparent":"default","_kad_post_title":"","_kad_post_layout":"default","_kad_post_sidebar_id":"","_kad_post_content_style":"default","_kad_post_vertical_padding":"default","_kad_post_feature":"","_kad_post_feature_position":"","_kad_post_header":false,"_kad_post_footer":false,"_joinchat":[]},"product_brand":[],"product_cat":[51],"product_tag":[182,175,156,181,152],"class_list":{"0":"post-2463","1":"product","2":"type-product","3":"status-publish","4":"has-post-thumbnail","6":"product_cat-glass-perfume-bottles","7":"product_tag-flat-perfume-bottle-in-stock","8":"product_tag-glass-perfume-bottle-for-travel","9":"product_tag-luxury-perfume-bottle-supplier","10":"product_tag-premium-perfume-bottle-manufacturer","11":"product_tag-wholesale-perfume-bottle-supplier","13":"first","14":"instock","15":"shipping-taxable","16":"product-type-simple","17":"entry","18":"content-bg","19":"loop-entry"},"yoast_head":"<!-- This site is optimized with the Yoast SEO Premium plugin v20.5 (Yoast SEO v24.2) - https:\/\/yoast.com\/wordpress\/plugins\/seo\/ -->\n<title>Custom 100ml Flat glass perfume bottle with spray pump lid<\/title>\n<meta name=\"description\" content=\"Custom 100ml Flat glass perfume bottle with spray pump lid,make your brand Establish a unique brand image and recognition in the market.\" \/>\n<meta name=\"robots\" content=\"index, follow, max-snippet:-1, max-image-preview:large, max-video-preview:-1\" \/>\n<link rel=\"canonical\" href=\"https:\/\/glass-perfume-bottles.com\/de\/produkt\/custom-100ml-flat-glass-perfume-bottle-with-spray-pump-lid\/\" \/>\n<meta property=\"og:locale\" content=\"de_DE\" \/>\n<meta property=\"og:type\" content=\"article\" \/>\n<meta property=\"og:title\" content=\"Custom 100ml Flat glass perfume bottle with spray pump lid\" \/>\n<meta property=\"og:description\" content=\"Custom 100ml Flat glass perfume bottle with spray pump lid,make your brand Establish a unique brand image and recognition in the market.\" \/>\n<meta property=\"og:url\" content=\"https:\/\/glass-perfume-bottles.com\/de\/produkt\/custom-100ml-flat-glass-perfume-bottle-with-spray-pump-lid\/\" \/>\n<meta property=\"og:site_name\" content=\"HY GLASS\" \/>\n<meta property=\"article:modified_time\" content=\"2025-03-20T16:08:54+00:00\" \/>\n<meta property=\"og:image\" content=\"https:\/\/glass-perfume-bottles.com\/wp-content\/uploads\/2025\/03\/100ml-Flat-square-perfume-bottle-with-spray-pump-lid.jpg\" \/>\n\t<meta property=\"og:image:width\" content=\"720\" \/>\n\t<meta property=\"og:image:height\" content=\"720\" \/>\n\t<meta property=\"og:image:type\" content=\"image\/jpeg\" \/>\n<meta name=\"twitter:card\" content=\"summary_large_image\" \/>\n<meta name=\"twitter:label1\" content=\"Gesch\u00e4tzte Lesezeit\" \/>\n\t<meta name=\"twitter:data1\" content=\"2\u00a0Minuten\" \/>\n<script type=\"application\/ld+json\" class=\"yoast-schema-graph\">{\"@context\":\"https:\/\/schema.org\",\"@graph\":[{\"@type\":\"WebPage\",\"@id\":\"https:\/\/glass-perfume-bottles.com\/product\/custom-100ml-flat-glass-perfume-bottle-with-spray-pump-lid\/\",\"url\":\"https:\/\/glass-perfume-bottles.com\/product\/custom-100ml-flat-glass-perfume-bottle-with-spray-pump-lid\/\",\"name\":\"Custom 100ml Flat glass perfume bottle with spray pump lid\",\"isPartOf\":{\"@id\":\"https:\/\/glass-perfume-bottles.com\/#website\"},\"primaryImageOfPage\":{\"@id\":\"https:\/\/glass-perfume-bottles.com\/product\/custom-100ml-flat-glass-perfume-bottle-with-spray-pump-lid\/#primaryimage\"},\"image\":{\"@id\":\"https:\/\/glass-perfume-bottles.com\/product\/custom-100ml-flat-glass-perfume-bottle-with-spray-pump-lid\/#primaryimage\"},\"thumbnailUrl\":\"https:\/\/glass-perfume-bottles.com\/wp-content\/uploads\/2025\/03\/100ml-Flat-square-perfume-bottle-with-spray-pump-lid.jpg\",\"datePublished\":\"2025-03-20T15:59:53+00:00\",\"dateModified\":\"2025-03-20T16:08:54+00:00\",\"description\":\"Custom 100ml Flat glass perfume bottle with spray pump lid,make your brand Establish a unique brand image and recognition in the market.\",\"breadcrumb\":{\"@id\":\"https:\/\/glass-perfume-bottles.com\/product\/custom-100ml-flat-glass-perfume-bottle-with-spray-pump-lid\/#breadcrumb\"},\"inLanguage\":\"de\",\"potentialAction\":[{\"@type\":\"ReadAction\",\"target\":[\"https:\/\/glass-perfume-bottles.com\/product\/custom-100ml-flat-glass-perfume-bottle-with-spray-pump-lid\/\"]}]},{\"@type\":\"ImageObject\",\"inLanguage\":\"de\",\"@id\":\"https:\/\/glass-perfume-bottles.com\/product\/custom-100ml-flat-glass-perfume-bottle-with-spray-pump-lid\/#primaryimage\",\"url\":\"https:\/\/glass-perfume-bottles.com\/wp-content\/uploads\/2025\/03\/100ml-Flat-square-perfume-bottle-with-spray-pump-lid.jpg\",\"contentUrl\":\"https:\/\/glass-perfume-bottles.com\/wp-content\/uploads\/2025\/03\/100ml-Flat-square-perfume-bottle-with-spray-pump-lid.jpg\",\"width\":720,\"height\":720,\"caption\":\"100ml Flat perfume bottle made of\u00a0 crystal white glass\uff0ccrimp mouth match the fine mist spray pump head ,Unique cylinder shape is especially beautiful design,fine Highlight a unique style,accept color coating\u3001frosted\u3001marble coating\u3001flocking ect process, ,make your brand Establish a unique brand image and recognition in the market\"},{\"@type\":\"BreadcrumbList\",\"@id\":\"https:\/\/glass-perfume-bottles.com\/product\/custom-100ml-flat-glass-perfume-bottle-with-spray-pump-lid\/#breadcrumb\",\"itemListElement\":[{\"@type\":\"ListItem\",\"position\":1,\"name\":\"Home\",\"item\":\"https:\/\/glass-perfume-bottles.com\/\"},{\"@type\":\"ListItem\",\"position\":2,\"name\":\"Product\",\"item\":\"https:\/\/glass-perfume-bottles.com\/custom-made-perfume-bottle-suppliers-and-wholesale\/\"},{\"@type\":\"ListItem\",\"position\":3,\"name\":\"Custom 100ml Flat glass perfume bottle with spray pump lid\"}]},{\"@type\":\"WebSite\",\"@id\":\"https:\/\/glass-perfume-bottles.com\/#website\",\"url\":\"https:\/\/glass-perfume-bottles.com\/\",\"name\":\"HY GLASS\",\"description\":\"glass perfume bottle manufacturers &amp; suppliers, aroma reed diffuser bottle wholesale &amp; suppliers\",\"publisher\":{\"@id\":\"https:\/\/glass-perfume-bottles.com\/#organization\"},\"potentialAction\":[{\"@type\":\"SearchAction\",\"target\":{\"@type\":\"EntryPoint\",\"urlTemplate\":\"https:\/\/glass-perfume-bottles.com\/?s={search_term_string}\"},\"query-input\":{\"@type\":\"PropertyValueSpecification\",\"valueRequired\":true,\"valueName\":\"search_term_string\"}}],\"inLanguage\":\"de\"},{\"@type\":\"Organization\",\"@id\":\"https:\/\/glass-perfume-bottles.com\/#organization\",\"name\":\"HY GLASS\",\"url\":\"https:\/\/glass-perfume-bottles.com\/\",\"logo\":{\"@type\":\"ImageObject\",\"inLanguage\":\"de\",\"@id\":\"https:\/\/glass-perfume-bottles.com\/#\/schema\/logo\/image\/\",\"url\":\"https:\/\/glass-perfume-bottles.com\/wp-content\/uploads\/2023\/09\/logo21.png\",\"contentUrl\":\"https:\/\/glass-perfume-bottles.com\/wp-content\/uploads\/2023\/09\/logo21.png\",\"width\":342,\"height\":268,\"caption\":\"HY GLASS\"},\"image\":{\"@id\":\"https:\/\/glass-perfume-bottles.com\/#\/schema\/logo\/image\/\"}}]}<\/script>\n<!-- \/ Yoast SEO Premium plugin. -->","yoast_head_json":{"title":"Custom 100ml Flat glass perfume bottle with spray pump lid","description":"Custom 100ml Flat glass perfume bottle with spray pump lid,make your brand Establish a unique brand image and recognition in the market.","robots":{"index":"index","follow":"follow","max-snippet":"max-snippet:-1","max-image-preview":"max-image-preview:large","max-video-preview":"max-video-preview:-1"},"canonical":"https:\/\/glass-perfume-bottles.com\/de\/produkt\/custom-100ml-flat-glass-perfume-bottle-with-spray-pump-lid\/","og_locale":"de_DE","og_type":"article","og_title":"Custom 100ml Flat glass perfume bottle with spray pump lid","og_description":"Custom 100ml Flat glass perfume bottle with spray pump lid,make your brand Establish a unique brand image and recognition in the market.","og_url":"https:\/\/glass-perfume-bottles.com\/de\/produkt\/custom-100ml-flat-glass-perfume-bottle-with-spray-pump-lid\/","og_site_name":"HY GLASS","article_modified_time":"2025-03-20T16:08:54+00:00","og_image":[{"width":720,"height":720,"url":"https:\/\/glass-perfume-bottles.com\/wp-content\/uploads\/2025\/03\/100ml-Flat-square-perfume-bottle-with-spray-pump-lid.jpg","type":"image\/jpeg"}],"twitter_card":"summary_large_image","twitter_misc":{"Gesch\u00e4tzte Lesezeit":"2\u00a0Minuten"},"schema":{"@context":"https:\/\/schema.org","@graph":[{"@type":"WebPage","@id":"https:\/\/glass-perfume-bottles.com\/product\/custom-100ml-flat-glass-perfume-bottle-with-spray-pump-lid\/","url":"https:\/\/glass-perfume-bottles.com\/product\/custom-100ml-flat-glass-perfume-bottle-with-spray-pump-lid\/","name":"Custom 100ml Flat glass perfume bottle with spray pump lid","isPartOf":{"@id":"https:\/\/glass-perfume-bottles.com\/#website"},"primaryImageOfPage":{"@id":"https:\/\/glass-perfume-bottles.com\/product\/custom-100ml-flat-glass-perfume-bottle-with-spray-pump-lid\/#primaryimage"},"image":{"@id":"https:\/\/glass-perfume-bottles.com\/product\/custom-100ml-flat-glass-perfume-bottle-with-spray-pump-lid\/#primaryimage"},"thumbnailUrl":"https:\/\/glass-perfume-bottles.com\/wp-content\/uploads\/2025\/03\/100ml-Flat-square-perfume-bottle-with-spray-pump-lid.jpg","datePublished":"2025-03-20T15:59:53+00:00","dateModified":"2025-03-20T16:08:54+00:00","description":"Custom 100ml Flat glass perfume bottle with spray pump lid,make your brand Establish a unique brand image and recognition in the market.","breadcrumb":{"@id":"https:\/\/glass-perfume-bottles.com\/product\/custom-100ml-flat-glass-perfume-bottle-with-spray-pump-lid\/#breadcrumb"},"inLanguage":"de","potentialAction":[{"@type":"ReadAction","target":["https:\/\/glass-perfume-bottles.com\/product\/custom-100ml-flat-glass-perfume-bottle-with-spray-pump-lid\/"]}]},{"@type":"ImageObject","inLanguage":"de","@id":"https:\/\/glass-perfume-bottles.com\/product\/custom-100ml-flat-glass-perfume-bottle-with-spray-pump-lid\/#primaryimage","url":"https:\/\/glass-perfume-bottles.com\/wp-content\/uploads\/2025\/03\/100ml-Flat-square-perfume-bottle-with-spray-pump-lid.jpg","contentUrl":"https:\/\/glass-perfume-bottles.com\/wp-content\/uploads\/2025\/03\/100ml-Flat-square-perfume-bottle-with-spray-pump-lid.jpg","width":720,"height":720,"caption":"100ml Flat perfume bottle made of\u00a0 crystal white glass\uff0ccrimp mouth match the fine mist spray pump head ,Unique cylinder shape is especially beautiful design,fine Highlight a unique style,accept color coating\u3001frosted\u3001marble coating\u3001flocking ect process, ,make your brand Establish a unique brand image and recognition in the market"},{"@type":"BreadcrumbList","@id":"https:\/\/glass-perfume-bottles.com\/product\/custom-100ml-flat-glass-perfume-bottle-with-spray-pump-lid\/#breadcrumb","itemListElement":[{"@type":"ListItem","position":1,"name":"Home","item":"https:\/\/glass-perfume-bottles.com\/"},{"@type":"ListItem","position":2,"name":"Product","item":"https:\/\/glass-perfume-bottles.com\/custom-made-perfume-bottle-suppliers-and-wholesale\/"},{"@type":"ListItem","position":3,"name":"Custom 100ml Flat glass perfume bottle with spray pump lid"}]},{"@type":"WebSite","@id":"https:\/\/glass-perfume-bottles.com\/#website","url":"https:\/\/glass-perfume-bottles.com\/","name":"HY GLASS","description":"glass perfume bottle manufacturers &amp; suppliers, aroma reed diffuser bottle wholesale &amp; suppliers","publisher":{"@id":"https:\/\/glass-perfume-bottles.com\/#organization"},"potentialAction":[{"@type":"SearchAction","target":{"@type":"EntryPoint","urlTemplate":"https:\/\/glass-perfume-bottles.com\/?s={search_term_string}"},"query-input":{"@type":"PropertyValueSpecification","valueRequired":true,"valueName":"search_term_string"}}],"inLanguage":"de"},{"@type":"Organization","@id":"https:\/\/glass-perfume-bottles.com\/#organization","name":"HY GLASS","url":"https:\/\/glass-perfume-bottles.com\/","logo":{"@type":"ImageObject","inLanguage":"de","@id":"https:\/\/glass-perfume-bottles.com\/#\/schema\/logo\/image\/","url":"https:\/\/glass-perfume-bottles.com\/wp-content\/uploads\/2023\/09\/logo21.png","contentUrl":"https:\/\/glass-perfume-bottles.com\/wp-content\/uploads\/2023\/09\/logo21.png","width":342,"height":268,"caption":"HY GLASS"},"image":{"@id":"https:\/\/glass-perfume-bottles.com\/#\/schema\/logo\/image\/"}}]}},"taxonomy_info":{"product_cat":[{"value":51,"label":"Glass Perfume Bottle"}],"product_tag":[{"value":182,"label":"Flat perfume bottle in stock"},{"value":175,"label":"Glass perfume bottle for travel"},{"value":156,"label":"Luxury perfume bottle supplier"},{"value":181,"label":"Premium perfume bottle manufacturer"},{"value":152,"label":"Wholesale perfume bottle supplier"}]},"featured_image_src_large":["https:\/\/glass-perfume-bottles.com\/wp-content\/uploads\/2025\/03\/100ml-Flat-square-perfume-bottle-with-spray-pump-lid.jpg",720,720,false],"author_info":[],"comment_info":0,"_links":{"self":[{"href":"https:\/\/glass-perfume-bottles.com\/de\/wp-json\/wp\/v2\/product\/2463","targetHints":{"allow":["GET"]}}],"collection":[{"href":"https:\/\/glass-perfume-bottles.com\/de\/wp-json\/wp\/v2\/product"}],"about":[{"href":"https:\/\/glass-perfume-bottles.com\/de\/wp-json\/wp\/v2\/types\/product"}],"replies":[{"embeddable":true,"href":"https:\/\/glass-perfume-bottles.com\/de\/wp-json\/wp\/v2\/comments?post=2463"}],"wp:featuredmedia":[{"embeddable":true,"href":"https:\/\/glass-perfume-bottles.com\/de\/wp-json\/wp\/v2\/media\/2464"}],"wp:attachment":[{"href":"https:\/\/glass-perfume-bottles.com\/de\/wp-json\/wp\/v2\/media?parent=2463"}],"wp:term":[{"taxonomy":"product_brand","embeddable":true,"href":"https:\/\/glass-perfume-bottles.com\/de\/wp-json\/wp\/v2\/product_brand?post=2463"},{"taxonomy":"product_cat","embeddable":true,"href":"https:\/\/glass-perfume-bottles.com\/de\/wp-json\/wp\/v2\/product_cat?post=2463"},{"taxonomy":"product_tag","embeddable":true,"href":"https:\/\/glass-perfume-bottles.com\/de\/wp-json\/wp\/v2\/product_tag?post=2463"}],"curies":[{"name":"wp","href":"https:\/\/api.w.org\/{rel}","templated":true}]}}