{"id":2779,"date":"2025-04-27T08:56:41","date_gmt":"2025-04-27T08:56:41","guid":{"rendered":"https:\/\/glass-perfume-bottles.com\/?post_type=product&#038;p=2779"},"modified":"2025-04-27T09:15:45","modified_gmt":"2025-04-27T09:15:45","slug":"empty-50ml-120ml-200ml-home-fragrance-scent-dffuser-bottle-supplier","status":"publish","type":"product","link":"https:\/\/glass-perfume-bottles.com\/de\/produkt\/empty-50ml-120ml-200ml-home-fragrance-scent-dffuser-bottle-supplier\/","title":{"rendered":"Lieferant von leeren 50 ml 120 ml 200 ml Raumduft-Diffusorflaschen"},"content":{"rendered":"<table>\n<tbody>\n<tr>\n<td width=\"158\">Produktname<\/td>\n<td width=\"591\">Lieferant von Raumduft-Diffusorflaschen<\/td>\n<\/tr>\n<tr>\n<td width=\"158\">Kapazit\u00e4t<\/td>\n<td width=\"591\">50 ml, 120 ml, 200 ml. Andere Gr\u00f6\u00dfen sind individuell anpassbar.<\/td>\n<\/tr>\n<tr>\n<td width=\"158\">Gr\u00f6\u00dfe<\/td>\n<td width=\"591\"><strong>50 ml: <\/strong>51 mm x 66 mm<\/p>\n<p><strong>120 ml<\/strong>\uff1a71 mm x 76 mm<\/p>\n<p><strong>200 ml:<\/strong>\u00a0 84 x 83 mm<\/td>\n<\/tr>\n<tr>\n<td width=\"158\">Form<\/td>\n<td width=\"591\">Zylinder, Quadrat oder andere Form anpassen,<\/td>\n<\/tr>\n<tr>\n<td width=\"158\">Material<\/td>\n<td width=\"591\">Hohes, wei\u00dfes Glas<\/td>\n<\/tr>\n<tr>\n<td width=\"158\">Geh\u00e4usefarbe<\/td>\n<td width=\"591\">Rot, schwarz, blau, mattiert, gr\u00fcn, rosa oder individuelle Farbe oder individuelle Farbe<\/td>\n<\/tr>\n<tr>\n<td width=\"158\">Oberfl\u00e4chenbehandlung<\/td>\n<td width=\"591\">Siebdruck, Hei\u00dfpr\u00e4gung, Mattierung, Metallisierung, Beflockung, Holografie, Marmorbeschichtung usw.<\/td>\n<\/tr>\n<tr>\n<td width=\"158\">Verwendung<\/td>\n<td width=\"591\">\u00a0Verpackung von Aromatherapie\u00f6l\/\u00e4therischem \u00d6l\/Deodorant\/Lufterfrischer usw.<\/td>\n<\/tr>\n<tr>\n<td width=\"158\">Verpackung<\/td>\n<td width=\"591\">Exportkarton dann Sperrholzpalette,<\/td>\n<\/tr>\n<tr>\n<td width=\"158\">Mindestbestellmenge<\/td>\n<td width=\"591\">2.000 St\u00fcck (da es ein individuelles Design gibt)<\/td>\n<\/tr>\n<tr>\n<td width=\"158\">Probe<\/td>\n<td width=\"591\">Kostenlose Probe, Frachtkosten erforderlich.<\/td>\n<\/tr>\n<tr>\n<td width=\"158\">Transport<\/td>\n<td width=\"591\">FedEx\/DHL\/EMS\/UPS\/TNT\/auf dem Seeweg\/auf dem Luftweg usw.<\/td>\n<\/tr>\n<tr>\n<td width=\"158\">Zahlungsweise<\/td>\n<td width=\"591\">T\/T, L\/C, Western Union, Money Gram, Paypal usw.<\/td>\n<\/tr>\n<tr>\n<td width=\"158\">Lieferzeit<\/td>\n<td width=\"591\">Probe 1\u20132 Tage, Auftragsproduktion 20\u201345 Tage, abh\u00e4ngig von den Auftragsdetails.<\/td>\n<\/tr>\n<tr>\n<td width=\"158\">Service<\/td>\n<td width=\"591\">OEM- und ODM-Service, Designservice, Komplettl\u00f6sung<\/td>\n<\/tr>\n<\/tbody>\n<\/table>\n<p>&nbsp;<\/p>\n<p>Leer 50ml 120ml 200ml <a href=\"https:\/\/glass-perfume-bottles.com\/de\/produkt\/empty-50ml-120ml-200ml-home-fragrance-scent-dffuser-bottle-supplier\/\">Raumduft-Diffusorflasche<\/a>\u00a0Hergestellt aus hochwei\u00dfem Glasmaterial, das eine hohe Qualit\u00e4t und Transparenz, eine einzigartige Zylinderform und mehrere Farben aufweist und kundenspezifische Anpassungen akzeptiert <a href=\"https:\/\/glass-perfume-bottles.com\/de\/produkt\/100ml-colored-aroma-reed-diffuser-bottle-with-cork\/\">Aroma-Diffusor-Flasche mit Schilfrohr<\/a>\u00a0 Beschichtung, Mattierung, Marmorierung, Beflockung usw. Wir k\u00f6nnen auch verschiedene Glasflaschenverpackungen wie Schachteln in unterschiedlicher Gr\u00f6\u00dfe und aus unterschiedlichen Materialien liefern. Wie Kraftpapier, Pappe, Kunstdruckpapier, Wellpappe, beschichtetes Papier usw. und der Parf\u00fcmschachteldruck mit unterschiedlicher Technologie.<\/p>\n<p>Senden Sie uns gerne eine Anfrage. Wir verf\u00fcgen \u00fcber eine professionelle Produktionslinie und ein Designteam. Wir k\u00f6nnen dem Kunden erstklassigen Service und ein stabiles Produkt bieten. Warten Sie auf uns.<\/p>","protected":false},"excerpt":{"rendered":"<p>Luxuri\u00f6ser 200-ml-Farbzylinder<a href=\"https:\/\/www.hyglassbottles.com\/product\/Custom-100ml-inverted-cone-glass-reed-diffuser-bottle-supplier.html\"> Aromadiffusorflasche<\/a> Hergestellt aus hochwei\u00dfem Glasmaterial, das eine hohe Qualit\u00e4t und Transparenz aufweist, besonders sch\u00f6ner dicker Boden mit Zylinderdesign. Heben Sie einen einzigartigen Stil hervor, verschiedene Kapazit\u00e4ten zur Auswahl, akzeptieren Sie benutzerdefinierte Farben und Logos auf der Flasche, senden Sie uns Ihre Idee, wir werden t<span style=\"font-family: var(--global-body-font-family);\">Verwirklichen Sie Ihre Ideen<\/span><\/p>\n<div class=\"trans-voice-container\">\n<div class=\"voicePlayer hover-with-background\" data-v-a0732b1e=\"\"><\/div>\n<\/div>","protected":false},"featured_media":2780,"comment_status":"open","ping_status":"closed","template":"","meta":{"_kad_blocks_custom_css":"","_kad_blocks_head_custom_js":"","_kad_blocks_body_custom_js":"","_kad_blocks_footer_custom_js":"","_kad_post_transparent":"default","_kad_post_title":"","_kad_post_layout":"default","_kad_post_sidebar_id":"","_kad_post_content_style":"default","_kad_post_vertical_padding":"default","_kad_post_feature":"","_kad_post_feature_position":"","_kad_post_header":false,"_kad_post_footer":false,"_joinchat":{"telephone":"+8613813299086"}},"product_brand":[],"product_cat":[71],"product_tag":[111,360,361,102,75,105],"class_list":{"0":"post-2779","1":"product","2":"type-product","3":"status-publish","4":"has-post-thumbnail","6":"product_cat-glass-aroma-reed-diffuser-bottle-1","7":"product_tag-cylinder-aroma-diffuser-bottle","8":"product_tag-empty-essential-oil-glass-diffuser-bottles","9":"product_tag-glass-reed-diffuser-bottle-cylinder","10":"product_tag-home-fragrance-oil-bottle-supplier","11":"product_tag-reed-diffuser-bottle-manufacturer","12":"product_tag-wholesale-reed-diffuser-bottle","14":"first","15":"instock","16":"shipping-taxable","17":"product-type-simple","18":"entry","19":"content-bg","20":"loop-entry"},"yoast_head":"<!-- This site is optimized with the Yoast SEO Premium plugin v20.5 (Yoast SEO v24.2) - https:\/\/yoast.com\/wordpress\/plugins\/seo\/ -->\n<title>Fragrance scent dffuser bottle supplier<\/title>\n<meta name=\"description\" content=\"Fragrance scent dffuser bottle ,accpet custom colors and logo on ottle\uff0csend us your idea\uff0cwe will turn your ideas into reality.\" \/>\n<meta name=\"robots\" content=\"index, follow, max-snippet:-1, max-image-preview:large, max-video-preview:-1\" \/>\n<link rel=\"canonical\" href=\"https:\/\/glass-perfume-bottles.com\/de\/produkt\/empty-50ml-120ml-200ml-home-fragrance-scent-dffuser-bottle-supplier\/\" \/>\n<meta property=\"og:locale\" content=\"de_DE\" \/>\n<meta property=\"og:type\" content=\"article\" \/>\n<meta property=\"og:title\" content=\"Empty 50ml 120ml 200ml home fragrance scent dffuser bottle supplier\" \/>\n<meta property=\"og:description\" content=\"Fragrance scent dffuser bottle ,accpet custom colors and logo on ottle\uff0csend us your idea\uff0cwe will turn your ideas into reality.\" \/>\n<meta property=\"og:url\" content=\"https:\/\/glass-perfume-bottles.com\/de\/produkt\/empty-50ml-120ml-200ml-home-fragrance-scent-dffuser-bottle-supplier\/\" \/>\n<meta property=\"og:site_name\" content=\"HY GLASS\" \/>\n<meta property=\"article:modified_time\" content=\"2025-04-27T09:15:45+00:00\" \/>\n<meta property=\"og:image\" content=\"https:\/\/glass-perfume-bottles.com\/wp-content\/uploads\/2025\/04\/Empty-50ml-120ml-200ml-home-fragrance-scent-dffuser-bottle-supplier.jpg\" \/>\n\t<meta property=\"og:image:width\" content=\"720\" \/>\n\t<meta property=\"og:image:height\" content=\"720\" \/>\n\t<meta property=\"og:image:type\" content=\"image\/jpeg\" \/>\n<meta name=\"twitter:card\" content=\"summary_large_image\" \/>\n<meta name=\"twitter:label1\" content=\"Gesch\u00e4tzte Lesezeit\" \/>\n\t<meta name=\"twitter:data1\" content=\"2\u00a0Minuten\" \/>\n<script type=\"application\/ld+json\" class=\"yoast-schema-graph\">{\"@context\":\"https:\/\/schema.org\",\"@graph\":[{\"@type\":\"WebPage\",\"@id\":\"https:\/\/glass-perfume-bottles.com\/product\/empty-50ml-120ml-200ml-home-fragrance-scent-dffuser-bottle-supplier\/\",\"url\":\"https:\/\/glass-perfume-bottles.com\/product\/empty-50ml-120ml-200ml-home-fragrance-scent-dffuser-bottle-supplier\/\",\"name\":\"Fragrance scent dffuser bottle supplier\",\"isPartOf\":{\"@id\":\"https:\/\/glass-perfume-bottles.com\/#website\"},\"primaryImageOfPage\":{\"@id\":\"https:\/\/glass-perfume-bottles.com\/product\/empty-50ml-120ml-200ml-home-fragrance-scent-dffuser-bottle-supplier\/#primaryimage\"},\"image\":{\"@id\":\"https:\/\/glass-perfume-bottles.com\/product\/empty-50ml-120ml-200ml-home-fragrance-scent-dffuser-bottle-supplier\/#primaryimage\"},\"thumbnailUrl\":\"https:\/\/glass-perfume-bottles.com\/wp-content\/uploads\/2025\/04\/Empty-50ml-120ml-200ml-home-fragrance-scent-dffuser-bottle-supplier.jpg\",\"datePublished\":\"2025-04-27T08:56:41+00:00\",\"dateModified\":\"2025-04-27T09:15:45+00:00\",\"description\":\"Fragrance scent dffuser bottle ,accpet custom colors and logo on ottle\uff0csend us your idea\uff0cwe will turn your ideas into reality.\",\"breadcrumb\":{\"@id\":\"https:\/\/glass-perfume-bottles.com\/product\/empty-50ml-120ml-200ml-home-fragrance-scent-dffuser-bottle-supplier\/#breadcrumb\"},\"inLanguage\":\"de\",\"potentialAction\":[{\"@type\":\"ReadAction\",\"target\":[\"https:\/\/glass-perfume-bottles.com\/product\/empty-50ml-120ml-200ml-home-fragrance-scent-dffuser-bottle-supplier\/\"]}]},{\"@type\":\"ImageObject\",\"inLanguage\":\"de\",\"@id\":\"https:\/\/glass-perfume-bottles.com\/product\/empty-50ml-120ml-200ml-home-fragrance-scent-dffuser-bottle-supplier\/#primaryimage\",\"url\":\"https:\/\/glass-perfume-bottles.com\/wp-content\/uploads\/2025\/04\/Empty-50ml-120ml-200ml-home-fragrance-scent-dffuser-bottle-supplier.jpg\",\"contentUrl\":\"https:\/\/glass-perfume-bottles.com\/wp-content\/uploads\/2025\/04\/Empty-50ml-120ml-200ml-home-fragrance-scent-dffuser-bottle-supplier.jpg\",\"width\":720,\"height\":720,\"caption\":\"Cylinder aroma diffuser bottle, Diffuser Bottle Wholesale, Empty Essential Oil Glass Diffuser Bottles, Home fragrance oil bottle supplier, Reed diffuser bottle manufacturer, Wholesale reed diffuser bottle\"},{\"@type\":\"BreadcrumbList\",\"@id\":\"https:\/\/glass-perfume-bottles.com\/product\/empty-50ml-120ml-200ml-home-fragrance-scent-dffuser-bottle-supplier\/#breadcrumb\",\"itemListElement\":[{\"@type\":\"ListItem\",\"position\":1,\"name\":\"Home\",\"item\":\"https:\/\/glass-perfume-bottles.com\/\"},{\"@type\":\"ListItem\",\"position\":2,\"name\":\"Product\",\"item\":\"https:\/\/glass-perfume-bottles.com\/custom-made-perfume-bottle-suppliers-and-wholesale\/\"},{\"@type\":\"ListItem\",\"position\":3,\"name\":\"Empty 50ml 120ml 200ml home fragrance scent dffuser bottle supplier\"}]},{\"@type\":\"WebSite\",\"@id\":\"https:\/\/glass-perfume-bottles.com\/#website\",\"url\":\"https:\/\/glass-perfume-bottles.com\/\",\"name\":\"HY GLASS\",\"description\":\"glass perfume bottle manufacturers &amp; suppliers, aroma reed diffuser bottle wholesale &amp; suppliers\",\"publisher\":{\"@id\":\"https:\/\/glass-perfume-bottles.com\/#organization\"},\"potentialAction\":[{\"@type\":\"SearchAction\",\"target\":{\"@type\":\"EntryPoint\",\"urlTemplate\":\"https:\/\/glass-perfume-bottles.com\/?s={search_term_string}\"},\"query-input\":{\"@type\":\"PropertyValueSpecification\",\"valueRequired\":true,\"valueName\":\"search_term_string\"}}],\"inLanguage\":\"de\"},{\"@type\":\"Organization\",\"@id\":\"https:\/\/glass-perfume-bottles.com\/#organization\",\"name\":\"HY GLASS\",\"url\":\"https:\/\/glass-perfume-bottles.com\/\",\"logo\":{\"@type\":\"ImageObject\",\"inLanguage\":\"de\",\"@id\":\"https:\/\/glass-perfume-bottles.com\/#\/schema\/logo\/image\/\",\"url\":\"https:\/\/glass-perfume-bottles.com\/wp-content\/uploads\/2023\/09\/logo21.png\",\"contentUrl\":\"https:\/\/glass-perfume-bottles.com\/wp-content\/uploads\/2023\/09\/logo21.png\",\"width\":342,\"height\":268,\"caption\":\"HY GLASS\"},\"image\":{\"@id\":\"https:\/\/glass-perfume-bottles.com\/#\/schema\/logo\/image\/\"}}]}<\/script>\n<!-- \/ Yoast SEO Premium plugin. -->","yoast_head_json":{"title":"Fragrance scent dffuser bottle supplier","description":"Fragrance scent dffuser bottle ,accpet custom colors and logo on ottle\uff0csend us your idea\uff0cwe will turn your ideas into reality.","robots":{"index":"index","follow":"follow","max-snippet":"max-snippet:-1","max-image-preview":"max-image-preview:large","max-video-preview":"max-video-preview:-1"},"canonical":"https:\/\/glass-perfume-bottles.com\/de\/produkt\/empty-50ml-120ml-200ml-home-fragrance-scent-dffuser-bottle-supplier\/","og_locale":"de_DE","og_type":"article","og_title":"Empty 50ml 120ml 200ml home fragrance scent dffuser bottle supplier","og_description":"Fragrance scent dffuser bottle ,accpet custom colors and logo on ottle\uff0csend us your idea\uff0cwe will turn your ideas into reality.","og_url":"https:\/\/glass-perfume-bottles.com\/de\/produkt\/empty-50ml-120ml-200ml-home-fragrance-scent-dffuser-bottle-supplier\/","og_site_name":"HY GLASS","article_modified_time":"2025-04-27T09:15:45+00:00","og_image":[{"width":720,"height":720,"url":"https:\/\/glass-perfume-bottles.com\/wp-content\/uploads\/2025\/04\/Empty-50ml-120ml-200ml-home-fragrance-scent-dffuser-bottle-supplier.jpg","type":"image\/jpeg"}],"twitter_card":"summary_large_image","twitter_misc":{"Gesch\u00e4tzte Lesezeit":"2\u00a0Minuten"},"schema":{"@context":"https:\/\/schema.org","@graph":[{"@type":"WebPage","@id":"https:\/\/glass-perfume-bottles.com\/product\/empty-50ml-120ml-200ml-home-fragrance-scent-dffuser-bottle-supplier\/","url":"https:\/\/glass-perfume-bottles.com\/product\/empty-50ml-120ml-200ml-home-fragrance-scent-dffuser-bottle-supplier\/","name":"Fragrance scent dffuser bottle supplier","isPartOf":{"@id":"https:\/\/glass-perfume-bottles.com\/#website"},"primaryImageOfPage":{"@id":"https:\/\/glass-perfume-bottles.com\/product\/empty-50ml-120ml-200ml-home-fragrance-scent-dffuser-bottle-supplier\/#primaryimage"},"image":{"@id":"https:\/\/glass-perfume-bottles.com\/product\/empty-50ml-120ml-200ml-home-fragrance-scent-dffuser-bottle-supplier\/#primaryimage"},"thumbnailUrl":"https:\/\/glass-perfume-bottles.com\/wp-content\/uploads\/2025\/04\/Empty-50ml-120ml-200ml-home-fragrance-scent-dffuser-bottle-supplier.jpg","datePublished":"2025-04-27T08:56:41+00:00","dateModified":"2025-04-27T09:15:45+00:00","description":"Fragrance scent dffuser bottle ,accpet custom colors and logo on ottle\uff0csend us your idea\uff0cwe will turn your ideas into reality.","breadcrumb":{"@id":"https:\/\/glass-perfume-bottles.com\/product\/empty-50ml-120ml-200ml-home-fragrance-scent-dffuser-bottle-supplier\/#breadcrumb"},"inLanguage":"de","potentialAction":[{"@type":"ReadAction","target":["https:\/\/glass-perfume-bottles.com\/product\/empty-50ml-120ml-200ml-home-fragrance-scent-dffuser-bottle-supplier\/"]}]},{"@type":"ImageObject","inLanguage":"de","@id":"https:\/\/glass-perfume-bottles.com\/product\/empty-50ml-120ml-200ml-home-fragrance-scent-dffuser-bottle-supplier\/#primaryimage","url":"https:\/\/glass-perfume-bottles.com\/wp-content\/uploads\/2025\/04\/Empty-50ml-120ml-200ml-home-fragrance-scent-dffuser-bottle-supplier.jpg","contentUrl":"https:\/\/glass-perfume-bottles.com\/wp-content\/uploads\/2025\/04\/Empty-50ml-120ml-200ml-home-fragrance-scent-dffuser-bottle-supplier.jpg","width":720,"height":720,"caption":"Cylinder aroma diffuser bottle, Diffuser Bottle Wholesale, Empty Essential Oil Glass Diffuser Bottles, Home fragrance oil bottle supplier, Reed diffuser bottle manufacturer, Wholesale reed diffuser bottle"},{"@type":"BreadcrumbList","@id":"https:\/\/glass-perfume-bottles.com\/product\/empty-50ml-120ml-200ml-home-fragrance-scent-dffuser-bottle-supplier\/#breadcrumb","itemListElement":[{"@type":"ListItem","position":1,"name":"Home","item":"https:\/\/glass-perfume-bottles.com\/"},{"@type":"ListItem","position":2,"name":"Product","item":"https:\/\/glass-perfume-bottles.com\/custom-made-perfume-bottle-suppliers-and-wholesale\/"},{"@type":"ListItem","position":3,"name":"Empty 50ml 120ml 200ml home fragrance scent dffuser bottle supplier"}]},{"@type":"WebSite","@id":"https:\/\/glass-perfume-bottles.com\/#website","url":"https:\/\/glass-perfume-bottles.com\/","name":"HY GLASS","description":"glass perfume bottle manufacturers &amp; suppliers, aroma reed diffuser bottle wholesale &amp; suppliers","publisher":{"@id":"https:\/\/glass-perfume-bottles.com\/#organization"},"potentialAction":[{"@type":"SearchAction","target":{"@type":"EntryPoint","urlTemplate":"https:\/\/glass-perfume-bottles.com\/?s={search_term_string}"},"query-input":{"@type":"PropertyValueSpecification","valueRequired":true,"valueName":"search_term_string"}}],"inLanguage":"de"},{"@type":"Organization","@id":"https:\/\/glass-perfume-bottles.com\/#organization","name":"HY GLASS","url":"https:\/\/glass-perfume-bottles.com\/","logo":{"@type":"ImageObject","inLanguage":"de","@id":"https:\/\/glass-perfume-bottles.com\/#\/schema\/logo\/image\/","url":"https:\/\/glass-perfume-bottles.com\/wp-content\/uploads\/2023\/09\/logo21.png","contentUrl":"https:\/\/glass-perfume-bottles.com\/wp-content\/uploads\/2023\/09\/logo21.png","width":342,"height":268,"caption":"HY GLASS"},"image":{"@id":"https:\/\/glass-perfume-bottles.com\/#\/schema\/logo\/image\/"}}]}},"taxonomy_info":{"product_cat":[{"value":71,"label":"Glass Aroma Reed Diffuser Bottle"}],"product_tag":[{"value":111,"label":"Cylinder aroma diffuser bottle"},{"value":360,"label":"Empty Essential Oil Glass Diffuser Bottles"},{"value":361,"label":"Glass Reed Diffuser Bottle Cylinder"},{"value":102,"label":"Home fragrance oil bottle supplier"},{"value":75,"label":"Reed diffuser bottle manufacturer"},{"value":105,"label":"Wholesale reed diffuser bottle"}]},"featured_image_src_large":["https:\/\/glass-perfume-bottles.com\/wp-content\/uploads\/2025\/04\/Empty-50ml-120ml-200ml-home-fragrance-scent-dffuser-bottle-supplier.jpg",720,720,false],"author_info":[],"comment_info":0,"_links":{"self":[{"href":"https:\/\/glass-perfume-bottles.com\/de\/wp-json\/wp\/v2\/product\/2779","targetHints":{"allow":["GET"]}}],"collection":[{"href":"https:\/\/glass-perfume-bottles.com\/de\/wp-json\/wp\/v2\/product"}],"about":[{"href":"https:\/\/glass-perfume-bottles.com\/de\/wp-json\/wp\/v2\/types\/product"}],"replies":[{"embeddable":true,"href":"https:\/\/glass-perfume-bottles.com\/de\/wp-json\/wp\/v2\/comments?post=2779"}],"wp:featuredmedia":[{"embeddable":true,"href":"https:\/\/glass-perfume-bottles.com\/de\/wp-json\/wp\/v2\/media\/2780"}],"wp:attachment":[{"href":"https:\/\/glass-perfume-bottles.com\/de\/wp-json\/wp\/v2\/media?parent=2779"}],"wp:term":[{"taxonomy":"product_brand","embeddable":true,"href":"https:\/\/glass-perfume-bottles.com\/de\/wp-json\/wp\/v2\/product_brand?post=2779"},{"taxonomy":"product_cat","embeddable":true,"href":"https:\/\/glass-perfume-bottles.com\/de\/wp-json\/wp\/v2\/product_cat?post=2779"},{"taxonomy":"product_tag","embeddable":true,"href":"https:\/\/glass-perfume-bottles.com\/de\/wp-json\/wp\/v2\/product_tag?post=2779"}],"curies":[{"name":"wp","href":"https:\/\/api.w.org\/{rel}","templated":true}]}}