{"id":2800,"date":"2025-05-05T02:52:04","date_gmt":"2025-05-05T02:52:04","guid":{"rendered":"https:\/\/glass-perfume-bottles.com\/?post_type=product&#038;p=2800"},"modified":"2025-05-05T10:26:32","modified_gmt":"2025-05-05T10:26:32","slug":"customize-square-glass-aroma-reed-diffuser-bottle-with-screw-cap","status":"publish","type":"product","link":"https:\/\/glass-perfume-bottles.com\/de\/produkt\/customize-square-glass-aroma-reed-diffuser-bottle-with-screw-cap\/","title":{"rendered":"Passen Sie die quadratische Aroma-Diffusorflasche aus Glas mit Schraubverschluss an"},"content":{"rendered":"<table>\n<tbody>\n<tr>\n<td width=\"158\">Produktname<\/td>\n<td width=\"591\">Quadratische Aroma-Diffusorflasche aus Glas mit St\u00e4bchen und Verschluss<\/td>\n<\/tr>\n<tr>\n<td width=\"158\">Kapazit\u00e4t<\/td>\n<td width=\"591\">100 ml, 150 ml, 200 ml oder individuell anpassen<\/td>\n<\/tr>\n<tr>\n<td width=\"158\">Gr\u00f6\u00dfe<\/td>\n<td width=\"591\">\u00a0<strong>100 m<\/strong>:6,4 cm x 3,3 cm x 11,6 cm<\/p>\n<p><strong>150 ml<\/strong>: 7,2 cm x 3,7 cm x 11,8 cm<\/p>\n<p><strong>200 ml<\/strong>: 8 cm x 4 cm x 12,9 cm<\/td>\n<\/tr>\n<tr>\n<td width=\"158\">Gewicht<\/td>\n<td width=\"591\">\u00a0<strong>100 ml:<\/strong>Ca. 200g<\/p>\n<p><strong>150 ml:<\/strong>Emmentaler mild ca. 250g<\/p>\n<p><strong>200 ml:<\/strong>312 g<\/td>\n<\/tr>\n<tr>\n<td width=\"158\">Material<\/td>\n<td width=\"591\">Hochwertiges, hochtemperaturbest\u00e4ndiges Glas<\/td>\n<\/tr>\n<tr>\n<td width=\"158\">Geh\u00e4usefarbe<\/td>\n<td width=\"591\">Rot, schwarz, blau, mattiert, gr\u00fcn, rosa oder individuelle Farbe<\/td>\n<\/tr>\n<tr>\n<td width=\"158\">Oberfl\u00e4chenbehandlung<\/td>\n<td width=\"591\">S\/S, H\/S, mattiert, metallisiert, beflockt, holografisch, Marmorbeschichtung, perlmuttartig usw. Oder individuell nach Ihren Anforderungen<\/td>\n<\/tr>\n<tr>\n<td width=\"158\">Verwendung<\/td>\n<td width=\"591\">\u00a0Verpackung von Aromatherapie\u00f6l\/\u00e4therischem \u00d6l\/Deodorant\/Lufterfrischer usw.<\/td>\n<\/tr>\n<tr>\n<td width=\"158\">Verpackung<\/td>\n<td width=\"591\">Exportkarton dann Sperrholzpalette,<\/td>\n<\/tr>\n<tr>\n<td width=\"158\">Mindestbestellmenge<\/td>\n<td width=\"591\">2.000 St\u00fcck (da es ein individuelles Design gibt)<\/td>\n<\/tr>\n<tr>\n<td width=\"158\">Probe<\/td>\n<td width=\"591\">Kostenlose Probe, Frachtkosten erforderlich.<\/td>\n<\/tr>\n<tr>\n<td width=\"158\">Transport<\/td>\n<td width=\"591\">FedEx\/DHL\/EMS\/UPS\/TNT\/auf dem Seeweg\/auf dem Luftweg usw.<\/td>\n<\/tr>\n<tr>\n<td width=\"158\">Zahlungsweise<\/td>\n<td width=\"591\">T\/T, L\/C, Western Union, Money Gram, Paypal usw.<\/td>\n<\/tr>\n<tr>\n<td width=\"158\">Lieferzeit<\/td>\n<td width=\"591\">Probe 1\u20132 Tage, Auftragsproduktion 20\u201345 Tage, abh\u00e4ngig von den Auftragsdetails.<\/td>\n<\/tr>\n<tr>\n<td width=\"158\">Service<\/td>\n<td width=\"591\">OEM- und ODM-Service, Designservice, Komplettl\u00f6sung<\/td>\n<\/tr>\n<\/tbody>\n<\/table>\n<p>&nbsp;<\/p>\n<p><a href=\"https:\/\/glass-perfume-bottles.com\/de\/custom-50ml-100ml-cube-reed-diffuser-bottle-factory\/\">Diffusorflasche<\/a> Hergestellt aus hochwei\u00dfem Glas, Fassungsverm\u00f6gen von 100\u2013200 ml, eignet es sich f\u00fcr die Verpackung hochwertiger Produkte.<\/p>\n<p>Die Verpackung der Aroma-Diffusor-Flaschen f\u00fcr hochwertige Kosmetika, Parf\u00fcms, Alkohol, Deodorants, Aromatherapie\u00f6le, Lufterfrischer und andere Produkte verleiht den Produkten ein Gef\u00fchl von Luxus und hoher Qualit\u00e4t.<\/p>\n<p><a href=\"https:\/\/glass-perfume-bottles.com\/de\/50ml-amber-cylinder-glass-perfume-bottle-supplier\/\">HY-GLAS<\/a>\u00a0haben professionelle\u00a0<a href=\"https:\/\/www.hyglassbottles.com\/product\/Custom-50ml-100ml-cube-glass-arome-reed-diffuser-bottle-factory.html\">Aroma-Schilfflasche<\/a> Produktionslinie und Designteam k\u00f6nnen wir erstklassigen Service und stabiles Produkt f\u00fcr Kunden bieten, willkommen senden Anfrage an uns, warten Sie, anpassen Quadrat <a href=\"https:\/\/glass-perfume-bottles.com\/de\/produkt\/100ml-colored-aroma-reed-diffuser-bottle-with-cork\/\">Aroma-Diffusorflasche aus Glas<\/a> mit Schraubverschluss, Flasche aus hochwei\u00dfem Glasmaterial, das eine hohe Qualit\u00e4t und Transparenz aufweist, eine benutzerdefinierte Aroma-Diffusor-Flasche in Schilfrohrform annehmen und Farbbeschichtung, Mattierung, Marmorbeschichtung, Beflockung usw. annehmen kann<\/p>\n<p>Senden Sie uns gerne eine Anfrage. Wir verf\u00fcgen \u00fcber eine professionelle Produktionslinie und ein Designteam. Wir k\u00f6nnen dem Kunden erstklassigen Service und ein stabiles Produkt bieten. Warten Sie auf uns.<\/p>","protected":false},"excerpt":{"rendered":"<p><a href=\"https:\/\/glass-perfume-bottles.com\/de\/custom-50ml-100ml-cube-reed-diffuser-bottle-factory\/\">Diffusorflasche<\/a> Hergestellt aus hochwei\u00dfem Glas, Fassungsverm\u00f6gen von 100\u2013200 ml, eignet es sich f\u00fcr die Verpackung hochwertiger Produkte. Die Verpackung hochwertiger Kosmetika, Parf\u00fcms, Alkohols und anderer Produkte verleiht den Produkten ein Gef\u00fchl von Luxus und hoher Qualit\u00e4t.<\/p>","protected":false},"featured_media":2849,"comment_status":"open","ping_status":"closed","template":"","meta":{"_kad_blocks_custom_css":"","_kad_blocks_head_custom_js":"","_kad_blocks_body_custom_js":"","_kad_blocks_footer_custom_js":"","_kad_post_transparent":"default","_kad_post_title":"","_kad_post_layout":"default","_kad_post_sidebar_id":"","_kad_post_content_style":"default","_kad_post_vertical_padding":"default","_kad_post_feature":"","_kad_post_feature_position":"","_kad_post_header":false,"_kad_post_footer":false,"_joinchat":{"telephone":"+8613813299086"}},"product_brand":[],"product_cat":[71],"product_tag":[72,73,76,75,391,74],"class_list":{"0":"post-2800","1":"product","2":"type-product","3":"status-publish","4":"has-post-thumbnail","6":"product_cat-glass-aroma-reed-diffuser-bottle-1","7":"product_tag-aroma-reed-diffuser-bottle","8":"product_tag-empty-reed-diffuser-bottle-supplier","9":"product_tag-home-fragrance-oil-bottle-wholesale","10":"product_tag-reed-diffuser-bottle-manufacturer","11":"product_tag-scent-diffuser-bottle-supplier","12":"product_tag-wholesale-aromatherapy-bottle-factory","14":"first","15":"instock","16":"shipping-taxable","17":"product-type-simple","18":"entry","19":"content-bg","20":"loop-entry"},"yoast_head":"<!-- This site is optimized with the Yoast SEO Premium plugin v20.5 (Yoast SEO v24.2) - https:\/\/yoast.com\/wordpress\/plugins\/seo\/ -->\n<title>150ml colored glass aroma reed diffuser bottle<\/title>\n<meta name=\"description\" content=\"150ml Square glass aroma reed diffuser bottle made of Luxury glass aroma reed diffuser bottle made of high white glass material\" \/>\n<meta name=\"robots\" content=\"index, follow, max-snippet:-1, max-image-preview:large, max-video-preview:-1\" \/>\n<link rel=\"canonical\" href=\"https:\/\/glass-perfume-bottles.com\/de\/produkt\/customize-square-glass-aroma-reed-diffuser-bottle-with-screw-cap\/\" \/>\n<meta property=\"og:locale\" content=\"de_DE\" \/>\n<meta property=\"og:type\" content=\"article\" \/>\n<meta property=\"og:title\" content=\"Customize square glass aroma reed diffuser bottle with screw cap\" \/>\n<meta property=\"og:description\" content=\"150ml Square glass aroma reed diffuser bottle made of Luxury glass aroma reed diffuser bottle made of high white glass material\" \/>\n<meta property=\"og:url\" content=\"https:\/\/glass-perfume-bottles.com\/de\/produkt\/customize-square-glass-aroma-reed-diffuser-bottle-with-screw-cap\/\" \/>\n<meta property=\"og:site_name\" content=\"HY GLASS\" \/>\n<meta property=\"article:modified_time\" content=\"2025-05-05T10:26:32+00:00\" \/>\n<meta property=\"og:image\" content=\"https:\/\/glass-perfume-bottles.com\/wp-content\/uploads\/2025\/05\/100ml-150ml-200ml-Glass-aroma-reed-diffuser-bottle-with-screw-cap.jpg\" \/>\n\t<meta property=\"og:image:width\" content=\"720\" \/>\n\t<meta property=\"og:image:height\" content=\"720\" \/>\n\t<meta property=\"og:image:type\" content=\"image\/jpeg\" \/>\n<meta name=\"twitter:card\" content=\"summary_large_image\" \/>\n<meta name=\"twitter:label1\" content=\"Gesch\u00e4tzte Lesezeit\" \/>\n\t<meta name=\"twitter:data1\" content=\"2\u00a0Minuten\" \/>\n<script type=\"application\/ld+json\" class=\"yoast-schema-graph\">{\"@context\":\"https:\/\/schema.org\",\"@graph\":[{\"@type\":\"WebPage\",\"@id\":\"https:\/\/glass-perfume-bottles.com\/product\/customize-square-glass-aroma-reed-diffuser-bottle-with-screw-cap\/\",\"url\":\"https:\/\/glass-perfume-bottles.com\/product\/customize-square-glass-aroma-reed-diffuser-bottle-with-screw-cap\/\",\"name\":\"150ml colored glass aroma reed diffuser bottle\",\"isPartOf\":{\"@id\":\"https:\/\/glass-perfume-bottles.com\/#website\"},\"primaryImageOfPage\":{\"@id\":\"https:\/\/glass-perfume-bottles.com\/product\/customize-square-glass-aroma-reed-diffuser-bottle-with-screw-cap\/#primaryimage\"},\"image\":{\"@id\":\"https:\/\/glass-perfume-bottles.com\/product\/customize-square-glass-aroma-reed-diffuser-bottle-with-screw-cap\/#primaryimage\"},\"thumbnailUrl\":\"https:\/\/glass-perfume-bottles.com\/wp-content\/uploads\/2025\/05\/100ml-150ml-200ml-Glass-aroma-reed-diffuser-bottle-with-screw-cap.jpg\",\"datePublished\":\"2025-05-05T02:52:04+00:00\",\"dateModified\":\"2025-05-05T10:26:32+00:00\",\"description\":\"150ml Square glass aroma reed diffuser bottle made of Luxury glass aroma reed diffuser bottle made of high white glass material\",\"breadcrumb\":{\"@id\":\"https:\/\/glass-perfume-bottles.com\/product\/customize-square-glass-aroma-reed-diffuser-bottle-with-screw-cap\/#breadcrumb\"},\"inLanguage\":\"de\",\"potentialAction\":[{\"@type\":\"ReadAction\",\"target\":[\"https:\/\/glass-perfume-bottles.com\/product\/customize-square-glass-aroma-reed-diffuser-bottle-with-screw-cap\/\"]}]},{\"@type\":\"ImageObject\",\"inLanguage\":\"de\",\"@id\":\"https:\/\/glass-perfume-bottles.com\/product\/customize-square-glass-aroma-reed-diffuser-bottle-with-screw-cap\/#primaryimage\",\"url\":\"https:\/\/glass-perfume-bottles.com\/wp-content\/uploads\/2025\/05\/100ml-150ml-200ml-Glass-aroma-reed-diffuser-bottle-with-screw-cap.jpg\",\"contentUrl\":\"https:\/\/glass-perfume-bottles.com\/wp-content\/uploads\/2025\/05\/100ml-150ml-200ml-Glass-aroma-reed-diffuser-bottle-with-screw-cap.jpg\",\"width\":720,\"height\":720,\"caption\":\"Aroma reed diffuser bottle, Empty reed diffuser bottle supplier, Home fragrance oil bottle wholesale, Reed diffuser bottle manufacturer, Scent diffuser bottle supplier, Wholesale aromatherapy bottle factory\"},{\"@type\":\"BreadcrumbList\",\"@id\":\"https:\/\/glass-perfume-bottles.com\/product\/customize-square-glass-aroma-reed-diffuser-bottle-with-screw-cap\/#breadcrumb\",\"itemListElement\":[{\"@type\":\"ListItem\",\"position\":1,\"name\":\"Home\",\"item\":\"https:\/\/glass-perfume-bottles.com\/\"},{\"@type\":\"ListItem\",\"position\":2,\"name\":\"Product\",\"item\":\"https:\/\/glass-perfume-bottles.com\/custom-made-perfume-bottle-suppliers-and-wholesale\/\"},{\"@type\":\"ListItem\",\"position\":3,\"name\":\"Customize square glass aroma reed diffuser bottle with screw cap\"}]},{\"@type\":\"WebSite\",\"@id\":\"https:\/\/glass-perfume-bottles.com\/#website\",\"url\":\"https:\/\/glass-perfume-bottles.com\/\",\"name\":\"HY GLASS\",\"description\":\"glass perfume bottle manufacturers &amp; suppliers, aroma reed diffuser bottle wholesale &amp; suppliers\",\"publisher\":{\"@id\":\"https:\/\/glass-perfume-bottles.com\/#organization\"},\"potentialAction\":[{\"@type\":\"SearchAction\",\"target\":{\"@type\":\"EntryPoint\",\"urlTemplate\":\"https:\/\/glass-perfume-bottles.com\/?s={search_term_string}\"},\"query-input\":{\"@type\":\"PropertyValueSpecification\",\"valueRequired\":true,\"valueName\":\"search_term_string\"}}],\"inLanguage\":\"de\"},{\"@type\":\"Organization\",\"@id\":\"https:\/\/glass-perfume-bottles.com\/#organization\",\"name\":\"HY GLASS\",\"url\":\"https:\/\/glass-perfume-bottles.com\/\",\"logo\":{\"@type\":\"ImageObject\",\"inLanguage\":\"de\",\"@id\":\"https:\/\/glass-perfume-bottles.com\/#\/schema\/logo\/image\/\",\"url\":\"https:\/\/glass-perfume-bottles.com\/wp-content\/uploads\/2023\/09\/logo21.png\",\"contentUrl\":\"https:\/\/glass-perfume-bottles.com\/wp-content\/uploads\/2023\/09\/logo21.png\",\"width\":342,\"height\":268,\"caption\":\"HY GLASS\"},\"image\":{\"@id\":\"https:\/\/glass-perfume-bottles.com\/#\/schema\/logo\/image\/\"}}]}<\/script>\n<!-- \/ Yoast SEO Premium plugin. -->","yoast_head_json":{"title":"150ml colored glass aroma reed diffuser bottle","description":"150ml Square glass aroma reed diffuser bottle made of Luxury glass aroma reed diffuser bottle made of high white glass material","robots":{"index":"index","follow":"follow","max-snippet":"max-snippet:-1","max-image-preview":"max-image-preview:large","max-video-preview":"max-video-preview:-1"},"canonical":"https:\/\/glass-perfume-bottles.com\/de\/produkt\/customize-square-glass-aroma-reed-diffuser-bottle-with-screw-cap\/","og_locale":"de_DE","og_type":"article","og_title":"Customize square glass aroma reed diffuser bottle with screw cap","og_description":"150ml Square glass aroma reed diffuser bottle made of Luxury glass aroma reed diffuser bottle made of high white glass material","og_url":"https:\/\/glass-perfume-bottles.com\/de\/produkt\/customize-square-glass-aroma-reed-diffuser-bottle-with-screw-cap\/","og_site_name":"HY GLASS","article_modified_time":"2025-05-05T10:26:32+00:00","og_image":[{"width":720,"height":720,"url":"https:\/\/glass-perfume-bottles.com\/wp-content\/uploads\/2025\/05\/100ml-150ml-200ml-Glass-aroma-reed-diffuser-bottle-with-screw-cap.jpg","type":"image\/jpeg"}],"twitter_card":"summary_large_image","twitter_misc":{"Gesch\u00e4tzte Lesezeit":"2\u00a0Minuten"},"schema":{"@context":"https:\/\/schema.org","@graph":[{"@type":"WebPage","@id":"https:\/\/glass-perfume-bottles.com\/product\/customize-square-glass-aroma-reed-diffuser-bottle-with-screw-cap\/","url":"https:\/\/glass-perfume-bottles.com\/product\/customize-square-glass-aroma-reed-diffuser-bottle-with-screw-cap\/","name":"150ml colored glass aroma reed diffuser bottle","isPartOf":{"@id":"https:\/\/glass-perfume-bottles.com\/#website"},"primaryImageOfPage":{"@id":"https:\/\/glass-perfume-bottles.com\/product\/customize-square-glass-aroma-reed-diffuser-bottle-with-screw-cap\/#primaryimage"},"image":{"@id":"https:\/\/glass-perfume-bottles.com\/product\/customize-square-glass-aroma-reed-diffuser-bottle-with-screw-cap\/#primaryimage"},"thumbnailUrl":"https:\/\/glass-perfume-bottles.com\/wp-content\/uploads\/2025\/05\/100ml-150ml-200ml-Glass-aroma-reed-diffuser-bottle-with-screw-cap.jpg","datePublished":"2025-05-05T02:52:04+00:00","dateModified":"2025-05-05T10:26:32+00:00","description":"150ml Square glass aroma reed diffuser bottle made of Luxury glass aroma reed diffuser bottle made of high white glass material","breadcrumb":{"@id":"https:\/\/glass-perfume-bottles.com\/product\/customize-square-glass-aroma-reed-diffuser-bottle-with-screw-cap\/#breadcrumb"},"inLanguage":"de","potentialAction":[{"@type":"ReadAction","target":["https:\/\/glass-perfume-bottles.com\/product\/customize-square-glass-aroma-reed-diffuser-bottle-with-screw-cap\/"]}]},{"@type":"ImageObject","inLanguage":"de","@id":"https:\/\/glass-perfume-bottles.com\/product\/customize-square-glass-aroma-reed-diffuser-bottle-with-screw-cap\/#primaryimage","url":"https:\/\/glass-perfume-bottles.com\/wp-content\/uploads\/2025\/05\/100ml-150ml-200ml-Glass-aroma-reed-diffuser-bottle-with-screw-cap.jpg","contentUrl":"https:\/\/glass-perfume-bottles.com\/wp-content\/uploads\/2025\/05\/100ml-150ml-200ml-Glass-aroma-reed-diffuser-bottle-with-screw-cap.jpg","width":720,"height":720,"caption":"Aroma reed diffuser bottle, Empty reed diffuser bottle supplier, Home fragrance oil bottle wholesale, Reed diffuser bottle manufacturer, Scent diffuser bottle supplier, Wholesale aromatherapy bottle factory"},{"@type":"BreadcrumbList","@id":"https:\/\/glass-perfume-bottles.com\/product\/customize-square-glass-aroma-reed-diffuser-bottle-with-screw-cap\/#breadcrumb","itemListElement":[{"@type":"ListItem","position":1,"name":"Home","item":"https:\/\/glass-perfume-bottles.com\/"},{"@type":"ListItem","position":2,"name":"Product","item":"https:\/\/glass-perfume-bottles.com\/custom-made-perfume-bottle-suppliers-and-wholesale\/"},{"@type":"ListItem","position":3,"name":"Customize square glass aroma reed diffuser bottle with screw cap"}]},{"@type":"WebSite","@id":"https:\/\/glass-perfume-bottles.com\/#website","url":"https:\/\/glass-perfume-bottles.com\/","name":"HY GLASS","description":"glass perfume bottle manufacturers &amp; suppliers, aroma reed diffuser bottle wholesale &amp; suppliers","publisher":{"@id":"https:\/\/glass-perfume-bottles.com\/#organization"},"potentialAction":[{"@type":"SearchAction","target":{"@type":"EntryPoint","urlTemplate":"https:\/\/glass-perfume-bottles.com\/?s={search_term_string}"},"query-input":{"@type":"PropertyValueSpecification","valueRequired":true,"valueName":"search_term_string"}}],"inLanguage":"de"},{"@type":"Organization","@id":"https:\/\/glass-perfume-bottles.com\/#organization","name":"HY GLASS","url":"https:\/\/glass-perfume-bottles.com\/","logo":{"@type":"ImageObject","inLanguage":"de","@id":"https:\/\/glass-perfume-bottles.com\/#\/schema\/logo\/image\/","url":"https:\/\/glass-perfume-bottles.com\/wp-content\/uploads\/2023\/09\/logo21.png","contentUrl":"https:\/\/glass-perfume-bottles.com\/wp-content\/uploads\/2023\/09\/logo21.png","width":342,"height":268,"caption":"HY GLASS"},"image":{"@id":"https:\/\/glass-perfume-bottles.com\/#\/schema\/logo\/image\/"}}]}},"taxonomy_info":{"product_cat":[{"value":71,"label":"Glass Aroma Reed Diffuser Bottle"}],"product_tag":[{"value":72,"label":"Aroma reed diffuser bottle"},{"value":73,"label":"Empty reed diffuser bottle supplier"},{"value":76,"label":"Home fragrance oil bottle wholesale"},{"value":75,"label":"Reed diffuser bottle manufacturer"},{"value":391,"label":"Scent diffuser bottle supplier"},{"value":74,"label":"Wholesale aromatherapy bottle factory"}]},"featured_image_src_large":["https:\/\/glass-perfume-bottles.com\/wp-content\/uploads\/2025\/05\/100ml-150ml-200ml-Glass-aroma-reed-diffuser-bottle-with-screw-cap.jpg",720,720,false],"author_info":[],"comment_info":0,"_links":{"self":[{"href":"https:\/\/glass-perfume-bottles.com\/de\/wp-json\/wp\/v2\/product\/2800","targetHints":{"allow":["GET"]}}],"collection":[{"href":"https:\/\/glass-perfume-bottles.com\/de\/wp-json\/wp\/v2\/product"}],"about":[{"href":"https:\/\/glass-perfume-bottles.com\/de\/wp-json\/wp\/v2\/types\/product"}],"replies":[{"embeddable":true,"href":"https:\/\/glass-perfume-bottles.com\/de\/wp-json\/wp\/v2\/comments?post=2800"}],"wp:featuredmedia":[{"embeddable":true,"href":"https:\/\/glass-perfume-bottles.com\/de\/wp-json\/wp\/v2\/media\/2849"}],"wp:attachment":[{"href":"https:\/\/glass-perfume-bottles.com\/de\/wp-json\/wp\/v2\/media?parent=2800"}],"wp:term":[{"taxonomy":"product_brand","embeddable":true,"href":"https:\/\/glass-perfume-bottles.com\/de\/wp-json\/wp\/v2\/product_brand?post=2800"},{"taxonomy":"product_cat","embeddable":true,"href":"https:\/\/glass-perfume-bottles.com\/de\/wp-json\/wp\/v2\/product_cat?post=2800"},{"taxonomy":"product_tag","embeddable":true,"href":"https:\/\/glass-perfume-bottles.com\/de\/wp-json\/wp\/v2\/product_tag?post=2800"}],"curies":[{"name":"wp","href":"https:\/\/api.w.org\/{rel}","templated":true}]}}