{"id":2881,"date":"2025-05-07T09:23:32","date_gmt":"2025-05-07T09:23:32","guid":{"rendered":"https:\/\/glass-perfume-bottles.com\/?post_type=product&#038;p=2881"},"modified":"2025-05-07T10:29:44","modified_gmt":"2025-05-07T10:29:44","slug":"cubic-square-glass-diffuser-bottle-with-ash-wooden-lid-supplier","status":"publish","type":"product","link":"https:\/\/glass-perfume-bottles.com\/de\/produkt\/cubic-square-glass-diffuser-bottle-with-ash-wooden-lid-supplier\/","title":{"rendered":"Lieferant von kubischen quadratischen Glasdiffusorflaschen mit Deckel aus Eschenholz"},"content":{"rendered":"<table>\n<tbody>\n<tr>\n<td width=\"158\">Produktname<\/td>\n<td width=\"591\">Kubische quadratische Diffusorflasche aus Glas mit Deckel aus Eschenholz<\/td>\n<\/tr>\n<tr>\n<td width=\"158\">Kapazit\u00e4t<\/td>\n<td width=\"591\">500 ml oder andere Gr\u00f6\u00dfen verf\u00fcgbar<\/td>\n<\/tr>\n<tr>\n<td width=\"158\">Gr\u00f6\u00dfe<\/td>\n<td width=\"591\">92 mm x 92 mm x 144 mm<\/td>\n<\/tr>\n<tr>\n<td width=\"158\">Form<\/td>\n<td width=\"591\">W\u00fcrfel, Zylinder, quadratischer W\u00fcrfel oder andere Formen anpassen,<\/td>\n<\/tr>\n<tr>\n<td width=\"158\">Material<\/td>\n<td width=\"591\">Hohes, wei\u00dfes Glas<\/td>\n<\/tr>\n<tr>\n<td width=\"158\">Geh\u00e4usefarbe<\/td>\n<td width=\"591\">Bernstein, Rot, Schwarz, Blau, Matt, Gr\u00fcn, Gelb, Rosa oder benutzerdefinierte Farbe oder benutzerdefinierte Farbe<\/td>\n<\/tr>\n<tr>\n<td width=\"158\">Oberfl\u00e4chenbehandlung<\/td>\n<td width=\"591\">Siebdruck, Hei\u00dfpr\u00e4gung, Mattierung, Metallisierung, Beflockung, Holografie, Marmorbeschichtung usw.<\/td>\n<\/tr>\n<tr>\n<td width=\"158\">Verwendung<\/td>\n<td width=\"591\">\u00a0Verpackung von Aromatherapie\u00f6l\/\u00e4therischem \u00d6l\/Deodorant\/Lufterfrischer usw.<\/td>\n<\/tr>\n<tr>\n<td width=\"158\">Verpackung<\/td>\n<td width=\"591\">Exportkarton dann Sperrholzpalette,<\/td>\n<\/tr>\n<tr>\n<td width=\"158\">Mindestbestellmenge<\/td>\n<td width=\"591\">2.000 St\u00fcck (da es ein individuelles Design gibt)<\/td>\n<\/tr>\n<tr>\n<td width=\"158\">Probe<\/td>\n<td width=\"591\">Kostenlose Probe, Frachtkosten erforderlich.<\/td>\n<\/tr>\n<tr>\n<td width=\"158\">Transport<\/td>\n<td width=\"591\">FedEx\/DHL\/EMS\/UPS\/TNT\/auf dem Seeweg\/auf dem Luftweg usw.<\/td>\n<\/tr>\n<tr>\n<td width=\"158\">Zahlungsweise<\/td>\n<td width=\"591\">T\/T, L\/C, Western Union, Money Gram, Paypal usw.<\/td>\n<\/tr>\n<tr>\n<td width=\"158\">Lieferzeit<\/td>\n<td width=\"591\">Probe 1\u20132 Tage, Auftragsproduktion 20\u201345 Tage, abh\u00e4ngig von den Auftragsdetails.<\/td>\n<\/tr>\n<tr>\n<td width=\"158\">Service<\/td>\n<td width=\"591\">OEM- und ODM-Service, Designservice, Komplettl\u00f6sung<\/td>\n<\/tr>\n<\/tbody>\n<\/table>\n<p>&nbsp;<\/p>\n<p>Kubische Schilfrohr-Diffusorflasche aus hochwei\u00dfem Glasmaterial, das hohe Qualit\u00e4t und Transparenz aufweist.<\/p>\n<p>Einzigartige kubische Form und mehrere Farben, akzeptieren benutzerdefinierte Aroma <a href=\"https:\/\/glass-perfume-bottles.com\/de\/produkt\/120ml-cylinder-aroma-reed-diffuser-bottle-with-ash-cap\/\">Schilfrohr-Diffusor-Flasche<\/a>\u00a0 Beschichtung, Mattierung, Marmorbeschichtung, Beflockung usw.<\/p>\n<p>Wir liefern auch verschiedene<a href=\"https:\/\/www.hyglassbottles.com\/product\/150ml-High-appearance-square-reed-diffuser-bottle-with-fiber-stick.html\"> Glasflasche<\/a> Verpackungen wie Schachteln in unterschiedlichen Gr\u00f6\u00dfen und Materialien, wie Kraftpapier, Pappe, Kunstdruckpapier, Wellpappe, beschichtetes Papier usw., und der Parf\u00fcmschachteldruck erfolgt mit unterschiedlichen Technologien.<\/p>\n<p>Senden Sie uns gerne eine Anfrage. Wir verf\u00fcgen \u00fcber eine professionelle Produktionslinie und ein Designteam. Wir k\u00f6nnen dem Kunden erstklassigen Service und ein stabiles Produkt bieten. Warten Sie auf uns.<\/p>","protected":false},"excerpt":{"rendered":"<p>Kubische, quadratische Diffusorflasche aus Glas mit Deckel aus Eschenholz, einzigartige kubische Form und verschiedene benutzerdefinierte Farben f\u00fcr den Kunden, sie kann mit Holzdeckeln, Aluminiumdeckeln, Bambusdeckeln usw. kombiniert werden, Form und Kapazit\u00e4t der Diffusorflasche von OEM und ODM werden vom Kunden akzeptiert, Anfragen k\u00f6nnen gerne an mich gesendet werden.<\/p>\n<div class=\"trans-voice-container\">\n<div class=\"voicePlayer hover-with-background\" data-v-a0732b1e=\"\"><\/div>\n<\/div>","protected":false},"featured_media":2867,"comment_status":"open","ping_status":"closed","template":"","meta":{"_kad_blocks_custom_css":"","_kad_blocks_head_custom_js":"","_kad_blocks_body_custom_js":"","_kad_blocks_footer_custom_js":"","_kad_post_transparent":"default","_kad_post_title":"","_kad_post_layout":"default","_kad_post_sidebar_id":"","_kad_post_content_style":"default","_kad_post_vertical_padding":"default","_kad_post_feature":"","_kad_post_feature_position":"","_kad_post_header":false,"_kad_post_footer":false,"_joinchat":[]},"product_brand":[],"product_cat":[71],"product_tag":[407,406,404,399,402,405,396],"class_list":{"0":"post-2881","1":"product","2":"type-product","3":"status-publish","4":"has-post-thumbnail","6":"product_cat-glass-aroma-reed-diffuser-bottle-1","7":"product_tag-cube-scent-diffuser-bottle-supplier","8":"product_tag-cubic-square-glass-diffuser-bottle","9":"product_tag-custom-cubic-aromatherapy-bottle","10":"product_tag-empty-reed-diffuser-bottle-factory","11":"product_tag-luxury-aromatherapy-diffuser-bottle","12":"product_tag-oem-reed-diffuser-glass-bottle-supplier","13":"product_tag-wholesale-aroma-diffuser-bottle","15":"first","16":"instock","17":"shipping-taxable","18":"product-type-simple","19":"entry","20":"content-bg","21":"loop-entry"},"yoast_head":"<!-- This site is optimized with the Yoast SEO Premium plugin v20.5 (Yoast SEO v24.2) - https:\/\/yoast.com\/wordpress\/plugins\/seo\/ -->\n<title>Cubic reed diffuser bottle with ash wood lid factory<\/title>\n<meta name=\"description\" content=\"Cubic reed diffuser bottle accpet made of high white glass\uff0cwelcome to send us your idea\uff0cwe will turn your ideas into reality\" \/>\n<meta name=\"robots\" content=\"index, follow, max-snippet:-1, max-image-preview:large, max-video-preview:-1\" \/>\n<link rel=\"canonical\" href=\"https:\/\/glass-perfume-bottles.com\/de\/produkt\/cubic-square-glass-diffuser-bottle-with-ash-wooden-lid-supplier\/\" \/>\n<meta property=\"og:locale\" content=\"de_DE\" \/>\n<meta property=\"og:type\" content=\"article\" \/>\n<meta property=\"og:title\" content=\"Cubic square glass diffuser bottle with ash wooden lid supplier\" \/>\n<meta property=\"og:description\" content=\"Cubic reed diffuser bottle accpet made of high white glass\uff0cwelcome to send us your idea\uff0cwe will turn your ideas into reality\" \/>\n<meta property=\"og:url\" content=\"https:\/\/glass-perfume-bottles.com\/de\/produkt\/cubic-square-glass-diffuser-bottle-with-ash-wooden-lid-supplier\/\" \/>\n<meta property=\"og:site_name\" content=\"HY GLASS\" \/>\n<meta property=\"article:modified_time\" content=\"2025-05-07T10:29:44+00:00\" \/>\n<meta property=\"og:image\" content=\"https:\/\/glass-perfume-bottles.com\/wp-content\/uploads\/2025\/05\/500ml-Cubic-square-glass-diffuser-bottle-with-wooden-lid-supplier.jpg\" \/>\n\t<meta property=\"og:image:width\" content=\"720\" \/>\n\t<meta property=\"og:image:height\" content=\"720\" \/>\n\t<meta property=\"og:image:type\" content=\"image\/jpeg\" \/>\n<meta name=\"twitter:card\" content=\"summary_large_image\" \/>\n<meta name=\"twitter:label1\" content=\"Gesch\u00e4tzte Lesezeit\" \/>\n\t<meta name=\"twitter:data1\" content=\"2\u00a0Minuten\" \/>\n<script type=\"application\/ld+json\" class=\"yoast-schema-graph\">{\"@context\":\"https:\/\/schema.org\",\"@graph\":[{\"@type\":\"WebPage\",\"@id\":\"https:\/\/glass-perfume-bottles.com\/product\/cubic-square-glass-diffuser-bottle-with-ash-wooden-lid-supplier\/\",\"url\":\"https:\/\/glass-perfume-bottles.com\/product\/cubic-square-glass-diffuser-bottle-with-ash-wooden-lid-supplier\/\",\"name\":\"Cubic reed diffuser bottle with ash wood lid factory\",\"isPartOf\":{\"@id\":\"https:\/\/glass-perfume-bottles.com\/#website\"},\"primaryImageOfPage\":{\"@id\":\"https:\/\/glass-perfume-bottles.com\/product\/cubic-square-glass-diffuser-bottle-with-ash-wooden-lid-supplier\/#primaryimage\"},\"image\":{\"@id\":\"https:\/\/glass-perfume-bottles.com\/product\/cubic-square-glass-diffuser-bottle-with-ash-wooden-lid-supplier\/#primaryimage\"},\"thumbnailUrl\":\"https:\/\/glass-perfume-bottles.com\/wp-content\/uploads\/2025\/05\/500ml-Cubic-square-glass-diffuser-bottle-with-wooden-lid-supplier.jpg\",\"datePublished\":\"2025-05-07T09:23:32+00:00\",\"dateModified\":\"2025-05-07T10:29:44+00:00\",\"description\":\"Cubic reed diffuser bottle accpet made of high white glass\uff0cwelcome to send us your idea\uff0cwe will turn your ideas into reality\",\"breadcrumb\":{\"@id\":\"https:\/\/glass-perfume-bottles.com\/product\/cubic-square-glass-diffuser-bottle-with-ash-wooden-lid-supplier\/#breadcrumb\"},\"inLanguage\":\"de\",\"potentialAction\":[{\"@type\":\"ReadAction\",\"target\":[\"https:\/\/glass-perfume-bottles.com\/product\/cubic-square-glass-diffuser-bottle-with-ash-wooden-lid-supplier\/\"]}]},{\"@type\":\"ImageObject\",\"inLanguage\":\"de\",\"@id\":\"https:\/\/glass-perfume-bottles.com\/product\/cubic-square-glass-diffuser-bottle-with-ash-wooden-lid-supplier\/#primaryimage\",\"url\":\"https:\/\/glass-perfume-bottles.com\/wp-content\/uploads\/2025\/05\/500ml-Cubic-square-glass-diffuser-bottle-with-wooden-lid-supplier.jpg\",\"contentUrl\":\"https:\/\/glass-perfume-bottles.com\/wp-content\/uploads\/2025\/05\/500ml-Cubic-square-glass-diffuser-bottle-with-wooden-lid-supplier.jpg\",\"width\":720,\"height\":720,\"caption\":\"Cube Scent diffuser bottle supplier, cubic square glass diffuser bottle, Custom cubic aromatherapy bottle, Empty reed diffuser bottle factory, Luxury aromatherapy diffuser bottle, OEM reed diffuser glass bottle supplier, Wholesale aroma diffuser bottle\"},{\"@type\":\"BreadcrumbList\",\"@id\":\"https:\/\/glass-perfume-bottles.com\/product\/cubic-square-glass-diffuser-bottle-with-ash-wooden-lid-supplier\/#breadcrumb\",\"itemListElement\":[{\"@type\":\"ListItem\",\"position\":1,\"name\":\"Home\",\"item\":\"https:\/\/glass-perfume-bottles.com\/\"},{\"@type\":\"ListItem\",\"position\":2,\"name\":\"Product\",\"item\":\"https:\/\/glass-perfume-bottles.com\/custom-made-perfume-bottle-suppliers-and-wholesale\/\"},{\"@type\":\"ListItem\",\"position\":3,\"name\":\"Cubic square glass diffuser bottle with ash wooden lid supplier\"}]},{\"@type\":\"WebSite\",\"@id\":\"https:\/\/glass-perfume-bottles.com\/#website\",\"url\":\"https:\/\/glass-perfume-bottles.com\/\",\"name\":\"HY GLASS\",\"description\":\"glass perfume bottle manufacturers &amp; suppliers, aroma reed diffuser bottle wholesale &amp; suppliers\",\"publisher\":{\"@id\":\"https:\/\/glass-perfume-bottles.com\/#organization\"},\"potentialAction\":[{\"@type\":\"SearchAction\",\"target\":{\"@type\":\"EntryPoint\",\"urlTemplate\":\"https:\/\/glass-perfume-bottles.com\/?s={search_term_string}\"},\"query-input\":{\"@type\":\"PropertyValueSpecification\",\"valueRequired\":true,\"valueName\":\"search_term_string\"}}],\"inLanguage\":\"de\"},{\"@type\":\"Organization\",\"@id\":\"https:\/\/glass-perfume-bottles.com\/#organization\",\"name\":\"HY GLASS\",\"url\":\"https:\/\/glass-perfume-bottles.com\/\",\"logo\":{\"@type\":\"ImageObject\",\"inLanguage\":\"de\",\"@id\":\"https:\/\/glass-perfume-bottles.com\/#\/schema\/logo\/image\/\",\"url\":\"https:\/\/glass-perfume-bottles.com\/wp-content\/uploads\/2023\/09\/logo21.png\",\"contentUrl\":\"https:\/\/glass-perfume-bottles.com\/wp-content\/uploads\/2023\/09\/logo21.png\",\"width\":342,\"height\":268,\"caption\":\"HY GLASS\"},\"image\":{\"@id\":\"https:\/\/glass-perfume-bottles.com\/#\/schema\/logo\/image\/\"}}]}<\/script>\n<!-- \/ Yoast SEO Premium plugin. -->","yoast_head_json":{"title":"Cubic reed diffuser bottle with ash wood lid factory","description":"Cubic reed diffuser bottle accpet made of high white glass\uff0cwelcome to send us your idea\uff0cwe will turn your ideas into reality","robots":{"index":"index","follow":"follow","max-snippet":"max-snippet:-1","max-image-preview":"max-image-preview:large","max-video-preview":"max-video-preview:-1"},"canonical":"https:\/\/glass-perfume-bottles.com\/de\/produkt\/cubic-square-glass-diffuser-bottle-with-ash-wooden-lid-supplier\/","og_locale":"de_DE","og_type":"article","og_title":"Cubic square glass diffuser bottle with ash wooden lid supplier","og_description":"Cubic reed diffuser bottle accpet made of high white glass\uff0cwelcome to send us your idea\uff0cwe will turn your ideas into reality","og_url":"https:\/\/glass-perfume-bottles.com\/de\/produkt\/cubic-square-glass-diffuser-bottle-with-ash-wooden-lid-supplier\/","og_site_name":"HY GLASS","article_modified_time":"2025-05-07T10:29:44+00:00","og_image":[{"width":720,"height":720,"url":"https:\/\/glass-perfume-bottles.com\/wp-content\/uploads\/2025\/05\/500ml-Cubic-square-glass-diffuser-bottle-with-wooden-lid-supplier.jpg","type":"image\/jpeg"}],"twitter_card":"summary_large_image","twitter_misc":{"Gesch\u00e4tzte Lesezeit":"2\u00a0Minuten"},"schema":{"@context":"https:\/\/schema.org","@graph":[{"@type":"WebPage","@id":"https:\/\/glass-perfume-bottles.com\/product\/cubic-square-glass-diffuser-bottle-with-ash-wooden-lid-supplier\/","url":"https:\/\/glass-perfume-bottles.com\/product\/cubic-square-glass-diffuser-bottle-with-ash-wooden-lid-supplier\/","name":"Cubic reed diffuser bottle with ash wood lid factory","isPartOf":{"@id":"https:\/\/glass-perfume-bottles.com\/#website"},"primaryImageOfPage":{"@id":"https:\/\/glass-perfume-bottles.com\/product\/cubic-square-glass-diffuser-bottle-with-ash-wooden-lid-supplier\/#primaryimage"},"image":{"@id":"https:\/\/glass-perfume-bottles.com\/product\/cubic-square-glass-diffuser-bottle-with-ash-wooden-lid-supplier\/#primaryimage"},"thumbnailUrl":"https:\/\/glass-perfume-bottles.com\/wp-content\/uploads\/2025\/05\/500ml-Cubic-square-glass-diffuser-bottle-with-wooden-lid-supplier.jpg","datePublished":"2025-05-07T09:23:32+00:00","dateModified":"2025-05-07T10:29:44+00:00","description":"Cubic reed diffuser bottle accpet made of high white glass\uff0cwelcome to send us your idea\uff0cwe will turn your ideas into reality","breadcrumb":{"@id":"https:\/\/glass-perfume-bottles.com\/product\/cubic-square-glass-diffuser-bottle-with-ash-wooden-lid-supplier\/#breadcrumb"},"inLanguage":"de","potentialAction":[{"@type":"ReadAction","target":["https:\/\/glass-perfume-bottles.com\/product\/cubic-square-glass-diffuser-bottle-with-ash-wooden-lid-supplier\/"]}]},{"@type":"ImageObject","inLanguage":"de","@id":"https:\/\/glass-perfume-bottles.com\/product\/cubic-square-glass-diffuser-bottle-with-ash-wooden-lid-supplier\/#primaryimage","url":"https:\/\/glass-perfume-bottles.com\/wp-content\/uploads\/2025\/05\/500ml-Cubic-square-glass-diffuser-bottle-with-wooden-lid-supplier.jpg","contentUrl":"https:\/\/glass-perfume-bottles.com\/wp-content\/uploads\/2025\/05\/500ml-Cubic-square-glass-diffuser-bottle-with-wooden-lid-supplier.jpg","width":720,"height":720,"caption":"Cube Scent diffuser bottle supplier, cubic square glass diffuser bottle, Custom cubic aromatherapy bottle, Empty reed diffuser bottle factory, Luxury aromatherapy diffuser bottle, OEM reed diffuser glass bottle supplier, Wholesale aroma diffuser bottle"},{"@type":"BreadcrumbList","@id":"https:\/\/glass-perfume-bottles.com\/product\/cubic-square-glass-diffuser-bottle-with-ash-wooden-lid-supplier\/#breadcrumb","itemListElement":[{"@type":"ListItem","position":1,"name":"Home","item":"https:\/\/glass-perfume-bottles.com\/"},{"@type":"ListItem","position":2,"name":"Product","item":"https:\/\/glass-perfume-bottles.com\/custom-made-perfume-bottle-suppliers-and-wholesale\/"},{"@type":"ListItem","position":3,"name":"Cubic square glass diffuser bottle with ash wooden lid supplier"}]},{"@type":"WebSite","@id":"https:\/\/glass-perfume-bottles.com\/#website","url":"https:\/\/glass-perfume-bottles.com\/","name":"HY GLASS","description":"glass perfume bottle manufacturers &amp; suppliers, aroma reed diffuser bottle wholesale &amp; suppliers","publisher":{"@id":"https:\/\/glass-perfume-bottles.com\/#organization"},"potentialAction":[{"@type":"SearchAction","target":{"@type":"EntryPoint","urlTemplate":"https:\/\/glass-perfume-bottles.com\/?s={search_term_string}"},"query-input":{"@type":"PropertyValueSpecification","valueRequired":true,"valueName":"search_term_string"}}],"inLanguage":"de"},{"@type":"Organization","@id":"https:\/\/glass-perfume-bottles.com\/#organization","name":"HY GLASS","url":"https:\/\/glass-perfume-bottles.com\/","logo":{"@type":"ImageObject","inLanguage":"de","@id":"https:\/\/glass-perfume-bottles.com\/#\/schema\/logo\/image\/","url":"https:\/\/glass-perfume-bottles.com\/wp-content\/uploads\/2023\/09\/logo21.png","contentUrl":"https:\/\/glass-perfume-bottles.com\/wp-content\/uploads\/2023\/09\/logo21.png","width":342,"height":268,"caption":"HY GLASS"},"image":{"@id":"https:\/\/glass-perfume-bottles.com\/#\/schema\/logo\/image\/"}}]}},"taxonomy_info":{"product_cat":[{"value":71,"label":"Glass Aroma Reed Diffuser Bottle"}],"product_tag":[{"value":407,"label":"Cube Scent diffuser bottle supplier"},{"value":406,"label":"cubic square glass diffuser bottle"},{"value":404,"label":"Custom cubic aromatherapy bottle"},{"value":399,"label":"Empty reed diffuser bottle factory"},{"value":402,"label":"Luxury aromatherapy diffuser bottle"},{"value":405,"label":"OEM reed diffuser glass bottle supplier"},{"value":396,"label":"Wholesale aroma diffuser bottle"}]},"featured_image_src_large":["https:\/\/glass-perfume-bottles.com\/wp-content\/uploads\/2025\/05\/500ml-Cubic-square-glass-diffuser-bottle-with-wooden-lid-supplier.jpg",720,720,false],"author_info":[],"comment_info":0,"_links":{"self":[{"href":"https:\/\/glass-perfume-bottles.com\/de\/wp-json\/wp\/v2\/product\/2881","targetHints":{"allow":["GET"]}}],"collection":[{"href":"https:\/\/glass-perfume-bottles.com\/de\/wp-json\/wp\/v2\/product"}],"about":[{"href":"https:\/\/glass-perfume-bottles.com\/de\/wp-json\/wp\/v2\/types\/product"}],"replies":[{"embeddable":true,"href":"https:\/\/glass-perfume-bottles.com\/de\/wp-json\/wp\/v2\/comments?post=2881"}],"wp:featuredmedia":[{"embeddable":true,"href":"https:\/\/glass-perfume-bottles.com\/de\/wp-json\/wp\/v2\/media\/2867"}],"wp:attachment":[{"href":"https:\/\/glass-perfume-bottles.com\/de\/wp-json\/wp\/v2\/media?parent=2881"}],"wp:term":[{"taxonomy":"product_brand","embeddable":true,"href":"https:\/\/glass-perfume-bottles.com\/de\/wp-json\/wp\/v2\/product_brand?post=2881"},{"taxonomy":"product_cat","embeddable":true,"href":"https:\/\/glass-perfume-bottles.com\/de\/wp-json\/wp\/v2\/product_cat?post=2881"},{"taxonomy":"product_tag","embeddable":true,"href":"https:\/\/glass-perfume-bottles.com\/de\/wp-json\/wp\/v2\/product_tag?post=2881"}],"curies":[{"name":"wp","href":"https:\/\/api.w.org\/{rel}","templated":true}]}}