{"id":2960,"date":"2025-06-03T03:04:56","date_gmt":"2025-06-03T03:04:56","guid":{"rendered":"https:\/\/glass-perfume-bottles.com\/?post_type=product&#038;p=2960"},"modified":"2025-06-03T06:46:33","modified_gmt":"2025-06-03T06:46:33","slug":"luxury-30ml-50ml-glass-fragrance-perfume-oil-bottle-supplier","status":"publish","type":"product","link":"https:\/\/glass-perfume-bottles.com\/de\/produkt\/luxury-30ml-50ml-glass-fragrance-perfume-oil-bottle-supplier\/","title":{"rendered":"Luxuri\u00f6ser Lieferant von 30 ml 50 ml Glasduft-Parf\u00fcm\u00f6lflaschen"},"content":{"rendered":"<table>\n<tbody>\n<tr>\n<td width=\"158\">Produktname<\/td>\n<td width=\"591\">Luxuri\u00f6se 30 ml 50 ml Duft-Parf\u00fcm\u00f6lflasche aus Glas<\/td>\n<\/tr>\n<tr>\n<td width=\"158\">Kapazit\u00e4t<\/td>\n<td width=\"591\">30 ml, 50 ml (andere Gr\u00f6\u00dfen verf\u00fcgbar)<\/td>\n<\/tr>\n<tr>\n<td width=\"158\">Gr\u00f6\u00dfe<\/td>\n<td width=\"591\">30 ml: 52 mm x 90 mm 50 ml: 61 mm x 105 mm<\/td>\n<\/tr>\n<tr>\n<td width=\"158\">Gewicht<\/td>\n<td width=\"591\">30 ml: 100 g 50 ml: 160 g<\/td>\n<\/tr>\n<tr>\n<td width=\"158\">Material<\/td>\n<td width=\"591\">Kristallwei\u00dfes Glas<\/td>\n<\/tr>\n<tr>\n<td width=\"158\">Geh\u00e4usefarbe<\/td>\n<td width=\"591\">Rot, schwarz, blau, mattiert, gr\u00fcn, rosa oder individuelle Farbe<\/td>\n<\/tr>\n<tr>\n<td width=\"158\">Oberfl\u00e4chenbehandlung<\/td>\n<td width=\"591\">S\/S, H\/S, mattiert, metallisiert, beflockt, holografisch, Marmorbeschichtung, perlmuttartig usw.<\/td>\n<\/tr>\n<tr>\n<td width=\"158\">Verwendung<\/td>\n<td width=\"591\">\u00a0Verpackung Aromatherapie\u00f6l\/\u00e4therisches \u00d6l\/Deodorant\/Lufterfrischer\/Parf\u00fcm\/Serum\/\u00e4therisches \u00d6l\/Toner<\/td>\n<\/tr>\n<tr>\n<td width=\"158\">Verpackung<\/td>\n<td width=\"591\">Exportkarton dann Sperrholzpalette,<\/td>\n<\/tr>\n<tr>\n<td width=\"158\">Mindestbestellmenge<\/td>\n<td width=\"591\">2.000 St\u00fcck (da es ein individuelles Design gibt)<\/td>\n<\/tr>\n<tr>\n<td width=\"158\">Probe<\/td>\n<td width=\"591\">Kostenlose Probe, Frachtkosten erforderlich.<\/td>\n<\/tr>\n<tr>\n<td width=\"158\">Transport<\/td>\n<td width=\"591\">FedEx\/DHL\/EMS\/UPS\/TNT\/auf dem Seeweg\/auf dem Luftweg usw.<\/td>\n<\/tr>\n<tr>\n<td width=\"158\">Zahlungsweise<\/td>\n<td width=\"591\">T\/T, L\/C, Western Union, Money Gram, Paypal usw.<\/td>\n<\/tr>\n<tr>\n<td width=\"158\">Lieferzeit<\/td>\n<td width=\"591\">Probe 1\u20132 Tage, Auftragsproduktion 20\u201345 Tage, abh\u00e4ngig von den Auftragsdetails.<\/td>\n<\/tr>\n<tr>\n<td width=\"158\">Service<\/td>\n<td width=\"591\">OEM- und ODM-Service, Designservice, Komplettl\u00f6sung<\/td>\n<\/tr>\n<\/tbody>\n<\/table>\n<p>&nbsp;<\/p>\n<p>Luxus 30ml 50ml Glas <a href=\"https:\/\/www.hyglassbottles.com\/product\/Luxury-100ml-Mid-east-arabic--fluted-glass-perfume-oil-bottle-factory.html\">Duft Parf\u00fcm\u00f6l Flasche<\/a> aus kristallwei\u00dfem Glas, das eine hohe Qualit\u00e4t und Transparenz aufweist,<\/p>\n<p>Die einzigartige Schulter mit Farbverlauf und der luxuri\u00f6se Kronkorken lassen Ihr Produkt aus der Masse hervorstechen.<\/p>\n<p>Akzeptieren Sie benutzerdefinierte S\/S-, H\/S-, Hei\u00dfpr\u00e4ge-, Beflockungs-, Farbbeschichtungs-, Marmorbeschichtungs-, Metallisierungs-, holografischen Beschichtungs- usw.-Prozesse, kleine Mengen sind m\u00f6glich,<\/p>\n<p>HY GLASS als Profi <a href=\"https:\/\/glass-perfume-bottles.com\/de\/produkt\/wholesale-clear-100ml-glass-perfume-bottle-factory\/\">Parf\u00fcmflasche aus Glas<\/a> Fabrik, wir haben 2.000 Arten von Glasparf\u00fcmflaschen f\u00fcr Kunden hergestellt, wir k\u00f6nnen auch Flaschen in jeder beliebigen Form und Kapazit\u00e4t f\u00fcr Sie individuell gestalten, wir haben ein professionelles Designteam und eine strenge Qualit\u00e4tskontrolle, die die Produktqualit\u00e4t kontrolliert, um sicherzustellen, dass Ihr hochwertiges, stabiles Produkt aus der Masse hervorsticht.<\/p>\n<p>Willkommen, senden Sie uns eine Anfrage, warten Sie.<\/p>","protected":false},"excerpt":{"rendered":"<p>Luxus 30ml 50ml Glas <a href=\"https:\/\/www.hyglassbottles.com\/product\/Luxury-100ml-Mid-east-arabic--fluted-glass-perfume-oil-bottle-factory.html\">Duft Parf\u00fcm\u00f6l Flasche<\/a> Hergestellt aus kristallwei\u00dfem Glas, das eine hohe Qualit\u00e4t und Transparenz aufweist. Die einzigartige abgestufte Schulter und der luxuri\u00f6se Kronkorken lassen Ihr Produkt aus der Masse hervorstechen.<\/p>","protected":false},"featured_media":2961,"comment_status":"open","ping_status":"closed","template":"","meta":{"_kad_blocks_custom_css":"","_kad_blocks_head_custom_js":"","_kad_blocks_body_custom_js":"","_kad_blocks_footer_custom_js":"","_kad_post_transparent":"default","_kad_post_title":"","_kad_post_layout":"default","_kad_post_sidebar_id":"","_kad_post_content_style":"default","_kad_post_vertical_padding":"default","_kad_post_feature":"","_kad_post_feature_position":"","_kad_post_header":false,"_kad_post_footer":false,"_joinchat":{"telephone":"+8613813299086"}},"product_brand":[],"product_cat":[51],"product_tag":[69,81,443,442,358,66],"class_list":{"0":"post-2960","1":"product","2":"type-product","3":"status-publish","4":"has-post-thumbnail","6":"product_cat-glass-perfume-bottles","7":"product_tag-custom-glass-perfume-bottle-factory","8":"product_tag-glass-perfume-bottle-manufacturer","9":"product_tag-gradient-shoulder-perfume-bottles","10":"product_tag-perfume-oil-bottle-supplier","11":"product_tag-premium-perfume-bottle-portable","12":"product_tag-wholesale-glass-perfume-bottle","14":"first","15":"instock","16":"shipping-taxable","17":"product-type-simple","18":"entry","19":"content-bg","20":"loop-entry"},"yoast_head":"<!-- This site is optimized with the Yoast SEO Premium plugin v20.5 (Yoast SEO v24.2) - https:\/\/yoast.com\/wordpress\/plugins\/seo\/ -->\n<title>Fragrance perfume oil bottle supplier<\/title>\n<meta name=\"description\" content=\"CLuxury 30ml 50ml glass fragrance perfume oil bottle ,unique shape and folcking surface\uff0cmake your products luxury and stand out other brands\" \/>\n<meta name=\"robots\" content=\"index, follow, max-snippet:-1, max-image-preview:large, max-video-preview:-1\" \/>\n<link rel=\"canonical\" href=\"https:\/\/glass-perfume-bottles.com\/de\/produkt\/luxury-30ml-50ml-glass-fragrance-perfume-oil-bottle-supplier\/\" \/>\n<meta property=\"og:locale\" content=\"de_DE\" \/>\n<meta property=\"og:type\" content=\"article\" \/>\n<meta property=\"og:title\" content=\"Luxury 30ml 50ml glass fragrance perfume oil bottle supplier\" \/>\n<meta property=\"og:description\" content=\"CLuxury 30ml 50ml glass fragrance perfume oil bottle ,unique shape and folcking surface\uff0cmake your products luxury and stand out other brands\" \/>\n<meta property=\"og:url\" content=\"https:\/\/glass-perfume-bottles.com\/de\/produkt\/luxury-30ml-50ml-glass-fragrance-perfume-oil-bottle-supplier\/\" \/>\n<meta property=\"og:site_name\" content=\"HY GLASS\" \/>\n<meta property=\"article:modified_time\" content=\"2025-06-03T06:46:33+00:00\" \/>\n<meta property=\"og:image\" content=\"https:\/\/glass-perfume-bottles.com\/wp-content\/uploads\/2025\/06\/Luxury-30ml-50ml-glass-fragrance-perfume-oil-bottle-supplier.jpg\" \/>\n\t<meta property=\"og:image:width\" content=\"720\" \/>\n\t<meta property=\"og:image:height\" content=\"720\" \/>\n\t<meta property=\"og:image:type\" content=\"image\/jpeg\" \/>\n<meta name=\"twitter:card\" content=\"summary_large_image\" \/>\n<meta name=\"twitter:label1\" content=\"Gesch\u00e4tzte Lesezeit\" \/>\n\t<meta name=\"twitter:data1\" content=\"2\u00a0Minuten\" \/>\n<script type=\"application\/ld+json\" class=\"yoast-schema-graph\">{\"@context\":\"https:\/\/schema.org\",\"@graph\":[{\"@type\":\"WebPage\",\"@id\":\"https:\/\/glass-perfume-bottles.com\/product\/luxury-30ml-50ml-glass-fragrance-perfume-oil-bottle-supplier\/\",\"url\":\"https:\/\/glass-perfume-bottles.com\/product\/luxury-30ml-50ml-glass-fragrance-perfume-oil-bottle-supplier\/\",\"name\":\"Fragrance perfume oil bottle supplier\",\"isPartOf\":{\"@id\":\"https:\/\/glass-perfume-bottles.com\/#website\"},\"primaryImageOfPage\":{\"@id\":\"https:\/\/glass-perfume-bottles.com\/product\/luxury-30ml-50ml-glass-fragrance-perfume-oil-bottle-supplier\/#primaryimage\"},\"image\":{\"@id\":\"https:\/\/glass-perfume-bottles.com\/product\/luxury-30ml-50ml-glass-fragrance-perfume-oil-bottle-supplier\/#primaryimage\"},\"thumbnailUrl\":\"https:\/\/glass-perfume-bottles.com\/wp-content\/uploads\/2025\/06\/Luxury-30ml-50ml-glass-fragrance-perfume-oil-bottle-supplier.jpg\",\"datePublished\":\"2025-06-03T03:04:56+00:00\",\"dateModified\":\"2025-06-03T06:46:33+00:00\",\"description\":\"CLuxury 30ml 50ml glass fragrance perfume oil bottle ,unique shape and folcking surface\uff0cmake your products luxury and stand out other brands\",\"breadcrumb\":{\"@id\":\"https:\/\/glass-perfume-bottles.com\/product\/luxury-30ml-50ml-glass-fragrance-perfume-oil-bottle-supplier\/#breadcrumb\"},\"inLanguage\":\"de\",\"potentialAction\":[{\"@type\":\"ReadAction\",\"target\":[\"https:\/\/glass-perfume-bottles.com\/product\/luxury-30ml-50ml-glass-fragrance-perfume-oil-bottle-supplier\/\"]}]},{\"@type\":\"ImageObject\",\"inLanguage\":\"de\",\"@id\":\"https:\/\/glass-perfume-bottles.com\/product\/luxury-30ml-50ml-glass-fragrance-perfume-oil-bottle-supplier\/#primaryimage\",\"url\":\"https:\/\/glass-perfume-bottles.com\/wp-content\/uploads\/2025\/06\/Luxury-30ml-50ml-glass-fragrance-perfume-oil-bottle-supplier.jpg\",\"contentUrl\":\"https:\/\/glass-perfume-bottles.com\/wp-content\/uploads\/2025\/06\/Luxury-30ml-50ml-glass-fragrance-perfume-oil-bottle-supplier.jpg\",\"width\":720,\"height\":720,\"caption\":\"Custom glass perfume bottle factory, Glass perfume bottle manufacturer, Gradient shoulder perfume bottles, Perfume oil bottle supplier, Premium Perfume Bottle Portable, Wholesale glass perfume bottle\"},{\"@type\":\"BreadcrumbList\",\"@id\":\"https:\/\/glass-perfume-bottles.com\/product\/luxury-30ml-50ml-glass-fragrance-perfume-oil-bottle-supplier\/#breadcrumb\",\"itemListElement\":[{\"@type\":\"ListItem\",\"position\":1,\"name\":\"Home\",\"item\":\"https:\/\/glass-perfume-bottles.com\/\"},{\"@type\":\"ListItem\",\"position\":2,\"name\":\"Product\",\"item\":\"https:\/\/glass-perfume-bottles.com\/custom-made-perfume-bottle-suppliers-and-wholesale\/\"},{\"@type\":\"ListItem\",\"position\":3,\"name\":\"Luxury 30ml 50ml glass fragrance perfume oil bottle supplier\"}]},{\"@type\":\"WebSite\",\"@id\":\"https:\/\/glass-perfume-bottles.com\/#website\",\"url\":\"https:\/\/glass-perfume-bottles.com\/\",\"name\":\"HY GLASS\",\"description\":\"glass perfume bottle manufacturers &amp; suppliers, aroma reed diffuser bottle wholesale &amp; suppliers\",\"publisher\":{\"@id\":\"https:\/\/glass-perfume-bottles.com\/#organization\"},\"potentialAction\":[{\"@type\":\"SearchAction\",\"target\":{\"@type\":\"EntryPoint\",\"urlTemplate\":\"https:\/\/glass-perfume-bottles.com\/?s={search_term_string}\"},\"query-input\":{\"@type\":\"PropertyValueSpecification\",\"valueRequired\":true,\"valueName\":\"search_term_string\"}}],\"inLanguage\":\"de\"},{\"@type\":\"Organization\",\"@id\":\"https:\/\/glass-perfume-bottles.com\/#organization\",\"name\":\"HY GLASS\",\"url\":\"https:\/\/glass-perfume-bottles.com\/\",\"logo\":{\"@type\":\"ImageObject\",\"inLanguage\":\"de\",\"@id\":\"https:\/\/glass-perfume-bottles.com\/#\/schema\/logo\/image\/\",\"url\":\"https:\/\/glass-perfume-bottles.com\/wp-content\/uploads\/2023\/09\/logo21.png\",\"contentUrl\":\"https:\/\/glass-perfume-bottles.com\/wp-content\/uploads\/2023\/09\/logo21.png\",\"width\":342,\"height\":268,\"caption\":\"HY GLASS\"},\"image\":{\"@id\":\"https:\/\/glass-perfume-bottles.com\/#\/schema\/logo\/image\/\"}}]}<\/script>\n<!-- \/ Yoast SEO Premium plugin. -->","yoast_head_json":{"title":"Fragrance perfume oil bottle supplier","description":"CLuxury 30ml 50ml glass fragrance perfume oil bottle ,unique shape and folcking surface\uff0cmake your products luxury and stand out other brands","robots":{"index":"index","follow":"follow","max-snippet":"max-snippet:-1","max-image-preview":"max-image-preview:large","max-video-preview":"max-video-preview:-1"},"canonical":"https:\/\/glass-perfume-bottles.com\/de\/produkt\/luxury-30ml-50ml-glass-fragrance-perfume-oil-bottle-supplier\/","og_locale":"de_DE","og_type":"article","og_title":"Luxury 30ml 50ml glass fragrance perfume oil bottle supplier","og_description":"CLuxury 30ml 50ml glass fragrance perfume oil bottle ,unique shape and folcking surface\uff0cmake your products luxury and stand out other brands","og_url":"https:\/\/glass-perfume-bottles.com\/de\/produkt\/luxury-30ml-50ml-glass-fragrance-perfume-oil-bottle-supplier\/","og_site_name":"HY GLASS","article_modified_time":"2025-06-03T06:46:33+00:00","og_image":[{"width":720,"height":720,"url":"https:\/\/glass-perfume-bottles.com\/wp-content\/uploads\/2025\/06\/Luxury-30ml-50ml-glass-fragrance-perfume-oil-bottle-supplier.jpg","type":"image\/jpeg"}],"twitter_card":"summary_large_image","twitter_misc":{"Gesch\u00e4tzte Lesezeit":"2\u00a0Minuten"},"schema":{"@context":"https:\/\/schema.org","@graph":[{"@type":"WebPage","@id":"https:\/\/glass-perfume-bottles.com\/product\/luxury-30ml-50ml-glass-fragrance-perfume-oil-bottle-supplier\/","url":"https:\/\/glass-perfume-bottles.com\/product\/luxury-30ml-50ml-glass-fragrance-perfume-oil-bottle-supplier\/","name":"Fragrance perfume oil bottle supplier","isPartOf":{"@id":"https:\/\/glass-perfume-bottles.com\/#website"},"primaryImageOfPage":{"@id":"https:\/\/glass-perfume-bottles.com\/product\/luxury-30ml-50ml-glass-fragrance-perfume-oil-bottle-supplier\/#primaryimage"},"image":{"@id":"https:\/\/glass-perfume-bottles.com\/product\/luxury-30ml-50ml-glass-fragrance-perfume-oil-bottle-supplier\/#primaryimage"},"thumbnailUrl":"https:\/\/glass-perfume-bottles.com\/wp-content\/uploads\/2025\/06\/Luxury-30ml-50ml-glass-fragrance-perfume-oil-bottle-supplier.jpg","datePublished":"2025-06-03T03:04:56+00:00","dateModified":"2025-06-03T06:46:33+00:00","description":"CLuxury 30ml 50ml glass fragrance perfume oil bottle ,unique shape and folcking surface\uff0cmake your products luxury and stand out other brands","breadcrumb":{"@id":"https:\/\/glass-perfume-bottles.com\/product\/luxury-30ml-50ml-glass-fragrance-perfume-oil-bottle-supplier\/#breadcrumb"},"inLanguage":"de","potentialAction":[{"@type":"ReadAction","target":["https:\/\/glass-perfume-bottles.com\/product\/luxury-30ml-50ml-glass-fragrance-perfume-oil-bottle-supplier\/"]}]},{"@type":"ImageObject","inLanguage":"de","@id":"https:\/\/glass-perfume-bottles.com\/product\/luxury-30ml-50ml-glass-fragrance-perfume-oil-bottle-supplier\/#primaryimage","url":"https:\/\/glass-perfume-bottles.com\/wp-content\/uploads\/2025\/06\/Luxury-30ml-50ml-glass-fragrance-perfume-oil-bottle-supplier.jpg","contentUrl":"https:\/\/glass-perfume-bottles.com\/wp-content\/uploads\/2025\/06\/Luxury-30ml-50ml-glass-fragrance-perfume-oil-bottle-supplier.jpg","width":720,"height":720,"caption":"Custom glass perfume bottle factory, Glass perfume bottle manufacturer, Gradient shoulder perfume bottles, Perfume oil bottle supplier, Premium Perfume Bottle Portable, Wholesale glass perfume bottle"},{"@type":"BreadcrumbList","@id":"https:\/\/glass-perfume-bottles.com\/product\/luxury-30ml-50ml-glass-fragrance-perfume-oil-bottle-supplier\/#breadcrumb","itemListElement":[{"@type":"ListItem","position":1,"name":"Home","item":"https:\/\/glass-perfume-bottles.com\/"},{"@type":"ListItem","position":2,"name":"Product","item":"https:\/\/glass-perfume-bottles.com\/custom-made-perfume-bottle-suppliers-and-wholesale\/"},{"@type":"ListItem","position":3,"name":"Luxury 30ml 50ml glass fragrance perfume oil bottle supplier"}]},{"@type":"WebSite","@id":"https:\/\/glass-perfume-bottles.com\/#website","url":"https:\/\/glass-perfume-bottles.com\/","name":"HY GLASS","description":"glass perfume bottle manufacturers &amp; suppliers, aroma reed diffuser bottle wholesale &amp; suppliers","publisher":{"@id":"https:\/\/glass-perfume-bottles.com\/#organization"},"potentialAction":[{"@type":"SearchAction","target":{"@type":"EntryPoint","urlTemplate":"https:\/\/glass-perfume-bottles.com\/?s={search_term_string}"},"query-input":{"@type":"PropertyValueSpecification","valueRequired":true,"valueName":"search_term_string"}}],"inLanguage":"de"},{"@type":"Organization","@id":"https:\/\/glass-perfume-bottles.com\/#organization","name":"HY GLASS","url":"https:\/\/glass-perfume-bottles.com\/","logo":{"@type":"ImageObject","inLanguage":"de","@id":"https:\/\/glass-perfume-bottles.com\/#\/schema\/logo\/image\/","url":"https:\/\/glass-perfume-bottles.com\/wp-content\/uploads\/2023\/09\/logo21.png","contentUrl":"https:\/\/glass-perfume-bottles.com\/wp-content\/uploads\/2023\/09\/logo21.png","width":342,"height":268,"caption":"HY GLASS"},"image":{"@id":"https:\/\/glass-perfume-bottles.com\/#\/schema\/logo\/image\/"}}]}},"taxonomy_info":{"product_cat":[{"value":51,"label":"Glass Perfume Bottle"}],"product_tag":[{"value":69,"label":"Custom glass perfume bottle factory"},{"value":81,"label":"Glass perfume bottle manufacturer"},{"value":443,"label":"Gradient shoulder perfume bottles"},{"value":442,"label":"Perfume oil bottle supplier"},{"value":358,"label":"Premium Perfume Bottle Portable"},{"value":66,"label":"Wholesale glass perfume bottle"}]},"featured_image_src_large":["https:\/\/glass-perfume-bottles.com\/wp-content\/uploads\/2025\/06\/Luxury-30ml-50ml-glass-fragrance-perfume-oil-bottle-supplier.jpg",720,720,false],"author_info":[],"comment_info":0,"_links":{"self":[{"href":"https:\/\/glass-perfume-bottles.com\/de\/wp-json\/wp\/v2\/product\/2960","targetHints":{"allow":["GET"]}}],"collection":[{"href":"https:\/\/glass-perfume-bottles.com\/de\/wp-json\/wp\/v2\/product"}],"about":[{"href":"https:\/\/glass-perfume-bottles.com\/de\/wp-json\/wp\/v2\/types\/product"}],"replies":[{"embeddable":true,"href":"https:\/\/glass-perfume-bottles.com\/de\/wp-json\/wp\/v2\/comments?post=2960"}],"wp:featuredmedia":[{"embeddable":true,"href":"https:\/\/glass-perfume-bottles.com\/de\/wp-json\/wp\/v2\/media\/2961"}],"wp:attachment":[{"href":"https:\/\/glass-perfume-bottles.com\/de\/wp-json\/wp\/v2\/media?parent=2960"}],"wp:term":[{"taxonomy":"product_brand","embeddable":true,"href":"https:\/\/glass-perfume-bottles.com\/de\/wp-json\/wp\/v2\/product_brand?post=2960"},{"taxonomy":"product_cat","embeddable":true,"href":"https:\/\/glass-perfume-bottles.com\/de\/wp-json\/wp\/v2\/product_cat?post=2960"},{"taxonomy":"product_tag","embeddable":true,"href":"https:\/\/glass-perfume-bottles.com\/de\/wp-json\/wp\/v2\/product_tag?post=2960"}],"curies":[{"name":"wp","href":"https:\/\/api.w.org\/{rel}","templated":true}]}}