{"id":3007,"date":"2025-06-28T06:20:15","date_gmt":"2025-06-28T06:20:15","guid":{"rendered":"https:\/\/glass-perfume-bottles.com\/?post_type=product&#038;p=3007"},"modified":"2025-11-14T21:58:06","modified_gmt":"2025-11-14T21:58:06","slug":"luxurious-50ml-100ml-fluted-glass-scent-perfume-bottle-with-arcylic-cap","status":"publish","type":"product","link":"https:\/\/glass-perfume-bottles.com\/de\/produkt\/luxurious-50ml-100ml-fluted-glass-scent-perfume-bottle-with-arcylic-cap\/","title":{"rendered":"Luxuri\u00f6se 50 ml 100 ml Parf\u00fcmflasche aus geriffeltem Glas mit Acrylverschluss"},"content":{"rendered":"<table>\n<tbody>\n<tr>\n<td width=\"158\">Produktname<\/td>\n<td width=\"591\">Geriffelte Parf\u00fcmflasche mit Acrylverschluss<\/td>\n<\/tr>\n<tr>\n<td width=\"158\">Kapazit\u00e4t<\/td>\n<td width=\"591\">Bajonett\u00f6ffnung (andere Gr\u00f6\u00dfen erh\u00e4ltlich)<\/td>\n<\/tr>\n<tr>\n<td width=\"158\">Gr\u00f6\u00dfe<\/td>\n<td width=\"591\">50 ml: 64 mm x 59 mm<\/p>\n<p>100 ml: 65 mm x 79 mm<\/td>\n<\/tr>\n<tr>\n<td width=\"158\">Gewicht<\/td>\n<td width=\"591\">50 ml: 220 g 100 ml: 300 g<\/td>\n<\/tr>\n<tr>\n<td width=\"158\">Material<\/td>\n<td width=\"591\">kristallwei\u00dfes Glas<\/td>\n<\/tr>\n<tr>\n<td width=\"158\">Geh\u00e4usefarbe<\/td>\n<td width=\"591\">Rot, schwarz, blau, mattiert, gr\u00fcn, rosa oder individuelle Farbe<\/td>\n<\/tr>\n<tr>\n<td width=\"158\">Oberfl\u00e4chenbehandlung<\/td>\n<td width=\"591\">S\/S, H\/S, mattiert, metallisiert, beflockt, holografisch, Marmorbeschichtung, perlmuttartig usw.<\/td>\n<\/tr>\n<tr>\n<td width=\"158\">Verwendung<\/td>\n<td width=\"591\">\u00a0Verpackung Aromatherapie\u00f6l\/\u00e4therisches \u00d6l\/Deodorant\/Lufterfrischer\/Parf\u00fcm\/Serum\/\u00e4therisches \u00d6l\/Toner<\/td>\n<\/tr>\n<tr>\n<td width=\"158\">Verpackung<\/td>\n<td width=\"591\">Exportkarton dann Sperrholzpalette,<\/td>\n<\/tr>\n<tr>\n<td width=\"158\">Mindestbestellmenge<\/td>\n<td width=\"591\">2.000 St\u00fcck (da es ein individuelles Design gibt)<\/td>\n<\/tr>\n<tr>\n<td width=\"158\">Probe<\/td>\n<td width=\"591\">Kostenlose Probe, Frachtkosten erforderlich.<\/td>\n<\/tr>\n<tr>\n<td width=\"158\">Transport<\/td>\n<td width=\"591\">FedEx\/DHL\/EMS\/UPS\/TNT\/auf dem Seeweg\/auf dem Luftweg usw.<\/td>\n<\/tr>\n<tr>\n<td width=\"158\">Zahlungsweise<\/td>\n<td width=\"591\">T\/T, L\/C, Western Union, Money Gram, Paypal usw.<\/td>\n<\/tr>\n<tr>\n<td width=\"158\">Lieferzeit<\/td>\n<td width=\"591\">Probe 1\u20132 Tage, Auftragsproduktion 20\u201345 Tage, abh\u00e4ngig von den Auftragsdetails.<\/td>\n<\/tr>\n<tr>\n<td width=\"158\">Service<\/td>\n<td width=\"591\">OEM- und ODM-Service, Designservice, Komplettl\u00f6sung<\/td>\n<\/tr>\n<\/tbody>\n<\/table>\n<p>&nbsp;<\/p>\n<p>Geriffelt <a href=\"https:\/\/glass-perfume-bottles.com\/de\/produkt\/high-end-150ml-cylinderical-bayonet-glass-scent-perfume-bottle-factory\/\">Duftparf\u00fcmflasche<\/a> Hergestellt aus kristallwei\u00dfem Glas, das eine hohe Qualit\u00e4t und Transparenz aufweist. Die Bajonett\u00f6ffnung passt zur Feinnebel-Spr\u00fchpumpe. Verbessert die Abdichtung der Verpackung, Sie m\u00fcssen sich keine Sorgen \u00fcber Auslaufen machen. Das luxuri\u00f6se geriffelte Design mit Acrylkappe sorgt daf\u00fcr, dass Ihr hochwertiges, stabiles Produkt aus der Masse hervorsticht.<\/p>\n<p>Akzeptieren Sie benutzerdefinierte S\/S-, H\/S-, Hei\u00dfpr\u00e4ge-, Beflockungs-, Farbbeschichtungs-, Marmorbeschichtungs-, Metallisierungs-, holografischen Beschichtungs- usw.-Prozesse, kleine Mengen sind m\u00f6glich,<\/p>\n<p>HY GLASS als Profi <a href=\"https:\/\/www.hyglassbottles.com\/product\/Luxury-100ml-Mid-east-arabic--fluted-glass-perfume-oil-bottle-factory.html\">Parf\u00fcmflasche aus Glas<\/a> Fabrik, wir haben 2.000 Arten von Glasparf\u00fcmflaschen f\u00fcr Kunden hergestellt. Wir haben ein Fassungsverm\u00f6gen von 30 ml, 50 ml und 100 ml, wir k\u00f6nnen auch Flaschen in jeder beliebigen Form und mit jedem beliebigen Fassungsverm\u00f6gen f\u00fcr Sie anfertigen, wir haben ein professionelles Designteam und eine strenge Qualit\u00e4tskontrolle der Produktqualit\u00e4t. Nehmen Sie gerne Kontakt mit uns auf, wir freuen uns auf Sie.<\/p>","protected":false},"excerpt":{"rendered":"<p>50 ml 100 ml geriffelte Parf\u00fcmflasche aus kristallwei\u00dfem Glas, hochwertig und transparent, Bajonettverschluss passend zur Feinspr\u00fchpumpe. Verbessert die Versiegelung der Verpackung, Sie m\u00fcssen sich keine Sorgen um Auslaufen machen, das luxuri\u00f6se geriffelte Design mit Acrylverschluss sorgt daf\u00fcr, dass Ihr hochwertiges, stabiles Produkt aus der Masse hervorsticht.<\/p>","protected":false},"featured_media":3008,"comment_status":"open","ping_status":"closed","template":"","meta":{"_kad_blocks_custom_css":"","_kad_blocks_head_custom_js":"","_kad_blocks_body_custom_js":"","_kad_blocks_footer_custom_js":"","_kad_post_transparent":"default","_kad_post_title":"","_kad_post_layout":"default","_kad_post_sidebar_id":"","_kad_post_content_style":"default","_kad_post_vertical_padding":"default","_kad_post_feature":"","_kad_post_feature_position":"","_kad_post_header":false,"_kad_post_footer":false,"_joinchat":[]},"product_brand":[],"product_cat":[51],"product_tag":[460,450,458,156,358,459],"class_list":{"0":"post-3007","1":"product","2":"type-product","3":"status-publish","4":"has-post-thumbnail","6":"product_cat-glass-perfume-bottles","7":"product_tag-botol-parfum-kaca-bening-pria-dan-wanita","8":"product_tag-glass-sub-bottle-supplier","9":"product_tag-luxurious-perfume-bottle-supplier","10":"product_tag-luxury-perfume-bottle-supplier","11":"product_tag-premium-perfume-bottle-portable","12":"product_tag-wholesale-scent-perfume-bottle-manufacturer","14":"first","15":"instock","16":"shipping-taxable","17":"product-type-simple","18":"entry","19":"content-bg","20":"loop-entry"},"yoast_head":"<!-- This site is optimized with the Yoast SEO Premium plugin v20.5 (Yoast SEO v24.2) - https:\/\/yoast.com\/wordpress\/plugins\/seo\/ -->\n<title>Fluted glass scent perfume bottle factory<\/title>\n<meta name=\"description\" content=\"Fluted glass scent perfume bottle made of high white glass,unique cylinder shape high transparency,make your products luxury and stand out other brands.\" \/>\n<meta name=\"robots\" content=\"index, follow, max-snippet:-1, max-image-preview:large, max-video-preview:-1\" \/>\n<link rel=\"canonical\" href=\"https:\/\/glass-perfume-bottles.com\/de\/produkt\/luxurious-50ml-100ml-fluted-glass-scent-perfume-bottle-with-arcylic-cap\/\" \/>\n<meta property=\"og:locale\" content=\"de_DE\" \/>\n<meta property=\"og:type\" content=\"article\" \/>\n<meta property=\"og:title\" content=\"Luxurious 50ml 100ml fluted glass scent perfume bottle with arcylic cap\" \/>\n<meta property=\"og:description\" content=\"Fluted glass scent perfume bottle made of high white glass,unique cylinder shape high transparency,make your products luxury and stand out other brands.\" \/>\n<meta property=\"og:url\" content=\"https:\/\/glass-perfume-bottles.com\/de\/produkt\/luxurious-50ml-100ml-fluted-glass-scent-perfume-bottle-with-arcylic-cap\/\" \/>\n<meta property=\"og:site_name\" content=\"HY GLASS\" \/>\n<meta property=\"article:modified_time\" content=\"2025-11-14T21:58:06+00:00\" \/>\n<meta property=\"og:image\" content=\"https:\/\/glass-perfume-bottles.com\/wp-content\/uploads\/2025\/06\/Luxurious-50ml-100ml-fluted-glass-scent-perfume-bottle-with-arcylic-cap.jpg\" \/>\n\t<meta property=\"og:image:width\" content=\"720\" \/>\n\t<meta property=\"og:image:height\" content=\"720\" \/>\n\t<meta property=\"og:image:type\" content=\"image\/jpeg\" \/>\n<meta name=\"twitter:card\" content=\"summary_large_image\" \/>\n<meta name=\"twitter:label1\" content=\"Gesch\u00e4tzte Lesezeit\" \/>\n\t<meta name=\"twitter:data1\" content=\"2\u00a0Minuten\" \/>\n<script type=\"application\/ld+json\" class=\"yoast-schema-graph\">{\"@context\":\"https:\/\/schema.org\",\"@graph\":[{\"@type\":\"WebPage\",\"@id\":\"https:\/\/glass-perfume-bottles.com\/product\/luxurious-50ml-100ml-fluted-glass-scent-perfume-bottle-with-arcylic-cap\/\",\"url\":\"https:\/\/glass-perfume-bottles.com\/product\/luxurious-50ml-100ml-fluted-glass-scent-perfume-bottle-with-arcylic-cap\/\",\"name\":\"Fluted glass scent perfume bottle factory\",\"isPartOf\":{\"@id\":\"https:\/\/glass-perfume-bottles.com\/#website\"},\"primaryImageOfPage\":{\"@id\":\"https:\/\/glass-perfume-bottles.com\/product\/luxurious-50ml-100ml-fluted-glass-scent-perfume-bottle-with-arcylic-cap\/#primaryimage\"},\"image\":{\"@id\":\"https:\/\/glass-perfume-bottles.com\/product\/luxurious-50ml-100ml-fluted-glass-scent-perfume-bottle-with-arcylic-cap\/#primaryimage\"},\"thumbnailUrl\":\"https:\/\/glass-perfume-bottles.com\/wp-content\/uploads\/2025\/06\/Luxurious-50ml-100ml-fluted-glass-scent-perfume-bottle-with-arcylic-cap.jpg\",\"datePublished\":\"2025-06-28T06:20:15+00:00\",\"dateModified\":\"2025-11-14T21:58:06+00:00\",\"description\":\"Fluted glass scent perfume bottle made of high white glass,unique cylinder shape high transparency,make your products luxury and stand out other brands.\",\"breadcrumb\":{\"@id\":\"https:\/\/glass-perfume-bottles.com\/product\/luxurious-50ml-100ml-fluted-glass-scent-perfume-bottle-with-arcylic-cap\/#breadcrumb\"},\"inLanguage\":\"de\",\"potentialAction\":[{\"@type\":\"ReadAction\",\"target\":[\"https:\/\/glass-perfume-bottles.com\/product\/luxurious-50ml-100ml-fluted-glass-scent-perfume-bottle-with-arcylic-cap\/\"]}]},{\"@type\":\"ImageObject\",\"inLanguage\":\"de\",\"@id\":\"https:\/\/glass-perfume-bottles.com\/product\/luxurious-50ml-100ml-fluted-glass-scent-perfume-bottle-with-arcylic-cap\/#primaryimage\",\"url\":\"https:\/\/glass-perfume-bottles.com\/wp-content\/uploads\/2025\/06\/Luxurious-50ml-100ml-fluted-glass-scent-perfume-bottle-with-arcylic-cap.jpg\",\"contentUrl\":\"https:\/\/glass-perfume-bottles.com\/wp-content\/uploads\/2025\/06\/Luxurious-50ml-100ml-fluted-glass-scent-perfume-bottle-with-arcylic-cap.jpg\",\"width\":720,\"height\":720,\"caption\":\"Luxurious 50ml 100ml fluted glass scent perfume bottle with arcylic cap\"},{\"@type\":\"BreadcrumbList\",\"@id\":\"https:\/\/glass-perfume-bottles.com\/product\/luxurious-50ml-100ml-fluted-glass-scent-perfume-bottle-with-arcylic-cap\/#breadcrumb\",\"itemListElement\":[{\"@type\":\"ListItem\",\"position\":1,\"name\":\"Home\",\"item\":\"https:\/\/glass-perfume-bottles.com\/\"},{\"@type\":\"ListItem\",\"position\":2,\"name\":\"Product\",\"item\":\"https:\/\/glass-perfume-bottles.com\/custom-made-perfume-bottle-suppliers-and-wholesale\/\"},{\"@type\":\"ListItem\",\"position\":3,\"name\":\"Luxurious 50ml 100ml fluted glass scent perfume bottle with arcylic cap\"}]},{\"@type\":\"WebSite\",\"@id\":\"https:\/\/glass-perfume-bottles.com\/#website\",\"url\":\"https:\/\/glass-perfume-bottles.com\/\",\"name\":\"HY GLASS\",\"description\":\"glass perfume bottle manufacturers &amp; suppliers, aroma reed diffuser bottle wholesale &amp; suppliers\",\"publisher\":{\"@id\":\"https:\/\/glass-perfume-bottles.com\/#organization\"},\"potentialAction\":[{\"@type\":\"SearchAction\",\"target\":{\"@type\":\"EntryPoint\",\"urlTemplate\":\"https:\/\/glass-perfume-bottles.com\/?s={search_term_string}\"},\"query-input\":{\"@type\":\"PropertyValueSpecification\",\"valueRequired\":true,\"valueName\":\"search_term_string\"}}],\"inLanguage\":\"de\"},{\"@type\":\"Organization\",\"@id\":\"https:\/\/glass-perfume-bottles.com\/#organization\",\"name\":\"HY GLASS\",\"url\":\"https:\/\/glass-perfume-bottles.com\/\",\"logo\":{\"@type\":\"ImageObject\",\"inLanguage\":\"de\",\"@id\":\"https:\/\/glass-perfume-bottles.com\/#\/schema\/logo\/image\/\",\"url\":\"https:\/\/glass-perfume-bottles.com\/wp-content\/uploads\/2023\/09\/logo21.png\",\"contentUrl\":\"https:\/\/glass-perfume-bottles.com\/wp-content\/uploads\/2023\/09\/logo21.png\",\"width\":342,\"height\":268,\"caption\":\"HY GLASS\"},\"image\":{\"@id\":\"https:\/\/glass-perfume-bottles.com\/#\/schema\/logo\/image\/\"}}]}<\/script>\n<!-- \/ Yoast SEO Premium plugin. -->","yoast_head_json":{"title":"Fluted glass scent perfume bottle factory","description":"Fluted glass scent perfume bottle made of high white glass,unique cylinder shape high transparency,make your products luxury and stand out other brands.","robots":{"index":"index","follow":"follow","max-snippet":"max-snippet:-1","max-image-preview":"max-image-preview:large","max-video-preview":"max-video-preview:-1"},"canonical":"https:\/\/glass-perfume-bottles.com\/de\/produkt\/luxurious-50ml-100ml-fluted-glass-scent-perfume-bottle-with-arcylic-cap\/","og_locale":"de_DE","og_type":"article","og_title":"Luxurious 50ml 100ml fluted glass scent perfume bottle with arcylic cap","og_description":"Fluted glass scent perfume bottle made of high white glass,unique cylinder shape high transparency,make your products luxury and stand out other brands.","og_url":"https:\/\/glass-perfume-bottles.com\/de\/produkt\/luxurious-50ml-100ml-fluted-glass-scent-perfume-bottle-with-arcylic-cap\/","og_site_name":"HY GLASS","article_modified_time":"2025-11-14T21:58:06+00:00","og_image":[{"width":720,"height":720,"url":"https:\/\/glass-perfume-bottles.com\/wp-content\/uploads\/2025\/06\/Luxurious-50ml-100ml-fluted-glass-scent-perfume-bottle-with-arcylic-cap.jpg","type":"image\/jpeg"}],"twitter_card":"summary_large_image","twitter_misc":{"Gesch\u00e4tzte Lesezeit":"2\u00a0Minuten"},"schema":{"@context":"https:\/\/schema.org","@graph":[{"@type":"WebPage","@id":"https:\/\/glass-perfume-bottles.com\/product\/luxurious-50ml-100ml-fluted-glass-scent-perfume-bottle-with-arcylic-cap\/","url":"https:\/\/glass-perfume-bottles.com\/product\/luxurious-50ml-100ml-fluted-glass-scent-perfume-bottle-with-arcylic-cap\/","name":"Fluted glass scent perfume bottle factory","isPartOf":{"@id":"https:\/\/glass-perfume-bottles.com\/#website"},"primaryImageOfPage":{"@id":"https:\/\/glass-perfume-bottles.com\/product\/luxurious-50ml-100ml-fluted-glass-scent-perfume-bottle-with-arcylic-cap\/#primaryimage"},"image":{"@id":"https:\/\/glass-perfume-bottles.com\/product\/luxurious-50ml-100ml-fluted-glass-scent-perfume-bottle-with-arcylic-cap\/#primaryimage"},"thumbnailUrl":"https:\/\/glass-perfume-bottles.com\/wp-content\/uploads\/2025\/06\/Luxurious-50ml-100ml-fluted-glass-scent-perfume-bottle-with-arcylic-cap.jpg","datePublished":"2025-06-28T06:20:15+00:00","dateModified":"2025-11-14T21:58:06+00:00","description":"Fluted glass scent perfume bottle made of high white glass,unique cylinder shape high transparency,make your products luxury and stand out other brands.","breadcrumb":{"@id":"https:\/\/glass-perfume-bottles.com\/product\/luxurious-50ml-100ml-fluted-glass-scent-perfume-bottle-with-arcylic-cap\/#breadcrumb"},"inLanguage":"de","potentialAction":[{"@type":"ReadAction","target":["https:\/\/glass-perfume-bottles.com\/product\/luxurious-50ml-100ml-fluted-glass-scent-perfume-bottle-with-arcylic-cap\/"]}]},{"@type":"ImageObject","inLanguage":"de","@id":"https:\/\/glass-perfume-bottles.com\/product\/luxurious-50ml-100ml-fluted-glass-scent-perfume-bottle-with-arcylic-cap\/#primaryimage","url":"https:\/\/glass-perfume-bottles.com\/wp-content\/uploads\/2025\/06\/Luxurious-50ml-100ml-fluted-glass-scent-perfume-bottle-with-arcylic-cap.jpg","contentUrl":"https:\/\/glass-perfume-bottles.com\/wp-content\/uploads\/2025\/06\/Luxurious-50ml-100ml-fluted-glass-scent-perfume-bottle-with-arcylic-cap.jpg","width":720,"height":720,"caption":"Luxurious 50ml 100ml fluted glass scent perfume bottle with arcylic cap"},{"@type":"BreadcrumbList","@id":"https:\/\/glass-perfume-bottles.com\/product\/luxurious-50ml-100ml-fluted-glass-scent-perfume-bottle-with-arcylic-cap\/#breadcrumb","itemListElement":[{"@type":"ListItem","position":1,"name":"Home","item":"https:\/\/glass-perfume-bottles.com\/"},{"@type":"ListItem","position":2,"name":"Product","item":"https:\/\/glass-perfume-bottles.com\/custom-made-perfume-bottle-suppliers-and-wholesale\/"},{"@type":"ListItem","position":3,"name":"Luxurious 50ml 100ml fluted glass scent perfume bottle with arcylic cap"}]},{"@type":"WebSite","@id":"https:\/\/glass-perfume-bottles.com\/#website","url":"https:\/\/glass-perfume-bottles.com\/","name":"HY GLASS","description":"glass perfume bottle manufacturers &amp; suppliers, aroma reed diffuser bottle wholesale &amp; suppliers","publisher":{"@id":"https:\/\/glass-perfume-bottles.com\/#organization"},"potentialAction":[{"@type":"SearchAction","target":{"@type":"EntryPoint","urlTemplate":"https:\/\/glass-perfume-bottles.com\/?s={search_term_string}"},"query-input":{"@type":"PropertyValueSpecification","valueRequired":true,"valueName":"search_term_string"}}],"inLanguage":"de"},{"@type":"Organization","@id":"https:\/\/glass-perfume-bottles.com\/#organization","name":"HY GLASS","url":"https:\/\/glass-perfume-bottles.com\/","logo":{"@type":"ImageObject","inLanguage":"de","@id":"https:\/\/glass-perfume-bottles.com\/#\/schema\/logo\/image\/","url":"https:\/\/glass-perfume-bottles.com\/wp-content\/uploads\/2023\/09\/logo21.png","contentUrl":"https:\/\/glass-perfume-bottles.com\/wp-content\/uploads\/2023\/09\/logo21.png","width":342,"height":268,"caption":"HY GLASS"},"image":{"@id":"https:\/\/glass-perfume-bottles.com\/#\/schema\/logo\/image\/"}}]}},"taxonomy_info":{"product_cat":[{"value":51,"label":"Glass Perfume Bottle"}],"product_tag":[{"value":460,"label":"Botol parfum kaca bening pria dan wanita"},{"value":450,"label":"Glass sub-bottle supplier"},{"value":458,"label":"Luxurious perfume bottle supplier"},{"value":156,"label":"Luxury perfume bottle supplier"},{"value":358,"label":"Premium Perfume Bottle Portable"},{"value":459,"label":"Wholesale scent perfume bottle manufacturer"}]},"featured_image_src_large":["https:\/\/glass-perfume-bottles.com\/wp-content\/uploads\/2025\/06\/Luxurious-50ml-100ml-fluted-glass-scent-perfume-bottle-with-arcylic-cap.jpg",720,720,false],"author_info":[],"comment_info":1,"_links":{"self":[{"href":"https:\/\/glass-perfume-bottles.com\/de\/wp-json\/wp\/v2\/product\/3007","targetHints":{"allow":["GET"]}}],"collection":[{"href":"https:\/\/glass-perfume-bottles.com\/de\/wp-json\/wp\/v2\/product"}],"about":[{"href":"https:\/\/glass-perfume-bottles.com\/de\/wp-json\/wp\/v2\/types\/product"}],"replies":[{"embeddable":true,"href":"https:\/\/glass-perfume-bottles.com\/de\/wp-json\/wp\/v2\/comments?post=3007"}],"wp:featuredmedia":[{"embeddable":true,"href":"https:\/\/glass-perfume-bottles.com\/de\/wp-json\/wp\/v2\/media\/3008"}],"wp:attachment":[{"href":"https:\/\/glass-perfume-bottles.com\/de\/wp-json\/wp\/v2\/media?parent=3007"}],"wp:term":[{"taxonomy":"product_brand","embeddable":true,"href":"https:\/\/glass-perfume-bottles.com\/de\/wp-json\/wp\/v2\/product_brand?post=3007"},{"taxonomy":"product_cat","embeddable":true,"href":"https:\/\/glass-perfume-bottles.com\/de\/wp-json\/wp\/v2\/product_cat?post=3007"},{"taxonomy":"product_tag","embeddable":true,"href":"https:\/\/glass-perfume-bottles.com\/de\/wp-json\/wp\/v2\/product_tag?post=3007"}],"curies":[{"name":"wp","href":"https:\/\/api.w.org\/{rel}","templated":true}]}}