{"id":3095,"date":"2025-08-04T09:25:29","date_gmt":"2025-08-04T09:25:29","guid":{"rendered":"https:\/\/glass-perfume-bottles.com\/?post_type=product&#038;p=3095"},"modified":"2025-11-14T21:56:19","modified_gmt":"2025-11-14T21:56:19","slug":"bdk-parfum-glass-bottle-manufacturer-and-wholesale","status":"publish","type":"product","link":"https:\/\/glass-perfume-bottles.com\/de\/produkt\/bdk-parfum-glass-bottle-manufacturer-and-wholesale\/","title":{"rendered":"Gestalten Sie Ihr Parf\u00fcmflakon-Design mit Namen"},"content":{"rendered":"<table>\n<tbody>\n<tr>\n<td width=\"158\">Produktname<\/td>\n<td width=\"591\">Gestalten Sie Ihr Parf\u00fcmflakon-Design mit Namen<\/td>\n<\/tr>\n<tr>\n<td width=\"158\">Kapazit\u00e4t<\/td>\n<td width=\"591\">100 ml (andere Gr\u00f6\u00dfen erh\u00e4ltlich)<\/td>\n<\/tr>\n<tr>\n<td width=\"158\">Gr\u00f6\u00dfe<\/td>\n<td width=\"591\">T:51mm H:122mm<\/td>\n<\/tr>\n<tr>\n<td width=\"158\">Gewicht<\/td>\n<td width=\"591\">Ca. 200g<\/td>\n<\/tr>\n<tr>\n<td width=\"158\">Material<\/td>\n<td width=\"591\">Kristallwei\u00dfes Glas<\/td>\n<\/tr>\n<tr>\n<td width=\"158\">Geh\u00e4usefarbe<\/td>\n<td width=\"591\">Rot, schwarz, blau, mattiert, gr\u00fcn, rosa oder individuelle Farbe<\/td>\n<\/tr>\n<tr>\n<td width=\"158\">Oberfl\u00e4chenbehandlung<\/td>\n<td width=\"591\">S\/S, H\/S, mattiert, metallisiert, beflockt, holografisch, Marmorbeschichtung, perlmuttartig usw.<\/td>\n<\/tr>\n<tr>\n<td width=\"158\">Verwendung<\/td>\n<td width=\"591\">\u00a0Verpackung Aromatherapie\u00f6l\/\u00e4therisches \u00d6l\/Deodorant\/Lufterfrischer\/Parf\u00fcm\/Serum\/\u00e4therisches \u00d6l\/Toner<\/td>\n<\/tr>\n<tr>\n<td width=\"158\">Verpackung<\/td>\n<td width=\"591\">Exportkarton dann Sperrholzpalette,<\/td>\n<\/tr>\n<tr>\n<td width=\"158\">Mindestbestellmenge<\/td>\n<td width=\"591\">2.000 St\u00fcck (da es ein individuelles Design gibt)<\/td>\n<\/tr>\n<tr>\n<td width=\"158\">Probe<\/td>\n<td width=\"591\">Kostenlose Probe, Frachtkosten erforderlich.<\/td>\n<\/tr>\n<tr>\n<td width=\"158\">Transport<\/td>\n<td width=\"591\">FedEx\/DHL\/EMS\/UPS\/TNT\/auf dem Seeweg\/auf dem Luftweg usw.<\/td>\n<\/tr>\n<tr>\n<td width=\"158\">Zahlungsweise<\/td>\n<td width=\"591\">T\/T, L\/C, Western Union, Money Gram, Paypal usw.<\/td>\n<\/tr>\n<tr>\n<td width=\"158\">Lieferzeit<\/td>\n<td width=\"591\">Probe 1\u20132 Tage, Auftragsproduktion 20\u201345 Tage, abh\u00e4ngig von den Auftragsdetails.<\/td>\n<\/tr>\n<tr>\n<td width=\"158\">Service<\/td>\n<td width=\"591\">OEM- und ODM-Glasflaschenservice, Designservice, Komplettl\u00f6sung<\/td>\n<\/tr>\n<\/tbody>\n<\/table>\n<p>&nbsp;<\/p>\n<p>Der Hersteller bdk Parfumflakons ist der weltweit f\u00fchrende Hersteller von Glasflakons. Dieser Parfumflakon zeichnet sich durch sein elegantes und raffiniertes Design aus, das den Fokus der Marke auf franz\u00f6sische Handwerkskunst, Mode und Luxus widerspiegelt. Der Flakon besticht durch einen markanten Verschluss, der an die Kuppel und das Handwerk des Goldschmiedemeisters erinnert. Die \u00c4sthetik des <a href=\"https:\/\/glass-perfume-bottles.com\/de\/produkt\/luxurious-50ml-100ml-fluted-glass-scent-perfume-bottle-with-arcylic-cap\/\">personalisierte Parf\u00fcmflasche<\/a> Das Design ist minimalistisch und dennoch raffiniert und unterstreicht die Qualit\u00e4t und Kunstfertigkeit der D\u00fcfte. Als Hersteller und Lieferant von BDK-Parf\u00fcmflaschen verf\u00fcgen wir \u00fcber ein gro\u00dfes Sortiment an Flaschen in verschiedenen Gr\u00f6\u00dfen wie 30 ml, 50 ml und 100 ml. Es stehen zahlreiche Glasflaschenformen zur Auswahl.<\/p>\n<p>Als <a href=\"https:\/\/www.hyglassbottles.com\/product\/Customize-150ml-glass-aroma-reed-diffuser-bottle-with-cap-factory.html\">Hersteller ma\u00dfgeschneiderter Parf\u00fcmflaschen<\/a> Im Gro\u00dfhandel konzentrieren wir uns auf die Herstellung von Glasflaschen mit verschiedenen Veredelungen wie Siebdruck, Hei\u00dfpr\u00e4gung, Aufkleber, UV-Beschichtung usw. Wir k\u00f6nnen auch das Design von Parf\u00fcmflaschen mit Ihrem Namen personalisieren. Senden Sie uns einfach Ihre Ideen, und unser Team arbeitet gemeinsam daran, sie umzusetzen. Bitte senden Sie uns Ihre Designvorlagen, wir k\u00f6nnen Ihre Idee verwirklichen. Bitte kontaktieren Sie uns.<\/p>","protected":false},"excerpt":{"rendered":"<p>Als Hersteller und Gro\u00dfh\u00e4ndler von kundenspezifischen Parf\u00fcmflaschen konzentrieren wir uns auf die Herstellung von Glasflaschen mit unterschiedlichen Veredelungen wie Siebdruck, Hei\u00dfpr\u00e4gung, Aufkleber, UV-Beschichtung usw.<\/p>","protected":false},"featured_media":3096,"comment_status":"open","ping_status":"closed","template":"","meta":{"_kad_blocks_custom_css":"","_kad_blocks_head_custom_js":"","_kad_blocks_body_custom_js":"","_kad_blocks_footer_custom_js":"","_kad_post_transparent":"default","_kad_post_title":"","_kad_post_layout":"default","_kad_post_sidebar_id":"","_kad_post_content_style":"default","_kad_post_vertical_padding":"default","_kad_post_feature":"","_kad_post_feature_position":"","_kad_post_header":false,"_kad_post_footer":false,"_joinchat":[]},"product_brand":[],"product_cat":[51],"product_tag":[478,477,476],"class_list":{"0":"post-3095","1":"product","2":"type-product","3":"status-publish","4":"has-post-thumbnail","6":"product_cat-glass-perfume-bottles","7":"product_tag-bdk-parfum-glass-bottle-manufacturer-and-wholesaler","8":"product_tag-customized-perfume-bottle-manufacturer","9":"product_tag-unique-perfume-bottles-wholesale","11":"first","12":"instock","13":"shipping-taxable","14":"product-type-simple","15":"entry","16":"content-bg","17":"loop-entry"},"yoast_head":"<!-- This site is optimized with the Yoast SEO Premium plugin v20.5 (Yoast SEO v24.2) - https:\/\/yoast.com\/wordpress\/plugins\/seo\/ -->\n<title>bdk parfum bottle manufacturer and wholesale<\/title>\n<meta name=\"description\" content=\"Unique perfume bottles wholesale, customized perfume bottle manufacturer, bdk parfum glass bottle manufacturer and wholesaler\" \/>\n<meta name=\"robots\" content=\"index, follow, max-snippet:-1, max-image-preview:large, max-video-preview:-1\" \/>\n<link rel=\"canonical\" href=\"https:\/\/glass-perfume-bottles.com\/de\/produkt\/bdk-parfum-glass-bottle-manufacturer-and-wholesale\/\" \/>\n<meta property=\"og:locale\" content=\"de_DE\" \/>\n<meta property=\"og:type\" content=\"article\" \/>\n<meta property=\"og:title\" content=\"Customize perfume bottle design with name\" \/>\n<meta property=\"og:description\" content=\"Unique perfume bottles wholesale, customized perfume bottle manufacturer, bdk parfum glass bottle manufacturer and wholesaler\" \/>\n<meta property=\"og:url\" content=\"https:\/\/glass-perfume-bottles.com\/de\/produkt\/bdk-parfum-glass-bottle-manufacturer-and-wholesale\/\" \/>\n<meta property=\"og:site_name\" content=\"HY GLASS\" \/>\n<meta property=\"article:modified_time\" content=\"2025-11-14T21:56:19+00:00\" \/>\n<meta property=\"og:image\" content=\"https:\/\/glass-perfume-bottles.com\/wp-content\/uploads\/2025\/08\/BDK-Parfum-Bottle.jpg\" \/>\n\t<meta property=\"og:image:width\" content=\"720\" \/>\n\t<meta property=\"og:image:height\" content=\"720\" \/>\n\t<meta property=\"og:image:type\" content=\"image\/jpeg\" \/>\n<meta name=\"twitter:card\" content=\"summary_large_image\" \/>\n<meta name=\"twitter:label1\" content=\"Gesch\u00e4tzte Lesezeit\" \/>\n\t<meta name=\"twitter:data1\" content=\"2\u00a0Minuten\" \/>\n<script type=\"application\/ld+json\" class=\"yoast-schema-graph\">{\"@context\":\"https:\/\/schema.org\",\"@graph\":[{\"@type\":\"WebPage\",\"@id\":\"https:\/\/glass-perfume-bottles.com\/product\/bdk-parfum-glass-bottle-manufacturer-and-wholesale\/\",\"url\":\"https:\/\/glass-perfume-bottles.com\/product\/bdk-parfum-glass-bottle-manufacturer-and-wholesale\/\",\"name\":\"bdk parfum bottle manufacturer and wholesale\",\"isPartOf\":{\"@id\":\"https:\/\/glass-perfume-bottles.com\/#website\"},\"primaryImageOfPage\":{\"@id\":\"https:\/\/glass-perfume-bottles.com\/product\/bdk-parfum-glass-bottle-manufacturer-and-wholesale\/#primaryimage\"},\"image\":{\"@id\":\"https:\/\/glass-perfume-bottles.com\/product\/bdk-parfum-glass-bottle-manufacturer-and-wholesale\/#primaryimage\"},\"thumbnailUrl\":\"https:\/\/glass-perfume-bottles.com\/wp-content\/uploads\/2025\/08\/BDK-Parfum-Bottle.jpg\",\"datePublished\":\"2025-08-04T09:25:29+00:00\",\"dateModified\":\"2025-11-14T21:56:19+00:00\",\"description\":\"Unique perfume bottles wholesale, customized perfume bottle manufacturer, bdk parfum glass bottle manufacturer and wholesaler\",\"breadcrumb\":{\"@id\":\"https:\/\/glass-perfume-bottles.com\/product\/bdk-parfum-glass-bottle-manufacturer-and-wholesale\/#breadcrumb\"},\"inLanguage\":\"de\",\"potentialAction\":[{\"@type\":\"ReadAction\",\"target\":[\"https:\/\/glass-perfume-bottles.com\/product\/bdk-parfum-glass-bottle-manufacturer-and-wholesale\/\"]}]},{\"@type\":\"ImageObject\",\"inLanguage\":\"de\",\"@id\":\"https:\/\/glass-perfume-bottles.com\/product\/bdk-parfum-glass-bottle-manufacturer-and-wholesale\/#primaryimage\",\"url\":\"https:\/\/glass-perfume-bottles.com\/wp-content\/uploads\/2025\/08\/BDK-Parfum-Bottle.jpg\",\"contentUrl\":\"https:\/\/glass-perfume-bottles.com\/wp-content\/uploads\/2025\/08\/BDK-Parfum-Bottle.jpg\",\"width\":720,\"height\":720,\"caption\":\"Unique perfume bottles wholesale, customized perfume bottle manufacturer, bdk parfum glass bottle manufacturer and wholesaler\"},{\"@type\":\"BreadcrumbList\",\"@id\":\"https:\/\/glass-perfume-bottles.com\/product\/bdk-parfum-glass-bottle-manufacturer-and-wholesale\/#breadcrumb\",\"itemListElement\":[{\"@type\":\"ListItem\",\"position\":1,\"name\":\"Home\",\"item\":\"https:\/\/glass-perfume-bottles.com\/\"},{\"@type\":\"ListItem\",\"position\":2,\"name\":\"Product\",\"item\":\"https:\/\/glass-perfume-bottles.com\/custom-made-perfume-bottle-suppliers-and-wholesale\/\"},{\"@type\":\"ListItem\",\"position\":3,\"name\":\"Customize perfume bottle design with name\"}]},{\"@type\":\"WebSite\",\"@id\":\"https:\/\/glass-perfume-bottles.com\/#website\",\"url\":\"https:\/\/glass-perfume-bottles.com\/\",\"name\":\"HY GLASS\",\"description\":\"glass perfume bottle manufacturers &amp; suppliers, aroma reed diffuser bottle wholesale &amp; suppliers\",\"publisher\":{\"@id\":\"https:\/\/glass-perfume-bottles.com\/#organization\"},\"potentialAction\":[{\"@type\":\"SearchAction\",\"target\":{\"@type\":\"EntryPoint\",\"urlTemplate\":\"https:\/\/glass-perfume-bottles.com\/?s={search_term_string}\"},\"query-input\":{\"@type\":\"PropertyValueSpecification\",\"valueRequired\":true,\"valueName\":\"search_term_string\"}}],\"inLanguage\":\"de\"},{\"@type\":\"Organization\",\"@id\":\"https:\/\/glass-perfume-bottles.com\/#organization\",\"name\":\"HY GLASS\",\"url\":\"https:\/\/glass-perfume-bottles.com\/\",\"logo\":{\"@type\":\"ImageObject\",\"inLanguage\":\"de\",\"@id\":\"https:\/\/glass-perfume-bottles.com\/#\/schema\/logo\/image\/\",\"url\":\"https:\/\/glass-perfume-bottles.com\/wp-content\/uploads\/2023\/09\/logo21.png\",\"contentUrl\":\"https:\/\/glass-perfume-bottles.com\/wp-content\/uploads\/2023\/09\/logo21.png\",\"width\":342,\"height\":268,\"caption\":\"HY GLASS\"},\"image\":{\"@id\":\"https:\/\/glass-perfume-bottles.com\/#\/schema\/logo\/image\/\"}}]}<\/script>\n<!-- \/ Yoast SEO Premium plugin. -->","yoast_head_json":{"title":"bdk parfum bottle manufacturer and wholesale","description":"Unique perfume bottles wholesale, customized perfume bottle manufacturer, bdk parfum glass bottle manufacturer and wholesaler","robots":{"index":"index","follow":"follow","max-snippet":"max-snippet:-1","max-image-preview":"max-image-preview:large","max-video-preview":"max-video-preview:-1"},"canonical":"https:\/\/glass-perfume-bottles.com\/de\/produkt\/bdk-parfum-glass-bottle-manufacturer-and-wholesale\/","og_locale":"de_DE","og_type":"article","og_title":"Customize perfume bottle design with name","og_description":"Unique perfume bottles wholesale, customized perfume bottle manufacturer, bdk parfum glass bottle manufacturer and wholesaler","og_url":"https:\/\/glass-perfume-bottles.com\/de\/produkt\/bdk-parfum-glass-bottle-manufacturer-and-wholesale\/","og_site_name":"HY GLASS","article_modified_time":"2025-11-14T21:56:19+00:00","og_image":[{"width":720,"height":720,"url":"https:\/\/glass-perfume-bottles.com\/wp-content\/uploads\/2025\/08\/BDK-Parfum-Bottle.jpg","type":"image\/jpeg"}],"twitter_card":"summary_large_image","twitter_misc":{"Gesch\u00e4tzte Lesezeit":"2\u00a0Minuten"},"schema":{"@context":"https:\/\/schema.org","@graph":[{"@type":"WebPage","@id":"https:\/\/glass-perfume-bottles.com\/product\/bdk-parfum-glass-bottle-manufacturer-and-wholesale\/","url":"https:\/\/glass-perfume-bottles.com\/product\/bdk-parfum-glass-bottle-manufacturer-and-wholesale\/","name":"bdk parfum bottle manufacturer and wholesale","isPartOf":{"@id":"https:\/\/glass-perfume-bottles.com\/#website"},"primaryImageOfPage":{"@id":"https:\/\/glass-perfume-bottles.com\/product\/bdk-parfum-glass-bottle-manufacturer-and-wholesale\/#primaryimage"},"image":{"@id":"https:\/\/glass-perfume-bottles.com\/product\/bdk-parfum-glass-bottle-manufacturer-and-wholesale\/#primaryimage"},"thumbnailUrl":"https:\/\/glass-perfume-bottles.com\/wp-content\/uploads\/2025\/08\/BDK-Parfum-Bottle.jpg","datePublished":"2025-08-04T09:25:29+00:00","dateModified":"2025-11-14T21:56:19+00:00","description":"Unique perfume bottles wholesale, customized perfume bottle manufacturer, bdk parfum glass bottle manufacturer and wholesaler","breadcrumb":{"@id":"https:\/\/glass-perfume-bottles.com\/product\/bdk-parfum-glass-bottle-manufacturer-and-wholesale\/#breadcrumb"},"inLanguage":"de","potentialAction":[{"@type":"ReadAction","target":["https:\/\/glass-perfume-bottles.com\/product\/bdk-parfum-glass-bottle-manufacturer-and-wholesale\/"]}]},{"@type":"ImageObject","inLanguage":"de","@id":"https:\/\/glass-perfume-bottles.com\/product\/bdk-parfum-glass-bottle-manufacturer-and-wholesale\/#primaryimage","url":"https:\/\/glass-perfume-bottles.com\/wp-content\/uploads\/2025\/08\/BDK-Parfum-Bottle.jpg","contentUrl":"https:\/\/glass-perfume-bottles.com\/wp-content\/uploads\/2025\/08\/BDK-Parfum-Bottle.jpg","width":720,"height":720,"caption":"Unique perfume bottles wholesale, customized perfume bottle manufacturer, bdk parfum glass bottle manufacturer and wholesaler"},{"@type":"BreadcrumbList","@id":"https:\/\/glass-perfume-bottles.com\/product\/bdk-parfum-glass-bottle-manufacturer-and-wholesale\/#breadcrumb","itemListElement":[{"@type":"ListItem","position":1,"name":"Home","item":"https:\/\/glass-perfume-bottles.com\/"},{"@type":"ListItem","position":2,"name":"Product","item":"https:\/\/glass-perfume-bottles.com\/custom-made-perfume-bottle-suppliers-and-wholesale\/"},{"@type":"ListItem","position":3,"name":"Customize perfume bottle design with name"}]},{"@type":"WebSite","@id":"https:\/\/glass-perfume-bottles.com\/#website","url":"https:\/\/glass-perfume-bottles.com\/","name":"HY GLASS","description":"glass perfume bottle manufacturers &amp; suppliers, aroma reed diffuser bottle wholesale &amp; suppliers","publisher":{"@id":"https:\/\/glass-perfume-bottles.com\/#organization"},"potentialAction":[{"@type":"SearchAction","target":{"@type":"EntryPoint","urlTemplate":"https:\/\/glass-perfume-bottles.com\/?s={search_term_string}"},"query-input":{"@type":"PropertyValueSpecification","valueRequired":true,"valueName":"search_term_string"}}],"inLanguage":"de"},{"@type":"Organization","@id":"https:\/\/glass-perfume-bottles.com\/#organization","name":"HY GLASS","url":"https:\/\/glass-perfume-bottles.com\/","logo":{"@type":"ImageObject","inLanguage":"de","@id":"https:\/\/glass-perfume-bottles.com\/#\/schema\/logo\/image\/","url":"https:\/\/glass-perfume-bottles.com\/wp-content\/uploads\/2023\/09\/logo21.png","contentUrl":"https:\/\/glass-perfume-bottles.com\/wp-content\/uploads\/2023\/09\/logo21.png","width":342,"height":268,"caption":"HY GLASS"},"image":{"@id":"https:\/\/glass-perfume-bottles.com\/#\/schema\/logo\/image\/"}}]}},"taxonomy_info":{"product_cat":[{"value":51,"label":"Glass Perfume Bottle"}],"product_tag":[{"value":478,"label":"bdk parfum glass bottle manufacturer and wholesaler"},{"value":477,"label":"customized perfume bottle manufacturer"},{"value":476,"label":"Unique perfume bottles wholesale"}]},"featured_image_src_large":["https:\/\/glass-perfume-bottles.com\/wp-content\/uploads\/2025\/08\/BDK-Parfum-Bottle.jpg",720,720,false],"author_info":[],"comment_info":1,"_links":{"self":[{"href":"https:\/\/glass-perfume-bottles.com\/de\/wp-json\/wp\/v2\/product\/3095","targetHints":{"allow":["GET"]}}],"collection":[{"href":"https:\/\/glass-perfume-bottles.com\/de\/wp-json\/wp\/v2\/product"}],"about":[{"href":"https:\/\/glass-perfume-bottles.com\/de\/wp-json\/wp\/v2\/types\/product"}],"replies":[{"embeddable":true,"href":"https:\/\/glass-perfume-bottles.com\/de\/wp-json\/wp\/v2\/comments?post=3095"}],"wp:featuredmedia":[{"embeddable":true,"href":"https:\/\/glass-perfume-bottles.com\/de\/wp-json\/wp\/v2\/media\/3096"}],"wp:attachment":[{"href":"https:\/\/glass-perfume-bottles.com\/de\/wp-json\/wp\/v2\/media?parent=3095"}],"wp:term":[{"taxonomy":"product_brand","embeddable":true,"href":"https:\/\/glass-perfume-bottles.com\/de\/wp-json\/wp\/v2\/product_brand?post=3095"},{"taxonomy":"product_cat","embeddable":true,"href":"https:\/\/glass-perfume-bottles.com\/de\/wp-json\/wp\/v2\/product_cat?post=3095"},{"taxonomy":"product_tag","embeddable":true,"href":"https:\/\/glass-perfume-bottles.com\/de\/wp-json\/wp\/v2\/product_tag?post=3095"}],"curies":[{"name":"wp","href":"https:\/\/api.w.org\/{rel}","templated":true}]}}