{"id":3098,"date":"2025-08-12T09:09:56","date_gmt":"2025-08-12T09:09:56","guid":{"rendered":"https:\/\/glass-perfume-bottles.com\/?post_type=product&#038;p=3098"},"modified":"2025-11-14T21:56:40","modified_gmt":"2025-11-14T21:56:40","slug":"bdk-perfume-bottle-cap-suppliers-and-wholesale","status":"publish","type":"product","link":"https:\/\/glass-perfume-bottles.com\/de\/produkt\/bdk-perfume-bottle-cap-suppliers-and-wholesale\/","title":{"rendered":"Beste Hersteller und Gro\u00dfhandel f\u00fcr Parf\u00fcmflaschenverschl\u00fcsse"},"content":{"rendered":"<table>\n<tbody>\n<tr>\n<td width=\"158\">Produktname<\/td>\n<td width=\"591\">Beste Parf\u00fcmflaschenverschl\u00fcsse<\/td>\n<\/tr>\n<tr>\n<td width=\"158\">Gr\u00f6\u00dfe<\/td>\n<td width=\"591\">Fea 15 (andere Gr\u00f6\u00dfen verf\u00fcgbar)<\/td>\n<\/tr>\n<tr>\n<td width=\"158\">Mindestbestellmenge<\/td>\n<td width=\"591\">10.000 St\u00fcck (da es ein individuelles Design gibt)<\/td>\n<\/tr>\n<tr>\n<td width=\"158\">Farbe<\/td>\n<td width=\"591\">Silber, Gold, Schwarz, Transparent oder Sonderfarbe<\/td>\n<\/tr>\n<tr>\n<td width=\"158\">Verwendung<\/td>\n<td width=\"591\">Parf\u00fcmflasche aus Glas<\/td>\n<\/tr>\n<tr>\n<td width=\"158\">Material<\/td>\n<td width=\"591\">ABS, Metall, Zamak, Kunststoff, Surlyn, Aluminium, Holz, Bambus, Kristall, Glas usw.<\/td>\n<\/tr>\n<tr>\n<td width=\"158\">Kappentyp<\/td>\n<td width=\"591\">Crimpen, Schrauben, Einrasten, Manipulationssicher, Kindersicher<\/td>\n<\/tr>\n<tr>\n<td width=\"158\">Oberfl\u00e4che<\/td>\n<td width=\"591\">Lackieren, Bedrucken, Etikettieren, Aufkleben, Hei\u00dfpr\u00e4gen, Pr\u00e4gen, etc.<\/td>\n<\/tr>\n<tr>\n<td width=\"158\">Probe<\/td>\n<td width=\"591\">Kostenlose Probe, Frachtkosten erforderlich.<\/td>\n<\/tr>\n<tr>\n<td width=\"158\">Transport<\/td>\n<td width=\"591\">FedEx\/DHL\/EMS\/UPS\/TNT\/auf dem Seeweg\/auf dem Luftweg usw.<\/td>\n<\/tr>\n<tr>\n<td width=\"158\">Zahlungsweise<\/td>\n<td width=\"591\">T\/T, L\/C, Western Union, Money Gram, Paypal usw.<\/td>\n<\/tr>\n<tr>\n<td width=\"158\">Lieferzeit<\/td>\n<td width=\"591\">Probe 1\u20132 Tage, Auftragsproduktion 20\u201345 Tage, abh\u00e4ngig von den Auftragsdetails.<\/td>\n<\/tr>\n<tr>\n<td width=\"158\">Service<\/td>\n<td width=\"591\">OEM- und ODM-Service, Designservice, Komplettl\u00f6sung<\/td>\n<\/tr>\n<\/tbody>\n<\/table>\n<p>&nbsp;<\/p>\n<p>Es gibt viele verschiedene Materialien f\u00fcr die besten Parf\u00fcmflaschenverschl\u00fcsse auf dem Markt. Die am h\u00e4ufigsten verwendeten Materialien sind ABS, Acryl, Surlyn, PP, Aluminium, Holz, Zamak, Leder, Glas usw. Die beliebtesten und <a href=\"https:\/\/glass-perfume-bottles.com\/de\/produkt\/wholesale-perfume-bottle-cap-material\/\">innovativer Parf\u00fcmflaschenverschluss<\/a> sind Kunststoffkappen, Aluminiumkappen, Holzkappen und Zamakkappen. Als bester Hersteller und Gro\u00dfh\u00e4ndler von Parf\u00fcmflaschenkappen k\u00f6nnen wir nicht nur Ihre eigene Form f\u00fcr Parf\u00fcmflaschen aus Glas anpassen, sondern auch verschiedene Materialien, Formen und Aufdrucke liefern.<\/p>\n<p>Auch der Verschluss des Parf\u00fcmflakons ist sehr wichtig, damit der <a href=\"https:\/\/www.hyglassbottles.com\/Perfume-Bottle.html\">Parf\u00fcmflaschen<\/a>Die Wahl des Mindestau\u00dfendurchmessers des Flaschenverschlusses h\u00e4ngt vom Verschlussmaterial ab. Bitte \u00fcberpr\u00fcfen Sie die folgende Gr\u00f6\u00dfe bei unterschiedlichem Material.<\/p>\n<p>Zamak: Die Dicke betr\u00e4gt normalerweise mindestens 2 mm.<\/p>\n<p>ABS: Die Dicke betr\u00e4gt etwa 1 mm bis 1,5 mm.<\/p>\n<p>Surlyn: Dicke ca. 2 mm<\/p>\n<p>Holz: Dicke mindestens 2\u20132,5 mm.<\/p>\n<p>Der minimale Au\u00dfendurchmesser der Kappe = Materialst\u00e4rke x 2 + Innenst\u00e4rke der Abdeckung x 2 + Kragendurchmesser. Wir helfen Ihnen gerne, den kleinsten Durchmesser beim ersten Dehnen zu ermitteln und stellen Ihnen bei Bedarf kostenlos 2D-\/3D-Zeichnungen zur Verf\u00fcgung. Bitte kontaktieren Sie uns f\u00fcr weitere Informationen.<\/p>\n<p>&nbsp;<\/p>","protected":false},"excerpt":{"rendered":"<p>Auf dem Markt gibt es die besten Parf\u00fcmflaschenverschl\u00fcsse aus vielen verschiedenen Materialien.<\/p>","protected":false},"featured_media":3099,"comment_status":"open","ping_status":"closed","template":"","meta":{"_kad_blocks_custom_css":"","_kad_blocks_head_custom_js":"","_kad_blocks_body_custom_js":"","_kad_blocks_footer_custom_js":"","_kad_post_transparent":"default","_kad_post_title":"","_kad_post_layout":"default","_kad_post_sidebar_id":"","_kad_post_content_style":"default","_kad_post_vertical_padding":"default","_kad_post_feature":"","_kad_post_feature_position":"","_kad_post_header":false,"_kad_post_footer":false,"_joinchat":[]},"product_brand":[],"product_cat":[52],"product_tag":[472,471,470,469],"class_list":{"0":"post-3098","1":"product","2":"type-product","3":"status-publish","4":"has-post-thumbnail","6":"product_cat-perfume-bottle-caps","7":"product_tag-bdk-perfume-bottle-cap-manufacturer","8":"product_tag-innovative-perfume-caps-suppliers","9":"product_tag-perfume-bottle-caps-15mm-wholesale","10":"product_tag-perfume-spray-nozzle-cap-manufacturers","12":"first","13":"instock","14":"shipping-taxable","15":"product-type-simple","16":"entry","17":"content-bg","18":"loop-entry"},"yoast_head":"<!-- This site is optimized with the Yoast SEO Premium plugin v20.5 (Yoast SEO v24.2) - https:\/\/yoast.com\/wordpress\/plugins\/seo\/ -->\n<title>Best Perfume Bottle Caps Manufacturers and Wholesale<\/title>\n<meta name=\"description\" content=\"Best Perfume Bottle Caps Manufacturers, Perfume spray nozzle cap manufacturers, Perfume bottle caps 15mm wholesale, bdk parfum bottle cap suppliers\" \/>\n<meta name=\"robots\" content=\"index, follow, max-snippet:-1, max-image-preview:large, max-video-preview:-1\" \/>\n<link rel=\"canonical\" href=\"https:\/\/glass-perfume-bottles.com\/de\/produkt\/bdk-perfume-bottle-cap-suppliers-and-wholesale\/\" \/>\n<meta property=\"og:locale\" content=\"de_DE\" \/>\n<meta property=\"og:type\" content=\"article\" \/>\n<meta property=\"og:title\" content=\"Best Perfume Bottle Caps Manufacturers and Wholesale\" \/>\n<meta property=\"og:description\" content=\"Best Perfume Bottle Caps Manufacturers, Perfume spray nozzle cap manufacturers, Perfume bottle caps 15mm wholesale, bdk parfum bottle cap suppliers\" \/>\n<meta property=\"og:url\" content=\"https:\/\/glass-perfume-bottles.com\/de\/produkt\/bdk-perfume-bottle-cap-suppliers-and-wholesale\/\" \/>\n<meta property=\"og:site_name\" content=\"HY GLASS\" \/>\n<meta property=\"article:modified_time\" content=\"2025-11-14T21:56:40+00:00\" \/>\n<meta property=\"og:image\" content=\"https:\/\/glass-perfume-bottles.com\/wp-content\/uploads\/2025\/08\/BDK-perfume-Bottle-Cap.jpg\" \/>\n\t<meta property=\"og:image:width\" content=\"720\" \/>\n\t<meta property=\"og:image:height\" content=\"720\" \/>\n\t<meta property=\"og:image:type\" content=\"image\/jpeg\" \/>\n<meta name=\"twitter:card\" content=\"summary_large_image\" \/>\n<meta name=\"twitter:label1\" content=\"Gesch\u00e4tzte Lesezeit\" \/>\n\t<meta name=\"twitter:data1\" content=\"2\u00a0Minuten\" \/>\n<script type=\"application\/ld+json\" class=\"yoast-schema-graph\">{\"@context\":\"https:\/\/schema.org\",\"@graph\":[{\"@type\":\"WebPage\",\"@id\":\"https:\/\/glass-perfume-bottles.com\/product\/bdk-perfume-bottle-cap-suppliers-and-wholesale\/\",\"url\":\"https:\/\/glass-perfume-bottles.com\/product\/bdk-perfume-bottle-cap-suppliers-and-wholesale\/\",\"name\":\"Best Perfume Bottle Caps Manufacturers and Wholesale\",\"isPartOf\":{\"@id\":\"https:\/\/glass-perfume-bottles.com\/#website\"},\"primaryImageOfPage\":{\"@id\":\"https:\/\/glass-perfume-bottles.com\/product\/bdk-perfume-bottle-cap-suppliers-and-wholesale\/#primaryimage\"},\"image\":{\"@id\":\"https:\/\/glass-perfume-bottles.com\/product\/bdk-perfume-bottle-cap-suppliers-and-wholesale\/#primaryimage\"},\"thumbnailUrl\":\"https:\/\/glass-perfume-bottles.com\/wp-content\/uploads\/2025\/08\/BDK-perfume-Bottle-Cap.jpg\",\"datePublished\":\"2025-08-12T09:09:56+00:00\",\"dateModified\":\"2025-11-14T21:56:40+00:00\",\"description\":\"Best Perfume Bottle Caps Manufacturers, Perfume spray nozzle cap manufacturers, Perfume bottle caps 15mm wholesale, bdk parfum bottle cap suppliers\",\"breadcrumb\":{\"@id\":\"https:\/\/glass-perfume-bottles.com\/product\/bdk-perfume-bottle-cap-suppliers-and-wholesale\/#breadcrumb\"},\"inLanguage\":\"de\",\"potentialAction\":[{\"@type\":\"ReadAction\",\"target\":[\"https:\/\/glass-perfume-bottles.com\/product\/bdk-perfume-bottle-cap-suppliers-and-wholesale\/\"]}]},{\"@type\":\"ImageObject\",\"inLanguage\":\"de\",\"@id\":\"https:\/\/glass-perfume-bottles.com\/product\/bdk-perfume-bottle-cap-suppliers-and-wholesale\/#primaryimage\",\"url\":\"https:\/\/glass-perfume-bottles.com\/wp-content\/uploads\/2025\/08\/BDK-perfume-Bottle-Cap.jpg\",\"contentUrl\":\"https:\/\/glass-perfume-bottles.com\/wp-content\/uploads\/2025\/08\/BDK-perfume-Bottle-Cap.jpg\",\"width\":720,\"height\":720,\"caption\":\"Best Perfume Bottle Caps manufacturers, BDK perfume bottle cap manufacturer\"},{\"@type\":\"BreadcrumbList\",\"@id\":\"https:\/\/glass-perfume-bottles.com\/product\/bdk-perfume-bottle-cap-suppliers-and-wholesale\/#breadcrumb\",\"itemListElement\":[{\"@type\":\"ListItem\",\"position\":1,\"name\":\"Home\",\"item\":\"https:\/\/glass-perfume-bottles.com\/\"},{\"@type\":\"ListItem\",\"position\":2,\"name\":\"Product\",\"item\":\"https:\/\/glass-perfume-bottles.com\/custom-made-perfume-bottle-suppliers-and-wholesale\/\"},{\"@type\":\"ListItem\",\"position\":3,\"name\":\"Best Perfume Bottle Caps Manufacturers and Wholesale\"}]},{\"@type\":\"WebSite\",\"@id\":\"https:\/\/glass-perfume-bottles.com\/#website\",\"url\":\"https:\/\/glass-perfume-bottles.com\/\",\"name\":\"HY GLASS\",\"description\":\"glass perfume bottle manufacturers &amp; suppliers, aroma reed diffuser bottle wholesale &amp; suppliers\",\"publisher\":{\"@id\":\"https:\/\/glass-perfume-bottles.com\/#organization\"},\"potentialAction\":[{\"@type\":\"SearchAction\",\"target\":{\"@type\":\"EntryPoint\",\"urlTemplate\":\"https:\/\/glass-perfume-bottles.com\/?s={search_term_string}\"},\"query-input\":{\"@type\":\"PropertyValueSpecification\",\"valueRequired\":true,\"valueName\":\"search_term_string\"}}],\"inLanguage\":\"de\"},{\"@type\":\"Organization\",\"@id\":\"https:\/\/glass-perfume-bottles.com\/#organization\",\"name\":\"HY GLASS\",\"url\":\"https:\/\/glass-perfume-bottles.com\/\",\"logo\":{\"@type\":\"ImageObject\",\"inLanguage\":\"de\",\"@id\":\"https:\/\/glass-perfume-bottles.com\/#\/schema\/logo\/image\/\",\"url\":\"https:\/\/glass-perfume-bottles.com\/wp-content\/uploads\/2023\/09\/logo21.png\",\"contentUrl\":\"https:\/\/glass-perfume-bottles.com\/wp-content\/uploads\/2023\/09\/logo21.png\",\"width\":342,\"height\":268,\"caption\":\"HY GLASS\"},\"image\":{\"@id\":\"https:\/\/glass-perfume-bottles.com\/#\/schema\/logo\/image\/\"}}]}<\/script>\n<!-- \/ Yoast SEO Premium plugin. -->","yoast_head_json":{"title":"Best Perfume Bottle Caps Manufacturers and Wholesale","description":"Best Perfume Bottle Caps Manufacturers, Perfume spray nozzle cap manufacturers, Perfume bottle caps 15mm wholesale, bdk parfum bottle cap suppliers","robots":{"index":"index","follow":"follow","max-snippet":"max-snippet:-1","max-image-preview":"max-image-preview:large","max-video-preview":"max-video-preview:-1"},"canonical":"https:\/\/glass-perfume-bottles.com\/de\/produkt\/bdk-perfume-bottle-cap-suppliers-and-wholesale\/","og_locale":"de_DE","og_type":"article","og_title":"Best Perfume Bottle Caps Manufacturers and Wholesale","og_description":"Best Perfume Bottle Caps Manufacturers, Perfume spray nozzle cap manufacturers, Perfume bottle caps 15mm wholesale, bdk parfum bottle cap suppliers","og_url":"https:\/\/glass-perfume-bottles.com\/de\/produkt\/bdk-perfume-bottle-cap-suppliers-and-wholesale\/","og_site_name":"HY GLASS","article_modified_time":"2025-11-14T21:56:40+00:00","og_image":[{"width":720,"height":720,"url":"https:\/\/glass-perfume-bottles.com\/wp-content\/uploads\/2025\/08\/BDK-perfume-Bottle-Cap.jpg","type":"image\/jpeg"}],"twitter_card":"summary_large_image","twitter_misc":{"Gesch\u00e4tzte Lesezeit":"2\u00a0Minuten"},"schema":{"@context":"https:\/\/schema.org","@graph":[{"@type":"WebPage","@id":"https:\/\/glass-perfume-bottles.com\/product\/bdk-perfume-bottle-cap-suppliers-and-wholesale\/","url":"https:\/\/glass-perfume-bottles.com\/product\/bdk-perfume-bottle-cap-suppliers-and-wholesale\/","name":"Best Perfume Bottle Caps Manufacturers and Wholesale","isPartOf":{"@id":"https:\/\/glass-perfume-bottles.com\/#website"},"primaryImageOfPage":{"@id":"https:\/\/glass-perfume-bottles.com\/product\/bdk-perfume-bottle-cap-suppliers-and-wholesale\/#primaryimage"},"image":{"@id":"https:\/\/glass-perfume-bottles.com\/product\/bdk-perfume-bottle-cap-suppliers-and-wholesale\/#primaryimage"},"thumbnailUrl":"https:\/\/glass-perfume-bottles.com\/wp-content\/uploads\/2025\/08\/BDK-perfume-Bottle-Cap.jpg","datePublished":"2025-08-12T09:09:56+00:00","dateModified":"2025-11-14T21:56:40+00:00","description":"Best Perfume Bottle Caps Manufacturers, Perfume spray nozzle cap manufacturers, Perfume bottle caps 15mm wholesale, bdk parfum bottle cap suppliers","breadcrumb":{"@id":"https:\/\/glass-perfume-bottles.com\/product\/bdk-perfume-bottle-cap-suppliers-and-wholesale\/#breadcrumb"},"inLanguage":"de","potentialAction":[{"@type":"ReadAction","target":["https:\/\/glass-perfume-bottles.com\/product\/bdk-perfume-bottle-cap-suppliers-and-wholesale\/"]}]},{"@type":"ImageObject","inLanguage":"de","@id":"https:\/\/glass-perfume-bottles.com\/product\/bdk-perfume-bottle-cap-suppliers-and-wholesale\/#primaryimage","url":"https:\/\/glass-perfume-bottles.com\/wp-content\/uploads\/2025\/08\/BDK-perfume-Bottle-Cap.jpg","contentUrl":"https:\/\/glass-perfume-bottles.com\/wp-content\/uploads\/2025\/08\/BDK-perfume-Bottle-Cap.jpg","width":720,"height":720,"caption":"Best Perfume Bottle Caps manufacturers, BDK perfume bottle cap manufacturer"},{"@type":"BreadcrumbList","@id":"https:\/\/glass-perfume-bottles.com\/product\/bdk-perfume-bottle-cap-suppliers-and-wholesale\/#breadcrumb","itemListElement":[{"@type":"ListItem","position":1,"name":"Home","item":"https:\/\/glass-perfume-bottles.com\/"},{"@type":"ListItem","position":2,"name":"Product","item":"https:\/\/glass-perfume-bottles.com\/custom-made-perfume-bottle-suppliers-and-wholesale\/"},{"@type":"ListItem","position":3,"name":"Best Perfume Bottle Caps Manufacturers and Wholesale"}]},{"@type":"WebSite","@id":"https:\/\/glass-perfume-bottles.com\/#website","url":"https:\/\/glass-perfume-bottles.com\/","name":"HY GLASS","description":"glass perfume bottle manufacturers &amp; suppliers, aroma reed diffuser bottle wholesale &amp; suppliers","publisher":{"@id":"https:\/\/glass-perfume-bottles.com\/#organization"},"potentialAction":[{"@type":"SearchAction","target":{"@type":"EntryPoint","urlTemplate":"https:\/\/glass-perfume-bottles.com\/?s={search_term_string}"},"query-input":{"@type":"PropertyValueSpecification","valueRequired":true,"valueName":"search_term_string"}}],"inLanguage":"de"},{"@type":"Organization","@id":"https:\/\/glass-perfume-bottles.com\/#organization","name":"HY GLASS","url":"https:\/\/glass-perfume-bottles.com\/","logo":{"@type":"ImageObject","inLanguage":"de","@id":"https:\/\/glass-perfume-bottles.com\/#\/schema\/logo\/image\/","url":"https:\/\/glass-perfume-bottles.com\/wp-content\/uploads\/2023\/09\/logo21.png","contentUrl":"https:\/\/glass-perfume-bottles.com\/wp-content\/uploads\/2023\/09\/logo21.png","width":342,"height":268,"caption":"HY GLASS"},"image":{"@id":"https:\/\/glass-perfume-bottles.com\/#\/schema\/logo\/image\/"}}]}},"taxonomy_info":{"product_cat":[{"value":52,"label":"Perfume Bottle Cap"}],"product_tag":[{"value":472,"label":"BDK perfume bottle cap manufacturer"},{"value":471,"label":"Innovative perfume caps suppliers"},{"value":470,"label":"Perfume bottle caps 15mm wholesale"},{"value":469,"label":"Perfume spray nozzle cap manufacturers"}]},"featured_image_src_large":["https:\/\/glass-perfume-bottles.com\/wp-content\/uploads\/2025\/08\/BDK-perfume-Bottle-Cap.jpg",720,720,false],"author_info":[],"comment_info":1,"_links":{"self":[{"href":"https:\/\/glass-perfume-bottles.com\/de\/wp-json\/wp\/v2\/product\/3098","targetHints":{"allow":["GET"]}}],"collection":[{"href":"https:\/\/glass-perfume-bottles.com\/de\/wp-json\/wp\/v2\/product"}],"about":[{"href":"https:\/\/glass-perfume-bottles.com\/de\/wp-json\/wp\/v2\/types\/product"}],"replies":[{"embeddable":true,"href":"https:\/\/glass-perfume-bottles.com\/de\/wp-json\/wp\/v2\/comments?post=3098"}],"wp:featuredmedia":[{"embeddable":true,"href":"https:\/\/glass-perfume-bottles.com\/de\/wp-json\/wp\/v2\/media\/3099"}],"wp:attachment":[{"href":"https:\/\/glass-perfume-bottles.com\/de\/wp-json\/wp\/v2\/media?parent=3098"}],"wp:term":[{"taxonomy":"product_brand","embeddable":true,"href":"https:\/\/glass-perfume-bottles.com\/de\/wp-json\/wp\/v2\/product_brand?post=3098"},{"taxonomy":"product_cat","embeddable":true,"href":"https:\/\/glass-perfume-bottles.com\/de\/wp-json\/wp\/v2\/product_cat?post=3098"},{"taxonomy":"product_tag","embeddable":true,"href":"https:\/\/glass-perfume-bottles.com\/de\/wp-json\/wp\/v2\/product_tag?post=3098"}],"curies":[{"name":"wp","href":"https:\/\/api.w.org\/{rel}","templated":true}]}}