{"id":3121,"date":"2025-09-01T09:27:34","date_gmt":"2025-09-01T09:27:34","guid":{"rendered":"https:\/\/glass-perfume-bottles.com\/?post_type=product&#038;p=3121"},"modified":"2025-11-14T21:57:49","modified_gmt":"2025-11-14T21:57:49","slug":"glass-cylindrical-perfume-bottles","status":"publish","type":"product","link":"https:\/\/glass-perfume-bottles.com\/de\/produkt\/glass-cylindrical-perfume-bottles\/","title":{"rendered":"Zylindrische Parf\u00fcmflaschen aus Glas"},"content":{"rendered":"<table>\n<tbody>\n<tr>\n<td width=\"158\">Produktname<\/td>\n<td width=\"591\">Zylindrische Parf\u00fcmflaschen aus Glas<\/td>\n<\/tr>\n<tr>\n<td width=\"158\">Kapazit\u00e4t<\/td>\n<td width=\"591\">30 ml, 50 ml, 100 ml oder andere individuelle Gr\u00f6\u00dfen<\/td>\n<\/tr>\n<tr>\n<td width=\"158\">Gr\u00f6\u00dfe<\/td>\n<td width=\"591\">30 ml 41 x 96 mm, 50 ml 45 x 110 mm, 100 ml 55 x 125 mm<\/td>\n<\/tr>\n<tr>\n<td width=\"158\">Gewicht<\/td>\n<td width=\"591\">105 g, 135 g, 225 g<\/td>\n<\/tr>\n<tr>\n<td width=\"158\">Material<\/td>\n<td width=\"591\">Kristallwei\u00dfes Glas<\/td>\n<\/tr>\n<tr>\n<td width=\"158\">Geh\u00e4usefarbe<\/td>\n<td width=\"591\">Transparent, mattiert, rot, schwarz, blau, mattiert, gr\u00fcn, rosa oder in einer individuellen Farbe<\/td>\n<\/tr>\n<tr>\n<td width=\"158\">Oberfl\u00e4chenbehandlung<\/td>\n<td width=\"591\">Siebdruck, Hei\u00dfpr\u00e4gung, Mattierung, Metallisierung, Beflockung, Holografie, Marmorierung, Abziehbilder usw.<\/td>\n<\/tr>\n<tr>\n<td width=\"158\">Verwendung<\/td>\n<td width=\"591\">\u00a0Verpackung Parf\u00fcm\u00f6l\/\u00e4therisches \u00d6l\/Deodorant\/Lufterfrischer\/Parf\u00fcm\/Serum\/\u00e4therisches \u00d6l\/Toner<\/td>\n<\/tr>\n<tr>\n<td width=\"158\">Verpackung<\/td>\n<td width=\"591\">Exportkarton dann Sperrholzpalette,<\/td>\n<\/tr>\n<tr>\n<td width=\"158\">Mindestbestellmenge<\/td>\n<td width=\"591\">1.000 St\u00fcck (da es ein individuelles Design gibt)<\/td>\n<\/tr>\n<tr>\n<td width=\"158\">Probe<\/td>\n<td width=\"591\">Kostenlose Probe, Frachtkosten erforderlich.<\/td>\n<\/tr>\n<tr>\n<td width=\"158\">Transport<\/td>\n<td width=\"591\">FedEx\/DHL\/EMS\/UPS\/TNT\/auf dem Seeweg\/auf dem Luftweg usw.<\/td>\n<\/tr>\n<tr>\n<td width=\"158\">Zahlungsweise<\/td>\n<td width=\"591\">T\/T, L\/C, Western Union, MoneyGram, Paypal usw.<\/td>\n<\/tr>\n<tr>\n<td width=\"158\">Lieferzeit<\/td>\n<td width=\"591\">Probe 1\u20132 Tage, Auftragsproduktion 20\u201345 Tage, abh\u00e4ngig von den Auftragsdetails.<\/td>\n<\/tr>\n<tr>\n<td width=\"158\">Service<\/td>\n<td width=\"591\">OEM- und ODM-Glasflaschenservice, Designservice, Komplettl\u00f6sung<\/td>\n<\/tr>\n<\/tbody>\n<\/table>\n<p>Zylindrische Glasflakons eignen sich ideal zum Abf\u00fcllen von Parfums, \u00e4therischen \u00d6len und anderen Hautpflege- und Kosmetikprodukten. Sie sind in verschiedenen Gr\u00f6\u00dfen und Farben erh\u00e4ltlich. Auch verschiedene Verschlussarten stehen zur Auswahl. Dar\u00fcber hinaus verleiht dieser besondere Flakon Ihrem Parfum eine einzigartige, exotische und modische Note. Die elegante Form des Flakons spiegelt die Raffinesse des darin enthaltenen Duftes wider.<\/p>\n<p>Als Glas <a href=\"https:\/\/www.hyglassbottles.com\/product\/Customize-150ml-glass-aroma-reed-diffuser-bottle-with-cap-factory.html\">Lieferanten von zylindrischen Parf\u00fcmflaschen<\/a>Wir gestalten Ihr individuelles Private Label mit luxuri\u00f6sen Designs. Unsere Premium-Etiketten werten die Pr\u00e4sentation Ihrer Parf\u00fcmflakons auf, die f\u00fcr den t\u00e4glichen Gebrauch konzipiert sind. Die Etiketten bedrucken wir gl\u00e4nzend oder matt mit Gold- oder Silberpr\u00e4gung f\u00fcr Ihr Logo und andere Details. Verschiedene Veredelungsmethoden verleihen Ihren Flakons eine edle Note. Gerne realisieren wir auch mehrfarbige Drucke, die Ihre Markenvision perfekt umsetzen.<\/p>\n<p>Wir f\u00fchren eine gro\u00dfe Auswahl an zylindrischen Glasparf\u00fcmflakons in verschiedenen Gr\u00f6\u00dfen und Formen. Abschlie\u00dfend m\u00f6chten wir Ihnen professionelle und langlebige Produkte anbieten. <a href=\"https:\/\/glass-perfume-bottles.com\/de\/produkt\/luxury-30ml-cylinder-glass-scent-perfume-bottle-with-ball-lid-supplier\/\">individuelle Etikettenl\u00f6sungen Flaschen<\/a> Sowohl f\u00fcr den Einzel- als auch f\u00fcr den Gro\u00dfhandel. Wenn Sie Ihre Parf\u00fcmflaschen individuell mit Ihrem Private Label versehen m\u00f6chten, kontaktieren Sie uns gerne f\u00fcr weitere Informationen.<\/p>","protected":false},"excerpt":{"rendered":"<p>Als Hersteller und Gro\u00dfh\u00e4ndler von kundenspezifischen Parf\u00fcmflaschen konzentrieren wir uns auf die Herstellung von Glasflaschen mit unterschiedlichen Veredelungen wie Siebdruck, Hei\u00dfpr\u00e4gung, Aufkleber, UV-Beschichtung usw.<\/p>","protected":false},"featured_media":3122,"comment_status":"open","ping_status":"closed","template":"","meta":{"_kad_blocks_custom_css":"","_kad_blocks_head_custom_js":"","_kad_blocks_body_custom_js":"","_kad_blocks_footer_custom_js":"","_kad_post_transparent":"default","_kad_post_title":"","_kad_post_layout":"default","_kad_post_sidebar_id":"","_kad_post_content_style":"default","_kad_post_vertical_padding":"default","_kad_post_feature":"","_kad_post_feature_position":"","_kad_post_header":false,"_kad_post_footer":false,"_joinchat":[]},"product_brand":[],"product_cat":[51],"product_tag":[483,481,480,479,482],"class_list":{"0":"post-3121","1":"product","2":"type-product","3":"status-publish","4":"has-post-thumbnail","6":"product_cat-glass-perfume-bottles","7":"product_tag-custom-cylinder-perfume-bottle-factory","8":"product_tag-cylinder-cologne-bottles-wholesale","9":"product_tag-different-size-perfume-bottles-manufacturer","10":"product_tag-glass-cylindrical-perfume-bottles-suppliers","11":"product_tag-refill-perfume-bottles-custom","13":"first","14":"instock","15":"shipping-taxable","16":"product-type-simple","17":"entry","18":"content-bg","19":"loop-entry"},"yoast_head":"<!-- This site is optimized with the Yoast SEO Premium plugin v20.5 (Yoast SEO v24.2) - https:\/\/yoast.com\/wordpress\/plugins\/seo\/ -->\n<title>Glass cylindrical perfume bottles manufacturer and wholesaler<\/title>\n<meta name=\"description\" content=\"As a glass cylindrical perfume bottles manufacturers and suppliers, we can customize your own private label bottle with luxury designs.\" \/>\n<meta name=\"robots\" content=\"index, follow, max-snippet:-1, max-image-preview:large, max-video-preview:-1\" \/>\n<link rel=\"canonical\" href=\"https:\/\/glass-perfume-bottles.com\/de\/produkt\/glass-cylindrical-perfume-bottles\/\" \/>\n<meta property=\"og:locale\" content=\"de_DE\" \/>\n<meta property=\"og:type\" content=\"article\" \/>\n<meta property=\"og:title\" content=\"Glass cylindrical perfume bottles\" \/>\n<meta property=\"og:description\" content=\"As a glass cylindrical perfume bottles manufacturers and suppliers, we can customize your own private label bottle with luxury designs.\" \/>\n<meta property=\"og:url\" content=\"https:\/\/glass-perfume-bottles.com\/de\/produkt\/glass-cylindrical-perfume-bottles\/\" \/>\n<meta property=\"og:site_name\" content=\"HY GLASS\" \/>\n<meta property=\"article:modified_time\" content=\"2025-11-14T21:57:49+00:00\" \/>\n<meta property=\"og:image\" content=\"https:\/\/glass-perfume-bottles.com\/wp-content\/uploads\/2025\/09\/perfume-bottle-3.jpg\" \/>\n\t<meta property=\"og:image:width\" content=\"720\" \/>\n\t<meta property=\"og:image:height\" content=\"720\" \/>\n\t<meta property=\"og:image:type\" content=\"image\/jpeg\" \/>\n<meta name=\"twitter:card\" content=\"summary_large_image\" \/>\n<meta name=\"twitter:label1\" content=\"Gesch\u00e4tzte Lesezeit\" \/>\n\t<meta name=\"twitter:data1\" content=\"2\u00a0Minuten\" \/>\n<script type=\"application\/ld+json\" class=\"yoast-schema-graph\">{\"@context\":\"https:\/\/schema.org\",\"@graph\":[{\"@type\":\"WebPage\",\"@id\":\"https:\/\/glass-perfume-bottles.com\/product\/glass-cylindrical-perfume-bottles\/\",\"url\":\"https:\/\/glass-perfume-bottles.com\/product\/glass-cylindrical-perfume-bottles\/\",\"name\":\"Glass cylindrical perfume bottles manufacturer and wholesaler\",\"isPartOf\":{\"@id\":\"https:\/\/glass-perfume-bottles.com\/#website\"},\"primaryImageOfPage\":{\"@id\":\"https:\/\/glass-perfume-bottles.com\/product\/glass-cylindrical-perfume-bottles\/#primaryimage\"},\"image\":{\"@id\":\"https:\/\/glass-perfume-bottles.com\/product\/glass-cylindrical-perfume-bottles\/#primaryimage\"},\"thumbnailUrl\":\"https:\/\/glass-perfume-bottles.com\/wp-content\/uploads\/2025\/09\/perfume-bottle-3.jpg\",\"datePublished\":\"2025-09-01T09:27:34+00:00\",\"dateModified\":\"2025-11-14T21:57:49+00:00\",\"description\":\"As a glass cylindrical perfume bottles manufacturers and suppliers, we can customize your own private label bottle with luxury designs.\",\"breadcrumb\":{\"@id\":\"https:\/\/glass-perfume-bottles.com\/product\/glass-cylindrical-perfume-bottles\/#breadcrumb\"},\"inLanguage\":\"de\",\"potentialAction\":[{\"@type\":\"ReadAction\",\"target\":[\"https:\/\/glass-perfume-bottles.com\/product\/glass-cylindrical-perfume-bottles\/\"]}]},{\"@type\":\"ImageObject\",\"inLanguage\":\"de\",\"@id\":\"https:\/\/glass-perfume-bottles.com\/product\/glass-cylindrical-perfume-bottles\/#primaryimage\",\"url\":\"https:\/\/glass-perfume-bottles.com\/wp-content\/uploads\/2025\/09\/perfume-bottle-3.jpg\",\"contentUrl\":\"https:\/\/glass-perfume-bottles.com\/wp-content\/uploads\/2025\/09\/perfume-bottle-3.jpg\",\"width\":720,\"height\":720,\"caption\":\"Cylinder perfume bottle manufacturer, cylinder perfume bottle design, white cylinder perfume bottle suppliers, glass cylinder perfume bottle wholesale\"},{\"@type\":\"BreadcrumbList\",\"@id\":\"https:\/\/glass-perfume-bottles.com\/product\/glass-cylindrical-perfume-bottles\/#breadcrumb\",\"itemListElement\":[{\"@type\":\"ListItem\",\"position\":1,\"name\":\"Home\",\"item\":\"https:\/\/glass-perfume-bottles.com\/\"},{\"@type\":\"ListItem\",\"position\":2,\"name\":\"Product\",\"item\":\"https:\/\/glass-perfume-bottles.com\/custom-made-perfume-bottle-suppliers-and-wholesale\/\"},{\"@type\":\"ListItem\",\"position\":3,\"name\":\"Glass cylindrical perfume bottles\"}]},{\"@type\":\"WebSite\",\"@id\":\"https:\/\/glass-perfume-bottles.com\/#website\",\"url\":\"https:\/\/glass-perfume-bottles.com\/\",\"name\":\"HY GLASS\",\"description\":\"glass perfume bottle manufacturers &amp; suppliers, aroma reed diffuser bottle wholesale &amp; suppliers\",\"publisher\":{\"@id\":\"https:\/\/glass-perfume-bottles.com\/#organization\"},\"potentialAction\":[{\"@type\":\"SearchAction\",\"target\":{\"@type\":\"EntryPoint\",\"urlTemplate\":\"https:\/\/glass-perfume-bottles.com\/?s={search_term_string}\"},\"query-input\":{\"@type\":\"PropertyValueSpecification\",\"valueRequired\":true,\"valueName\":\"search_term_string\"}}],\"inLanguage\":\"de\"},{\"@type\":\"Organization\",\"@id\":\"https:\/\/glass-perfume-bottles.com\/#organization\",\"name\":\"HY GLASS\",\"url\":\"https:\/\/glass-perfume-bottles.com\/\",\"logo\":{\"@type\":\"ImageObject\",\"inLanguage\":\"de\",\"@id\":\"https:\/\/glass-perfume-bottles.com\/#\/schema\/logo\/image\/\",\"url\":\"https:\/\/glass-perfume-bottles.com\/wp-content\/uploads\/2023\/09\/logo21.png\",\"contentUrl\":\"https:\/\/glass-perfume-bottles.com\/wp-content\/uploads\/2023\/09\/logo21.png\",\"width\":342,\"height\":268,\"caption\":\"HY GLASS\"},\"image\":{\"@id\":\"https:\/\/glass-perfume-bottles.com\/#\/schema\/logo\/image\/\"}}]}<\/script>\n<!-- \/ Yoast SEO Premium plugin. -->","yoast_head_json":{"title":"Glass cylindrical perfume bottles manufacturer and wholesaler","description":"As a glass cylindrical perfume bottles manufacturers and suppliers, we can customize your own private label bottle with luxury designs.","robots":{"index":"index","follow":"follow","max-snippet":"max-snippet:-1","max-image-preview":"max-image-preview:large","max-video-preview":"max-video-preview:-1"},"canonical":"https:\/\/glass-perfume-bottles.com\/de\/produkt\/glass-cylindrical-perfume-bottles\/","og_locale":"de_DE","og_type":"article","og_title":"Glass cylindrical perfume bottles","og_description":"As a glass cylindrical perfume bottles manufacturers and suppliers, we can customize your own private label bottle with luxury designs.","og_url":"https:\/\/glass-perfume-bottles.com\/de\/produkt\/glass-cylindrical-perfume-bottles\/","og_site_name":"HY GLASS","article_modified_time":"2025-11-14T21:57:49+00:00","og_image":[{"width":720,"height":720,"url":"https:\/\/glass-perfume-bottles.com\/wp-content\/uploads\/2025\/09\/perfume-bottle-3.jpg","type":"image\/jpeg"}],"twitter_card":"summary_large_image","twitter_misc":{"Gesch\u00e4tzte Lesezeit":"2\u00a0Minuten"},"schema":{"@context":"https:\/\/schema.org","@graph":[{"@type":"WebPage","@id":"https:\/\/glass-perfume-bottles.com\/product\/glass-cylindrical-perfume-bottles\/","url":"https:\/\/glass-perfume-bottles.com\/product\/glass-cylindrical-perfume-bottles\/","name":"Glass cylindrical perfume bottles manufacturer and wholesaler","isPartOf":{"@id":"https:\/\/glass-perfume-bottles.com\/#website"},"primaryImageOfPage":{"@id":"https:\/\/glass-perfume-bottles.com\/product\/glass-cylindrical-perfume-bottles\/#primaryimage"},"image":{"@id":"https:\/\/glass-perfume-bottles.com\/product\/glass-cylindrical-perfume-bottles\/#primaryimage"},"thumbnailUrl":"https:\/\/glass-perfume-bottles.com\/wp-content\/uploads\/2025\/09\/perfume-bottle-3.jpg","datePublished":"2025-09-01T09:27:34+00:00","dateModified":"2025-11-14T21:57:49+00:00","description":"As a glass cylindrical perfume bottles manufacturers and suppliers, we can customize your own private label bottle with luxury designs.","breadcrumb":{"@id":"https:\/\/glass-perfume-bottles.com\/product\/glass-cylindrical-perfume-bottles\/#breadcrumb"},"inLanguage":"de","potentialAction":[{"@type":"ReadAction","target":["https:\/\/glass-perfume-bottles.com\/product\/glass-cylindrical-perfume-bottles\/"]}]},{"@type":"ImageObject","inLanguage":"de","@id":"https:\/\/glass-perfume-bottles.com\/product\/glass-cylindrical-perfume-bottles\/#primaryimage","url":"https:\/\/glass-perfume-bottles.com\/wp-content\/uploads\/2025\/09\/perfume-bottle-3.jpg","contentUrl":"https:\/\/glass-perfume-bottles.com\/wp-content\/uploads\/2025\/09\/perfume-bottle-3.jpg","width":720,"height":720,"caption":"Cylinder perfume bottle manufacturer, cylinder perfume bottle design, white cylinder perfume bottle suppliers, glass cylinder perfume bottle wholesale"},{"@type":"BreadcrumbList","@id":"https:\/\/glass-perfume-bottles.com\/product\/glass-cylindrical-perfume-bottles\/#breadcrumb","itemListElement":[{"@type":"ListItem","position":1,"name":"Home","item":"https:\/\/glass-perfume-bottles.com\/"},{"@type":"ListItem","position":2,"name":"Product","item":"https:\/\/glass-perfume-bottles.com\/custom-made-perfume-bottle-suppliers-and-wholesale\/"},{"@type":"ListItem","position":3,"name":"Glass cylindrical perfume bottles"}]},{"@type":"WebSite","@id":"https:\/\/glass-perfume-bottles.com\/#website","url":"https:\/\/glass-perfume-bottles.com\/","name":"HY GLASS","description":"glass perfume bottle manufacturers &amp; suppliers, aroma reed diffuser bottle wholesale &amp; suppliers","publisher":{"@id":"https:\/\/glass-perfume-bottles.com\/#organization"},"potentialAction":[{"@type":"SearchAction","target":{"@type":"EntryPoint","urlTemplate":"https:\/\/glass-perfume-bottles.com\/?s={search_term_string}"},"query-input":{"@type":"PropertyValueSpecification","valueRequired":true,"valueName":"search_term_string"}}],"inLanguage":"de"},{"@type":"Organization","@id":"https:\/\/glass-perfume-bottles.com\/#organization","name":"HY GLASS","url":"https:\/\/glass-perfume-bottles.com\/","logo":{"@type":"ImageObject","inLanguage":"de","@id":"https:\/\/glass-perfume-bottles.com\/#\/schema\/logo\/image\/","url":"https:\/\/glass-perfume-bottles.com\/wp-content\/uploads\/2023\/09\/logo21.png","contentUrl":"https:\/\/glass-perfume-bottles.com\/wp-content\/uploads\/2023\/09\/logo21.png","width":342,"height":268,"caption":"HY GLASS"},"image":{"@id":"https:\/\/glass-perfume-bottles.com\/#\/schema\/logo\/image\/"}}]}},"taxonomy_info":{"product_cat":[{"value":51,"label":"Glass Perfume Bottle"}],"product_tag":[{"value":483,"label":"custom cylinder perfume bottle factory"},{"value":481,"label":"cylinder cologne bottles wholesale"},{"value":480,"label":"different size perfume bottles manufacturer"},{"value":479,"label":"Glass cylindrical perfume bottles suppliers"},{"value":482,"label":"refill perfume bottles custom"}]},"featured_image_src_large":["https:\/\/glass-perfume-bottles.com\/wp-content\/uploads\/2025\/09\/perfume-bottle-3.jpg",720,720,false],"author_info":[],"comment_info":1,"_links":{"self":[{"href":"https:\/\/glass-perfume-bottles.com\/de\/wp-json\/wp\/v2\/product\/3121","targetHints":{"allow":["GET"]}}],"collection":[{"href":"https:\/\/glass-perfume-bottles.com\/de\/wp-json\/wp\/v2\/product"}],"about":[{"href":"https:\/\/glass-perfume-bottles.com\/de\/wp-json\/wp\/v2\/types\/product"}],"replies":[{"embeddable":true,"href":"https:\/\/glass-perfume-bottles.com\/de\/wp-json\/wp\/v2\/comments?post=3121"}],"wp:featuredmedia":[{"embeddable":true,"href":"https:\/\/glass-perfume-bottles.com\/de\/wp-json\/wp\/v2\/media\/3122"}],"wp:attachment":[{"href":"https:\/\/glass-perfume-bottles.com\/de\/wp-json\/wp\/v2\/media?parent=3121"}],"wp:term":[{"taxonomy":"product_brand","embeddable":true,"href":"https:\/\/glass-perfume-bottles.com\/de\/wp-json\/wp\/v2\/product_brand?post=3121"},{"taxonomy":"product_cat","embeddable":true,"href":"https:\/\/glass-perfume-bottles.com\/de\/wp-json\/wp\/v2\/product_cat?post=3121"},{"taxonomy":"product_tag","embeddable":true,"href":"https:\/\/glass-perfume-bottles.com\/de\/wp-json\/wp\/v2\/product_tag?post=3121"}],"curies":[{"name":"wp","href":"https:\/\/api.w.org\/{rel}","templated":true}]}}