{"id":3131,"date":"2025-11-10T10:11:31","date_gmt":"2025-11-10T10:11:31","guid":{"rendered":"https:\/\/glass-perfume-bottles.com\/?post_type=product&#038;p=3131"},"modified":"2025-11-25T10:18:51","modified_gmt":"2025-11-25T10:18:51","slug":"viktor-matte-black-perfume-bottles-wholesale","status":"publish","type":"product","link":"https:\/\/glass-perfume-bottles.com\/de\/produkt\/viktor-matte-black-perfume-bottles-wholesale\/","title":{"rendered":"Viktor Parf\u00fcmflaschen in Mattschwarz im Gro\u00dfhandel"},"content":{"rendered":"<table>\n<tbody>\n<tr>\n<td width=\"158\">Produktname<\/td>\n<td width=\"591\">Viktor Parf\u00fcmflaschen in Mattschwarz im Gro\u00dfhandel<\/td>\n<\/tr>\n<tr>\n<td width=\"158\">Kapazit\u00e4t<\/td>\n<td width=\"591\">20 ml, 30 ml, 50 ml, 100 ml oder andere individuelle Gr\u00f6\u00dfen<\/td>\n<\/tr>\n<tr>\n<td width=\"158\">Gr\u00f6\u00dfe<\/td>\n<td width=\"591\">20 ml 40 x 74 mm, 30 ml 46 x 81 mm, 50 ml 53 x 97 mm, 100 ml 66 x 114 mm<\/td>\n<\/tr>\n<tr>\n<td width=\"158\">Gewicht<\/td>\n<td width=\"591\">20 ml 45 g, 30 ml 70 g, 50 ml 100 g, 100 ml 150 g<\/td>\n<\/tr>\n<tr>\n<td width=\"158\">Material<\/td>\n<td width=\"591\">Kristallwei\u00dfes Glas<\/td>\n<\/tr>\n<tr>\n<td width=\"158\">Geh\u00e4usefarbe<\/td>\n<td width=\"591\">Transparent, matt, satiniert, rot, schwarz, blau, satiniert, gr\u00fcn, rosa oder in einer individuellen Farbe<\/td>\n<\/tr>\n<tr>\n<td width=\"158\">Oberfl\u00e4chenbehandlung<\/td>\n<td width=\"591\">Siebdruck, Hei\u00dfpr\u00e4gung, Mattierung, Metallisierung, Beflockung, Holografie, Marmorierung, Abziehbilder usw.<\/td>\n<\/tr>\n<tr>\n<td width=\"158\">Verwendung<\/td>\n<td width=\"591\">\u00a0Verpackung Parf\u00fcm\u00f6l\/\u00e4therisches \u00d6l\/Deodorant\/Lufterfrischer\/Parf\u00fcm\/Serum\/\u00e4therisches \u00d6l\/Toner<\/td>\n<\/tr>\n<tr>\n<td width=\"158\">Verpackung<\/td>\n<td width=\"591\">Exportkarton dann Sperrholzpalette,<\/td>\n<\/tr>\n<tr>\n<td width=\"158\">Mindestbestellmenge<\/td>\n<td width=\"591\">1.000 St\u00fcck (da es ein individuelles Design gibt)<\/td>\n<\/tr>\n<tr>\n<td width=\"158\">Probe<\/td>\n<td width=\"591\">Kostenlose Probe, Frachtkosten erforderlich.<\/td>\n<\/tr>\n<tr>\n<td width=\"158\">Transport<\/td>\n<td width=\"591\">FedEx\/DHL\/EMS\/UPS\/TNT\/auf dem Seeweg\/auf dem Luftweg usw.<\/td>\n<\/tr>\n<tr>\n<td width=\"158\">Zahlungsweise<\/td>\n<td width=\"591\">T\/T, L\/C, Western Union, MoneyGram, Paypal usw.<\/td>\n<\/tr>\n<tr>\n<td width=\"158\">Lieferzeit<\/td>\n<td width=\"591\">Probe 1\u20132 Tage, Auftragsproduktion 20\u201345 Tage, abh\u00e4ngig von den Auftragsdetails.<\/td>\n<\/tr>\n<tr>\n<td width=\"158\">Service<\/td>\n<td width=\"591\">OEM- und ODM-Glasflaschenservice, Designservice, Komplettl\u00f6sung<\/td>\n<\/tr>\n<\/tbody>\n<\/table>\n<p>Die mattschwarzen Parf\u00fcmflakons der Viktor-Serie umfassen rechteckige Flakons f\u00fcr Parf\u00fcm oder \u00e4therische \u00d6le. Sie sind in verschiedenen Gr\u00f6\u00dfen erh\u00e4ltlich: 20 ml, 30 ml, 50 ml und 100 ml. Die Glasflakons zeichnen sich durch einen dicken Boden und schr\u00e4ge Innenw\u00e4nde aus, was ihnen eine ansprechende Optik und einen eleganten Look verleiht. Dank des robusten Bodens wirken sie besonders widerstandsf\u00e4hig und eignen sich daher ideal als Verpackung f\u00fcr Parf\u00fcm oder \u00e4therische \u00d6le.<\/p>\n<h6>Verschiedene Glasflaschengr\u00f6\u00dfen auf Lager<\/h6>\n<p>Als Profi <a href=\"https:\/\/glass-perfume-bottles.com\/de\/produkt\/100ml-perfume-glass-bottle-wholesale\/\">Hersteller von Parf\u00fcmflaschen<\/a>Wir fertigen Flakons nach Ihren individuellen Logo-Designs. Beispielsweise k\u00f6nnen Sie hochwertige Parf\u00fcmetiketten hinzuf\u00fcgen, um die Pr\u00e4sentation Ihrer Flakons zu optimieren. Die Victor-Parf\u00fcmflasche in Mattschwarz wird \u00fcblicherweise mit einer matten Oberfl\u00e4che gefertigt, die f\u00fcr ein edles Erscheinungsbild sorgt. Dar\u00fcber hinaus sind verschiedene Veredelungen wie Etikettierung, Logo-Hei\u00dfpr\u00e4gung, Logo-Siebdruck und weitere Optionen m\u00f6glich. Wir bieten Ihnen mehrfarbige Druckverfahren, die perfekt zu Ihrer Marken\u00e4sthetik passen.<\/p>\n<p>Wenn Sie daran interessiert sind <a href=\"https:\/\/www.hyglassbottles.com\/product\/100ml-Luxury-glass-perfume-bottle-factory.html\">Victor Parf\u00fcmflasche in Mattschwarz<\/a>Gerne k\u00f6nnen Sie uns f\u00fcr weitere Informationen kontaktieren.<\/p>","protected":false},"excerpt":{"rendered":"<p>Als professioneller Hersteller von Parf\u00fcmflakons k\u00f6nnen wir Flakons nach Ihrem eigenen Logo gestalten, wie zum Beispiel Viktor-Parf\u00fcmflakons in Mattschwarz.<\/p>","protected":false},"featured_media":3136,"comment_status":"open","ping_status":"closed","template":"","meta":{"_kad_blocks_custom_css":"","_kad_blocks_head_custom_js":"","_kad_blocks_body_custom_js":"","_kad_blocks_footer_custom_js":"","_kad_post_transparent":"default","_kad_post_title":"","_kad_post_layout":"default","_kad_post_sidebar_id":"","_kad_post_content_style":"default","_kad_post_vertical_padding":"default","_kad_post_feature":"","_kad_post_feature_position":"","_kad_post_header":false,"_kad_post_footer":false,"_joinchat":[]},"product_brand":[],"product_cat":[51],"product_tag":[485,487,489,488,484,486],"class_list":{"0":"post-3131","1":"product","2":"type-product","3":"status-publish","4":"has-post-thumbnail","6":"product_cat-glass-perfume-bottles","7":"product_tag-black-perfume-bottle-manufacturer","8":"product_tag-glass-bottle-victor-50ml","9":"product_tag-victor-cosmetic-rectangle-bottle","10":"product_tag-victor-design-perfume-bottles","11":"product_tag-victor-perfume-bottle-wholesale","12":"product_tag-viktor-matt-black-perfume-bottles-price","14":"first","15":"instock","16":"shipping-taxable","17":"product-type-simple","18":"entry","19":"content-bg","20":"loop-entry"},"yoast_head":"<!-- This site is optimized with the Yoast SEO Premium plugin v20.5 (Yoast SEO v24.2) - https:\/\/yoast.com\/wordpress\/plugins\/seo\/ -->\n<title>Viktor matte black perfume bottles manufacturer and wholesaler<\/title>\n<meta name=\"description\" content=\"As a professional perfume bottle manufacturer, we can custom your own logo designed bottle such as Viktor matte black perfume bottles.\" \/>\n<meta name=\"robots\" content=\"index, follow, max-snippet:-1, max-image-preview:large, max-video-preview:-1\" \/>\n<link rel=\"canonical\" href=\"https:\/\/glass-perfume-bottles.com\/de\/produkt\/viktor-matte-black-perfume-bottles-wholesale\/\" \/>\n<meta property=\"og:locale\" content=\"de_DE\" \/>\n<meta property=\"og:type\" content=\"article\" \/>\n<meta property=\"og:title\" content=\"Viktor matte black perfume bottles wholesale\" \/>\n<meta property=\"og:description\" content=\"As a professional perfume bottle manufacturer, we can custom your own logo designed bottle such as Viktor matte black perfume bottles.\" \/>\n<meta property=\"og:url\" content=\"https:\/\/glass-perfume-bottles.com\/de\/produkt\/viktor-matte-black-perfume-bottles-wholesale\/\" \/>\n<meta property=\"og:site_name\" content=\"HY GLASS\" \/>\n<meta property=\"article:modified_time\" content=\"2025-11-25T10:18:51+00:00\" \/>\n<meta property=\"og:image\" content=\"https:\/\/glass-perfume-bottles.com\/wp-content\/uploads\/2025\/11\/Viktor-matt-black-perfume-bottles.jpg\" \/>\n\t<meta property=\"og:image:width\" content=\"720\" \/>\n\t<meta property=\"og:image:height\" content=\"720\" \/>\n\t<meta property=\"og:image:type\" content=\"image\/jpeg\" \/>\n<meta name=\"twitter:card\" content=\"summary_large_image\" \/>\n<meta name=\"twitter:label1\" content=\"Gesch\u00e4tzte Lesezeit\" \/>\n\t<meta name=\"twitter:data1\" content=\"2\u00a0Minuten\" \/>\n<script type=\"application\/ld+json\" class=\"yoast-schema-graph\">{\"@context\":\"https:\/\/schema.org\",\"@graph\":[{\"@type\":\"WebPage\",\"@id\":\"https:\/\/glass-perfume-bottles.com\/product\/viktor-matte-black-perfume-bottles-wholesale\/\",\"url\":\"https:\/\/glass-perfume-bottles.com\/product\/viktor-matte-black-perfume-bottles-wholesale\/\",\"name\":\"Viktor matte black perfume bottles manufacturer and wholesaler\",\"isPartOf\":{\"@id\":\"https:\/\/glass-perfume-bottles.com\/#website\"},\"primaryImageOfPage\":{\"@id\":\"https:\/\/glass-perfume-bottles.com\/product\/viktor-matte-black-perfume-bottles-wholesale\/#primaryimage\"},\"image\":{\"@id\":\"https:\/\/glass-perfume-bottles.com\/product\/viktor-matte-black-perfume-bottles-wholesale\/#primaryimage\"},\"thumbnailUrl\":\"https:\/\/glass-perfume-bottles.com\/wp-content\/uploads\/2025\/11\/Viktor-matt-black-perfume-bottles.jpg\",\"datePublished\":\"2025-11-10T10:11:31+00:00\",\"dateModified\":\"2025-11-25T10:18:51+00:00\",\"description\":\"As a professional perfume bottle manufacturer, we can custom your own logo designed bottle such as Viktor matte black perfume bottles.\",\"breadcrumb\":{\"@id\":\"https:\/\/glass-perfume-bottles.com\/product\/viktor-matte-black-perfume-bottles-wholesale\/#breadcrumb\"},\"inLanguage\":\"de\",\"potentialAction\":[{\"@type\":\"ReadAction\",\"target\":[\"https:\/\/glass-perfume-bottles.com\/product\/viktor-matte-black-perfume-bottles-wholesale\/\"]}]},{\"@type\":\"ImageObject\",\"inLanguage\":\"de\",\"@id\":\"https:\/\/glass-perfume-bottles.com\/product\/viktor-matte-black-perfume-bottles-wholesale\/#primaryimage\",\"url\":\"https:\/\/glass-perfume-bottles.com\/wp-content\/uploads\/2025\/11\/Viktor-matt-black-perfume-bottles.jpg\",\"contentUrl\":\"https:\/\/glass-perfume-bottles.com\/wp-content\/uploads\/2025\/11\/Viktor-matt-black-perfume-bottles.jpg\",\"width\":720,\"height\":720,\"caption\":\"Victor Perfume bottle wholesale, black perfume bottle manufacturer,Viktor matt black perfume bottles price, Glass bottle victor 50ml, Victor design perfume bottles, victor cosmetic rectangle bottle\"},{\"@type\":\"BreadcrumbList\",\"@id\":\"https:\/\/glass-perfume-bottles.com\/product\/viktor-matte-black-perfume-bottles-wholesale\/#breadcrumb\",\"itemListElement\":[{\"@type\":\"ListItem\",\"position\":1,\"name\":\"Home\",\"item\":\"https:\/\/glass-perfume-bottles.com\/\"},{\"@type\":\"ListItem\",\"position\":2,\"name\":\"Product\",\"item\":\"https:\/\/glass-perfume-bottles.com\/custom-made-perfume-bottle-suppliers-and-wholesale\/\"},{\"@type\":\"ListItem\",\"position\":3,\"name\":\"Viktor matte black perfume bottles wholesale\"}]},{\"@type\":\"WebSite\",\"@id\":\"https:\/\/glass-perfume-bottles.com\/#website\",\"url\":\"https:\/\/glass-perfume-bottles.com\/\",\"name\":\"HY GLASS\",\"description\":\"glass perfume bottle manufacturers &amp; suppliers, aroma reed diffuser bottle wholesale &amp; suppliers\",\"publisher\":{\"@id\":\"https:\/\/glass-perfume-bottles.com\/#organization\"},\"potentialAction\":[{\"@type\":\"SearchAction\",\"target\":{\"@type\":\"EntryPoint\",\"urlTemplate\":\"https:\/\/glass-perfume-bottles.com\/?s={search_term_string}\"},\"query-input\":{\"@type\":\"PropertyValueSpecification\",\"valueRequired\":true,\"valueName\":\"search_term_string\"}}],\"inLanguage\":\"de\"},{\"@type\":\"Organization\",\"@id\":\"https:\/\/glass-perfume-bottles.com\/#organization\",\"name\":\"HY GLASS\",\"url\":\"https:\/\/glass-perfume-bottles.com\/\",\"logo\":{\"@type\":\"ImageObject\",\"inLanguage\":\"de\",\"@id\":\"https:\/\/glass-perfume-bottles.com\/#\/schema\/logo\/image\/\",\"url\":\"https:\/\/glass-perfume-bottles.com\/wp-content\/uploads\/2023\/09\/logo21.png\",\"contentUrl\":\"https:\/\/glass-perfume-bottles.com\/wp-content\/uploads\/2023\/09\/logo21.png\",\"width\":342,\"height\":268,\"caption\":\"HY GLASS\"},\"image\":{\"@id\":\"https:\/\/glass-perfume-bottles.com\/#\/schema\/logo\/image\/\"}}]}<\/script>\n<!-- \/ Yoast SEO Premium plugin. -->","yoast_head_json":{"title":"Viktor matte black perfume bottles manufacturer and wholesaler","description":"As a professional perfume bottle manufacturer, we can custom your own logo designed bottle such as Viktor matte black perfume bottles.","robots":{"index":"index","follow":"follow","max-snippet":"max-snippet:-1","max-image-preview":"max-image-preview:large","max-video-preview":"max-video-preview:-1"},"canonical":"https:\/\/glass-perfume-bottles.com\/de\/produkt\/viktor-matte-black-perfume-bottles-wholesale\/","og_locale":"de_DE","og_type":"article","og_title":"Viktor matte black perfume bottles wholesale","og_description":"As a professional perfume bottle manufacturer, we can custom your own logo designed bottle such as Viktor matte black perfume bottles.","og_url":"https:\/\/glass-perfume-bottles.com\/de\/produkt\/viktor-matte-black-perfume-bottles-wholesale\/","og_site_name":"HY GLASS","article_modified_time":"2025-11-25T10:18:51+00:00","og_image":[{"width":720,"height":720,"url":"https:\/\/glass-perfume-bottles.com\/wp-content\/uploads\/2025\/11\/Viktor-matt-black-perfume-bottles.jpg","type":"image\/jpeg"}],"twitter_card":"summary_large_image","twitter_misc":{"Gesch\u00e4tzte Lesezeit":"2\u00a0Minuten"},"schema":{"@context":"https:\/\/schema.org","@graph":[{"@type":"WebPage","@id":"https:\/\/glass-perfume-bottles.com\/product\/viktor-matte-black-perfume-bottles-wholesale\/","url":"https:\/\/glass-perfume-bottles.com\/product\/viktor-matte-black-perfume-bottles-wholesale\/","name":"Viktor matte black perfume bottles manufacturer and wholesaler","isPartOf":{"@id":"https:\/\/glass-perfume-bottles.com\/#website"},"primaryImageOfPage":{"@id":"https:\/\/glass-perfume-bottles.com\/product\/viktor-matte-black-perfume-bottles-wholesale\/#primaryimage"},"image":{"@id":"https:\/\/glass-perfume-bottles.com\/product\/viktor-matte-black-perfume-bottles-wholesale\/#primaryimage"},"thumbnailUrl":"https:\/\/glass-perfume-bottles.com\/wp-content\/uploads\/2025\/11\/Viktor-matt-black-perfume-bottles.jpg","datePublished":"2025-11-10T10:11:31+00:00","dateModified":"2025-11-25T10:18:51+00:00","description":"As a professional perfume bottle manufacturer, we can custom your own logo designed bottle such as Viktor matte black perfume bottles.","breadcrumb":{"@id":"https:\/\/glass-perfume-bottles.com\/product\/viktor-matte-black-perfume-bottles-wholesale\/#breadcrumb"},"inLanguage":"de","potentialAction":[{"@type":"ReadAction","target":["https:\/\/glass-perfume-bottles.com\/product\/viktor-matte-black-perfume-bottles-wholesale\/"]}]},{"@type":"ImageObject","inLanguage":"de","@id":"https:\/\/glass-perfume-bottles.com\/product\/viktor-matte-black-perfume-bottles-wholesale\/#primaryimage","url":"https:\/\/glass-perfume-bottles.com\/wp-content\/uploads\/2025\/11\/Viktor-matt-black-perfume-bottles.jpg","contentUrl":"https:\/\/glass-perfume-bottles.com\/wp-content\/uploads\/2025\/11\/Viktor-matt-black-perfume-bottles.jpg","width":720,"height":720,"caption":"Victor Perfume bottle wholesale, black perfume bottle manufacturer,Viktor matt black perfume bottles price, Glass bottle victor 50ml, Victor design perfume bottles, victor cosmetic rectangle bottle"},{"@type":"BreadcrumbList","@id":"https:\/\/glass-perfume-bottles.com\/product\/viktor-matte-black-perfume-bottles-wholesale\/#breadcrumb","itemListElement":[{"@type":"ListItem","position":1,"name":"Home","item":"https:\/\/glass-perfume-bottles.com\/"},{"@type":"ListItem","position":2,"name":"Product","item":"https:\/\/glass-perfume-bottles.com\/custom-made-perfume-bottle-suppliers-and-wholesale\/"},{"@type":"ListItem","position":3,"name":"Viktor matte black perfume bottles wholesale"}]},{"@type":"WebSite","@id":"https:\/\/glass-perfume-bottles.com\/#website","url":"https:\/\/glass-perfume-bottles.com\/","name":"HY GLASS","description":"glass perfume bottle manufacturers &amp; suppliers, aroma reed diffuser bottle wholesale &amp; suppliers","publisher":{"@id":"https:\/\/glass-perfume-bottles.com\/#organization"},"potentialAction":[{"@type":"SearchAction","target":{"@type":"EntryPoint","urlTemplate":"https:\/\/glass-perfume-bottles.com\/?s={search_term_string}"},"query-input":{"@type":"PropertyValueSpecification","valueRequired":true,"valueName":"search_term_string"}}],"inLanguage":"de"},{"@type":"Organization","@id":"https:\/\/glass-perfume-bottles.com\/#organization","name":"HY GLASS","url":"https:\/\/glass-perfume-bottles.com\/","logo":{"@type":"ImageObject","inLanguage":"de","@id":"https:\/\/glass-perfume-bottles.com\/#\/schema\/logo\/image\/","url":"https:\/\/glass-perfume-bottles.com\/wp-content\/uploads\/2023\/09\/logo21.png","contentUrl":"https:\/\/glass-perfume-bottles.com\/wp-content\/uploads\/2023\/09\/logo21.png","width":342,"height":268,"caption":"HY GLASS"},"image":{"@id":"https:\/\/glass-perfume-bottles.com\/#\/schema\/logo\/image\/"}}]}},"taxonomy_info":{"product_cat":[{"value":51,"label":"Glass Perfume Bottle"}],"product_tag":[{"value":485,"label":"black perfume bottle manufacturer"},{"value":487,"label":"Glass bottle victor 50ml"},{"value":489,"label":"victor cosmetic rectangle bottle."},{"value":488,"label":"Victor design perfume bottles"},{"value":484,"label":"Victor Perfume bottle wholesale"},{"value":486,"label":"Viktor matt black perfume bottles price"}]},"featured_image_src_large":["https:\/\/glass-perfume-bottles.com\/wp-content\/uploads\/2025\/11\/Viktor-matt-black-perfume-bottles.jpg",720,720,false],"author_info":[],"comment_info":0,"_links":{"self":[{"href":"https:\/\/glass-perfume-bottles.com\/de\/wp-json\/wp\/v2\/product\/3131","targetHints":{"allow":["GET"]}}],"collection":[{"href":"https:\/\/glass-perfume-bottles.com\/de\/wp-json\/wp\/v2\/product"}],"about":[{"href":"https:\/\/glass-perfume-bottles.com\/de\/wp-json\/wp\/v2\/types\/product"}],"replies":[{"embeddable":true,"href":"https:\/\/glass-perfume-bottles.com\/de\/wp-json\/wp\/v2\/comments?post=3131"}],"wp:featuredmedia":[{"embeddable":true,"href":"https:\/\/glass-perfume-bottles.com\/de\/wp-json\/wp\/v2\/media\/3136"}],"wp:attachment":[{"href":"https:\/\/glass-perfume-bottles.com\/de\/wp-json\/wp\/v2\/media?parent=3131"}],"wp:term":[{"taxonomy":"product_brand","embeddable":true,"href":"https:\/\/glass-perfume-bottles.com\/de\/wp-json\/wp\/v2\/product_brand?post=3131"},{"taxonomy":"product_cat","embeddable":true,"href":"https:\/\/glass-perfume-bottles.com\/de\/wp-json\/wp\/v2\/product_cat?post=3131"},{"taxonomy":"product_tag","embeddable":true,"href":"https:\/\/glass-perfume-bottles.com\/de\/wp-json\/wp\/v2\/product_tag?post=3131"}],"curies":[{"name":"wp","href":"https:\/\/api.w.org\/{rel}","templated":true}]}}