{"id":3132,"date":"2025-11-10T10:11:31","date_gmt":"2025-11-10T10:11:31","guid":{"rendered":"https:\/\/glass-perfume-bottles.com\/?post_type=product&#038;p=3132"},"modified":"2025-11-21T09:38:52","modified_gmt":"2025-11-21T09:38:52","slug":"customized-refillable-attar-perfume-roller-bottles-manufacturer","status":"publish","type":"product","link":"https:\/\/glass-perfume-bottles.com\/de\/produkt\/customized-refillable-attar-perfume-roller-bottles-manufacturer\/","title":{"rendered":"Nachf\u00fcllbare Attar-Parf\u00fcmroller f\u00fcr \u00e4therische \u00d6le"},"content":{"rendered":"<table>\n<tbody>\n<tr>\n<td width=\"158\">Produktname<\/td>\n<td width=\"591\">Nachf\u00fcllbare Attar-Parf\u00fcm-Rollerflaschen<\/td>\n<\/tr>\n<tr>\n<td width=\"158\">Kapazit\u00e4t<\/td>\n<td width=\"591\">3 ml, 6 ml, 12 ml oder andere individuelle Gr\u00f6\u00dfen<\/td>\n<\/tr>\n<tr>\n<td width=\"158\">Gr\u00f6\u00dfe<\/td>\n<td width=\"591\">3 ml 22 x 52 mm, 6 ml 25 x 60 mm, 12 ml 28 x 75 mm<\/td>\n<\/tr>\n<tr>\n<td width=\"158\">Gewicht<\/td>\n<td width=\"591\">25 g, 35 g, 55 g<\/td>\n<\/tr>\n<tr>\n<td width=\"158\">Material<\/td>\n<td width=\"591\">Kristallwei\u00dfes Glas<\/td>\n<\/tr>\n<tr>\n<td width=\"158\">Geh\u00e4usefarbe<\/td>\n<td width=\"591\">Transparent, mattiert, rot, schwarz, blau, mattiert, gr\u00fcn, rosa oder in einer individuellen Farbe<\/td>\n<\/tr>\n<tr>\n<td width=\"158\">Oberfl\u00e4chenbehandlung<\/td>\n<td width=\"591\">Siebdruck, Hei\u00dfpr\u00e4gung, Galvanisierung, Metallisierung, Holografie, Marmorbeschichtung, Abziehbilder usw.<\/td>\n<\/tr>\n<tr>\n<td width=\"158\">Verwendung<\/td>\n<td width=\"591\">\u00a0Verpackung Parf\u00fcm\u00f6l\/\u00e4therisches \u00d6l\/Deodorant\/Lufterfrischer\/Parf\u00fcm\/Serum\/\u00e4therisches \u00d6l\/Toner<\/td>\n<\/tr>\n<tr>\n<td width=\"158\">Verpackung<\/td>\n<td width=\"591\">Exportkarton dann Sperrholzpalette,<\/td>\n<\/tr>\n<tr>\n<td width=\"158\">Mindestbestellmenge<\/td>\n<td width=\"591\">1.000 St\u00fcck (da es ein individuelles Design gibt)<\/td>\n<\/tr>\n<tr>\n<td width=\"158\">Probe<\/td>\n<td width=\"591\">Kostenlose Probe, Frachtkosten erforderlich.<\/td>\n<\/tr>\n<tr>\n<td width=\"158\">Transport<\/td>\n<td width=\"591\">FedEx\/DHL\/EMS\/UPS\/TNT\/auf dem Seeweg\/auf dem Luftweg usw.<\/td>\n<\/tr>\n<tr>\n<td width=\"158\">Zahlungsweise<\/td>\n<td width=\"591\">T\/T, L\/C, Western Union, MoneyGram, Paypal usw.<\/td>\n<\/tr>\n<tr>\n<td width=\"158\">Lieferzeit<\/td>\n<td width=\"591\">Probe 1\u20132 Tage, Auftragsproduktion 20\u201345 Tage, abh\u00e4ngig von den Auftragsdetails.<\/td>\n<\/tr>\n<tr>\n<td width=\"158\">Service<\/td>\n<td width=\"591\">OEM- und ODM-Glasflaschenservice, Designservice, Komplettl\u00f6sung<\/td>\n<\/tr>\n<\/tbody>\n<\/table>\n<p>Unsere nachf\u00fcllbaren Attar-Parf\u00fcm-Rollerflaschen sind aus hochwertigem, glattem Glas gefertigt, das BPA- und bleifrei sowie umweltfreundlich ist. Diese Flasche ist ein Verkaufsschlager. Die leere, nachf\u00fcllbare Parf\u00fcmflasche besticht durch ihr elegantes und praktisches Design mit goldener oder silberner Rollkugel. Dank ihrer kompakten Form passt sie problemlos in jede Tasche und ist somit ideal f\u00fcr den t\u00e4glichen Gebrauch. Die galvanisierte Goldveredelung des Glases und der mit Strasssteinen verzierte Deckel verleihen der Flasche einen Hauch von Luxus, w\u00e4hrend die Rollkugel f\u00fcr ein sanftes und einfaches Auftragen sorgt. So k\u00f6nnen Sie die Flasche jederzeit mit Ihrem Lieblingsduft nachf\u00fcllen. Diese spezielle Attar-Oud-\u00d6lflasche eignet sich perfekt f\u00fcr \u00e4therische \u00d6le, Parf\u00fcm, Aromatherapie und vieles mehr.<\/p>\n<h6>Ein Anpassungsservice steht Ihnen zur Verf\u00fcgung!<\/h6>\n<p>Das <a href=\"https:\/\/www.hyglassbottles.com\/product\/Luxury-100ml-Mid-east-arabic--fluted-glass-perfume-oil-bottle-factory.html\">Attar-Glas-Parf\u00fcmflasche<\/a> Die Flaschen lassen sich individuell mit verschiedenen Farben, Drucken, Logos und Oberfl\u00e4chenveredelungen gestalten. Beim Druck bieten wir Siebdruck, Hei\u00dfpr\u00e4gung, 3D-UV-Druck, Pr\u00e4gung, Aufkleber und Logogravuren an. F\u00fcr die Oberfl\u00e4chenveredelung k\u00f6nnen wir Farbbeschichtungen, Mattierungen (mattiert, gl\u00e4nzend, br\u00fcniert), Spr\u00fchlackierungen und Farbverl\u00e4ufe realisieren. Sollte Ihnen die Form unserer nachf\u00fcllbaren Attar-Parf\u00fcmroller nicht zusagen, fertigen wir gerne eine neue Form f\u00fcr Ihre individuellen Marken- und Logodesigns an.<\/p>\n<h6>Gro\u00dfe Auswahl an Flaschen auf Lager.<\/h6>\n<p>Als OEM\/ODM <a href=\"https:\/\/glass-perfume-bottles.com\/de\/produkt\/luxury-30ml-50ml-glass-fragrance-perfume-oil-bottle-supplier\/\">Gro\u00dfhandel mit Glasparf\u00fcmflaschen<\/a> Als Lieferant verf\u00fcgen wir \u00fcber ein gro\u00dfes Sortiment an Attar-Parf\u00fcmrollern. F\u00fcr weitere Informationen senden Sie uns bitte Bilder der gew\u00fcnschten Flaschen. Unsere Berater informieren Sie dann \u00fcber weitere verf\u00fcgbare Produkte. Teilen Sie uns Ihre W\u00fcnsche mit \u2013 unser Team unterst\u00fctzt Sie gerne bei der Umsetzung Ihrer Ideen.<\/p>","protected":false},"excerpt":{"rendered":"<p>Als OEM\/ODM-Gro\u00dfh\u00e4ndler und Lieferant von Glasparf\u00fcmflaschen verf\u00fcgen wir \u00fcber eine gro\u00dfe Auswahl an Attar-Parf\u00fcmrollerflaschen auf Lager.<\/p>","protected":false},"featured_media":3133,"comment_status":"open","ping_status":"closed","template":"","meta":{"_kad_blocks_custom_css":"","_kad_blocks_head_custom_js":"","_kad_blocks_body_custom_js":"","_kad_blocks_footer_custom_js":"","_kad_post_transparent":"default","_kad_post_title":"","_kad_post_layout":"default","_kad_post_sidebar_id":"","_kad_post_content_style":"default","_kad_post_vertical_padding":"default","_kad_post_feature":"","_kad_post_feature_position":"","_kad_post_header":false,"_kad_post_footer":false,"_joinchat":[]},"product_brand":[],"product_cat":[51],"product_tag":[483,481,480,479,482],"class_list":{"0":"post-3132","1":"product","2":"type-product","3":"status-publish","4":"has-post-thumbnail","6":"product_cat-glass-perfume-bottles","7":"product_tag-custom-cylinder-perfume-bottle-factory","8":"product_tag-cylinder-cologne-bottles-wholesale","9":"product_tag-different-size-perfume-bottles-manufacturer","10":"product_tag-glass-cylindrical-perfume-bottles-suppliers","11":"product_tag-refill-perfume-bottles-custom","13":"first","14":"instock","15":"shipping-taxable","16":"product-type-simple","17":"entry","18":"content-bg","19":"loop-entry"},"yoast_head":"<!-- This site is optimized with the Yoast SEO Premium plugin v20.5 (Yoast SEO v24.2) - https:\/\/yoast.com\/wordpress\/plugins\/seo\/ -->\n<title>Attar perfume roller bottles wholesale suppliers<\/title>\n<meta name=\"description\" content=\"As the glass perfume oil bottle manufacturers, we have types of refillable attar perfume roller bottles for you to choose from.\" \/>\n<meta name=\"robots\" content=\"index, follow, max-snippet:-1, max-image-preview:large, max-video-preview:-1\" \/>\n<link rel=\"canonical\" href=\"https:\/\/glass-perfume-bottles.com\/de\/produkt\/customized-refillable-attar-perfume-roller-bottles-manufacturer\/\" \/>\n<meta property=\"og:locale\" content=\"de_DE\" \/>\n<meta property=\"og:type\" content=\"article\" \/>\n<meta property=\"og:title\" content=\"Refillable attar perfume roller bottles for\u00a0essential oils\" \/>\n<meta property=\"og:description\" content=\"As the glass perfume oil bottle manufacturers, we have types of refillable attar perfume roller bottles for you to choose from.\" \/>\n<meta property=\"og:url\" content=\"https:\/\/glass-perfume-bottles.com\/de\/produkt\/customized-refillable-attar-perfume-roller-bottles-manufacturer\/\" \/>\n<meta property=\"og:site_name\" content=\"HY GLASS\" \/>\n<meta property=\"article:modified_time\" content=\"2025-11-21T09:38:52+00:00\" \/>\n<meta property=\"og:image\" content=\"https:\/\/glass-perfume-bottles.com\/wp-content\/uploads\/2025\/11\/Essential-oil-bottle.jpg\" \/>\n\t<meta property=\"og:image:width\" content=\"720\" \/>\n\t<meta property=\"og:image:height\" content=\"720\" \/>\n\t<meta property=\"og:image:type\" content=\"image\/jpeg\" \/>\n<meta name=\"twitter:card\" content=\"summary_large_image\" \/>\n<meta name=\"twitter:label1\" content=\"Gesch\u00e4tzte Lesezeit\" \/>\n\t<meta name=\"twitter:data1\" content=\"2\u00a0Minuten\" \/>\n<script type=\"application\/ld+json\" class=\"yoast-schema-graph\">{\"@context\":\"https:\/\/schema.org\",\"@graph\":[{\"@type\":\"WebPage\",\"@id\":\"https:\/\/glass-perfume-bottles.com\/product\/customized-refillable-attar-perfume-roller-bottles-manufacturer\/\",\"url\":\"https:\/\/glass-perfume-bottles.com\/product\/customized-refillable-attar-perfume-roller-bottles-manufacturer\/\",\"name\":\"Attar perfume roller bottles wholesale suppliers\",\"isPartOf\":{\"@id\":\"https:\/\/glass-perfume-bottles.com\/#website\"},\"primaryImageOfPage\":{\"@id\":\"https:\/\/glass-perfume-bottles.com\/product\/customized-refillable-attar-perfume-roller-bottles-manufacturer\/#primaryimage\"},\"image\":{\"@id\":\"https:\/\/glass-perfume-bottles.com\/product\/customized-refillable-attar-perfume-roller-bottles-manufacturer\/#primaryimage\"},\"thumbnailUrl\":\"https:\/\/glass-perfume-bottles.com\/wp-content\/uploads\/2025\/11\/Essential-oil-bottle.jpg\",\"datePublished\":\"2025-11-10T10:11:31+00:00\",\"dateModified\":\"2025-11-21T09:38:52+00:00\",\"description\":\"As the glass perfume oil bottle manufacturers, we have types of refillable attar perfume roller bottles for you to choose from.\",\"breadcrumb\":{\"@id\":\"https:\/\/glass-perfume-bottles.com\/product\/customized-refillable-attar-perfume-roller-bottles-manufacturer\/#breadcrumb\"},\"inLanguage\":\"de\",\"potentialAction\":[{\"@type\":\"ReadAction\",\"target\":[\"https:\/\/glass-perfume-bottles.com\/product\/customized-refillable-attar-perfume-roller-bottles-manufacturer\/\"]}]},{\"@type\":\"ImageObject\",\"inLanguage\":\"de\",\"@id\":\"https:\/\/glass-perfume-bottles.com\/product\/customized-refillable-attar-perfume-roller-bottles-manufacturer\/#primaryimage\",\"url\":\"https:\/\/glass-perfume-bottles.com\/wp-content\/uploads\/2025\/11\/Essential-oil-bottle.jpg\",\"contentUrl\":\"https:\/\/glass-perfume-bottles.com\/wp-content\/uploads\/2025\/11\/Essential-oil-bottle.jpg\",\"width\":720,\"height\":720,\"caption\":\"attar refillable perfume roller bottles manufacturer, golden perfume roller ball attar bottle wholesale, upscale empty attar glass roller bottle suppliers, attar roller ball bottle factories\"},{\"@type\":\"BreadcrumbList\",\"@id\":\"https:\/\/glass-perfume-bottles.com\/product\/customized-refillable-attar-perfume-roller-bottles-manufacturer\/#breadcrumb\",\"itemListElement\":[{\"@type\":\"ListItem\",\"position\":1,\"name\":\"Home\",\"item\":\"https:\/\/glass-perfume-bottles.com\/\"},{\"@type\":\"ListItem\",\"position\":2,\"name\":\"Product\",\"item\":\"https:\/\/glass-perfume-bottles.com\/custom-made-perfume-bottle-suppliers-and-wholesale\/\"},{\"@type\":\"ListItem\",\"position\":3,\"name\":\"Refillable attar perfume roller bottles for\u00a0essential oils\"}]},{\"@type\":\"WebSite\",\"@id\":\"https:\/\/glass-perfume-bottles.com\/#website\",\"url\":\"https:\/\/glass-perfume-bottles.com\/\",\"name\":\"HY GLASS\",\"description\":\"glass perfume bottle manufacturers &amp; suppliers, aroma reed diffuser bottle wholesale &amp; suppliers\",\"publisher\":{\"@id\":\"https:\/\/glass-perfume-bottles.com\/#organization\"},\"potentialAction\":[{\"@type\":\"SearchAction\",\"target\":{\"@type\":\"EntryPoint\",\"urlTemplate\":\"https:\/\/glass-perfume-bottles.com\/?s={search_term_string}\"},\"query-input\":{\"@type\":\"PropertyValueSpecification\",\"valueRequired\":true,\"valueName\":\"search_term_string\"}}],\"inLanguage\":\"de\"},{\"@type\":\"Organization\",\"@id\":\"https:\/\/glass-perfume-bottles.com\/#organization\",\"name\":\"HY GLASS\",\"url\":\"https:\/\/glass-perfume-bottles.com\/\",\"logo\":{\"@type\":\"ImageObject\",\"inLanguage\":\"de\",\"@id\":\"https:\/\/glass-perfume-bottles.com\/#\/schema\/logo\/image\/\",\"url\":\"https:\/\/glass-perfume-bottles.com\/wp-content\/uploads\/2023\/09\/logo21.png\",\"contentUrl\":\"https:\/\/glass-perfume-bottles.com\/wp-content\/uploads\/2023\/09\/logo21.png\",\"width\":342,\"height\":268,\"caption\":\"HY GLASS\"},\"image\":{\"@id\":\"https:\/\/glass-perfume-bottles.com\/#\/schema\/logo\/image\/\"}}]}<\/script>\n<!-- \/ Yoast SEO Premium plugin. -->","yoast_head_json":{"title":"Attar perfume roller bottles wholesale suppliers","description":"As the glass perfume oil bottle manufacturers, we have types of refillable attar perfume roller bottles for you to choose from.","robots":{"index":"index","follow":"follow","max-snippet":"max-snippet:-1","max-image-preview":"max-image-preview:large","max-video-preview":"max-video-preview:-1"},"canonical":"https:\/\/glass-perfume-bottles.com\/de\/produkt\/customized-refillable-attar-perfume-roller-bottles-manufacturer\/","og_locale":"de_DE","og_type":"article","og_title":"Refillable attar perfume roller bottles for\u00a0essential oils","og_description":"As the glass perfume oil bottle manufacturers, we have types of refillable attar perfume roller bottles for you to choose from.","og_url":"https:\/\/glass-perfume-bottles.com\/de\/produkt\/customized-refillable-attar-perfume-roller-bottles-manufacturer\/","og_site_name":"HY GLASS","article_modified_time":"2025-11-21T09:38:52+00:00","og_image":[{"width":720,"height":720,"url":"https:\/\/glass-perfume-bottles.com\/wp-content\/uploads\/2025\/11\/Essential-oil-bottle.jpg","type":"image\/jpeg"}],"twitter_card":"summary_large_image","twitter_misc":{"Gesch\u00e4tzte Lesezeit":"2\u00a0Minuten"},"schema":{"@context":"https:\/\/schema.org","@graph":[{"@type":"WebPage","@id":"https:\/\/glass-perfume-bottles.com\/product\/customized-refillable-attar-perfume-roller-bottles-manufacturer\/","url":"https:\/\/glass-perfume-bottles.com\/product\/customized-refillable-attar-perfume-roller-bottles-manufacturer\/","name":"Attar perfume roller bottles wholesale suppliers","isPartOf":{"@id":"https:\/\/glass-perfume-bottles.com\/#website"},"primaryImageOfPage":{"@id":"https:\/\/glass-perfume-bottles.com\/product\/customized-refillable-attar-perfume-roller-bottles-manufacturer\/#primaryimage"},"image":{"@id":"https:\/\/glass-perfume-bottles.com\/product\/customized-refillable-attar-perfume-roller-bottles-manufacturer\/#primaryimage"},"thumbnailUrl":"https:\/\/glass-perfume-bottles.com\/wp-content\/uploads\/2025\/11\/Essential-oil-bottle.jpg","datePublished":"2025-11-10T10:11:31+00:00","dateModified":"2025-11-21T09:38:52+00:00","description":"As the glass perfume oil bottle manufacturers, we have types of refillable attar perfume roller bottles for you to choose from.","breadcrumb":{"@id":"https:\/\/glass-perfume-bottles.com\/product\/customized-refillable-attar-perfume-roller-bottles-manufacturer\/#breadcrumb"},"inLanguage":"de","potentialAction":[{"@type":"ReadAction","target":["https:\/\/glass-perfume-bottles.com\/product\/customized-refillable-attar-perfume-roller-bottles-manufacturer\/"]}]},{"@type":"ImageObject","inLanguage":"de","@id":"https:\/\/glass-perfume-bottles.com\/product\/customized-refillable-attar-perfume-roller-bottles-manufacturer\/#primaryimage","url":"https:\/\/glass-perfume-bottles.com\/wp-content\/uploads\/2025\/11\/Essential-oil-bottle.jpg","contentUrl":"https:\/\/glass-perfume-bottles.com\/wp-content\/uploads\/2025\/11\/Essential-oil-bottle.jpg","width":720,"height":720,"caption":"attar refillable perfume roller bottles manufacturer, golden perfume roller ball attar bottle wholesale, upscale empty attar glass roller bottle suppliers, attar roller ball bottle factories"},{"@type":"BreadcrumbList","@id":"https:\/\/glass-perfume-bottles.com\/product\/customized-refillable-attar-perfume-roller-bottles-manufacturer\/#breadcrumb","itemListElement":[{"@type":"ListItem","position":1,"name":"Home","item":"https:\/\/glass-perfume-bottles.com\/"},{"@type":"ListItem","position":2,"name":"Product","item":"https:\/\/glass-perfume-bottles.com\/custom-made-perfume-bottle-suppliers-and-wholesale\/"},{"@type":"ListItem","position":3,"name":"Refillable attar perfume roller bottles for\u00a0essential oils"}]},{"@type":"WebSite","@id":"https:\/\/glass-perfume-bottles.com\/#website","url":"https:\/\/glass-perfume-bottles.com\/","name":"HY GLASS","description":"glass perfume bottle manufacturers &amp; suppliers, aroma reed diffuser bottle wholesale &amp; suppliers","publisher":{"@id":"https:\/\/glass-perfume-bottles.com\/#organization"},"potentialAction":[{"@type":"SearchAction","target":{"@type":"EntryPoint","urlTemplate":"https:\/\/glass-perfume-bottles.com\/?s={search_term_string}"},"query-input":{"@type":"PropertyValueSpecification","valueRequired":true,"valueName":"search_term_string"}}],"inLanguage":"de"},{"@type":"Organization","@id":"https:\/\/glass-perfume-bottles.com\/#organization","name":"HY GLASS","url":"https:\/\/glass-perfume-bottles.com\/","logo":{"@type":"ImageObject","inLanguage":"de","@id":"https:\/\/glass-perfume-bottles.com\/#\/schema\/logo\/image\/","url":"https:\/\/glass-perfume-bottles.com\/wp-content\/uploads\/2023\/09\/logo21.png","contentUrl":"https:\/\/glass-perfume-bottles.com\/wp-content\/uploads\/2023\/09\/logo21.png","width":342,"height":268,"caption":"HY GLASS"},"image":{"@id":"https:\/\/glass-perfume-bottles.com\/#\/schema\/logo\/image\/"}}]}},"taxonomy_info":{"product_cat":[{"value":51,"label":"Glass Perfume Bottle"}],"product_tag":[{"value":483,"label":"custom cylinder perfume bottle factory"},{"value":481,"label":"cylinder cologne bottles wholesale"},{"value":480,"label":"different size perfume bottles manufacturer"},{"value":479,"label":"Glass cylindrical perfume bottles suppliers"},{"value":482,"label":"refill perfume bottles custom"}]},"featured_image_src_large":["https:\/\/glass-perfume-bottles.com\/wp-content\/uploads\/2025\/11\/Essential-oil-bottle.jpg",720,720,false],"author_info":[],"comment_info":1,"_links":{"self":[{"href":"https:\/\/glass-perfume-bottles.com\/de\/wp-json\/wp\/v2\/product\/3132","targetHints":{"allow":["GET"]}}],"collection":[{"href":"https:\/\/glass-perfume-bottles.com\/de\/wp-json\/wp\/v2\/product"}],"about":[{"href":"https:\/\/glass-perfume-bottles.com\/de\/wp-json\/wp\/v2\/types\/product"}],"replies":[{"embeddable":true,"href":"https:\/\/glass-perfume-bottles.com\/de\/wp-json\/wp\/v2\/comments?post=3132"}],"wp:featuredmedia":[{"embeddable":true,"href":"https:\/\/glass-perfume-bottles.com\/de\/wp-json\/wp\/v2\/media\/3133"}],"wp:attachment":[{"href":"https:\/\/glass-perfume-bottles.com\/de\/wp-json\/wp\/v2\/media?parent=3132"}],"wp:term":[{"taxonomy":"product_brand","embeddable":true,"href":"https:\/\/glass-perfume-bottles.com\/de\/wp-json\/wp\/v2\/product_brand?post=3132"},{"taxonomy":"product_cat","embeddable":true,"href":"https:\/\/glass-perfume-bottles.com\/de\/wp-json\/wp\/v2\/product_cat?post=3132"},{"taxonomy":"product_tag","embeddable":true,"href":"https:\/\/glass-perfume-bottles.com\/de\/wp-json\/wp\/v2\/product_tag?post=3132"}],"curies":[{"name":"wp","href":"https:\/\/api.w.org\/{rel}","templated":true}]}}