{"id":3138,"date":"2025-11-26T03:00:19","date_gmt":"2025-11-26T03:00:19","guid":{"rendered":"https:\/\/glass-perfume-bottles.com\/?post_type=product&#038;p=3138"},"modified":"2025-11-26T06:59:34","modified_gmt":"2025-11-26T06:59:34","slug":"30ml-50ml-100ml-fairyland-garden-perfume-bottle-manufacturer","status":"publish","type":"product","link":"https:\/\/glass-perfume-bottles.com\/de\/produkt\/30ml-50ml-100ml-fairyland-garden-perfume-bottle-manufacturer\/","title":{"rendered":"Parf\u00fcmflasche \u201eM\u00e4rchengarten\u201c"},"content":{"rendered":"<table>\n<tbody>\n<tr>\n<td width=\"158\">Produktname<\/td>\n<td width=\"591\">Parf\u00fcmflasche \u201eM\u00e4rchengarten\u201c<\/td>\n<\/tr>\n<tr>\n<td width=\"158\">Kapazit\u00e4t<\/td>\n<td width=\"591\">30 ml, 50 ml, 100 ml oder andere individuelle Gr\u00f6\u00dfen<\/td>\n<\/tr>\n<tr>\n<td width=\"158\">Gr\u00f6\u00dfe<\/td>\n<td width=\"591\">30 ml 44,5 x 66 mm, 50 ml 53 x 77 mm, 100 ml 51 x 105 mm<\/td>\n<\/tr>\n<tr>\n<td width=\"158\">Gewicht<\/td>\n<td width=\"591\">30 ml 125 g, 50 ml 200 g, 100 ml 230 g<\/td>\n<\/tr>\n<tr>\n<td width=\"158\">Material<\/td>\n<td width=\"591\">Kristallwei\u00dfes Glas<\/td>\n<\/tr>\n<tr>\n<td width=\"158\">Geh\u00e4usefarbe<\/td>\n<td width=\"591\">Klar, mattiert, rot, schwarz, blau, gr\u00fcn, rosa oder in einer individuellen Farbe<\/td>\n<\/tr>\n<tr>\n<td width=\"158\">Oberfl\u00e4chenbehandlung<\/td>\n<td width=\"591\">Siebdruck, Hei\u00dfpr\u00e4gung, Mattierung, Metallisierung, Beflockung, Holografie, Marmorierung, Abziehbild etc.<\/td>\n<\/tr>\n<tr>\n<td width=\"158\">Verwendung<\/td>\n<td width=\"591\">\u00a0Verpackung Parf\u00fcm\u00f6l\/\u00e4therisches \u00d6l\/Deodorant\/Lufterfrischer\/Parf\u00fcm\/Serum\/\u00e4therisches \u00d6l\/Toner<\/td>\n<\/tr>\n<tr>\n<td width=\"158\">Verpackung<\/td>\n<td width=\"591\">Exportkarton dann Sperrholzpalette,<\/td>\n<\/tr>\n<tr>\n<td width=\"158\">Mindestbestellmenge<\/td>\n<td width=\"591\">1.000 St\u00fcck (da es ein individuelles Design gibt)<\/td>\n<\/tr>\n<tr>\n<td width=\"158\">Probe<\/td>\n<td width=\"591\">Kostenlose Probe, Frachtkosten erforderlich.<\/td>\n<\/tr>\n<tr>\n<td width=\"158\">Transport<\/td>\n<td width=\"591\">FedEx\/DHL\/EMS\/UPS\/TNT\/auf dem Seeweg\/auf dem Luftweg usw.<\/td>\n<\/tr>\n<tr>\n<td width=\"158\">Zahlungsweise<\/td>\n<td width=\"591\">T\/T, L\/C, Western Union, MoneyGram, Paypal usw.<\/td>\n<\/tr>\n<tr>\n<td width=\"158\">Lieferzeit<\/td>\n<td width=\"591\">Probe 1\u20132 Tage, Auftragsproduktion 20\u201345 Tage, abh\u00e4ngig von den Auftragsdetails.<\/td>\n<\/tr>\n<tr>\n<td width=\"158\">Service<\/td>\n<td width=\"591\">OEM- und ODM-Glasflaschenservice, Designservice, Komplettl\u00f6sung<\/td>\n<\/tr>\n<\/tbody>\n<\/table>\n<p>Die Parf\u00fcmflakons der Fairyland Garden-Kollektion entstehen in Zusammenarbeit mit High White Glass. Jeder Flakon wird von erfahrenen Glasbl\u00e4sern mundgeblasen und besteht aus 451 % recyceltem Glas (45%) aus China. Diese exklusiven Fairyland Garden-Flakons fangen die anmutigen Konturen Ihrer eigenen Parf\u00fcmkollektion perfekt ein.<\/p>\n<h6>Schwerpunkt auf der Herstellung von Recycling-Glasflaschen<\/h6>\n<p>Seit Jahrzehnten, als der vertrauensw\u00fcrdige <a href=\"https:\/\/glass-perfume-bottles.com\/de\/produkt\/bdk-parfum-glass-bottle-manufacturer-and-wholesale\/\">Glasparf\u00fcmhersteller<\/a>HY Glass hat sich dem Recycling und der Wiederaufbereitung von Glasflaschen verschrieben und verwandelt Altglas in edle neue Kreationen. Dank spezieller Fertigungstechnologie ist jede Parf\u00fcmflasche von h\u00f6chster Qualit\u00e4t. Durch das Brennen bei hohen Temperaturen und das anschlie\u00dfende Abk\u00fchlen entsteht ein einzigartiges Kunstwerk. Wenn Sie eine hochwertige Fairyland Garden Parf\u00fcmflasche w\u00fcnschen, senden Sie uns einfach Ihre Idee und Ihr Modell. Wir setzen Ihre Vision gerne f\u00fcr Sie um. <a href=\"https:\/\/www.hyglassbottles.com\/product\/Classic-15ml-frosted-bayonet-glass-perfume-bottle-with-ball-cap.html\">Individuell gestaltete Parf\u00fcmflaschen aus Glas mit Eigenmarke<\/a> Wenn Sie Ihr eigenes Logo-Design haben, kontaktieren Sie uns gerne f\u00fcr den Anpassungsprozess!<\/p>","protected":false},"excerpt":{"rendered":"<p>Als professioneller Hersteller von Parf\u00fcmflakons k\u00f6nnen wir Flakons nach Ihrem eigenen Logo gestalten, wie zum Beispiel Viktor-Parf\u00fcmflakons in Mattschwarz.<\/p>","protected":false},"featured_media":3139,"comment_status":"open","ping_status":"closed","template":"","meta":{"_kad_blocks_custom_css":"","_kad_blocks_head_custom_js":"","_kad_blocks_body_custom_js":"","_kad_blocks_footer_custom_js":"","_kad_post_transparent":"default","_kad_post_title":"","_kad_post_layout":"default","_kad_post_sidebar_id":"","_kad_post_content_style":"default","_kad_post_vertical_padding":"default","_kad_post_feature":"","_kad_post_feature_position":"","_kad_post_header":false,"_kad_post_footer":false,"_joinchat":[]},"product_brand":[],"product_cat":[51],"product_tag":[485,487,489,488,484,486],"class_list":{"0":"post-3138","1":"product","2":"type-product","3":"status-publish","4":"has-post-thumbnail","6":"product_cat-glass-perfume-bottles","7":"product_tag-black-perfume-bottle-manufacturer","8":"product_tag-glass-bottle-victor-50ml","9":"product_tag-victor-cosmetic-rectangle-bottle","10":"product_tag-victor-design-perfume-bottles","11":"product_tag-victor-perfume-bottle-wholesale","12":"product_tag-viktor-matt-black-perfume-bottles-price","14":"first","15":"instock","16":"shipping-taxable","17":"product-type-simple","18":"entry","19":"content-bg","20":"loop-entry"},"yoast_head":"<!-- This site is optimized with the Yoast SEO Premium plugin v20.5 (Yoast SEO v24.2) - https:\/\/yoast.com\/wordpress\/plugins\/seo\/ -->\n<title>Fairyland Garden Perfume Bottle suppliers and wholesale<\/title>\n<meta name=\"description\" content=\"The Fairyland garden perfume bottle is created in collaboration with high white glass and we can custom your own brand glass perfume bottles.\" \/>\n<meta name=\"robots\" content=\"index, follow, max-snippet:-1, max-image-preview:large, max-video-preview:-1\" \/>\n<link rel=\"canonical\" href=\"https:\/\/glass-perfume-bottles.com\/de\/produkt\/30ml-50ml-100ml-fairyland-garden-perfume-bottle-manufacturer\/\" \/>\n<meta property=\"og:locale\" content=\"de_DE\" \/>\n<meta property=\"og:type\" content=\"article\" \/>\n<meta property=\"og:title\" content=\"Fairyland Garden Perfume Bottle\" \/>\n<meta property=\"og:description\" content=\"The Fairyland garden perfume bottle is created in collaboration with high white glass and we can custom your own brand glass perfume bottles.\" \/>\n<meta property=\"og:url\" content=\"https:\/\/glass-perfume-bottles.com\/de\/produkt\/30ml-50ml-100ml-fairyland-garden-perfume-bottle-manufacturer\/\" \/>\n<meta property=\"og:site_name\" content=\"HY GLASS\" \/>\n<meta property=\"article:modified_time\" content=\"2025-11-26T06:59:34+00:00\" \/>\n<meta property=\"og:image\" content=\"https:\/\/glass-perfume-bottles.com\/wp-content\/uploads\/2025\/11\/perfume-bottle-1.jpg\" \/>\n\t<meta property=\"og:image:width\" content=\"720\" \/>\n\t<meta property=\"og:image:height\" content=\"720\" \/>\n\t<meta property=\"og:image:type\" content=\"image\/jpeg\" \/>\n<meta name=\"twitter:card\" content=\"summary_large_image\" \/>\n<meta name=\"twitter:label1\" content=\"Gesch\u00e4tzte Lesezeit\" \/>\n\t<meta name=\"twitter:data1\" content=\"2\u00a0Minuten\" \/>\n<script type=\"application\/ld+json\" class=\"yoast-schema-graph\">{\"@context\":\"https:\/\/schema.org\",\"@graph\":[{\"@type\":\"WebPage\",\"@id\":\"https:\/\/glass-perfume-bottles.com\/product\/30ml-50ml-100ml-fairyland-garden-perfume-bottle-manufacturer\/\",\"url\":\"https:\/\/glass-perfume-bottles.com\/product\/30ml-50ml-100ml-fairyland-garden-perfume-bottle-manufacturer\/\",\"name\":\"Fairyland Garden Perfume Bottle suppliers and wholesale\",\"isPartOf\":{\"@id\":\"https:\/\/glass-perfume-bottles.com\/#website\"},\"primaryImageOfPage\":{\"@id\":\"https:\/\/glass-perfume-bottles.com\/product\/30ml-50ml-100ml-fairyland-garden-perfume-bottle-manufacturer\/#primaryimage\"},\"image\":{\"@id\":\"https:\/\/glass-perfume-bottles.com\/product\/30ml-50ml-100ml-fairyland-garden-perfume-bottle-manufacturer\/#primaryimage\"},\"thumbnailUrl\":\"https:\/\/glass-perfume-bottles.com\/wp-content\/uploads\/2025\/11\/perfume-bottle-1.jpg\",\"datePublished\":\"2025-11-26T03:00:19+00:00\",\"dateModified\":\"2025-11-26T06:59:34+00:00\",\"description\":\"The Fairyland garden perfume bottle is created in collaboration with high white glass and we can custom your own brand glass perfume bottles.\",\"breadcrumb\":{\"@id\":\"https:\/\/glass-perfume-bottles.com\/product\/30ml-50ml-100ml-fairyland-garden-perfume-bottle-manufacturer\/#breadcrumb\"},\"inLanguage\":\"de\",\"potentialAction\":[{\"@type\":\"ReadAction\",\"target\":[\"https:\/\/glass-perfume-bottles.com\/product\/30ml-50ml-100ml-fairyland-garden-perfume-bottle-manufacturer\/\"]}]},{\"@type\":\"ImageObject\",\"inLanguage\":\"de\",\"@id\":\"https:\/\/glass-perfume-bottles.com\/product\/30ml-50ml-100ml-fairyland-garden-perfume-bottle-manufacturer\/#primaryimage\",\"url\":\"https:\/\/glass-perfume-bottles.com\/wp-content\/uploads\/2025\/11\/perfume-bottle-1.jpg\",\"contentUrl\":\"https:\/\/glass-perfume-bottles.com\/wp-content\/uploads\/2025\/11\/perfume-bottle-1.jpg\",\"width\":720,\"height\":720,\"caption\":\"fairy perfume bottle van cleef and arpels, Empty refillable perfume bottle manufacturers, vertical stripe perfume bottle wholesale, Clear vertical stripes round perfume bottles suppliers, Luxury vertical striped fragrance bottle\"},{\"@type\":\"BreadcrumbList\",\"@id\":\"https:\/\/glass-perfume-bottles.com\/product\/30ml-50ml-100ml-fairyland-garden-perfume-bottle-manufacturer\/#breadcrumb\",\"itemListElement\":[{\"@type\":\"ListItem\",\"position\":1,\"name\":\"Home\",\"item\":\"https:\/\/glass-perfume-bottles.com\/\"},{\"@type\":\"ListItem\",\"position\":2,\"name\":\"Product\",\"item\":\"https:\/\/glass-perfume-bottles.com\/custom-made-perfume-bottle-suppliers-and-wholesale\/\"},{\"@type\":\"ListItem\",\"position\":3,\"name\":\"Fairyland Garden Perfume Bottle\"}]},{\"@type\":\"WebSite\",\"@id\":\"https:\/\/glass-perfume-bottles.com\/#website\",\"url\":\"https:\/\/glass-perfume-bottles.com\/\",\"name\":\"HY GLASS\",\"description\":\"glass perfume bottle manufacturers &amp; suppliers, aroma reed diffuser bottle wholesale &amp; suppliers\",\"publisher\":{\"@id\":\"https:\/\/glass-perfume-bottles.com\/#organization\"},\"potentialAction\":[{\"@type\":\"SearchAction\",\"target\":{\"@type\":\"EntryPoint\",\"urlTemplate\":\"https:\/\/glass-perfume-bottles.com\/?s={search_term_string}\"},\"query-input\":{\"@type\":\"PropertyValueSpecification\",\"valueRequired\":true,\"valueName\":\"search_term_string\"}}],\"inLanguage\":\"de\"},{\"@type\":\"Organization\",\"@id\":\"https:\/\/glass-perfume-bottles.com\/#organization\",\"name\":\"HY GLASS\",\"url\":\"https:\/\/glass-perfume-bottles.com\/\",\"logo\":{\"@type\":\"ImageObject\",\"inLanguage\":\"de\",\"@id\":\"https:\/\/glass-perfume-bottles.com\/#\/schema\/logo\/image\/\",\"url\":\"https:\/\/glass-perfume-bottles.com\/wp-content\/uploads\/2023\/09\/logo21.png\",\"contentUrl\":\"https:\/\/glass-perfume-bottles.com\/wp-content\/uploads\/2023\/09\/logo21.png\",\"width\":342,\"height\":268,\"caption\":\"HY GLASS\"},\"image\":{\"@id\":\"https:\/\/glass-perfume-bottles.com\/#\/schema\/logo\/image\/\"}}]}<\/script>\n<!-- \/ Yoast SEO Premium plugin. -->","yoast_head_json":{"title":"Fairyland Garden Perfume Bottle suppliers and wholesale","description":"The Fairyland garden perfume bottle is created in collaboration with high white glass and we can custom your own brand glass perfume bottles.","robots":{"index":"index","follow":"follow","max-snippet":"max-snippet:-1","max-image-preview":"max-image-preview:large","max-video-preview":"max-video-preview:-1"},"canonical":"https:\/\/glass-perfume-bottles.com\/de\/produkt\/30ml-50ml-100ml-fairyland-garden-perfume-bottle-manufacturer\/","og_locale":"de_DE","og_type":"article","og_title":"Fairyland Garden Perfume Bottle","og_description":"The Fairyland garden perfume bottle is created in collaboration with high white glass and we can custom your own brand glass perfume bottles.","og_url":"https:\/\/glass-perfume-bottles.com\/de\/produkt\/30ml-50ml-100ml-fairyland-garden-perfume-bottle-manufacturer\/","og_site_name":"HY GLASS","article_modified_time":"2025-11-26T06:59:34+00:00","og_image":[{"width":720,"height":720,"url":"https:\/\/glass-perfume-bottles.com\/wp-content\/uploads\/2025\/11\/perfume-bottle-1.jpg","type":"image\/jpeg"}],"twitter_card":"summary_large_image","twitter_misc":{"Gesch\u00e4tzte Lesezeit":"2\u00a0Minuten"},"schema":{"@context":"https:\/\/schema.org","@graph":[{"@type":"WebPage","@id":"https:\/\/glass-perfume-bottles.com\/product\/30ml-50ml-100ml-fairyland-garden-perfume-bottle-manufacturer\/","url":"https:\/\/glass-perfume-bottles.com\/product\/30ml-50ml-100ml-fairyland-garden-perfume-bottle-manufacturer\/","name":"Fairyland Garden Perfume Bottle suppliers and wholesale","isPartOf":{"@id":"https:\/\/glass-perfume-bottles.com\/#website"},"primaryImageOfPage":{"@id":"https:\/\/glass-perfume-bottles.com\/product\/30ml-50ml-100ml-fairyland-garden-perfume-bottle-manufacturer\/#primaryimage"},"image":{"@id":"https:\/\/glass-perfume-bottles.com\/product\/30ml-50ml-100ml-fairyland-garden-perfume-bottle-manufacturer\/#primaryimage"},"thumbnailUrl":"https:\/\/glass-perfume-bottles.com\/wp-content\/uploads\/2025\/11\/perfume-bottle-1.jpg","datePublished":"2025-11-26T03:00:19+00:00","dateModified":"2025-11-26T06:59:34+00:00","description":"The Fairyland garden perfume bottle is created in collaboration with high white glass and we can custom your own brand glass perfume bottles.","breadcrumb":{"@id":"https:\/\/glass-perfume-bottles.com\/product\/30ml-50ml-100ml-fairyland-garden-perfume-bottle-manufacturer\/#breadcrumb"},"inLanguage":"de","potentialAction":[{"@type":"ReadAction","target":["https:\/\/glass-perfume-bottles.com\/product\/30ml-50ml-100ml-fairyland-garden-perfume-bottle-manufacturer\/"]}]},{"@type":"ImageObject","inLanguage":"de","@id":"https:\/\/glass-perfume-bottles.com\/product\/30ml-50ml-100ml-fairyland-garden-perfume-bottle-manufacturer\/#primaryimage","url":"https:\/\/glass-perfume-bottles.com\/wp-content\/uploads\/2025\/11\/perfume-bottle-1.jpg","contentUrl":"https:\/\/glass-perfume-bottles.com\/wp-content\/uploads\/2025\/11\/perfume-bottle-1.jpg","width":720,"height":720,"caption":"fairy perfume bottle van cleef and arpels, Empty refillable perfume bottle manufacturers, vertical stripe perfume bottle wholesale, Clear vertical stripes round perfume bottles suppliers, Luxury vertical striped fragrance bottle"},{"@type":"BreadcrumbList","@id":"https:\/\/glass-perfume-bottles.com\/product\/30ml-50ml-100ml-fairyland-garden-perfume-bottle-manufacturer\/#breadcrumb","itemListElement":[{"@type":"ListItem","position":1,"name":"Home","item":"https:\/\/glass-perfume-bottles.com\/"},{"@type":"ListItem","position":2,"name":"Product","item":"https:\/\/glass-perfume-bottles.com\/custom-made-perfume-bottle-suppliers-and-wholesale\/"},{"@type":"ListItem","position":3,"name":"Fairyland Garden Perfume Bottle"}]},{"@type":"WebSite","@id":"https:\/\/glass-perfume-bottles.com\/#website","url":"https:\/\/glass-perfume-bottles.com\/","name":"HY GLASS","description":"glass perfume bottle manufacturers &amp; suppliers, aroma reed diffuser bottle wholesale &amp; suppliers","publisher":{"@id":"https:\/\/glass-perfume-bottles.com\/#organization"},"potentialAction":[{"@type":"SearchAction","target":{"@type":"EntryPoint","urlTemplate":"https:\/\/glass-perfume-bottles.com\/?s={search_term_string}"},"query-input":{"@type":"PropertyValueSpecification","valueRequired":true,"valueName":"search_term_string"}}],"inLanguage":"de"},{"@type":"Organization","@id":"https:\/\/glass-perfume-bottles.com\/#organization","name":"HY GLASS","url":"https:\/\/glass-perfume-bottles.com\/","logo":{"@type":"ImageObject","inLanguage":"de","@id":"https:\/\/glass-perfume-bottles.com\/#\/schema\/logo\/image\/","url":"https:\/\/glass-perfume-bottles.com\/wp-content\/uploads\/2023\/09\/logo21.png","contentUrl":"https:\/\/glass-perfume-bottles.com\/wp-content\/uploads\/2023\/09\/logo21.png","width":342,"height":268,"caption":"HY GLASS"},"image":{"@id":"https:\/\/glass-perfume-bottles.com\/#\/schema\/logo\/image\/"}}]}},"taxonomy_info":{"product_cat":[{"value":51,"label":"Glass Perfume Bottle"}],"product_tag":[{"value":485,"label":"black perfume bottle manufacturer"},{"value":487,"label":"Glass bottle victor 50ml"},{"value":489,"label":"victor cosmetic rectangle bottle."},{"value":488,"label":"Victor design perfume bottles"},{"value":484,"label":"Victor Perfume bottle wholesale"},{"value":486,"label":"Viktor matt black perfume bottles price"}]},"featured_image_src_large":["https:\/\/glass-perfume-bottles.com\/wp-content\/uploads\/2025\/11\/perfume-bottle-1.jpg",720,720,false],"author_info":[],"comment_info":0,"_links":{"self":[{"href":"https:\/\/glass-perfume-bottles.com\/de\/wp-json\/wp\/v2\/product\/3138","targetHints":{"allow":["GET"]}}],"collection":[{"href":"https:\/\/glass-perfume-bottles.com\/de\/wp-json\/wp\/v2\/product"}],"about":[{"href":"https:\/\/glass-perfume-bottles.com\/de\/wp-json\/wp\/v2\/types\/product"}],"replies":[{"embeddable":true,"href":"https:\/\/glass-perfume-bottles.com\/de\/wp-json\/wp\/v2\/comments?post=3138"}],"wp:featuredmedia":[{"embeddable":true,"href":"https:\/\/glass-perfume-bottles.com\/de\/wp-json\/wp\/v2\/media\/3139"}],"wp:attachment":[{"href":"https:\/\/glass-perfume-bottles.com\/de\/wp-json\/wp\/v2\/media?parent=3138"}],"wp:term":[{"taxonomy":"product_brand","embeddable":true,"href":"https:\/\/glass-perfume-bottles.com\/de\/wp-json\/wp\/v2\/product_brand?post=3138"},{"taxonomy":"product_cat","embeddable":true,"href":"https:\/\/glass-perfume-bottles.com\/de\/wp-json\/wp\/v2\/product_cat?post=3138"},{"taxonomy":"product_tag","embeddable":true,"href":"https:\/\/glass-perfume-bottles.com\/de\/wp-json\/wp\/v2\/product_tag?post=3138"}],"curies":[{"name":"wp","href":"https:\/\/api.w.org\/{rel}","templated":true}]}}