{"id":3152,"date":"2026-01-08T08:33:36","date_gmt":"2026-01-08T08:33:36","guid":{"rendered":"https:\/\/glass-perfume-bottles.com\/?post_type=product&#038;p=3152"},"modified":"2026-01-08T08:47:19","modified_gmt":"2026-01-08T08:47:19","slug":"oem-odm-brand-men-60ml-perfume-bottle","status":"publish","type":"product","link":"https:\/\/glass-perfume-bottles.com\/de\/produkt\/oem-odm-brand-men-60ml-perfume-bottle\/","title":{"rendered":"Herrenparf\u00fcmflasche, 60 ml"},"content":{"rendered":"<table>\n<tbody>\n<tr>\n<td width=\"158\">Produktname<\/td>\n<td width=\"591\">Herrenparf\u00fcmflasche, 60 ml<\/td>\n<\/tr>\n<tr>\n<td width=\"158\">Kapazit\u00e4t<\/td>\n<td width=\"591\">60 ml oder andere individuelle Gr\u00f6\u00dfe<\/td>\n<\/tr>\n<tr>\n<td width=\"158\">Gr\u00f6\u00dfe<\/td>\n<td width=\"591\">66,26 \u00d7 147,06 \u00d7 27,26 mm<\/td>\n<\/tr>\n<tr>\n<td width=\"158\">Gewicht<\/td>\n<td width=\"591\">Ca. 200g<\/td>\n<\/tr>\n<tr>\n<td width=\"158\">Material<\/td>\n<td width=\"591\">Kristallwei\u00dfes Glas<\/td>\n<\/tr>\n<tr>\n<td width=\"158\">Geh\u00e4usefarbe<\/td>\n<td width=\"591\">Klar, mattiert, rot, schwarz, blau, gr\u00fcn, rosa oder in einer individuellen Farbe<\/td>\n<\/tr>\n<tr>\n<td width=\"158\">Oberfl\u00e4chenbehandlung<\/td>\n<td width=\"591\">Siebdruck, Hei\u00dfpr\u00e4gung, Mattierung, Metallisierung, Beflockung, Holografie, Marmorierung, Abziehbild etc.<\/td>\n<\/tr>\n<tr>\n<td width=\"158\">Verwendung<\/td>\n<td width=\"591\">\u00a0Verpackung von Duftstoffen\/\u00e4therischen \u00d6len\/Deodorants\/Lufterfrischern\/Parf\u00fcms\/Serum\/\u00e4therischen \u00d6len\/Gesichtswassern<\/td>\n<\/tr>\n<tr>\n<td width=\"158\">Verpackung<\/td>\n<td width=\"591\">Exportkarton dann Sperrholzpalette,<\/td>\n<\/tr>\n<tr>\n<td width=\"158\">Mindestbestellmenge<\/td>\n<td width=\"591\">1.000 St\u00fcck (da es ein individuelles Design gibt)<\/td>\n<\/tr>\n<tr>\n<td width=\"158\">Probe<\/td>\n<td width=\"591\">Kostenlose Probe, Frachtkosten erforderlich.<\/td>\n<\/tr>\n<tr>\n<td width=\"158\">Transport<\/td>\n<td width=\"591\">FedEx\/DHL\/EMS\/UPS\/TNT\/auf dem Seeweg\/auf dem Luftweg usw.<\/td>\n<\/tr>\n<tr>\n<td width=\"158\">Zahlungsweise<\/td>\n<td width=\"591\">T\/T, L\/C, Western Union, MoneyGram, PayPal usw.<\/td>\n<\/tr>\n<tr>\n<td width=\"158\">Lieferzeit<\/td>\n<td width=\"591\">Probe 1\u20132 Tage, Auftragsproduktion 20\u201345 Tage, abh\u00e4ngig von den Auftragsdetails.<\/td>\n<\/tr>\n<tr>\n<td width=\"158\">Service<\/td>\n<td width=\"591\">Ma\u00dfgeschneiderter Glasflaschenservice, Designservice, Komplettl\u00f6sung<\/td>\n<\/tr>\n<\/tbody>\n<\/table>\n<p>Wenn Sie die Verpackung Ihrer Parf\u00fcmflaschen modernisieren m\u00f6chten, k\u00f6nnen Sie unsere 60-ml-Herrenparf\u00fcmflasche w\u00e4hlen. Sie wurde speziell f\u00fcr Eigenmarken, Duft-Startups und \u2026 entwickelt. <a href=\"https:\/\/www.hyglassbottles.com\/product\/60ml-empty-glass-perfume-bottle-suppliers-wholesale.html\">Gro\u00dfhandel mit Glasflaschen<\/a> F\u00fcr H\u00e4ndler. Wenn Sie Wert auf hohe Qualit\u00e4t und modisches Design legen. Jedes Detail dieses Sets wurde sorgf\u00e4ltig gestaltet, um die Optik und Haptik Ihrer Endprodukte zu verbessern.<\/p>\n<p>Ganz gleich, wie Sie Ihre Duftlinie aufbauen m\u00f6chten, diese 60-ml-Parf\u00fcmflasche f\u00fcr Herren ist die beste Wahl. Auch zur Erweiterung Ihrer bestehenden Kollektion ist sie ideal. Sie besticht durch ein klares und modernes Design. Die transparente Glasflasche reflektiert Ihren Duft optimal, und der hochwertige PP-Verschluss verleiht ihr eine edle Note. <a href=\"https:\/\/glass-perfume-bottles.com\/de\/produkt\/100ml-perfume-glass-bottle-wholesale\/\">Lieferant von Parf\u00fcmglasflaschen<\/a> F\u00fcr Parfums, Raumduft-Diffusoren und \u00e4therische \u00d6le bieten wir hochwertige, individuell gestaltete Glasflakons unter Ihrer Eigenmarke an. Kontaktieren Sie uns gerne f\u00fcr weitere Informationen.<\/p>","protected":false},"excerpt":{"rendered":"<p>Als f\u00fchrender Lieferant von Parf\u00fcmglasflaschen f\u00fcr Parf\u00fcm, Raumduftdiffusoren und \u00e4therische \u00d6le konzentrieren wir uns auf die Herstellung hochwertiger, individuell gestalteter Parf\u00fcmglasflaschen unter Eigenmarken.<\/p>","protected":false},"featured_media":3153,"comment_status":"open","ping_status":"closed","template":"","meta":{"_kad_blocks_custom_css":"","_kad_blocks_head_custom_js":"","_kad_blocks_body_custom_js":"","_kad_blocks_footer_custom_js":"","_kad_post_transparent":"default","_kad_post_title":"","_kad_post_layout":"default","_kad_post_sidebar_id":"","_kad_post_content_style":"default","_kad_post_vertical_padding":"default","_kad_post_feature":"","_kad_post_feature_position":"","_kad_post_header":false,"_kad_post_footer":false,"_joinchat":[]},"product_brand":[],"product_cat":[51],"product_tag":[490,492,491],"class_list":{"0":"post-3152","1":"product","2":"type-product","3":"status-publish","4":"has-post-thumbnail","6":"product_cat-glass-perfume-bottles","7":"product_tag-60ml-empty-perfume-bottles","8":"product_tag-60ml-fragrance-bottle","9":"product_tag-60ml-perfume-bottle-wholesale","11":"first","12":"instock","13":"shipping-taxable","14":"product-type-simple","15":"entry","16":"content-bg","17":"loop-entry"},"yoast_head":"<!-- This site is optimized with the Yoast SEO Premium plugin v20.5 (Yoast SEO v24.2) - https:\/\/yoast.com\/wordpress\/plugins\/seo\/ -->\n<title>men 60ml perfume bottle wholesale suppliers<\/title>\n<meta name=\"description\" content=\"As the best perfume glass bottle supplier for perfume, reed diffuser, essential oil, we focus on custom private label high quality men 60ml perfume bottle.\" \/>\n<meta name=\"robots\" content=\"index, follow, max-snippet:-1, max-image-preview:large, max-video-preview:-1\" \/>\n<link rel=\"canonical\" href=\"https:\/\/glass-perfume-bottles.com\/de\/produkt\/oem-odm-brand-men-60ml-perfume-bottle\/\" \/>\n<meta property=\"og:locale\" content=\"de_DE\" \/>\n<meta property=\"og:type\" content=\"article\" \/>\n<meta property=\"og:title\" content=\"Men 60ml perfume bottle\" \/>\n<meta property=\"og:description\" content=\"As the best perfume glass bottle supplier for perfume, reed diffuser, essential oil, we focus on custom private label high quality men 60ml perfume bottle.\" \/>\n<meta property=\"og:url\" content=\"https:\/\/glass-perfume-bottles.com\/de\/produkt\/oem-odm-brand-men-60ml-perfume-bottle\/\" \/>\n<meta property=\"og:site_name\" content=\"HY GLASS\" \/>\n<meta property=\"article:modified_time\" content=\"2026-01-08T08:47:19+00:00\" \/>\n<meta property=\"og:image\" content=\"https:\/\/glass-perfume-bottles.com\/wp-content\/uploads\/2026\/01\/60ml-glass-perfume-bottle.jpg\" \/>\n\t<meta property=\"og:image:width\" content=\"720\" \/>\n\t<meta property=\"og:image:height\" content=\"720\" \/>\n\t<meta property=\"og:image:type\" content=\"image\/jpeg\" \/>\n<meta name=\"twitter:card\" content=\"summary_large_image\" \/>\n<meta name=\"twitter:label1\" content=\"Gesch\u00e4tzte Lesezeit\" \/>\n\t<meta name=\"twitter:data1\" content=\"2\u00a0Minuten\" \/>\n<script type=\"application\/ld+json\" class=\"yoast-schema-graph\">{\"@context\":\"https:\/\/schema.org\",\"@graph\":[{\"@type\":\"WebPage\",\"@id\":\"https:\/\/glass-perfume-bottles.com\/product\/oem-odm-brand-men-60ml-perfume-bottle\/\",\"url\":\"https:\/\/glass-perfume-bottles.com\/product\/oem-odm-brand-men-60ml-perfume-bottle\/\",\"name\":\"men 60ml perfume bottle wholesale suppliers\",\"isPartOf\":{\"@id\":\"https:\/\/glass-perfume-bottles.com\/#website\"},\"primaryImageOfPage\":{\"@id\":\"https:\/\/glass-perfume-bottles.com\/product\/oem-odm-brand-men-60ml-perfume-bottle\/#primaryimage\"},\"image\":{\"@id\":\"https:\/\/glass-perfume-bottles.com\/product\/oem-odm-brand-men-60ml-perfume-bottle\/#primaryimage\"},\"thumbnailUrl\":\"https:\/\/glass-perfume-bottles.com\/wp-content\/uploads\/2026\/01\/60ml-glass-perfume-bottle.jpg\",\"datePublished\":\"2026-01-08T08:33:36+00:00\",\"dateModified\":\"2026-01-08T08:47:19+00:00\",\"description\":\"As the best perfume glass bottle supplier for perfume, reed diffuser, essential oil, we focus on custom private label high quality men 60ml perfume bottle.\",\"breadcrumb\":{\"@id\":\"https:\/\/glass-perfume-bottles.com\/product\/oem-odm-brand-men-60ml-perfume-bottle\/#breadcrumb\"},\"inLanguage\":\"de\",\"potentialAction\":[{\"@type\":\"ReadAction\",\"target\":[\"https:\/\/glass-perfume-bottles.com\/product\/oem-odm-brand-men-60ml-perfume-bottle\/\"]}]},{\"@type\":\"ImageObject\",\"inLanguage\":\"de\",\"@id\":\"https:\/\/glass-perfume-bottles.com\/product\/oem-odm-brand-men-60ml-perfume-bottle\/#primaryimage\",\"url\":\"https:\/\/glass-perfume-bottles.com\/wp-content\/uploads\/2026\/01\/60ml-glass-perfume-bottle.jpg\",\"contentUrl\":\"https:\/\/glass-perfume-bottles.com\/wp-content\/uploads\/2026\/01\/60ml-glass-perfume-bottle.jpg\",\"width\":720,\"height\":720,\"caption\":\"60ml empty perfume bottles, 60ml perfume bottle wholesale, 60ml fragrance bottle\"},{\"@type\":\"BreadcrumbList\",\"@id\":\"https:\/\/glass-perfume-bottles.com\/product\/oem-odm-brand-men-60ml-perfume-bottle\/#breadcrumb\",\"itemListElement\":[{\"@type\":\"ListItem\",\"position\":1,\"name\":\"Home\",\"item\":\"https:\/\/glass-perfume-bottles.com\/\"},{\"@type\":\"ListItem\",\"position\":2,\"name\":\"Product\",\"item\":\"https:\/\/glass-perfume-bottles.com\/custom-made-perfume-bottle-suppliers-and-wholesale\/\"},{\"@type\":\"ListItem\",\"position\":3,\"name\":\"Men 60ml perfume bottle\"}]},{\"@type\":\"WebSite\",\"@id\":\"https:\/\/glass-perfume-bottles.com\/#website\",\"url\":\"https:\/\/glass-perfume-bottles.com\/\",\"name\":\"HY GLASS\",\"description\":\"glass perfume bottle manufacturers &amp; suppliers, aroma reed diffuser bottle wholesale &amp; suppliers\",\"publisher\":{\"@id\":\"https:\/\/glass-perfume-bottles.com\/#organization\"},\"potentialAction\":[{\"@type\":\"SearchAction\",\"target\":{\"@type\":\"EntryPoint\",\"urlTemplate\":\"https:\/\/glass-perfume-bottles.com\/?s={search_term_string}\"},\"query-input\":{\"@type\":\"PropertyValueSpecification\",\"valueRequired\":true,\"valueName\":\"search_term_string\"}}],\"inLanguage\":\"de\"},{\"@type\":\"Organization\",\"@id\":\"https:\/\/glass-perfume-bottles.com\/#organization\",\"name\":\"HY GLASS\",\"url\":\"https:\/\/glass-perfume-bottles.com\/\",\"logo\":{\"@type\":\"ImageObject\",\"inLanguage\":\"de\",\"@id\":\"https:\/\/glass-perfume-bottles.com\/#\/schema\/logo\/image\/\",\"url\":\"https:\/\/glass-perfume-bottles.com\/wp-content\/uploads\/2023\/09\/logo21.png\",\"contentUrl\":\"https:\/\/glass-perfume-bottles.com\/wp-content\/uploads\/2023\/09\/logo21.png\",\"width\":342,\"height\":268,\"caption\":\"HY GLASS\"},\"image\":{\"@id\":\"https:\/\/glass-perfume-bottles.com\/#\/schema\/logo\/image\/\"}}]}<\/script>\n<!-- \/ Yoast SEO Premium plugin. -->","yoast_head_json":{"title":"men 60ml perfume bottle wholesale suppliers","description":"As the best perfume glass bottle supplier for perfume, reed diffuser, essential oil, we focus on custom private label high quality men 60ml perfume bottle.","robots":{"index":"index","follow":"follow","max-snippet":"max-snippet:-1","max-image-preview":"max-image-preview:large","max-video-preview":"max-video-preview:-1"},"canonical":"https:\/\/glass-perfume-bottles.com\/de\/produkt\/oem-odm-brand-men-60ml-perfume-bottle\/","og_locale":"de_DE","og_type":"article","og_title":"Men 60ml perfume bottle","og_description":"As the best perfume glass bottle supplier for perfume, reed diffuser, essential oil, we focus on custom private label high quality men 60ml perfume bottle.","og_url":"https:\/\/glass-perfume-bottles.com\/de\/produkt\/oem-odm-brand-men-60ml-perfume-bottle\/","og_site_name":"HY GLASS","article_modified_time":"2026-01-08T08:47:19+00:00","og_image":[{"width":720,"height":720,"url":"https:\/\/glass-perfume-bottles.com\/wp-content\/uploads\/2026\/01\/60ml-glass-perfume-bottle.jpg","type":"image\/jpeg"}],"twitter_card":"summary_large_image","twitter_misc":{"Gesch\u00e4tzte Lesezeit":"2\u00a0Minuten"},"schema":{"@context":"https:\/\/schema.org","@graph":[{"@type":"WebPage","@id":"https:\/\/glass-perfume-bottles.com\/product\/oem-odm-brand-men-60ml-perfume-bottle\/","url":"https:\/\/glass-perfume-bottles.com\/product\/oem-odm-brand-men-60ml-perfume-bottle\/","name":"men 60ml perfume bottle wholesale suppliers","isPartOf":{"@id":"https:\/\/glass-perfume-bottles.com\/#website"},"primaryImageOfPage":{"@id":"https:\/\/glass-perfume-bottles.com\/product\/oem-odm-brand-men-60ml-perfume-bottle\/#primaryimage"},"image":{"@id":"https:\/\/glass-perfume-bottles.com\/product\/oem-odm-brand-men-60ml-perfume-bottle\/#primaryimage"},"thumbnailUrl":"https:\/\/glass-perfume-bottles.com\/wp-content\/uploads\/2026\/01\/60ml-glass-perfume-bottle.jpg","datePublished":"2026-01-08T08:33:36+00:00","dateModified":"2026-01-08T08:47:19+00:00","description":"As the best perfume glass bottle supplier for perfume, reed diffuser, essential oil, we focus on custom private label high quality men 60ml perfume bottle.","breadcrumb":{"@id":"https:\/\/glass-perfume-bottles.com\/product\/oem-odm-brand-men-60ml-perfume-bottle\/#breadcrumb"},"inLanguage":"de","potentialAction":[{"@type":"ReadAction","target":["https:\/\/glass-perfume-bottles.com\/product\/oem-odm-brand-men-60ml-perfume-bottle\/"]}]},{"@type":"ImageObject","inLanguage":"de","@id":"https:\/\/glass-perfume-bottles.com\/product\/oem-odm-brand-men-60ml-perfume-bottle\/#primaryimage","url":"https:\/\/glass-perfume-bottles.com\/wp-content\/uploads\/2026\/01\/60ml-glass-perfume-bottle.jpg","contentUrl":"https:\/\/glass-perfume-bottles.com\/wp-content\/uploads\/2026\/01\/60ml-glass-perfume-bottle.jpg","width":720,"height":720,"caption":"60ml empty perfume bottles, 60ml perfume bottle wholesale, 60ml fragrance bottle"},{"@type":"BreadcrumbList","@id":"https:\/\/glass-perfume-bottles.com\/product\/oem-odm-brand-men-60ml-perfume-bottle\/#breadcrumb","itemListElement":[{"@type":"ListItem","position":1,"name":"Home","item":"https:\/\/glass-perfume-bottles.com\/"},{"@type":"ListItem","position":2,"name":"Product","item":"https:\/\/glass-perfume-bottles.com\/custom-made-perfume-bottle-suppliers-and-wholesale\/"},{"@type":"ListItem","position":3,"name":"Men 60ml perfume bottle"}]},{"@type":"WebSite","@id":"https:\/\/glass-perfume-bottles.com\/#website","url":"https:\/\/glass-perfume-bottles.com\/","name":"HY GLASS","description":"glass perfume bottle manufacturers &amp; suppliers, aroma reed diffuser bottle wholesale &amp; suppliers","publisher":{"@id":"https:\/\/glass-perfume-bottles.com\/#organization"},"potentialAction":[{"@type":"SearchAction","target":{"@type":"EntryPoint","urlTemplate":"https:\/\/glass-perfume-bottles.com\/?s={search_term_string}"},"query-input":{"@type":"PropertyValueSpecification","valueRequired":true,"valueName":"search_term_string"}}],"inLanguage":"de"},{"@type":"Organization","@id":"https:\/\/glass-perfume-bottles.com\/#organization","name":"HY GLASS","url":"https:\/\/glass-perfume-bottles.com\/","logo":{"@type":"ImageObject","inLanguage":"de","@id":"https:\/\/glass-perfume-bottles.com\/#\/schema\/logo\/image\/","url":"https:\/\/glass-perfume-bottles.com\/wp-content\/uploads\/2023\/09\/logo21.png","contentUrl":"https:\/\/glass-perfume-bottles.com\/wp-content\/uploads\/2023\/09\/logo21.png","width":342,"height":268,"caption":"HY GLASS"},"image":{"@id":"https:\/\/glass-perfume-bottles.com\/#\/schema\/logo\/image\/"}}]}},"taxonomy_info":{"product_cat":[{"value":51,"label":"Glass Perfume Bottle"}],"product_tag":[{"value":490,"label":"60ml empty perfume bottles"},{"value":492,"label":"60ml fragrance bottle"},{"value":491,"label":"60ml perfume bottle wholesale"}]},"featured_image_src_large":["https:\/\/glass-perfume-bottles.com\/wp-content\/uploads\/2026\/01\/60ml-glass-perfume-bottle.jpg",720,720,false],"author_info":[],"comment_info":0,"_links":{"self":[{"href":"https:\/\/glass-perfume-bottles.com\/de\/wp-json\/wp\/v2\/product\/3152","targetHints":{"allow":["GET"]}}],"collection":[{"href":"https:\/\/glass-perfume-bottles.com\/de\/wp-json\/wp\/v2\/product"}],"about":[{"href":"https:\/\/glass-perfume-bottles.com\/de\/wp-json\/wp\/v2\/types\/product"}],"replies":[{"embeddable":true,"href":"https:\/\/glass-perfume-bottles.com\/de\/wp-json\/wp\/v2\/comments?post=3152"}],"wp:featuredmedia":[{"embeddable":true,"href":"https:\/\/glass-perfume-bottles.com\/de\/wp-json\/wp\/v2\/media\/3153"}],"wp:attachment":[{"href":"https:\/\/glass-perfume-bottles.com\/de\/wp-json\/wp\/v2\/media?parent=3152"}],"wp:term":[{"taxonomy":"product_brand","embeddable":true,"href":"https:\/\/glass-perfume-bottles.com\/de\/wp-json\/wp\/v2\/product_brand?post=3152"},{"taxonomy":"product_cat","embeddable":true,"href":"https:\/\/glass-perfume-bottles.com\/de\/wp-json\/wp\/v2\/product_cat?post=3152"},{"taxonomy":"product_tag","embeddable":true,"href":"https:\/\/glass-perfume-bottles.com\/de\/wp-json\/wp\/v2\/product_tag?post=3152"}],"curies":[{"name":"wp","href":"https:\/\/api.w.org\/{rel}","templated":true}]}}