{"id":3164,"date":"2026-01-11T14:30:45","date_gmt":"2026-01-11T14:30:45","guid":{"rendered":"https:\/\/glass-perfume-bottles.com\/?post_type=product&#038;p=3164"},"modified":"2026-01-11T15:09:16","modified_gmt":"2026-01-11T15:09:16","slug":"mini-test-glass-travel-perfume-tube-bottle-with-stopper","status":"publish","type":"product","link":"https:\/\/glass-perfume-bottles.com\/de\/produkt\/mini-test-glass-travel-perfume-tube-bottle-with-stopper\/","title":{"rendered":"Mini-Reiseparf\u00fcmfl\u00e4schchen aus Glas mit St\u00f6psel"},"content":{"rendered":"<table>\n<tbody>\n<tr>\n<td width=\"158\">Produktname<\/td>\n<td width=\"591\">Reise-Parf\u00fcmflasche<\/td>\n<\/tr>\n<tr>\n<td width=\"158\">Material<\/td>\n<td width=\"591\">Niedriger Borosilikatgehalt<\/td>\n<\/tr>\n<tr>\n<td width=\"158\">Flaschenfarbe<\/td>\n<td width=\"591\">Klar, schwarz, mattiert, mattschwarz, rosa oder individuelle Farbe<\/td>\n<\/tr>\n<tr>\n<td width=\"158\">Oberfl\u00e4chenbehandlung<\/td>\n<td width=\"591\">Siebdruck, Hei\u00dfpr\u00e4gung, UV-Lackierung, Mattierung, Aufkleber, Beflockung, Etikettierung, Farblackierung oder individuell nach Ihren W\u00fcnschen<\/td>\n<\/tr>\n<tr>\n<td width=\"158\">Verwendet f\u00fcr<\/td>\n<td width=\"591\">Parf\u00fcm\/Serum\/\u00e4therisches \u00d6l\/Raumduft\u00f6l\/Gesichtswasser\/Deodorant usw.<\/td>\n<\/tr>\n<tr>\n<td width=\"158\">Verpackung<\/td>\n<td width=\"591\">Karton dann Sperrholzpalette,<\/td>\n<\/tr>\n<tr>\n<td width=\"158\">\n<table>\n<tbody>\n<tr>\n<td width=\"158\">Probe<\/td>\n<td width=\"591\"><\/td>\n<\/tr>\n<\/tbody>\n<\/table>\n<\/td>\n<td width=\"591\">Kostenlose Probe, Frachtkosten erforderlich.<\/td>\n<\/tr>\n<tr>\n<td width=\"158\">Artwork-Format<\/td>\n<td width=\"591\">AI, PDF, PS, CDR usw.<\/td>\n<\/tr>\n<tr>\n<td width=\"158\">Transport<\/td>\n<td width=\"591\">FedEx\/DHL\/EMS\/UPS\/TNT\/auf dem Seeweg\/auf dem Luftweg usw.<\/td>\n<\/tr>\n<tr>\n<td width=\"158\">Zahlungsweise<\/td>\n<td width=\"591\">\u00a0T\/T, L\/C, Western Union, Money Gram, Paypal usw.<\/td>\n<\/tr>\n<tr>\n<td width=\"158\">Lieferzeit<\/td>\n<td width=\"591\">Probe 5\u20137 Tage, Auftragsproduktion 10\u201320 Tage, abh\u00e4ngig von den Auftragsdetails.<\/td>\n<\/tr>\n<tr>\n<td width=\"158\">Service<\/td>\n<td width=\"591\">OEM- und ODM-Service, Designservice, Komplettl\u00f6sung<\/td>\n<\/tr>\n<tr>\n<td width=\"158\"><\/td>\n<td width=\"591\"><\/td>\n<\/tr>\n<tr>\n<td width=\"158\"><\/td>\n<td width=\"591\"><\/td>\n<\/tr>\n<\/tbody>\n<\/table>\n<p>&nbsp;<\/p>\n<p><a href=\"https:\/\/glass-perfume-bottles.com\/de\/produkt\/10ml-glass-tube-spray-perfume-bottle-with-custom-box\/\">Reise-Parf\u00fcmflasche<\/a> \u00a0Hergestellt aus Borosilikatglas, bieten wir Kapazit\u00e4ten von 0,5 ml bis 3 ml f\u00fcr unsere Kunden an. Wir akzeptieren Siebdruck, Hei\u00dfpr\u00e4gung, UV-Lackierung, Mattierung, Aufkleber, Beflockung, Etikettierung, Farblackierung oder kundenspezifische Ausf\u00fchrungen.<\/p>\n<p>Als Profi\u00a0<a href=\"https:\/\/www.hyglassbottles.com\/product\/Travel-size-mini-10ml-glass-perfume-bottle-supplier.html\">Parf\u00fcmflasche aus Glas<\/a>\u00a0In unserer Fabrik fertigen wir Produkte in verschiedenen Formen und Gr\u00f6\u00dfen f\u00fcr unsere Kunden. Wir akzeptieren Farbbeschichtungen, Mattierungen, Hei\u00dfpr\u00e4gungen, Marmorbeschichtungen, Beflockungen usw. Dank unserer professionellen Produktionslinie und unseres Designteams k\u00f6nnen wir unseren Kunden erstklassigen Service und stabile Produkte bieten. Senden Sie uns gerne Ihre Anfrage. Wir freuen uns auf Sie.<\/p>\n<p>&nbsp;<\/p>\n<p>&nbsp;<\/p>","protected":false},"excerpt":{"rendered":"<p><a href=\"https:\/\/glass-perfume-bottles.com\/de\/produkt\/exquisite-perfume-bottle-gift-box\/\">Mini-Parf\u00fcmfl\u00e4schchen aus Glas, Testglas \u00a0<\/a>Hergestellt aus Borosilikatglas, produzieren wir f\u00fcr unsere Kunden Verpackungsgr\u00f6\u00dfen von 0,5 ml bis 3 ml. Es eignet sich f\u00fcr die Verpackung von hochwertigen Produkten. Die Verpackung von hochwertigen Kosmetika, Parfums, Alkohol und anderen Produkten verleiht den Produkten ein Gef\u00fchl von Luxus und hoher Qualit\u00e4t.<\/p>","protected":false},"featured_media":3165,"comment_status":"closed","ping_status":"closed","template":"","meta":{"_kad_blocks_custom_css":"","_kad_blocks_head_custom_js":"","_kad_blocks_body_custom_js":"","_kad_blocks_footer_custom_js":"","_kad_post_transparent":"default","_kad_post_title":"","_kad_post_layout":"default","_kad_post_sidebar_id":"","_kad_post_content_style":"default","_kad_post_vertical_padding":"default","_kad_post_feature":"","_kad_post_feature_position":"","_kad_post_header":false,"_kad_post_footer":false,"_joinchat":[]},"product_brand":[],"product_cat":[51],"product_tag":[509,510,508,511,507],"class_list":{"0":"post-3164","1":"product","2":"type-product","3":"status-publish","4":"has-post-thumbnail","6":"product_cat-glass-perfume-bottles","7":"product_tag-mini-perfume-bottles","8":"product_tag-refillable-perfume-bottle","9":"product_tag-travel-bottles-for-perfume","10":"product_tag-travel-size-perfume-bottle","11":"product_tag-tube-perfume-bottles","13":"first","14":"instock","15":"shipping-taxable","16":"product-type-simple","17":"entry","18":"content-bg","19":"loop-entry"},"yoast_head":"<!-- This site is optimized with the Yoast SEO Premium plugin v20.5 (Yoast SEO v24.2) - https:\/\/yoast.com\/wordpress\/plugins\/seo\/ -->\n<title>Travel perfume tube bottle<\/title>\n<meta name=\"description\" content=\"Mini test glass travel perfume tube bottle with stopper\" \/>\n<meta name=\"robots\" content=\"index, follow, max-snippet:-1, max-image-preview:large, max-video-preview:-1\" \/>\n<link rel=\"canonical\" href=\"https:\/\/glass-perfume-bottles.com\/de\/produkt\/mini-test-glass-travel-perfume-tube-bottle-with-stopper\/\" \/>\n<meta property=\"og:locale\" content=\"de_DE\" \/>\n<meta property=\"og:type\" content=\"article\" \/>\n<meta property=\"og:title\" content=\"Mini test glass travel perfume tube bottle with stopper\" \/>\n<meta property=\"og:description\" content=\"Mini test glass travel perfume tube bottle with stopper\" \/>\n<meta property=\"og:url\" content=\"https:\/\/glass-perfume-bottles.com\/de\/produkt\/mini-test-glass-travel-perfume-tube-bottle-with-stopper\/\" \/>\n<meta property=\"og:site_name\" content=\"HY GLASS\" \/>\n<meta property=\"article:modified_time\" content=\"2026-01-11T15:09:16+00:00\" \/>\n<meta property=\"og:image\" content=\"https:\/\/glass-perfume-bottles.com\/wp-content\/uploads\/2026\/01\/Mini-test-glass-tube-perfume-bottle-with-stopper.jpg\" \/>\n\t<meta property=\"og:image:width\" content=\"720\" \/>\n\t<meta property=\"og:image:height\" content=\"720\" \/>\n\t<meta property=\"og:image:type\" content=\"image\/jpeg\" \/>\n<meta name=\"twitter:card\" content=\"summary_large_image\" \/>\n<meta name=\"twitter:label1\" content=\"Gesch\u00e4tzte Lesezeit\" \/>\n\t<meta name=\"twitter:data1\" content=\"1\u00a0Minute\" \/>\n<script type=\"application\/ld+json\" class=\"yoast-schema-graph\">{\"@context\":\"https:\/\/schema.org\",\"@graph\":[{\"@type\":\"WebPage\",\"@id\":\"https:\/\/glass-perfume-bottles.com\/product\/mini-test-glass-travel-perfume-tube-bottle-with-stopper\/\",\"url\":\"https:\/\/glass-perfume-bottles.com\/product\/mini-test-glass-travel-perfume-tube-bottle-with-stopper\/\",\"name\":\"Travel perfume tube bottle\",\"isPartOf\":{\"@id\":\"https:\/\/glass-perfume-bottles.com\/#website\"},\"primaryImageOfPage\":{\"@id\":\"https:\/\/glass-perfume-bottles.com\/product\/mini-test-glass-travel-perfume-tube-bottle-with-stopper\/#primaryimage\"},\"image\":{\"@id\":\"https:\/\/glass-perfume-bottles.com\/product\/mini-test-glass-travel-perfume-tube-bottle-with-stopper\/#primaryimage\"},\"thumbnailUrl\":\"https:\/\/glass-perfume-bottles.com\/wp-content\/uploads\/2026\/01\/Mini-test-glass-tube-perfume-bottle-with-stopper.jpg\",\"datePublished\":\"2026-01-11T14:30:45+00:00\",\"dateModified\":\"2026-01-11T15:09:16+00:00\",\"description\":\"Mini test glass travel perfume tube bottle with stopper\",\"breadcrumb\":{\"@id\":\"https:\/\/glass-perfume-bottles.com\/product\/mini-test-glass-travel-perfume-tube-bottle-with-stopper\/#breadcrumb\"},\"inLanguage\":\"de\",\"potentialAction\":[{\"@type\":\"ReadAction\",\"target\":[\"https:\/\/glass-perfume-bottles.com\/product\/mini-test-glass-travel-perfume-tube-bottle-with-stopper\/\"]}]},{\"@type\":\"ImageObject\",\"inLanguage\":\"de\",\"@id\":\"https:\/\/glass-perfume-bottles.com\/product\/mini-test-glass-travel-perfume-tube-bottle-with-stopper\/#primaryimage\",\"url\":\"https:\/\/glass-perfume-bottles.com\/wp-content\/uploads\/2026\/01\/Mini-test-glass-tube-perfume-bottle-with-stopper.jpg\",\"contentUrl\":\"https:\/\/glass-perfume-bottles.com\/wp-content\/uploads\/2026\/01\/Mini-test-glass-tube-perfume-bottle-with-stopper.jpg\",\"width\":720,\"height\":720,\"caption\":\"Perfume tube bottle \u00a0made of low borosilicate ,we have produced capacity from 0.5ml-3ml for customer\"},{\"@type\":\"BreadcrumbList\",\"@id\":\"https:\/\/glass-perfume-bottles.com\/product\/mini-test-glass-travel-perfume-tube-bottle-with-stopper\/#breadcrumb\",\"itemListElement\":[{\"@type\":\"ListItem\",\"position\":1,\"name\":\"Home\",\"item\":\"https:\/\/glass-perfume-bottles.com\/\"},{\"@type\":\"ListItem\",\"position\":2,\"name\":\"Product\",\"item\":\"https:\/\/glass-perfume-bottles.com\/custom-made-perfume-bottle-suppliers-and-wholesale\/\"},{\"@type\":\"ListItem\",\"position\":3,\"name\":\"Mini test glass travel perfume tube bottle with stopper\"}]},{\"@type\":\"WebSite\",\"@id\":\"https:\/\/glass-perfume-bottles.com\/#website\",\"url\":\"https:\/\/glass-perfume-bottles.com\/\",\"name\":\"HY GLASS\",\"description\":\"glass perfume bottle manufacturers &amp; suppliers, aroma reed diffuser bottle wholesale &amp; suppliers\",\"publisher\":{\"@id\":\"https:\/\/glass-perfume-bottles.com\/#organization\"},\"potentialAction\":[{\"@type\":\"SearchAction\",\"target\":{\"@type\":\"EntryPoint\",\"urlTemplate\":\"https:\/\/glass-perfume-bottles.com\/?s={search_term_string}\"},\"query-input\":{\"@type\":\"PropertyValueSpecification\",\"valueRequired\":true,\"valueName\":\"search_term_string\"}}],\"inLanguage\":\"de\"},{\"@type\":\"Organization\",\"@id\":\"https:\/\/glass-perfume-bottles.com\/#organization\",\"name\":\"HY GLASS\",\"url\":\"https:\/\/glass-perfume-bottles.com\/\",\"logo\":{\"@type\":\"ImageObject\",\"inLanguage\":\"de\",\"@id\":\"https:\/\/glass-perfume-bottles.com\/#\/schema\/logo\/image\/\",\"url\":\"https:\/\/glass-perfume-bottles.com\/wp-content\/uploads\/2023\/09\/logo21.png\",\"contentUrl\":\"https:\/\/glass-perfume-bottles.com\/wp-content\/uploads\/2023\/09\/logo21.png\",\"width\":342,\"height\":268,\"caption\":\"HY GLASS\"},\"image\":{\"@id\":\"https:\/\/glass-perfume-bottles.com\/#\/schema\/logo\/image\/\"}}]}<\/script>\n<!-- \/ Yoast SEO Premium plugin. -->","yoast_head_json":{"title":"Travel perfume tube bottle","description":"Mini test glass travel perfume tube bottle with stopper","robots":{"index":"index","follow":"follow","max-snippet":"max-snippet:-1","max-image-preview":"max-image-preview:large","max-video-preview":"max-video-preview:-1"},"canonical":"https:\/\/glass-perfume-bottles.com\/de\/produkt\/mini-test-glass-travel-perfume-tube-bottle-with-stopper\/","og_locale":"de_DE","og_type":"article","og_title":"Mini test glass travel perfume tube bottle with stopper","og_description":"Mini test glass travel perfume tube bottle with stopper","og_url":"https:\/\/glass-perfume-bottles.com\/de\/produkt\/mini-test-glass-travel-perfume-tube-bottle-with-stopper\/","og_site_name":"HY GLASS","article_modified_time":"2026-01-11T15:09:16+00:00","og_image":[{"width":720,"height":720,"url":"https:\/\/glass-perfume-bottles.com\/wp-content\/uploads\/2026\/01\/Mini-test-glass-tube-perfume-bottle-with-stopper.jpg","type":"image\/jpeg"}],"twitter_card":"summary_large_image","twitter_misc":{"Gesch\u00e4tzte Lesezeit":"1\u00a0Minute"},"schema":{"@context":"https:\/\/schema.org","@graph":[{"@type":"WebPage","@id":"https:\/\/glass-perfume-bottles.com\/product\/mini-test-glass-travel-perfume-tube-bottle-with-stopper\/","url":"https:\/\/glass-perfume-bottles.com\/product\/mini-test-glass-travel-perfume-tube-bottle-with-stopper\/","name":"Travel perfume tube bottle","isPartOf":{"@id":"https:\/\/glass-perfume-bottles.com\/#website"},"primaryImageOfPage":{"@id":"https:\/\/glass-perfume-bottles.com\/product\/mini-test-glass-travel-perfume-tube-bottle-with-stopper\/#primaryimage"},"image":{"@id":"https:\/\/glass-perfume-bottles.com\/product\/mini-test-glass-travel-perfume-tube-bottle-with-stopper\/#primaryimage"},"thumbnailUrl":"https:\/\/glass-perfume-bottles.com\/wp-content\/uploads\/2026\/01\/Mini-test-glass-tube-perfume-bottle-with-stopper.jpg","datePublished":"2026-01-11T14:30:45+00:00","dateModified":"2026-01-11T15:09:16+00:00","description":"Mini test glass travel perfume tube bottle with stopper","breadcrumb":{"@id":"https:\/\/glass-perfume-bottles.com\/product\/mini-test-glass-travel-perfume-tube-bottle-with-stopper\/#breadcrumb"},"inLanguage":"de","potentialAction":[{"@type":"ReadAction","target":["https:\/\/glass-perfume-bottles.com\/product\/mini-test-glass-travel-perfume-tube-bottle-with-stopper\/"]}]},{"@type":"ImageObject","inLanguage":"de","@id":"https:\/\/glass-perfume-bottles.com\/product\/mini-test-glass-travel-perfume-tube-bottle-with-stopper\/#primaryimage","url":"https:\/\/glass-perfume-bottles.com\/wp-content\/uploads\/2026\/01\/Mini-test-glass-tube-perfume-bottle-with-stopper.jpg","contentUrl":"https:\/\/glass-perfume-bottles.com\/wp-content\/uploads\/2026\/01\/Mini-test-glass-tube-perfume-bottle-with-stopper.jpg","width":720,"height":720,"caption":"Perfume tube bottle \u00a0made of low borosilicate ,we have produced capacity from 0.5ml-3ml for customer"},{"@type":"BreadcrumbList","@id":"https:\/\/glass-perfume-bottles.com\/product\/mini-test-glass-travel-perfume-tube-bottle-with-stopper\/#breadcrumb","itemListElement":[{"@type":"ListItem","position":1,"name":"Home","item":"https:\/\/glass-perfume-bottles.com\/"},{"@type":"ListItem","position":2,"name":"Product","item":"https:\/\/glass-perfume-bottles.com\/custom-made-perfume-bottle-suppliers-and-wholesale\/"},{"@type":"ListItem","position":3,"name":"Mini test glass travel perfume tube bottle with stopper"}]},{"@type":"WebSite","@id":"https:\/\/glass-perfume-bottles.com\/#website","url":"https:\/\/glass-perfume-bottles.com\/","name":"HY GLASS","description":"glass perfume bottle manufacturers &amp; suppliers, aroma reed diffuser bottle wholesale &amp; suppliers","publisher":{"@id":"https:\/\/glass-perfume-bottles.com\/#organization"},"potentialAction":[{"@type":"SearchAction","target":{"@type":"EntryPoint","urlTemplate":"https:\/\/glass-perfume-bottles.com\/?s={search_term_string}"},"query-input":{"@type":"PropertyValueSpecification","valueRequired":true,"valueName":"search_term_string"}}],"inLanguage":"de"},{"@type":"Organization","@id":"https:\/\/glass-perfume-bottles.com\/#organization","name":"HY GLASS","url":"https:\/\/glass-perfume-bottles.com\/","logo":{"@type":"ImageObject","inLanguage":"de","@id":"https:\/\/glass-perfume-bottles.com\/#\/schema\/logo\/image\/","url":"https:\/\/glass-perfume-bottles.com\/wp-content\/uploads\/2023\/09\/logo21.png","contentUrl":"https:\/\/glass-perfume-bottles.com\/wp-content\/uploads\/2023\/09\/logo21.png","width":342,"height":268,"caption":"HY GLASS"},"image":{"@id":"https:\/\/glass-perfume-bottles.com\/#\/schema\/logo\/image\/"}}]}},"taxonomy_info":{"product_cat":[{"value":51,"label":"Glass Perfume Bottle"}],"product_tag":[{"value":509,"label":"Mini Perfume Bottles"},{"value":510,"label":"Refillable Perfume Bottle"},{"value":508,"label":"Travel Bottles For Perfume"},{"value":511,"label":"Travel Size Perfume Bottle"},{"value":507,"label":"Tube Perfume Bottles"}]},"featured_image_src_large":["https:\/\/glass-perfume-bottles.com\/wp-content\/uploads\/2026\/01\/Mini-test-glass-tube-perfume-bottle-with-stopper.jpg",720,720,false],"author_info":[],"comment_info":0,"_links":{"self":[{"href":"https:\/\/glass-perfume-bottles.com\/de\/wp-json\/wp\/v2\/product\/3164","targetHints":{"allow":["GET"]}}],"collection":[{"href":"https:\/\/glass-perfume-bottles.com\/de\/wp-json\/wp\/v2\/product"}],"about":[{"href":"https:\/\/glass-perfume-bottles.com\/de\/wp-json\/wp\/v2\/types\/product"}],"replies":[{"embeddable":true,"href":"https:\/\/glass-perfume-bottles.com\/de\/wp-json\/wp\/v2\/comments?post=3164"}],"wp:featuredmedia":[{"embeddable":true,"href":"https:\/\/glass-perfume-bottles.com\/de\/wp-json\/wp\/v2\/media\/3165"}],"wp:attachment":[{"href":"https:\/\/glass-perfume-bottles.com\/de\/wp-json\/wp\/v2\/media?parent=3164"}],"wp:term":[{"taxonomy":"product_brand","embeddable":true,"href":"https:\/\/glass-perfume-bottles.com\/de\/wp-json\/wp\/v2\/product_brand?post=3164"},{"taxonomy":"product_cat","embeddable":true,"href":"https:\/\/glass-perfume-bottles.com\/de\/wp-json\/wp\/v2\/product_cat?post=3164"},{"taxonomy":"product_tag","embeddable":true,"href":"https:\/\/glass-perfume-bottles.com\/de\/wp-json\/wp\/v2\/product_tag?post=3164"}],"curies":[{"name":"wp","href":"https:\/\/api.w.org\/{rel}","templated":true}]}}