{"id":3173,"date":"2026-01-16T10:12:41","date_gmt":"2026-01-16T10:12:41","guid":{"rendered":"https:\/\/glass-perfume-bottles.com\/?post_type=product&#038;p=3173"},"modified":"2026-01-16T10:27:28","modified_gmt":"2026-01-16T10:27:28","slug":"custom-high-borosilicate-glass-aromatherapy-bottle","status":"publish","type":"product","link":"https:\/\/glass-perfume-bottles.com\/de\/produkt\/custom-high-borosilicate-glass-aromatherapy-bottle\/","title":{"rendered":"Aromatherapieflasche aus Borosilikatglas"},"content":{"rendered":"<table>\n<tbody>\n<tr>\n<td width=\"158\">Produktname<\/td>\n<td width=\"591\">Aromatherapieflasche aus Borosilikatglas<\/td>\n<\/tr>\n<tr>\n<td width=\"158\">Kapazit\u00e4t<\/td>\n<td width=\"591\">227 ml oder andere individuelle Gr\u00f6\u00dfe<\/td>\n<\/tr>\n<tr>\n<td width=\"158\">Gr\u00f6\u00dfe<\/td>\n<td width=\"591\">90 x 152 mm<\/td>\n<\/tr>\n<tr>\n<td width=\"158\">Gewicht<\/td>\n<td width=\"591\">212 g, 240 g<\/td>\n<\/tr>\n<tr>\n<td width=\"158\">Material<\/td>\n<td width=\"591\">Hochborosilikatglas<\/td>\n<\/tr>\n<tr>\n<td width=\"158\">Geh\u00e4usefarbe<\/td>\n<td width=\"591\">Klar, mattiert, rot, schwarz, blau, gr\u00fcn, rosa oder in einer individuellen Farbe<\/td>\n<\/tr>\n<tr>\n<td width=\"158\">Oberfl\u00e4chenbehandlung<\/td>\n<td width=\"591\">Siebdruck, Hei\u00dfpr\u00e4gung, Mattierung, Metallisierung, Beflockung, Holografie, Marmorierung, Abziehbild etc.<\/td>\n<\/tr>\n<tr>\n<td width=\"158\">Verwendung<\/td>\n<td width=\"591\">\u00a0Verpackung Parf\u00fcm\u00f6l\/\u00e4therisches \u00d6l\/Deodorant\/Lufterfrischer\/Parf\u00fcm\/Serum\/\u00e4therisches \u00d6l\/Toner<\/td>\n<\/tr>\n<tr>\n<td width=\"158\">Verpackung<\/td>\n<td width=\"591\">Exportkarton dann Sperrholzpalette,<\/td>\n<\/tr>\n<tr>\n<td width=\"158\">Mindestbestellmenge<\/td>\n<td width=\"591\">1.000 St\u00fcck (da es ein individuelles Design gibt)<\/td>\n<\/tr>\n<tr>\n<td width=\"158\">Probe<\/td>\n<td width=\"591\">Kostenlose Probe, Frachtkosten erforderlich.<\/td>\n<\/tr>\n<tr>\n<td width=\"158\">Transport<\/td>\n<td width=\"591\">FedEx\/DHL\/EMS\/UPS\/TNT\/auf dem Seeweg\/auf dem Luftweg usw.<\/td>\n<\/tr>\n<tr>\n<td width=\"158\">Zahlungsweise<\/td>\n<td width=\"591\">T\/T, L\/C, Western Union, MoneyGram, Paypal usw.<\/td>\n<\/tr>\n<tr>\n<td width=\"158\">Lieferzeit<\/td>\n<td width=\"591\">Probe 1\u20132 Tage, Auftragsproduktion 20\u201345 Tage, abh\u00e4ngig von den Auftragsdetails.<\/td>\n<\/tr>\n<tr>\n<td width=\"158\">Service<\/td>\n<td width=\"591\">OEM- und ODM-Glasflaschenservice, Designservice, Komplettl\u00f6sung<\/td>\n<\/tr>\n<\/tbody>\n<\/table>\n<p>Diese Aromatherapie-Flasche aus hochwertigem Borosilikatglas ist bruchfest und dennoch extrem leicht. Sie besteht aus zwei Schichten: einer \u00e4u\u00dferen H\u00fclle und einem speziell geformten Innenbeh\u00e4lter, in den Sie Ihr Lieblingsduft\u00f6l einf\u00fcllen k\u00f6nnen. Stecken Sie einfach das Duftst\u00e4bchen hinein und geben Sie Ihr bevorzugtes Duft\u00f6l hinzu. Wir bieten Ihnen auch hautfreundliche Duftst\u00e4bchen an, die den Duft langsam freisetzen und so die Luft erfrischen.<\/p>\n<p>Die Aromatherapie-Flasche aus hochwertigem Borosilikatglas eignet sich perfekt f\u00fcr viele Anl\u00e4sse wie Hochzeiten, Veranstaltungen, als Dekoration f\u00fcr Zuhause, im Spa oder im Badezimmer. Sie ist auch ein exquisites Geschenk f\u00fcr Ihre Lieben, Familie, Freunde und Kollegen. Sie k\u00f6nnen sie f\u00fcr Einweihungsfeiern oder als Badezimmerdekoration verwenden.<\/p>\n<p>Als professioneller <a href=\"https:\/\/glass-perfume-bottles.com\/de\/produkt\/customize-200ml-glacier-base-diffuser-bottle-suppliers\/\">Lieferanten von Aromatherapie-Glasflaschen<\/a> F\u00fcr den Gro\u00dfhandel bieten wir die M\u00f6glichkeit, Ihr Logo und die Form der Aromatherapieflasche aus hochwertigem Borosilikatglas individuell anzupassen. Kontaktieren Sie uns gerne. <a href=\"https:\/\/www.hyglassbottles.com\/product\/200ml-snow-mountain-bottom-aroma-diffuser-bottle-wholesale-suppliers.html\">Diffusorflaschen der Marke OEM<\/a>!<\/p>\n<p>&nbsp;<\/p>","protected":false},"excerpt":{"rendered":"<p>Als professioneller <a href=\"https:\/\/glass-perfume-bottles.com\/de\/produkt\/customize-200ml-glacier-base-diffuser-bottle-suppliers\/\">Lieferanten von Aromatherapie-Glasflaschen<\/a> F\u00fcr den Gro\u00dfhandel bieten wir die M\u00f6glichkeit, Ihr Logo und die Form der Aromatherapieflasche aus hochwertigem Borosilikatglas individuell anzupassen. Kontaktieren Sie uns gerne. <a href=\"https:\/\/www.hyglassbottles.com\/product\/200ml-snow-mountain-bottom-aroma-diffuser-bottle-wholesale-suppliers.html\">Diffusorflaschen der Marke OEM<\/a>!<\/p>","protected":false},"featured_media":3174,"comment_status":"open","ping_status":"closed","template":"","meta":{"_kad_blocks_custom_css":"","_kad_blocks_head_custom_js":"","_kad_blocks_body_custom_js":"","_kad_blocks_footer_custom_js":"","_kad_post_transparent":"default","_kad_post_title":"","_kad_post_layout":"default","_kad_post_sidebar_id":"","_kad_post_content_style":"default","_kad_post_vertical_padding":"default","_kad_post_feature":"","_kad_post_feature_position":"","_kad_post_header":false,"_kad_post_footer":false,"_joinchat":[]},"product_brand":[],"product_cat":[71],"product_tag":[513,512,514],"class_list":{"0":"post-3173","1":"product","2":"type-product","3":"status-publish","4":"has-post-thumbnail","6":"product_cat-glass-aroma-reed-diffuser-bottle-1","7":"product_tag-200ml-glacier-base-aroma-reed-diffuser-bottle-manufacturer","8":"product_tag-glacier-base-diffuser-bottle-suppliers","9":"product_tag-iceberg-base-aroma-diffuser-bottle-wholesale","11":"first","12":"instock","13":"shipping-taxable","14":"product-type-simple","15":"entry","16":"content-bg","17":"loop-entry"},"yoast_head":"<!-- This site is optimized with the Yoast SEO Premium plugin v20.5 (Yoast SEO v24.2) - https:\/\/yoast.com\/wordpress\/plugins\/seo\/ -->\n<title>High borosilicate glass aromatherapy bottle suppliers<\/title>\n<meta name=\"description\" content=\"As the professional glass aromatherapy bottle suppliers and wholesales, we can customize your own logo high borosilicate glass aromatherapy bottle.\" \/>\n<meta name=\"robots\" content=\"index, follow, max-snippet:-1, max-image-preview:large, max-video-preview:-1\" \/>\n<link rel=\"canonical\" href=\"https:\/\/glass-perfume-bottles.com\/de\/produkt\/custom-high-borosilicate-glass-aromatherapy-bottle\/\" \/>\n<meta property=\"og:locale\" content=\"de_DE\" \/>\n<meta property=\"og:type\" content=\"article\" \/>\n<meta property=\"og:title\" content=\"High borosilicate glass aromatherapy bottle\" \/>\n<meta property=\"og:description\" content=\"As the professional glass aromatherapy bottle suppliers and wholesales, we can customize your own logo high borosilicate glass aromatherapy bottle.\" \/>\n<meta property=\"og:url\" content=\"https:\/\/glass-perfume-bottles.com\/de\/produkt\/custom-high-borosilicate-glass-aromatherapy-bottle\/\" \/>\n<meta property=\"og:site_name\" content=\"HY GLASS\" \/>\n<meta property=\"article:modified_time\" content=\"2026-01-16T10:27:28+00:00\" \/>\n<meta property=\"og:image\" content=\"https:\/\/glass-perfume-bottles.com\/wp-content\/uploads\/2026\/01\/high-borosilicate-glass-aromatherapy-bottle-2.jpg\" \/>\n\t<meta property=\"og:image:width\" content=\"720\" \/>\n\t<meta property=\"og:image:height\" content=\"720\" \/>\n\t<meta property=\"og:image:type\" content=\"image\/jpeg\" \/>\n<meta name=\"twitter:card\" content=\"summary_large_image\" \/>\n<meta name=\"twitter:label1\" content=\"Gesch\u00e4tzte Lesezeit\" \/>\n\t<meta name=\"twitter:data1\" content=\"2\u00a0Minuten\" \/>\n<script type=\"application\/ld+json\" class=\"yoast-schema-graph\">{\"@context\":\"https:\/\/schema.org\",\"@graph\":[{\"@type\":\"WebPage\",\"@id\":\"https:\/\/glass-perfume-bottles.com\/product\/custom-high-borosilicate-glass-aromatherapy-bottle\/\",\"url\":\"https:\/\/glass-perfume-bottles.com\/product\/custom-high-borosilicate-glass-aromatherapy-bottle\/\",\"name\":\"High borosilicate glass aromatherapy bottle suppliers\",\"isPartOf\":{\"@id\":\"https:\/\/glass-perfume-bottles.com\/#website\"},\"primaryImageOfPage\":{\"@id\":\"https:\/\/glass-perfume-bottles.com\/product\/custom-high-borosilicate-glass-aromatherapy-bottle\/#primaryimage\"},\"image\":{\"@id\":\"https:\/\/glass-perfume-bottles.com\/product\/custom-high-borosilicate-glass-aromatherapy-bottle\/#primaryimage\"},\"thumbnailUrl\":\"https:\/\/glass-perfume-bottles.com\/wp-content\/uploads\/2026\/01\/high-borosilicate-glass-aromatherapy-bottle-2.jpg\",\"datePublished\":\"2026-01-16T10:12:41+00:00\",\"dateModified\":\"2026-01-16T10:27:28+00:00\",\"description\":\"As the professional glass aromatherapy bottle suppliers and wholesales, we can customize your own logo high borosilicate glass aromatherapy bottle.\",\"breadcrumb\":{\"@id\":\"https:\/\/glass-perfume-bottles.com\/product\/custom-high-borosilicate-glass-aromatherapy-bottle\/#breadcrumb\"},\"inLanguage\":\"de\",\"potentialAction\":[{\"@type\":\"ReadAction\",\"target\":[\"https:\/\/glass-perfume-bottles.com\/product\/custom-high-borosilicate-glass-aromatherapy-bottle\/\"]}]},{\"@type\":\"ImageObject\",\"inLanguage\":\"de\",\"@id\":\"https:\/\/glass-perfume-bottles.com\/product\/custom-high-borosilicate-glass-aromatherapy-bottle\/#primaryimage\",\"url\":\"https:\/\/glass-perfume-bottles.com\/wp-content\/uploads\/2026\/01\/high-borosilicate-glass-aromatherapy-bottle-2.jpg\",\"contentUrl\":\"https:\/\/glass-perfume-bottles.com\/wp-content\/uploads\/2026\/01\/high-borosilicate-glass-aromatherapy-bottle-2.jpg\",\"width\":720,\"height\":720,\"caption\":\"high borosilicate glass aromatherapy bottle suppliers, high borosilicate diffuser bottle, double layer reed diffuser bottle\"},{\"@type\":\"BreadcrumbList\",\"@id\":\"https:\/\/glass-perfume-bottles.com\/product\/custom-high-borosilicate-glass-aromatherapy-bottle\/#breadcrumb\",\"itemListElement\":[{\"@type\":\"ListItem\",\"position\":1,\"name\":\"Home\",\"item\":\"https:\/\/glass-perfume-bottles.com\/\"},{\"@type\":\"ListItem\",\"position\":2,\"name\":\"Product\",\"item\":\"https:\/\/glass-perfume-bottles.com\/custom-made-perfume-bottle-suppliers-and-wholesale\/\"},{\"@type\":\"ListItem\",\"position\":3,\"name\":\"High borosilicate glass aromatherapy bottle\"}]},{\"@type\":\"WebSite\",\"@id\":\"https:\/\/glass-perfume-bottles.com\/#website\",\"url\":\"https:\/\/glass-perfume-bottles.com\/\",\"name\":\"HY GLASS\",\"description\":\"glass perfume bottle manufacturers &amp; suppliers, aroma reed diffuser bottle wholesale &amp; suppliers\",\"publisher\":{\"@id\":\"https:\/\/glass-perfume-bottles.com\/#organization\"},\"potentialAction\":[{\"@type\":\"SearchAction\",\"target\":{\"@type\":\"EntryPoint\",\"urlTemplate\":\"https:\/\/glass-perfume-bottles.com\/?s={search_term_string}\"},\"query-input\":{\"@type\":\"PropertyValueSpecification\",\"valueRequired\":true,\"valueName\":\"search_term_string\"}}],\"inLanguage\":\"de\"},{\"@type\":\"Organization\",\"@id\":\"https:\/\/glass-perfume-bottles.com\/#organization\",\"name\":\"HY GLASS\",\"url\":\"https:\/\/glass-perfume-bottles.com\/\",\"logo\":{\"@type\":\"ImageObject\",\"inLanguage\":\"de\",\"@id\":\"https:\/\/glass-perfume-bottles.com\/#\/schema\/logo\/image\/\",\"url\":\"https:\/\/glass-perfume-bottles.com\/wp-content\/uploads\/2023\/09\/logo21.png\",\"contentUrl\":\"https:\/\/glass-perfume-bottles.com\/wp-content\/uploads\/2023\/09\/logo21.png\",\"width\":342,\"height\":268,\"caption\":\"HY GLASS\"},\"image\":{\"@id\":\"https:\/\/glass-perfume-bottles.com\/#\/schema\/logo\/image\/\"}}]}<\/script>\n<!-- \/ Yoast SEO Premium plugin. -->","yoast_head_json":{"title":"High borosilicate glass aromatherapy bottle suppliers","description":"As the professional glass aromatherapy bottle suppliers and wholesales, we can customize your own logo high borosilicate glass aromatherapy bottle.","robots":{"index":"index","follow":"follow","max-snippet":"max-snippet:-1","max-image-preview":"max-image-preview:large","max-video-preview":"max-video-preview:-1"},"canonical":"https:\/\/glass-perfume-bottles.com\/de\/produkt\/custom-high-borosilicate-glass-aromatherapy-bottle\/","og_locale":"de_DE","og_type":"article","og_title":"High borosilicate glass aromatherapy bottle","og_description":"As the professional glass aromatherapy bottle suppliers and wholesales, we can customize your own logo high borosilicate glass aromatherapy bottle.","og_url":"https:\/\/glass-perfume-bottles.com\/de\/produkt\/custom-high-borosilicate-glass-aromatherapy-bottle\/","og_site_name":"HY GLASS","article_modified_time":"2026-01-16T10:27:28+00:00","og_image":[{"width":720,"height":720,"url":"https:\/\/glass-perfume-bottles.com\/wp-content\/uploads\/2026\/01\/high-borosilicate-glass-aromatherapy-bottle-2.jpg","type":"image\/jpeg"}],"twitter_card":"summary_large_image","twitter_misc":{"Gesch\u00e4tzte Lesezeit":"2\u00a0Minuten"},"schema":{"@context":"https:\/\/schema.org","@graph":[{"@type":"WebPage","@id":"https:\/\/glass-perfume-bottles.com\/product\/custom-high-borosilicate-glass-aromatherapy-bottle\/","url":"https:\/\/glass-perfume-bottles.com\/product\/custom-high-borosilicate-glass-aromatherapy-bottle\/","name":"High borosilicate glass aromatherapy bottle suppliers","isPartOf":{"@id":"https:\/\/glass-perfume-bottles.com\/#website"},"primaryImageOfPage":{"@id":"https:\/\/glass-perfume-bottles.com\/product\/custom-high-borosilicate-glass-aromatherapy-bottle\/#primaryimage"},"image":{"@id":"https:\/\/glass-perfume-bottles.com\/product\/custom-high-borosilicate-glass-aromatherapy-bottle\/#primaryimage"},"thumbnailUrl":"https:\/\/glass-perfume-bottles.com\/wp-content\/uploads\/2026\/01\/high-borosilicate-glass-aromatherapy-bottle-2.jpg","datePublished":"2026-01-16T10:12:41+00:00","dateModified":"2026-01-16T10:27:28+00:00","description":"As the professional glass aromatherapy bottle suppliers and wholesales, we can customize your own logo high borosilicate glass aromatherapy bottle.","breadcrumb":{"@id":"https:\/\/glass-perfume-bottles.com\/product\/custom-high-borosilicate-glass-aromatherapy-bottle\/#breadcrumb"},"inLanguage":"de","potentialAction":[{"@type":"ReadAction","target":["https:\/\/glass-perfume-bottles.com\/product\/custom-high-borosilicate-glass-aromatherapy-bottle\/"]}]},{"@type":"ImageObject","inLanguage":"de","@id":"https:\/\/glass-perfume-bottles.com\/product\/custom-high-borosilicate-glass-aromatherapy-bottle\/#primaryimage","url":"https:\/\/glass-perfume-bottles.com\/wp-content\/uploads\/2026\/01\/high-borosilicate-glass-aromatherapy-bottle-2.jpg","contentUrl":"https:\/\/glass-perfume-bottles.com\/wp-content\/uploads\/2026\/01\/high-borosilicate-glass-aromatherapy-bottle-2.jpg","width":720,"height":720,"caption":"high borosilicate glass aromatherapy bottle suppliers, high borosilicate diffuser bottle, double layer reed diffuser bottle"},{"@type":"BreadcrumbList","@id":"https:\/\/glass-perfume-bottles.com\/product\/custom-high-borosilicate-glass-aromatherapy-bottle\/#breadcrumb","itemListElement":[{"@type":"ListItem","position":1,"name":"Home","item":"https:\/\/glass-perfume-bottles.com\/"},{"@type":"ListItem","position":2,"name":"Product","item":"https:\/\/glass-perfume-bottles.com\/custom-made-perfume-bottle-suppliers-and-wholesale\/"},{"@type":"ListItem","position":3,"name":"High borosilicate glass aromatherapy bottle"}]},{"@type":"WebSite","@id":"https:\/\/glass-perfume-bottles.com\/#website","url":"https:\/\/glass-perfume-bottles.com\/","name":"HY GLASS","description":"glass perfume bottle manufacturers &amp; suppliers, aroma reed diffuser bottle wholesale &amp; suppliers","publisher":{"@id":"https:\/\/glass-perfume-bottles.com\/#organization"},"potentialAction":[{"@type":"SearchAction","target":{"@type":"EntryPoint","urlTemplate":"https:\/\/glass-perfume-bottles.com\/?s={search_term_string}"},"query-input":{"@type":"PropertyValueSpecification","valueRequired":true,"valueName":"search_term_string"}}],"inLanguage":"de"},{"@type":"Organization","@id":"https:\/\/glass-perfume-bottles.com\/#organization","name":"HY GLASS","url":"https:\/\/glass-perfume-bottles.com\/","logo":{"@type":"ImageObject","inLanguage":"de","@id":"https:\/\/glass-perfume-bottles.com\/#\/schema\/logo\/image\/","url":"https:\/\/glass-perfume-bottles.com\/wp-content\/uploads\/2023\/09\/logo21.png","contentUrl":"https:\/\/glass-perfume-bottles.com\/wp-content\/uploads\/2023\/09\/logo21.png","width":342,"height":268,"caption":"HY GLASS"},"image":{"@id":"https:\/\/glass-perfume-bottles.com\/#\/schema\/logo\/image\/"}}]}},"taxonomy_info":{"product_cat":[{"value":71,"label":"Glass Aroma Reed Diffuser Bottle"}],"product_tag":[{"value":513,"label":"200ml glacier base aroma reed diffuser bottle manufacturer"},{"value":512,"label":"glacier base diffuser bottle suppliers"},{"value":514,"label":"Iceberg base aroma diffuser bottle wholesale"}]},"featured_image_src_large":["https:\/\/glass-perfume-bottles.com\/wp-content\/uploads\/2026\/01\/high-borosilicate-glass-aromatherapy-bottle-2.jpg",720,720,false],"author_info":[],"comment_info":0,"_links":{"self":[{"href":"https:\/\/glass-perfume-bottles.com\/de\/wp-json\/wp\/v2\/product\/3173","targetHints":{"allow":["GET"]}}],"collection":[{"href":"https:\/\/glass-perfume-bottles.com\/de\/wp-json\/wp\/v2\/product"}],"about":[{"href":"https:\/\/glass-perfume-bottles.com\/de\/wp-json\/wp\/v2\/types\/product"}],"replies":[{"embeddable":true,"href":"https:\/\/glass-perfume-bottles.com\/de\/wp-json\/wp\/v2\/comments?post=3173"}],"wp:featuredmedia":[{"embeddable":true,"href":"https:\/\/glass-perfume-bottles.com\/de\/wp-json\/wp\/v2\/media\/3174"}],"wp:attachment":[{"href":"https:\/\/glass-perfume-bottles.com\/de\/wp-json\/wp\/v2\/media?parent=3173"}],"wp:term":[{"taxonomy":"product_brand","embeddable":true,"href":"https:\/\/glass-perfume-bottles.com\/de\/wp-json\/wp\/v2\/product_brand?post=3173"},{"taxonomy":"product_cat","embeddable":true,"href":"https:\/\/glass-perfume-bottles.com\/de\/wp-json\/wp\/v2\/product_cat?post=3173"},{"taxonomy":"product_tag","embeddable":true,"href":"https:\/\/glass-perfume-bottles.com\/de\/wp-json\/wp\/v2\/product_tag?post=3173"}],"curies":[{"name":"wp","href":"https:\/\/api.w.org\/{rel}","templated":true}]}}