{"id":3175,"date":"2026-01-23T10:17:05","date_gmt":"2026-01-23T10:17:05","guid":{"rendered":"https:\/\/glass-perfume-bottles.com\/?post_type=product&#038;p=3175"},"modified":"2026-01-23T10:28:11","modified_gmt":"2026-01-23T10:28:11","slug":"50ml-1-7oz-thick-tall-cylinder-perfume-bottles-wholesale-suppliers","status":"publish","type":"product","link":"https:\/\/glass-perfume-bottles.com\/de\/produkt\/50ml-1-7oz-thick-tall-cylinder-perfume-bottles-wholesale-suppliers\/","title":{"rendered":"50 ml (1,7 oz) dickwandige, hohe zylindrische Parf\u00fcmflaschen"},"content":{"rendered":"<table>\n<tbody>\n<tr>\n<td width=\"158\">Produktname<\/td>\n<td width=\"591\">Dicke, hohe, zylinderf\u00f6rmige Parf\u00fcmflaschen<\/td>\n<\/tr>\n<tr>\n<td width=\"158\">Kapazit\u00e4t<\/td>\n<td width=\"591\">50 ml oder andere individuelle Gr\u00f6\u00dfe<\/td>\n<\/tr>\n<tr>\n<td width=\"158\">Gr\u00f6\u00dfe<\/td>\n<td width=\"591\">55x100mm<\/td>\n<\/tr>\n<tr>\n<td width=\"158\">Gewicht<\/td>\n<td width=\"591\">Schweinefleisch-Schinken ca. 120g<\/td>\n<\/tr>\n<tr>\n<td width=\"158\">Material<\/td>\n<td width=\"591\">\u00a0Kristallwei\u00dfes Glas<\/td>\n<\/tr>\n<tr>\n<td width=\"158\">Geh\u00e4usefarbe<\/td>\n<td width=\"591\">Klar, mattiert, rot, schwarz, blau, gr\u00fcn, rosa oder in einer individuellen Farbe<\/td>\n<\/tr>\n<tr>\n<td width=\"158\">Oberfl\u00e4chenbehandlung<\/td>\n<td width=\"591\">Siebdruck, Hei\u00dfpr\u00e4gung, Mattierung, Metallisierung, Beflockung, Holografie, Marmorierung, Abziehbild etc.<\/td>\n<\/tr>\n<tr>\n<td width=\"158\">Verwendung<\/td>\n<td width=\"591\">\u00a0Verpackung Parf\u00fcm\u00f6l\/\u00e4therisches \u00d6l\/Deodorant\/Lufterfrischer\/Parf\u00fcm\/Serum\/\u00e4therisches \u00d6l\/Toner<\/td>\n<\/tr>\n<tr>\n<td width=\"158\">Verpackung<\/td>\n<td width=\"591\">Exportkarton dann Sperrholzpalette,<\/td>\n<\/tr>\n<tr>\n<td width=\"158\">Mindestbestellmenge<\/td>\n<td width=\"591\">1.000 St\u00fcck (da es ein individuelles Design gibt)<\/td>\n<\/tr>\n<tr>\n<td width=\"158\">Probe<\/td>\n<td width=\"591\">Kostenlose Probe, Frachtkosten erforderlich.<\/td>\n<\/tr>\n<tr>\n<td width=\"158\">Transport<\/td>\n<td width=\"591\">FedEx\/DHL\/EMS\/UPS\/TNT\/auf dem Seeweg\/auf dem Luftweg usw.<\/td>\n<\/tr>\n<tr>\n<td width=\"158\">Zahlungsweise<\/td>\n<td width=\"591\">T\/T, L\/C, Western Union, MoneyGram, Paypal usw.<\/td>\n<\/tr>\n<tr>\n<td width=\"158\">Lieferzeit<\/td>\n<td width=\"591\">Probe 1\u20132 Tage, Auftragsproduktion 20\u201345 Tage, abh\u00e4ngig von den Auftragsdetails.<\/td>\n<\/tr>\n<tr>\n<td width=\"158\">Service<\/td>\n<td width=\"591\">OEM- und ODM-Glasflaschenservice, Designservice, Komplettl\u00f6sung<\/td>\n<\/tr>\n<\/tbody>\n<\/table>\n<p>Dickwandige, hohe, zylinderf\u00f6rmige Parf\u00fcmflakons sind von hoher Qualit\u00e4t. <a href=\"https:\/\/glass-perfume-bottles.com\/de\/produkt\/customize-200ml-glacier-base-diffuser-bottle-suppliers\/\">langlebige Duftbeh\u00e4lter<\/a> Diese Parf\u00fcmflakons im Luxusstil zeichnen sich durch schweres, dickwandiges Glas und ein schlankes, schmales Profil aus. Sie sind \u00fcblicherweise in den Gr\u00f6\u00dfen 50 ml (1,7 oz) und 100 ml (3,4 oz) erh\u00e4ltlich. Die Flakons verf\u00fcgen \u00fcber einen schweren Boden, feine Zerst\u00e4uber in Gold oder Silber sowie einen wiederbef\u00fcllbaren Schraubverschluss und eignen sich ideal f\u00fcr Reisen und den gewerblichen Gebrauch.<\/p>\n<p>Als das Glas <a href=\"https:\/\/www.hyglassbottles.com\/product\/Exquisite-50ml-cylinder-perfume-bottle-in-stock.html\">Parf\u00fcmflaschenhersteller<\/a>Wir sind der zuverl\u00e4ssige Partner f\u00fcr Kosmetikverpackungen, Duftstoffe und Rohstoffe f\u00fcr Beauty-Marken weltweit. Mehr als nur ein Partner \u2013 wir arbeiten eng mit unseren Kunden zusammen, um kreative Visionen Wirklichkeit werden zu lassen. Von Design und Entwicklung \u00fcber Produktion bis hin zur Beschaffung setzen wir Ihre Ideen in die Realit\u00e4t um. Dank unserer langj\u00e4hrigen Erfahrung in der Parf\u00fcm- und Kosmetikverpackung unterst\u00fctzt unser Team Ihre Marken dabei, Produkte zu entwickeln, die ihre Identit\u00e4t authentisch widerspiegeln und den Marktanforderungen entsprechen. Haben Sie Interesse an dickwandigen, hohen zylindrischen Parf\u00fcmflakons? Dann senden Sie uns eine Anfrage!<\/p>\n<p>&nbsp;<\/p>","protected":false},"excerpt":{"rendered":"<p>Wenn Sie Interesse an 50-ml-Parf\u00fcmflakons mit dicker Wandst\u00e4rke und hohem Zylinderprofil haben, senden Sie uns bitte eine Anfrage!<\/p>","protected":false},"featured_media":3176,"comment_status":"open","ping_status":"closed","template":"","meta":{"_kad_blocks_custom_css":"","_kad_blocks_head_custom_js":"","_kad_blocks_body_custom_js":"","_kad_blocks_footer_custom_js":"","_kad_post_transparent":"default","_kad_post_title":"","_kad_post_layout":"default","_kad_post_sidebar_id":"","_kad_post_content_style":"default","_kad_post_vertical_padding":"default","_kad_post_feature":"","_kad_post_feature_position":"","_kad_post_header":false,"_kad_post_footer":false,"_joinchat":[]},"product_brand":[],"product_cat":[51],"product_tag":[513,512,514],"class_list":{"0":"post-3175","1":"product","2":"type-product","3":"status-publish","4":"has-post-thumbnail","6":"product_cat-glass-perfume-bottles","7":"product_tag-200ml-glacier-base-aroma-reed-diffuser-bottle-manufacturer","8":"product_tag-glacier-base-diffuser-bottle-suppliers","9":"product_tag-iceberg-base-aroma-diffuser-bottle-wholesale","11":"first","12":"instock","13":"shipping-taxable","14":"product-type-simple","15":"entry","16":"content-bg","17":"loop-entry"},"yoast_head":"<!-- This site is optimized with the Yoast SEO Premium plugin v20.5 (Yoast SEO v24.2) - https:\/\/yoast.com\/wordpress\/plugins\/seo\/ -->\n<title>Thick tall cylinder perfume bottles manufacturer and supplier<\/title>\n<meta name=\"description\" content=\"As the glass perfume bottle manufacturing company, we can produce and export you high quality 50ml 1.7oz thick tall cylinder perfume bottles.\" \/>\n<meta name=\"robots\" content=\"index, follow, max-snippet:-1, max-image-preview:large, max-video-preview:-1\" \/>\n<link rel=\"canonical\" href=\"https:\/\/glass-perfume-bottles.com\/de\/produkt\/50ml-1-7oz-thick-tall-cylinder-perfume-bottles-wholesale-suppliers\/\" \/>\n<meta property=\"og:locale\" content=\"de_DE\" \/>\n<meta property=\"og:type\" content=\"article\" \/>\n<meta property=\"og:title\" content=\"50ml 1.7oz thick tall cylinder perfume bottles\" \/>\n<meta property=\"og:description\" content=\"As the glass perfume bottle manufacturing company, we can produce and export you high quality 50ml 1.7oz thick tall cylinder perfume bottles.\" \/>\n<meta property=\"og:url\" content=\"https:\/\/glass-perfume-bottles.com\/de\/produkt\/50ml-1-7oz-thick-tall-cylinder-perfume-bottles-wholesale-suppliers\/\" \/>\n<meta property=\"og:site_name\" content=\"HY GLASS\" \/>\n<meta property=\"article:modified_time\" content=\"2026-01-23T10:28:11+00:00\" \/>\n<meta property=\"og:image\" content=\"https:\/\/glass-perfume-bottles.com\/wp-content\/uploads\/2026\/01\/Thick-Tall-Cylinder-Perfume-Bottles.jpg\" \/>\n\t<meta property=\"og:image:width\" content=\"720\" \/>\n\t<meta property=\"og:image:height\" content=\"720\" \/>\n\t<meta property=\"og:image:type\" content=\"image\/jpeg\" \/>\n<meta name=\"twitter:card\" content=\"summary_large_image\" \/>\n<meta name=\"twitter:label1\" content=\"Gesch\u00e4tzte Lesezeit\" \/>\n\t<meta name=\"twitter:data1\" content=\"2\u00a0Minuten\" \/>\n<script type=\"application\/ld+json\" class=\"yoast-schema-graph\">{\"@context\":\"https:\/\/schema.org\",\"@graph\":[{\"@type\":\"WebPage\",\"@id\":\"https:\/\/glass-perfume-bottles.com\/product\/50ml-1-7oz-thick-tall-cylinder-perfume-bottles-wholesale-suppliers\/\",\"url\":\"https:\/\/glass-perfume-bottles.com\/product\/50ml-1-7oz-thick-tall-cylinder-perfume-bottles-wholesale-suppliers\/\",\"name\":\"Thick tall cylinder perfume bottles manufacturer and supplier\",\"isPartOf\":{\"@id\":\"https:\/\/glass-perfume-bottles.com\/#website\"},\"primaryImageOfPage\":{\"@id\":\"https:\/\/glass-perfume-bottles.com\/product\/50ml-1-7oz-thick-tall-cylinder-perfume-bottles-wholesale-suppliers\/#primaryimage\"},\"image\":{\"@id\":\"https:\/\/glass-perfume-bottles.com\/product\/50ml-1-7oz-thick-tall-cylinder-perfume-bottles-wholesale-suppliers\/#primaryimage\"},\"thumbnailUrl\":\"https:\/\/glass-perfume-bottles.com\/wp-content\/uploads\/2026\/01\/Thick-Tall-Cylinder-Perfume-Bottles.jpg\",\"datePublished\":\"2026-01-23T10:17:05+00:00\",\"dateModified\":\"2026-01-23T10:28:11+00:00\",\"description\":\"As the glass perfume bottle manufacturing company, we can produce and export you high quality 50ml 1.7oz thick tall cylinder perfume bottles.\",\"breadcrumb\":{\"@id\":\"https:\/\/glass-perfume-bottles.com\/product\/50ml-1-7oz-thick-tall-cylinder-perfume-bottles-wholesale-suppliers\/#breadcrumb\"},\"inLanguage\":\"de\",\"potentialAction\":[{\"@type\":\"ReadAction\",\"target\":[\"https:\/\/glass-perfume-bottles.com\/product\/50ml-1-7oz-thick-tall-cylinder-perfume-bottles-wholesale-suppliers\/\"]}]},{\"@type\":\"ImageObject\",\"inLanguage\":\"de\",\"@id\":\"https:\/\/glass-perfume-bottles.com\/product\/50ml-1-7oz-thick-tall-cylinder-perfume-bottles-wholesale-suppliers\/#primaryimage\",\"url\":\"https:\/\/glass-perfume-bottles.com\/wp-content\/uploads\/2026\/01\/Thick-Tall-Cylinder-Perfume-Bottles.jpg\",\"contentUrl\":\"https:\/\/glass-perfume-bottles.com\/wp-content\/uploads\/2026\/01\/Thick-Tall-Cylinder-Perfume-Bottles.jpg\",\"width\":720,\"height\":720,\"caption\":\"Thick tall cylinder perfume bottles manufacturer, 50ml heave base glass perfume bottle suppliers, heavy base cylinder glass bottle wholesale\"},{\"@type\":\"BreadcrumbList\",\"@id\":\"https:\/\/glass-perfume-bottles.com\/product\/50ml-1-7oz-thick-tall-cylinder-perfume-bottles-wholesale-suppliers\/#breadcrumb\",\"itemListElement\":[{\"@type\":\"ListItem\",\"position\":1,\"name\":\"Home\",\"item\":\"https:\/\/glass-perfume-bottles.com\/\"},{\"@type\":\"ListItem\",\"position\":2,\"name\":\"Product\",\"item\":\"https:\/\/glass-perfume-bottles.com\/custom-made-perfume-bottle-suppliers-and-wholesale\/\"},{\"@type\":\"ListItem\",\"position\":3,\"name\":\"50ml 1.7oz thick tall cylinder perfume bottles\"}]},{\"@type\":\"WebSite\",\"@id\":\"https:\/\/glass-perfume-bottles.com\/#website\",\"url\":\"https:\/\/glass-perfume-bottles.com\/\",\"name\":\"HY GLASS\",\"description\":\"glass perfume bottle manufacturers &amp; suppliers, aroma reed diffuser bottle wholesale &amp; suppliers\",\"publisher\":{\"@id\":\"https:\/\/glass-perfume-bottles.com\/#organization\"},\"potentialAction\":[{\"@type\":\"SearchAction\",\"target\":{\"@type\":\"EntryPoint\",\"urlTemplate\":\"https:\/\/glass-perfume-bottles.com\/?s={search_term_string}\"},\"query-input\":{\"@type\":\"PropertyValueSpecification\",\"valueRequired\":true,\"valueName\":\"search_term_string\"}}],\"inLanguage\":\"de\"},{\"@type\":\"Organization\",\"@id\":\"https:\/\/glass-perfume-bottles.com\/#organization\",\"name\":\"HY GLASS\",\"url\":\"https:\/\/glass-perfume-bottles.com\/\",\"logo\":{\"@type\":\"ImageObject\",\"inLanguage\":\"de\",\"@id\":\"https:\/\/glass-perfume-bottles.com\/#\/schema\/logo\/image\/\",\"url\":\"https:\/\/glass-perfume-bottles.com\/wp-content\/uploads\/2023\/09\/logo21.png\",\"contentUrl\":\"https:\/\/glass-perfume-bottles.com\/wp-content\/uploads\/2023\/09\/logo21.png\",\"width\":342,\"height\":268,\"caption\":\"HY GLASS\"},\"image\":{\"@id\":\"https:\/\/glass-perfume-bottles.com\/#\/schema\/logo\/image\/\"}}]}<\/script>\n<!-- \/ Yoast SEO Premium plugin. -->","yoast_head_json":{"title":"Thick tall cylinder perfume bottles manufacturer and supplier","description":"As the glass perfume bottle manufacturing company, we can produce and export you high quality 50ml 1.7oz thick tall cylinder perfume bottles.","robots":{"index":"index","follow":"follow","max-snippet":"max-snippet:-1","max-image-preview":"max-image-preview:large","max-video-preview":"max-video-preview:-1"},"canonical":"https:\/\/glass-perfume-bottles.com\/de\/produkt\/50ml-1-7oz-thick-tall-cylinder-perfume-bottles-wholesale-suppliers\/","og_locale":"de_DE","og_type":"article","og_title":"50ml 1.7oz thick tall cylinder perfume bottles","og_description":"As the glass perfume bottle manufacturing company, we can produce and export you high quality 50ml 1.7oz thick tall cylinder perfume bottles.","og_url":"https:\/\/glass-perfume-bottles.com\/de\/produkt\/50ml-1-7oz-thick-tall-cylinder-perfume-bottles-wholesale-suppliers\/","og_site_name":"HY GLASS","article_modified_time":"2026-01-23T10:28:11+00:00","og_image":[{"width":720,"height":720,"url":"https:\/\/glass-perfume-bottles.com\/wp-content\/uploads\/2026\/01\/Thick-Tall-Cylinder-Perfume-Bottles.jpg","type":"image\/jpeg"}],"twitter_card":"summary_large_image","twitter_misc":{"Gesch\u00e4tzte Lesezeit":"2\u00a0Minuten"},"schema":{"@context":"https:\/\/schema.org","@graph":[{"@type":"WebPage","@id":"https:\/\/glass-perfume-bottles.com\/product\/50ml-1-7oz-thick-tall-cylinder-perfume-bottles-wholesale-suppliers\/","url":"https:\/\/glass-perfume-bottles.com\/product\/50ml-1-7oz-thick-tall-cylinder-perfume-bottles-wholesale-suppliers\/","name":"Thick tall cylinder perfume bottles manufacturer and supplier","isPartOf":{"@id":"https:\/\/glass-perfume-bottles.com\/#website"},"primaryImageOfPage":{"@id":"https:\/\/glass-perfume-bottles.com\/product\/50ml-1-7oz-thick-tall-cylinder-perfume-bottles-wholesale-suppliers\/#primaryimage"},"image":{"@id":"https:\/\/glass-perfume-bottles.com\/product\/50ml-1-7oz-thick-tall-cylinder-perfume-bottles-wholesale-suppliers\/#primaryimage"},"thumbnailUrl":"https:\/\/glass-perfume-bottles.com\/wp-content\/uploads\/2026\/01\/Thick-Tall-Cylinder-Perfume-Bottles.jpg","datePublished":"2026-01-23T10:17:05+00:00","dateModified":"2026-01-23T10:28:11+00:00","description":"As the glass perfume bottle manufacturing company, we can produce and export you high quality 50ml 1.7oz thick tall cylinder perfume bottles.","breadcrumb":{"@id":"https:\/\/glass-perfume-bottles.com\/product\/50ml-1-7oz-thick-tall-cylinder-perfume-bottles-wholesale-suppliers\/#breadcrumb"},"inLanguage":"de","potentialAction":[{"@type":"ReadAction","target":["https:\/\/glass-perfume-bottles.com\/product\/50ml-1-7oz-thick-tall-cylinder-perfume-bottles-wholesale-suppliers\/"]}]},{"@type":"ImageObject","inLanguage":"de","@id":"https:\/\/glass-perfume-bottles.com\/product\/50ml-1-7oz-thick-tall-cylinder-perfume-bottles-wholesale-suppliers\/#primaryimage","url":"https:\/\/glass-perfume-bottles.com\/wp-content\/uploads\/2026\/01\/Thick-Tall-Cylinder-Perfume-Bottles.jpg","contentUrl":"https:\/\/glass-perfume-bottles.com\/wp-content\/uploads\/2026\/01\/Thick-Tall-Cylinder-Perfume-Bottles.jpg","width":720,"height":720,"caption":"Thick tall cylinder perfume bottles manufacturer, 50ml heave base glass perfume bottle suppliers, heavy base cylinder glass bottle wholesale"},{"@type":"BreadcrumbList","@id":"https:\/\/glass-perfume-bottles.com\/product\/50ml-1-7oz-thick-tall-cylinder-perfume-bottles-wholesale-suppliers\/#breadcrumb","itemListElement":[{"@type":"ListItem","position":1,"name":"Home","item":"https:\/\/glass-perfume-bottles.com\/"},{"@type":"ListItem","position":2,"name":"Product","item":"https:\/\/glass-perfume-bottles.com\/custom-made-perfume-bottle-suppliers-and-wholesale\/"},{"@type":"ListItem","position":3,"name":"50ml 1.7oz thick tall cylinder perfume bottles"}]},{"@type":"WebSite","@id":"https:\/\/glass-perfume-bottles.com\/#website","url":"https:\/\/glass-perfume-bottles.com\/","name":"HY GLASS","description":"glass perfume bottle manufacturers &amp; suppliers, aroma reed diffuser bottle wholesale &amp; suppliers","publisher":{"@id":"https:\/\/glass-perfume-bottles.com\/#organization"},"potentialAction":[{"@type":"SearchAction","target":{"@type":"EntryPoint","urlTemplate":"https:\/\/glass-perfume-bottles.com\/?s={search_term_string}"},"query-input":{"@type":"PropertyValueSpecification","valueRequired":true,"valueName":"search_term_string"}}],"inLanguage":"de"},{"@type":"Organization","@id":"https:\/\/glass-perfume-bottles.com\/#organization","name":"HY GLASS","url":"https:\/\/glass-perfume-bottles.com\/","logo":{"@type":"ImageObject","inLanguage":"de","@id":"https:\/\/glass-perfume-bottles.com\/#\/schema\/logo\/image\/","url":"https:\/\/glass-perfume-bottles.com\/wp-content\/uploads\/2023\/09\/logo21.png","contentUrl":"https:\/\/glass-perfume-bottles.com\/wp-content\/uploads\/2023\/09\/logo21.png","width":342,"height":268,"caption":"HY GLASS"},"image":{"@id":"https:\/\/glass-perfume-bottles.com\/#\/schema\/logo\/image\/"}}]}},"taxonomy_info":{"product_cat":[{"value":51,"label":"Glass Perfume Bottle"}],"product_tag":[{"value":513,"label":"200ml glacier base aroma reed diffuser bottle manufacturer"},{"value":512,"label":"glacier base diffuser bottle suppliers"},{"value":514,"label":"Iceberg base aroma diffuser bottle wholesale"}]},"featured_image_src_large":["https:\/\/glass-perfume-bottles.com\/wp-content\/uploads\/2026\/01\/Thick-Tall-Cylinder-Perfume-Bottles.jpg",720,720,false],"author_info":[],"comment_info":1,"_links":{"self":[{"href":"https:\/\/glass-perfume-bottles.com\/de\/wp-json\/wp\/v2\/product\/3175","targetHints":{"allow":["GET"]}}],"collection":[{"href":"https:\/\/glass-perfume-bottles.com\/de\/wp-json\/wp\/v2\/product"}],"about":[{"href":"https:\/\/glass-perfume-bottles.com\/de\/wp-json\/wp\/v2\/types\/product"}],"replies":[{"embeddable":true,"href":"https:\/\/glass-perfume-bottles.com\/de\/wp-json\/wp\/v2\/comments?post=3175"}],"wp:featuredmedia":[{"embeddable":true,"href":"https:\/\/glass-perfume-bottles.com\/de\/wp-json\/wp\/v2\/media\/3176"}],"wp:attachment":[{"href":"https:\/\/glass-perfume-bottles.com\/de\/wp-json\/wp\/v2\/media?parent=3175"}],"wp:term":[{"taxonomy":"product_brand","embeddable":true,"href":"https:\/\/glass-perfume-bottles.com\/de\/wp-json\/wp\/v2\/product_brand?post=3175"},{"taxonomy":"product_cat","embeddable":true,"href":"https:\/\/glass-perfume-bottles.com\/de\/wp-json\/wp\/v2\/product_cat?post=3175"},{"taxonomy":"product_tag","embeddable":true,"href":"https:\/\/glass-perfume-bottles.com\/de\/wp-json\/wp\/v2\/product_tag?post=3175"}],"curies":[{"name":"wp","href":"https:\/\/api.w.org\/{rel}","templated":true}]}}