{"id":1293,"date":"2022-04-14T16:29:57","date_gmt":"2022-04-14T16:29:57","guid":{"rendered":"https:\/\/startertemplatecloud.com\/g44\/?page_id=1293"},"modified":"2025-06-30T09:14:21","modified_gmt":"2025-06-30T09:14:21","slug":"custom-perfume-bottle-packaging-suppliers-and-wholesale","status":"publish","type":"page","link":"https:\/\/glass-perfume-bottles.com\/es\/custom-perfume-bottle-packaging-suppliers-and-wholesale\/","title":{"rendered":"FAQ"},"content":{"rendered":"<style>.kb-row-layout-id_5366d4-9b > .kt-row-column-wrap{align-content:start;}:where(.kb-row-layout-id_5366d4-9b > .kt-row-column-wrap) > .wp-block-kadence-column{justify-content:start;}.kb-row-layout-id_5366d4-9b > .kt-row-column-wrap{column-gap:var(--global-kb-gap-md, 2rem);row-gap:var(--global-kb-gap-md, 2rem);max-width:700px;margin-left:auto;margin-right:auto;padding-top:125px;padding-bottom:100px;grid-template-columns:minmax(0, 1fr);}.kb-row-layout-id_5366d4-9b{background-image:url('https:\/\/glass-perfume-bottles.com\/wp-content\/uploads\/2022\/03\/pexels-sam-lion-5709241.jpg');background-size:cover;background-position:center center;background-attachment:scroll;background-repeat:no-repeat;}.kb-row-layout-id_5366d4-9b > .kt-row-layout-overlay{opacity:0.50;background-color:var(--global-palette3, #1A202C);}@media all and (max-width: 1024px){.kb-row-layout-id_5366d4-9b > .kt-row-column-wrap{grid-template-columns:minmax(0, 1fr);}}@media all and (max-width: 767px){.kb-row-layout-id_5366d4-9b > .kt-row-column-wrap{padding-top:125px;padding-bottom:100px;grid-template-columns:minmax(0, 1fr);}.kb-row-layout-wrap.wp-block-kadence-rowlayout.kb-row-layout-id_5366d4-9b{background:var(--global-palette7, #EDF2F7);}}<\/style><div class=\"kb-row-layout-wrap kb-row-layout-id_5366d4-9b alignnone kt-row-has-bg wp-block-kadence-rowlayout\"><div class=\"kt-row-layout-overlay kt-row-overlay-normal\"><\/div><div class=\"kt-row-column-wrap kt-has-1-columns kt-row-layout-equal kt-tab-layout-inherit kt-mobile-layout-row kt-row-valign-top\">\n<style>.kadence-column_0a0191-1a > .kt-inside-inner-col,.kadence-column_0a0191-1a > .kt-inside-inner-col:before{border-top-left-radius:0px;border-top-right-radius:0px;border-bottom-right-radius:0px;border-bottom-left-radius:0px;}.kadence-column_0a0191-1a > .kt-inside-inner-col{column-gap:var(--global-kb-gap-sm, 1rem);}.kadence-column_0a0191-1a > .kt-inside-inner-col{flex-direction:column;}.kadence-column_0a0191-1a > .kt-inside-inner-col > .aligncenter{width:100%;}.kadence-column_0a0191-1a > .kt-inside-inner-col:before{opacity:0.3;}.kadence-column_0a0191-1a{position:relative;}@media all and (max-width: 1024px){.kadence-column_0a0191-1a > .kt-inside-inner-col{flex-direction:column;justify-content:center;}}@media all and (max-width: 767px){.kadence-column_0a0191-1a > .kt-inside-inner-col{padding-top:0px;padding-bottom:0px;flex-direction:column;justify-content:center;}.kadence-column_0a0191-1a{text-align:center;}}<\/style>\n<div class=\"wp-block-kadence-column kadence-column_0a0191-1a kb-section-dir-vertical kb-section-sm-dir-vertical\"><div class=\"kt-inside-inner-col\"><style>.wp-block-kadence-advancedheading.kt-adv-heading_9dfbda-03, .wp-block-kadence-advancedheading.kt-adv-heading_9dfbda-03[data-kb-block=\"kb-adv-heading_9dfbda-03\"]{text-align:center;font-style:normal;}.wp-block-kadence-advancedheading.kt-adv-heading_9dfbda-03 mark.kt-highlight, .wp-block-kadence-advancedheading.kt-adv-heading_9dfbda-03[data-kb-block=\"kb-adv-heading_9dfbda-03\"] mark.kt-highlight{font-style:normal;color:#f76a0c;-webkit-box-decoration-break:clone;box-decoration-break:clone;padding-top:0px;padding-right:0px;padding-bottom:0px;padding-left:0px;}<\/style>\n<h1 class=\"kt-adv-heading_9dfbda-03 wp-block-kadence-advancedheading has-theme-palette-9-color has-text-color\" data-kb-block=\"kb-adv-heading_9dfbda-03\">Centro de ayuda de preguntas frecuentes<\/h1>\n\n<style>.wp-block-kadence-advancedheading.kt-adv-heading_5ca5a7-49, .wp-block-kadence-advancedheading.kt-adv-heading_5ca5a7-49[data-kb-block=\"kb-adv-heading_5ca5a7-49\"]{padding-right:50px;padding-left:50px;text-align:center;font-style:normal;}.wp-block-kadence-advancedheading.kt-adv-heading_5ca5a7-49 mark.kt-highlight, .wp-block-kadence-advancedheading.kt-adv-heading_5ca5a7-49[data-kb-block=\"kb-adv-heading_5ca5a7-49\"] mark.kt-highlight{font-style:normal;color:#f76a0c;-webkit-box-decoration-break:clone;box-decoration-break:clone;padding-top:0px;padding-right:0px;padding-bottom:0px;padding-left:0px;}<\/style>\n<p class=\"kt-adv-heading_5ca5a7-49 wp-block-kadence-advancedheading has-theme-palette-9-color has-text-color\" data-kb-block=\"kb-adv-heading_5ca5a7-49\">Si desea personalizar su propio logotipo y forma de botellas de perfume de vidrio, \u00a1bienvenido a su consulta!<\/p><\/div><\/div>\n<\/div><\/div><figure class=\"wp-block-image size-large\"><img loading=\"lazy\" decoding=\"async\" width=\"1024\" height=\"683\" src=\"https:\/\/glass-perfume-bottles.com\/wp-content\/uploads\/2025\/06\/1980fba430647c74b77fff37df815ca1_eau-de-toilettes-bed-professional-advertising-photography_925376-8913-1024x683.jpg\" alt=\"\" class=\"wp-image-3020\" srcset=\"https:\/\/glass-perfume-bottles.com\/wp-content\/uploads\/2025\/06\/1980fba430647c74b77fff37df815ca1_eau-de-toilettes-bed-professional-advertising-photography_925376-8913-1024x683.jpg 1024w, https:\/\/glass-perfume-bottles.com\/wp-content\/uploads\/2025\/06\/1980fba430647c74b77fff37df815ca1_eau-de-toilettes-bed-professional-advertising-photography_925376-8913-300x200.jpg 300w, https:\/\/glass-perfume-bottles.com\/wp-content\/uploads\/2025\/06\/1980fba430647c74b77fff37df815ca1_eau-de-toilettes-bed-professional-advertising-photography_925376-8913-768x512.jpg 768w, https:\/\/glass-perfume-bottles.com\/wp-content\/uploads\/2025\/06\/1980fba430647c74b77fff37df815ca1_eau-de-toilettes-bed-professional-advertising-photography_925376-8913-1536x1024.jpg 1536w, https:\/\/glass-perfume-bottles.com\/wp-content\/uploads\/2025\/06\/1980fba430647c74b77fff37df815ca1_eau-de-toilettes-bed-professional-advertising-photography_925376-8913-18x12.jpg 18w, https:\/\/glass-perfume-bottles.com\/wp-content\/uploads\/2025\/06\/1980fba430647c74b77fff37df815ca1_eau-de-toilettes-bed-professional-advertising-photography_925376-8913-600x400.jpg 600w, https:\/\/glass-perfume-bottles.com\/wp-content\/uploads\/2025\/06\/1980fba430647c74b77fff37df815ca1_eau-de-toilettes-bed-professional-advertising-photography_925376-8913.jpg 1800w\" sizes=\"auto, (max-width: 1024px) 100vw, 1024px\" \/><\/figure><p><strong>\u00bfQu\u00e9 tipo de empresa eres?<\/strong><strong><\/strong><\/p><p>Somos profesionales <a href=\"https:\/\/www.hyglassbottles.com\/product\/Luxury-100ml-Mid-east-arabic--fluted-glass-perfume-oil-bottle-factory.html\">proveedores de envases para botellas de perfume<\/a>, fabricante y mayorista con m\u00e1s de diez a\u00f1os de experiencia en la producci\u00f3n de botellas, bombas, tapas, etc.<\/p><p><strong>\u00bfQu\u00e9 productos puedes ofrecer?<\/strong><strong><\/strong><\/p><p>Nos centramos principalmente en productos embotellados en vidrio como: <a href=\"https:\/\/glass-perfume-bottles.com\/es\/producto\/luxury-30ml-frosted-cylinder-glass-scent-perfume-bottle-supplier\/\">frascos de perfume<\/a>Botellas para aromas, cosm\u00e9ticos, aceites esenciales, candelabros, botellas para licores y botellas de bamb\u00fa. Tambi\u00e9n ofrecemos envases de papel y accesorios para botellas.<\/p><p><strong>Qu\u00e9<\/strong><strong>&#039;<\/strong><strong>\u00bfC\u00f3mo es el proceso del pedido? <\/strong><strong><\/strong><\/p><p>Consulta \u2013 Cotizaci\u00f3n \u2013 Archivo de impresi\u00f3n \u2013 Confirmaci\u00f3n de muestra \u2013 Transferencia de pago \u2013 Producci\u00f3n en masa \u2013 Env\u00edo.<\/p><p><strong>\u00bfOfrecen servicio OEM? <\/strong><strong><\/strong><\/p><p>Por supuesto, nos especializamos principalmente en servicios OEM donde podemos personalizar productos de acuerdo con sus requisitos espec\u00edficos, incluido el dise\u00f1o del empaque, la formulaci\u00f3n del producto, el etiquetado, etc.<\/p><p><strong>\u00bfQu\u00e9 es MOQ?<\/strong><strong><\/strong><\/p><p>Normalmente, nuestro pedido m\u00ednimo es de 10\u00a0000 unidades para el servicio personalizado. Si disponemos de stock, el pedido m\u00ednimo ser\u00e1 menor. Los requisitos espec\u00edficos del pedido m\u00ednimo depender\u00e1n del tipo de producto y de las necesidades del cliente.<\/p><p><strong>\u00bfC\u00f3mo puedo obtener muestras?<\/strong><strong><\/strong><\/p><p>Por supuesto, podemos ofrecer algunas piezas de cada art\u00edculo de forma gratuita si la muestra est\u00e1 disponible.<\/p><p><strong>\u00bfQu\u00e9 pasa con el plazo de entrega?<\/strong><strong><\/strong><\/p><p>El plazo de entrega suele ser de 15 a 35 d\u00edas. Si disponemos de stock, el env\u00edo se realiza en un plazo de 3 a 5 d\u00edas una vez confirmado el pedido.<\/p><p><strong>\u00bfCuales son sus condiciones de pago?<\/strong><strong><\/strong><\/p><p>Nuestras condiciones de pago generalmente son mediante T\/T, Paypal, Western Union, Money Gram, etc.<\/p><p><strong>\u00bfC\u00f3mo se controla la calidad?<\/strong><strong><\/strong><\/p><p>Fabricaremos muestras antes de la producci\u00f3n en masa. Tras la prueba y la aprobaci\u00f3n de la muestra, iniciaremos la producci\u00f3n. Inspeccionamos el 100% durante la producci\u00f3n, realizamos una inspecci\u00f3n aleatoria antes del empaque y tomamos fotograf\u00edas despu\u00e9s del empaque.<\/p><p><strong>\u00bfOfrecen servicios de env\u00edo globales?<\/strong><strong><\/strong><\/p><p>S\u00ed, contamos con socios log\u00edsticos de larga trayectoria para ofrecer servicios de env\u00edo globales r\u00e1pidos y confiables, como por ejemplo por expreso, mar\u00edtimo, a\u00e9reo, cami\u00f3n, tren, etc., asegurando la entrega oportuna de los productos a su almac\u00e9n.<\/p><p><\/p>","protected":false},"excerpt":{"rendered":"<p>FAQ Help Center If you would like to custom your own logo and shape glass perfume bottles, welcome to inquiry! What type of company are you? We are a professional perfume bottle packaging suppliers, manufacturer and wholesaler which have more than ten years experience in producing bottle, pump, cap,etc What products can you provide? Our&#8230;<\/p>","protected":false},"author":1,"featured_media":0,"parent":0,"menu_order":0,"comment_status":"closed","ping_status":"closed","template":"","meta":{"_kad_blocks_custom_css":"","_kad_blocks_head_custom_js":"","_kad_blocks_body_custom_js":"","_kad_blocks_footer_custom_js":"","_kad_post_transparent":"","_kad_post_title":"","_kad_post_layout":"","_kad_post_sidebar_id":"","_kad_post_content_style":"","_kad_post_vertical_padding":"","_kad_post_feature":"","_kad_post_feature_position":"","_kad_post_header":false,"_kad_post_footer":false,"_joinchat":[],"footnotes":""},"class_list":["post-1293","page","type-page","status-publish","hentry"],"yoast_head":"<!-- This site is optimized with the Yoast SEO Premium plugin v20.5 (Yoast SEO v24.2) - https:\/\/yoast.com\/wordpress\/plugins\/seo\/ -->\n<title>perfume bottle packaging suppliers<\/title>\n<meta name=\"description\" content=\"As a professional perfume bottle packaging suppliers and wholesale, we specialize in custom private label premium packaging solution.\" \/>\n<meta name=\"robots\" content=\"index, follow, max-snippet:-1, max-image-preview:large, max-video-preview:-1\" \/>\n<link rel=\"canonical\" href=\"https:\/\/glass-perfume-bottles.com\/es\/custom-perfume-bottle-packaging-suppliers-and-wholesale\/\" \/>\n<meta property=\"og:locale\" content=\"es_ES\" \/>\n<meta property=\"og:type\" content=\"article\" \/>\n<meta property=\"og:title\" content=\"FAQ\" \/>\n<meta property=\"og:description\" content=\"As a professional perfume bottle packaging suppliers and wholesale, we specialize in custom private label premium packaging solution.\" \/>\n<meta property=\"og:url\" content=\"https:\/\/glass-perfume-bottles.com\/es\/custom-perfume-bottle-packaging-suppliers-and-wholesale\/\" \/>\n<meta property=\"og:site_name\" content=\"HY GLASS\" \/>\n<meta property=\"article:modified_time\" content=\"2025-06-30T09:14:21+00:00\" \/>\n<meta property=\"og:image\" content=\"https:\/\/glass-perfume-bottles.com\/wp-content\/uploads\/2025\/06\/1980fba430647c74b77fff37df815ca1_eau-de-toilettes-bed-professional-advertising-photography_925376-8913.jpg\" \/>\n\t<meta property=\"og:image:width\" content=\"1800\" \/>\n\t<meta property=\"og:image:height\" content=\"1200\" \/>\n\t<meta property=\"og:image:type\" content=\"image\/jpeg\" \/>\n<meta name=\"twitter:card\" content=\"summary_large_image\" \/>\n<meta name=\"twitter:label1\" content=\"Tiempo de lectura\" \/>\n\t<meta name=\"twitter:data1\" content=\"2 minutos\" \/>\n<script type=\"application\/ld+json\" class=\"yoast-schema-graph\">{\"@context\":\"https:\/\/schema.org\",\"@graph\":[{\"@type\":\"WebPage\",\"@id\":\"https:\/\/glass-perfume-bottles.com\/custom-perfume-bottle-packaging-suppliers-and-wholesale\/\",\"url\":\"https:\/\/glass-perfume-bottles.com\/custom-perfume-bottle-packaging-suppliers-and-wholesale\/\",\"name\":\"perfume bottle packaging suppliers\",\"isPartOf\":{\"@id\":\"https:\/\/glass-perfume-bottles.com\/#website\"},\"primaryImageOfPage\":{\"@id\":\"https:\/\/glass-perfume-bottles.com\/custom-perfume-bottle-packaging-suppliers-and-wholesale\/#primaryimage\"},\"image\":{\"@id\":\"https:\/\/glass-perfume-bottles.com\/custom-perfume-bottle-packaging-suppliers-and-wholesale\/#primaryimage\"},\"thumbnailUrl\":\"https:\/\/glass-perfume-bottles.com\/wp-content\/uploads\/2025\/06\/1980fba430647c74b77fff37df815ca1_eau-de-toilettes-bed-professional-advertising-photography_925376-8913-1024x683.jpg\",\"datePublished\":\"2022-04-14T16:29:57+00:00\",\"dateModified\":\"2025-06-30T09:14:21+00:00\",\"description\":\"As a professional perfume bottle packaging suppliers and wholesale, we specialize in custom private label premium packaging solution.\",\"breadcrumb\":{\"@id\":\"https:\/\/glass-perfume-bottles.com\/custom-perfume-bottle-packaging-suppliers-and-wholesale\/#breadcrumb\"},\"inLanguage\":\"es\",\"potentialAction\":[{\"@type\":\"ReadAction\",\"target\":[\"https:\/\/glass-perfume-bottles.com\/custom-perfume-bottle-packaging-suppliers-and-wholesale\/\"]}]},{\"@type\":\"ImageObject\",\"inLanguage\":\"es\",\"@id\":\"https:\/\/glass-perfume-bottles.com\/custom-perfume-bottle-packaging-suppliers-and-wholesale\/#primaryimage\",\"url\":\"https:\/\/glass-perfume-bottles.com\/wp-content\/uploads\/2025\/06\/1980fba430647c74b77fff37df815ca1_eau-de-toilettes-bed-professional-advertising-photography_925376-8913-1024x683.jpg\",\"contentUrl\":\"https:\/\/glass-perfume-bottles.com\/wp-content\/uploads\/2025\/06\/1980fba430647c74b77fff37df815ca1_eau-de-toilettes-bed-professional-advertising-photography_925376-8913-1024x683.jpg\"},{\"@type\":\"BreadcrumbList\",\"@id\":\"https:\/\/glass-perfume-bottles.com\/custom-perfume-bottle-packaging-suppliers-and-wholesale\/#breadcrumb\",\"itemListElement\":[{\"@type\":\"ListItem\",\"position\":1,\"name\":\"Home\",\"item\":\"https:\/\/glass-perfume-bottles.com\/\"},{\"@type\":\"ListItem\",\"position\":2,\"name\":\"FAQ\"}]},{\"@type\":\"WebSite\",\"@id\":\"https:\/\/glass-perfume-bottles.com\/#website\",\"url\":\"https:\/\/glass-perfume-bottles.com\/\",\"name\":\"HY GLASS\",\"description\":\"glass perfume bottle manufacturers &amp; suppliers, aroma reed diffuser bottle wholesale &amp; suppliers\",\"publisher\":{\"@id\":\"https:\/\/glass-perfume-bottles.com\/#organization\"},\"potentialAction\":[{\"@type\":\"SearchAction\",\"target\":{\"@type\":\"EntryPoint\",\"urlTemplate\":\"https:\/\/glass-perfume-bottles.com\/?s={search_term_string}\"},\"query-input\":{\"@type\":\"PropertyValueSpecification\",\"valueRequired\":true,\"valueName\":\"search_term_string\"}}],\"inLanguage\":\"es\"},{\"@type\":\"Organization\",\"@id\":\"https:\/\/glass-perfume-bottles.com\/#organization\",\"name\":\"HY GLASS\",\"url\":\"https:\/\/glass-perfume-bottles.com\/\",\"logo\":{\"@type\":\"ImageObject\",\"inLanguage\":\"es\",\"@id\":\"https:\/\/glass-perfume-bottles.com\/#\/schema\/logo\/image\/\",\"url\":\"https:\/\/glass-perfume-bottles.com\/wp-content\/uploads\/2023\/09\/logo21.png\",\"contentUrl\":\"https:\/\/glass-perfume-bottles.com\/wp-content\/uploads\/2023\/09\/logo21.png\",\"width\":342,\"height\":268,\"caption\":\"HY GLASS\"},\"image\":{\"@id\":\"https:\/\/glass-perfume-bottles.com\/#\/schema\/logo\/image\/\"}}]}<\/script>\n<!-- \/ Yoast SEO Premium plugin. -->","yoast_head_json":{"title":"perfume bottle packaging suppliers","description":"As a professional perfume bottle packaging suppliers and wholesale, we specialize in custom private label premium packaging solution.","robots":{"index":"index","follow":"follow","max-snippet":"max-snippet:-1","max-image-preview":"max-image-preview:large","max-video-preview":"max-video-preview:-1"},"canonical":"https:\/\/glass-perfume-bottles.com\/es\/custom-perfume-bottle-packaging-suppliers-and-wholesale\/","og_locale":"es_ES","og_type":"article","og_title":"FAQ","og_description":"As a professional perfume bottle packaging suppliers and wholesale, we specialize in custom private label premium packaging solution.","og_url":"https:\/\/glass-perfume-bottles.com\/es\/custom-perfume-bottle-packaging-suppliers-and-wholesale\/","og_site_name":"HY GLASS","article_modified_time":"2025-06-30T09:14:21+00:00","og_image":[{"width":1800,"height":1200,"url":"https:\/\/glass-perfume-bottles.com\/wp-content\/uploads\/2025\/06\/1980fba430647c74b77fff37df815ca1_eau-de-toilettes-bed-professional-advertising-photography_925376-8913.jpg","type":"image\/jpeg"}],"twitter_card":"summary_large_image","twitter_misc":{"Tiempo de lectura":"2 minutos"},"schema":{"@context":"https:\/\/schema.org","@graph":[{"@type":"WebPage","@id":"https:\/\/glass-perfume-bottles.com\/custom-perfume-bottle-packaging-suppliers-and-wholesale\/","url":"https:\/\/glass-perfume-bottles.com\/custom-perfume-bottle-packaging-suppliers-and-wholesale\/","name":"perfume bottle packaging suppliers","isPartOf":{"@id":"https:\/\/glass-perfume-bottles.com\/#website"},"primaryImageOfPage":{"@id":"https:\/\/glass-perfume-bottles.com\/custom-perfume-bottle-packaging-suppliers-and-wholesale\/#primaryimage"},"image":{"@id":"https:\/\/glass-perfume-bottles.com\/custom-perfume-bottle-packaging-suppliers-and-wholesale\/#primaryimage"},"thumbnailUrl":"https:\/\/glass-perfume-bottles.com\/wp-content\/uploads\/2025\/06\/1980fba430647c74b77fff37df815ca1_eau-de-toilettes-bed-professional-advertising-photography_925376-8913-1024x683.jpg","datePublished":"2022-04-14T16:29:57+00:00","dateModified":"2025-06-30T09:14:21+00:00","description":"As a professional perfume bottle packaging suppliers and wholesale, we specialize in custom private label premium packaging solution.","breadcrumb":{"@id":"https:\/\/glass-perfume-bottles.com\/custom-perfume-bottle-packaging-suppliers-and-wholesale\/#breadcrumb"},"inLanguage":"es","potentialAction":[{"@type":"ReadAction","target":["https:\/\/glass-perfume-bottles.com\/custom-perfume-bottle-packaging-suppliers-and-wholesale\/"]}]},{"@type":"ImageObject","inLanguage":"es","@id":"https:\/\/glass-perfume-bottles.com\/custom-perfume-bottle-packaging-suppliers-and-wholesale\/#primaryimage","url":"https:\/\/glass-perfume-bottles.com\/wp-content\/uploads\/2025\/06\/1980fba430647c74b77fff37df815ca1_eau-de-toilettes-bed-professional-advertising-photography_925376-8913-1024x683.jpg","contentUrl":"https:\/\/glass-perfume-bottles.com\/wp-content\/uploads\/2025\/06\/1980fba430647c74b77fff37df815ca1_eau-de-toilettes-bed-professional-advertising-photography_925376-8913-1024x683.jpg"},{"@type":"BreadcrumbList","@id":"https:\/\/glass-perfume-bottles.com\/custom-perfume-bottle-packaging-suppliers-and-wholesale\/#breadcrumb","itemListElement":[{"@type":"ListItem","position":1,"name":"Home","item":"https:\/\/glass-perfume-bottles.com\/"},{"@type":"ListItem","position":2,"name":"FAQ"}]},{"@type":"WebSite","@id":"https:\/\/glass-perfume-bottles.com\/#website","url":"https:\/\/glass-perfume-bottles.com\/","name":"HY GLASS","description":"glass perfume bottle manufacturers &amp; suppliers, aroma reed diffuser bottle wholesale &amp; suppliers","publisher":{"@id":"https:\/\/glass-perfume-bottles.com\/#organization"},"potentialAction":[{"@type":"SearchAction","target":{"@type":"EntryPoint","urlTemplate":"https:\/\/glass-perfume-bottles.com\/?s={search_term_string}"},"query-input":{"@type":"PropertyValueSpecification","valueRequired":true,"valueName":"search_term_string"}}],"inLanguage":"es"},{"@type":"Organization","@id":"https:\/\/glass-perfume-bottles.com\/#organization","name":"HY GLASS","url":"https:\/\/glass-perfume-bottles.com\/","logo":{"@type":"ImageObject","inLanguage":"es","@id":"https:\/\/glass-perfume-bottles.com\/#\/schema\/logo\/image\/","url":"https:\/\/glass-perfume-bottles.com\/wp-content\/uploads\/2023\/09\/logo21.png","contentUrl":"https:\/\/glass-perfume-bottles.com\/wp-content\/uploads\/2023\/09\/logo21.png","width":342,"height":268,"caption":"HY GLASS"},"image":{"@id":"https:\/\/glass-perfume-bottles.com\/#\/schema\/logo\/image\/"}}]}},"taxonomy_info":[],"featured_image_src_large":false,"author_info":{"display_name":"admin","author_link":"https:\/\/glass-perfume-bottles.com\/es\/author\/admin\/"},"comment_info":0,"_links":{"self":[{"href":"https:\/\/glass-perfume-bottles.com\/es\/wp-json\/wp\/v2\/pages\/1293","targetHints":{"allow":["GET"]}}],"collection":[{"href":"https:\/\/glass-perfume-bottles.com\/es\/wp-json\/wp\/v2\/pages"}],"about":[{"href":"https:\/\/glass-perfume-bottles.com\/es\/wp-json\/wp\/v2\/types\/page"}],"author":[{"embeddable":true,"href":"https:\/\/glass-perfume-bottles.com\/es\/wp-json\/wp\/v2\/users\/1"}],"replies":[{"embeddable":true,"href":"https:\/\/glass-perfume-bottles.com\/es\/wp-json\/wp\/v2\/comments?post=1293"}],"version-history":[{"count":2,"href":"https:\/\/glass-perfume-bottles.com\/es\/wp-json\/wp\/v2\/pages\/1293\/revisions"}],"predecessor-version":[{"id":3021,"href":"https:\/\/glass-perfume-bottles.com\/es\/wp-json\/wp\/v2\/pages\/1293\/revisions\/3021"}],"wp:attachment":[{"href":"https:\/\/glass-perfume-bottles.com\/es\/wp-json\/wp\/v2\/media?parent=1293"}],"curies":[{"name":"wp","href":"https:\/\/api.w.org\/{rel}","templated":true}]}}