{"id":1915,"date":"2025-01-04T09:14:33","date_gmt":"2025-01-04T09:14:33","guid":{"rendered":"https:\/\/glass-perfume-bottles.com\/?post_type=product&#038;p=1915"},"modified":"2025-01-07T13:44:39","modified_gmt":"2025-01-07T13:44:39","slug":"wholesale-100ml-150ml-colored-glass-aroma-reed-diffuser-bottle","status":"publish","type":"product","link":"https:\/\/glass-perfume-bottles.com\/es\/producto\/wholesale-100ml-150ml-colored-glass-aroma-reed-diffuser-bottle\/","title":{"rendered":"Botella difusora de aroma de varillas de vidrio coloreado de 100 ml y 150 ml al por mayor"},"content":{"rendered":"<table>\n<tbody>\n<tr>\n<td width=\"158\">Nombre del producto<\/td>\n<td width=\"591\">Botella difusora de aroma de varillas de vidrio coloreado<\/td>\n<\/tr>\n<tr>\n<td width=\"158\">Capacidad<\/td>\n<td width=\"591\">100 ml 150 ml (otros tama\u00f1os disponibles)<\/td>\n<\/tr>\n<tr>\n<td width=\"158\">Tama\u00f1o<\/td>\n<td width=\"591\">\u00a0100 ml: 90 x 96 mm 150 ml: 63 x 13,5 mm<\/td>\n<\/tr>\n<tr>\n<td width=\"158\">Peso<\/td>\n<td width=\"591\">\u00a0150 g, 250 g<\/td>\n<\/tr>\n<tr>\n<td width=\"158\">Material<\/td>\n<td width=\"591\">Vidrio de primera calidad resistente a altas temperaturas<\/td>\n<\/tr>\n<tr>\n<td width=\"158\">Color del cuerpo<\/td>\n<td width=\"591\">Rojo, negro, azul, esmerilado, verde, rosa o color personalizado o color personalizado<\/td>\n<\/tr>\n<tr>\n<td width=\"158\">Manipulaci\u00f3n de superficies<\/td>\n<td width=\"591\">\n<ol>\n<li>Serigraf\u00eda<\/li>\n<li>Estampado en caliente<\/li>\n<li>\u00a0Recubrimiento UV<\/li>\n<li>Escarchado<\/li>\n<li>\u00a0Calcoman\u00eda<\/li>\n<li>\u00a0Flocado<\/li>\n<li>Etiquetado<\/li>\n<li>Pintura a color o personalizada seg\u00fan sus necesidades.<\/li>\n<\/ol>\n<\/td>\n<\/tr>\n<tr>\n<td width=\"158\">Uso<\/td>\n<td width=\"591\">\u00a0Embalaje de aceite de aromaterapia\/aceite esencial\/desodorante\/ambientador, etc.<\/td>\n<\/tr>\n<tr>\n<td width=\"158\">Embalaje<\/td>\n<td width=\"591\">Exportaci\u00f3n de cart\u00f3n y luego palets de madera contrachapada.<\/td>\n<\/tr>\n<tr>\n<td width=\"158\">Cantidad m\u00ednima de pedido<\/td>\n<td width=\"591\">2000 piezas (ya que hay un dise\u00f1o personalizado)<\/td>\n<\/tr>\n<tr>\n<td width=\"158\">Muestra<\/td>\n<td width=\"591\">Muestra gratis, se necesita costo de env\u00edo.<\/td>\n<\/tr>\n<tr>\n<td width=\"158\">Transporte<\/td>\n<td width=\"591\">FedEx\/DHL\/EMS\/UPS\/TNT\/Por mar\/Por aire, etc.<\/td>\n<\/tr>\n<tr>\n<td width=\"158\">Forma de pago<\/td>\n<td width=\"591\">Transferencia bancaria, carta de cr\u00e9dito, Western Union, Money Gram, Paypal, etc.<\/td>\n<\/tr>\n<tr>\n<td width=\"158\">El tiempo de entrega<\/td>\n<td width=\"591\">Muestra 1-2 d\u00edas, pedido de producci\u00f3n 20-45 d\u00edas depende de los detalles del pedido.<\/td>\n<\/tr>\n<tr>\n<td width=\"158\">Servicio<\/td>\n<td width=\"591\">Servicio OEM y ODM, servicio de dise\u00f1o, soluci\u00f3n integral<\/td>\n<\/tr>\n<\/tbody>\n<\/table>\n<p>&nbsp;<\/p>\n<p><a href=\"https:\/\/glass-perfume-bottles.com\/es\/producto\/glass-perfume-bottles\/\">Botella difusora de aroma de vidrio de 100 ml y 50 ml al por mayor<\/a> Hecho de material de vidrio blanco de alta calidad y transparencia, aceptamos formas personalizadas de botellas difusoras de aroma y aceptamos recubrimientos de color, esmerilados, revestimientos de m\u00e1rmol, flocado, etc. Tambi\u00e9n podemos suministrar diferentes paquetes de botellas de vidrio, como cajas de diferentes tama\u00f1os y materiales, como papel Kraft, cart\u00f3n, papel art\u00edstico, cart\u00f3n corrugado, papel recubierto, etc. y la impresi\u00f3n de cajas de perfumes con diferentes tecnolog\u00edas.<\/p>\n<p>Bienvenido env\u00edenos su consulta, tenemos una l\u00ednea de producci\u00f3n profesional y un equipo de dise\u00f1o, podemos brindar un servicio de primer nivel y un producto estable para el cliente, lo esperamos.<\/p>","protected":false},"excerpt":{"rendered":"<p>La botella difusora de aroma de vidrio colorido de 100 ml y 150 ml tiene una forma \u00fanica, acepta colores y logotipos personalizados en la botella, env\u00edenos su idea, la haremos realidad.<span style=\"font-family: var(--global-body-font-family);\">Convierte tus ideas en realidad, te espero.<\/span><\/p>\n<div class=\"trans-voice-container\">\n<div class=\"voicePlayer hover-with-background\" data-v-a0732b1e=\"\"><\/div>\n<\/div>","protected":false},"featured_media":1917,"comment_status":"open","ping_status":"closed","template":"","meta":{"_kad_blocks_custom_css":"","_kad_blocks_head_custom_js":"","_kad_blocks_body_custom_js":"","_kad_blocks_footer_custom_js":"","_kad_post_transparent":"default","_kad_post_title":"","_kad_post_layout":"default","_kad_post_sidebar_id":"","_kad_post_content_style":"default","_kad_post_vertical_padding":"default","_kad_post_feature":"","_kad_post_feature_position":"","_kad_post_header":false,"_kad_post_footer":false,"_joinchat":{"telephone":"+8613813299086"}},"product_brand":[],"product_cat":[71],"product_tag":[72,73,76,75,77,74],"class_list":{"0":"post-1915","1":"product","2":"type-product","3":"status-publish","4":"has-post-thumbnail","6":"product_cat-glass-aroma-reed-diffuser-bottle-1","7":"product_tag-aroma-reed-diffuser-bottle","8":"product_tag-empty-reed-diffuser-bottle-supplier","9":"product_tag-home-fragrance-oil-bottle-wholesale","10":"product_tag-reed-diffuser-bottle-manufacturer","11":"product_tag-square-aroma-diffuser-bottle","12":"product_tag-wholesale-aromatherapy-bottle-factory","14":"first","15":"instock","16":"shipping-taxable","17":"product-type-simple","18":"entry","19":"content-bg","20":"loop-entry"},"yoast_head":"<!-- This site is optimized with the Yoast SEO Premium plugin v20.5 (Yoast SEO v24.2) - https:\/\/yoast.com\/wordpress\/plugins\/seo\/ -->\n<title>100ml 150ml colored glass aroma reed diffuser bottle<\/title>\n<meta name=\"description\" content=\"Wholesale 100ml 150ml colored glass aroma reed diffuser bottle made of high white glass,various of capacity for your choose\uff0c\" \/>\n<meta name=\"robots\" content=\"index, follow, max-snippet:-1, max-image-preview:large, max-video-preview:-1\" \/>\n<link rel=\"canonical\" href=\"https:\/\/glass-perfume-bottles.com\/es\/producto\/wholesale-100ml-150ml-colored-glass-aroma-reed-diffuser-bottle\/\" \/>\n<meta property=\"og:locale\" content=\"es_ES\" \/>\n<meta property=\"og:type\" content=\"article\" \/>\n<meta property=\"og:title\" content=\"Wholesale 100ml 150ml colored glass aroma reed diffuser bottle\" \/>\n<meta property=\"og:description\" content=\"Wholesale 100ml 150ml colored glass aroma reed diffuser bottle made of high white glass,various of capacity for your choose\uff0c\" \/>\n<meta property=\"og:url\" content=\"https:\/\/glass-perfume-bottles.com\/es\/producto\/wholesale-100ml-150ml-colored-glass-aroma-reed-diffuser-bottle\/\" \/>\n<meta property=\"og:site_name\" content=\"HY GLASS\" \/>\n<meta property=\"article:modified_time\" content=\"2025-01-07T13:44:39+00:00\" \/>\n<meta property=\"og:image\" content=\"https:\/\/glass-perfume-bottles.com\/wp-content\/uploads\/2025\/01\/Custom-150ml-colored-glass-aroma-reed-diffuser-bottle.jpg\" \/>\n\t<meta property=\"og:image:width\" content=\"720\" \/>\n\t<meta property=\"og:image:height\" content=\"720\" \/>\n\t<meta property=\"og:image:type\" content=\"image\/jpeg\" \/>\n<meta name=\"twitter:card\" content=\"summary_large_image\" \/>\n<meta name=\"twitter:label1\" content=\"Tiempo de lectura\" \/>\n\t<meta name=\"twitter:data1\" content=\"1 minuto\" \/>\n<script type=\"application\/ld+json\" class=\"yoast-schema-graph\">{\"@context\":\"https:\/\/schema.org\",\"@graph\":[{\"@type\":\"WebPage\",\"@id\":\"https:\/\/glass-perfume-bottles.com\/product\/wholesale-100ml-150ml-colored-glass-aroma-reed-diffuser-bottle\/\",\"url\":\"https:\/\/glass-perfume-bottles.com\/product\/wholesale-100ml-150ml-colored-glass-aroma-reed-diffuser-bottle\/\",\"name\":\"100ml 150ml colored glass aroma reed diffuser bottle\",\"isPartOf\":{\"@id\":\"https:\/\/glass-perfume-bottles.com\/#website\"},\"primaryImageOfPage\":{\"@id\":\"https:\/\/glass-perfume-bottles.com\/product\/wholesale-100ml-150ml-colored-glass-aroma-reed-diffuser-bottle\/#primaryimage\"},\"image\":{\"@id\":\"https:\/\/glass-perfume-bottles.com\/product\/wholesale-100ml-150ml-colored-glass-aroma-reed-diffuser-bottle\/#primaryimage\"},\"thumbnailUrl\":\"https:\/\/glass-perfume-bottles.com\/wp-content\/uploads\/2025\/01\/Custom-150ml-colored-glass-aroma-reed-diffuser-bottle.jpg\",\"datePublished\":\"2025-01-04T09:14:33+00:00\",\"dateModified\":\"2025-01-07T13:44:39+00:00\",\"description\":\"Wholesale 100ml 150ml colored glass aroma reed diffuser bottle made of high white glass,various of capacity for your choose\uff0c\",\"breadcrumb\":{\"@id\":\"https:\/\/glass-perfume-bottles.com\/product\/wholesale-100ml-150ml-colored-glass-aroma-reed-diffuser-bottle\/#breadcrumb\"},\"inLanguage\":\"es\",\"potentialAction\":[{\"@type\":\"ReadAction\",\"target\":[\"https:\/\/glass-perfume-bottles.com\/product\/wholesale-100ml-150ml-colored-glass-aroma-reed-diffuser-bottle\/\"]}]},{\"@type\":\"ImageObject\",\"inLanguage\":\"es\",\"@id\":\"https:\/\/glass-perfume-bottles.com\/product\/wholesale-100ml-150ml-colored-glass-aroma-reed-diffuser-bottle\/#primaryimage\",\"url\":\"https:\/\/glass-perfume-bottles.com\/wp-content\/uploads\/2025\/01\/Custom-150ml-colored-glass-aroma-reed-diffuser-bottle.jpg\",\"contentUrl\":\"https:\/\/glass-perfume-bottles.com\/wp-content\/uploads\/2025\/01\/Custom-150ml-colored-glass-aroma-reed-diffuser-bottle.jpg\",\"width\":720,\"height\":720,\"caption\":\"Wholesale 100ml 50ml glass aroma reed diffuser bottle made of high white glass material\uff0cwhich have high quality and transparency ,accept custom aroma reed diffuser bottle shape and caccept color coating\u3001frosted\u3001marble coating\u3001flocking ect process ,we can also supply different glass bottle package such as box with different size and material. Like Kraft paper,Paper board, Art paper,Corrugated board,Coated paper, etc and the perfume box print with different technology.\"},{\"@type\":\"BreadcrumbList\",\"@id\":\"https:\/\/glass-perfume-bottles.com\/product\/wholesale-100ml-150ml-colored-glass-aroma-reed-diffuser-bottle\/#breadcrumb\",\"itemListElement\":[{\"@type\":\"ListItem\",\"position\":1,\"name\":\"Home\",\"item\":\"https:\/\/glass-perfume-bottles.com\/\"},{\"@type\":\"ListItem\",\"position\":2,\"name\":\"Product\",\"item\":\"https:\/\/glass-perfume-bottles.com\/custom-made-perfume-bottle-suppliers-and-wholesale\/\"},{\"@type\":\"ListItem\",\"position\":3,\"name\":\"Wholesale 100ml 150ml colored glass aroma reed diffuser bottle\"}]},{\"@type\":\"WebSite\",\"@id\":\"https:\/\/glass-perfume-bottles.com\/#website\",\"url\":\"https:\/\/glass-perfume-bottles.com\/\",\"name\":\"HY GLASS\",\"description\":\"glass perfume bottle manufacturers &amp; suppliers, aroma reed diffuser bottle wholesale &amp; suppliers\",\"publisher\":{\"@id\":\"https:\/\/glass-perfume-bottles.com\/#organization\"},\"potentialAction\":[{\"@type\":\"SearchAction\",\"target\":{\"@type\":\"EntryPoint\",\"urlTemplate\":\"https:\/\/glass-perfume-bottles.com\/?s={search_term_string}\"},\"query-input\":{\"@type\":\"PropertyValueSpecification\",\"valueRequired\":true,\"valueName\":\"search_term_string\"}}],\"inLanguage\":\"es\"},{\"@type\":\"Organization\",\"@id\":\"https:\/\/glass-perfume-bottles.com\/#organization\",\"name\":\"HY GLASS\",\"url\":\"https:\/\/glass-perfume-bottles.com\/\",\"logo\":{\"@type\":\"ImageObject\",\"inLanguage\":\"es\",\"@id\":\"https:\/\/glass-perfume-bottles.com\/#\/schema\/logo\/image\/\",\"url\":\"https:\/\/glass-perfume-bottles.com\/wp-content\/uploads\/2023\/09\/logo21.png\",\"contentUrl\":\"https:\/\/glass-perfume-bottles.com\/wp-content\/uploads\/2023\/09\/logo21.png\",\"width\":342,\"height\":268,\"caption\":\"HY GLASS\"},\"image\":{\"@id\":\"https:\/\/glass-perfume-bottles.com\/#\/schema\/logo\/image\/\"}}]}<\/script>\n<!-- \/ Yoast SEO Premium plugin. -->","yoast_head_json":{"title":"100ml 150ml colored glass aroma reed diffuser bottle","description":"Wholesale 100ml 150ml colored glass aroma reed diffuser bottle made of high white glass,various of capacity for your choose\uff0c","robots":{"index":"index","follow":"follow","max-snippet":"max-snippet:-1","max-image-preview":"max-image-preview:large","max-video-preview":"max-video-preview:-1"},"canonical":"https:\/\/glass-perfume-bottles.com\/es\/producto\/wholesale-100ml-150ml-colored-glass-aroma-reed-diffuser-bottle\/","og_locale":"es_ES","og_type":"article","og_title":"Wholesale 100ml 150ml colored glass aroma reed diffuser bottle","og_description":"Wholesale 100ml 150ml colored glass aroma reed diffuser bottle made of high white glass,various of capacity for your choose\uff0c","og_url":"https:\/\/glass-perfume-bottles.com\/es\/producto\/wholesale-100ml-150ml-colored-glass-aroma-reed-diffuser-bottle\/","og_site_name":"HY GLASS","article_modified_time":"2025-01-07T13:44:39+00:00","og_image":[{"width":720,"height":720,"url":"https:\/\/glass-perfume-bottles.com\/wp-content\/uploads\/2025\/01\/Custom-150ml-colored-glass-aroma-reed-diffuser-bottle.jpg","type":"image\/jpeg"}],"twitter_card":"summary_large_image","twitter_misc":{"Tiempo de lectura":"1 minuto"},"schema":{"@context":"https:\/\/schema.org","@graph":[{"@type":"WebPage","@id":"https:\/\/glass-perfume-bottles.com\/product\/wholesale-100ml-150ml-colored-glass-aroma-reed-diffuser-bottle\/","url":"https:\/\/glass-perfume-bottles.com\/product\/wholesale-100ml-150ml-colored-glass-aroma-reed-diffuser-bottle\/","name":"100ml 150ml colored glass aroma reed diffuser bottle","isPartOf":{"@id":"https:\/\/glass-perfume-bottles.com\/#website"},"primaryImageOfPage":{"@id":"https:\/\/glass-perfume-bottles.com\/product\/wholesale-100ml-150ml-colored-glass-aroma-reed-diffuser-bottle\/#primaryimage"},"image":{"@id":"https:\/\/glass-perfume-bottles.com\/product\/wholesale-100ml-150ml-colored-glass-aroma-reed-diffuser-bottle\/#primaryimage"},"thumbnailUrl":"https:\/\/glass-perfume-bottles.com\/wp-content\/uploads\/2025\/01\/Custom-150ml-colored-glass-aroma-reed-diffuser-bottle.jpg","datePublished":"2025-01-04T09:14:33+00:00","dateModified":"2025-01-07T13:44:39+00:00","description":"Wholesale 100ml 150ml colored glass aroma reed diffuser bottle made of high white glass,various of capacity for your choose\uff0c","breadcrumb":{"@id":"https:\/\/glass-perfume-bottles.com\/product\/wholesale-100ml-150ml-colored-glass-aroma-reed-diffuser-bottle\/#breadcrumb"},"inLanguage":"es","potentialAction":[{"@type":"ReadAction","target":["https:\/\/glass-perfume-bottles.com\/product\/wholesale-100ml-150ml-colored-glass-aroma-reed-diffuser-bottle\/"]}]},{"@type":"ImageObject","inLanguage":"es","@id":"https:\/\/glass-perfume-bottles.com\/product\/wholesale-100ml-150ml-colored-glass-aroma-reed-diffuser-bottle\/#primaryimage","url":"https:\/\/glass-perfume-bottles.com\/wp-content\/uploads\/2025\/01\/Custom-150ml-colored-glass-aroma-reed-diffuser-bottle.jpg","contentUrl":"https:\/\/glass-perfume-bottles.com\/wp-content\/uploads\/2025\/01\/Custom-150ml-colored-glass-aroma-reed-diffuser-bottle.jpg","width":720,"height":720,"caption":"Wholesale 100ml 50ml glass aroma reed diffuser bottle made of high white glass material\uff0cwhich have high quality and transparency ,accept custom aroma reed diffuser bottle shape and caccept color coating\u3001frosted\u3001marble coating\u3001flocking ect process ,we can also supply different glass bottle package such as box with different size and material. Like Kraft paper,Paper board, Art paper,Corrugated board,Coated paper, etc and the perfume box print with different technology."},{"@type":"BreadcrumbList","@id":"https:\/\/glass-perfume-bottles.com\/product\/wholesale-100ml-150ml-colored-glass-aroma-reed-diffuser-bottle\/#breadcrumb","itemListElement":[{"@type":"ListItem","position":1,"name":"Home","item":"https:\/\/glass-perfume-bottles.com\/"},{"@type":"ListItem","position":2,"name":"Product","item":"https:\/\/glass-perfume-bottles.com\/custom-made-perfume-bottle-suppliers-and-wholesale\/"},{"@type":"ListItem","position":3,"name":"Wholesale 100ml 150ml colored glass aroma reed diffuser bottle"}]},{"@type":"WebSite","@id":"https:\/\/glass-perfume-bottles.com\/#website","url":"https:\/\/glass-perfume-bottles.com\/","name":"HY GLASS","description":"glass perfume bottle manufacturers &amp; suppliers, aroma reed diffuser bottle wholesale &amp; suppliers","publisher":{"@id":"https:\/\/glass-perfume-bottles.com\/#organization"},"potentialAction":[{"@type":"SearchAction","target":{"@type":"EntryPoint","urlTemplate":"https:\/\/glass-perfume-bottles.com\/?s={search_term_string}"},"query-input":{"@type":"PropertyValueSpecification","valueRequired":true,"valueName":"search_term_string"}}],"inLanguage":"es"},{"@type":"Organization","@id":"https:\/\/glass-perfume-bottles.com\/#organization","name":"HY GLASS","url":"https:\/\/glass-perfume-bottles.com\/","logo":{"@type":"ImageObject","inLanguage":"es","@id":"https:\/\/glass-perfume-bottles.com\/#\/schema\/logo\/image\/","url":"https:\/\/glass-perfume-bottles.com\/wp-content\/uploads\/2023\/09\/logo21.png","contentUrl":"https:\/\/glass-perfume-bottles.com\/wp-content\/uploads\/2023\/09\/logo21.png","width":342,"height":268,"caption":"HY GLASS"},"image":{"@id":"https:\/\/glass-perfume-bottles.com\/#\/schema\/logo\/image\/"}}]}},"taxonomy_info":{"product_cat":[{"value":71,"label":"Glass Aroma Reed Diffuser Bottle"}],"product_tag":[{"value":72,"label":"Aroma reed diffuser bottle"},{"value":73,"label":"Empty reed diffuser bottle supplier"},{"value":76,"label":"Home fragrance oil bottle wholesale"},{"value":75,"label":"Reed diffuser bottle manufacturer"},{"value":77,"label":"Square aroma diffuser bottle"},{"value":74,"label":"Wholesale aromatherapy bottle factory"}]},"featured_image_src_large":["https:\/\/glass-perfume-bottles.com\/wp-content\/uploads\/2025\/01\/Custom-150ml-colored-glass-aroma-reed-diffuser-bottle.jpg",720,720,false],"author_info":[],"comment_info":0,"_links":{"self":[{"href":"https:\/\/glass-perfume-bottles.com\/es\/wp-json\/wp\/v2\/product\/1915","targetHints":{"allow":["GET"]}}],"collection":[{"href":"https:\/\/glass-perfume-bottles.com\/es\/wp-json\/wp\/v2\/product"}],"about":[{"href":"https:\/\/glass-perfume-bottles.com\/es\/wp-json\/wp\/v2\/types\/product"}],"replies":[{"embeddable":true,"href":"https:\/\/glass-perfume-bottles.com\/es\/wp-json\/wp\/v2\/comments?post=1915"}],"wp:featuredmedia":[{"embeddable":true,"href":"https:\/\/glass-perfume-bottles.com\/es\/wp-json\/wp\/v2\/media\/1917"}],"wp:attachment":[{"href":"https:\/\/glass-perfume-bottles.com\/es\/wp-json\/wp\/v2\/media?parent=1915"}],"wp:term":[{"taxonomy":"product_brand","embeddable":true,"href":"https:\/\/glass-perfume-bottles.com\/es\/wp-json\/wp\/v2\/product_brand?post=1915"},{"taxonomy":"product_cat","embeddable":true,"href":"https:\/\/glass-perfume-bottles.com\/es\/wp-json\/wp\/v2\/product_cat?post=1915"},{"taxonomy":"product_tag","embeddable":true,"href":"https:\/\/glass-perfume-bottles.com\/es\/wp-json\/wp\/v2\/product_tag?post=1915"}],"curies":[{"name":"wp","href":"https:\/\/api.w.org\/{rel}","templated":true}]}}