{"id":2003,"date":"2025-01-08T14:56:19","date_gmt":"2025-01-08T14:56:19","guid":{"rendered":"https:\/\/glass-perfume-bottles.com\/?post_type=product&#038;p=2003"},"modified":"2025-01-11T14:47:44","modified_gmt":"2025-01-11T14:47:44","slug":"50ml-100ml-flat-square-flocking-perfume-bottle-with-ball-cap","status":"publish","type":"product","link":"https:\/\/glass-perfume-bottles.com\/es\/producto\/50ml-100ml-flat-square-flocking-perfume-bottle-with-ball-cap\/","title":{"rendered":"Botella de perfume flocada cuadrada plana de 50 ml y 100 ml con tapa esf\u00e9rica"},"content":{"rendered":"<table>\n<tbody>\n<tr>\n<td width=\"158\">Nombre del producto<\/td>\n<td width=\"591\">Botella de perfume flocada cuadrada plana de 50 ml y 100 ml con tapa esf\u00e9rica<\/td>\n<\/tr>\n<tr>\n<td width=\"158\">Capacidad<\/td>\n<td width=\"591\">50 ml 100 ml (otros tama\u00f1os disponibles)<\/td>\n<\/tr>\n<tr>\n<td width=\"158\">Tama\u00f1o<\/td>\n<td width=\"591\">\u00a050 ml: 45 x 25 x 98 mm<\/td>\n<\/tr>\n<tr>\n<td width=\"158\">Peso<\/td>\n<td width=\"591\">150 gramos<\/td>\n<\/tr>\n<tr>\n<td width=\"158\">Material<\/td>\n<td width=\"591\">Vidrio de primera calidad resistente a altas temperaturas<\/td>\n<\/tr>\n<tr>\n<td width=\"158\">Color del cuerpo<\/td>\n<td width=\"591\">Rojo, negro, azul, esmerilado, verde, rosa o color personalizado.<\/td>\n<\/tr>\n<tr>\n<td width=\"158\">Manipulaci\u00f3n de superficies<\/td>\n<td width=\"591\">\n<ol>\n<li>Serigraf\u00eda<\/li>\n<li>Estampado en caliente<\/li>\n<li>Escarchado<\/li>\n<li>\u00a0Calcoman\u00eda<\/li>\n<li>\u00a0Flocado<\/li>\n<li>Etiquetado<\/li>\n<li>Pintura a color o personalizada seg\u00fan sus necesidades.<\/li>\n<\/ol>\n<\/td>\n<\/tr>\n<tr>\n<td width=\"158\">Uso<\/td>\n<td width=\"591\">\u00a0Embalaje de aceite de aromaterapia\/aceite esencial\/desodorante\/ambientador\/perfume\/suero\/aceite esencial\/t\u00f3nico<\/td>\n<\/tr>\n<tr>\n<td width=\"158\">Embalaje<\/td>\n<td width=\"591\">Exportaci\u00f3n de cart\u00f3n y luego palets de madera contrachapada.<\/td>\n<\/tr>\n<tr>\n<td width=\"158\">Cantidad m\u00ednima de pedido<\/td>\n<td width=\"591\">2000 piezas (ya que hay un dise\u00f1o personalizado)<\/td>\n<\/tr>\n<tr>\n<td width=\"158\">Muestra<\/td>\n<td width=\"591\">Muestra gratis, se necesita costo de env\u00edo.<\/td>\n<\/tr>\n<tr>\n<td width=\"158\">Transporte<\/td>\n<td width=\"591\">FedEx\/DHL\/EMS\/UPS\/TNT\/Por mar\/Por aire, etc.<\/td>\n<\/tr>\n<tr>\n<td width=\"158\">Forma de pago<\/td>\n<td width=\"591\">Transferencia bancaria, carta de cr\u00e9dito, Western Union, Money Gram, Paypal, etc.<\/td>\n<\/tr>\n<tr>\n<td width=\"158\">El tiempo de entrega<\/td>\n<td width=\"591\">Muestra 1-2 d\u00edas, pedido de producci\u00f3n 20-45 d\u00edas depende de los detalles del pedido.<\/td>\n<\/tr>\n<tr>\n<td width=\"158\">Servicio<\/td>\n<td width=\"591\">Servicio OEM y ODM, servicio de dise\u00f1o, soluci\u00f3n integral<\/td>\n<\/tr>\n<\/tbody>\n<\/table>\n<p>Como profesional <a href=\"https:\/\/glass-perfume-bottles.com\/es\/producto\/wholesale-clear-100ml-glass-perfume-bottle-factory\/\">Botella de perfume de cristal<\/a> F\u00e1brica, hemos producido diferentes formas y capacidades para el cliente, la botella de perfume flocada cuadrada plana con tapa de bola acepta recubrimiento de color, esmerilado, recubrimiento de m\u00e1rmol, flocado, etc., tambi\u00e9n podemos suministrar diferentes paquetes de botellas de perfume, como cajas con diferentes tama\u00f1os y materiales. Como papel kraft, cart\u00f3n, papel art\u00edstico, cart\u00f3n corrugado, papel recubierto, etc. y la impresi\u00f3n de la caja de perfume con diferentes tecnolog\u00edas.<\/p>\n<p>Contamos con una l\u00ednea de producci\u00f3n profesional y un equipo de dise\u00f1o, podemos brindar un servicio de primer nivel y un producto estable para el cliente, bienvenido a enviarnos su consulta, lo esperamos.<\/p>","protected":false},"excerpt":{"rendered":"<p>Botella de perfume flocada cuadrada plana de 50 ml y 100 ml hecha de vidrio blanco cristalino, botella de perfume de superficie flocada con pulverizador de vidrio, es posible realizar pedidos peque\u00f1os<\/p>","protected":false},"featured_media":2004,"comment_status":"open","ping_status":"closed","template":"","meta":{"_kad_blocks_custom_css":"","_kad_blocks_head_custom_js":"","_kad_blocks_body_custom_js":"","_kad_blocks_footer_custom_js":"","_kad_post_transparent":"default","_kad_post_title":"","_kad_post_layout":"default","_kad_post_sidebar_id":"","_kad_post_content_style":"default","_kad_post_vertical_padding":"default","_kad_post_feature":"","_kad_post_feature_position":"","_kad_post_header":false,"_kad_post_footer":false,"_joinchat":{"telephone":"+8613813299086"}},"product_brand":[],"product_cat":[51],"product_tag":[69,70,81,80,66],"class_list":{"0":"post-2003","1":"product","2":"type-product","3":"status-publish","4":"has-post-thumbnail","6":"product_cat-glass-perfume-bottles","7":"product_tag-custom-glass-perfume-bottle-factory","8":"product_tag-custom-home-fragrance-oil-bottle","9":"product_tag-glass-perfume-bottle-manufacturer","10":"product_tag-straight-round-glass-perfume-bottle","11":"product_tag-wholesale-glass-perfume-bottle","13":"first","14":"instock","15":"shipping-taxable","16":"product-type-simple","17":"entry","18":"content-bg","19":"loop-entry"},"yoast_head":"<!-- This site is optimized with the Yoast SEO Premium plugin v20.5 (Yoast SEO v24.2) - https:\/\/yoast.com\/wordpress\/plugins\/seo\/ -->\n<title>50ml 100ml Flat square flocking perfume bottle with ball cap<\/title>\n<meta name=\"description\" content=\"Custom flocking glass perfume bottle with ball lid ,unique shape and folcking surface\uff0cmake your products luxury and stand out other brands\" \/>\n<meta name=\"robots\" content=\"index, follow, max-snippet:-1, max-image-preview:large, max-video-preview:-1\" \/>\n<link rel=\"canonical\" href=\"https:\/\/glass-perfume-bottles.com\/es\/producto\/50ml-100ml-flat-square-flocking-perfume-bottle-with-ball-cap\/\" \/>\n<meta property=\"og:locale\" content=\"es_ES\" \/>\n<meta property=\"og:type\" content=\"article\" \/>\n<meta property=\"og:title\" content=\"50ml 100ml Flat square flocking perfume bottle with ball cap\" \/>\n<meta property=\"og:description\" content=\"Custom flocking glass perfume bottle with ball lid ,unique shape and folcking surface\uff0cmake your products luxury and stand out other brands\" \/>\n<meta property=\"og:url\" content=\"https:\/\/glass-perfume-bottles.com\/es\/producto\/50ml-100ml-flat-square-flocking-perfume-bottle-with-ball-cap\/\" \/>\n<meta property=\"og:site_name\" content=\"HY GLASS\" \/>\n<meta property=\"article:modified_time\" content=\"2025-01-11T14:47:44+00:00\" \/>\n<meta property=\"og:image\" content=\"https:\/\/glass-perfume-bottles.com\/wp-content\/uploads\/2025\/01\/30ml-50ml-Flat-square-flocking-perfume-bottle-with-ball-cap.jpg\" \/>\n\t<meta property=\"og:image:width\" content=\"720\" \/>\n\t<meta property=\"og:image:height\" content=\"720\" \/>\n\t<meta property=\"og:image:type\" content=\"image\/jpeg\" \/>\n<meta name=\"twitter:card\" content=\"summary_large_image\" \/>\n<meta name=\"twitter:label1\" content=\"Tiempo de lectura\" \/>\n\t<meta name=\"twitter:data1\" content=\"1 minuto\" \/>\n<script type=\"application\/ld+json\" class=\"yoast-schema-graph\">{\"@context\":\"https:\/\/schema.org\",\"@graph\":[{\"@type\":\"WebPage\",\"@id\":\"https:\/\/glass-perfume-bottles.com\/es\/producto\/50ml-100ml-flat-square-flocking-perfume-bottle-with-ball-cap\/\",\"url\":\"https:\/\/glass-perfume-bottles.com\/es\/producto\/50ml-100ml-flat-square-flocking-perfume-bottle-with-ball-cap\/\",\"name\":\"50ml 100ml Flat square flocking perfume bottle with ball cap\",\"isPartOf\":{\"@id\":\"https:\/\/glass-perfume-bottles.com\/#website\"},\"primaryImageOfPage\":{\"@id\":\"https:\/\/glass-perfume-bottles.com\/es\/producto\/50ml-100ml-flat-square-flocking-perfume-bottle-with-ball-cap\/#primaryimage\"},\"image\":{\"@id\":\"https:\/\/glass-perfume-bottles.com\/es\/producto\/50ml-100ml-flat-square-flocking-perfume-bottle-with-ball-cap\/#primaryimage\"},\"thumbnailUrl\":\"https:\/\/glass-perfume-bottles.com\/wp-content\/uploads\/2025\/01\/30ml-50ml-Flat-square-flocking-perfume-bottle-with-ball-cap.jpg\",\"datePublished\":\"2025-01-08T14:56:19+00:00\",\"dateModified\":\"2025-01-11T14:47:44+00:00\",\"description\":\"Custom flocking glass perfume bottle with ball lid ,unique shape and folcking surface\uff0cmake your products luxury and stand out other brands\",\"breadcrumb\":{\"@id\":\"https:\/\/glass-perfume-bottles.com\/es\/producto\/50ml-100ml-flat-square-flocking-perfume-bottle-with-ball-cap\/#breadcrumb\"},\"inLanguage\":\"es\",\"potentialAction\":[{\"@type\":\"ReadAction\",\"target\":[\"https:\/\/glass-perfume-bottles.com\/es\/producto\/50ml-100ml-flat-square-flocking-perfume-bottle-with-ball-cap\/\"]}]},{\"@type\":\"ImageObject\",\"inLanguage\":\"es\",\"@id\":\"https:\/\/glass-perfume-bottles.com\/es\/producto\/50ml-100ml-flat-square-flocking-perfume-bottle-with-ball-cap\/#primaryimage\",\"url\":\"https:\/\/glass-perfume-bottles.com\/wp-content\/uploads\/2025\/01\/30ml-50ml-Flat-square-flocking-perfume-bottle-with-ball-cap.jpg\",\"contentUrl\":\"https:\/\/glass-perfume-bottles.com\/wp-content\/uploads\/2025\/01\/30ml-50ml-Flat-square-flocking-perfume-bottle-with-ball-cap.jpg\",\"width\":720,\"height\":720},{\"@type\":\"BreadcrumbList\",\"@id\":\"https:\/\/glass-perfume-bottles.com\/es\/producto\/50ml-100ml-flat-square-flocking-perfume-bottle-with-ball-cap\/#breadcrumb\",\"itemListElement\":[{\"@type\":\"ListItem\",\"position\":1,\"name\":\"Home\",\"item\":\"https:\/\/glass-perfume-bottles.com\/\"},{\"@type\":\"ListItem\",\"position\":2,\"name\":\"Product\",\"item\":\"https:\/\/glass-perfume-bottles.com\/custom-made-perfume-bottle-suppliers-and-wholesale\/\"},{\"@type\":\"ListItem\",\"position\":3,\"name\":\"50ml 100ml Flat square flocking perfume bottle with ball cap\"}]},{\"@type\":\"WebSite\",\"@id\":\"https:\/\/glass-perfume-bottles.com\/#website\",\"url\":\"https:\/\/glass-perfume-bottles.com\/\",\"name\":\"HY GLASS\",\"description\":\"glass perfume bottle manufacturers &amp; suppliers, aroma reed diffuser bottle wholesale &amp; suppliers\",\"publisher\":{\"@id\":\"https:\/\/glass-perfume-bottles.com\/#organization\"},\"potentialAction\":[{\"@type\":\"SearchAction\",\"target\":{\"@type\":\"EntryPoint\",\"urlTemplate\":\"https:\/\/glass-perfume-bottles.com\/?s={search_term_string}\"},\"query-input\":{\"@type\":\"PropertyValueSpecification\",\"valueRequired\":true,\"valueName\":\"search_term_string\"}}],\"inLanguage\":\"es\"},{\"@type\":\"Organization\",\"@id\":\"https:\/\/glass-perfume-bottles.com\/#organization\",\"name\":\"HY GLASS\",\"url\":\"https:\/\/glass-perfume-bottles.com\/\",\"logo\":{\"@type\":\"ImageObject\",\"inLanguage\":\"es\",\"@id\":\"https:\/\/glass-perfume-bottles.com\/#\/schema\/logo\/image\/\",\"url\":\"https:\/\/glass-perfume-bottles.com\/wp-content\/uploads\/2023\/09\/logo21.png\",\"contentUrl\":\"https:\/\/glass-perfume-bottles.com\/wp-content\/uploads\/2023\/09\/logo21.png\",\"width\":342,\"height\":268,\"caption\":\"HY GLASS\"},\"image\":{\"@id\":\"https:\/\/glass-perfume-bottles.com\/#\/schema\/logo\/image\/\"}}]}<\/script>\n<!-- \/ Yoast SEO Premium plugin. -->","yoast_head_json":{"title":"50ml 100ml Flat square flocking perfume bottle with ball cap","description":"Custom flocking glass perfume bottle with ball lid ,unique shape and folcking surface\uff0cmake your products luxury and stand out other brands","robots":{"index":"index","follow":"follow","max-snippet":"max-snippet:-1","max-image-preview":"max-image-preview:large","max-video-preview":"max-video-preview:-1"},"canonical":"https:\/\/glass-perfume-bottles.com\/es\/producto\/50ml-100ml-flat-square-flocking-perfume-bottle-with-ball-cap\/","og_locale":"es_ES","og_type":"article","og_title":"50ml 100ml Flat square flocking perfume bottle with ball cap","og_description":"Custom flocking glass perfume bottle with ball lid ,unique shape and folcking surface\uff0cmake your products luxury and stand out other brands","og_url":"https:\/\/glass-perfume-bottles.com\/es\/producto\/50ml-100ml-flat-square-flocking-perfume-bottle-with-ball-cap\/","og_site_name":"HY GLASS","article_modified_time":"2025-01-11T14:47:44+00:00","og_image":[{"width":720,"height":720,"url":"https:\/\/glass-perfume-bottles.com\/wp-content\/uploads\/2025\/01\/30ml-50ml-Flat-square-flocking-perfume-bottle-with-ball-cap.jpg","type":"image\/jpeg"}],"twitter_card":"summary_large_image","twitter_misc":{"Tiempo de lectura":"1 minuto"},"schema":{"@context":"https:\/\/schema.org","@graph":[{"@type":"WebPage","@id":"https:\/\/glass-perfume-bottles.com\/es\/producto\/50ml-100ml-flat-square-flocking-perfume-bottle-with-ball-cap\/","url":"https:\/\/glass-perfume-bottles.com\/es\/producto\/50ml-100ml-flat-square-flocking-perfume-bottle-with-ball-cap\/","name":"50ml 100ml Flat square flocking perfume bottle with ball cap","isPartOf":{"@id":"https:\/\/glass-perfume-bottles.com\/#website"},"primaryImageOfPage":{"@id":"https:\/\/glass-perfume-bottles.com\/es\/producto\/50ml-100ml-flat-square-flocking-perfume-bottle-with-ball-cap\/#primaryimage"},"image":{"@id":"https:\/\/glass-perfume-bottles.com\/es\/producto\/50ml-100ml-flat-square-flocking-perfume-bottle-with-ball-cap\/#primaryimage"},"thumbnailUrl":"https:\/\/glass-perfume-bottles.com\/wp-content\/uploads\/2025\/01\/30ml-50ml-Flat-square-flocking-perfume-bottle-with-ball-cap.jpg","datePublished":"2025-01-08T14:56:19+00:00","dateModified":"2025-01-11T14:47:44+00:00","description":"Custom flocking glass perfume bottle with ball lid ,unique shape and folcking surface\uff0cmake your products luxury and stand out other brands","breadcrumb":{"@id":"https:\/\/glass-perfume-bottles.com\/es\/producto\/50ml-100ml-flat-square-flocking-perfume-bottle-with-ball-cap\/#breadcrumb"},"inLanguage":"es","potentialAction":[{"@type":"ReadAction","target":["https:\/\/glass-perfume-bottles.com\/es\/producto\/50ml-100ml-flat-square-flocking-perfume-bottle-with-ball-cap\/"]}]},{"@type":"ImageObject","inLanguage":"es","@id":"https:\/\/glass-perfume-bottles.com\/es\/producto\/50ml-100ml-flat-square-flocking-perfume-bottle-with-ball-cap\/#primaryimage","url":"https:\/\/glass-perfume-bottles.com\/wp-content\/uploads\/2025\/01\/30ml-50ml-Flat-square-flocking-perfume-bottle-with-ball-cap.jpg","contentUrl":"https:\/\/glass-perfume-bottles.com\/wp-content\/uploads\/2025\/01\/30ml-50ml-Flat-square-flocking-perfume-bottle-with-ball-cap.jpg","width":720,"height":720},{"@type":"BreadcrumbList","@id":"https:\/\/glass-perfume-bottles.com\/es\/producto\/50ml-100ml-flat-square-flocking-perfume-bottle-with-ball-cap\/#breadcrumb","itemListElement":[{"@type":"ListItem","position":1,"name":"Home","item":"https:\/\/glass-perfume-bottles.com\/"},{"@type":"ListItem","position":2,"name":"Product","item":"https:\/\/glass-perfume-bottles.com\/custom-made-perfume-bottle-suppliers-and-wholesale\/"},{"@type":"ListItem","position":3,"name":"50ml 100ml Flat square flocking perfume bottle with ball cap"}]},{"@type":"WebSite","@id":"https:\/\/glass-perfume-bottles.com\/#website","url":"https:\/\/glass-perfume-bottles.com\/","name":"HY GLASS","description":"glass perfume bottle manufacturers &amp; suppliers, aroma reed diffuser bottle wholesale &amp; suppliers","publisher":{"@id":"https:\/\/glass-perfume-bottles.com\/#organization"},"potentialAction":[{"@type":"SearchAction","target":{"@type":"EntryPoint","urlTemplate":"https:\/\/glass-perfume-bottles.com\/?s={search_term_string}"},"query-input":{"@type":"PropertyValueSpecification","valueRequired":true,"valueName":"search_term_string"}}],"inLanguage":"es"},{"@type":"Organization","@id":"https:\/\/glass-perfume-bottles.com\/#organization","name":"HY GLASS","url":"https:\/\/glass-perfume-bottles.com\/","logo":{"@type":"ImageObject","inLanguage":"es","@id":"https:\/\/glass-perfume-bottles.com\/#\/schema\/logo\/image\/","url":"https:\/\/glass-perfume-bottles.com\/wp-content\/uploads\/2023\/09\/logo21.png","contentUrl":"https:\/\/glass-perfume-bottles.com\/wp-content\/uploads\/2023\/09\/logo21.png","width":342,"height":268,"caption":"HY GLASS"},"image":{"@id":"https:\/\/glass-perfume-bottles.com\/#\/schema\/logo\/image\/"}}]}},"taxonomy_info":{"product_cat":[{"value":51,"label":"Glass Perfume Bottle"}],"product_tag":[{"value":69,"label":"Custom glass perfume bottle factory"},{"value":70,"label":"Custom home fragrance oil bottle"},{"value":81,"label":"Glass perfume bottle manufacturer"},{"value":80,"label":"Straight round glass perfume bottle"},{"value":66,"label":"Wholesale glass perfume bottle"}]},"featured_image_src_large":["https:\/\/glass-perfume-bottles.com\/wp-content\/uploads\/2025\/01\/30ml-50ml-Flat-square-flocking-perfume-bottle-with-ball-cap.jpg",720,720,false],"author_info":[],"comment_info":0,"_links":{"self":[{"href":"https:\/\/glass-perfume-bottles.com\/es\/wp-json\/wp\/v2\/product\/2003","targetHints":{"allow":["GET"]}}],"collection":[{"href":"https:\/\/glass-perfume-bottles.com\/es\/wp-json\/wp\/v2\/product"}],"about":[{"href":"https:\/\/glass-perfume-bottles.com\/es\/wp-json\/wp\/v2\/types\/product"}],"replies":[{"embeddable":true,"href":"https:\/\/glass-perfume-bottles.com\/es\/wp-json\/wp\/v2\/comments?post=2003"}],"wp:featuredmedia":[{"embeddable":true,"href":"https:\/\/glass-perfume-bottles.com\/es\/wp-json\/wp\/v2\/media\/2004"}],"wp:attachment":[{"href":"https:\/\/glass-perfume-bottles.com\/es\/wp-json\/wp\/v2\/media?parent=2003"}],"wp:term":[{"taxonomy":"product_brand","embeddable":true,"href":"https:\/\/glass-perfume-bottles.com\/es\/wp-json\/wp\/v2\/product_brand?post=2003"},{"taxonomy":"product_cat","embeddable":true,"href":"https:\/\/glass-perfume-bottles.com\/es\/wp-json\/wp\/v2\/product_cat?post=2003"},{"taxonomy":"product_tag","embeddable":true,"href":"https:\/\/glass-perfume-bottles.com\/es\/wp-json\/wp\/v2\/product_tag?post=2003"}],"curies":[{"name":"wp","href":"https:\/\/api.w.org\/{rel}","templated":true}]}}