{"id":2031,"date":"2025-01-11T06:40:40","date_gmt":"2025-01-11T06:40:40","guid":{"rendered":"https:\/\/glass-perfume-bottles.com\/?post_type=product&#038;p=2031"},"modified":"2025-01-11T14:43:12","modified_gmt":"2025-01-11T14:43:12","slug":"30ml-250ml-glass-sloping-shoulder-perfume-bottle-factory","status":"publish","type":"product","link":"https:\/\/glass-perfume-bottles.com\/es\/producto\/30ml-250ml-glass-sloping-shoulder-perfume-bottle-factory\/","title":{"rendered":"F\u00e1brica de frascos de perfume de vidrio con hombros inclinados de 30 ml a 250 ml"},"content":{"rendered":"<table>\n<tbody>\n<tr>\n<td width=\"158\">Nombre del producto<\/td>\n<td width=\"591\">F\u00e1brica de frascos de perfume de vidrio con hombros inclinados de 30 ml a 250 ml<\/td>\n<\/tr>\n<tr>\n<td width=\"158\">Capacidad<\/td>\n<td width=\"591\">30 ml, 50 ml, 100 ml, 250 ml (otros tama\u00f1os disponibles)<\/td>\n<\/tr>\n<tr>\n<td width=\"158\">Tama\u00f1o<\/td>\n<td width=\"591\">\u00a0 30 ml: 36 x 93 mm 50 ml: 43 x 105 mm 100 ml: 52 x 121 mm 250 ml: 65 x 154 mm<\/td>\n<\/tr>\n<tr>\n<td width=\"158\">Boca<\/td>\n<td width=\"591\">Crimpado de 15 mm<span style=\"font-family: inherit; font-size: inherit;\"> boca<\/span><\/td>\n<\/tr>\n<tr>\n<td width=\"158\">Material<\/td>\n<td width=\"591\">Vidrio de primera calidad resistente a altas temperaturas<\/td>\n<\/tr>\n<tr>\n<td width=\"158\">Color del cuerpo<\/td>\n<td width=\"591\">Rojo, negro, azul, esmerilado, verde, rosa o color personalizado.<\/td>\n<\/tr>\n<tr>\n<td width=\"158\">Manipulaci\u00f3n de superficies<\/td>\n<td width=\"591\">\n<ol>\n<li>Serigraf\u00eda<\/li>\n<li>Estampado en caliente<\/li>\n<li>\u00a0Recubrimiento UV<\/li>\n<li>Escarchado<\/li>\n<li>\u00a0Calcoman\u00eda<\/li>\n<li>\u00a0Flocado<\/li>\n<li>Etiquetado<\/li>\n<li>Pintura a color o personalizada seg\u00fan sus necesidades.<\/li>\n<\/ol>\n<\/td>\n<\/tr>\n<tr>\n<td width=\"158\">Uso<\/td>\n<td width=\"591\">\u00a0Perfume\/suero\/aceite esencial\/aceite arom\u00e1tico para el hogar\/t\u00f3nico<\/td>\n<\/tr>\n<tr>\n<td width=\"158\">Embalaje<\/td>\n<td width=\"591\">Exportaci\u00f3n de cart\u00f3n y luego palets de madera contrachapada.<\/td>\n<\/tr>\n<tr>\n<td width=\"158\">Cantidad m\u00ednima de pedido<\/td>\n<td width=\"591\">5000 piezas (ya que hay un dise\u00f1o personalizado)<\/td>\n<\/tr>\n<tr>\n<td width=\"158\">Muestra<\/td>\n<td width=\"591\">Muestra gratis, se necesita costo de env\u00edo.<\/td>\n<\/tr>\n<tr>\n<td width=\"158\">Transporte<\/td>\n<td width=\"591\">FedEx\/DHL\/EMS\/UPS\/TNT\/Por mar\/Por aire, etc.<\/td>\n<\/tr>\n<tr>\n<td width=\"158\">Forma de pago<\/td>\n<td width=\"591\">Transferencia bancaria, carta de cr\u00e9dito, Western Union, Money Gram, Paypal, etc.<\/td>\n<\/tr>\n<tr>\n<td width=\"158\">El tiempo de entrega<\/td>\n<td width=\"591\">Muestra 1-2 d\u00edas, pedido de producci\u00f3n 20-45 d\u00edas depende de los detalles del pedido.<\/td>\n<\/tr>\n<tr>\n<td width=\"158\">Servicio<\/td>\n<td width=\"591\">Servicio OEM y ODM, servicio de dise\u00f1o, soluci\u00f3n integral<\/td>\n<\/tr>\n<\/tbody>\n<\/table>\n<p>&nbsp;<\/p>\n<p>30 ml-250 ml hombro inclinado <a href=\"https:\/\/glass-perfume-bottles.com\/es\/producto\/50ml-100ml-flat-square-flocking-perfume-bottle-with-ball-cap\/\">Botella de perfume de cristal<\/a> Hecho de vidrio blanco cristalino, fondo grueso con dise\u00f1o de hombro inclinado Resalte un estilo \u00fanico, acepte recubrimiento de color, esmerilado, recubrimiento de m\u00e1rmol, flocado, etc. Tambi\u00e9n podemos suministrar diferentes paquetes de botellas de perfume, como cajas con diferentes tama\u00f1os y materiales. Como papel Kraft, cart\u00f3n, papel de arte, etc.<\/p>\n<p>Como profesional <a href=\"https:\/\/glass-perfume-bottles.com\/es\/producto\/30ml-cylinder-glass-spray-perfume-bottle-with-lid-factory\/\">Botella de perfume de cristal<\/a> F\u00e1brica, hemos producido diferentes formas y capacidades para el cliente, tenemos una l\u00ednea de producci\u00f3n profesional y un equipo de dise\u00f1o, podemos brindar un servicio de primer nivel y un producto estable para el cliente, bienvenido a enviarnos su consulta, lo esperamos.<\/p>","protected":false},"excerpt":{"rendered":"<p>30 ml-250 ml Hombro inclinado <a href=\"https:\/\/glass-perfume-bottles.com\/es\/producto\/30ml-50ml-100ml-perfume-bottle-with-cap\/\">Botella de perfume de cristal<\/a> Hecho de vidrio blanco cristalino, fondo grueso con dise\u00f1o de hombro inclinado Resalta un estilo \u00fanico,<span style=\"font-family: var(--global-body-font-family);\">Contamos con una l\u00ednea de producci\u00f3n profesional y un equipo de dise\u00f1o que podemos brindar un servicio de primer nivel y un producto estable para el cliente.<\/span><\/p>\n<div class=\"summary entry-summary\">\n<div class=\"a2a_kit a2a_kit_size_32 addtoany_list\" data-a2a-url=\"https:\/\/glass-perfume-bottles.com\/product\/30ml-50ml-100ml-perfume-bottle-with-cap\/\" data-a2a-title=\"Wholesale 30ml 50ml 100ml cylinder Perfume bottle with cap\"><\/div>\n<\/div>\n<div class=\"woocommerce-tabs wc-tabs-wrapper\"><\/div>","protected":false},"featured_media":2032,"comment_status":"open","ping_status":"closed","template":"","meta":{"_kad_blocks_custom_css":"","_kad_blocks_head_custom_js":"","_kad_blocks_body_custom_js":"","_kad_blocks_footer_custom_js":"","_kad_post_transparent":"default","_kad_post_title":"","_kad_post_layout":"default","_kad_post_sidebar_id":"","_kad_post_content_style":"default","_kad_post_vertical_padding":"default","_kad_post_feature":"","_kad_post_feature_position":"","_kad_post_header":false,"_kad_post_footer":false,"_joinchat":{"telephone":"+8613813299086"}},"product_brand":[],"product_cat":[51],"product_tag":[69,70,78,67,66],"class_list":{"0":"post-2031","1":"product","2":"type-product","3":"status-publish","4":"has-post-thumbnail","6":"product_cat-glass-perfume-bottles","7":"product_tag-custom-glass-perfume-bottle-factory","8":"product_tag-custom-home-fragrance-oil-bottle","9":"product_tag-cylinder-glass-perfume-bottle-manufacturer","10":"product_tag-square-glass-perfume-bottle-supplier","11":"product_tag-wholesale-glass-perfume-bottle","13":"first","14":"instock","15":"shipping-taxable","16":"product-type-simple","17":"entry","18":"content-bg","19":"loop-entry"},"yoast_head":"<!-- This site is optimized with the Yoast SEO Premium plugin v20.5 (Yoast SEO v24.2) - https:\/\/yoast.com\/wordpress\/plugins\/seo\/ -->\n<title>30ml-250ml Glass sloping shoulder perfume bottle factory<\/title>\n<meta name=\"description\" content=\"Luxury glass sloping shoulder glass spray perfume bottle thick bottom with sloping shoulder design Highlight a unique style\" \/>\n<meta name=\"robots\" content=\"index, follow, max-snippet:-1, max-image-preview:large, max-video-preview:-1\" \/>\n<link rel=\"canonical\" href=\"https:\/\/glass-perfume-bottles.com\/es\/produit\/30ml-250ml-glass-sloping-shoulder-perfume-bottle-factory\/\" \/>\n<meta property=\"og:locale\" content=\"es_ES\" \/>\n<meta property=\"og:type\" content=\"article\" \/>\n<meta property=\"og:title\" content=\"30ml-250ml Glass sloping shoulder perfume bottle factory\" \/>\n<meta property=\"og:description\" content=\"Luxury glass sloping shoulder glass spray perfume bottle thick bottom with sloping shoulder design Highlight a unique style\" \/>\n<meta property=\"og:url\" content=\"https:\/\/glass-perfume-bottles.com\/es\/produit\/30ml-250ml-glass-sloping-shoulder-perfume-bottle-factory\/\" \/>\n<meta property=\"og:site_name\" content=\"HY GLASS\" \/>\n<meta property=\"article:modified_time\" content=\"2025-01-11T14:43:12+00:00\" \/>\n<meta property=\"og:image\" content=\"https:\/\/glass-perfume-bottles.com\/wp-content\/uploads\/2025\/01\/30ml-250ml-Glass-sloping-shoulder-perfume-bottle.jpg\" \/>\n\t<meta property=\"og:image:width\" content=\"720\" \/>\n\t<meta property=\"og:image:height\" content=\"720\" \/>\n\t<meta property=\"og:image:type\" content=\"image\/jpeg\" \/>\n<meta name=\"twitter:card\" content=\"summary_large_image\" \/>\n<meta name=\"twitter:label1\" content=\"Tiempo de lectura\" \/>\n\t<meta name=\"twitter:data1\" content=\"1 minuto\" \/>\n<script type=\"application\/ld+json\" class=\"yoast-schema-graph\">{\"@context\":\"https:\/\/schema.org\",\"@graph\":[{\"@type\":\"WebPage\",\"@id\":\"https:\/\/glass-perfume-bottles.com\/fr\/produit\/30ml-250ml-glass-sloping-shoulder-perfume-bottle-factory\/\",\"url\":\"https:\/\/glass-perfume-bottles.com\/fr\/produit\/30ml-250ml-glass-sloping-shoulder-perfume-bottle-factory\/\",\"name\":\"30ml-250ml Glass sloping shoulder perfume bottle factory\",\"isPartOf\":{\"@id\":\"https:\/\/glass-perfume-bottles.com\/#website\"},\"primaryImageOfPage\":{\"@id\":\"https:\/\/glass-perfume-bottles.com\/fr\/produit\/30ml-250ml-glass-sloping-shoulder-perfume-bottle-factory\/#primaryimage\"},\"image\":{\"@id\":\"https:\/\/glass-perfume-bottles.com\/fr\/produit\/30ml-250ml-glass-sloping-shoulder-perfume-bottle-factory\/#primaryimage\"},\"thumbnailUrl\":\"https:\/\/glass-perfume-bottles.com\/wp-content\/uploads\/2025\/01\/30ml-250ml-Glass-sloping-shoulder-perfume-bottle.jpg\",\"datePublished\":\"2025-01-11T06:40:40+00:00\",\"dateModified\":\"2025-01-11T14:43:12+00:00\",\"description\":\"Luxury glass sloping shoulder glass spray perfume bottle thick bottom with sloping shoulder design Highlight a unique style\",\"breadcrumb\":{\"@id\":\"https:\/\/glass-perfume-bottles.com\/fr\/produit\/30ml-250ml-glass-sloping-shoulder-perfume-bottle-factory\/#breadcrumb\"},\"inLanguage\":\"es\",\"potentialAction\":[{\"@type\":\"ReadAction\",\"target\":[\"https:\/\/glass-perfume-bottles.com\/fr\/produit\/30ml-250ml-glass-sloping-shoulder-perfume-bottle-factory\/\"]}]},{\"@type\":\"ImageObject\",\"inLanguage\":\"es\",\"@id\":\"https:\/\/glass-perfume-bottles.com\/fr\/produit\/30ml-250ml-glass-sloping-shoulder-perfume-bottle-factory\/#primaryimage\",\"url\":\"https:\/\/glass-perfume-bottles.com\/wp-content\/uploads\/2025\/01\/30ml-250ml-Glass-sloping-shoulder-perfume-bottle.jpg\",\"contentUrl\":\"https:\/\/glass-perfume-bottles.com\/wp-content\/uploads\/2025\/01\/30ml-250ml-Glass-sloping-shoulder-perfume-bottle.jpg\",\"width\":720,\"height\":720,\"caption\":\"30ml-250ml Sloping shoulder glass perfume bottle made of crystal white glass,thick bottom with sloping shoulder design Highlight a unique style,we have professional production line and design team we can provide first-rate service and stable product for client\"},{\"@type\":\"BreadcrumbList\",\"@id\":\"https:\/\/glass-perfume-bottles.com\/fr\/produit\/30ml-250ml-glass-sloping-shoulder-perfume-bottle-factory\/#breadcrumb\",\"itemListElement\":[{\"@type\":\"ListItem\",\"position\":1,\"name\":\"Home\",\"item\":\"https:\/\/glass-perfume-bottles.com\/\"},{\"@type\":\"ListItem\",\"position\":2,\"name\":\"Product\",\"item\":\"https:\/\/glass-perfume-bottles.com\/custom-made-perfume-bottle-suppliers-and-wholesale\/\"},{\"@type\":\"ListItem\",\"position\":3,\"name\":\"30ml-250ml Glass sloping shoulder perfume bottle factory\"}]},{\"@type\":\"WebSite\",\"@id\":\"https:\/\/glass-perfume-bottles.com\/#website\",\"url\":\"https:\/\/glass-perfume-bottles.com\/\",\"name\":\"HY GLASS\",\"description\":\"glass perfume bottle manufacturers &amp; suppliers, aroma reed diffuser bottle wholesale &amp; suppliers\",\"publisher\":{\"@id\":\"https:\/\/glass-perfume-bottles.com\/#organization\"},\"potentialAction\":[{\"@type\":\"SearchAction\",\"target\":{\"@type\":\"EntryPoint\",\"urlTemplate\":\"https:\/\/glass-perfume-bottles.com\/?s={search_term_string}\"},\"query-input\":{\"@type\":\"PropertyValueSpecification\",\"valueRequired\":true,\"valueName\":\"search_term_string\"}}],\"inLanguage\":\"es\"},{\"@type\":\"Organization\",\"@id\":\"https:\/\/glass-perfume-bottles.com\/#organization\",\"name\":\"HY GLASS\",\"url\":\"https:\/\/glass-perfume-bottles.com\/\",\"logo\":{\"@type\":\"ImageObject\",\"inLanguage\":\"es\",\"@id\":\"https:\/\/glass-perfume-bottles.com\/#\/schema\/logo\/image\/\",\"url\":\"https:\/\/glass-perfume-bottles.com\/wp-content\/uploads\/2023\/09\/logo21.png\",\"contentUrl\":\"https:\/\/glass-perfume-bottles.com\/wp-content\/uploads\/2023\/09\/logo21.png\",\"width\":342,\"height\":268,\"caption\":\"HY GLASS\"},\"image\":{\"@id\":\"https:\/\/glass-perfume-bottles.com\/#\/schema\/logo\/image\/\"}}]}<\/script>\n<!-- \/ Yoast SEO Premium plugin. -->","yoast_head_json":{"title":"30ml-250ml Glass sloping shoulder perfume bottle factory","description":"Luxury glass sloping shoulder glass spray perfume bottle thick bottom with sloping shoulder design Highlight a unique style","robots":{"index":"index","follow":"follow","max-snippet":"max-snippet:-1","max-image-preview":"max-image-preview:large","max-video-preview":"max-video-preview:-1"},"canonical":"https:\/\/glass-perfume-bottles.com\/es\/produit\/30ml-250ml-glass-sloping-shoulder-perfume-bottle-factory\/","og_locale":"es_ES","og_type":"article","og_title":"30ml-250ml Glass sloping shoulder perfume bottle factory","og_description":"Luxury glass sloping shoulder glass spray perfume bottle thick bottom with sloping shoulder design Highlight a unique style","og_url":"https:\/\/glass-perfume-bottles.com\/es\/produit\/30ml-250ml-glass-sloping-shoulder-perfume-bottle-factory\/","og_site_name":"HY GLASS","article_modified_time":"2025-01-11T14:43:12+00:00","og_image":[{"width":720,"height":720,"url":"https:\/\/glass-perfume-bottles.com\/wp-content\/uploads\/2025\/01\/30ml-250ml-Glass-sloping-shoulder-perfume-bottle.jpg","type":"image\/jpeg"}],"twitter_card":"summary_large_image","twitter_misc":{"Tiempo de lectura":"1 minuto"},"schema":{"@context":"https:\/\/schema.org","@graph":[{"@type":"WebPage","@id":"https:\/\/glass-perfume-bottles.com\/fr\/produit\/30ml-250ml-glass-sloping-shoulder-perfume-bottle-factory\/","url":"https:\/\/glass-perfume-bottles.com\/fr\/produit\/30ml-250ml-glass-sloping-shoulder-perfume-bottle-factory\/","name":"30ml-250ml Glass sloping shoulder perfume bottle factory","isPartOf":{"@id":"https:\/\/glass-perfume-bottles.com\/#website"},"primaryImageOfPage":{"@id":"https:\/\/glass-perfume-bottles.com\/fr\/produit\/30ml-250ml-glass-sloping-shoulder-perfume-bottle-factory\/#primaryimage"},"image":{"@id":"https:\/\/glass-perfume-bottles.com\/fr\/produit\/30ml-250ml-glass-sloping-shoulder-perfume-bottle-factory\/#primaryimage"},"thumbnailUrl":"https:\/\/glass-perfume-bottles.com\/wp-content\/uploads\/2025\/01\/30ml-250ml-Glass-sloping-shoulder-perfume-bottle.jpg","datePublished":"2025-01-11T06:40:40+00:00","dateModified":"2025-01-11T14:43:12+00:00","description":"Luxury glass sloping shoulder glass spray perfume bottle thick bottom with sloping shoulder design Highlight a unique style","breadcrumb":{"@id":"https:\/\/glass-perfume-bottles.com\/fr\/produit\/30ml-250ml-glass-sloping-shoulder-perfume-bottle-factory\/#breadcrumb"},"inLanguage":"es","potentialAction":[{"@type":"ReadAction","target":["https:\/\/glass-perfume-bottles.com\/fr\/produit\/30ml-250ml-glass-sloping-shoulder-perfume-bottle-factory\/"]}]},{"@type":"ImageObject","inLanguage":"es","@id":"https:\/\/glass-perfume-bottles.com\/fr\/produit\/30ml-250ml-glass-sloping-shoulder-perfume-bottle-factory\/#primaryimage","url":"https:\/\/glass-perfume-bottles.com\/wp-content\/uploads\/2025\/01\/30ml-250ml-Glass-sloping-shoulder-perfume-bottle.jpg","contentUrl":"https:\/\/glass-perfume-bottles.com\/wp-content\/uploads\/2025\/01\/30ml-250ml-Glass-sloping-shoulder-perfume-bottle.jpg","width":720,"height":720,"caption":"30ml-250ml Sloping shoulder glass perfume bottle made of crystal white glass,thick bottom with sloping shoulder design Highlight a unique style,we have professional production line and design team we can provide first-rate service and stable product for client"},{"@type":"BreadcrumbList","@id":"https:\/\/glass-perfume-bottles.com\/fr\/produit\/30ml-250ml-glass-sloping-shoulder-perfume-bottle-factory\/#breadcrumb","itemListElement":[{"@type":"ListItem","position":1,"name":"Home","item":"https:\/\/glass-perfume-bottles.com\/"},{"@type":"ListItem","position":2,"name":"Product","item":"https:\/\/glass-perfume-bottles.com\/custom-made-perfume-bottle-suppliers-and-wholesale\/"},{"@type":"ListItem","position":3,"name":"30ml-250ml Glass sloping shoulder perfume bottle factory"}]},{"@type":"WebSite","@id":"https:\/\/glass-perfume-bottles.com\/#website","url":"https:\/\/glass-perfume-bottles.com\/","name":"HY GLASS","description":"glass perfume bottle manufacturers &amp; suppliers, aroma reed diffuser bottle wholesale &amp; suppliers","publisher":{"@id":"https:\/\/glass-perfume-bottles.com\/#organization"},"potentialAction":[{"@type":"SearchAction","target":{"@type":"EntryPoint","urlTemplate":"https:\/\/glass-perfume-bottles.com\/?s={search_term_string}"},"query-input":{"@type":"PropertyValueSpecification","valueRequired":true,"valueName":"search_term_string"}}],"inLanguage":"es"},{"@type":"Organization","@id":"https:\/\/glass-perfume-bottles.com\/#organization","name":"HY GLASS","url":"https:\/\/glass-perfume-bottles.com\/","logo":{"@type":"ImageObject","inLanguage":"es","@id":"https:\/\/glass-perfume-bottles.com\/#\/schema\/logo\/image\/","url":"https:\/\/glass-perfume-bottles.com\/wp-content\/uploads\/2023\/09\/logo21.png","contentUrl":"https:\/\/glass-perfume-bottles.com\/wp-content\/uploads\/2023\/09\/logo21.png","width":342,"height":268,"caption":"HY GLASS"},"image":{"@id":"https:\/\/glass-perfume-bottles.com\/#\/schema\/logo\/image\/"}}]}},"taxonomy_info":{"product_cat":[{"value":51,"label":"Glass Perfume Bottle"}],"product_tag":[{"value":69,"label":"Custom glass perfume bottle factory"},{"value":70,"label":"Custom home fragrance oil bottle"},{"value":78,"label":"Cylinder glass perfume bottle manufacturer"},{"value":67,"label":"Square glass perfume bottle supplier"},{"value":66,"label":"Wholesale glass perfume bottle"}]},"featured_image_src_large":["https:\/\/glass-perfume-bottles.com\/wp-content\/uploads\/2025\/01\/30ml-250ml-Glass-sloping-shoulder-perfume-bottle.jpg",720,720,false],"author_info":[],"comment_info":0,"_links":{"self":[{"href":"https:\/\/glass-perfume-bottles.com\/es\/wp-json\/wp\/v2\/product\/2031","targetHints":{"allow":["GET"]}}],"collection":[{"href":"https:\/\/glass-perfume-bottles.com\/es\/wp-json\/wp\/v2\/product"}],"about":[{"href":"https:\/\/glass-perfume-bottles.com\/es\/wp-json\/wp\/v2\/types\/product"}],"replies":[{"embeddable":true,"href":"https:\/\/glass-perfume-bottles.com\/es\/wp-json\/wp\/v2\/comments?post=2031"}],"wp:featuredmedia":[{"embeddable":true,"href":"https:\/\/glass-perfume-bottles.com\/es\/wp-json\/wp\/v2\/media\/2032"}],"wp:attachment":[{"href":"https:\/\/glass-perfume-bottles.com\/es\/wp-json\/wp\/v2\/media?parent=2031"}],"wp:term":[{"taxonomy":"product_brand","embeddable":true,"href":"https:\/\/glass-perfume-bottles.com\/es\/wp-json\/wp\/v2\/product_brand?post=2031"},{"taxonomy":"product_cat","embeddable":true,"href":"https:\/\/glass-perfume-bottles.com\/es\/wp-json\/wp\/v2\/product_cat?post=2031"},{"taxonomy":"product_tag","embeddable":true,"href":"https:\/\/glass-perfume-bottles.com\/es\/wp-json\/wp\/v2\/product_tag?post=2031"}],"curies":[{"name":"wp","href":"https:\/\/api.w.org\/{rel}","templated":true}]}}