{"id":2083,"date":"2025-01-12T10:17:56","date_gmt":"2025-01-12T10:17:56","guid":{"rendered":"https:\/\/glass-perfume-bottles.com\/?post_type=product&#038;p=2083"},"modified":"2025-01-12T10:29:57","modified_gmt":"2025-01-12T10:29:57","slug":"50ml-rectangle-frosted-glass-perfume-bottle-with-ball-lid","status":"publish","type":"product","link":"https:\/\/glass-perfume-bottles.com\/es\/producto\/50ml-rectangle-frosted-glass-perfume-bottle-with-ball-lid\/","title":{"rendered":"Botella de perfume de vidrio esmerilado rectangular de 50 ml con tapa de bola"},"content":{"rendered":"<table>\n<tbody>\n<tr>\n<td width=\"158\">Nombre del producto<\/td>\n<td width=\"591\">Botella de perfume de vidrio esmerilado rectangular de 50 ml con tapa de bola<\/td>\n<\/tr>\n<tr>\n<td width=\"158\">Capacidad<\/td>\n<td width=\"591\">50 ml (otros tama\u00f1os disponibles)<\/td>\n<\/tr>\n<tr>\n<td width=\"158\">Tama\u00f1o<\/td>\n<td width=\"591\">39 x 25 x 107 mm, 125 g<\/td>\n<\/tr>\n<tr>\n<td width=\"158\">Boca<\/td>\n<td width=\"591\"><span style=\"font-family: inherit; font-size: inherit;\">Boca de engarce de 15 mm<\/span><\/td>\n<\/tr>\n<tr>\n<td width=\"158\">Material<\/td>\n<td width=\"591\">\u00a0Cristal de vidrio blanco<\/td>\n<\/tr>\n<tr>\n<td width=\"158\">Color del cuerpo<\/td>\n<td width=\"591\">Rojo, negro, azul, esmerilado, verde, transparente, dorado, rosa o color personalizado.<\/td>\n<\/tr>\n<tr>\n<td width=\"158\">Manipulaci\u00f3n de superficies<\/td>\n<td width=\"591\">\n<ol>\n<li>Serigraf\u00eda<\/li>\n<li>Estampado en caliente<\/li>\n<li>\u00a0Recubrimiento UV<\/li>\n<li>Escarchado<\/li>\n<li>\u00a0Calcoman\u00eda<\/li>\n<li>\u00a0Flocado<\/li>\n<li>Etiquetado<\/li>\n<li>Pintura a color o personalizada seg\u00fan sus necesidades.<\/li>\n<\/ol>\n<\/td>\n<\/tr>\n<tr>\n<td width=\"158\">Uso<\/td>\n<td width=\"591\">Perfume\/suero\/aceite esencial\/aceite arom\u00e1tico para el hogar\/t\u00f3nico<\/td>\n<\/tr>\n<tr>\n<td width=\"158\">Embalaje<\/td>\n<td width=\"591\">Cart\u00f3n de exportaci\u00f3n + pal\u00e9 de madera contrachapada,<\/td>\n<\/tr>\n<tr>\n<td width=\"158\">Cantidad m\u00ednima de pedido<\/td>\n<td width=\"591\">5000 piezas (ya que hay un dise\u00f1o personalizado)<\/td>\n<\/tr>\n<tr>\n<td width=\"158\">Muestra<\/td>\n<td width=\"591\">Muestra gratis, se necesita costo de env\u00edo.<\/td>\n<\/tr>\n<tr>\n<td width=\"158\">Transporte<\/td>\n<td width=\"591\">FedEx\/DHL\/EMS\/UPS\/TNT\/Por mar\/Por aire, etc.<\/td>\n<\/tr>\n<tr>\n<td width=\"158\">Forma de pago<\/td>\n<td width=\"591\">Transferencia bancaria, carta de cr\u00e9dito, Western Union, Money Gram, Paypal, etc.<\/td>\n<\/tr>\n<tr>\n<td width=\"158\">El tiempo de entrega<\/td>\n<td width=\"591\">Muestra 1-2 d\u00edas, pedido de producci\u00f3n 20-45 d\u00edas depende de los detalles del pedido.<\/td>\n<\/tr>\n<tr>\n<td width=\"158\">Servicio<\/td>\n<td width=\"591\">Servicio OEM y ODM, servicio de dise\u00f1o, soluci\u00f3n integral<\/td>\n<\/tr>\n<\/tbody>\n<\/table>\n<p>50 ml <a href=\"https:\/\/glass-perfume-bottles.com\/es\/producto\/straght-round-30ml-50ml-100ml-glass-spray-perfume-bottle\/\">Frasco de perfume rectangular esmerilado<\/a> Hecho de vidrio blanco cristalino, fondo grueso con dise\u00f1o de forma redonda Resalte un estilo \u00fanico, acepte recubrimiento de color, esmerilado, revestimiento de m\u00e1rmol, flocado, etc. Tambi\u00e9n podemos suministrar diferentes paquetes de botellas de perfume, como cajas con diferentes tama\u00f1os y materiales. Como papel Kraft, cart\u00f3n, papel de arte, etc.<\/p>\n<p>Como profesional <a href=\"https:\/\/glass-perfume-bottles.com\/es\/producto\/custom-10ml-flat-square-perfume-bottle-supplier\/\">Botella de perfume de cristal <\/a>Fabricante, hemos producido diferentes formas y capacidades para el cliente, tenemos una l\u00ednea de producci\u00f3n profesional y un equipo de dise\u00f1o, podemos brindar un servicio de primer nivel y un producto estable para el cliente, bienvenido a enviarnos su consulta, lo esperamos.<\/p>","protected":false},"excerpt":{"rendered":"<p>Botella de perfume de vidrio esmerilado rectangular de lujo de 50 ml, superficie esmerilada y forma rectangular con tapa de bola, resalta un estilo \u00fanico,<span style=\"font-family: var(--global-body-font-family);\">Contamos con una l\u00ednea de producci\u00f3n profesional y un equipo de dise\u00f1o que podemos brindar un servicio de primer nivel y un producto estable para el cliente.<\/span><\/p>\n<div class=\"summary entry-summary\">\n<div class=\"a2a_kit a2a_kit_size_32 addtoany_list\" data-a2a-url=\"https:\/\/glass-perfume-bottles.com\/product\/30ml-50ml-100ml-perfume-bottle-with-cap\/\" data-a2a-title=\"Wholesale 30ml 50ml 100ml cylinder Perfume bottle with cap\"><\/div>\n<\/div>\n<div class=\"woocommerce-tabs wc-tabs-wrapper\"><\/div>","protected":false},"featured_media":2085,"comment_status":"open","ping_status":"closed","template":"","meta":{"_kad_blocks_custom_css":"","_kad_blocks_head_custom_js":"","_kad_blocks_body_custom_js":"","_kad_blocks_footer_custom_js":"","_kad_post_transparent":"default","_kad_post_title":"","_kad_post_layout":"default","_kad_post_sidebar_id":"","_kad_post_content_style":"default","_kad_post_vertical_padding":"default","_kad_post_feature":"","_kad_post_feature_position":"","_kad_post_header":false,"_kad_post_footer":false,"_joinchat":{"telephone":"+8613813299086"}},"product_brand":[],"product_cat":[51],"product_tag":[107,70,96,108,66],"class_list":{"0":"post-2083","1":"product","2":"type-product","3":"status-publish","4":"has-post-thumbnail","6":"product_cat-glass-perfume-bottles","7":"product_tag-ball-shape-perfume-bottle-supplier","8":"product_tag-custom-home-fragrance-oil-bottle","9":"product_tag-custom-perfume-bottle-factory","10":"product_tag-empty-frosted-ball-perfume-bottle","11":"product_tag-wholesale-glass-perfume-bottle","13":"first","14":"instock","15":"shipping-taxable","16":"product-type-simple","17":"entry","18":"content-bg","19":"loop-entry"},"yoast_head":"<!-- This site is optimized with the Yoast SEO Premium plugin v20.5 (Yoast SEO v24.2) - https:\/\/yoast.com\/wordpress\/plugins\/seo\/ -->\n<title>Rectangle frosted glass perfume bottle with ball lid<\/title>\n<meta name=\"description\" content=\"Rectangle frosted glass perfume bottle with ball cap,perfume bottle made of crystal white glass,thick bottom with rectangle design Highlight a unique style\" \/>\n<meta name=\"robots\" content=\"index, follow, max-snippet:-1, max-image-preview:large, max-video-preview:-1\" \/>\n<link rel=\"canonical\" href=\"https:\/\/glass-perfume-bottles.com\/es\/produit\/50ml-rectangle-frosted-glass-perfume-bottle-with-ball-lid\/\" \/>\n<meta property=\"og:locale\" content=\"es_ES\" \/>\n<meta property=\"og:type\" content=\"article\" \/>\n<meta property=\"og:title\" content=\"50ml Rectangle frosted glass perfume bottle with ball lid\" \/>\n<meta property=\"og:description\" content=\"Rectangle frosted glass perfume bottle with ball cap,perfume bottle made of crystal white glass,thick bottom with rectangle design Highlight a unique style\" \/>\n<meta property=\"og:url\" content=\"https:\/\/glass-perfume-bottles.com\/es\/produit\/50ml-rectangle-frosted-glass-perfume-bottle-with-ball-lid\/\" \/>\n<meta property=\"og:site_name\" content=\"HY GLASS\" \/>\n<meta property=\"article:modified_time\" content=\"2025-01-12T10:29:57+00:00\" \/>\n<meta property=\"og:image\" content=\"https:\/\/glass-perfume-bottles.com\/wp-content\/uploads\/2025\/01\/50ml-Rectangle-frosted-glass-perfume-bottle-with-ball-lid.jpg\" \/>\n\t<meta property=\"og:image:width\" content=\"720\" \/>\n\t<meta property=\"og:image:height\" content=\"720\" \/>\n\t<meta property=\"og:image:type\" content=\"image\/jpeg\" \/>\n<meta name=\"twitter:card\" content=\"summary_large_image\" \/>\n<meta name=\"twitter:label1\" content=\"Tiempo de lectura\" \/>\n\t<meta name=\"twitter:data1\" content=\"1 minuto\" \/>\n<script type=\"application\/ld+json\" class=\"yoast-schema-graph\">{\"@context\":\"https:\/\/schema.org\",\"@graph\":[{\"@type\":\"WebPage\",\"@id\":\"https:\/\/glass-perfume-bottles.com\/fr\/produit\/50ml-rectangle-frosted-glass-perfume-bottle-with-ball-lid\/\",\"url\":\"https:\/\/glass-perfume-bottles.com\/fr\/produit\/50ml-rectangle-frosted-glass-perfume-bottle-with-ball-lid\/\",\"name\":\"Rectangle frosted glass perfume bottle with ball lid\",\"isPartOf\":{\"@id\":\"https:\/\/glass-perfume-bottles.com\/#website\"},\"primaryImageOfPage\":{\"@id\":\"https:\/\/glass-perfume-bottles.com\/fr\/produit\/50ml-rectangle-frosted-glass-perfume-bottle-with-ball-lid\/#primaryimage\"},\"image\":{\"@id\":\"https:\/\/glass-perfume-bottles.com\/fr\/produit\/50ml-rectangle-frosted-glass-perfume-bottle-with-ball-lid\/#primaryimage\"},\"thumbnailUrl\":\"https:\/\/glass-perfume-bottles.com\/wp-content\/uploads\/2025\/01\/50ml-Rectangle-frosted-glass-perfume-bottle-with-ball-lid.jpg\",\"datePublished\":\"2025-01-12T10:17:56+00:00\",\"dateModified\":\"2025-01-12T10:29:57+00:00\",\"description\":\"Rectangle frosted glass perfume bottle with ball cap,perfume bottle made of crystal white glass,thick bottom with rectangle design Highlight a unique style\",\"breadcrumb\":{\"@id\":\"https:\/\/glass-perfume-bottles.com\/fr\/produit\/50ml-rectangle-frosted-glass-perfume-bottle-with-ball-lid\/#breadcrumb\"},\"inLanguage\":\"es\",\"potentialAction\":[{\"@type\":\"ReadAction\",\"target\":[\"https:\/\/glass-perfume-bottles.com\/fr\/produit\/50ml-rectangle-frosted-glass-perfume-bottle-with-ball-lid\/\"]}]},{\"@type\":\"ImageObject\",\"inLanguage\":\"es\",\"@id\":\"https:\/\/glass-perfume-bottles.com\/fr\/produit\/50ml-rectangle-frosted-glass-perfume-bottle-with-ball-lid\/#primaryimage\",\"url\":\"https:\/\/glass-perfume-bottles.com\/wp-content\/uploads\/2025\/01\/50ml-Rectangle-frosted-glass-perfume-bottle-with-ball-lid.jpg\",\"contentUrl\":\"https:\/\/glass-perfume-bottles.com\/wp-content\/uploads\/2025\/01\/50ml-Rectangle-frosted-glass-perfume-bottle-with-ball-lid.jpg\",\"width\":720,\"height\":720,\"caption\":\"Luxury 50ml Rectangle frosted glass perfume bottle,frosted surface and rectangle shape with ball lid ,Highlight a unique style,we have professional production line and design team we can provide first-rate service and stable product for client\"},{\"@type\":\"BreadcrumbList\",\"@id\":\"https:\/\/glass-perfume-bottles.com\/fr\/produit\/50ml-rectangle-frosted-glass-perfume-bottle-with-ball-lid\/#breadcrumb\",\"itemListElement\":[{\"@type\":\"ListItem\",\"position\":1,\"name\":\"Home\",\"item\":\"https:\/\/glass-perfume-bottles.com\/\"},{\"@type\":\"ListItem\",\"position\":2,\"name\":\"Product\",\"item\":\"https:\/\/glass-perfume-bottles.com\/custom-made-perfume-bottle-suppliers-and-wholesale\/\"},{\"@type\":\"ListItem\",\"position\":3,\"name\":\"50ml Rectangle frosted glass perfume bottle with ball lid\"}]},{\"@type\":\"WebSite\",\"@id\":\"https:\/\/glass-perfume-bottles.com\/#website\",\"url\":\"https:\/\/glass-perfume-bottles.com\/\",\"name\":\"HY GLASS\",\"description\":\"glass perfume bottle manufacturers &amp; suppliers, aroma reed diffuser bottle wholesale &amp; suppliers\",\"publisher\":{\"@id\":\"https:\/\/glass-perfume-bottles.com\/#organization\"},\"potentialAction\":[{\"@type\":\"SearchAction\",\"target\":{\"@type\":\"EntryPoint\",\"urlTemplate\":\"https:\/\/glass-perfume-bottles.com\/?s={search_term_string}\"},\"query-input\":{\"@type\":\"PropertyValueSpecification\",\"valueRequired\":true,\"valueName\":\"search_term_string\"}}],\"inLanguage\":\"es\"},{\"@type\":\"Organization\",\"@id\":\"https:\/\/glass-perfume-bottles.com\/#organization\",\"name\":\"HY GLASS\",\"url\":\"https:\/\/glass-perfume-bottles.com\/\",\"logo\":{\"@type\":\"ImageObject\",\"inLanguage\":\"es\",\"@id\":\"https:\/\/glass-perfume-bottles.com\/#\/schema\/logo\/image\/\",\"url\":\"https:\/\/glass-perfume-bottles.com\/wp-content\/uploads\/2023\/09\/logo21.png\",\"contentUrl\":\"https:\/\/glass-perfume-bottles.com\/wp-content\/uploads\/2023\/09\/logo21.png\",\"width\":342,\"height\":268,\"caption\":\"HY GLASS\"},\"image\":{\"@id\":\"https:\/\/glass-perfume-bottles.com\/#\/schema\/logo\/image\/\"}}]}<\/script>\n<!-- \/ Yoast SEO Premium plugin. -->","yoast_head_json":{"title":"Rectangle frosted glass perfume bottle with ball lid","description":"Rectangle frosted glass perfume bottle with ball cap,perfume bottle made of crystal white glass,thick bottom with rectangle design Highlight a unique style","robots":{"index":"index","follow":"follow","max-snippet":"max-snippet:-1","max-image-preview":"max-image-preview:large","max-video-preview":"max-video-preview:-1"},"canonical":"https:\/\/glass-perfume-bottles.com\/es\/produit\/50ml-rectangle-frosted-glass-perfume-bottle-with-ball-lid\/","og_locale":"es_ES","og_type":"article","og_title":"50ml Rectangle frosted glass perfume bottle with ball lid","og_description":"Rectangle frosted glass perfume bottle with ball cap,perfume bottle made of crystal white glass,thick bottom with rectangle design Highlight a unique style","og_url":"https:\/\/glass-perfume-bottles.com\/es\/produit\/50ml-rectangle-frosted-glass-perfume-bottle-with-ball-lid\/","og_site_name":"HY GLASS","article_modified_time":"2025-01-12T10:29:57+00:00","og_image":[{"width":720,"height":720,"url":"https:\/\/glass-perfume-bottles.com\/wp-content\/uploads\/2025\/01\/50ml-Rectangle-frosted-glass-perfume-bottle-with-ball-lid.jpg","type":"image\/jpeg"}],"twitter_card":"summary_large_image","twitter_misc":{"Tiempo de lectura":"1 minuto"},"schema":{"@context":"https:\/\/schema.org","@graph":[{"@type":"WebPage","@id":"https:\/\/glass-perfume-bottles.com\/fr\/produit\/50ml-rectangle-frosted-glass-perfume-bottle-with-ball-lid\/","url":"https:\/\/glass-perfume-bottles.com\/fr\/produit\/50ml-rectangle-frosted-glass-perfume-bottle-with-ball-lid\/","name":"Rectangle frosted glass perfume bottle with ball lid","isPartOf":{"@id":"https:\/\/glass-perfume-bottles.com\/#website"},"primaryImageOfPage":{"@id":"https:\/\/glass-perfume-bottles.com\/fr\/produit\/50ml-rectangle-frosted-glass-perfume-bottle-with-ball-lid\/#primaryimage"},"image":{"@id":"https:\/\/glass-perfume-bottles.com\/fr\/produit\/50ml-rectangle-frosted-glass-perfume-bottle-with-ball-lid\/#primaryimage"},"thumbnailUrl":"https:\/\/glass-perfume-bottles.com\/wp-content\/uploads\/2025\/01\/50ml-Rectangle-frosted-glass-perfume-bottle-with-ball-lid.jpg","datePublished":"2025-01-12T10:17:56+00:00","dateModified":"2025-01-12T10:29:57+00:00","description":"Rectangle frosted glass perfume bottle with ball cap,perfume bottle made of crystal white glass,thick bottom with rectangle design Highlight a unique style","breadcrumb":{"@id":"https:\/\/glass-perfume-bottles.com\/fr\/produit\/50ml-rectangle-frosted-glass-perfume-bottle-with-ball-lid\/#breadcrumb"},"inLanguage":"es","potentialAction":[{"@type":"ReadAction","target":["https:\/\/glass-perfume-bottles.com\/fr\/produit\/50ml-rectangle-frosted-glass-perfume-bottle-with-ball-lid\/"]}]},{"@type":"ImageObject","inLanguage":"es","@id":"https:\/\/glass-perfume-bottles.com\/fr\/produit\/50ml-rectangle-frosted-glass-perfume-bottle-with-ball-lid\/#primaryimage","url":"https:\/\/glass-perfume-bottles.com\/wp-content\/uploads\/2025\/01\/50ml-Rectangle-frosted-glass-perfume-bottle-with-ball-lid.jpg","contentUrl":"https:\/\/glass-perfume-bottles.com\/wp-content\/uploads\/2025\/01\/50ml-Rectangle-frosted-glass-perfume-bottle-with-ball-lid.jpg","width":720,"height":720,"caption":"Luxury 50ml Rectangle frosted glass perfume bottle,frosted surface and rectangle shape with ball lid ,Highlight a unique style,we have professional production line and design team we can provide first-rate service and stable product for client"},{"@type":"BreadcrumbList","@id":"https:\/\/glass-perfume-bottles.com\/fr\/produit\/50ml-rectangle-frosted-glass-perfume-bottle-with-ball-lid\/#breadcrumb","itemListElement":[{"@type":"ListItem","position":1,"name":"Home","item":"https:\/\/glass-perfume-bottles.com\/"},{"@type":"ListItem","position":2,"name":"Product","item":"https:\/\/glass-perfume-bottles.com\/custom-made-perfume-bottle-suppliers-and-wholesale\/"},{"@type":"ListItem","position":3,"name":"50ml Rectangle frosted glass perfume bottle with ball lid"}]},{"@type":"WebSite","@id":"https:\/\/glass-perfume-bottles.com\/#website","url":"https:\/\/glass-perfume-bottles.com\/","name":"HY GLASS","description":"glass perfume bottle manufacturers &amp; suppliers, aroma reed diffuser bottle wholesale &amp; suppliers","publisher":{"@id":"https:\/\/glass-perfume-bottles.com\/#organization"},"potentialAction":[{"@type":"SearchAction","target":{"@type":"EntryPoint","urlTemplate":"https:\/\/glass-perfume-bottles.com\/?s={search_term_string}"},"query-input":{"@type":"PropertyValueSpecification","valueRequired":true,"valueName":"search_term_string"}}],"inLanguage":"es"},{"@type":"Organization","@id":"https:\/\/glass-perfume-bottles.com\/#organization","name":"HY GLASS","url":"https:\/\/glass-perfume-bottles.com\/","logo":{"@type":"ImageObject","inLanguage":"es","@id":"https:\/\/glass-perfume-bottles.com\/#\/schema\/logo\/image\/","url":"https:\/\/glass-perfume-bottles.com\/wp-content\/uploads\/2023\/09\/logo21.png","contentUrl":"https:\/\/glass-perfume-bottles.com\/wp-content\/uploads\/2023\/09\/logo21.png","width":342,"height":268,"caption":"HY GLASS"},"image":{"@id":"https:\/\/glass-perfume-bottles.com\/#\/schema\/logo\/image\/"}}]}},"taxonomy_info":{"product_cat":[{"value":51,"label":"Glass Perfume Bottle"}],"product_tag":[{"value":107,"label":"Ball shape perfume bottle supplier"},{"value":70,"label":"Custom home fragrance oil bottle"},{"value":96,"label":"Custom perfume bottle factory"},{"value":108,"label":"Empty frosted ball perfume bottle"},{"value":66,"label":"Wholesale glass perfume bottle"}]},"featured_image_src_large":["https:\/\/glass-perfume-bottles.com\/wp-content\/uploads\/2025\/01\/50ml-Rectangle-frosted-glass-perfume-bottle-with-ball-lid.jpg",720,720,false],"author_info":[],"comment_info":0,"_links":{"self":[{"href":"https:\/\/glass-perfume-bottles.com\/es\/wp-json\/wp\/v2\/product\/2083","targetHints":{"allow":["GET"]}}],"collection":[{"href":"https:\/\/glass-perfume-bottles.com\/es\/wp-json\/wp\/v2\/product"}],"about":[{"href":"https:\/\/glass-perfume-bottles.com\/es\/wp-json\/wp\/v2\/types\/product"}],"replies":[{"embeddable":true,"href":"https:\/\/glass-perfume-bottles.com\/es\/wp-json\/wp\/v2\/comments?post=2083"}],"wp:featuredmedia":[{"embeddable":true,"href":"https:\/\/glass-perfume-bottles.com\/es\/wp-json\/wp\/v2\/media\/2085"}],"wp:attachment":[{"href":"https:\/\/glass-perfume-bottles.com\/es\/wp-json\/wp\/v2\/media?parent=2083"}],"wp:term":[{"taxonomy":"product_brand","embeddable":true,"href":"https:\/\/glass-perfume-bottles.com\/es\/wp-json\/wp\/v2\/product_brand?post=2083"},{"taxonomy":"product_cat","embeddable":true,"href":"https:\/\/glass-perfume-bottles.com\/es\/wp-json\/wp\/v2\/product_cat?post=2083"},{"taxonomy":"product_tag","embeddable":true,"href":"https:\/\/glass-perfume-bottles.com\/es\/wp-json\/wp\/v2\/product_tag?post=2083"}],"curies":[{"name":"wp","href":"https:\/\/api.w.org\/{rel}","templated":true}]}}