{"id":2095,"date":"2025-01-12T12:38:12","date_gmt":"2025-01-12T12:38:12","guid":{"rendered":"https:\/\/glass-perfume-bottles.com\/?post_type=product&#038;p=2095"},"modified":"2025-01-12T12:52:55","modified_gmt":"2025-01-12T12:52:55","slug":"15mm-spray-pump-supplier","status":"publish","type":"product","link":"https:\/\/glass-perfume-bottles.com\/es\/producto\/15mm-spray-pump-supplier\/","title":{"rendered":"Proveedor de bomba de pulverizaci\u00f3n de niebla fina de 15 mm"},"content":{"rendered":"<table>\n<tbody>\n<tr>\n<td width=\"158\">Nombre del producto<\/td>\n<td width=\"591\">Proveedor de bomba de pulverizaci\u00f3n de niebla fina de 15 mm<\/td>\n<\/tr>\n<tr>\n<td width=\"158\">Tama\u00f1o<\/td>\n<td width=\"591\">15 mm o personalizar<\/td>\n<\/tr>\n<tr>\n<td width=\"158\">Cantidad m\u00ednima de pedido<\/td>\n<td width=\"591\">10 000 piezas (ya que hay un dise\u00f1o personalizado)<\/td>\n<\/tr>\n<tr>\n<td width=\"158\">Color<\/td>\n<td width=\"591\">Oro, negro, plata, oro rosa o color personalizado.<\/td>\n<\/tr>\n<tr>\n<td width=\"158\">Uso<\/td>\n<td width=\"591\">Perfumes, Cosm\u00e9ticos, Cuidado Corporal, etc.<\/td>\n<\/tr>\n<tr>\n<td width=\"158\">Material<\/td>\n<td width=\"591\">PP, Aluminio, LDPE, etc.<\/td>\n<\/tr>\n<tr>\n<td width=\"158\">Tipo de tapa a juego<\/td>\n<td width=\"591\">Dispensadores, Pulverizadores, Bombas, Atomizadores<\/td>\n<\/tr>\n<tr>\n<td width=\"158\">Superficie<\/td>\n<td width=\"591\">Pintura, Impresi\u00f3n, Rotulaci\u00f3n, Calcoman\u00eda, Estampaci\u00f3n en caliente, etc.<\/td>\n<\/tr>\n<tr>\n<td width=\"158\">Dosificaci\u00f3n<\/td>\n<td width=\"591\">0,04 ml\/t, 0,06 ml\/t, 0,12 ml\/t, 0,16 ml\/t, etc.<\/td>\n<\/tr>\n<tr>\n<td width=\"158\">Muestra<\/td>\n<td width=\"591\">Muestra gratis, se necesita costo de env\u00edo.<\/td>\n<\/tr>\n<tr>\n<td width=\"158\">Transporte<\/td>\n<td width=\"591\">FedEx\/DHL\/EMS\/UPS\/TNT\/Por mar\/Por aire, etc.<\/td>\n<\/tr>\n<tr>\n<td width=\"158\">Forma de pago<\/td>\n<td width=\"591\">Transferencia bancaria, carta de cr\u00e9dito, Western Union, Money Gram, Paypal, etc.<\/td>\n<\/tr>\n<tr>\n<td width=\"158\">El tiempo de entrega<\/td>\n<td width=\"591\">Muestra 1-2 d\u00edas, pedido de producci\u00f3n 20-45 d\u00edas depende de los detalles del pedido.<\/td>\n<\/tr>\n<tr>\n<td width=\"158\">Servicio<\/td>\n<td width=\"591\">Servicio OEM y ODM, servicio de dise\u00f1o, soluci\u00f3n integral<\/td>\n<\/tr>\n<\/tbody>\n<\/table>\n<p>&nbsp;<\/p>\n<p><a href=\"https:\/\/glass-perfume-bottles.com\/es\/producto\/perfume-bottle-sprayer\/\">Pulverizador de perfume de vidrio <\/a>Proveedor de bombas, proporcionamos niebla fina. <a href=\"https:\/\/glass-perfume-bottles.com\/es\/producto\/glass-perfume-bottle-spray-pump-supplier\/\">bomba de pulverizaci\u00f3n<\/a> Cumplen una funci\u00f3n excelente, garantizando un flujo suave y sin problemas del perfume desde el frasco. La calidad y la durabilidad del perfume garantizan un uso fluido. Fabricamos pulverizadores de diferentes materiales y de diferentes formas y tama\u00f1os. P\u00f3ngase en contacto con nosotros.<\/p>\n<p>&nbsp;<\/p>","protected":false},"excerpt":{"rendered":"<p>Botella de perfume de cristal <a href=\"https:\/\/glass-perfume-bottles.com\/es\/producto\/glass-perfume-bottle-spray-pump-supplier\/\">bomba pulverizadora<\/a> Hecho de material de aluminio de alta calidad, efecto de rociado fino, aceptamos varios colores personalizados para el cliente, el rociador y la bomba para botellas de perfume son uno de los elementos importantes para las botellas de perfume de vidrio. Podemos producir su propio rociador de botella con forma.<\/p>","protected":false},"featured_media":2096,"comment_status":"open","ping_status":"closed","template":"","meta":{"_kad_blocks_custom_css":"","_kad_blocks_head_custom_js":"","_kad_blocks_body_custom_js":"","_kad_blocks_footer_custom_js":"","_kad_post_transparent":"default","_kad_post_title":"","_kad_post_layout":"default","_kad_post_sidebar_id":"","_kad_post_content_style":"default","_kad_post_vertical_padding":"default","_kad_post_feature":"","_kad_post_feature_position":"","_kad_post_header":false,"_kad_post_footer":false,"_joinchat":[]},"product_brand":[],"product_cat":[53],"product_tag":[60,59,92,91,58],"class_list":{"0":"post-2095","1":"product","2":"type-product","3":"status-publish","4":"has-post-thumbnail","6":"product_cat-perfume-bottle-sprayer","7":"product_tag-bottle-sprayer-manufacturer","8":"product_tag-customize-bottle-pump","9":"product_tag-fine-spray-supplier","10":"product_tag-glass-perfume-bottle-sprayer-factory","11":"product_tag-perfume-bottle-sprayer","13":"first","14":"instock","15":"shipping-taxable","16":"product-type-simple","17":"entry","18":"content-bg","19":"loop-entry"},"yoast_head":"<!-- This site is optimized with the Yoast SEO Premium plugin v20.5 (Yoast SEO v24.2) - https:\/\/yoast.com\/wordpress\/plugins\/seo\/ -->\n<title>Fine mist 15mm spray pump supplier<\/title>\n<meta name=\"description\" content=\"As a professioanl glass perfume bottle accessories supplier,we provide high quality aluminum fine mist sprayer for client ,small order is possible\" \/>\n<meta name=\"robots\" content=\"index, follow, max-snippet:-1, max-image-preview:large, max-video-preview:-1\" \/>\n<link rel=\"canonical\" href=\"https:\/\/glass-perfume-bottles.com\/es\/producto\/15mm-spray-pump-supplier\/\" \/>\n<meta property=\"og:locale\" content=\"es_ES\" \/>\n<meta property=\"og:type\" content=\"article\" \/>\n<meta property=\"og:title\" content=\"15mm Fine mist spray pump supplier\" \/>\n<meta property=\"og:description\" content=\"As a professioanl glass perfume bottle accessories supplier,we provide high quality aluminum fine mist sprayer for client ,small order is possible\" \/>\n<meta property=\"og:url\" content=\"https:\/\/glass-perfume-bottles.com\/es\/producto\/15mm-spray-pump-supplier\/\" \/>\n<meta property=\"og:site_name\" content=\"HY GLASS\" \/>\n<meta property=\"article:modified_time\" content=\"2025-01-12T12:52:55+00:00\" \/>\n<meta property=\"og:image\" content=\"https:\/\/glass-perfume-bottles.com\/wp-content\/uploads\/2025\/01\/15mm-Sprayer-pump-.jpg\" \/>\n\t<meta property=\"og:image:width\" content=\"1200\" \/>\n\t<meta property=\"og:image:height\" content=\"1200\" \/>\n\t<meta property=\"og:image:type\" content=\"image\/jpeg\" \/>\n<meta name=\"twitter:card\" content=\"summary_large_image\" \/>\n<meta name=\"twitter:label1\" content=\"Tiempo de lectura\" \/>\n\t<meta name=\"twitter:data1\" content=\"1 minuto\" \/>\n<script type=\"application\/ld+json\" class=\"yoast-schema-graph\">{\"@context\":\"https:\/\/schema.org\",\"@graph\":[{\"@type\":\"WebPage\",\"@id\":\"https:\/\/glass-perfume-bottles.com\/product\/15mm-spray-pump-supplier\/\",\"url\":\"https:\/\/glass-perfume-bottles.com\/product\/15mm-spray-pump-supplier\/\",\"name\":\"Fine mist 15mm spray pump supplier\",\"isPartOf\":{\"@id\":\"https:\/\/glass-perfume-bottles.com\/#website\"},\"primaryImageOfPage\":{\"@id\":\"https:\/\/glass-perfume-bottles.com\/product\/15mm-spray-pump-supplier\/#primaryimage\"},\"image\":{\"@id\":\"https:\/\/glass-perfume-bottles.com\/product\/15mm-spray-pump-supplier\/#primaryimage\"},\"thumbnailUrl\":\"https:\/\/glass-perfume-bottles.com\/wp-content\/uploads\/2025\/01\/15mm-Sprayer-pump-.jpg\",\"datePublished\":\"2025-01-12T12:38:12+00:00\",\"dateModified\":\"2025-01-12T12:52:55+00:00\",\"description\":\"As a professioanl glass perfume bottle accessories supplier,we provide high quality aluminum fine mist sprayer for client ,small order is possible\",\"breadcrumb\":{\"@id\":\"https:\/\/glass-perfume-bottles.com\/product\/15mm-spray-pump-supplier\/#breadcrumb\"},\"inLanguage\":\"es\",\"potentialAction\":[{\"@type\":\"ReadAction\",\"target\":[\"https:\/\/glass-perfume-bottles.com\/product\/15mm-spray-pump-supplier\/\"]}]},{\"@type\":\"ImageObject\",\"inLanguage\":\"es\",\"@id\":\"https:\/\/glass-perfume-bottles.com\/product\/15mm-spray-pump-supplier\/#primaryimage\",\"url\":\"https:\/\/glass-perfume-bottles.com\/wp-content\/uploads\/2025\/01\/15mm-Sprayer-pump-.jpg\",\"contentUrl\":\"https:\/\/glass-perfume-bottles.com\/wp-content\/uploads\/2025\/01\/15mm-Sprayer-pump-.jpg\",\"width\":1200,\"height\":1200,\"caption\":\"Glass perfume bottle sprayer pumps carry excellent role ensuring smooth and unhinged flow of perfume from the bottle. The quality make and endurance of the perfume use fluently.\"},{\"@type\":\"BreadcrumbList\",\"@id\":\"https:\/\/glass-perfume-bottles.com\/product\/15mm-spray-pump-supplier\/#breadcrumb\",\"itemListElement\":[{\"@type\":\"ListItem\",\"position\":1,\"name\":\"Home\",\"item\":\"https:\/\/glass-perfume-bottles.com\/\"},{\"@type\":\"ListItem\",\"position\":2,\"name\":\"Product\",\"item\":\"https:\/\/glass-perfume-bottles.com\/custom-made-perfume-bottle-suppliers-and-wholesale\/\"},{\"@type\":\"ListItem\",\"position\":3,\"name\":\"15mm Fine mist spray pump supplier\"}]},{\"@type\":\"WebSite\",\"@id\":\"https:\/\/glass-perfume-bottles.com\/#website\",\"url\":\"https:\/\/glass-perfume-bottles.com\/\",\"name\":\"HY GLASS\",\"description\":\"glass perfume bottle manufacturers &amp; suppliers, aroma reed diffuser bottle wholesale &amp; suppliers\",\"publisher\":{\"@id\":\"https:\/\/glass-perfume-bottles.com\/#organization\"},\"potentialAction\":[{\"@type\":\"SearchAction\",\"target\":{\"@type\":\"EntryPoint\",\"urlTemplate\":\"https:\/\/glass-perfume-bottles.com\/?s={search_term_string}\"},\"query-input\":{\"@type\":\"PropertyValueSpecification\",\"valueRequired\":true,\"valueName\":\"search_term_string\"}}],\"inLanguage\":\"es\"},{\"@type\":\"Organization\",\"@id\":\"https:\/\/glass-perfume-bottles.com\/#organization\",\"name\":\"HY GLASS\",\"url\":\"https:\/\/glass-perfume-bottles.com\/\",\"logo\":{\"@type\":\"ImageObject\",\"inLanguage\":\"es\",\"@id\":\"https:\/\/glass-perfume-bottles.com\/#\/schema\/logo\/image\/\",\"url\":\"https:\/\/glass-perfume-bottles.com\/wp-content\/uploads\/2023\/09\/logo21.png\",\"contentUrl\":\"https:\/\/glass-perfume-bottles.com\/wp-content\/uploads\/2023\/09\/logo21.png\",\"width\":342,\"height\":268,\"caption\":\"HY GLASS\"},\"image\":{\"@id\":\"https:\/\/glass-perfume-bottles.com\/#\/schema\/logo\/image\/\"}}]}<\/script>\n<!-- \/ Yoast SEO Premium plugin. -->","yoast_head_json":{"title":"Fine mist 15mm spray pump supplier","description":"As a professioanl glass perfume bottle accessories supplier,we provide high quality aluminum fine mist sprayer for client ,small order is possible","robots":{"index":"index","follow":"follow","max-snippet":"max-snippet:-1","max-image-preview":"max-image-preview:large","max-video-preview":"max-video-preview:-1"},"canonical":"https:\/\/glass-perfume-bottles.com\/es\/producto\/15mm-spray-pump-supplier\/","og_locale":"es_ES","og_type":"article","og_title":"15mm Fine mist spray pump supplier","og_description":"As a professioanl glass perfume bottle accessories supplier,we provide high quality aluminum fine mist sprayer for client ,small order is possible","og_url":"https:\/\/glass-perfume-bottles.com\/es\/producto\/15mm-spray-pump-supplier\/","og_site_name":"HY GLASS","article_modified_time":"2025-01-12T12:52:55+00:00","og_image":[{"width":1200,"height":1200,"url":"https:\/\/glass-perfume-bottles.com\/wp-content\/uploads\/2025\/01\/15mm-Sprayer-pump-.jpg","type":"image\/jpeg"}],"twitter_card":"summary_large_image","twitter_misc":{"Tiempo de lectura":"1 minuto"},"schema":{"@context":"https:\/\/schema.org","@graph":[{"@type":"WebPage","@id":"https:\/\/glass-perfume-bottles.com\/product\/15mm-spray-pump-supplier\/","url":"https:\/\/glass-perfume-bottles.com\/product\/15mm-spray-pump-supplier\/","name":"Fine mist 15mm spray pump supplier","isPartOf":{"@id":"https:\/\/glass-perfume-bottles.com\/#website"},"primaryImageOfPage":{"@id":"https:\/\/glass-perfume-bottles.com\/product\/15mm-spray-pump-supplier\/#primaryimage"},"image":{"@id":"https:\/\/glass-perfume-bottles.com\/product\/15mm-spray-pump-supplier\/#primaryimage"},"thumbnailUrl":"https:\/\/glass-perfume-bottles.com\/wp-content\/uploads\/2025\/01\/15mm-Sprayer-pump-.jpg","datePublished":"2025-01-12T12:38:12+00:00","dateModified":"2025-01-12T12:52:55+00:00","description":"As a professioanl glass perfume bottle accessories supplier,we provide high quality aluminum fine mist sprayer for client ,small order is possible","breadcrumb":{"@id":"https:\/\/glass-perfume-bottles.com\/product\/15mm-spray-pump-supplier\/#breadcrumb"},"inLanguage":"es","potentialAction":[{"@type":"ReadAction","target":["https:\/\/glass-perfume-bottles.com\/product\/15mm-spray-pump-supplier\/"]}]},{"@type":"ImageObject","inLanguage":"es","@id":"https:\/\/glass-perfume-bottles.com\/product\/15mm-spray-pump-supplier\/#primaryimage","url":"https:\/\/glass-perfume-bottles.com\/wp-content\/uploads\/2025\/01\/15mm-Sprayer-pump-.jpg","contentUrl":"https:\/\/glass-perfume-bottles.com\/wp-content\/uploads\/2025\/01\/15mm-Sprayer-pump-.jpg","width":1200,"height":1200,"caption":"Glass perfume bottle sprayer pumps carry excellent role ensuring smooth and unhinged flow of perfume from the bottle. The quality make and endurance of the perfume use fluently."},{"@type":"BreadcrumbList","@id":"https:\/\/glass-perfume-bottles.com\/product\/15mm-spray-pump-supplier\/#breadcrumb","itemListElement":[{"@type":"ListItem","position":1,"name":"Home","item":"https:\/\/glass-perfume-bottles.com\/"},{"@type":"ListItem","position":2,"name":"Product","item":"https:\/\/glass-perfume-bottles.com\/custom-made-perfume-bottle-suppliers-and-wholesale\/"},{"@type":"ListItem","position":3,"name":"15mm Fine mist spray pump supplier"}]},{"@type":"WebSite","@id":"https:\/\/glass-perfume-bottles.com\/#website","url":"https:\/\/glass-perfume-bottles.com\/","name":"HY GLASS","description":"glass perfume bottle manufacturers &amp; suppliers, aroma reed diffuser bottle wholesale &amp; suppliers","publisher":{"@id":"https:\/\/glass-perfume-bottles.com\/#organization"},"potentialAction":[{"@type":"SearchAction","target":{"@type":"EntryPoint","urlTemplate":"https:\/\/glass-perfume-bottles.com\/?s={search_term_string}"},"query-input":{"@type":"PropertyValueSpecification","valueRequired":true,"valueName":"search_term_string"}}],"inLanguage":"es"},{"@type":"Organization","@id":"https:\/\/glass-perfume-bottles.com\/#organization","name":"HY GLASS","url":"https:\/\/glass-perfume-bottles.com\/","logo":{"@type":"ImageObject","inLanguage":"es","@id":"https:\/\/glass-perfume-bottles.com\/#\/schema\/logo\/image\/","url":"https:\/\/glass-perfume-bottles.com\/wp-content\/uploads\/2023\/09\/logo21.png","contentUrl":"https:\/\/glass-perfume-bottles.com\/wp-content\/uploads\/2023\/09\/logo21.png","width":342,"height":268,"caption":"HY GLASS"},"image":{"@id":"https:\/\/glass-perfume-bottles.com\/#\/schema\/logo\/image\/"}}]}},"taxonomy_info":{"product_cat":[{"value":53,"label":"Perfume Bottle Sprayer"}],"product_tag":[{"value":60,"label":"bottle sprayer manufacturer"},{"value":59,"label":"customize bottle pump"},{"value":92,"label":"Fine spray supplier"},{"value":91,"label":"Glass perfume bottle sprayer factory"},{"value":58,"label":"perfume bottle sprayer"}]},"featured_image_src_large":["https:\/\/glass-perfume-bottles.com\/wp-content\/uploads\/2025\/01\/15mm-Sprayer-pump--1024x1024.jpg",1024,1024,true],"author_info":[],"comment_info":0,"_links":{"self":[{"href":"https:\/\/glass-perfume-bottles.com\/es\/wp-json\/wp\/v2\/product\/2095","targetHints":{"allow":["GET"]}}],"collection":[{"href":"https:\/\/glass-perfume-bottles.com\/es\/wp-json\/wp\/v2\/product"}],"about":[{"href":"https:\/\/glass-perfume-bottles.com\/es\/wp-json\/wp\/v2\/types\/product"}],"replies":[{"embeddable":true,"href":"https:\/\/glass-perfume-bottles.com\/es\/wp-json\/wp\/v2\/comments?post=2095"}],"wp:featuredmedia":[{"embeddable":true,"href":"https:\/\/glass-perfume-bottles.com\/es\/wp-json\/wp\/v2\/media\/2096"}],"wp:attachment":[{"href":"https:\/\/glass-perfume-bottles.com\/es\/wp-json\/wp\/v2\/media?parent=2095"}],"wp:term":[{"taxonomy":"product_brand","embeddable":true,"href":"https:\/\/glass-perfume-bottles.com\/es\/wp-json\/wp\/v2\/product_brand?post=2095"},{"taxonomy":"product_cat","embeddable":true,"href":"https:\/\/glass-perfume-bottles.com\/es\/wp-json\/wp\/v2\/product_cat?post=2095"},{"taxonomy":"product_tag","embeddable":true,"href":"https:\/\/glass-perfume-bottles.com\/es\/wp-json\/wp\/v2\/product_tag?post=2095"}],"curies":[{"name":"wp","href":"https:\/\/api.w.org\/{rel}","templated":true}]}}