{"id":2134,"date":"2025-01-17T15:05:14","date_gmt":"2025-01-17T15:05:14","guid":{"rendered":"https:\/\/glass-perfume-bottles.com\/?post_type=product&#038;p=2134"},"modified":"2025-04-23T10:05:37","modified_gmt":"2025-04-23T10:05:37","slug":"custom-100ml-conical-aroma-reed-diffuser-bottle-with-cap","status":"publish","type":"product","link":"https:\/\/glass-perfume-bottles.com\/es\/producto\/custom-100ml-conical-aroma-reed-diffuser-bottle-with-cap\/","title":{"rendered":"Botella difusora de aroma c\u00f3nica personalizada de 100 ml con tapa"},"content":{"rendered":"<table>\n<tbody>\n<tr>\n<td width=\"158\">Nombre del producto<\/td>\n<td width=\"591\">Botella difusora de aroma c\u00f3nica personalizada de 100 ml con tapa<\/td>\n<\/tr>\n<tr>\n<td width=\"158\">Capacidad<\/td>\n<td width=\"591\">100 ml (otros tama\u00f1os disponibles)<\/td>\n<\/tr>\n<tr>\n<td width=\"158\">Forma<\/td>\n<td width=\"591\">Forma c\u00f3nica<\/td>\n<\/tr>\n<tr>\n<td width=\"158\">Peso<\/td>\n<td width=\"591\">\u00a0200 gramos<\/td>\n<\/tr>\n<tr>\n<td width=\"158\">Material<\/td>\n<td width=\"591\">Cristal de vidrio blanco<\/td>\n<\/tr>\n<tr>\n<td width=\"158\">Color del cuerpo<\/td>\n<td width=\"591\">Rojo, negro, azul, esmerilado, verde, rosa o color personalizado.<\/td>\n<\/tr>\n<tr>\n<td width=\"158\">Manipulaci\u00f3n de superficies<\/td>\n<td width=\"591\">\n<ol>\n<li>Serigraf\u00eda<\/li>\n<li>Estampado en caliente<\/li>\n<li>\u00a0Recubrimiento UV<\/li>\n<li>Escarchado<\/li>\n<li>\u00a0Calcoman\u00eda<\/li>\n<li>\u00a0Flocado<\/li>\n<li>Etiquetado<\/li>\n<li>Pintura a color o personalizada seg\u00fan sus necesidades.<\/li>\n<\/ol>\n<\/td>\n<\/tr>\n<tr>\n<td width=\"158\">Uso<\/td>\n<td width=\"591\">\u00a0Embalaje de aceite de aromaterapia\/aceite de fragancia para el hogar\/desodorante\/ambientador, etc.<\/td>\n<\/tr>\n<tr>\n<td width=\"158\">Embalaje<\/td>\n<td width=\"591\">Exportaci\u00f3n de cart\u00f3n y luego palets de madera contrachapada.<\/td>\n<\/tr>\n<tr>\n<td width=\"158\">Cantidad m\u00ednima de pedido<\/td>\n<td width=\"591\">10 000 piezas (ya que hay un dise\u00f1o personalizado)<\/td>\n<\/tr>\n<tr>\n<td width=\"158\">Muestra<\/td>\n<td width=\"591\">Muestra gratis, se necesita costo de env\u00edo.<\/td>\n<\/tr>\n<tr>\n<td width=\"158\">Transporte<\/td>\n<td width=\"591\">FedEx\/DHL\/EMS\/UPS\/TNT\/Por mar\/Por aire, etc.<\/td>\n<\/tr>\n<tr>\n<td width=\"158\">Forma de pago<\/td>\n<td width=\"591\">Transferencia bancaria, carta de cr\u00e9dito, Western Union, Money Gram, Paypal, etc.<\/td>\n<\/tr>\n<tr>\n<td width=\"158\">El tiempo de entrega<\/td>\n<td width=\"591\">Muestra 1-2 d\u00edas, pedido de producci\u00f3n 20-45 d\u00edas depende de los detalles del pedido.<\/td>\n<\/tr>\n<tr>\n<td width=\"158\">Servicio<\/td>\n<td width=\"591\">Servicio OEM y ODM, servicio de dise\u00f1o, soluci\u00f3n integral<\/td>\n<\/tr>\n<\/tbody>\n<\/table>\n<p>&nbsp;<\/p>\n<p>Personalizado 100 ml<a href=\"https:\/\/glass-perfume-bottles.com\/es\/producto\/glass-perfume-bottles\/\"> Botella difusora de aroma c\u00f3nica de varillas <\/a>\u00a0Hecho de material de vidrio blanco alto, fondo con forma de cono invertido \u00fanico y cuerpo liso, aceptamos personalizaci\u00f3n. <a href=\"https:\/\/www.hyglassbottles.com\/product\/120ml-Cylinder-aroma-diffuser-bottle-with-wooden-cap.html\">Botella difusora de aroma de varillas<\/a> Aceptamos procesos de color, esmerilado, m\u00e1rmol, flocado, etc. Tambi\u00e9n suministramos diferentes envases para botellas de vidrio, como cajas de diferentes tama\u00f1os y materiales, como papel kraft, cart\u00f3n, papel art\u00edstico, cart\u00f3n corrugado, papel estucado, etc., e impresi\u00f3n de cajas de perfume con diferentes tecnolog\u00edas.<\/p>\n<p>Bienvenido env\u00edenos su consulta, tenemos una l\u00ednea de producci\u00f3n profesional y un equipo de dise\u00f1o, podemos brindar un servicio de primer nivel y un producto estable para el cliente, lo esperamos.<\/p>","protected":false},"excerpt":{"rendered":"<p><a href=\"https:\/\/glass-perfume-bottles.com\/es\/producto\/glass-perfume-bottles\/\">Botella difusora de aroma de vidrio de lujo<\/a> Hecho de material de vidrio blanco alto, el fondo de la botella engrosada est\u00e1 firmemente colocado y la boca de la botella es lisa, bienvenido env\u00edenos su dise\u00f1o, le brindaremos un servicio de primer nivel y botellas estables de calidad para usted.<\/p>","protected":false},"featured_media":2135,"comment_status":"open","ping_status":"closed","template":"","meta":{"_kad_blocks_custom_css":"","_kad_blocks_head_custom_js":"","_kad_blocks_body_custom_js":"","_kad_blocks_footer_custom_js":"","_kad_post_transparent":"default","_kad_post_title":"","_kad_post_layout":"default","_kad_post_sidebar_id":"","_kad_post_content_style":"default","_kad_post_vertical_padding":"default","_kad_post_feature":"","_kad_post_feature_position":"","_kad_post_header":false,"_kad_post_footer":false,"_joinchat":{"telephone":"+8613813299086"}},"product_brand":[],"product_cat":[71],"product_tag":[72,73,76,75,74],"class_list":{"0":"post-2134","1":"product","2":"type-product","3":"status-publish","4":"has-post-thumbnail","6":"product_cat-glass-aroma-reed-diffuser-bottle-1","7":"product_tag-aroma-reed-diffuser-bottle","8":"product_tag-empty-reed-diffuser-bottle-supplier","9":"product_tag-home-fragrance-oil-bottle-wholesale","10":"product_tag-reed-diffuser-bottle-manufacturer","11":"product_tag-wholesale-aromatherapy-bottle-factory","13":"first","14":"instock","15":"shipping-taxable","16":"product-type-simple","17":"entry","18":"content-bg","19":"loop-entry"},"yoast_head":"<!-- This site is optimized with the Yoast SEO Premium plugin v20.5 (Yoast SEO v24.2) - https:\/\/yoast.com\/wordpress\/plugins\/seo\/ -->\n<title>Conical aroma reed diffuser bottle<\/title>\n<meta name=\"description\" content=\"Conical aroma reed diffuser bottle which made of high white glass material,unique conical shape with lid\uff0csmall order is possible\" \/>\n<meta name=\"robots\" content=\"index, follow, max-snippet:-1, max-image-preview:large, max-video-preview:-1\" \/>\n<link rel=\"canonical\" href=\"https:\/\/glass-perfume-bottles.com\/es\/producto\/custom-100ml-conical-aroma-reed-diffuser-bottle-with-cap\/\" \/>\n<meta property=\"og:locale\" content=\"es_ES\" \/>\n<meta property=\"og:type\" content=\"article\" \/>\n<meta property=\"og:title\" content=\"Custom 100ml conical aroma reed diffuser bottle with cap\" \/>\n<meta property=\"og:description\" content=\"Conical aroma reed diffuser bottle which made of high white glass material,unique conical shape with lid\uff0csmall order is possible\" \/>\n<meta property=\"og:url\" content=\"https:\/\/glass-perfume-bottles.com\/es\/producto\/custom-100ml-conical-aroma-reed-diffuser-bottle-with-cap\/\" \/>\n<meta property=\"og:site_name\" content=\"HY GLASS\" \/>\n<meta property=\"article:modified_time\" content=\"2025-04-23T10:05:37+00:00\" \/>\n<meta property=\"og:image\" content=\"https:\/\/glass-perfume-bottles.com\/wp-content\/uploads\/2025\/01\/Custom-inverted-cone-aroma-reed-diffuser-bottle-with-cap.jpg\" \/>\n\t<meta property=\"og:image:width\" content=\"720\" \/>\n\t<meta property=\"og:image:height\" content=\"720\" \/>\n\t<meta property=\"og:image:type\" content=\"image\/jpeg\" \/>\n<meta name=\"twitter:card\" content=\"summary_large_image\" \/>\n<meta name=\"twitter:label1\" content=\"Tiempo de lectura\" \/>\n\t<meta name=\"twitter:data1\" content=\"2 minutos\" \/>\n<script type=\"application\/ld+json\" class=\"yoast-schema-graph\">{\"@context\":\"https:\/\/schema.org\",\"@graph\":[{\"@type\":\"WebPage\",\"@id\":\"https:\/\/glass-perfume-bottles.com\/product\/custom-100ml-conical-aroma-reed-diffuser-bottle-with-cap\/\",\"url\":\"https:\/\/glass-perfume-bottles.com\/product\/custom-100ml-conical-aroma-reed-diffuser-bottle-with-cap\/\",\"name\":\"Conical aroma reed diffuser bottle\",\"isPartOf\":{\"@id\":\"https:\/\/glass-perfume-bottles.com\/#website\"},\"primaryImageOfPage\":{\"@id\":\"https:\/\/glass-perfume-bottles.com\/product\/custom-100ml-conical-aroma-reed-diffuser-bottle-with-cap\/#primaryimage\"},\"image\":{\"@id\":\"https:\/\/glass-perfume-bottles.com\/product\/custom-100ml-conical-aroma-reed-diffuser-bottle-with-cap\/#primaryimage\"},\"thumbnailUrl\":\"https:\/\/glass-perfume-bottles.com\/wp-content\/uploads\/2025\/01\/Custom-inverted-cone-aroma-reed-diffuser-bottle-with-cap.jpg\",\"datePublished\":\"2025-01-17T15:05:14+00:00\",\"dateModified\":\"2025-04-23T10:05:37+00:00\",\"description\":\"Conical aroma reed diffuser bottle which made of high white glass material,unique conical shape with lid\uff0csmall order is possible\",\"breadcrumb\":{\"@id\":\"https:\/\/glass-perfume-bottles.com\/product\/custom-100ml-conical-aroma-reed-diffuser-bottle-with-cap\/#breadcrumb\"},\"inLanguage\":\"es\",\"potentialAction\":[{\"@type\":\"ReadAction\",\"target\":[\"https:\/\/glass-perfume-bottles.com\/product\/custom-100ml-conical-aroma-reed-diffuser-bottle-with-cap\/\"]}]},{\"@type\":\"ImageObject\",\"inLanguage\":\"es\",\"@id\":\"https:\/\/glass-perfume-bottles.com\/product\/custom-100ml-conical-aroma-reed-diffuser-bottle-with-cap\/#primaryimage\",\"url\":\"https:\/\/glass-perfume-bottles.com\/wp-content\/uploads\/2025\/01\/Custom-inverted-cone-aroma-reed-diffuser-bottle-with-cap.jpg\",\"contentUrl\":\"https:\/\/glass-perfume-bottles.com\/wp-content\/uploads\/2025\/01\/Custom-inverted-cone-aroma-reed-diffuser-bottle-with-cap.jpg\",\"width\":720,\"height\":720,\"caption\":\"Aroma reed diffuser bottle,\u00a0Empty reed diffuser bottle supplier,\u00a0Home fragrance oil bottle wholesale,\u00a0Reed diffuser bottle manufacturer,\u00a0Square aroma diffuser bottle,\u00a0Wholesale aromatherapy bottle factory\"},{\"@type\":\"BreadcrumbList\",\"@id\":\"https:\/\/glass-perfume-bottles.com\/product\/custom-100ml-conical-aroma-reed-diffuser-bottle-with-cap\/#breadcrumb\",\"itemListElement\":[{\"@type\":\"ListItem\",\"position\":1,\"name\":\"Home\",\"item\":\"https:\/\/glass-perfume-bottles.com\/\"},{\"@type\":\"ListItem\",\"position\":2,\"name\":\"Product\",\"item\":\"https:\/\/glass-perfume-bottles.com\/custom-made-perfume-bottle-suppliers-and-wholesale\/\"},{\"@type\":\"ListItem\",\"position\":3,\"name\":\"Custom 100ml conical aroma reed diffuser bottle with cap\"}]},{\"@type\":\"WebSite\",\"@id\":\"https:\/\/glass-perfume-bottles.com\/#website\",\"url\":\"https:\/\/glass-perfume-bottles.com\/\",\"name\":\"HY GLASS\",\"description\":\"glass perfume bottle manufacturers &amp; suppliers, aroma reed diffuser bottle wholesale &amp; suppliers\",\"publisher\":{\"@id\":\"https:\/\/glass-perfume-bottles.com\/#organization\"},\"potentialAction\":[{\"@type\":\"SearchAction\",\"target\":{\"@type\":\"EntryPoint\",\"urlTemplate\":\"https:\/\/glass-perfume-bottles.com\/?s={search_term_string}\"},\"query-input\":{\"@type\":\"PropertyValueSpecification\",\"valueRequired\":true,\"valueName\":\"search_term_string\"}}],\"inLanguage\":\"es\"},{\"@type\":\"Organization\",\"@id\":\"https:\/\/glass-perfume-bottles.com\/#organization\",\"name\":\"HY GLASS\",\"url\":\"https:\/\/glass-perfume-bottles.com\/\",\"logo\":{\"@type\":\"ImageObject\",\"inLanguage\":\"es\",\"@id\":\"https:\/\/glass-perfume-bottles.com\/#\/schema\/logo\/image\/\",\"url\":\"https:\/\/glass-perfume-bottles.com\/wp-content\/uploads\/2023\/09\/logo21.png\",\"contentUrl\":\"https:\/\/glass-perfume-bottles.com\/wp-content\/uploads\/2023\/09\/logo21.png\",\"width\":342,\"height\":268,\"caption\":\"HY GLASS\"},\"image\":{\"@id\":\"https:\/\/glass-perfume-bottles.com\/#\/schema\/logo\/image\/\"}}]}<\/script>\n<!-- \/ Yoast SEO Premium plugin. -->","yoast_head_json":{"title":"Conical aroma reed diffuser bottle","description":"Conical aroma reed diffuser bottle which made of high white glass material,unique conical shape with lid\uff0csmall order is possible","robots":{"index":"index","follow":"follow","max-snippet":"max-snippet:-1","max-image-preview":"max-image-preview:large","max-video-preview":"max-video-preview:-1"},"canonical":"https:\/\/glass-perfume-bottles.com\/es\/producto\/custom-100ml-conical-aroma-reed-diffuser-bottle-with-cap\/","og_locale":"es_ES","og_type":"article","og_title":"Custom 100ml conical aroma reed diffuser bottle with cap","og_description":"Conical aroma reed diffuser bottle which made of high white glass material,unique conical shape with lid\uff0csmall order is possible","og_url":"https:\/\/glass-perfume-bottles.com\/es\/producto\/custom-100ml-conical-aroma-reed-diffuser-bottle-with-cap\/","og_site_name":"HY GLASS","article_modified_time":"2025-04-23T10:05:37+00:00","og_image":[{"width":720,"height":720,"url":"https:\/\/glass-perfume-bottles.com\/wp-content\/uploads\/2025\/01\/Custom-inverted-cone-aroma-reed-diffuser-bottle-with-cap.jpg","type":"image\/jpeg"}],"twitter_card":"summary_large_image","twitter_misc":{"Tiempo de lectura":"2 minutos"},"schema":{"@context":"https:\/\/schema.org","@graph":[{"@type":"WebPage","@id":"https:\/\/glass-perfume-bottles.com\/product\/custom-100ml-conical-aroma-reed-diffuser-bottle-with-cap\/","url":"https:\/\/glass-perfume-bottles.com\/product\/custom-100ml-conical-aroma-reed-diffuser-bottle-with-cap\/","name":"Conical aroma reed diffuser bottle","isPartOf":{"@id":"https:\/\/glass-perfume-bottles.com\/#website"},"primaryImageOfPage":{"@id":"https:\/\/glass-perfume-bottles.com\/product\/custom-100ml-conical-aroma-reed-diffuser-bottle-with-cap\/#primaryimage"},"image":{"@id":"https:\/\/glass-perfume-bottles.com\/product\/custom-100ml-conical-aroma-reed-diffuser-bottle-with-cap\/#primaryimage"},"thumbnailUrl":"https:\/\/glass-perfume-bottles.com\/wp-content\/uploads\/2025\/01\/Custom-inverted-cone-aroma-reed-diffuser-bottle-with-cap.jpg","datePublished":"2025-01-17T15:05:14+00:00","dateModified":"2025-04-23T10:05:37+00:00","description":"Conical aroma reed diffuser bottle which made of high white glass material,unique conical shape with lid\uff0csmall order is possible","breadcrumb":{"@id":"https:\/\/glass-perfume-bottles.com\/product\/custom-100ml-conical-aroma-reed-diffuser-bottle-with-cap\/#breadcrumb"},"inLanguage":"es","potentialAction":[{"@type":"ReadAction","target":["https:\/\/glass-perfume-bottles.com\/product\/custom-100ml-conical-aroma-reed-diffuser-bottle-with-cap\/"]}]},{"@type":"ImageObject","inLanguage":"es","@id":"https:\/\/glass-perfume-bottles.com\/product\/custom-100ml-conical-aroma-reed-diffuser-bottle-with-cap\/#primaryimage","url":"https:\/\/glass-perfume-bottles.com\/wp-content\/uploads\/2025\/01\/Custom-inverted-cone-aroma-reed-diffuser-bottle-with-cap.jpg","contentUrl":"https:\/\/glass-perfume-bottles.com\/wp-content\/uploads\/2025\/01\/Custom-inverted-cone-aroma-reed-diffuser-bottle-with-cap.jpg","width":720,"height":720,"caption":"Aroma reed diffuser bottle,\u00a0Empty reed diffuser bottle supplier,\u00a0Home fragrance oil bottle wholesale,\u00a0Reed diffuser bottle manufacturer,\u00a0Square aroma diffuser bottle,\u00a0Wholesale aromatherapy bottle factory"},{"@type":"BreadcrumbList","@id":"https:\/\/glass-perfume-bottles.com\/product\/custom-100ml-conical-aroma-reed-diffuser-bottle-with-cap\/#breadcrumb","itemListElement":[{"@type":"ListItem","position":1,"name":"Home","item":"https:\/\/glass-perfume-bottles.com\/"},{"@type":"ListItem","position":2,"name":"Product","item":"https:\/\/glass-perfume-bottles.com\/custom-made-perfume-bottle-suppliers-and-wholesale\/"},{"@type":"ListItem","position":3,"name":"Custom 100ml conical aroma reed diffuser bottle with cap"}]},{"@type":"WebSite","@id":"https:\/\/glass-perfume-bottles.com\/#website","url":"https:\/\/glass-perfume-bottles.com\/","name":"HY GLASS","description":"glass perfume bottle manufacturers &amp; suppliers, aroma reed diffuser bottle wholesale &amp; suppliers","publisher":{"@id":"https:\/\/glass-perfume-bottles.com\/#organization"},"potentialAction":[{"@type":"SearchAction","target":{"@type":"EntryPoint","urlTemplate":"https:\/\/glass-perfume-bottles.com\/?s={search_term_string}"},"query-input":{"@type":"PropertyValueSpecification","valueRequired":true,"valueName":"search_term_string"}}],"inLanguage":"es"},{"@type":"Organization","@id":"https:\/\/glass-perfume-bottles.com\/#organization","name":"HY GLASS","url":"https:\/\/glass-perfume-bottles.com\/","logo":{"@type":"ImageObject","inLanguage":"es","@id":"https:\/\/glass-perfume-bottles.com\/#\/schema\/logo\/image\/","url":"https:\/\/glass-perfume-bottles.com\/wp-content\/uploads\/2023\/09\/logo21.png","contentUrl":"https:\/\/glass-perfume-bottles.com\/wp-content\/uploads\/2023\/09\/logo21.png","width":342,"height":268,"caption":"HY GLASS"},"image":{"@id":"https:\/\/glass-perfume-bottles.com\/#\/schema\/logo\/image\/"}}]}},"taxonomy_info":{"product_cat":[{"value":71,"label":"Glass Aroma Reed Diffuser Bottle"}],"product_tag":[{"value":72,"label":"Aroma reed diffuser bottle"},{"value":73,"label":"Empty reed diffuser bottle supplier"},{"value":76,"label":"Home fragrance oil bottle wholesale"},{"value":75,"label":"Reed diffuser bottle manufacturer"},{"value":74,"label":"Wholesale aromatherapy bottle factory"}]},"featured_image_src_large":["https:\/\/glass-perfume-bottles.com\/wp-content\/uploads\/2025\/01\/Custom-inverted-cone-aroma-reed-diffuser-bottle-with-cap.jpg",720,720,false],"author_info":[],"comment_info":0,"_links":{"self":[{"href":"https:\/\/glass-perfume-bottles.com\/es\/wp-json\/wp\/v2\/product\/2134","targetHints":{"allow":["GET"]}}],"collection":[{"href":"https:\/\/glass-perfume-bottles.com\/es\/wp-json\/wp\/v2\/product"}],"about":[{"href":"https:\/\/glass-perfume-bottles.com\/es\/wp-json\/wp\/v2\/types\/product"}],"replies":[{"embeddable":true,"href":"https:\/\/glass-perfume-bottles.com\/es\/wp-json\/wp\/v2\/comments?post=2134"}],"wp:featuredmedia":[{"embeddable":true,"href":"https:\/\/glass-perfume-bottles.com\/es\/wp-json\/wp\/v2\/media\/2135"}],"wp:attachment":[{"href":"https:\/\/glass-perfume-bottles.com\/es\/wp-json\/wp\/v2\/media?parent=2134"}],"wp:term":[{"taxonomy":"product_brand","embeddable":true,"href":"https:\/\/glass-perfume-bottles.com\/es\/wp-json\/wp\/v2\/product_brand?post=2134"},{"taxonomy":"product_cat","embeddable":true,"href":"https:\/\/glass-perfume-bottles.com\/es\/wp-json\/wp\/v2\/product_cat?post=2134"},{"taxonomy":"product_tag","embeddable":true,"href":"https:\/\/glass-perfume-bottles.com\/es\/wp-json\/wp\/v2\/product_tag?post=2134"}],"curies":[{"name":"wp","href":"https:\/\/api.w.org\/{rel}","templated":true}]}}