{"id":2186,"date":"2025-01-25T02:08:48","date_gmt":"2025-01-25T02:08:48","guid":{"rendered":"https:\/\/glass-perfume-bottles.com\/?post_type=product&#038;p=2186"},"modified":"2025-01-25T02:21:40","modified_gmt":"2025-01-25T02:21:40","slug":"15mm-custom-gold-crimp-spray-pump-supplier","status":"publish","type":"product","link":"https:\/\/glass-perfume-bottles.com\/es\/producto\/15mm-custom-gold-crimp-spray-pump-supplier\/","title":{"rendered":"Proveedor de bomba de pulverizaci\u00f3n de engarce dorado personalizado de 15 mm"},"content":{"rendered":"<table>\n<tbody>\n<tr>\n<td width=\"158\">Nombre del producto<\/td>\n<td width=\"591\">Proveedor de bombas de pulverizaci\u00f3n de oro con engarce personalizado<\/td>\n<\/tr>\n<tr>\n<td width=\"158\">Tama\u00f1o<\/td>\n<td width=\"591\">Boca de engarce de 15 mm o personalizada<\/td>\n<\/tr>\n<tr>\n<td width=\"158\">Cantidad m\u00ednima de pedido<\/td>\n<td width=\"591\">10 000 piezas (ya que hay un dise\u00f1o personalizado)<\/td>\n<\/tr>\n<tr>\n<td width=\"158\">Color<\/td>\n<td width=\"591\">Oro, negro, plata, oro rosa o color personalizado.<\/td>\n<\/tr>\n<tr>\n<td width=\"158\">Uso<\/td>\n<td width=\"591\">Perfumes, Cosm\u00e9ticos, Cuidado Corporal, etc.<\/td>\n<\/tr>\n<tr>\n<td width=\"158\">Material<\/td>\n<td width=\"591\">PP, Aluminio, LDPE, etc.<\/td>\n<\/tr>\n<tr>\n<td width=\"158\">Tipo de tapa a juego<\/td>\n<td width=\"591\">Dispensadores, Pulverizadores, Bombas, Atomizadores<\/td>\n<\/tr>\n<tr>\n<td width=\"158\">Superficie<\/td>\n<td width=\"591\">Pintura, Impresi\u00f3n, Rotulaci\u00f3n, Calcoman\u00eda, Estampaci\u00f3n en caliente, etc.<\/td>\n<\/tr>\n<tr>\n<td width=\"158\">Dosificaci\u00f3n<\/td>\n<td width=\"591\">0,04 ml\/t, 0,06 ml\/t, 0,12 ml\/t, 0,16 ml\/t, etc.<\/td>\n<\/tr>\n<tr>\n<td width=\"158\">Muestra<\/td>\n<td width=\"591\">Muestra gratis, se necesita costo de env\u00edo.<\/td>\n<\/tr>\n<tr>\n<td width=\"158\">Transporte<\/td>\n<td width=\"591\">FedEx\/DHL\/EMS\/UPS\/TNT\/Por mar\/Por aire, etc.<\/td>\n<\/tr>\n<tr>\n<td width=\"158\">Forma de pago<\/td>\n<td width=\"591\">Transferencia bancaria, carta de cr\u00e9dito, Western Union, Money Gram, Paypal, etc.<\/td>\n<\/tr>\n<tr>\n<td width=\"158\">El tiempo de entrega<\/td>\n<td width=\"591\">Muestra 1-2 d\u00edas, pedido de producci\u00f3n 20-45 d\u00edas depende de los detalles del pedido.<\/td>\n<\/tr>\n<tr>\n<td width=\"158\">Servicio<\/td>\n<td width=\"591\">Servicio OEM y ODM, servicio de dise\u00f1o, soluci\u00f3n integral<\/td>\n<\/tr>\n<\/tbody>\n<\/table>\n<p>&nbsp;<\/p>\n<p>Los pulverizadores de perfume con boquilla de oro son herramientas esenciales para cualquier persona a la que le guste usar fragancias. Le permiten aplicar el perfume de manera uniforme y precisa, sin desperdiciar ninguno de sus aromas favoritos. Un pulverizador de perfume es un dispositivo peque\u00f1o y port\u00e1til que se puede utilizar para aplicar perfume en el cuerpo o la ropa.<\/p>\n<p>Como profesional\u00a0<a href=\"https:\/\/glass-perfume-bottles.com\/es\/producto\/perfume-bottle-sprayer\/\">bomba pulverizadora personalizada<\/a> F\u00e1brica, podemos producir varios tipos de bombas rociadoras para el cliente, el material puede usar aluminio, pp, etc., tambi\u00e9n podemos personalizar oro, negro, morado, rojo en cualquier color que desee, nuestro perfume de niebla fina\u00a0<a href=\"https:\/\/glass-perfume-bottles.com\/es\/producto\/glass-perfume-bottle-spray-pump-supplier\/\">bomba pulverizadora<\/a> Desempe\u00f1an una excelente funci\u00f3n garantizando un flujo suave y sin complicaciones del perfume desde el frasco.<\/p>\n<p>La calidad y la durabilidad del perfume se utilizan con fluidez. Producimos diferentes materiales en aerosol y diferentes formas \/ tama\u00f1os de pulverizadores, cont\u00e1ctenos.<\/p>\n<p>&nbsp;<\/p>","protected":false},"excerpt":{"rendered":"<p>Como profesional\u00a0<a href=\"https:\/\/glass-perfume-bottles.com\/es\/producto\/perfume-bottle-sprayer\/\">bomba de pulverizaci\u00f3n de crimpado<\/a> F\u00e1brica, podemos producir varios tipos de bombas de pulverizaci\u00f3n para el cliente, el material puede usar aluminio, pp, etc., tambi\u00e9n podemos personalizar oro, negro, morado, rojo en cualquier color que desee,<\/p>","protected":false},"featured_media":2187,"comment_status":"open","ping_status":"closed","template":"","meta":{"_kad_blocks_custom_css":"","_kad_blocks_head_custom_js":"","_kad_blocks_body_custom_js":"","_kad_blocks_footer_custom_js":"","_kad_post_transparent":"default","_kad_post_title":"","_kad_post_layout":"default","_kad_post_sidebar_id":"","_kad_post_content_style":"default","_kad_post_vertical_padding":"default","_kad_post_feature":"","_kad_post_feature_position":"","_kad_post_header":false,"_kad_post_footer":false,"_joinchat":[]},"product_brand":[],"product_cat":[53],"product_tag":[125,60,127,92,128],"class_list":{"0":"post-2186","1":"product","2":"type-product","3":"status-publish","4":"has-post-thumbnail","6":"product_cat-perfume-bottle-sprayer","7":"product_tag-aluminum-crimp-pump-factory","8":"product_tag-bottle-sprayer-manufacturer","9":"product_tag-custom-sprayer-pump","10":"product_tag-fine-spray-supplier","11":"product_tag-screw-mouth-sprayer-pump","13":"first","14":"instock","15":"shipping-taxable","16":"product-type-simple","17":"entry","18":"content-bg","19":"loop-entry"},"yoast_head":"<!-- This site is optimized with the Yoast SEO Premium plugin v20.5 (Yoast SEO v24.2) - https:\/\/yoast.com\/wordpress\/plugins\/seo\/ -->\n<title>Gold spray pump<\/title>\n<meta name=\"description\" content=\"As a professional gold crimp spray pump factory,our fine mist spray pump carry excellent role ensuring smooth and unhinged flow of perfume from the bottle.\" \/>\n<meta name=\"robots\" content=\"index, follow, max-snippet:-1, max-image-preview:large, max-video-preview:-1\" \/>\n<link rel=\"canonical\" href=\"https:\/\/glass-perfume-bottles.com\/es\/producto\/15mm-custom-gold-crimp-spray-pump-supplier\/\" \/>\n<meta property=\"og:locale\" content=\"es_ES\" \/>\n<meta property=\"og:type\" content=\"article\" \/>\n<meta property=\"og:title\" content=\"15mm Custom gold crimp spray pump supplier\" \/>\n<meta property=\"og:description\" content=\"As a professional gold crimp spray pump factory,our fine mist spray pump carry excellent role ensuring smooth and unhinged flow of perfume from the bottle.\" \/>\n<meta property=\"og:url\" content=\"https:\/\/glass-perfume-bottles.com\/es\/producto\/15mm-custom-gold-crimp-spray-pump-supplier\/\" \/>\n<meta property=\"og:site_name\" content=\"HY GLASS\" \/>\n<meta property=\"article:modified_time\" content=\"2025-01-25T02:21:40+00:00\" \/>\n<meta property=\"og:image\" content=\"https:\/\/glass-perfume-bottles.com\/wp-content\/uploads\/2025\/01\/15mm-Gold-Aluminum-spray-pump.jpg\" \/>\n\t<meta property=\"og:image:width\" content=\"720\" \/>\n\t<meta property=\"og:image:height\" content=\"720\" \/>\n\t<meta property=\"og:image:type\" content=\"image\/jpeg\" \/>\n<meta name=\"twitter:card\" content=\"summary_large_image\" \/>\n<meta name=\"twitter:label1\" content=\"Tiempo de lectura\" \/>\n\t<meta name=\"twitter:data1\" content=\"1 minuto\" \/>\n<script type=\"application\/ld+json\" class=\"yoast-schema-graph\">{\"@context\":\"https:\/\/schema.org\",\"@graph\":[{\"@type\":\"WebPage\",\"@id\":\"https:\/\/glass-perfume-bottles.com\/product\/15mm-custom-gold-crimp-spray-pump-supplier\/\",\"url\":\"https:\/\/glass-perfume-bottles.com\/product\/15mm-custom-gold-crimp-spray-pump-supplier\/\",\"name\":\"Gold spray pump\",\"isPartOf\":{\"@id\":\"https:\/\/glass-perfume-bottles.com\/#website\"},\"primaryImageOfPage\":{\"@id\":\"https:\/\/glass-perfume-bottles.com\/product\/15mm-custom-gold-crimp-spray-pump-supplier\/#primaryimage\"},\"image\":{\"@id\":\"https:\/\/glass-perfume-bottles.com\/product\/15mm-custom-gold-crimp-spray-pump-supplier\/#primaryimage\"},\"thumbnailUrl\":\"https:\/\/glass-perfume-bottles.com\/wp-content\/uploads\/2025\/01\/15mm-Gold-Aluminum-spray-pump.jpg\",\"datePublished\":\"2025-01-25T02:08:48+00:00\",\"dateModified\":\"2025-01-25T02:21:40+00:00\",\"description\":\"As a professional gold crimp spray pump factory,our fine mist spray pump carry excellent role ensuring smooth and unhinged flow of perfume from the bottle.\",\"breadcrumb\":{\"@id\":\"https:\/\/glass-perfume-bottles.com\/product\/15mm-custom-gold-crimp-spray-pump-supplier\/#breadcrumb\"},\"inLanguage\":\"es\",\"potentialAction\":[{\"@type\":\"ReadAction\",\"target\":[\"https:\/\/glass-perfume-bottles.com\/product\/15mm-custom-gold-crimp-spray-pump-supplier\/\"]}]},{\"@type\":\"ImageObject\",\"inLanguage\":\"es\",\"@id\":\"https:\/\/glass-perfume-bottles.com\/product\/15mm-custom-gold-crimp-spray-pump-supplier\/#primaryimage\",\"url\":\"https:\/\/glass-perfume-bottles.com\/wp-content\/uploads\/2025\/01\/15mm-Gold-Aluminum-spray-pump.jpg\",\"contentUrl\":\"https:\/\/glass-perfume-bottles.com\/wp-content\/uploads\/2025\/01\/15mm-Gold-Aluminum-spray-pump.jpg\",\"width\":720,\"height\":720,\"caption\":\"15mm Custom gold crimp spray pump supplier\"},{\"@type\":\"BreadcrumbList\",\"@id\":\"https:\/\/glass-perfume-bottles.com\/product\/15mm-custom-gold-crimp-spray-pump-supplier\/#breadcrumb\",\"itemListElement\":[{\"@type\":\"ListItem\",\"position\":1,\"name\":\"Home\",\"item\":\"https:\/\/glass-perfume-bottles.com\/\"},{\"@type\":\"ListItem\",\"position\":2,\"name\":\"Product\",\"item\":\"https:\/\/glass-perfume-bottles.com\/custom-made-perfume-bottle-suppliers-and-wholesale\/\"},{\"@type\":\"ListItem\",\"position\":3,\"name\":\"15mm Custom gold crimp spray pump supplier\"}]},{\"@type\":\"WebSite\",\"@id\":\"https:\/\/glass-perfume-bottles.com\/#website\",\"url\":\"https:\/\/glass-perfume-bottles.com\/\",\"name\":\"HY GLASS\",\"description\":\"glass perfume bottle manufacturers &amp; suppliers, aroma reed diffuser bottle wholesale &amp; suppliers\",\"publisher\":{\"@id\":\"https:\/\/glass-perfume-bottles.com\/#organization\"},\"potentialAction\":[{\"@type\":\"SearchAction\",\"target\":{\"@type\":\"EntryPoint\",\"urlTemplate\":\"https:\/\/glass-perfume-bottles.com\/?s={search_term_string}\"},\"query-input\":{\"@type\":\"PropertyValueSpecification\",\"valueRequired\":true,\"valueName\":\"search_term_string\"}}],\"inLanguage\":\"es\"},{\"@type\":\"Organization\",\"@id\":\"https:\/\/glass-perfume-bottles.com\/#organization\",\"name\":\"HY GLASS\",\"url\":\"https:\/\/glass-perfume-bottles.com\/\",\"logo\":{\"@type\":\"ImageObject\",\"inLanguage\":\"es\",\"@id\":\"https:\/\/glass-perfume-bottles.com\/#\/schema\/logo\/image\/\",\"url\":\"https:\/\/glass-perfume-bottles.com\/wp-content\/uploads\/2023\/09\/logo21.png\",\"contentUrl\":\"https:\/\/glass-perfume-bottles.com\/wp-content\/uploads\/2023\/09\/logo21.png\",\"width\":342,\"height\":268,\"caption\":\"HY GLASS\"},\"image\":{\"@id\":\"https:\/\/glass-perfume-bottles.com\/#\/schema\/logo\/image\/\"}}]}<\/script>\n<!-- \/ Yoast SEO Premium plugin. -->","yoast_head_json":{"title":"Gold spray pump","description":"As a professional gold crimp spray pump factory,our fine mist spray pump carry excellent role ensuring smooth and unhinged flow of perfume from the bottle.","robots":{"index":"index","follow":"follow","max-snippet":"max-snippet:-1","max-image-preview":"max-image-preview:large","max-video-preview":"max-video-preview:-1"},"canonical":"https:\/\/glass-perfume-bottles.com\/es\/producto\/15mm-custom-gold-crimp-spray-pump-supplier\/","og_locale":"es_ES","og_type":"article","og_title":"15mm Custom gold crimp spray pump supplier","og_description":"As a professional gold crimp spray pump factory,our fine mist spray pump carry excellent role ensuring smooth and unhinged flow of perfume from the bottle.","og_url":"https:\/\/glass-perfume-bottles.com\/es\/producto\/15mm-custom-gold-crimp-spray-pump-supplier\/","og_site_name":"HY GLASS","article_modified_time":"2025-01-25T02:21:40+00:00","og_image":[{"width":720,"height":720,"url":"https:\/\/glass-perfume-bottles.com\/wp-content\/uploads\/2025\/01\/15mm-Gold-Aluminum-spray-pump.jpg","type":"image\/jpeg"}],"twitter_card":"summary_large_image","twitter_misc":{"Tiempo de lectura":"1 minuto"},"schema":{"@context":"https:\/\/schema.org","@graph":[{"@type":"WebPage","@id":"https:\/\/glass-perfume-bottles.com\/product\/15mm-custom-gold-crimp-spray-pump-supplier\/","url":"https:\/\/glass-perfume-bottles.com\/product\/15mm-custom-gold-crimp-spray-pump-supplier\/","name":"Gold spray pump","isPartOf":{"@id":"https:\/\/glass-perfume-bottles.com\/#website"},"primaryImageOfPage":{"@id":"https:\/\/glass-perfume-bottles.com\/product\/15mm-custom-gold-crimp-spray-pump-supplier\/#primaryimage"},"image":{"@id":"https:\/\/glass-perfume-bottles.com\/product\/15mm-custom-gold-crimp-spray-pump-supplier\/#primaryimage"},"thumbnailUrl":"https:\/\/glass-perfume-bottles.com\/wp-content\/uploads\/2025\/01\/15mm-Gold-Aluminum-spray-pump.jpg","datePublished":"2025-01-25T02:08:48+00:00","dateModified":"2025-01-25T02:21:40+00:00","description":"As a professional gold crimp spray pump factory,our fine mist spray pump carry excellent role ensuring smooth and unhinged flow of perfume from the bottle.","breadcrumb":{"@id":"https:\/\/glass-perfume-bottles.com\/product\/15mm-custom-gold-crimp-spray-pump-supplier\/#breadcrumb"},"inLanguage":"es","potentialAction":[{"@type":"ReadAction","target":["https:\/\/glass-perfume-bottles.com\/product\/15mm-custom-gold-crimp-spray-pump-supplier\/"]}]},{"@type":"ImageObject","inLanguage":"es","@id":"https:\/\/glass-perfume-bottles.com\/product\/15mm-custom-gold-crimp-spray-pump-supplier\/#primaryimage","url":"https:\/\/glass-perfume-bottles.com\/wp-content\/uploads\/2025\/01\/15mm-Gold-Aluminum-spray-pump.jpg","contentUrl":"https:\/\/glass-perfume-bottles.com\/wp-content\/uploads\/2025\/01\/15mm-Gold-Aluminum-spray-pump.jpg","width":720,"height":720,"caption":"15mm Custom gold crimp spray pump supplier"},{"@type":"BreadcrumbList","@id":"https:\/\/glass-perfume-bottles.com\/product\/15mm-custom-gold-crimp-spray-pump-supplier\/#breadcrumb","itemListElement":[{"@type":"ListItem","position":1,"name":"Home","item":"https:\/\/glass-perfume-bottles.com\/"},{"@type":"ListItem","position":2,"name":"Product","item":"https:\/\/glass-perfume-bottles.com\/custom-made-perfume-bottle-suppliers-and-wholesale\/"},{"@type":"ListItem","position":3,"name":"15mm Custom gold crimp spray pump supplier"}]},{"@type":"WebSite","@id":"https:\/\/glass-perfume-bottles.com\/#website","url":"https:\/\/glass-perfume-bottles.com\/","name":"HY GLASS","description":"glass perfume bottle manufacturers &amp; suppliers, aroma reed diffuser bottle wholesale &amp; suppliers","publisher":{"@id":"https:\/\/glass-perfume-bottles.com\/#organization"},"potentialAction":[{"@type":"SearchAction","target":{"@type":"EntryPoint","urlTemplate":"https:\/\/glass-perfume-bottles.com\/?s={search_term_string}"},"query-input":{"@type":"PropertyValueSpecification","valueRequired":true,"valueName":"search_term_string"}}],"inLanguage":"es"},{"@type":"Organization","@id":"https:\/\/glass-perfume-bottles.com\/#organization","name":"HY GLASS","url":"https:\/\/glass-perfume-bottles.com\/","logo":{"@type":"ImageObject","inLanguage":"es","@id":"https:\/\/glass-perfume-bottles.com\/#\/schema\/logo\/image\/","url":"https:\/\/glass-perfume-bottles.com\/wp-content\/uploads\/2023\/09\/logo21.png","contentUrl":"https:\/\/glass-perfume-bottles.com\/wp-content\/uploads\/2023\/09\/logo21.png","width":342,"height":268,"caption":"HY GLASS"},"image":{"@id":"https:\/\/glass-perfume-bottles.com\/#\/schema\/logo\/image\/"}}]}},"taxonomy_info":{"product_cat":[{"value":53,"label":"Perfume Bottle Sprayer"}],"product_tag":[{"value":125,"label":"Aluminum Crimp Pump Factory"},{"value":60,"label":"bottle sprayer manufacturer"},{"value":127,"label":"Custom sprayer pump"},{"value":92,"label":"Fine spray supplier"},{"value":128,"label":"Screw mouth sprayer pump"}]},"featured_image_src_large":["https:\/\/glass-perfume-bottles.com\/wp-content\/uploads\/2025\/01\/15mm-Gold-Aluminum-spray-pump.jpg",720,720,false],"author_info":[],"comment_info":0,"_links":{"self":[{"href":"https:\/\/glass-perfume-bottles.com\/es\/wp-json\/wp\/v2\/product\/2186","targetHints":{"allow":["GET"]}}],"collection":[{"href":"https:\/\/glass-perfume-bottles.com\/es\/wp-json\/wp\/v2\/product"}],"about":[{"href":"https:\/\/glass-perfume-bottles.com\/es\/wp-json\/wp\/v2\/types\/product"}],"replies":[{"embeddable":true,"href":"https:\/\/glass-perfume-bottles.com\/es\/wp-json\/wp\/v2\/comments?post=2186"}],"wp:featuredmedia":[{"embeddable":true,"href":"https:\/\/glass-perfume-bottles.com\/es\/wp-json\/wp\/v2\/media\/2187"}],"wp:attachment":[{"href":"https:\/\/glass-perfume-bottles.com\/es\/wp-json\/wp\/v2\/media?parent=2186"}],"wp:term":[{"taxonomy":"product_brand","embeddable":true,"href":"https:\/\/glass-perfume-bottles.com\/es\/wp-json\/wp\/v2\/product_brand?post=2186"},{"taxonomy":"product_cat","embeddable":true,"href":"https:\/\/glass-perfume-bottles.com\/es\/wp-json\/wp\/v2\/product_cat?post=2186"},{"taxonomy":"product_tag","embeddable":true,"href":"https:\/\/glass-perfume-bottles.com\/es\/wp-json\/wp\/v2\/product_tag?post=2186"}],"curies":[{"name":"wp","href":"https:\/\/api.w.org\/{rel}","templated":true}]}}