{"id":2248,"date":"2025-01-31T08:48:34","date_gmt":"2025-01-31T08:48:34","guid":{"rendered":"https:\/\/glass-perfume-bottles.com\/?post_type=product&#038;p=2248"},"modified":"2025-01-31T08:51:12","modified_gmt":"2025-01-31T08:51:12","slug":"wholesale-perfume-bottle-box-supplier","status":"publish","type":"product","link":"https:\/\/glass-perfume-bottles.com\/es\/producto\/wholesale-perfume-bottle-box-supplier\/","title":{"rendered":"Proveedor mayorista de cajas para botellas de perfume"},"content":{"rendered":"<table>\n<tbody>\n<tr>\n<td width=\"158\">Nombre del producto<\/td>\n<td width=\"591\">Proveedor mayorista de cajas para botellas de perfume<\/td>\n<\/tr>\n<tr>\n<td width=\"158\">Material<\/td>\n<td width=\"591\">Papel estucado gofrado<\/td>\n<\/tr>\n<tr>\n<td width=\"158\">Manejo de impresi\u00f3n<\/td>\n<td width=\"591\">Barniz brillante\/mate, laminado brillante\/mate, estampado en oro\/plata, barniz UV localizado, relieve, etc.<\/td>\n<\/tr>\n<tr>\n<td width=\"158\">Cajas de accesorios<\/td>\n<td width=\"591\">Inserciones de flocado EVA.<\/td>\n<\/tr>\n<tr>\n<td width=\"158\">Utilizado para<\/td>\n<td width=\"591\">Embalaje de perfumes, cosm\u00e9ticos, regalos, aceites esenciales, etc.<\/td>\n<\/tr>\n<tr>\n<td width=\"158\">Forma<\/td>\n<td width=\"591\">Forma de libro, con tapa plegable, abatible, forma port\u00e1til o forma personalizada.<\/td>\n<\/tr>\n<tr>\n<td width=\"158\">Color<\/td>\n<td width=\"591\">Proceso de 4 colores (CMYK) o colores Pantone (PMS)<\/td>\n<\/tr>\n<tr>\n<td width=\"158\">Formato de la obra de arte<\/td>\n<td width=\"591\">IA, PDF, PS, CDR, etc.<\/td>\n<\/tr>\n<tr>\n<td width=\"158\">Cantidad m\u00ednima de pedido<\/td>\n<td width=\"591\">500 piezas<\/td>\n<\/tr>\n<tr>\n<td width=\"158\">Muestra<\/td>\n<td width=\"591\">Costo de las muestras y costo de env\u00edo necesarios<\/td>\n<\/tr>\n<tr>\n<td width=\"158\">Transporte<\/td>\n<td width=\"591\">FedEx\/DHL\/EMS\/UPS\/TNT\/Por mar\/Por aire, etc.<\/td>\n<\/tr>\n<tr>\n<td width=\"158\">Forma de pago<\/td>\n<td width=\"591\">Transferencia bancaria, carta de cr\u00e9dito, Western Union, Money Gram, Paypal, etc.<\/td>\n<\/tr>\n<tr>\n<td width=\"158\">El tiempo de entrega<\/td>\n<td width=\"591\">Muestra 5-7 d\u00edas, producci\u00f3n del pedido 10-20 d\u00edas depende de los detalles del pedido.<\/td>\n<\/tr>\n<tr>\n<td width=\"158\">Servicio<\/td>\n<td width=\"591\">Servicio OEM y ODM, servicio de dise\u00f1o, soluci\u00f3n integral<\/td>\n<\/tr>\n<\/tbody>\n<\/table>\n<p>Caja de regalo personalizada para frascos de perfume con diferentes tama\u00f1os y materiales, como papel kraft, cart\u00f3n, papel para arte, cart\u00f3n corrugado, papel estucado, etc. y la caja de perfume se imprime con diferentes tecnolog\u00edas.<\/p>\n<p>Como f\u00e1brica profesional de frascos de perfume, tambi\u00e9n suministramos diferentes embalajes para el cliente, nuestro<a href=\"https:\/\/glass-perfume-bottles.com\/es\/producto\/custom-cylinder-paper-tube-box-supplier\/\">\u00a0caja<\/a> Hecho de buen material y materias primas, podemos personalizar Libro, con cubierta plegable, abatible, forma port\u00e1til o forma personalizada. Alta firmeza, sin deformaci\u00f3n, sin decoloraci\u00f3n, duradero, una variedad de estilos de elecci\u00f3n arbitraria.<\/p>\n<p>&nbsp;<\/p>\n<p>&nbsp;<\/p>","protected":false},"excerpt":{"rendered":"<p>Caja de regalo personalizada para frascos de perfume con diferentes tama\u00f1os y materiales, como papel kraft, cart\u00f3n, papel para arte, cart\u00f3n corrugado, papel estucado, etc. y la caja de perfume se imprime con diferentes tecnolog\u00edas.<\/p>","protected":false},"featured_media":2249,"comment_status":"open","ping_status":"closed","template":"","meta":{"_kad_blocks_custom_css":"","_kad_blocks_head_custom_js":"","_kad_blocks_body_custom_js":"","_kad_blocks_footer_custom_js":"","_kad_post_transparent":"default","_kad_post_title":"","_kad_post_layout":"default","_kad_post_sidebar_id":"","_kad_post_content_style":"default","_kad_post_vertical_padding":"default","_kad_post_feature":"","_kad_post_feature_position":"","_kad_post_header":false,"_kad_post_footer":false,"_joinchat":[]},"product_brand":[],"product_cat":[54],"product_tag":[134,138,140,139,135],"class_list":{"0":"post-2248","1":"product","2":"type-product","3":"status-publish","4":"has-post-thumbnail","6":"product_cat-perfume-bottle-packaging","7":"product_tag-custom-perfume-bottle-box","8":"product_tag-gift-paper-box","9":"product_tag-luxury-perfume-gift-box","10":"product_tag-perfume-bottle-supplier","11":"product_tag-wholesale-perfume-bottle-box","13":"first","14":"instock","15":"shipping-taxable","16":"product-type-simple","17":"entry","18":"content-bg","19":"loop-entry"},"yoast_head":"<!-- This site is optimized with the Yoast SEO Premium plugin v20.5 (Yoast SEO v24.2) - https:\/\/yoast.com\/wordpress\/plugins\/seo\/ -->\n<title>Gift box<\/title>\n<meta name=\"description\" content=\"As a custom perfume bottle gift box supplier \uff0cwe can produce various of shape box for client,for example :with cover folding\u3001flip\u3001portable shape ect\uff0c\" \/>\n<meta name=\"robots\" content=\"index, follow, max-snippet:-1, max-image-preview:large, max-video-preview:-1\" \/>\n<link rel=\"canonical\" href=\"https:\/\/glass-perfume-bottles.com\/es\/producto\/wholesale-perfume-bottle-box-supplier\/\" \/>\n<meta property=\"og:locale\" content=\"es_ES\" \/>\n<meta property=\"og:type\" content=\"article\" \/>\n<meta property=\"og:title\" content=\"Wholesale perfume bottle box supplier\" \/>\n<meta property=\"og:description\" content=\"As a custom perfume bottle gift box supplier \uff0cwe can produce various of shape box for client,for example :with cover folding\u3001flip\u3001portable shape ect\uff0c\" \/>\n<meta property=\"og:url\" content=\"https:\/\/glass-perfume-bottles.com\/es\/producto\/wholesale-perfume-bottle-box-supplier\/\" \/>\n<meta property=\"og:site_name\" content=\"HY GLASS\" \/>\n<meta property=\"article:modified_time\" content=\"2025-01-31T08:51:12+00:00\" \/>\n<meta property=\"og:image\" content=\"https:\/\/glass-perfume-bottles.com\/wp-content\/uploads\/2025\/01\/Parper-box-factory.jpg\" \/>\n\t<meta property=\"og:image:width\" content=\"720\" \/>\n\t<meta property=\"og:image:height\" content=\"720\" \/>\n\t<meta property=\"og:image:type\" content=\"image\/jpeg\" \/>\n<meta name=\"twitter:card\" content=\"summary_large_image\" \/>\n<meta name=\"twitter:label1\" content=\"Tiempo de lectura\" \/>\n\t<meta name=\"twitter:data1\" content=\"1 minuto\" \/>\n<script type=\"application\/ld+json\" class=\"yoast-schema-graph\">{\"@context\":\"https:\/\/schema.org\",\"@graph\":[{\"@type\":\"WebPage\",\"@id\":\"https:\/\/glass-perfume-bottles.com\/product\/wholesale-perfume-bottle-box-supplier\/\",\"url\":\"https:\/\/glass-perfume-bottles.com\/product\/wholesale-perfume-bottle-box-supplier\/\",\"name\":\"Gift box\",\"isPartOf\":{\"@id\":\"https:\/\/glass-perfume-bottles.com\/#website\"},\"primaryImageOfPage\":{\"@id\":\"https:\/\/glass-perfume-bottles.com\/product\/wholesale-perfume-bottle-box-supplier\/#primaryimage\"},\"image\":{\"@id\":\"https:\/\/glass-perfume-bottles.com\/product\/wholesale-perfume-bottle-box-supplier\/#primaryimage\"},\"thumbnailUrl\":\"https:\/\/glass-perfume-bottles.com\/wp-content\/uploads\/2025\/01\/Parper-box-factory.jpg\",\"datePublished\":\"2025-01-31T08:48:34+00:00\",\"dateModified\":\"2025-01-31T08:51:12+00:00\",\"description\":\"As a custom perfume bottle gift box supplier \uff0cwe can produce various of shape box for client,for example :with cover folding\u3001flip\u3001portable shape ect\uff0c\",\"breadcrumb\":{\"@id\":\"https:\/\/glass-perfume-bottles.com\/product\/wholesale-perfume-bottle-box-supplier\/#breadcrumb\"},\"inLanguage\":\"es\",\"potentialAction\":[{\"@type\":\"ReadAction\",\"target\":[\"https:\/\/glass-perfume-bottles.com\/product\/wholesale-perfume-bottle-box-supplier\/\"]}]},{\"@type\":\"ImageObject\",\"inLanguage\":\"es\",\"@id\":\"https:\/\/glass-perfume-bottles.com\/product\/wholesale-perfume-bottle-box-supplier\/#primaryimage\",\"url\":\"https:\/\/glass-perfume-bottles.com\/wp-content\/uploads\/2025\/01\/Parper-box-factory.jpg\",\"contentUrl\":\"https:\/\/glass-perfume-bottles.com\/wp-content\/uploads\/2025\/01\/Parper-box-factory.jpg\",\"width\":720,\"height\":720,\"caption\":\"Custom perfume bottle gift box with different size an material. Like Kraft paper,Paper board, Art paper,Corrugated board,Coated paper, etc and the perfume box print with different technology.\"},{\"@type\":\"BreadcrumbList\",\"@id\":\"https:\/\/glass-perfume-bottles.com\/product\/wholesale-perfume-bottle-box-supplier\/#breadcrumb\",\"itemListElement\":[{\"@type\":\"ListItem\",\"position\":1,\"name\":\"Home\",\"item\":\"https:\/\/glass-perfume-bottles.com\/\"},{\"@type\":\"ListItem\",\"position\":2,\"name\":\"Product\",\"item\":\"https:\/\/glass-perfume-bottles.com\/custom-made-perfume-bottle-suppliers-and-wholesale\/\"},{\"@type\":\"ListItem\",\"position\":3,\"name\":\"Wholesale perfume bottle box supplier\"}]},{\"@type\":\"WebSite\",\"@id\":\"https:\/\/glass-perfume-bottles.com\/#website\",\"url\":\"https:\/\/glass-perfume-bottles.com\/\",\"name\":\"HY GLASS\",\"description\":\"glass perfume bottle manufacturers &amp; suppliers, aroma reed diffuser bottle wholesale &amp; suppliers\",\"publisher\":{\"@id\":\"https:\/\/glass-perfume-bottles.com\/#organization\"},\"potentialAction\":[{\"@type\":\"SearchAction\",\"target\":{\"@type\":\"EntryPoint\",\"urlTemplate\":\"https:\/\/glass-perfume-bottles.com\/?s={search_term_string}\"},\"query-input\":{\"@type\":\"PropertyValueSpecification\",\"valueRequired\":true,\"valueName\":\"search_term_string\"}}],\"inLanguage\":\"es\"},{\"@type\":\"Organization\",\"@id\":\"https:\/\/glass-perfume-bottles.com\/#organization\",\"name\":\"HY GLASS\",\"url\":\"https:\/\/glass-perfume-bottles.com\/\",\"logo\":{\"@type\":\"ImageObject\",\"inLanguage\":\"es\",\"@id\":\"https:\/\/glass-perfume-bottles.com\/#\/schema\/logo\/image\/\",\"url\":\"https:\/\/glass-perfume-bottles.com\/wp-content\/uploads\/2023\/09\/logo21.png\",\"contentUrl\":\"https:\/\/glass-perfume-bottles.com\/wp-content\/uploads\/2023\/09\/logo21.png\",\"width\":342,\"height\":268,\"caption\":\"HY GLASS\"},\"image\":{\"@id\":\"https:\/\/glass-perfume-bottles.com\/#\/schema\/logo\/image\/\"}}]}<\/script>\n<!-- \/ Yoast SEO Premium plugin. -->","yoast_head_json":{"title":"Gift box","description":"As a custom perfume bottle gift box supplier \uff0cwe can produce various of shape box for client,for example :with cover folding\u3001flip\u3001portable shape ect\uff0c","robots":{"index":"index","follow":"follow","max-snippet":"max-snippet:-1","max-image-preview":"max-image-preview:large","max-video-preview":"max-video-preview:-1"},"canonical":"https:\/\/glass-perfume-bottles.com\/es\/producto\/wholesale-perfume-bottle-box-supplier\/","og_locale":"es_ES","og_type":"article","og_title":"Wholesale perfume bottle box supplier","og_description":"As a custom perfume bottle gift box supplier \uff0cwe can produce various of shape box for client,for example :with cover folding\u3001flip\u3001portable shape ect\uff0c","og_url":"https:\/\/glass-perfume-bottles.com\/es\/producto\/wholesale-perfume-bottle-box-supplier\/","og_site_name":"HY GLASS","article_modified_time":"2025-01-31T08:51:12+00:00","og_image":[{"width":720,"height":720,"url":"https:\/\/glass-perfume-bottles.com\/wp-content\/uploads\/2025\/01\/Parper-box-factory.jpg","type":"image\/jpeg"}],"twitter_card":"summary_large_image","twitter_misc":{"Tiempo de lectura":"1 minuto"},"schema":{"@context":"https:\/\/schema.org","@graph":[{"@type":"WebPage","@id":"https:\/\/glass-perfume-bottles.com\/product\/wholesale-perfume-bottle-box-supplier\/","url":"https:\/\/glass-perfume-bottles.com\/product\/wholesale-perfume-bottle-box-supplier\/","name":"Gift box","isPartOf":{"@id":"https:\/\/glass-perfume-bottles.com\/#website"},"primaryImageOfPage":{"@id":"https:\/\/glass-perfume-bottles.com\/product\/wholesale-perfume-bottle-box-supplier\/#primaryimage"},"image":{"@id":"https:\/\/glass-perfume-bottles.com\/product\/wholesale-perfume-bottle-box-supplier\/#primaryimage"},"thumbnailUrl":"https:\/\/glass-perfume-bottles.com\/wp-content\/uploads\/2025\/01\/Parper-box-factory.jpg","datePublished":"2025-01-31T08:48:34+00:00","dateModified":"2025-01-31T08:51:12+00:00","description":"As a custom perfume bottle gift box supplier \uff0cwe can produce various of shape box for client,for example :with cover folding\u3001flip\u3001portable shape ect\uff0c","breadcrumb":{"@id":"https:\/\/glass-perfume-bottles.com\/product\/wholesale-perfume-bottle-box-supplier\/#breadcrumb"},"inLanguage":"es","potentialAction":[{"@type":"ReadAction","target":["https:\/\/glass-perfume-bottles.com\/product\/wholesale-perfume-bottle-box-supplier\/"]}]},{"@type":"ImageObject","inLanguage":"es","@id":"https:\/\/glass-perfume-bottles.com\/product\/wholesale-perfume-bottle-box-supplier\/#primaryimage","url":"https:\/\/glass-perfume-bottles.com\/wp-content\/uploads\/2025\/01\/Parper-box-factory.jpg","contentUrl":"https:\/\/glass-perfume-bottles.com\/wp-content\/uploads\/2025\/01\/Parper-box-factory.jpg","width":720,"height":720,"caption":"Custom perfume bottle gift box with different size an material. Like Kraft paper,Paper board, Art paper,Corrugated board,Coated paper, etc and the perfume box print with different technology."},{"@type":"BreadcrumbList","@id":"https:\/\/glass-perfume-bottles.com\/product\/wholesale-perfume-bottle-box-supplier\/#breadcrumb","itemListElement":[{"@type":"ListItem","position":1,"name":"Home","item":"https:\/\/glass-perfume-bottles.com\/"},{"@type":"ListItem","position":2,"name":"Product","item":"https:\/\/glass-perfume-bottles.com\/custom-made-perfume-bottle-suppliers-and-wholesale\/"},{"@type":"ListItem","position":3,"name":"Wholesale perfume bottle box supplier"}]},{"@type":"WebSite","@id":"https:\/\/glass-perfume-bottles.com\/#website","url":"https:\/\/glass-perfume-bottles.com\/","name":"HY GLASS","description":"glass perfume bottle manufacturers &amp; suppliers, aroma reed diffuser bottle wholesale &amp; suppliers","publisher":{"@id":"https:\/\/glass-perfume-bottles.com\/#organization"},"potentialAction":[{"@type":"SearchAction","target":{"@type":"EntryPoint","urlTemplate":"https:\/\/glass-perfume-bottles.com\/?s={search_term_string}"},"query-input":{"@type":"PropertyValueSpecification","valueRequired":true,"valueName":"search_term_string"}}],"inLanguage":"es"},{"@type":"Organization","@id":"https:\/\/glass-perfume-bottles.com\/#organization","name":"HY GLASS","url":"https:\/\/glass-perfume-bottles.com\/","logo":{"@type":"ImageObject","inLanguage":"es","@id":"https:\/\/glass-perfume-bottles.com\/#\/schema\/logo\/image\/","url":"https:\/\/glass-perfume-bottles.com\/wp-content\/uploads\/2023\/09\/logo21.png","contentUrl":"https:\/\/glass-perfume-bottles.com\/wp-content\/uploads\/2023\/09\/logo21.png","width":342,"height":268,"caption":"HY GLASS"},"image":{"@id":"https:\/\/glass-perfume-bottles.com\/#\/schema\/logo\/image\/"}}]}},"taxonomy_info":{"product_cat":[{"value":54,"label":"Perfume Bottle Packaging"}],"product_tag":[{"value":134,"label":"Custom perfume bottle box"},{"value":138,"label":"Gift paper box"},{"value":140,"label":"Luxury perfume gift box"},{"value":139,"label":"Perfume bottle supplier"},{"value":135,"label":"Wholesale perfume bottle box"}]},"featured_image_src_large":["https:\/\/glass-perfume-bottles.com\/wp-content\/uploads\/2025\/01\/Parper-box-factory.jpg",720,720,false],"author_info":[],"comment_info":0,"_links":{"self":[{"href":"https:\/\/glass-perfume-bottles.com\/es\/wp-json\/wp\/v2\/product\/2248","targetHints":{"allow":["GET"]}}],"collection":[{"href":"https:\/\/glass-perfume-bottles.com\/es\/wp-json\/wp\/v2\/product"}],"about":[{"href":"https:\/\/glass-perfume-bottles.com\/es\/wp-json\/wp\/v2\/types\/product"}],"replies":[{"embeddable":true,"href":"https:\/\/glass-perfume-bottles.com\/es\/wp-json\/wp\/v2\/comments?post=2248"}],"wp:featuredmedia":[{"embeddable":true,"href":"https:\/\/glass-perfume-bottles.com\/es\/wp-json\/wp\/v2\/media\/2249"}],"wp:attachment":[{"href":"https:\/\/glass-perfume-bottles.com\/es\/wp-json\/wp\/v2\/media?parent=2248"}],"wp:term":[{"taxonomy":"product_brand","embeddable":true,"href":"https:\/\/glass-perfume-bottles.com\/es\/wp-json\/wp\/v2\/product_brand?post=2248"},{"taxonomy":"product_cat","embeddable":true,"href":"https:\/\/glass-perfume-bottles.com\/es\/wp-json\/wp\/v2\/product_cat?post=2248"},{"taxonomy":"product_tag","embeddable":true,"href":"https:\/\/glass-perfume-bottles.com\/es\/wp-json\/wp\/v2\/product_tag?post=2248"}],"curies":[{"name":"wp","href":"https:\/\/api.w.org\/{rel}","templated":true}]}}