{"id":2448,"date":"2025-03-17T05:58:42","date_gmt":"2025-03-17T05:58:42","guid":{"rendered":"https:\/\/glass-perfume-bottles.com\/?post_type=product&#038;p=2448"},"modified":"2025-03-17T06:20:04","modified_gmt":"2025-03-17T06:20:04","slug":"custom-200ml-crystal-white-square-glass-perfume-bottle-supplier","status":"publish","type":"product","link":"https:\/\/glass-perfume-bottles.com\/es\/producto\/custom-200ml-crystal-white-square-glass-perfume-bottle-supplier\/","title":{"rendered":"Proveedor de frascos de perfume de vidrio cuadrado blanco de 200 ml personalizados"},"content":{"rendered":"<table>\n<tbody>\n<tr>\n<td width=\"158\">Nombre del producto<\/td>\n<td width=\"591\">Botella de perfume cuadrada de 200 ml<\/td>\n<\/tr>\n<tr>\n<td width=\"158\">Capacidad<\/td>\n<td width=\"591\">200 ml (otros tama\u00f1os disponibles)<\/td>\n<\/tr>\n<tr>\n<td width=\"158\">Tama\u00f1o<\/td>\n<td width=\"591\">58x130 mm 260 g<\/td>\n<\/tr>\n<tr>\n<td width=\"158\">Boca<\/td>\n<td width=\"591\">Rizar<\/td>\n<\/tr>\n<tr>\n<td width=\"158\">Material<\/td>\n<td width=\"591\">Cristal de vidrio blanco<\/td>\n<\/tr>\n<tr>\n<td width=\"158\">Color del cuerpo<\/td>\n<td width=\"591\">\u00c1mbar, negro, esmerilado, negro mate, rosa o color personalizado.<\/td>\n<\/tr>\n<tr>\n<td width=\"158\">Manipulaci\u00f3n de superficies<\/td>\n<td width=\"591\">\n<ol>\n<li>Serigraf\u00eda<\/li>\n<li>Estampado en caliente<\/li>\n<li>\u00a0Recubrimiento UV<\/li>\n<li>Escarchado<\/li>\n<li>\u00a0Calcoman\u00eda<\/li>\n<li>\u00a0Flocado<\/li>\n<li>Etiquetado<\/li>\n<li>Pintura a color o personalizada seg\u00fan sus necesidades.<\/li>\n<\/ol>\n<\/td>\n<\/tr>\n<tr>\n<td width=\"158\">Uso<\/td>\n<td width=\"591\">Perfume\/suero\/aceite esencial\/aceite arom\u00e1tico para el hogar\/t\u00f3nico<\/td>\n<\/tr>\n<tr>\n<td width=\"158\">Embalaje<\/td>\n<td width=\"591\">Exportaci\u00f3n de cart\u00f3n y luego palets de madera contrachapada.<\/td>\n<\/tr>\n<tr>\n<td width=\"158\">Cantidad m\u00ednima de pedido<\/td>\n<td width=\"591\">10 000 piezas (ya que hay un dise\u00f1o personalizado)<\/td>\n<\/tr>\n<tr>\n<td width=\"158\">Muestra<\/td>\n<td width=\"591\">Muestra gratis, se necesita costo de env\u00edo.<\/td>\n<\/tr>\n<tr>\n<td width=\"158\">Transporte<\/td>\n<td width=\"591\">FedEx\/DHL\/EMS\/UPS\/TNT\/Por mar\/Por aire, etc.<\/td>\n<\/tr>\n<tr>\n<td width=\"158\">Forma de pago<\/td>\n<td width=\"591\">Transferencia bancaria, carta de cr\u00e9dito, Western Union, Money Gram, Paypal, etc.<\/td>\n<\/tr>\n<tr>\n<td width=\"158\">El tiempo de entrega<\/td>\n<td width=\"591\">Muestra 1-2 d\u00edas, pedido de producci\u00f3n 20-45 d\u00edas depende de los detalles del pedido.<\/td>\n<\/tr>\n<tr>\n<td width=\"158\">Servicio<\/td>\n<td width=\"591\">Servicio OEM y ODM, servicio de dise\u00f1o, soluci\u00f3n integral<\/td>\n<\/tr>\n<\/tbody>\n<\/table>\n<p>&nbsp;<\/p>\n<p>Lujo 200 ml <a href=\"https:\/\/glass-perfume-bottles.com\/es\/producto\/wholesale-100ml-cylinder-glass-spray-perfume-bottle-factory\/\">Botella de perfume de cristal cuadrada <\/a>\u00a0Hecho de cristal blanco cristalino, boca engarzada a juego. <span style=\"font-family: var(--global-body-font-family);\">El cabezal de la bomba de pulverizaci\u00f3n, su forma \u00fanica es especialmente hermosa.<\/span><span style=\"font-family: var(--global-body-font-family);\">Dise\u00f1o de fondo grueso Resalte un estilo \u00fanico, acepte recubrimiento de color, esmerilado, recubrimiento de m\u00e1rmol, proceso de flocado, etc. Forma hermosa con textura de material de botella, capacidad personalizada disponible, con aspecto cl\u00e1sico, capacidad de 30 ml a 200 ml para su elecci\u00f3n.<\/span><\/p>\n<p><span style=\"font-family: var(--global-body-font-family);\">Tambi\u00e9n podemos suministrar diferentes <a href=\"https:\/\/www.hyglassbottles.com\/product\/Empty-perfume-bottle-custom-perfume-bottle-supplier-wholesale-glass-perfume-bottle-manufacturer.html\">Botella de perfume<\/a> Embalaje en cajas de diferentes tama\u00f1os y materiales, como papel kraft, cart\u00f3n, papel de arte, etc.<\/span><\/p>\n<p>Como profesional del lujo <a href=\"https:\/\/www.hyglassbottles.com\/product\/Custom-sloping-glass-perfume-bottle-with-wooden-cap.html\">Botella de perfume de cristal<\/a> F\u00e1brica, hemos producido diferentes formas y capacidades para el cliente, tenemos una l\u00ednea de producci\u00f3n profesional y un equipo de dise\u00f1o, podemos brindar un servicio de primer nivel y un producto estable para el cliente, bienvenido a enviarnos su consulta, lo esperamos.<\/p>","protected":false},"excerpt":{"rendered":"<p>Lujo 200 ml <a href=\"https:\/\/glass-perfume-bottles.com\/es\/producto\/wholesale-100ml-cylinder-glass-spray-perfume-bottle-factory\/\">Frasco de perfume premium<\/a> Hecho de cristal blanco cristalino, boca engarzada a juego. <span style=\"font-family: var(--global-body-font-family);\">El cabezal de la bomba de pulverizaci\u00f3n, de forma cuadrada plana, es especialmente hermoso.<\/span><span style=\"font-family: var(--global-body-font-family);\">Dise\u00f1o de fondo grueso Resalte un estilo \u00fanico, acepte recubrimiento de color, esmerilado, recubrimiento de m\u00e1rmol, proceso de flocado, etc., capacidad de 30 ml a 100 ml para su elecci\u00f3n.<\/span><\/p>\n<div class=\"summary entry-summary\">\n<div class=\"a2a_kit a2a_kit_size_32 addtoany_list\" data-a2a-url=\"https:\/\/glass-perfume-bottles.com\/product\/30ml-50ml-100ml-perfume-bottle-with-cap\/\" data-a2a-title=\"Wholesale 30ml 50ml 100ml cylinder Perfume bottle with cap\"><\/div>\n<\/div>\n<div class=\"woocommerce-tabs wc-tabs-wrapper\"><\/div>","protected":false},"featured_media":2449,"comment_status":"open","ping_status":"closed","template":"","meta":{"_kad_blocks_custom_css":"","_kad_blocks_head_custom_js":"","_kad_blocks_body_custom_js":"","_kad_blocks_footer_custom_js":"","_kad_post_transparent":"default","_kad_post_title":"","_kad_post_layout":"default","_kad_post_sidebar_id":"","_kad_post_content_style":"default","_kad_post_vertical_padding":"default","_kad_post_feature":"","_kad_post_feature_position":"","_kad_post_header":false,"_kad_post_footer":false,"_joinchat":[]},"product_brand":[],"product_cat":[51],"product_tag":[176,70,175,156,168,66],"class_list":{"0":"post-2448","1":"product","2":"type-product","3":"status-publish","4":"has-post-thumbnail","6":"product_cat-glass-perfume-bottles","7":"product_tag-classic-perfume-bottle-factory","8":"product_tag-custom-home-fragrance-oil-bottle","9":"product_tag-glass-perfume-bottle-for-travel","10":"product_tag-luxury-perfume-bottle-supplier","11":"product_tag-premium-perfume-bottle-supplier","12":"product_tag-wholesale-glass-perfume-bottle","14":"first","15":"instock","16":"shipping-taxable","17":"product-type-simple","18":"entry","19":"content-bg","20":"loop-entry"},"yoast_head":"<!-- This site is optimized with the Yoast SEO Premium plugin v20.5 (Yoast SEO v24.2) - https:\/\/yoast.com\/wordpress\/plugins\/seo\/ -->\n<title>Custom 200ml crystal white square glass perfume bottle supplier<\/title>\n<meta name=\"description\" content=\"Custom 200ml crystal white square glass perfume bottle\uff0ccrimp mouth match the spray pump head ,capacity from from 30ml-100ml for your choose,\" \/>\n<meta name=\"robots\" content=\"index, follow, max-snippet:-1, max-image-preview:large, max-video-preview:-1\" \/>\n<link rel=\"canonical\" href=\"https:\/\/glass-perfume-bottles.com\/es\/producto\/custom-200ml-crystal-white-square-glass-perfume-bottle-supplier\/\" \/>\n<meta property=\"og:locale\" content=\"es_ES\" \/>\n<meta property=\"og:type\" content=\"article\" \/>\n<meta property=\"og:title\" content=\"Custom 200ml crystal white square glass perfume bottle supplier\" \/>\n<meta property=\"og:description\" content=\"Custom 200ml crystal white square glass perfume bottle\uff0ccrimp mouth match the spray pump head ,capacity from from 30ml-100ml for your choose,\" \/>\n<meta property=\"og:url\" content=\"https:\/\/glass-perfume-bottles.com\/es\/producto\/custom-200ml-crystal-white-square-glass-perfume-bottle-supplier\/\" \/>\n<meta property=\"og:site_name\" content=\"HY GLASS\" \/>\n<meta property=\"article:modified_time\" content=\"2025-03-17T06:20:04+00:00\" \/>\n<meta property=\"og:image\" content=\"https:\/\/glass-perfume-bottles.com\/wp-content\/uploads\/2025\/03\/Custom-200ml-crystal-white-square-glass-perfume-bottle-supplier.jpg\" \/>\n\t<meta property=\"og:image:width\" content=\"720\" \/>\n\t<meta property=\"og:image:height\" content=\"720\" \/>\n\t<meta property=\"og:image:type\" content=\"image\/jpeg\" \/>\n<meta name=\"twitter:card\" content=\"summary_large_image\" \/>\n<meta name=\"twitter:label1\" content=\"Tiempo de lectura\" \/>\n\t<meta name=\"twitter:data1\" content=\"2 minutos\" \/>\n<script type=\"application\/ld+json\" class=\"yoast-schema-graph\">{\"@context\":\"https:\/\/schema.org\",\"@graph\":[{\"@type\":\"WebPage\",\"@id\":\"https:\/\/glass-perfume-bottles.com\/ru\/product\/custom-200ml-crystal-white-square-glass-perfume-bottle-supplier\/\",\"url\":\"https:\/\/glass-perfume-bottles.com\/ru\/product\/custom-200ml-crystal-white-square-glass-perfume-bottle-supplier\/\",\"name\":\"Custom 200ml crystal white square glass perfume bottle supplier\",\"isPartOf\":{\"@id\":\"https:\/\/glass-perfume-bottles.com\/#website\"},\"primaryImageOfPage\":{\"@id\":\"https:\/\/glass-perfume-bottles.com\/ru\/product\/custom-200ml-crystal-white-square-glass-perfume-bottle-supplier\/#primaryimage\"},\"image\":{\"@id\":\"https:\/\/glass-perfume-bottles.com\/ru\/product\/custom-200ml-crystal-white-square-glass-perfume-bottle-supplier\/#primaryimage\"},\"thumbnailUrl\":\"https:\/\/glass-perfume-bottles.com\/wp-content\/uploads\/2025\/03\/Custom-200ml-crystal-white-square-glass-perfume-bottle-supplier.jpg\",\"datePublished\":\"2025-03-17T05:58:42+00:00\",\"dateModified\":\"2025-03-17T06:20:04+00:00\",\"description\":\"Custom 200ml crystal white square glass perfume bottle\uff0ccrimp mouth match the spray pump head ,capacity from from 30ml-100ml for your choose,\",\"breadcrumb\":{\"@id\":\"https:\/\/glass-perfume-bottles.com\/ru\/product\/custom-200ml-crystal-white-square-glass-perfume-bottle-supplier\/#breadcrumb\"},\"inLanguage\":\"es\",\"potentialAction\":[{\"@type\":\"ReadAction\",\"target\":[\"https:\/\/glass-perfume-bottles.com\/ru\/product\/custom-200ml-crystal-white-square-glass-perfume-bottle-supplier\/\"]}]},{\"@type\":\"ImageObject\",\"inLanguage\":\"es\",\"@id\":\"https:\/\/glass-perfume-bottles.com\/ru\/product\/custom-200ml-crystal-white-square-glass-perfume-bottle-supplier\/#primaryimage\",\"url\":\"https:\/\/glass-perfume-bottles.com\/wp-content\/uploads\/2025\/03\/Custom-200ml-crystal-white-square-glass-perfume-bottle-supplier.jpg\",\"contentUrl\":\"https:\/\/glass-perfume-bottles.com\/wp-content\/uploads\/2025\/03\/Custom-200ml-crystal-white-square-glass-perfume-bottle-supplier.jpg\",\"width\":720,\"height\":720,\"caption\":\"Luxury 200ml glass perfume bottle \u00a0made of crystal white\u00a0 glass\uff0ccrimp mouth match the spray pump head ,Unique shape is especially beautifulthick bottom\u00a0 design Highlight a unique style,accept color coating\u3001frosted\u3001marble coating\u3001flocking ect process,capacity from from 30ml-200ml for your choose,\"},{\"@type\":\"BreadcrumbList\",\"@id\":\"https:\/\/glass-perfume-bottles.com\/ru\/product\/custom-200ml-crystal-white-square-glass-perfume-bottle-supplier\/#breadcrumb\",\"itemListElement\":[{\"@type\":\"ListItem\",\"position\":1,\"name\":\"Home\",\"item\":\"https:\/\/glass-perfume-bottles.com\/\"},{\"@type\":\"ListItem\",\"position\":2,\"name\":\"Product\",\"item\":\"https:\/\/glass-perfume-bottles.com\/custom-made-perfume-bottle-suppliers-and-wholesale\/\"},{\"@type\":\"ListItem\",\"position\":3,\"name\":\"Custom 200ml crystal white square glass perfume bottle supplier\"}]},{\"@type\":\"WebSite\",\"@id\":\"https:\/\/glass-perfume-bottles.com\/#website\",\"url\":\"https:\/\/glass-perfume-bottles.com\/\",\"name\":\"HY GLASS\",\"description\":\"glass perfume bottle manufacturers &amp; suppliers, aroma reed diffuser bottle wholesale &amp; suppliers\",\"publisher\":{\"@id\":\"https:\/\/glass-perfume-bottles.com\/#organization\"},\"potentialAction\":[{\"@type\":\"SearchAction\",\"target\":{\"@type\":\"EntryPoint\",\"urlTemplate\":\"https:\/\/glass-perfume-bottles.com\/?s={search_term_string}\"},\"query-input\":{\"@type\":\"PropertyValueSpecification\",\"valueRequired\":true,\"valueName\":\"search_term_string\"}}],\"inLanguage\":\"es\"},{\"@type\":\"Organization\",\"@id\":\"https:\/\/glass-perfume-bottles.com\/#organization\",\"name\":\"HY GLASS\",\"url\":\"https:\/\/glass-perfume-bottles.com\/\",\"logo\":{\"@type\":\"ImageObject\",\"inLanguage\":\"es\",\"@id\":\"https:\/\/glass-perfume-bottles.com\/#\/schema\/logo\/image\/\",\"url\":\"https:\/\/glass-perfume-bottles.com\/wp-content\/uploads\/2023\/09\/logo21.png\",\"contentUrl\":\"https:\/\/glass-perfume-bottles.com\/wp-content\/uploads\/2023\/09\/logo21.png\",\"width\":342,\"height\":268,\"caption\":\"HY GLASS\"},\"image\":{\"@id\":\"https:\/\/glass-perfume-bottles.com\/#\/schema\/logo\/image\/\"}}]}<\/script>\n<!-- \/ Yoast SEO Premium plugin. -->","yoast_head_json":{"title":"Custom 200ml crystal white square glass perfume bottle supplier","description":"Custom 200ml crystal white square glass perfume bottle\uff0ccrimp mouth match the spray pump head ,capacity from from 30ml-100ml for your choose,","robots":{"index":"index","follow":"follow","max-snippet":"max-snippet:-1","max-image-preview":"max-image-preview:large","max-video-preview":"max-video-preview:-1"},"canonical":"https:\/\/glass-perfume-bottles.com\/es\/producto\/custom-200ml-crystal-white-square-glass-perfume-bottle-supplier\/","og_locale":"es_ES","og_type":"article","og_title":"Custom 200ml crystal white square glass perfume bottle supplier","og_description":"Custom 200ml crystal white square glass perfume bottle\uff0ccrimp mouth match the spray pump head ,capacity from from 30ml-100ml for your choose,","og_url":"https:\/\/glass-perfume-bottles.com\/es\/producto\/custom-200ml-crystal-white-square-glass-perfume-bottle-supplier\/","og_site_name":"HY GLASS","article_modified_time":"2025-03-17T06:20:04+00:00","og_image":[{"width":720,"height":720,"url":"https:\/\/glass-perfume-bottles.com\/wp-content\/uploads\/2025\/03\/Custom-200ml-crystal-white-square-glass-perfume-bottle-supplier.jpg","type":"image\/jpeg"}],"twitter_card":"summary_large_image","twitter_misc":{"Tiempo de lectura":"2 minutos"},"schema":{"@context":"https:\/\/schema.org","@graph":[{"@type":"WebPage","@id":"https:\/\/glass-perfume-bottles.com\/ru\/product\/custom-200ml-crystal-white-square-glass-perfume-bottle-supplier\/","url":"https:\/\/glass-perfume-bottles.com\/ru\/product\/custom-200ml-crystal-white-square-glass-perfume-bottle-supplier\/","name":"Custom 200ml crystal white square glass perfume bottle supplier","isPartOf":{"@id":"https:\/\/glass-perfume-bottles.com\/#website"},"primaryImageOfPage":{"@id":"https:\/\/glass-perfume-bottles.com\/ru\/product\/custom-200ml-crystal-white-square-glass-perfume-bottle-supplier\/#primaryimage"},"image":{"@id":"https:\/\/glass-perfume-bottles.com\/ru\/product\/custom-200ml-crystal-white-square-glass-perfume-bottle-supplier\/#primaryimage"},"thumbnailUrl":"https:\/\/glass-perfume-bottles.com\/wp-content\/uploads\/2025\/03\/Custom-200ml-crystal-white-square-glass-perfume-bottle-supplier.jpg","datePublished":"2025-03-17T05:58:42+00:00","dateModified":"2025-03-17T06:20:04+00:00","description":"Custom 200ml crystal white square glass perfume bottle\uff0ccrimp mouth match the spray pump head ,capacity from from 30ml-100ml for your choose,","breadcrumb":{"@id":"https:\/\/glass-perfume-bottles.com\/ru\/product\/custom-200ml-crystal-white-square-glass-perfume-bottle-supplier\/#breadcrumb"},"inLanguage":"es","potentialAction":[{"@type":"ReadAction","target":["https:\/\/glass-perfume-bottles.com\/ru\/product\/custom-200ml-crystal-white-square-glass-perfume-bottle-supplier\/"]}]},{"@type":"ImageObject","inLanguage":"es","@id":"https:\/\/glass-perfume-bottles.com\/ru\/product\/custom-200ml-crystal-white-square-glass-perfume-bottle-supplier\/#primaryimage","url":"https:\/\/glass-perfume-bottles.com\/wp-content\/uploads\/2025\/03\/Custom-200ml-crystal-white-square-glass-perfume-bottle-supplier.jpg","contentUrl":"https:\/\/glass-perfume-bottles.com\/wp-content\/uploads\/2025\/03\/Custom-200ml-crystal-white-square-glass-perfume-bottle-supplier.jpg","width":720,"height":720,"caption":"Luxury 200ml glass perfume bottle \u00a0made of crystal white\u00a0 glass\uff0ccrimp mouth match the spray pump head ,Unique shape is especially beautifulthick bottom\u00a0 design Highlight a unique style,accept color coating\u3001frosted\u3001marble coating\u3001flocking ect process,capacity from from 30ml-200ml for your choose,"},{"@type":"BreadcrumbList","@id":"https:\/\/glass-perfume-bottles.com\/ru\/product\/custom-200ml-crystal-white-square-glass-perfume-bottle-supplier\/#breadcrumb","itemListElement":[{"@type":"ListItem","position":1,"name":"Home","item":"https:\/\/glass-perfume-bottles.com\/"},{"@type":"ListItem","position":2,"name":"Product","item":"https:\/\/glass-perfume-bottles.com\/custom-made-perfume-bottle-suppliers-and-wholesale\/"},{"@type":"ListItem","position":3,"name":"Custom 200ml crystal white square glass perfume bottle supplier"}]},{"@type":"WebSite","@id":"https:\/\/glass-perfume-bottles.com\/#website","url":"https:\/\/glass-perfume-bottles.com\/","name":"HY GLASS","description":"glass perfume bottle manufacturers &amp; suppliers, aroma reed diffuser bottle wholesale &amp; suppliers","publisher":{"@id":"https:\/\/glass-perfume-bottles.com\/#organization"},"potentialAction":[{"@type":"SearchAction","target":{"@type":"EntryPoint","urlTemplate":"https:\/\/glass-perfume-bottles.com\/?s={search_term_string}"},"query-input":{"@type":"PropertyValueSpecification","valueRequired":true,"valueName":"search_term_string"}}],"inLanguage":"es"},{"@type":"Organization","@id":"https:\/\/glass-perfume-bottles.com\/#organization","name":"HY GLASS","url":"https:\/\/glass-perfume-bottles.com\/","logo":{"@type":"ImageObject","inLanguage":"es","@id":"https:\/\/glass-perfume-bottles.com\/#\/schema\/logo\/image\/","url":"https:\/\/glass-perfume-bottles.com\/wp-content\/uploads\/2023\/09\/logo21.png","contentUrl":"https:\/\/glass-perfume-bottles.com\/wp-content\/uploads\/2023\/09\/logo21.png","width":342,"height":268,"caption":"HY GLASS"},"image":{"@id":"https:\/\/glass-perfume-bottles.com\/#\/schema\/logo\/image\/"}}]}},"taxonomy_info":{"product_cat":[{"value":51,"label":"Glass Perfume Bottle"}],"product_tag":[{"value":176,"label":"Classic perfume bottle factory"},{"value":70,"label":"Custom home fragrance oil bottle"},{"value":175,"label":"Glass perfume bottle for travel"},{"value":156,"label":"Luxury perfume bottle supplier"},{"value":168,"label":"Premium perfume bottle supplier"},{"value":66,"label":"Wholesale glass perfume bottle"}]},"featured_image_src_large":["https:\/\/glass-perfume-bottles.com\/wp-content\/uploads\/2025\/03\/Custom-200ml-crystal-white-square-glass-perfume-bottle-supplier.jpg",720,720,false],"author_info":[],"comment_info":0,"_links":{"self":[{"href":"https:\/\/glass-perfume-bottles.com\/es\/wp-json\/wp\/v2\/product\/2448","targetHints":{"allow":["GET"]}}],"collection":[{"href":"https:\/\/glass-perfume-bottles.com\/es\/wp-json\/wp\/v2\/product"}],"about":[{"href":"https:\/\/glass-perfume-bottles.com\/es\/wp-json\/wp\/v2\/types\/product"}],"replies":[{"embeddable":true,"href":"https:\/\/glass-perfume-bottles.com\/es\/wp-json\/wp\/v2\/comments?post=2448"}],"wp:featuredmedia":[{"embeddable":true,"href":"https:\/\/glass-perfume-bottles.com\/es\/wp-json\/wp\/v2\/media\/2449"}],"wp:attachment":[{"href":"https:\/\/glass-perfume-bottles.com\/es\/wp-json\/wp\/v2\/media?parent=2448"}],"wp:term":[{"taxonomy":"product_brand","embeddable":true,"href":"https:\/\/glass-perfume-bottles.com\/es\/wp-json\/wp\/v2\/product_brand?post=2448"},{"taxonomy":"product_cat","embeddable":true,"href":"https:\/\/glass-perfume-bottles.com\/es\/wp-json\/wp\/v2\/product_cat?post=2448"},{"taxonomy":"product_tag","embeddable":true,"href":"https:\/\/glass-perfume-bottles.com\/es\/wp-json\/wp\/v2\/product_tag?post=2448"}],"curies":[{"name":"wp","href":"https:\/\/api.w.org\/{rel}","templated":true}]}}