{"id":2452,"date":"2025-03-17T07:19:11","date_gmt":"2025-03-17T07:19:11","guid":{"rendered":"https:\/\/glass-perfume-bottles.com\/?post_type=product&#038;p=2452"},"modified":"2025-03-22T11:59:40","modified_gmt":"2025-03-22T11:59:40","slug":"attar-oil-uv-printing-3ml-6ml-12ml-essential-oil-perfume-bottle-supplier","status":"publish","type":"product","link":"https:\/\/glass-perfume-bottles.com\/es\/producto\/attar-oil-uv-printing-3ml-6ml-12ml-essential-oil-perfume-bottle-supplier\/","title":{"rendered":"Proveedor de botellas de perfume de aceite esencial con impresi\u00f3n UV de aceite Attar de 3 ml, 6 ml y 12 ml"},"content":{"rendered":"<table>\n<tbody>\n<tr>\n<td width=\"158\">Nombre del producto<\/td>\n<td width=\"591\"><a href=\"https:\/\/glass-perfume-bottles.com\/es\/producto\/100ml-female-body-perfume-bottle-factory\/\">Botella de perfume de aceite esencial <\/a><\/td>\n<\/tr>\n<tr>\n<td width=\"158\">Capacidad<\/td>\n<td width=\"591\">3 ml, 6 ml, 12 ml (otros tama\u00f1os disponibles)<\/td>\n<\/tr>\n<tr>\n<td width=\"158\">Tama\u00f1o<\/td>\n<td width=\"591\">3ml: 1,8 \u00d7 5,1 cm 6ml: 2,2 \u00d7 5,9 cm 12ml: 2,6 \u00d7 6,7 cm<\/td>\n<\/tr>\n<tr>\n<td width=\"158\">Boca<\/td>\n<td width=\"591\">Tornillo<\/td>\n<\/tr>\n<tr>\n<td width=\"158\">Material<\/td>\n<td width=\"591\">Alto vidrio blanco<\/td>\n<\/tr>\n<tr>\n<td width=\"158\">Color del cuerpo<\/td>\n<td width=\"591\">\u00c1mbar, negro, esmerilado, negro mate, rosa o color personalizado.<\/td>\n<\/tr>\n<tr>\n<td width=\"158\">Manipulaci\u00f3n de superficies<\/td>\n<td width=\"591\">\n<ol>\n<li>Serigraf\u00eda<\/li>\n<li>Estampado en caliente<\/li>\n<li>\u00a0Recubrimiento UV<\/li>\n<li>Escarchado<\/li>\n<li>\u00a0Calcoman\u00eda<\/li>\n<li>\u00a0Flocado<\/li>\n<li>Etiquetado<\/li>\n<li>Pintura a color o personalizada seg\u00fan sus necesidades.<\/li>\n<\/ol>\n<\/td>\n<\/tr>\n<tr>\n<td width=\"158\">Uso<\/td>\n<td width=\"591\">Ideal para una variedad de productos l\u00edquidos de alta gama, incluidos perfumes, aceites esenciales, sueros, aceites arom\u00e1ticos para el hogar, t\u00f3nicos y m\u00e1s.<\/td>\n<\/tr>\n<tr>\n<td width=\"158\">Embalaje<\/td>\n<td width=\"591\">Exportaci\u00f3n de cart\u00f3n y luego palets de madera contrachapada.<\/td>\n<\/tr>\n<tr>\n<td width=\"158\">Cantidad m\u00ednima de pedido 5<\/td>\n<td width=\"591\">,000 piezas (ya que hay dise\u00f1o personalizado)<\/td>\n<\/tr>\n<tr>\n<td width=\"158\">Muestra<\/td>\n<td width=\"591\">Muestra gratis, se necesita costo de env\u00edo.<\/td>\n<\/tr>\n<tr>\n<td width=\"158\">Transporte<\/td>\n<td width=\"591\">FedEx\/DHL\/EMS\/UPS\/TNT\/Por mar\/Por aire, etc.<\/td>\n<\/tr>\n<tr>\n<td width=\"158\">Forma de pago<\/td>\n<td width=\"591\">Transferencia bancaria, carta de cr\u00e9dito, Western Union, Money Gram, Paypal, etc.<\/td>\n<\/tr>\n<tr>\n<td width=\"158\">El tiempo de entrega<\/td>\n<td width=\"591\">Muestra 1-2 d\u00edas, pedido de producci\u00f3n 20-45 d\u00edas depende de los detalles del pedido.<\/td>\n<\/tr>\n<tr>\n<td width=\"158\">Servicio<\/td>\n<td width=\"591\">Servicio OEM y ODM, servicio de dise\u00f1o, soluci\u00f3n integral<\/td>\n<\/tr>\n<\/tbody>\n<\/table>\n<p>&nbsp;<\/p>\n<p><a href=\"https:\/\/glass-perfume-bottles.com\/es\/producto\/100ml-flat-square-perfume-bottle-with-cap\/\">Frasco de perfume de aceite esencial<\/a> Hecho de vidrio blanco alto, capacidad de 3 ml a 12 ml, proceso de galvanoplastia personalizado de mini capacidad, apariencia lujosa, es posible una peque\u00f1a cantidad, eleve su <a href=\"https:\/\/www.hyglassbottles.com\/product\/Empty-perfume-bottle-custom-perfume-bottle-supplier-wholesale-glass-perfume-bottle-manufacturer.html\">envases de fragancias<\/a> Con impresi\u00f3n UV de aceite de attar producido por HY GLASS, botellas de aceite de oud de 3 ml, 6 ml y 12 ml. Elaborada con vidrio de alta calidad, esta botella est\u00e1 dise\u00f1ada para exhibir sus aceites de attar premium de una manera elegante y sofisticada.<\/p>\n<p>La impresi\u00f3n UV a\u00f1ade un toque \u00fanico, permitiendo dise\u00f1os vibrantes y detallados que hacen que su marca se destaque.<\/p>","protected":false},"excerpt":{"rendered":"<p>Botella de perfume de aceite esencial con impresi\u00f3n UV de aceite Attar de 3 ml, 6 ml y 12 ml, boca de rosca que combina con el cabezal de la bomba de pulverizaci\u00f3n, capacidad de 3 ml a 12 ml para su elecci\u00f3n<\/p>","protected":false},"featured_media":2454,"comment_status":"open","ping_status":"closed","template":"","meta":{"_kad_blocks_custom_css":"","_kad_blocks_head_custom_js":"","_kad_blocks_body_custom_js":"","_kad_blocks_footer_custom_js":"","_kad_post_transparent":"default","_kad_post_title":"","_kad_post_layout":"default","_kad_post_sidebar_id":"","_kad_post_content_style":"default","_kad_post_vertical_padding":"default","_kad_post_feature":"","_kad_post_feature_position":"","_kad_post_header":false,"_kad_post_footer":false,"_joinchat":[]},"product_brand":[],"product_cat":[51],"product_tag":[70,175,177,178,168],"class_list":{"0":"post-2452","1":"product","2":"type-product","3":"status-publish","4":"has-post-thumbnail","6":"product_cat-glass-perfume-bottles","7":"product_tag-custom-home-fragrance-oil-bottle","8":"product_tag-glass-perfume-bottle-for-travel","9":"product_tag-luxury-attar-oil-bottle-factory","10":"product_tag-oud-oil-bottle-wholesale","11":"product_tag-premium-perfume-bottle-supplier","13":"first","14":"instock","15":"shipping-taxable","16":"product-type-simple","17":"entry","18":"content-bg","19":"loop-entry"},"yoast_head":"<!-- This site is optimized with the Yoast SEO Premium plugin v20.5 (Yoast SEO v24.2) - https:\/\/yoast.com\/wordpress\/plugins\/seo\/ -->\n<title>Essential Oil Perfume Bottle Attar Oil bottle 3ml 6ml 12ml Supplier<\/title>\n<meta name=\"description\" content=\"Attar Oil UV Printing 3ml 6ml 12ml Essential Oil Perfume Bottle,Screw mouth match the spray pump head ,capacity from from 3ml-12ml for your choose\" \/>\n<meta name=\"robots\" content=\"index, follow, max-snippet:-1, max-image-preview:large, max-video-preview:-1\" \/>\n<link rel=\"canonical\" href=\"https:\/\/glass-perfume-bottles.com\/es\/produit\/attar-oil-uv-printing-3ml-6ml-12ml-essential-oil-perfume-bottle-supplier\/\" \/>\n<meta property=\"og:locale\" content=\"es_ES\" \/>\n<meta property=\"og:type\" content=\"article\" \/>\n<meta property=\"og:title\" content=\"Attar Oil UV Printing 3ml 6ml 12ml Essential Oil Perfume Bottle Supplier\" \/>\n<meta property=\"og:description\" content=\"Attar Oil UV Printing 3ml 6ml 12ml Essential Oil Perfume Bottle,Screw mouth match the spray pump head ,capacity from from 3ml-12ml for your choose\" \/>\n<meta property=\"og:url\" content=\"https:\/\/glass-perfume-bottles.com\/es\/produit\/attar-oil-uv-printing-3ml-6ml-12ml-essential-oil-perfume-bottle-supplier\/\" \/>\n<meta property=\"og:site_name\" content=\"HY GLASS\" \/>\n<meta property=\"article:modified_time\" content=\"2025-03-22T11:59:40+00:00\" \/>\n<meta property=\"og:image\" content=\"https:\/\/glass-perfume-bottles.com\/wp-content\/uploads\/2025\/03\/Attar-Oil-UV-Printing-3ml-6ml-12ml-Essential-Oil-Bottle.jpg\" \/>\n\t<meta property=\"og:image:width\" content=\"720\" \/>\n\t<meta property=\"og:image:height\" content=\"720\" \/>\n\t<meta property=\"og:image:type\" content=\"image\/jpeg\" \/>\n<meta name=\"twitter:card\" content=\"summary_large_image\" \/>\n<meta name=\"twitter:label1\" content=\"Tiempo de lectura\" \/>\n\t<meta name=\"twitter:data1\" content=\"2 minutos\" \/>\n<script type=\"application\/ld+json\" class=\"yoast-schema-graph\">{\"@context\":\"https:\/\/schema.org\",\"@graph\":[{\"@type\":\"WebPage\",\"@id\":\"https:\/\/glass-perfume-bottles.com\/fr\/produit\/attar-oil-uv-printing-3ml-6ml-12ml-essential-oil-perfume-bottle-supplier\/\",\"url\":\"https:\/\/glass-perfume-bottles.com\/fr\/produit\/attar-oil-uv-printing-3ml-6ml-12ml-essential-oil-perfume-bottle-supplier\/\",\"name\":\"Essential Oil Perfume Bottle Attar Oil bottle 3ml 6ml 12ml Supplier\",\"isPartOf\":{\"@id\":\"https:\/\/glass-perfume-bottles.com\/#website\"},\"primaryImageOfPage\":{\"@id\":\"https:\/\/glass-perfume-bottles.com\/fr\/produit\/attar-oil-uv-printing-3ml-6ml-12ml-essential-oil-perfume-bottle-supplier\/#primaryimage\"},\"image\":{\"@id\":\"https:\/\/glass-perfume-bottles.com\/fr\/produit\/attar-oil-uv-printing-3ml-6ml-12ml-essential-oil-perfume-bottle-supplier\/#primaryimage\"},\"thumbnailUrl\":\"https:\/\/glass-perfume-bottles.com\/wp-content\/uploads\/2025\/03\/Attar-Oil-UV-Printing-3ml-6ml-12ml-Essential-Oil-Bottle.jpg\",\"datePublished\":\"2025-03-17T07:19:11+00:00\",\"dateModified\":\"2025-03-22T11:59:40+00:00\",\"description\":\"Attar Oil UV Printing 3ml 6ml 12ml Essential Oil Perfume Bottle,Screw mouth match the spray pump head ,capacity from from 3ml-12ml for your choose\",\"breadcrumb\":{\"@id\":\"https:\/\/glass-perfume-bottles.com\/fr\/produit\/attar-oil-uv-printing-3ml-6ml-12ml-essential-oil-perfume-bottle-supplier\/#breadcrumb\"},\"inLanguage\":\"es\",\"potentialAction\":[{\"@type\":\"ReadAction\",\"target\":[\"https:\/\/glass-perfume-bottles.com\/fr\/produit\/attar-oil-uv-printing-3ml-6ml-12ml-essential-oil-perfume-bottle-supplier\/\"]}]},{\"@type\":\"ImageObject\",\"inLanguage\":\"es\",\"@id\":\"https:\/\/glass-perfume-bottles.com\/fr\/produit\/attar-oil-uv-printing-3ml-6ml-12ml-essential-oil-perfume-bottle-supplier\/#primaryimage\",\"url\":\"https:\/\/glass-perfume-bottles.com\/wp-content\/uploads\/2025\/03\/Attar-Oil-UV-Printing-3ml-6ml-12ml-Essential-Oil-Bottle.jpg\",\"contentUrl\":\"https:\/\/glass-perfume-bottles.com\/wp-content\/uploads\/2025\/03\/Attar-Oil-UV-Printing-3ml-6ml-12ml-Essential-Oil-Bottle.jpg\",\"width\":720,\"height\":720,\"caption\":\"Attar Oil UV Printing 3ml 6ml 12ml Essential Oil Perfume Bottle Supplier\"},{\"@type\":\"BreadcrumbList\",\"@id\":\"https:\/\/glass-perfume-bottles.com\/fr\/produit\/attar-oil-uv-printing-3ml-6ml-12ml-essential-oil-perfume-bottle-supplier\/#breadcrumb\",\"itemListElement\":[{\"@type\":\"ListItem\",\"position\":1,\"name\":\"Home\",\"item\":\"https:\/\/glass-perfume-bottles.com\/\"},{\"@type\":\"ListItem\",\"position\":2,\"name\":\"Product\",\"item\":\"https:\/\/glass-perfume-bottles.com\/custom-made-perfume-bottle-suppliers-and-wholesale\/\"},{\"@type\":\"ListItem\",\"position\":3,\"name\":\"Attar Oil UV Printing 3ml 6ml 12ml Essential Oil Perfume Bottle Supplier\"}]},{\"@type\":\"WebSite\",\"@id\":\"https:\/\/glass-perfume-bottles.com\/#website\",\"url\":\"https:\/\/glass-perfume-bottles.com\/\",\"name\":\"HY GLASS\",\"description\":\"glass perfume bottle manufacturers &amp; suppliers, aroma reed diffuser bottle wholesale &amp; suppliers\",\"publisher\":{\"@id\":\"https:\/\/glass-perfume-bottles.com\/#organization\"},\"potentialAction\":[{\"@type\":\"SearchAction\",\"target\":{\"@type\":\"EntryPoint\",\"urlTemplate\":\"https:\/\/glass-perfume-bottles.com\/?s={search_term_string}\"},\"query-input\":{\"@type\":\"PropertyValueSpecification\",\"valueRequired\":true,\"valueName\":\"search_term_string\"}}],\"inLanguage\":\"es\"},{\"@type\":\"Organization\",\"@id\":\"https:\/\/glass-perfume-bottles.com\/#organization\",\"name\":\"HY GLASS\",\"url\":\"https:\/\/glass-perfume-bottles.com\/\",\"logo\":{\"@type\":\"ImageObject\",\"inLanguage\":\"es\",\"@id\":\"https:\/\/glass-perfume-bottles.com\/#\/schema\/logo\/image\/\",\"url\":\"https:\/\/glass-perfume-bottles.com\/wp-content\/uploads\/2023\/09\/logo21.png\",\"contentUrl\":\"https:\/\/glass-perfume-bottles.com\/wp-content\/uploads\/2023\/09\/logo21.png\",\"width\":342,\"height\":268,\"caption\":\"HY GLASS\"},\"image\":{\"@id\":\"https:\/\/glass-perfume-bottles.com\/#\/schema\/logo\/image\/\"}}]}<\/script>\n<!-- \/ Yoast SEO Premium plugin. -->","yoast_head_json":{"title":"Essential Oil Perfume Bottle Attar Oil bottle 3ml 6ml 12ml Supplier","description":"Attar Oil UV Printing 3ml 6ml 12ml Essential Oil Perfume Bottle,Screw mouth match the spray pump head ,capacity from from 3ml-12ml for your choose","robots":{"index":"index","follow":"follow","max-snippet":"max-snippet:-1","max-image-preview":"max-image-preview:large","max-video-preview":"max-video-preview:-1"},"canonical":"https:\/\/glass-perfume-bottles.com\/es\/produit\/attar-oil-uv-printing-3ml-6ml-12ml-essential-oil-perfume-bottle-supplier\/","og_locale":"es_ES","og_type":"article","og_title":"Attar Oil UV Printing 3ml 6ml 12ml Essential Oil Perfume Bottle Supplier","og_description":"Attar Oil UV Printing 3ml 6ml 12ml Essential Oil Perfume Bottle,Screw mouth match the spray pump head ,capacity from from 3ml-12ml for your choose","og_url":"https:\/\/glass-perfume-bottles.com\/es\/produit\/attar-oil-uv-printing-3ml-6ml-12ml-essential-oil-perfume-bottle-supplier\/","og_site_name":"HY GLASS","article_modified_time":"2025-03-22T11:59:40+00:00","og_image":[{"width":720,"height":720,"url":"https:\/\/glass-perfume-bottles.com\/wp-content\/uploads\/2025\/03\/Attar-Oil-UV-Printing-3ml-6ml-12ml-Essential-Oil-Bottle.jpg","type":"image\/jpeg"}],"twitter_card":"summary_large_image","twitter_misc":{"Tiempo de lectura":"2 minutos"},"schema":{"@context":"https:\/\/schema.org","@graph":[{"@type":"WebPage","@id":"https:\/\/glass-perfume-bottles.com\/fr\/produit\/attar-oil-uv-printing-3ml-6ml-12ml-essential-oil-perfume-bottle-supplier\/","url":"https:\/\/glass-perfume-bottles.com\/fr\/produit\/attar-oil-uv-printing-3ml-6ml-12ml-essential-oil-perfume-bottle-supplier\/","name":"Essential Oil Perfume Bottle Attar Oil bottle 3ml 6ml 12ml Supplier","isPartOf":{"@id":"https:\/\/glass-perfume-bottles.com\/#website"},"primaryImageOfPage":{"@id":"https:\/\/glass-perfume-bottles.com\/fr\/produit\/attar-oil-uv-printing-3ml-6ml-12ml-essential-oil-perfume-bottle-supplier\/#primaryimage"},"image":{"@id":"https:\/\/glass-perfume-bottles.com\/fr\/produit\/attar-oil-uv-printing-3ml-6ml-12ml-essential-oil-perfume-bottle-supplier\/#primaryimage"},"thumbnailUrl":"https:\/\/glass-perfume-bottles.com\/wp-content\/uploads\/2025\/03\/Attar-Oil-UV-Printing-3ml-6ml-12ml-Essential-Oil-Bottle.jpg","datePublished":"2025-03-17T07:19:11+00:00","dateModified":"2025-03-22T11:59:40+00:00","description":"Attar Oil UV Printing 3ml 6ml 12ml Essential Oil Perfume Bottle,Screw mouth match the spray pump head ,capacity from from 3ml-12ml for your choose","breadcrumb":{"@id":"https:\/\/glass-perfume-bottles.com\/fr\/produit\/attar-oil-uv-printing-3ml-6ml-12ml-essential-oil-perfume-bottle-supplier\/#breadcrumb"},"inLanguage":"es","potentialAction":[{"@type":"ReadAction","target":["https:\/\/glass-perfume-bottles.com\/fr\/produit\/attar-oil-uv-printing-3ml-6ml-12ml-essential-oil-perfume-bottle-supplier\/"]}]},{"@type":"ImageObject","inLanguage":"es","@id":"https:\/\/glass-perfume-bottles.com\/fr\/produit\/attar-oil-uv-printing-3ml-6ml-12ml-essential-oil-perfume-bottle-supplier\/#primaryimage","url":"https:\/\/glass-perfume-bottles.com\/wp-content\/uploads\/2025\/03\/Attar-Oil-UV-Printing-3ml-6ml-12ml-Essential-Oil-Bottle.jpg","contentUrl":"https:\/\/glass-perfume-bottles.com\/wp-content\/uploads\/2025\/03\/Attar-Oil-UV-Printing-3ml-6ml-12ml-Essential-Oil-Bottle.jpg","width":720,"height":720,"caption":"Attar Oil UV Printing 3ml 6ml 12ml Essential Oil Perfume Bottle Supplier"},{"@type":"BreadcrumbList","@id":"https:\/\/glass-perfume-bottles.com\/fr\/produit\/attar-oil-uv-printing-3ml-6ml-12ml-essential-oil-perfume-bottle-supplier\/#breadcrumb","itemListElement":[{"@type":"ListItem","position":1,"name":"Home","item":"https:\/\/glass-perfume-bottles.com\/"},{"@type":"ListItem","position":2,"name":"Product","item":"https:\/\/glass-perfume-bottles.com\/custom-made-perfume-bottle-suppliers-and-wholesale\/"},{"@type":"ListItem","position":3,"name":"Attar Oil UV Printing 3ml 6ml 12ml Essential Oil Perfume Bottle Supplier"}]},{"@type":"WebSite","@id":"https:\/\/glass-perfume-bottles.com\/#website","url":"https:\/\/glass-perfume-bottles.com\/","name":"HY GLASS","description":"glass perfume bottle manufacturers &amp; suppliers, aroma reed diffuser bottle wholesale &amp; suppliers","publisher":{"@id":"https:\/\/glass-perfume-bottles.com\/#organization"},"potentialAction":[{"@type":"SearchAction","target":{"@type":"EntryPoint","urlTemplate":"https:\/\/glass-perfume-bottles.com\/?s={search_term_string}"},"query-input":{"@type":"PropertyValueSpecification","valueRequired":true,"valueName":"search_term_string"}}],"inLanguage":"es"},{"@type":"Organization","@id":"https:\/\/glass-perfume-bottles.com\/#organization","name":"HY GLASS","url":"https:\/\/glass-perfume-bottles.com\/","logo":{"@type":"ImageObject","inLanguage":"es","@id":"https:\/\/glass-perfume-bottles.com\/#\/schema\/logo\/image\/","url":"https:\/\/glass-perfume-bottles.com\/wp-content\/uploads\/2023\/09\/logo21.png","contentUrl":"https:\/\/glass-perfume-bottles.com\/wp-content\/uploads\/2023\/09\/logo21.png","width":342,"height":268,"caption":"HY GLASS"},"image":{"@id":"https:\/\/glass-perfume-bottles.com\/#\/schema\/logo\/image\/"}}]}},"taxonomy_info":{"product_cat":[{"value":51,"label":"Glass Perfume Bottle"}],"product_tag":[{"value":70,"label":"Custom home fragrance oil bottle"},{"value":175,"label":"Glass perfume bottle for travel"},{"value":177,"label":"Luxury attar oil bottle factory"},{"value":178,"label":"Oud oil bottle wholesale"},{"value":168,"label":"Premium perfume bottle supplier"}]},"featured_image_src_large":["https:\/\/glass-perfume-bottles.com\/wp-content\/uploads\/2025\/03\/Attar-Oil-UV-Printing-3ml-6ml-12ml-Essential-Oil-Bottle.jpg",720,720,false],"author_info":[],"comment_info":0,"_links":{"self":[{"href":"https:\/\/glass-perfume-bottles.com\/es\/wp-json\/wp\/v2\/product\/2452","targetHints":{"allow":["GET"]}}],"collection":[{"href":"https:\/\/glass-perfume-bottles.com\/es\/wp-json\/wp\/v2\/product"}],"about":[{"href":"https:\/\/glass-perfume-bottles.com\/es\/wp-json\/wp\/v2\/types\/product"}],"replies":[{"embeddable":true,"href":"https:\/\/glass-perfume-bottles.com\/es\/wp-json\/wp\/v2\/comments?post=2452"}],"wp:featuredmedia":[{"embeddable":true,"href":"https:\/\/glass-perfume-bottles.com\/es\/wp-json\/wp\/v2\/media\/2454"}],"wp:attachment":[{"href":"https:\/\/glass-perfume-bottles.com\/es\/wp-json\/wp\/v2\/media?parent=2452"}],"wp:term":[{"taxonomy":"product_brand","embeddable":true,"href":"https:\/\/glass-perfume-bottles.com\/es\/wp-json\/wp\/v2\/product_brand?post=2452"},{"taxonomy":"product_cat","embeddable":true,"href":"https:\/\/glass-perfume-bottles.com\/es\/wp-json\/wp\/v2\/product_cat?post=2452"},{"taxonomy":"product_tag","embeddable":true,"href":"https:\/\/glass-perfume-bottles.com\/es\/wp-json\/wp\/v2\/product_tag?post=2452"}],"curies":[{"name":"wp","href":"https:\/\/api.w.org\/{rel}","templated":true}]}}