{"id":2765,"date":"2025-04-27T06:28:44","date_gmt":"2025-04-27T06:28:44","guid":{"rendered":"https:\/\/glass-perfume-bottles.com\/?post_type=product&#038;p=2765"},"modified":"2025-04-27T06:48:42","modified_gmt":"2025-04-27T06:48:42","slug":"wholesale-50ml-frosted-cylinder-perfume-botlte-with-wooden-cap","status":"publish","type":"product","link":"https:\/\/glass-perfume-bottles.com\/es\/producto\/wholesale-50ml-frosted-cylinder-perfume-botlte-with-wooden-cap\/","title":{"rendered":"Botella de perfume cil\u00edndrica esmerilada de 50 ml con tap\u00f3n de madera al por mayor"},"content":{"rendered":"<table>\n<tbody>\n<tr>\n<td width=\"158\">Nombre del producto<\/td>\n<td width=\"591\">Frasco de perfume cil\u00edndrico esmerilado<\/td>\n<\/tr>\n<tr>\n<td width=\"158\">Capacidad<\/td>\n<td width=\"591\">50 ml (otros tama\u00f1os disponibles)<\/td>\n<\/tr>\n<tr>\n<td width=\"158\">Tama\u00f1o<\/td>\n<td width=\"591\">65 mm x 65 mm 131 g<\/td>\n<\/tr>\n<tr>\n<td width=\"158\">Boca<\/td>\n<td width=\"591\">Rizar<\/td>\n<\/tr>\n<tr>\n<td width=\"158\">Material<\/td>\n<td width=\"591\">Cristal de vidrio blanco<\/td>\n<\/tr>\n<tr>\n<td width=\"158\">Color del cuerpo<\/td>\n<td width=\"591\">Transparente, \u00e1mbar, negro, esmerilado, negro mate, rosa o color personalizado.<\/td>\n<\/tr>\n<tr>\n<td width=\"158\">Manipulaci\u00f3n de superficies<\/td>\n<td width=\"591\">Serigraf\u00eda, estampado en caliente, recubrimiento UV, esmerilado, calcoman\u00eda, flocado, etiquetado, pintura a color o personalizado seg\u00fan sus necesidades.<\/td>\n<\/tr>\n<tr>\n<td width=\"158\">Uso<\/td>\n<td width=\"591\">Perfume, suero, aceite esencial, aceite arom\u00e1tico para el hogar, t\u00f3nico, aroma, aceite de aromaterapia, etc., embalaje cosm\u00e9tico.<\/td>\n<\/tr>\n<tr>\n<td width=\"158\">Embalaje<\/td>\n<td width=\"591\">Exportaci\u00f3n de cart\u00f3n y luego palets de madera contrachapada.<\/td>\n<\/tr>\n<tr>\n<td width=\"158\">Cantidad m\u00ednima de pedido 5<\/td>\n<td width=\"591\">1000 piezas (ya que hay dise\u00f1o personalizado)<\/td>\n<\/tr>\n<tr>\n<td width=\"158\">Muestra<\/td>\n<td width=\"591\">Muestra gratis, se necesita costo de env\u00edo.<\/td>\n<\/tr>\n<tr>\n<td width=\"158\">Transporte<\/td>\n<td width=\"591\">FedEx\/DHL\/EMS\/UPS\/TNT\/Por mar\/Por aire, etc.<\/td>\n<\/tr>\n<tr>\n<td width=\"158\">Forma de pago<\/td>\n<td width=\"591\">Transferencia bancaria, carta de cr\u00e9dito, Western Union, Money Gram, Paypal, etc.<\/td>\n<\/tr>\n<tr>\n<td width=\"158\">El tiempo de entrega<\/td>\n<td width=\"591\">Muestra 1-2 d\u00edas, pedido de producci\u00f3n 20-45 d\u00edas depende de los detalles del pedido.<\/td>\n<\/tr>\n<tr>\n<td width=\"158\">Servicio<\/td>\n<td width=\"591\">Servicio OEM y ODM, servicio de dise\u00f1o, soluci\u00f3n integral<\/td>\n<\/tr>\n<\/tbody>\n<\/table>\n<p>&nbsp;<\/p>\n<p>50 ml <a href=\"https:\/\/glass-perfume-bottles.com\/es\/50ml-amber-square-crimp-thread-perfume-bottlee-supplier\/\">Frasco de perfume cil\u00edndrico esmerilado<\/a> Hecho de cristal blanco cristalino, boca engarzada. <span style=\"font-family: var(--global-body-font-family);\">El cabezal de la bomba de pulverizaci\u00f3n de niebla fina, con su forma cil\u00edndrica \u00fanica, es especialmente hermoso. <\/span><span style=\"font-family: var(--global-body-font-family);\">Dise\u00f1o, fino Resalte un estilo \u00fanico, acepte recubrimiento de color, esmerilado, recubrimiento de m\u00e1rmol, flocado, etc., haga que su marca establezca una imagen de marca \u00fanica y reconocimiento en el mercado.<\/span><\/p>\n<p>Nuestro producto tiene un dise\u00f1o de l\u00edneas suaves y una amplia gama de colores. Por supuesto, tambi\u00e9n puede personalizar su color preferido, incluyendo superficies de botella personalizadas en acero inoxidable, acero inoxidable, etiquetas adhesivas, revestimiento de m\u00e1rmol, revestimiento hologr\u00e1fico, metalizado, flocado, etc.<\/p>\n<p>Como profesional del lujo <a href=\"https:\/\/www.hyglassbottles.com\/product\/Custom-sloping-glass-perfume-bottle-with-wooden-cap.html\">Botella de perfume de cristal<\/a> F\u00e1brica, hemos producido diferentes formas y capacidades para el cliente, tenemos una l\u00ednea de producci\u00f3n profesional y un equipo de dise\u00f1o, podemos brindar un servicio de primer nivel y un producto estable para el cliente, bienvenido a enviarnos su consulta, lo esperamos.<\/p>","protected":false},"excerpt":{"rendered":"<p>50 ml <a href=\"https:\/\/glass-perfume-bottles.com\/es\/50ml-amber-square-crimp-thread-perfume-bottlee-supplier\/\">Frasco de perfume c\u00fabico<\/a> Hecho de cristal blanco cristalino, boca engarzada. <span style=\"font-family: var(--global-body-font-family);\">El cabezal de la bomba de pulverizaci\u00f3n de niebla fina, con su forma cil\u00edndrica \u00fanica, es especialmente hermoso. <\/span><span style=\"font-family: var(--global-body-font-family);\">Dise\u00f1o, fino Resalte un estilo \u00fanico, acepte recubrimiento de color, esmerilado, recubrimiento de m\u00e1rmol, flocado, etc., haga que su marca establezca una imagen de marca \u00fanica y reconocimiento en el mercado.<\/span><\/p>","protected":false},"featured_media":2767,"comment_status":"open","ping_status":"closed","template":"","meta":{"_kad_blocks_custom_css":"","_kad_blocks_head_custom_js":"","_kad_blocks_body_custom_js":"","_kad_blocks_footer_custom_js":"","_kad_post_transparent":"default","_kad_post_title":"","_kad_post_layout":"default","_kad_post_sidebar_id":"","_kad_post_content_style":"default","_kad_post_vertical_padding":"default","_kad_post_feature":"","_kad_post_feature_position":"","_kad_post_header":false,"_kad_post_footer":false,"_joinchat":[]},"product_brand":[],"product_cat":[51],"product_tag":[346,345,175,156,343,181],"class_list":{"0":"post-2765","1":"product","2":"type-product","3":"status-publish","4":"has-post-thumbnail","6":"product_cat-glass-perfume-bottles","7":"product_tag-custom-luxury-perfume-spray-bottle","8":"product_tag-frosted-perfume-bottle-supplier","9":"product_tag-glass-perfume-bottle-for-travel","10":"product_tag-luxury-perfume-bottle-supplier","11":"product_tag-perfume-bottle-wholesale","12":"product_tag-premium-perfume-bottle-manufacturer","14":"first","15":"instock","16":"shipping-taxable","17":"product-type-simple","18":"entry","19":"content-bg","20":"loop-entry"},"yoast_head":"<!-- This site is optimized with the Yoast SEO Premium plugin v20.5 (Yoast SEO v24.2) - https:\/\/yoast.com\/wordpress\/plugins\/seo\/ -->\n<title>Frosted cylinder perfume bottle supplier<\/title>\n<meta name=\"description\" content=\"Frosted cylinder perfume botlte , perfume bottle with wooden cap ,unique shape make your brand Establish a unique brand image and recognition in the market.\" \/>\n<meta name=\"robots\" content=\"index, follow, max-snippet:-1, max-image-preview:large, max-video-preview:-1\" \/>\n<link rel=\"canonical\" href=\"https:\/\/glass-perfume-bottles.com\/es\/producto\/wholesale-50ml-frosted-cylinder-perfume-botlte-with-wooden-cap\/\" \/>\n<meta property=\"og:locale\" content=\"es_ES\" \/>\n<meta property=\"og:type\" content=\"article\" \/>\n<meta property=\"og:title\" content=\"Wholesale 50ml frosted cylinder perfume bottle with wooden cap\" \/>\n<meta property=\"og:description\" content=\"Frosted cylinder perfume botlte , perfume bottle with wooden cap ,unique shape make your brand Establish a unique brand image and recognition in the market.\" \/>\n<meta property=\"og:url\" content=\"https:\/\/glass-perfume-bottles.com\/es\/producto\/wholesale-50ml-frosted-cylinder-perfume-botlte-with-wooden-cap\/\" \/>\n<meta property=\"og:site_name\" content=\"HY GLASS\" \/>\n<meta property=\"article:modified_time\" content=\"2025-04-27T06:48:42+00:00\" \/>\n<meta property=\"og:image\" content=\"https:\/\/glass-perfume-bottles.com\/wp-content\/uploads\/2025\/04\/Wholesale-50ml-frosted-cylinder-perfume-botlte-with-wooden-cap.jpg\" \/>\n\t<meta property=\"og:image:width\" content=\"720\" \/>\n\t<meta property=\"og:image:height\" content=\"720\" \/>\n\t<meta property=\"og:image:type\" content=\"image\/jpeg\" \/>\n<meta name=\"twitter:card\" content=\"summary_large_image\" \/>\n<meta name=\"twitter:label1\" content=\"Tiempo de lectura\" \/>\n\t<meta name=\"twitter:data1\" content=\"2 minutos\" \/>\n<script type=\"application\/ld+json\" class=\"yoast-schema-graph\">{\"@context\":\"https:\/\/schema.org\",\"@graph\":[{\"@type\":\"WebPage\",\"@id\":\"https:\/\/glass-perfume-bottles.com\/product\/wholesale-50ml-frosted-cylinder-perfume-botlte-with-wooden-cap\/\",\"url\":\"https:\/\/glass-perfume-bottles.com\/product\/wholesale-50ml-frosted-cylinder-perfume-botlte-with-wooden-cap\/\",\"name\":\"Frosted cylinder perfume bottle supplier\",\"isPartOf\":{\"@id\":\"https:\/\/glass-perfume-bottles.com\/#website\"},\"primaryImageOfPage\":{\"@id\":\"https:\/\/glass-perfume-bottles.com\/product\/wholesale-50ml-frosted-cylinder-perfume-botlte-with-wooden-cap\/#primaryimage\"},\"image\":{\"@id\":\"https:\/\/glass-perfume-bottles.com\/product\/wholesale-50ml-frosted-cylinder-perfume-botlte-with-wooden-cap\/#primaryimage\"},\"thumbnailUrl\":\"https:\/\/glass-perfume-bottles.com\/wp-content\/uploads\/2025\/04\/Wholesale-50ml-frosted-cylinder-perfume-botlte-with-wooden-cap.jpg\",\"datePublished\":\"2025-04-27T06:28:44+00:00\",\"dateModified\":\"2025-04-27T06:48:42+00:00\",\"description\":\"Frosted cylinder perfume botlte , perfume bottle with wooden cap ,unique shape make your brand Establish a unique brand image and recognition in the market.\",\"breadcrumb\":{\"@id\":\"https:\/\/glass-perfume-bottles.com\/product\/wholesale-50ml-frosted-cylinder-perfume-botlte-with-wooden-cap\/#breadcrumb\"},\"inLanguage\":\"es\",\"potentialAction\":[{\"@type\":\"ReadAction\",\"target\":[\"https:\/\/glass-perfume-bottles.com\/product\/wholesale-50ml-frosted-cylinder-perfume-botlte-with-wooden-cap\/\"]}]},{\"@type\":\"ImageObject\",\"inLanguage\":\"es\",\"@id\":\"https:\/\/glass-perfume-bottles.com\/product\/wholesale-50ml-frosted-cylinder-perfume-botlte-with-wooden-cap\/#primaryimage\",\"url\":\"https:\/\/glass-perfume-bottles.com\/wp-content\/uploads\/2025\/04\/Wholesale-50ml-frosted-cylinder-perfume-botlte-with-wooden-cap.jpg\",\"contentUrl\":\"https:\/\/glass-perfume-bottles.com\/wp-content\/uploads\/2025\/04\/Wholesale-50ml-frosted-cylinder-perfume-botlte-with-wooden-cap.jpg\",\"width\":720,\"height\":720,\"caption\":\"Custom Luxury Perfume Spray Bottle,\u00a0Frosted perfume bottle supplier,\u00a0Glass perfume bottle for travel,\u00a0Luxury perfume bottle supplier,\u00a0Perfume Bottle wholesale,\u00a0Premium perfume bottle manufacturer\"},{\"@type\":\"BreadcrumbList\",\"@id\":\"https:\/\/glass-perfume-bottles.com\/product\/wholesale-50ml-frosted-cylinder-perfume-botlte-with-wooden-cap\/#breadcrumb\",\"itemListElement\":[{\"@type\":\"ListItem\",\"position\":1,\"name\":\"Home\",\"item\":\"https:\/\/glass-perfume-bottles.com\/\"},{\"@type\":\"ListItem\",\"position\":2,\"name\":\"Product\",\"item\":\"https:\/\/glass-perfume-bottles.com\/custom-made-perfume-bottle-suppliers-and-wholesale\/\"},{\"@type\":\"ListItem\",\"position\":3,\"name\":\"Wholesale 50ml frosted cylinder perfume bottle with wooden cap\"}]},{\"@type\":\"WebSite\",\"@id\":\"https:\/\/glass-perfume-bottles.com\/#website\",\"url\":\"https:\/\/glass-perfume-bottles.com\/\",\"name\":\"HY GLASS\",\"description\":\"glass perfume bottle manufacturers &amp; suppliers, aroma reed diffuser bottle wholesale &amp; suppliers\",\"publisher\":{\"@id\":\"https:\/\/glass-perfume-bottles.com\/#organization\"},\"potentialAction\":[{\"@type\":\"SearchAction\",\"target\":{\"@type\":\"EntryPoint\",\"urlTemplate\":\"https:\/\/glass-perfume-bottles.com\/?s={search_term_string}\"},\"query-input\":{\"@type\":\"PropertyValueSpecification\",\"valueRequired\":true,\"valueName\":\"search_term_string\"}}],\"inLanguage\":\"es\"},{\"@type\":\"Organization\",\"@id\":\"https:\/\/glass-perfume-bottles.com\/#organization\",\"name\":\"HY GLASS\",\"url\":\"https:\/\/glass-perfume-bottles.com\/\",\"logo\":{\"@type\":\"ImageObject\",\"inLanguage\":\"es\",\"@id\":\"https:\/\/glass-perfume-bottles.com\/#\/schema\/logo\/image\/\",\"url\":\"https:\/\/glass-perfume-bottles.com\/wp-content\/uploads\/2023\/09\/logo21.png\",\"contentUrl\":\"https:\/\/glass-perfume-bottles.com\/wp-content\/uploads\/2023\/09\/logo21.png\",\"width\":342,\"height\":268,\"caption\":\"HY GLASS\"},\"image\":{\"@id\":\"https:\/\/glass-perfume-bottles.com\/#\/schema\/logo\/image\/\"}}]}<\/script>\n<!-- \/ Yoast SEO Premium plugin. -->","yoast_head_json":{"title":"Frosted cylinder perfume bottle supplier","description":"Frosted cylinder perfume botlte , perfume bottle with wooden cap ,unique shape make your brand Establish a unique brand image and recognition in the market.","robots":{"index":"index","follow":"follow","max-snippet":"max-snippet:-1","max-image-preview":"max-image-preview:large","max-video-preview":"max-video-preview:-1"},"canonical":"https:\/\/glass-perfume-bottles.com\/es\/producto\/wholesale-50ml-frosted-cylinder-perfume-botlte-with-wooden-cap\/","og_locale":"es_ES","og_type":"article","og_title":"Wholesale 50ml frosted cylinder perfume bottle with wooden cap","og_description":"Frosted cylinder perfume botlte , perfume bottle with wooden cap ,unique shape make your brand Establish a unique brand image and recognition in the market.","og_url":"https:\/\/glass-perfume-bottles.com\/es\/producto\/wholesale-50ml-frosted-cylinder-perfume-botlte-with-wooden-cap\/","og_site_name":"HY GLASS","article_modified_time":"2025-04-27T06:48:42+00:00","og_image":[{"width":720,"height":720,"url":"https:\/\/glass-perfume-bottles.com\/wp-content\/uploads\/2025\/04\/Wholesale-50ml-frosted-cylinder-perfume-botlte-with-wooden-cap.jpg","type":"image\/jpeg"}],"twitter_card":"summary_large_image","twitter_misc":{"Tiempo de lectura":"2 minutos"},"schema":{"@context":"https:\/\/schema.org","@graph":[{"@type":"WebPage","@id":"https:\/\/glass-perfume-bottles.com\/product\/wholesale-50ml-frosted-cylinder-perfume-botlte-with-wooden-cap\/","url":"https:\/\/glass-perfume-bottles.com\/product\/wholesale-50ml-frosted-cylinder-perfume-botlte-with-wooden-cap\/","name":"Frosted cylinder perfume bottle supplier","isPartOf":{"@id":"https:\/\/glass-perfume-bottles.com\/#website"},"primaryImageOfPage":{"@id":"https:\/\/glass-perfume-bottles.com\/product\/wholesale-50ml-frosted-cylinder-perfume-botlte-with-wooden-cap\/#primaryimage"},"image":{"@id":"https:\/\/glass-perfume-bottles.com\/product\/wholesale-50ml-frosted-cylinder-perfume-botlte-with-wooden-cap\/#primaryimage"},"thumbnailUrl":"https:\/\/glass-perfume-bottles.com\/wp-content\/uploads\/2025\/04\/Wholesale-50ml-frosted-cylinder-perfume-botlte-with-wooden-cap.jpg","datePublished":"2025-04-27T06:28:44+00:00","dateModified":"2025-04-27T06:48:42+00:00","description":"Frosted cylinder perfume botlte , perfume bottle with wooden cap ,unique shape make your brand Establish a unique brand image and recognition in the market.","breadcrumb":{"@id":"https:\/\/glass-perfume-bottles.com\/product\/wholesale-50ml-frosted-cylinder-perfume-botlte-with-wooden-cap\/#breadcrumb"},"inLanguage":"es","potentialAction":[{"@type":"ReadAction","target":["https:\/\/glass-perfume-bottles.com\/product\/wholesale-50ml-frosted-cylinder-perfume-botlte-with-wooden-cap\/"]}]},{"@type":"ImageObject","inLanguage":"es","@id":"https:\/\/glass-perfume-bottles.com\/product\/wholesale-50ml-frosted-cylinder-perfume-botlte-with-wooden-cap\/#primaryimage","url":"https:\/\/glass-perfume-bottles.com\/wp-content\/uploads\/2025\/04\/Wholesale-50ml-frosted-cylinder-perfume-botlte-with-wooden-cap.jpg","contentUrl":"https:\/\/glass-perfume-bottles.com\/wp-content\/uploads\/2025\/04\/Wholesale-50ml-frosted-cylinder-perfume-botlte-with-wooden-cap.jpg","width":720,"height":720,"caption":"Custom Luxury Perfume Spray Bottle,\u00a0Frosted perfume bottle supplier,\u00a0Glass perfume bottle for travel,\u00a0Luxury perfume bottle supplier,\u00a0Perfume Bottle wholesale,\u00a0Premium perfume bottle manufacturer"},{"@type":"BreadcrumbList","@id":"https:\/\/glass-perfume-bottles.com\/product\/wholesale-50ml-frosted-cylinder-perfume-botlte-with-wooden-cap\/#breadcrumb","itemListElement":[{"@type":"ListItem","position":1,"name":"Home","item":"https:\/\/glass-perfume-bottles.com\/"},{"@type":"ListItem","position":2,"name":"Product","item":"https:\/\/glass-perfume-bottles.com\/custom-made-perfume-bottle-suppliers-and-wholesale\/"},{"@type":"ListItem","position":3,"name":"Wholesale 50ml frosted cylinder perfume bottle with wooden cap"}]},{"@type":"WebSite","@id":"https:\/\/glass-perfume-bottles.com\/#website","url":"https:\/\/glass-perfume-bottles.com\/","name":"HY GLASS","description":"glass perfume bottle manufacturers &amp; suppliers, aroma reed diffuser bottle wholesale &amp; suppliers","publisher":{"@id":"https:\/\/glass-perfume-bottles.com\/#organization"},"potentialAction":[{"@type":"SearchAction","target":{"@type":"EntryPoint","urlTemplate":"https:\/\/glass-perfume-bottles.com\/?s={search_term_string}"},"query-input":{"@type":"PropertyValueSpecification","valueRequired":true,"valueName":"search_term_string"}}],"inLanguage":"es"},{"@type":"Organization","@id":"https:\/\/glass-perfume-bottles.com\/#organization","name":"HY GLASS","url":"https:\/\/glass-perfume-bottles.com\/","logo":{"@type":"ImageObject","inLanguage":"es","@id":"https:\/\/glass-perfume-bottles.com\/#\/schema\/logo\/image\/","url":"https:\/\/glass-perfume-bottles.com\/wp-content\/uploads\/2023\/09\/logo21.png","contentUrl":"https:\/\/glass-perfume-bottles.com\/wp-content\/uploads\/2023\/09\/logo21.png","width":342,"height":268,"caption":"HY GLASS"},"image":{"@id":"https:\/\/glass-perfume-bottles.com\/#\/schema\/logo\/image\/"}}]}},"taxonomy_info":{"product_cat":[{"value":51,"label":"Glass Perfume Bottle"}],"product_tag":[{"value":346,"label":"Custom Luxury Perfume Spray Bottle"},{"value":345,"label":"Frosted perfume bottle supplier"},{"value":175,"label":"Glass perfume bottle for travel"},{"value":156,"label":"Luxury perfume bottle supplier"},{"value":343,"label":"Perfume Bottle wholesale"},{"value":181,"label":"Premium perfume bottle manufacturer"}]},"featured_image_src_large":["https:\/\/glass-perfume-bottles.com\/wp-content\/uploads\/2025\/04\/Wholesale-50ml-frosted-cylinder-perfume-botlte-with-wooden-cap.jpg",720,720,false],"author_info":[],"comment_info":0,"_links":{"self":[{"href":"https:\/\/glass-perfume-bottles.com\/es\/wp-json\/wp\/v2\/product\/2765","targetHints":{"allow":["GET"]}}],"collection":[{"href":"https:\/\/glass-perfume-bottles.com\/es\/wp-json\/wp\/v2\/product"}],"about":[{"href":"https:\/\/glass-perfume-bottles.com\/es\/wp-json\/wp\/v2\/types\/product"}],"replies":[{"embeddable":true,"href":"https:\/\/glass-perfume-bottles.com\/es\/wp-json\/wp\/v2\/comments?post=2765"}],"wp:featuredmedia":[{"embeddable":true,"href":"https:\/\/glass-perfume-bottles.com\/es\/wp-json\/wp\/v2\/media\/2767"}],"wp:attachment":[{"href":"https:\/\/glass-perfume-bottles.com\/es\/wp-json\/wp\/v2\/media?parent=2765"}],"wp:term":[{"taxonomy":"product_brand","embeddable":true,"href":"https:\/\/glass-perfume-bottles.com\/es\/wp-json\/wp\/v2\/product_brand?post=2765"},{"taxonomy":"product_cat","embeddable":true,"href":"https:\/\/glass-perfume-bottles.com\/es\/wp-json\/wp\/v2\/product_cat?post=2765"},{"taxonomy":"product_tag","embeddable":true,"href":"https:\/\/glass-perfume-bottles.com\/es\/wp-json\/wp\/v2\/product_tag?post=2765"}],"curies":[{"name":"wp","href":"https:\/\/api.w.org\/{rel}","templated":true}]}}