{"id":2771,"date":"2025-04-27T07:23:20","date_gmt":"2025-04-27T07:23:20","guid":{"rendered":"https:\/\/glass-perfume-bottles.com\/?post_type=product&#038;p=2771"},"modified":"2025-04-27T07:50:27","modified_gmt":"2025-04-27T07:50:27","slug":"50ml-oblate-screw-perfume-bottle-with-cap-wholesale-supplier","status":"publish","type":"product","link":"https:\/\/glass-perfume-bottles.com\/es\/producto\/50ml-oblate-screw-perfume-bottle-with-cap-wholesale-supplier\/","title":{"rendered":"Proveedor mayorista de botellas de perfume oblato de 50 ml con tapa."},"content":{"rendered":"<table>\n<tbody>\n<tr>\n<td width=\"158\">Nombre del producto<\/td>\n<td width=\"591\">Frasco de perfume oblato<\/td>\n<\/tr>\n<tr>\n<td width=\"158\">Capacidad<\/td>\n<td width=\"591\">50 ml (otros tama\u00f1os disponibles)<\/td>\n<\/tr>\n<tr>\n<td width=\"158\">Tama\u00f1o<\/td>\n<td width=\"591\">\u00a078 mm x 26 mm x 83 mm<\/td>\n<\/tr>\n<tr>\n<td width=\"158\">Boca<\/td>\n<td width=\"591\">Rizar<\/td>\n<\/tr>\n<tr>\n<td width=\"158\">Material<\/td>\n<td width=\"591\">Alto vidrio blanco<\/td>\n<\/tr>\n<tr>\n<td width=\"158\">Color del cuerpo<\/td>\n<td width=\"591\">Transparente, \u00e1mbar, negro, esmerilado, negro mate, rosa o color personalizado.<\/td>\n<\/tr>\n<tr>\n<td width=\"158\">Manipulaci\u00f3n de superficies<\/td>\n<td width=\"591\">Serigraf\u00eda, estampado en caliente, recubrimiento UV, esmerilado, calcoman\u00eda, flocado, etiquetado, pintura a color o personalizado seg\u00fan sus necesidades.<\/td>\n<\/tr>\n<tr>\n<td width=\"158\">Uso<\/td>\n<td width=\"591\">Perfume, suero, aceite esencial, aceite arom\u00e1tico para el hogar, t\u00f3nico, aroma, aceite de aromaterapia, etc., embalaje cosm\u00e9tico.<\/td>\n<\/tr>\n<tr>\n<td width=\"158\">Embalaje<\/td>\n<td width=\"591\">Exportaci\u00f3n de cart\u00f3n y luego palets de madera contrachapada.<\/td>\n<\/tr>\n<tr>\n<td width=\"158\">Cantidad m\u00ednima de pedido 5<\/td>\n<td width=\"591\">1000 piezas (ya que hay dise\u00f1o personalizado)<\/td>\n<\/tr>\n<tr>\n<td width=\"158\">Muestra<\/td>\n<td width=\"591\">Muestra gratis, se necesita costo de env\u00edo.<\/td>\n<\/tr>\n<tr>\n<td width=\"158\">Transporte<\/td>\n<td width=\"591\">FedEx\/DHL\/EMS\/UPS\/TNT\/Por mar\/Por aire, etc.<\/td>\n<\/tr>\n<tr>\n<td width=\"158\">Forma de pago<\/td>\n<td width=\"591\">Transferencia bancaria, carta de cr\u00e9dito, Western Union, Money Gram, Paypal, etc.<\/td>\n<\/tr>\n<tr>\n<td width=\"158\">El tiempo de entrega<\/td>\n<td width=\"591\">Muestra 1-2 d\u00edas, pedido de producci\u00f3n 20-45 d\u00edas depende de los detalles del pedido.<\/td>\n<\/tr>\n<tr>\n<td width=\"158\">Servicio<\/td>\n<td width=\"591\">Servicio OEM y ODM, servicio de dise\u00f1o, soluci\u00f3n integral<\/td>\n<\/tr>\n<\/tbody>\n<\/table>\n<p>&nbsp;<\/p>\n<p>Oblato <a href=\"https:\/\/glass-perfume-bottles.com\/es\/producto\/luxurious-elegant-70ml-diamond-perfume-bottle-supplier\/\">Botella de perfume<\/a>\u00a0 Hecho de vidrio blanco alto, boquilla de rosca de repuesto. <span style=\"font-family: var(--global-body-font-family);\">El cabezal de la bomba de pulverizaci\u00f3n de niebla fina, con su forma achatada \u00fanica, es especialmente hermoso. <\/span><span style=\"font-family: var(--global-body-font-family);\">Dise\u00f1o, fino Resalte un estilo \u00fanico, acepte recubrimiento de color, esmerilado, recubrimiento de m\u00e1rmol, flocado, etc., haga que su marca establezca una imagen de marca \u00fanica y reconocimiento en el mercado.<\/span><\/p>\n<p>Como profesional del lujo <a href=\"https:\/\/www.hyglassbottles.com\/product\/Custom-sloping-glass-perfume-bottle-with-wooden-cap.html\">Botella de perfume de cristal<\/a> F\u00e1brica, hemos producido diferentes formas y capacidades para el cliente, tenemos una l\u00ednea de producci\u00f3n profesional y un equipo de dise\u00f1o, podemos brindar un servicio de primer nivel y un producto estable para el cliente, bienvenido a enviarnos su consulta, lo esperamos.<\/p>","protected":false},"excerpt":{"rendered":"<p>Oblato de 50 ml <a href=\"https:\/\/glass-perfume-bottles.com\/es\/producto\/luxurious-elegant-70ml-diamond-perfume-bottle-supplier\/\">Botella de perfume<\/a>\u00a0 Hecho de vidrio blanco alto, boquilla de rosca de repuesto. <span style=\"font-family: var(--global-body-font-family);\">El cabezal de la bomba de pulverizaci\u00f3n de niebla fina, con su forma achatada \u00fanica, es especialmente hermoso. <\/span><span style=\"font-family: var(--global-body-font-family);\">Dise\u00f1o, fino Resalte un estilo \u00fanico, acepte recubrimiento de color, esmerilado, recubrimiento de m\u00e1rmol, flocado, etc., haga que su marca establezca una imagen de marca \u00fanica y reconocimiento en el mercado.<\/span><\/p>","protected":false},"featured_media":2772,"comment_status":"open","ping_status":"closed","template":"","meta":{"_kad_blocks_custom_css":"","_kad_blocks_head_custom_js":"","_kad_blocks_body_custom_js":"","_kad_blocks_footer_custom_js":"","_kad_post_transparent":"default","_kad_post_title":"","_kad_post_layout":"default","_kad_post_sidebar_id":"","_kad_post_content_style":"default","_kad_post_vertical_padding":"default","_kad_post_feature":"","_kad_post_feature_position":"","_kad_post_header":false,"_kad_post_footer":false,"_joinchat":[]},"product_brand":[],"product_cat":[51],"product_tag":[355,351,352,354,353],"class_list":{"0":"post-2771","1":"product","2":"type-product","3":"status-publish","4":"has-post-thumbnail","6":"product_cat-glass-perfume-bottles","7":"product_tag-fragrance-perfume-bottles-vials","8":"product_tag-luxury-glass-perfume-bottle-supplier","9":"product_tag-perfume-essential-oil-serum-bottle-factory","10":"product_tag-refillable-perfume-bottles","11":"product_tag-wholesale-glass-perfume-bottles","13":"first","14":"instock","15":"shipping-taxable","16":"product-type-simple","17":"entry","18":"content-bg","19":"loop-entry"},"yoast_head":"<!-- This site is optimized with the Yoast SEO Premium plugin v20.5 (Yoast SEO v24.2) - https:\/\/yoast.com\/wordpress\/plugins\/seo\/ -->\n<title>Oblate perfume bottle wholesale supplier<\/title>\n<meta name=\"description\" content=\"Oblate screw perfume bottle made of high white glass,unique shape especially beautiful design, make your product stand out other brand,\" \/>\n<meta name=\"robots\" content=\"index, follow, max-snippet:-1, max-image-preview:large, max-video-preview:-1\" \/>\n<link rel=\"canonical\" href=\"https:\/\/glass-perfume-bottles.com\/es\/producto\/50ml-oblate-screw-perfume-bottle-with-cap-wholesale-supplier\/\" \/>\n<meta property=\"og:locale\" content=\"es_ES\" \/>\n<meta property=\"og:type\" content=\"article\" \/>\n<meta property=\"og:title\" content=\"50ml Oblate perfume bottle with cap wholesale supplier\" \/>\n<meta property=\"og:description\" content=\"Oblate screw perfume bottle made of high white glass,unique shape especially beautiful design, make your product stand out other brand,\" \/>\n<meta property=\"og:url\" content=\"https:\/\/glass-perfume-bottles.com\/es\/producto\/50ml-oblate-screw-perfume-bottle-with-cap-wholesale-supplier\/\" \/>\n<meta property=\"og:site_name\" content=\"HY GLASS\" \/>\n<meta property=\"article:modified_time\" content=\"2025-04-27T07:50:27+00:00\" \/>\n<meta property=\"og:image\" content=\"https:\/\/glass-perfume-bottles.com\/wp-content\/uploads\/2025\/04\/50ml-Oblate-screw-perfume-bottle-with-cap-wholesale-supplier.jpg\" \/>\n\t<meta property=\"og:image:width\" content=\"720\" \/>\n\t<meta property=\"og:image:height\" content=\"720\" \/>\n\t<meta property=\"og:image:type\" content=\"image\/jpeg\" \/>\n<meta name=\"twitter:card\" content=\"summary_large_image\" \/>\n<meta name=\"twitter:label1\" content=\"Tiempo de lectura\" \/>\n\t<meta name=\"twitter:data1\" content=\"2 minutos\" \/>\n<script type=\"application\/ld+json\" class=\"yoast-schema-graph\">{\"@context\":\"https:\/\/schema.org\",\"@graph\":[{\"@type\":\"WebPage\",\"@id\":\"https:\/\/glass-perfume-bottles.com\/product\/50ml-oblate-screw-perfume-bottle-with-cap-wholesale-supplier\/\",\"url\":\"https:\/\/glass-perfume-bottles.com\/product\/50ml-oblate-screw-perfume-bottle-with-cap-wholesale-supplier\/\",\"name\":\"Oblate perfume bottle wholesale supplier\",\"isPartOf\":{\"@id\":\"https:\/\/glass-perfume-bottles.com\/#website\"},\"primaryImageOfPage\":{\"@id\":\"https:\/\/glass-perfume-bottles.com\/product\/50ml-oblate-screw-perfume-bottle-with-cap-wholesale-supplier\/#primaryimage\"},\"image\":{\"@id\":\"https:\/\/glass-perfume-bottles.com\/product\/50ml-oblate-screw-perfume-bottle-with-cap-wholesale-supplier\/#primaryimage\"},\"thumbnailUrl\":\"https:\/\/glass-perfume-bottles.com\/wp-content\/uploads\/2025\/04\/50ml-Oblate-screw-perfume-bottle-with-cap-wholesale-supplier.jpg\",\"datePublished\":\"2025-04-27T07:23:20+00:00\",\"dateModified\":\"2025-04-27T07:50:27+00:00\",\"description\":\"Oblate screw perfume bottle made of high white glass,unique shape especially beautiful design, make your product stand out other brand,\",\"breadcrumb\":{\"@id\":\"https:\/\/glass-perfume-bottles.com\/product\/50ml-oblate-screw-perfume-bottle-with-cap-wholesale-supplier\/#breadcrumb\"},\"inLanguage\":\"es\",\"potentialAction\":[{\"@type\":\"ReadAction\",\"target\":[\"https:\/\/glass-perfume-bottles.com\/product\/50ml-oblate-screw-perfume-bottle-with-cap-wholesale-supplier\/\"]}]},{\"@type\":\"ImageObject\",\"inLanguage\":\"es\",\"@id\":\"https:\/\/glass-perfume-bottles.com\/product\/50ml-oblate-screw-perfume-bottle-with-cap-wholesale-supplier\/#primaryimage\",\"url\":\"https:\/\/glass-perfume-bottles.com\/wp-content\/uploads\/2025\/04\/50ml-Oblate-screw-perfume-bottle-with-cap-wholesale-supplier.jpg\",\"contentUrl\":\"https:\/\/glass-perfume-bottles.com\/wp-content\/uploads\/2025\/04\/50ml-Oblate-screw-perfume-bottle-with-cap-wholesale-supplier.jpg\",\"width\":720,\"height\":720,\"caption\":\"Fragrance: perfume bottles & vials, Luxury Glass Perfume Bottle supplier, Perfume Essential Oil Serum Bottle factory, Refillable Perfume Bottles, Wholesale Glass Perfume Bottles\"},{\"@type\":\"BreadcrumbList\",\"@id\":\"https:\/\/glass-perfume-bottles.com\/product\/50ml-oblate-screw-perfume-bottle-with-cap-wholesale-supplier\/#breadcrumb\",\"itemListElement\":[{\"@type\":\"ListItem\",\"position\":1,\"name\":\"Home\",\"item\":\"https:\/\/glass-perfume-bottles.com\/\"},{\"@type\":\"ListItem\",\"position\":2,\"name\":\"Product\",\"item\":\"https:\/\/glass-perfume-bottles.com\/custom-made-perfume-bottle-suppliers-and-wholesale\/\"},{\"@type\":\"ListItem\",\"position\":3,\"name\":\"50ml Oblate perfume bottle with cap wholesale supplier\"}]},{\"@type\":\"WebSite\",\"@id\":\"https:\/\/glass-perfume-bottles.com\/#website\",\"url\":\"https:\/\/glass-perfume-bottles.com\/\",\"name\":\"HY GLASS\",\"description\":\"glass perfume bottle manufacturers &amp; suppliers, aroma reed diffuser bottle wholesale &amp; suppliers\",\"publisher\":{\"@id\":\"https:\/\/glass-perfume-bottles.com\/#organization\"},\"potentialAction\":[{\"@type\":\"SearchAction\",\"target\":{\"@type\":\"EntryPoint\",\"urlTemplate\":\"https:\/\/glass-perfume-bottles.com\/?s={search_term_string}\"},\"query-input\":{\"@type\":\"PropertyValueSpecification\",\"valueRequired\":true,\"valueName\":\"search_term_string\"}}],\"inLanguage\":\"es\"},{\"@type\":\"Organization\",\"@id\":\"https:\/\/glass-perfume-bottles.com\/#organization\",\"name\":\"HY GLASS\",\"url\":\"https:\/\/glass-perfume-bottles.com\/\",\"logo\":{\"@type\":\"ImageObject\",\"inLanguage\":\"es\",\"@id\":\"https:\/\/glass-perfume-bottles.com\/#\/schema\/logo\/image\/\",\"url\":\"https:\/\/glass-perfume-bottles.com\/wp-content\/uploads\/2023\/09\/logo21.png\",\"contentUrl\":\"https:\/\/glass-perfume-bottles.com\/wp-content\/uploads\/2023\/09\/logo21.png\",\"width\":342,\"height\":268,\"caption\":\"HY GLASS\"},\"image\":{\"@id\":\"https:\/\/glass-perfume-bottles.com\/#\/schema\/logo\/image\/\"}}]}<\/script>\n<!-- \/ Yoast SEO Premium plugin. -->","yoast_head_json":{"title":"Oblate perfume bottle wholesale supplier","description":"Oblate screw perfume bottle made of high white glass,unique shape especially beautiful design, make your product stand out other brand,","robots":{"index":"index","follow":"follow","max-snippet":"max-snippet:-1","max-image-preview":"max-image-preview:large","max-video-preview":"max-video-preview:-1"},"canonical":"https:\/\/glass-perfume-bottles.com\/es\/producto\/50ml-oblate-screw-perfume-bottle-with-cap-wholesale-supplier\/","og_locale":"es_ES","og_type":"article","og_title":"50ml Oblate perfume bottle with cap wholesale supplier","og_description":"Oblate screw perfume bottle made of high white glass,unique shape especially beautiful design, make your product stand out other brand,","og_url":"https:\/\/glass-perfume-bottles.com\/es\/producto\/50ml-oblate-screw-perfume-bottle-with-cap-wholesale-supplier\/","og_site_name":"HY GLASS","article_modified_time":"2025-04-27T07:50:27+00:00","og_image":[{"width":720,"height":720,"url":"https:\/\/glass-perfume-bottles.com\/wp-content\/uploads\/2025\/04\/50ml-Oblate-screw-perfume-bottle-with-cap-wholesale-supplier.jpg","type":"image\/jpeg"}],"twitter_card":"summary_large_image","twitter_misc":{"Tiempo de lectura":"2 minutos"},"schema":{"@context":"https:\/\/schema.org","@graph":[{"@type":"WebPage","@id":"https:\/\/glass-perfume-bottles.com\/product\/50ml-oblate-screw-perfume-bottle-with-cap-wholesale-supplier\/","url":"https:\/\/glass-perfume-bottles.com\/product\/50ml-oblate-screw-perfume-bottle-with-cap-wholesale-supplier\/","name":"Oblate perfume bottle wholesale supplier","isPartOf":{"@id":"https:\/\/glass-perfume-bottles.com\/#website"},"primaryImageOfPage":{"@id":"https:\/\/glass-perfume-bottles.com\/product\/50ml-oblate-screw-perfume-bottle-with-cap-wholesale-supplier\/#primaryimage"},"image":{"@id":"https:\/\/glass-perfume-bottles.com\/product\/50ml-oblate-screw-perfume-bottle-with-cap-wholesale-supplier\/#primaryimage"},"thumbnailUrl":"https:\/\/glass-perfume-bottles.com\/wp-content\/uploads\/2025\/04\/50ml-Oblate-screw-perfume-bottle-with-cap-wholesale-supplier.jpg","datePublished":"2025-04-27T07:23:20+00:00","dateModified":"2025-04-27T07:50:27+00:00","description":"Oblate screw perfume bottle made of high white glass,unique shape especially beautiful design, make your product stand out other brand,","breadcrumb":{"@id":"https:\/\/glass-perfume-bottles.com\/product\/50ml-oblate-screw-perfume-bottle-with-cap-wholesale-supplier\/#breadcrumb"},"inLanguage":"es","potentialAction":[{"@type":"ReadAction","target":["https:\/\/glass-perfume-bottles.com\/product\/50ml-oblate-screw-perfume-bottle-with-cap-wholesale-supplier\/"]}]},{"@type":"ImageObject","inLanguage":"es","@id":"https:\/\/glass-perfume-bottles.com\/product\/50ml-oblate-screw-perfume-bottle-with-cap-wholesale-supplier\/#primaryimage","url":"https:\/\/glass-perfume-bottles.com\/wp-content\/uploads\/2025\/04\/50ml-Oblate-screw-perfume-bottle-with-cap-wholesale-supplier.jpg","contentUrl":"https:\/\/glass-perfume-bottles.com\/wp-content\/uploads\/2025\/04\/50ml-Oblate-screw-perfume-bottle-with-cap-wholesale-supplier.jpg","width":720,"height":720,"caption":"Fragrance: perfume bottles & vials, Luxury Glass Perfume Bottle supplier, Perfume Essential Oil Serum Bottle factory, Refillable Perfume Bottles, Wholesale Glass Perfume Bottles"},{"@type":"BreadcrumbList","@id":"https:\/\/glass-perfume-bottles.com\/product\/50ml-oblate-screw-perfume-bottle-with-cap-wholesale-supplier\/#breadcrumb","itemListElement":[{"@type":"ListItem","position":1,"name":"Home","item":"https:\/\/glass-perfume-bottles.com\/"},{"@type":"ListItem","position":2,"name":"Product","item":"https:\/\/glass-perfume-bottles.com\/custom-made-perfume-bottle-suppliers-and-wholesale\/"},{"@type":"ListItem","position":3,"name":"50ml Oblate perfume bottle with cap wholesale supplier"}]},{"@type":"WebSite","@id":"https:\/\/glass-perfume-bottles.com\/#website","url":"https:\/\/glass-perfume-bottles.com\/","name":"HY GLASS","description":"glass perfume bottle manufacturers &amp; suppliers, aroma reed diffuser bottle wholesale &amp; suppliers","publisher":{"@id":"https:\/\/glass-perfume-bottles.com\/#organization"},"potentialAction":[{"@type":"SearchAction","target":{"@type":"EntryPoint","urlTemplate":"https:\/\/glass-perfume-bottles.com\/?s={search_term_string}"},"query-input":{"@type":"PropertyValueSpecification","valueRequired":true,"valueName":"search_term_string"}}],"inLanguage":"es"},{"@type":"Organization","@id":"https:\/\/glass-perfume-bottles.com\/#organization","name":"HY GLASS","url":"https:\/\/glass-perfume-bottles.com\/","logo":{"@type":"ImageObject","inLanguage":"es","@id":"https:\/\/glass-perfume-bottles.com\/#\/schema\/logo\/image\/","url":"https:\/\/glass-perfume-bottles.com\/wp-content\/uploads\/2023\/09\/logo21.png","contentUrl":"https:\/\/glass-perfume-bottles.com\/wp-content\/uploads\/2023\/09\/logo21.png","width":342,"height":268,"caption":"HY GLASS"},"image":{"@id":"https:\/\/glass-perfume-bottles.com\/#\/schema\/logo\/image\/"}}]}},"taxonomy_info":{"product_cat":[{"value":51,"label":"Glass Perfume Bottle"}],"product_tag":[{"value":355,"label":"Fragrance: perfume bottles &amp; vials"},{"value":351,"label":"Luxury Glass Perfume Bottle supplier"},{"value":352,"label":"Perfume Essential Oil Serum Bottle factory"},{"value":354,"label":"Refillable Perfume Bottles"},{"value":353,"label":"Wholesale Glass Perfume Bottles"}]},"featured_image_src_large":["https:\/\/glass-perfume-bottles.com\/wp-content\/uploads\/2025\/04\/50ml-Oblate-screw-perfume-bottle-with-cap-wholesale-supplier.jpg",720,720,false],"author_info":[],"comment_info":0,"_links":{"self":[{"href":"https:\/\/glass-perfume-bottles.com\/es\/wp-json\/wp\/v2\/product\/2771","targetHints":{"allow":["GET"]}}],"collection":[{"href":"https:\/\/glass-perfume-bottles.com\/es\/wp-json\/wp\/v2\/product"}],"about":[{"href":"https:\/\/glass-perfume-bottles.com\/es\/wp-json\/wp\/v2\/types\/product"}],"replies":[{"embeddable":true,"href":"https:\/\/glass-perfume-bottles.com\/es\/wp-json\/wp\/v2\/comments?post=2771"}],"wp:featuredmedia":[{"embeddable":true,"href":"https:\/\/glass-perfume-bottles.com\/es\/wp-json\/wp\/v2\/media\/2772"}],"wp:attachment":[{"href":"https:\/\/glass-perfume-bottles.com\/es\/wp-json\/wp\/v2\/media?parent=2771"}],"wp:term":[{"taxonomy":"product_brand","embeddable":true,"href":"https:\/\/glass-perfume-bottles.com\/es\/wp-json\/wp\/v2\/product_brand?post=2771"},{"taxonomy":"product_cat","embeddable":true,"href":"https:\/\/glass-perfume-bottles.com\/es\/wp-json\/wp\/v2\/product_cat?post=2771"},{"taxonomy":"product_tag","embeddable":true,"href":"https:\/\/glass-perfume-bottles.com\/es\/wp-json\/wp\/v2\/product_tag?post=2771"}],"curies":[{"name":"wp","href":"https:\/\/api.w.org\/{rel}","templated":true}]}}