{"id":2776,"date":"2025-04-27T08:11:34","date_gmt":"2025-04-27T08:11:34","guid":{"rendered":"https:\/\/glass-perfume-bottles.com\/?post_type=product&#038;p=2776"},"modified":"2025-05-06T08:24:30","modified_gmt":"2025-05-06T08:24:30","slug":"100ml-flocking-flat-square-glass-perfume-bottle-factory","status":"publish","type":"product","link":"https:\/\/glass-perfume-bottles.com\/es\/producto\/100ml-flocking-flat-square-glass-perfume-bottle-factory\/","title":{"rendered":"Botella de perfume de vidrio cuadrado plano flocado de 100 ml."},"content":{"rendered":"<table>\n<tbody>\n<tr>\n<td width=\"158\">Nombre del producto<\/td>\n<td width=\"591\">F\u00e1brica de frascos de perfume flocados<\/td>\n<\/tr>\n<tr>\n<td width=\"158\">Capacidad<\/td>\n<td width=\"591\">100 ml (otros tama\u00f1os disponibles)<\/td>\n<\/tr>\n<tr>\n<td width=\"158\">Tama\u00f1o<\/td>\n<td width=\"591\">100 ml: 45 x 25 x 98 mm<\/td>\n<\/tr>\n<tr>\n<td width=\"158\">Peso<\/td>\n<td width=\"591\">150 gramos<\/td>\n<\/tr>\n<tr>\n<td width=\"158\">Material<\/td>\n<td width=\"591\">Cristal de vidrio blanco<\/td>\n<\/tr>\n<tr>\n<td width=\"158\">Color del cuerpo<\/td>\n<td width=\"591\">Rojo, negro, azul, esmerilado, verde, rosa o color personalizado.<\/td>\n<\/tr>\n<tr>\n<td width=\"158\">Manipulaci\u00f3n de superficies<\/td>\n<td width=\"591\">S\/S, H\/S, esmerilado, metalizado, flocado, hologr\u00e1fico, revestimiento de m\u00e1rmol, perlado, etc.<\/td>\n<\/tr>\n<tr>\n<td width=\"158\">Uso<\/td>\n<td width=\"591\">\u00a0Embalaje de aceite de aromaterapia\/aceite esencial\/desodorante\/ambientador\/perfume\/suero\/aceite esencial\/t\u00f3nico<\/td>\n<\/tr>\n<tr>\n<td width=\"158\">Embalaje<\/td>\n<td width=\"591\">Exportaci\u00f3n de cart\u00f3n y luego palets de madera contrachapada.<\/td>\n<\/tr>\n<tr>\n<td width=\"158\">Cantidad m\u00ednima de pedido<\/td>\n<td width=\"591\">2000 piezas (ya que hay un dise\u00f1o personalizado)<\/td>\n<\/tr>\n<tr>\n<td width=\"158\">Muestra<\/td>\n<td width=\"591\">Muestra gratis, se necesita costo de env\u00edo.<\/td>\n<\/tr>\n<tr>\n<td width=\"158\">Transporte<\/td>\n<td width=\"591\">FedEx\/DHL\/EMS\/UPS\/TNT\/Por mar\/Por aire, etc.<\/td>\n<\/tr>\n<tr>\n<td width=\"158\">Forma de pago<\/td>\n<td width=\"591\">Transferencia bancaria, carta de cr\u00e9dito, Western Union, Money Gram, Paypal, etc.<\/td>\n<\/tr>\n<tr>\n<td width=\"158\">El tiempo de entrega<\/td>\n<td width=\"591\">Muestra 1-2 d\u00edas, pedido de producci\u00f3n 20-45 d\u00edas depende de los detalles del pedido.<\/td>\n<\/tr>\n<tr>\n<td width=\"158\">Servicio<\/td>\n<td width=\"591\">Servicio OEM y ODM, servicio de dise\u00f1o, soluci\u00f3n integral<\/td>\n<\/tr>\n<\/tbody>\n<\/table>\n<p>&nbsp;<\/p>\n<p>Proceso de flocado de frascos de perfume: Esta t\u00e9cnica de decoraci\u00f3n consiste en aplicar una capa de pegamento y recubrirla con fibras sint\u00e9ticas. El resultado es una textura suave y aterciopelada conocida como &quot;soft touch&quot;.<\/p>\n<p>Como profesional <a href=\"https:\/\/glass-perfume-bottles.com\/es\/producto\/wholesale-clear-100ml-glass-perfume-bottle-factory\/\">Botella de perfume de cristal<\/a> F\u00e1brica, hemos producido diferentes formas y capacidades para el cliente, la botella de perfume flocada cuadrada plana con tapa de bola acepta recubrimiento de color, esmerilado, recubrimiento de m\u00e1rmol, flocado, etc.<\/p>\n<p>HY GLASS Cuenta con profesionales <a href=\"https:\/\/www.hyglassbottles.com\/news\/Classic-empty-30ml-flat-square-round-shoulder-portable-perfume-spray-bottle.html\">Botella de perfume de cristal<\/a> L\u00ednea de producci\u00f3n y equipo de dise\u00f1o. Podemos brindar un servicio de primer nivel y un producto estable para el cliente. Bienvenido, env\u00edenos su consulta, lo esperamos.<\/p>","protected":false},"excerpt":{"rendered":"<p>Botella de perfume flocada cuadrada plana de 100 ml hecha de vidrio blanco cristalino, botella de perfume de superficie de vidrio flocado con aerosol de explosi\u00f3n, es posible realizar pedidos peque\u00f1os<\/p>","protected":false},"featured_media":2777,"comment_status":"open","ping_status":"closed","template":"","meta":{"_kad_blocks_custom_css":"","_kad_blocks_head_custom_js":"","_kad_blocks_body_custom_js":"","_kad_blocks_footer_custom_js":"","_kad_post_transparent":"default","_kad_post_title":"","_kad_post_layout":"default","_kad_post_sidebar_id":"","_kad_post_content_style":"default","_kad_post_vertical_padding":"default","_kad_post_feature":"","_kad_post_feature_position":"","_kad_post_header":false,"_kad_post_footer":false,"_joinchat":{"telephone":"+8613813299086"}},"product_brand":[],"product_cat":[51],"product_tag":[69,356,357,81,358,66],"class_list":{"0":"post-2776","1":"product","2":"type-product","3":"status-publish","4":"has-post-thumbnail","6":"product_cat-glass-perfume-bottles","7":"product_tag-custom-glass-perfume-bottle-factory","8":"product_tag-custom-perfume-bottle-manufacturer","9":"product_tag-flocking-perfume-bottle-factory","10":"product_tag-glass-perfume-bottle-manufacturer","11":"product_tag-premium-perfume-bottle-portable","12":"product_tag-wholesale-glass-perfume-bottle","14":"first","15":"instock","16":"shipping-taxable","17":"product-type-simple","18":"entry","19":"content-bg","20":"loop-entry"},"yoast_head":"<!-- This site is optimized with the Yoast SEO Premium plugin v20.5 (Yoast SEO v24.2) - https:\/\/yoast.com\/wordpress\/plugins\/seo\/ -->\n<title>Flocking perfume bottle manufacturer<\/title>\n<meta name=\"description\" content=\"Custom flocking glass perfume bottle with ball lid ,unique shape and folcking surface\uff0cmake your products luxury and stand out other brands\" \/>\n<meta name=\"robots\" content=\"index, follow, max-snippet:-1, max-image-preview:large, max-video-preview:-1\" \/>\n<link rel=\"canonical\" href=\"https:\/\/glass-perfume-bottles.com\/es\/producto\/100ml-flocking-flat-square-glass-perfume-bottle-factory\/\" \/>\n<meta property=\"og:locale\" content=\"es_ES\" \/>\n<meta property=\"og:type\" content=\"article\" \/>\n<meta property=\"og:title\" content=\"100ml Flocking flat square glass perfume bottle factory\" \/>\n<meta property=\"og:description\" content=\"Custom flocking glass perfume bottle with ball lid ,unique shape and folcking surface\uff0cmake your products luxury and stand out other brands\" \/>\n<meta property=\"og:url\" content=\"https:\/\/glass-perfume-bottles.com\/es\/producto\/100ml-flocking-flat-square-glass-perfume-bottle-factory\/\" \/>\n<meta property=\"og:site_name\" content=\"HY GLASS\" \/>\n<meta property=\"article:modified_time\" content=\"2025-05-06T08:24:30+00:00\" \/>\n<meta property=\"og:image\" content=\"https:\/\/glass-perfume-bottles.com\/wp-content\/uploads\/2025\/04\/100ml-Flocking-flat-square-glass-perfume-bottle-factory.jpg\" \/>\n\t<meta property=\"og:image:width\" content=\"720\" \/>\n\t<meta property=\"og:image:height\" content=\"720\" \/>\n\t<meta property=\"og:image:type\" content=\"image\/jpeg\" \/>\n<meta name=\"twitter:card\" content=\"summary_large_image\" \/>\n<meta name=\"twitter:label1\" content=\"Tiempo de lectura\" \/>\n\t<meta name=\"twitter:data1\" content=\"1 minuto\" \/>\n<script type=\"application\/ld+json\" class=\"yoast-schema-graph\">{\"@context\":\"https:\/\/schema.org\",\"@graph\":[{\"@type\":\"WebPage\",\"@id\":\"https:\/\/glass-perfume-bottles.com\/product\/100ml-flocking-flat-square-glass-perfume-bottle-factory\/\",\"url\":\"https:\/\/glass-perfume-bottles.com\/product\/100ml-flocking-flat-square-glass-perfume-bottle-factory\/\",\"name\":\"Flocking perfume bottle manufacturer\",\"isPartOf\":{\"@id\":\"https:\/\/glass-perfume-bottles.com\/#website\"},\"primaryImageOfPage\":{\"@id\":\"https:\/\/glass-perfume-bottles.com\/product\/100ml-flocking-flat-square-glass-perfume-bottle-factory\/#primaryimage\"},\"image\":{\"@id\":\"https:\/\/glass-perfume-bottles.com\/product\/100ml-flocking-flat-square-glass-perfume-bottle-factory\/#primaryimage\"},\"thumbnailUrl\":\"https:\/\/glass-perfume-bottles.com\/wp-content\/uploads\/2025\/04\/100ml-Flocking-flat-square-glass-perfume-bottle-factory.jpg\",\"datePublished\":\"2025-04-27T08:11:34+00:00\",\"dateModified\":\"2025-05-06T08:24:30+00:00\",\"description\":\"Custom flocking glass perfume bottle with ball lid ,unique shape and folcking surface\uff0cmake your products luxury and stand out other brands\",\"breadcrumb\":{\"@id\":\"https:\/\/glass-perfume-bottles.com\/product\/100ml-flocking-flat-square-glass-perfume-bottle-factory\/#breadcrumb\"},\"inLanguage\":\"es\",\"potentialAction\":[{\"@type\":\"ReadAction\",\"target\":[\"https:\/\/glass-perfume-bottles.com\/product\/100ml-flocking-flat-square-glass-perfume-bottle-factory\/\"]}]},{\"@type\":\"ImageObject\",\"inLanguage\":\"es\",\"@id\":\"https:\/\/glass-perfume-bottles.com\/product\/100ml-flocking-flat-square-glass-perfume-bottle-factory\/#primaryimage\",\"url\":\"https:\/\/glass-perfume-bottles.com\/wp-content\/uploads\/2025\/04\/100ml-Flocking-flat-square-glass-perfume-bottle-factory.jpg\",\"contentUrl\":\"https:\/\/glass-perfume-bottles.com\/wp-content\/uploads\/2025\/04\/100ml-Flocking-flat-square-glass-perfume-bottle-factory.jpg\",\"width\":720,\"height\":720,\"caption\":\"100ml Flocking flat square glass perfume bottle factory\"},{\"@type\":\"BreadcrumbList\",\"@id\":\"https:\/\/glass-perfume-bottles.com\/product\/100ml-flocking-flat-square-glass-perfume-bottle-factory\/#breadcrumb\",\"itemListElement\":[{\"@type\":\"ListItem\",\"position\":1,\"name\":\"Home\",\"item\":\"https:\/\/glass-perfume-bottles.com\/\"},{\"@type\":\"ListItem\",\"position\":2,\"name\":\"Product\",\"item\":\"https:\/\/glass-perfume-bottles.com\/custom-made-perfume-bottle-suppliers-and-wholesale\/\"},{\"@type\":\"ListItem\",\"position\":3,\"name\":\"100ml Flocking flat square glass perfume bottle factory\"}]},{\"@type\":\"WebSite\",\"@id\":\"https:\/\/glass-perfume-bottles.com\/#website\",\"url\":\"https:\/\/glass-perfume-bottles.com\/\",\"name\":\"HY GLASS\",\"description\":\"glass perfume bottle manufacturers &amp; suppliers, aroma reed diffuser bottle wholesale &amp; suppliers\",\"publisher\":{\"@id\":\"https:\/\/glass-perfume-bottles.com\/#organization\"},\"potentialAction\":[{\"@type\":\"SearchAction\",\"target\":{\"@type\":\"EntryPoint\",\"urlTemplate\":\"https:\/\/glass-perfume-bottles.com\/?s={search_term_string}\"},\"query-input\":{\"@type\":\"PropertyValueSpecification\",\"valueRequired\":true,\"valueName\":\"search_term_string\"}}],\"inLanguage\":\"es\"},{\"@type\":\"Organization\",\"@id\":\"https:\/\/glass-perfume-bottles.com\/#organization\",\"name\":\"HY GLASS\",\"url\":\"https:\/\/glass-perfume-bottles.com\/\",\"logo\":{\"@type\":\"ImageObject\",\"inLanguage\":\"es\",\"@id\":\"https:\/\/glass-perfume-bottles.com\/#\/schema\/logo\/image\/\",\"url\":\"https:\/\/glass-perfume-bottles.com\/wp-content\/uploads\/2023\/09\/logo21.png\",\"contentUrl\":\"https:\/\/glass-perfume-bottles.com\/wp-content\/uploads\/2023\/09\/logo21.png\",\"width\":342,\"height\":268,\"caption\":\"HY GLASS\"},\"image\":{\"@id\":\"https:\/\/glass-perfume-bottles.com\/#\/schema\/logo\/image\/\"}}]}<\/script>\n<!-- \/ Yoast SEO Premium plugin. -->","yoast_head_json":{"title":"Flocking perfume bottle manufacturer","description":"Custom flocking glass perfume bottle with ball lid ,unique shape and folcking surface\uff0cmake your products luxury and stand out other brands","robots":{"index":"index","follow":"follow","max-snippet":"max-snippet:-1","max-image-preview":"max-image-preview:large","max-video-preview":"max-video-preview:-1"},"canonical":"https:\/\/glass-perfume-bottles.com\/es\/producto\/100ml-flocking-flat-square-glass-perfume-bottle-factory\/","og_locale":"es_ES","og_type":"article","og_title":"100ml Flocking flat square glass perfume bottle factory","og_description":"Custom flocking glass perfume bottle with ball lid ,unique shape and folcking surface\uff0cmake your products luxury and stand out other brands","og_url":"https:\/\/glass-perfume-bottles.com\/es\/producto\/100ml-flocking-flat-square-glass-perfume-bottle-factory\/","og_site_name":"HY GLASS","article_modified_time":"2025-05-06T08:24:30+00:00","og_image":[{"width":720,"height":720,"url":"https:\/\/glass-perfume-bottles.com\/wp-content\/uploads\/2025\/04\/100ml-Flocking-flat-square-glass-perfume-bottle-factory.jpg","type":"image\/jpeg"}],"twitter_card":"summary_large_image","twitter_misc":{"Tiempo de lectura":"1 minuto"},"schema":{"@context":"https:\/\/schema.org","@graph":[{"@type":"WebPage","@id":"https:\/\/glass-perfume-bottles.com\/product\/100ml-flocking-flat-square-glass-perfume-bottle-factory\/","url":"https:\/\/glass-perfume-bottles.com\/product\/100ml-flocking-flat-square-glass-perfume-bottle-factory\/","name":"Flocking perfume bottle manufacturer","isPartOf":{"@id":"https:\/\/glass-perfume-bottles.com\/#website"},"primaryImageOfPage":{"@id":"https:\/\/glass-perfume-bottles.com\/product\/100ml-flocking-flat-square-glass-perfume-bottle-factory\/#primaryimage"},"image":{"@id":"https:\/\/glass-perfume-bottles.com\/product\/100ml-flocking-flat-square-glass-perfume-bottle-factory\/#primaryimage"},"thumbnailUrl":"https:\/\/glass-perfume-bottles.com\/wp-content\/uploads\/2025\/04\/100ml-Flocking-flat-square-glass-perfume-bottle-factory.jpg","datePublished":"2025-04-27T08:11:34+00:00","dateModified":"2025-05-06T08:24:30+00:00","description":"Custom flocking glass perfume bottle with ball lid ,unique shape and folcking surface\uff0cmake your products luxury and stand out other brands","breadcrumb":{"@id":"https:\/\/glass-perfume-bottles.com\/product\/100ml-flocking-flat-square-glass-perfume-bottle-factory\/#breadcrumb"},"inLanguage":"es","potentialAction":[{"@type":"ReadAction","target":["https:\/\/glass-perfume-bottles.com\/product\/100ml-flocking-flat-square-glass-perfume-bottle-factory\/"]}]},{"@type":"ImageObject","inLanguage":"es","@id":"https:\/\/glass-perfume-bottles.com\/product\/100ml-flocking-flat-square-glass-perfume-bottle-factory\/#primaryimage","url":"https:\/\/glass-perfume-bottles.com\/wp-content\/uploads\/2025\/04\/100ml-Flocking-flat-square-glass-perfume-bottle-factory.jpg","contentUrl":"https:\/\/glass-perfume-bottles.com\/wp-content\/uploads\/2025\/04\/100ml-Flocking-flat-square-glass-perfume-bottle-factory.jpg","width":720,"height":720,"caption":"100ml Flocking flat square glass perfume bottle factory"},{"@type":"BreadcrumbList","@id":"https:\/\/glass-perfume-bottles.com\/product\/100ml-flocking-flat-square-glass-perfume-bottle-factory\/#breadcrumb","itemListElement":[{"@type":"ListItem","position":1,"name":"Home","item":"https:\/\/glass-perfume-bottles.com\/"},{"@type":"ListItem","position":2,"name":"Product","item":"https:\/\/glass-perfume-bottles.com\/custom-made-perfume-bottle-suppliers-and-wholesale\/"},{"@type":"ListItem","position":3,"name":"100ml Flocking flat square glass perfume bottle factory"}]},{"@type":"WebSite","@id":"https:\/\/glass-perfume-bottles.com\/#website","url":"https:\/\/glass-perfume-bottles.com\/","name":"HY GLASS","description":"glass perfume bottle manufacturers &amp; suppliers, aroma reed diffuser bottle wholesale &amp; suppliers","publisher":{"@id":"https:\/\/glass-perfume-bottles.com\/#organization"},"potentialAction":[{"@type":"SearchAction","target":{"@type":"EntryPoint","urlTemplate":"https:\/\/glass-perfume-bottles.com\/?s={search_term_string}"},"query-input":{"@type":"PropertyValueSpecification","valueRequired":true,"valueName":"search_term_string"}}],"inLanguage":"es"},{"@type":"Organization","@id":"https:\/\/glass-perfume-bottles.com\/#organization","name":"HY GLASS","url":"https:\/\/glass-perfume-bottles.com\/","logo":{"@type":"ImageObject","inLanguage":"es","@id":"https:\/\/glass-perfume-bottles.com\/#\/schema\/logo\/image\/","url":"https:\/\/glass-perfume-bottles.com\/wp-content\/uploads\/2023\/09\/logo21.png","contentUrl":"https:\/\/glass-perfume-bottles.com\/wp-content\/uploads\/2023\/09\/logo21.png","width":342,"height":268,"caption":"HY GLASS"},"image":{"@id":"https:\/\/glass-perfume-bottles.com\/#\/schema\/logo\/image\/"}}]}},"taxonomy_info":{"product_cat":[{"value":51,"label":"Glass Perfume Bottle"}],"product_tag":[{"value":69,"label":"Custom glass perfume bottle factory"},{"value":356,"label":"Custom perfume bottle manufacturer"},{"value":357,"label":"Flocking perfume bottle factory"},{"value":81,"label":"Glass perfume bottle manufacturer"},{"value":358,"label":"Premium Perfume Bottle Portable"},{"value":66,"label":"Wholesale glass perfume bottle"}]},"featured_image_src_large":["https:\/\/glass-perfume-bottles.com\/wp-content\/uploads\/2025\/04\/100ml-Flocking-flat-square-glass-perfume-bottle-factory.jpg",720,720,false],"author_info":[],"comment_info":0,"_links":{"self":[{"href":"https:\/\/glass-perfume-bottles.com\/es\/wp-json\/wp\/v2\/product\/2776","targetHints":{"allow":["GET"]}}],"collection":[{"href":"https:\/\/glass-perfume-bottles.com\/es\/wp-json\/wp\/v2\/product"}],"about":[{"href":"https:\/\/glass-perfume-bottles.com\/es\/wp-json\/wp\/v2\/types\/product"}],"replies":[{"embeddable":true,"href":"https:\/\/glass-perfume-bottles.com\/es\/wp-json\/wp\/v2\/comments?post=2776"}],"wp:featuredmedia":[{"embeddable":true,"href":"https:\/\/glass-perfume-bottles.com\/es\/wp-json\/wp\/v2\/media\/2777"}],"wp:attachment":[{"href":"https:\/\/glass-perfume-bottles.com\/es\/wp-json\/wp\/v2\/media?parent=2776"}],"wp:term":[{"taxonomy":"product_brand","embeddable":true,"href":"https:\/\/glass-perfume-bottles.com\/es\/wp-json\/wp\/v2\/product_brand?post=2776"},{"taxonomy":"product_cat","embeddable":true,"href":"https:\/\/glass-perfume-bottles.com\/es\/wp-json\/wp\/v2\/product_cat?post=2776"},{"taxonomy":"product_tag","embeddable":true,"href":"https:\/\/glass-perfume-bottles.com\/es\/wp-json\/wp\/v2\/product_tag?post=2776"}],"curies":[{"name":"wp","href":"https:\/\/api.w.org\/{rel}","templated":true}]}}