{"id":2787,"date":"2025-04-28T03:13:11","date_gmt":"2025-04-28T03:13:11","guid":{"rendered":"https:\/\/glass-perfume-bottles.com\/?post_type=product&#038;p=2787"},"modified":"2025-04-28T03:29:18","modified_gmt":"2025-04-28T03:29:18","slug":"wholesale-empty-luxury-100ml-square-reed-diffuser-bottle-manufacturer","status":"publish","type":"product","link":"https:\/\/glass-perfume-bottles.com\/es\/producto\/wholesale-empty-luxury-100ml-square-reed-diffuser-bottle-manufacturer\/","title":{"rendered":"Fabricante mayorista de botellas difusoras de varillas cuadradas de lujo vac\u00edas de 100 ml"},"content":{"rendered":"<table>\n<tbody>\n<tr>\n<td width=\"158\">Nombre del producto<\/td>\n<td width=\"591\">Botella difusora de varillas cuadrada de lujo vac\u00eda de 100 ml<\/td>\n<\/tr>\n<tr>\n<td width=\"158\">Capacidad<\/td>\n<td width=\"591\">50 ml, 120 ml, 200 ml. Personaliza otros tama\u00f1os disponibles.<\/td>\n<\/tr>\n<tr>\n<td width=\"158\">Tama\u00f1o<\/td>\n<td width=\"591\"><strong>100 ml<\/strong>\uff1a58 mm x 58 mm x 78 mm<\/td>\n<\/tr>\n<tr>\n<td width=\"158\">Forma<\/td>\n<td width=\"591\">Cilindro, cuadrado o personalizar otra forma,<\/td>\n<\/tr>\n<tr>\n<td width=\"158\">Material<\/td>\n<td width=\"591\">Alto vidrio blanco<\/td>\n<\/tr>\n<tr>\n<td width=\"158\">Color del cuerpo<\/td>\n<td width=\"591\">Rojo, negro, azul, esmerilado, verde, amarillo, rosa o color personalizado o color personalizado<\/td>\n<\/tr>\n<tr>\n<td width=\"158\">Manipulaci\u00f3n de superficies<\/td>\n<td width=\"591\">Serigraf\u00eda, estampaci\u00f3n en caliente, esmerilado, metalizado, flocado, hologr\u00e1fico, revestimiento de m\u00e1rmol, etc.<\/td>\n<\/tr>\n<tr>\n<td width=\"158\">Uso<\/td>\n<td width=\"591\">\u00a0Embalaje de aceite de aromaterapia\/aceite esencial\/desodorante\/ambientador, etc.<\/td>\n<\/tr>\n<tr>\n<td width=\"158\">Embalaje<\/td>\n<td width=\"591\">Exportaci\u00f3n de cart\u00f3n y luego palets de madera contrachapada.<\/td>\n<\/tr>\n<tr>\n<td width=\"158\">Cantidad m\u00ednima de pedido<\/td>\n<td width=\"591\">2000 piezas (ya que hay un dise\u00f1o personalizado)<\/td>\n<\/tr>\n<tr>\n<td width=\"158\">Muestra<\/td>\n<td width=\"591\">Muestra gratis, se necesita costo de env\u00edo.<\/td>\n<\/tr>\n<tr>\n<td width=\"158\">Transporte<\/td>\n<td width=\"591\">FedEx\/DHL\/EMS\/UPS\/TNT\/Por mar\/Por aire, etc.<\/td>\n<\/tr>\n<tr>\n<td width=\"158\">Forma de pago<\/td>\n<td width=\"591\">Transferencia bancaria, carta de cr\u00e9dito, Western Union, Money Gram, Paypal, etc.<\/td>\n<\/tr>\n<tr>\n<td width=\"158\">El tiempo de entrega<\/td>\n<td width=\"591\">Muestra 1-2 d\u00edas, pedido de producci\u00f3n 20-45 d\u00edas depende de los detalles del pedido.<\/td>\n<\/tr>\n<tr>\n<td width=\"158\">Servicio<\/td>\n<td width=\"591\">Servicio OEM y ODM, servicio de dise\u00f1o, soluci\u00f3n integral<\/td>\n<\/tr>\n<\/tbody>\n<\/table>\n<p>&nbsp;<\/p>\n<p>Lujo vac\u00edo cuadrado de 100 ml <a href=\"https:\/\/glass-perfume-bottles.com\/es\/custom-50ml-100ml-cube-reed-diffuser-bottle-factory\/\">Botella difusora de ca\u00f1a<\/a>\u00a0Hecho de material de vidrio blanco alto, que tiene alta calidad y transparencia, forma de cilindro \u00fanica y varios colores, aceptamos personalizaci\u00f3n. <a href=\"https:\/\/www.hyglassbottles.com\/product\/120ml-Cylinder-aroma-diffuser-bottle-with-wooden-cap.html\">Botella difusora de aroma de varillas<\/a>\u00a0 Recubrimiento, esmerilado, revestimiento de m\u00e1rmol, flocado, etc. Tambi\u00e9n podemos suministrar diferentes paquetes de botellas de vidrio, como cajas de diferentes tama\u00f1os y materiales, como papel Kraft, cart\u00f3n, papel art\u00edstico, cart\u00f3n corrugado, papel recubierto, etc. y la impresi\u00f3n de cajas de perfume con diferentes tecnolog\u00edas.<\/p>\n<p>Bienvenido env\u00edenos su consulta, tenemos una l\u00ednea de producci\u00f3n profesional y un equipo de dise\u00f1o, podemos brindar un servicio de primer nivel y un producto estable para el cliente, lo esperamos.<\/p>","protected":false},"excerpt":{"rendered":"<p>Lujo vac\u00edo cuadrado de 100 ml <a href=\"https:\/\/glass-perfume-bottles.com\/es\/custom-50ml-100ml-cube-reed-diffuser-bottle-factory\/\">Botella difusora de ca\u00f1a<\/a> Fabricadas en vidrio blanco de alta calidad, con alta transparencia, forma cil\u00edndrica \u00fanica y m\u00faltiples colores, tambi\u00e9n ofrecemos diferentes envases para botellas de vidrio, como cajas de diferentes tama\u00f1os y materiales, como papel kraft, cart\u00f3n, papel art\u00edstico, cart\u00f3n corrugado, papel estucado, etc., e impresi\u00f3n de cajas de perfume con diferentes tecnolog\u00edas.<\/p>\n<div class=\"trans-voice-container\">\n<div class=\"voicePlayer hover-with-background\" data-v-a0732b1e=\"\"><\/div>\n<\/div>","protected":false},"featured_media":2788,"comment_status":"open","ping_status":"closed","template":"","meta":{"_kad_blocks_custom_css":"","_kad_blocks_head_custom_js":"","_kad_blocks_body_custom_js":"","_kad_blocks_footer_custom_js":"","_kad_post_transparent":"default","_kad_post_title":"","_kad_post_layout":"default","_kad_post_sidebar_id":"","_kad_post_content_style":"default","_kad_post_vertical_padding":"default","_kad_post_feature":"","_kad_post_feature_position":"","_kad_post_header":false,"_kad_post_footer":false,"_joinchat":{"telephone":"+8613813299086"}},"product_brand":[],"product_cat":[71],"product_tag":[102,362,75,364,363],"class_list":{"0":"post-2787","1":"product","2":"type-product","3":"status-publish","4":"has-post-thumbnail","6":"product_cat-glass-aroma-reed-diffuser-bottle-1","7":"product_tag-home-fragrance-oil-bottle-supplier","8":"product_tag-mini-pro-scent-diffuser-bottle","9":"product_tag-reed-diffuser-bottle-manufacturer","10":"product_tag-reed-diffuser-containers","11":"product_tag-wholesale-glass-reed-diffuser-bottles","13":"first","14":"instock","15":"shipping-taxable","16":"product-type-simple","17":"entry","18":"content-bg","19":"loop-entry"},"yoast_head":"<!-- This site is optimized with the Yoast SEO Premium plugin v20.5 (Yoast SEO v24.2) - https:\/\/yoast.com\/wordpress\/plugins\/seo\/ -->\n<title>Square reed diffuser bottle manufacturer<\/title>\n<meta name=\"description\" content=\"Square reed diffuser bottle manufacturer ,accpet custom colors and logo on ottle\uff0csend us your idea\uff0cwe will turn your ideas into reality\" \/>\n<meta name=\"robots\" content=\"index, follow, max-snippet:-1, max-image-preview:large, max-video-preview:-1\" \/>\n<link rel=\"canonical\" href=\"https:\/\/glass-perfume-bottles.com\/es\/producto\/wholesale-empty-luxury-100ml-square-reed-diffuser-bottle-manufacturer\/\" \/>\n<meta property=\"og:locale\" content=\"es_ES\" \/>\n<meta property=\"og:type\" content=\"article\" \/>\n<meta property=\"og:title\" content=\"Wholesale empty luxury 100ml square reed diffuser bottle manufacturer\" \/>\n<meta property=\"og:description\" content=\"Square reed diffuser bottle manufacturer ,accpet custom colors and logo on ottle\uff0csend us your idea\uff0cwe will turn your ideas into reality\" \/>\n<meta property=\"og:url\" content=\"https:\/\/glass-perfume-bottles.com\/es\/producto\/wholesale-empty-luxury-100ml-square-reed-diffuser-bottle-manufacturer\/\" \/>\n<meta property=\"og:site_name\" content=\"HY GLASS\" \/>\n<meta property=\"article:modified_time\" content=\"2025-04-28T03:29:18+00:00\" \/>\n<meta property=\"og:image\" content=\"https:\/\/glass-perfume-bottles.com\/wp-content\/uploads\/2025\/04\/Wholesale-empty-luxury-100ml-square-reed-diffuser-bottle-manufacturer.jpg\" \/>\n\t<meta property=\"og:image:width\" content=\"720\" \/>\n\t<meta property=\"og:image:height\" content=\"720\" \/>\n\t<meta property=\"og:image:type\" content=\"image\/jpeg\" \/>\n<meta name=\"twitter:card\" content=\"summary_large_image\" \/>\n<meta name=\"twitter:label1\" content=\"Tiempo de lectura\" \/>\n\t<meta name=\"twitter:data1\" content=\"2 minutos\" \/>\n<script type=\"application\/ld+json\" class=\"yoast-schema-graph\">{\"@context\":\"https:\/\/schema.org\",\"@graph\":[{\"@type\":\"WebPage\",\"@id\":\"https:\/\/glass-perfume-bottles.com\/product\/wholesale-empty-luxury-100ml-square-reed-diffuser-bottle-manufacturer\/\",\"url\":\"https:\/\/glass-perfume-bottles.com\/product\/wholesale-empty-luxury-100ml-square-reed-diffuser-bottle-manufacturer\/\",\"name\":\"Square reed diffuser bottle manufacturer\",\"isPartOf\":{\"@id\":\"https:\/\/glass-perfume-bottles.com\/#website\"},\"primaryImageOfPage\":{\"@id\":\"https:\/\/glass-perfume-bottles.com\/product\/wholesale-empty-luxury-100ml-square-reed-diffuser-bottle-manufacturer\/#primaryimage\"},\"image\":{\"@id\":\"https:\/\/glass-perfume-bottles.com\/product\/wholesale-empty-luxury-100ml-square-reed-diffuser-bottle-manufacturer\/#primaryimage\"},\"thumbnailUrl\":\"https:\/\/glass-perfume-bottles.com\/wp-content\/uploads\/2025\/04\/Wholesale-empty-luxury-100ml-square-reed-diffuser-bottle-manufacturer.jpg\",\"datePublished\":\"2025-04-28T03:13:11+00:00\",\"dateModified\":\"2025-04-28T03:29:18+00:00\",\"description\":\"Square reed diffuser bottle manufacturer ,accpet custom colors and logo on ottle\uff0csend us your idea\uff0cwe will turn your ideas into reality\",\"breadcrumb\":{\"@id\":\"https:\/\/glass-perfume-bottles.com\/product\/wholesale-empty-luxury-100ml-square-reed-diffuser-bottle-manufacturer\/#breadcrumb\"},\"inLanguage\":\"es\",\"potentialAction\":[{\"@type\":\"ReadAction\",\"target\":[\"https:\/\/glass-perfume-bottles.com\/product\/wholesale-empty-luxury-100ml-square-reed-diffuser-bottle-manufacturer\/\"]}]},{\"@type\":\"ImageObject\",\"inLanguage\":\"es\",\"@id\":\"https:\/\/glass-perfume-bottles.com\/product\/wholesale-empty-luxury-100ml-square-reed-diffuser-bottle-manufacturer\/#primaryimage\",\"url\":\"https:\/\/glass-perfume-bottles.com\/wp-content\/uploads\/2025\/04\/Wholesale-empty-luxury-100ml-square-reed-diffuser-bottle-manufacturer.jpg\",\"contentUrl\":\"https:\/\/glass-perfume-bottles.com\/wp-content\/uploads\/2025\/04\/Wholesale-empty-luxury-100ml-square-reed-diffuser-bottle-manufacturer.jpg\",\"width\":720,\"height\":720,\"caption\":\"Home fragrance oil bottle supplier,\u00a0Mini pro scent diffuser bottle,\u00a0Reed diffuser bottle manufacturer,\u00a0Reed Diffuser Containers,\u00a0Wholesale Glass Reed Diffuser Bottles\"},{\"@type\":\"BreadcrumbList\",\"@id\":\"https:\/\/glass-perfume-bottles.com\/product\/wholesale-empty-luxury-100ml-square-reed-diffuser-bottle-manufacturer\/#breadcrumb\",\"itemListElement\":[{\"@type\":\"ListItem\",\"position\":1,\"name\":\"Home\",\"item\":\"https:\/\/glass-perfume-bottles.com\/\"},{\"@type\":\"ListItem\",\"position\":2,\"name\":\"Product\",\"item\":\"https:\/\/glass-perfume-bottles.com\/custom-made-perfume-bottle-suppliers-and-wholesale\/\"},{\"@type\":\"ListItem\",\"position\":3,\"name\":\"Wholesale empty luxury 100ml square reed diffuser bottle manufacturer\"}]},{\"@type\":\"WebSite\",\"@id\":\"https:\/\/glass-perfume-bottles.com\/#website\",\"url\":\"https:\/\/glass-perfume-bottles.com\/\",\"name\":\"HY GLASS\",\"description\":\"glass perfume bottle manufacturers &amp; suppliers, aroma reed diffuser bottle wholesale &amp; suppliers\",\"publisher\":{\"@id\":\"https:\/\/glass-perfume-bottles.com\/#organization\"},\"potentialAction\":[{\"@type\":\"SearchAction\",\"target\":{\"@type\":\"EntryPoint\",\"urlTemplate\":\"https:\/\/glass-perfume-bottles.com\/?s={search_term_string}\"},\"query-input\":{\"@type\":\"PropertyValueSpecification\",\"valueRequired\":true,\"valueName\":\"search_term_string\"}}],\"inLanguage\":\"es\"},{\"@type\":\"Organization\",\"@id\":\"https:\/\/glass-perfume-bottles.com\/#organization\",\"name\":\"HY GLASS\",\"url\":\"https:\/\/glass-perfume-bottles.com\/\",\"logo\":{\"@type\":\"ImageObject\",\"inLanguage\":\"es\",\"@id\":\"https:\/\/glass-perfume-bottles.com\/#\/schema\/logo\/image\/\",\"url\":\"https:\/\/glass-perfume-bottles.com\/wp-content\/uploads\/2023\/09\/logo21.png\",\"contentUrl\":\"https:\/\/glass-perfume-bottles.com\/wp-content\/uploads\/2023\/09\/logo21.png\",\"width\":342,\"height\":268,\"caption\":\"HY GLASS\"},\"image\":{\"@id\":\"https:\/\/glass-perfume-bottles.com\/#\/schema\/logo\/image\/\"}}]}<\/script>\n<!-- \/ Yoast SEO Premium plugin. -->","yoast_head_json":{"title":"Square reed diffuser bottle manufacturer","description":"Square reed diffuser bottle manufacturer ,accpet custom colors and logo on ottle\uff0csend us your idea\uff0cwe will turn your ideas into reality","robots":{"index":"index","follow":"follow","max-snippet":"max-snippet:-1","max-image-preview":"max-image-preview:large","max-video-preview":"max-video-preview:-1"},"canonical":"https:\/\/glass-perfume-bottles.com\/es\/producto\/wholesale-empty-luxury-100ml-square-reed-diffuser-bottle-manufacturer\/","og_locale":"es_ES","og_type":"article","og_title":"Wholesale empty luxury 100ml square reed diffuser bottle manufacturer","og_description":"Square reed diffuser bottle manufacturer ,accpet custom colors and logo on ottle\uff0csend us your idea\uff0cwe will turn your ideas into reality","og_url":"https:\/\/glass-perfume-bottles.com\/es\/producto\/wholesale-empty-luxury-100ml-square-reed-diffuser-bottle-manufacturer\/","og_site_name":"HY GLASS","article_modified_time":"2025-04-28T03:29:18+00:00","og_image":[{"width":720,"height":720,"url":"https:\/\/glass-perfume-bottles.com\/wp-content\/uploads\/2025\/04\/Wholesale-empty-luxury-100ml-square-reed-diffuser-bottle-manufacturer.jpg","type":"image\/jpeg"}],"twitter_card":"summary_large_image","twitter_misc":{"Tiempo de lectura":"2 minutos"},"schema":{"@context":"https:\/\/schema.org","@graph":[{"@type":"WebPage","@id":"https:\/\/glass-perfume-bottles.com\/product\/wholesale-empty-luxury-100ml-square-reed-diffuser-bottle-manufacturer\/","url":"https:\/\/glass-perfume-bottles.com\/product\/wholesale-empty-luxury-100ml-square-reed-diffuser-bottle-manufacturer\/","name":"Square reed diffuser bottle manufacturer","isPartOf":{"@id":"https:\/\/glass-perfume-bottles.com\/#website"},"primaryImageOfPage":{"@id":"https:\/\/glass-perfume-bottles.com\/product\/wholesale-empty-luxury-100ml-square-reed-diffuser-bottle-manufacturer\/#primaryimage"},"image":{"@id":"https:\/\/glass-perfume-bottles.com\/product\/wholesale-empty-luxury-100ml-square-reed-diffuser-bottle-manufacturer\/#primaryimage"},"thumbnailUrl":"https:\/\/glass-perfume-bottles.com\/wp-content\/uploads\/2025\/04\/Wholesale-empty-luxury-100ml-square-reed-diffuser-bottle-manufacturer.jpg","datePublished":"2025-04-28T03:13:11+00:00","dateModified":"2025-04-28T03:29:18+00:00","description":"Square reed diffuser bottle manufacturer ,accpet custom colors and logo on ottle\uff0csend us your idea\uff0cwe will turn your ideas into reality","breadcrumb":{"@id":"https:\/\/glass-perfume-bottles.com\/product\/wholesale-empty-luxury-100ml-square-reed-diffuser-bottle-manufacturer\/#breadcrumb"},"inLanguage":"es","potentialAction":[{"@type":"ReadAction","target":["https:\/\/glass-perfume-bottles.com\/product\/wholesale-empty-luxury-100ml-square-reed-diffuser-bottle-manufacturer\/"]}]},{"@type":"ImageObject","inLanguage":"es","@id":"https:\/\/glass-perfume-bottles.com\/product\/wholesale-empty-luxury-100ml-square-reed-diffuser-bottle-manufacturer\/#primaryimage","url":"https:\/\/glass-perfume-bottles.com\/wp-content\/uploads\/2025\/04\/Wholesale-empty-luxury-100ml-square-reed-diffuser-bottle-manufacturer.jpg","contentUrl":"https:\/\/glass-perfume-bottles.com\/wp-content\/uploads\/2025\/04\/Wholesale-empty-luxury-100ml-square-reed-diffuser-bottle-manufacturer.jpg","width":720,"height":720,"caption":"Home fragrance oil bottle supplier,\u00a0Mini pro scent diffuser bottle,\u00a0Reed diffuser bottle manufacturer,\u00a0Reed Diffuser Containers,\u00a0Wholesale Glass Reed Diffuser Bottles"},{"@type":"BreadcrumbList","@id":"https:\/\/glass-perfume-bottles.com\/product\/wholesale-empty-luxury-100ml-square-reed-diffuser-bottle-manufacturer\/#breadcrumb","itemListElement":[{"@type":"ListItem","position":1,"name":"Home","item":"https:\/\/glass-perfume-bottles.com\/"},{"@type":"ListItem","position":2,"name":"Product","item":"https:\/\/glass-perfume-bottles.com\/custom-made-perfume-bottle-suppliers-and-wholesale\/"},{"@type":"ListItem","position":3,"name":"Wholesale empty luxury 100ml square reed diffuser bottle manufacturer"}]},{"@type":"WebSite","@id":"https:\/\/glass-perfume-bottles.com\/#website","url":"https:\/\/glass-perfume-bottles.com\/","name":"HY GLASS","description":"glass perfume bottle manufacturers &amp; suppliers, aroma reed diffuser bottle wholesale &amp; suppliers","publisher":{"@id":"https:\/\/glass-perfume-bottles.com\/#organization"},"potentialAction":[{"@type":"SearchAction","target":{"@type":"EntryPoint","urlTemplate":"https:\/\/glass-perfume-bottles.com\/?s={search_term_string}"},"query-input":{"@type":"PropertyValueSpecification","valueRequired":true,"valueName":"search_term_string"}}],"inLanguage":"es"},{"@type":"Organization","@id":"https:\/\/glass-perfume-bottles.com\/#organization","name":"HY GLASS","url":"https:\/\/glass-perfume-bottles.com\/","logo":{"@type":"ImageObject","inLanguage":"es","@id":"https:\/\/glass-perfume-bottles.com\/#\/schema\/logo\/image\/","url":"https:\/\/glass-perfume-bottles.com\/wp-content\/uploads\/2023\/09\/logo21.png","contentUrl":"https:\/\/glass-perfume-bottles.com\/wp-content\/uploads\/2023\/09\/logo21.png","width":342,"height":268,"caption":"HY GLASS"},"image":{"@id":"https:\/\/glass-perfume-bottles.com\/#\/schema\/logo\/image\/"}}]}},"taxonomy_info":{"product_cat":[{"value":71,"label":"Glass Aroma Reed Diffuser Bottle"}],"product_tag":[{"value":102,"label":"Home fragrance oil bottle supplier"},{"value":362,"label":"Mini pro scent diffuser bottle"},{"value":75,"label":"Reed diffuser bottle manufacturer"},{"value":364,"label":"Reed Diffuser Containers"},{"value":363,"label":"Wholesale Glass Reed Diffuser Bottles"}]},"featured_image_src_large":["https:\/\/glass-perfume-bottles.com\/wp-content\/uploads\/2025\/04\/Wholesale-empty-luxury-100ml-square-reed-diffuser-bottle-manufacturer.jpg",720,720,false],"author_info":[],"comment_info":0,"_links":{"self":[{"href":"https:\/\/glass-perfume-bottles.com\/es\/wp-json\/wp\/v2\/product\/2787","targetHints":{"allow":["GET"]}}],"collection":[{"href":"https:\/\/glass-perfume-bottles.com\/es\/wp-json\/wp\/v2\/product"}],"about":[{"href":"https:\/\/glass-perfume-bottles.com\/es\/wp-json\/wp\/v2\/types\/product"}],"replies":[{"embeddable":true,"href":"https:\/\/glass-perfume-bottles.com\/es\/wp-json\/wp\/v2\/comments?post=2787"}],"wp:featuredmedia":[{"embeddable":true,"href":"https:\/\/glass-perfume-bottles.com\/es\/wp-json\/wp\/v2\/media\/2788"}],"wp:attachment":[{"href":"https:\/\/glass-perfume-bottles.com\/es\/wp-json\/wp\/v2\/media?parent=2787"}],"wp:term":[{"taxonomy":"product_brand","embeddable":true,"href":"https:\/\/glass-perfume-bottles.com\/es\/wp-json\/wp\/v2\/product_brand?post=2787"},{"taxonomy":"product_cat","embeddable":true,"href":"https:\/\/glass-perfume-bottles.com\/es\/wp-json\/wp\/v2\/product_cat?post=2787"},{"taxonomy":"product_tag","embeddable":true,"href":"https:\/\/glass-perfume-bottles.com\/es\/wp-json\/wp\/v2\/product_tag?post=2787"}],"curies":[{"name":"wp","href":"https:\/\/api.w.org\/{rel}","templated":true}]}}