{"id":2800,"date":"2025-05-05T02:52:04","date_gmt":"2025-05-05T02:52:04","guid":{"rendered":"https:\/\/glass-perfume-bottles.com\/?post_type=product&#038;p=2800"},"modified":"2025-05-05T10:26:32","modified_gmt":"2025-05-05T10:26:32","slug":"customize-square-glass-aroma-reed-diffuser-bottle-with-screw-cap","status":"publish","type":"product","link":"https:\/\/glass-perfume-bottles.com\/es\/producto\/customize-square-glass-aroma-reed-diffuser-bottle-with-screw-cap\/","title":{"rendered":"Botella difusora de aroma de ca\u00f1a de vidrio cuadrada personalizada con tap\u00f3n de rosca"},"content":{"rendered":"<table>\n<tbody>\n<tr>\n<td width=\"158\">Nombre del producto<\/td>\n<td width=\"591\">Botella difusora de aroma de varillas de vidrio cuadrada con tapa<\/td>\n<\/tr>\n<tr>\n<td width=\"158\">Capacidad<\/td>\n<td width=\"591\">100 ml, 150 ml, 200 ml o personalizar<\/td>\n<\/tr>\n<tr>\n<td width=\"158\">Tama\u00f1o<\/td>\n<td width=\"591\">\u00a0<strong>100 metros<\/strong>\uff1a6,4 cm x 3,3 cm x 11,6 cm<\/p>\n<p><strong>150 ml<\/strong>\uff1a7,2 cm x 3,7 cm x 11,8 cm<\/p>\n<p><strong>200 ml<\/strong>:8 cm x 4 cm x 12,9 cm<\/td>\n<\/tr>\n<tr>\n<td width=\"158\">Peso<\/td>\n<td width=\"591\">\u00a0<strong>100 ml:<\/strong>200 gramos<\/p>\n<p><strong>150 ml:<\/strong>250 gramos<\/p>\n<p><strong>200 ml:<\/strong>312 gramos<\/td>\n<\/tr>\n<tr>\n<td width=\"158\">Material<\/td>\n<td width=\"591\">Vidrio de primera calidad resistente a altas temperaturas<\/td>\n<\/tr>\n<tr>\n<td width=\"158\">Color del cuerpo<\/td>\n<td width=\"591\">Rojo, negro, azul, esmerilado, verde, rosa o color personalizado.<\/td>\n<\/tr>\n<tr>\n<td width=\"158\">Manipulaci\u00f3n de superficies<\/td>\n<td width=\"591\">S\/S, H\/S, esmerilado, metalizado, flocado, hologr\u00e1fico, revestimiento de m\u00e1rmol, perlado, etc. O personalizado seg\u00fan sus necesidades<\/td>\n<\/tr>\n<tr>\n<td width=\"158\">Uso<\/td>\n<td width=\"591\">\u00a0Embalaje de aceite de aromaterapia\/aceite esencial\/desodorante\/ambientador, etc.<\/td>\n<\/tr>\n<tr>\n<td width=\"158\">Embalaje<\/td>\n<td width=\"591\">Exportaci\u00f3n de cart\u00f3n y luego palets de madera contrachapada.<\/td>\n<\/tr>\n<tr>\n<td width=\"158\">Cantidad m\u00ednima de pedido<\/td>\n<td width=\"591\">2000 piezas (ya que hay un dise\u00f1o personalizado)<\/td>\n<\/tr>\n<tr>\n<td width=\"158\">Muestra<\/td>\n<td width=\"591\">Muestra gratis, se necesita costo de env\u00edo.<\/td>\n<\/tr>\n<tr>\n<td width=\"158\">Transporte<\/td>\n<td width=\"591\">FedEx\/DHL\/EMS\/UPS\/TNT\/Por mar\/Por aire, etc.<\/td>\n<\/tr>\n<tr>\n<td width=\"158\">Forma de pago<\/td>\n<td width=\"591\">Transferencia bancaria, carta de cr\u00e9dito, Western Union, Money Gram, Paypal, etc.<\/td>\n<\/tr>\n<tr>\n<td width=\"158\">El tiempo de entrega<\/td>\n<td width=\"591\">Muestra 1-2 d\u00edas, pedido de producci\u00f3n 20-45 d\u00edas depende de los detalles del pedido.<\/td>\n<\/tr>\n<tr>\n<td width=\"158\">Servicio<\/td>\n<td width=\"591\">Servicio OEM y ODM, servicio de dise\u00f1o, soluci\u00f3n integral<\/td>\n<\/tr>\n<\/tbody>\n<\/table>\n<p>&nbsp;<\/p>\n<p><a href=\"https:\/\/glass-perfume-bottles.com\/es\/custom-50ml-100ml-cube-reed-diffuser-bottle-factory\/\">Botella difusora<\/a> Hecho de vidrio blanco alto, con capacidad de 100 ml a 200 ml, es adecuado para el envasado de productos de alta gama.<\/p>\n<p>El empaque de la botella del difusor de aroma de ca\u00f1a de cosm\u00e9ticos de alta gama, perfumes, alcohol, desodorante, aceite de aromaterapia, ambientador y otros productos agrega una sensaci\u00f3n de lujo y alta calidad a los productos.<\/p>\n<p><a href=\"https:\/\/glass-perfume-bottles.com\/es\/50ml-amber-cylinder-glass-perfume-bottle-supplier\/\">VIDRIO HIDROEL\u00c9CTRICO<\/a>\u00a0tener profesional\u00a0<a href=\"https:\/\/www.hyglassbottles.com\/product\/Custom-50ml-100ml-cube-glass-arome-reed-diffuser-bottle-factory.html\">botella de ca\u00f1a arom\u00e1tica<\/a> L\u00ednea de producci\u00f3n y equipo de dise\u00f1o. Podemos brindar un servicio de primer nivel y un producto estable para el cliente. Bienvenido, env\u00edenos una consulta, lo esperamos. Personalice el cuadrado. <a href=\"https:\/\/glass-perfume-bottles.com\/es\/producto\/100ml-colored-aroma-reed-diffuser-bottle-with-cork\/\">Botella difusora de aroma de vidrio con varillas<\/a> Con tap\u00f3n de rosca, botella hecha de material de vidrio blanco alto, que tiene alta calidad y transparencia, acepta forma de botella de difusor de varillas de aroma personalizada y acepta recubrimiento de color, esmerilado, recubrimiento de m\u00e1rmol, flocado, etc.<\/p>\n<p>Bienvenido env\u00edenos su consulta, tenemos una l\u00ednea de producci\u00f3n profesional y un equipo de dise\u00f1o, podemos brindar un servicio de primer nivel y un producto estable para el cliente, lo esperamos.<\/p>","protected":false},"excerpt":{"rendered":"<p><a href=\"https:\/\/glass-perfume-bottles.com\/es\/custom-50ml-100ml-cube-reed-diffuser-bottle-factory\/\">Botella difusora<\/a> Hecho de vidrio blanco alto, con capacidad de 100 ml a 200 ml, es adecuado para el envasado de productos de alta gama. El envasado de cosm\u00e9ticos, perfumes, alcohol y otros productos de alta gama agrega una sensaci\u00f3n de lujo y alta calidad a los productos.<\/p>","protected":false},"featured_media":2849,"comment_status":"open","ping_status":"closed","template":"","meta":{"_kad_blocks_custom_css":"","_kad_blocks_head_custom_js":"","_kad_blocks_body_custom_js":"","_kad_blocks_footer_custom_js":"","_kad_post_transparent":"default","_kad_post_title":"","_kad_post_layout":"default","_kad_post_sidebar_id":"","_kad_post_content_style":"default","_kad_post_vertical_padding":"default","_kad_post_feature":"","_kad_post_feature_position":"","_kad_post_header":false,"_kad_post_footer":false,"_joinchat":{"telephone":"+8613813299086"}},"product_brand":[],"product_cat":[71],"product_tag":[72,73,76,75,391,74],"class_list":{"0":"post-2800","1":"product","2":"type-product","3":"status-publish","4":"has-post-thumbnail","6":"product_cat-glass-aroma-reed-diffuser-bottle-1","7":"product_tag-aroma-reed-diffuser-bottle","8":"product_tag-empty-reed-diffuser-bottle-supplier","9":"product_tag-home-fragrance-oil-bottle-wholesale","10":"product_tag-reed-diffuser-bottle-manufacturer","11":"product_tag-scent-diffuser-bottle-supplier","12":"product_tag-wholesale-aromatherapy-bottle-factory","14":"first","15":"instock","16":"shipping-taxable","17":"product-type-simple","18":"entry","19":"content-bg","20":"loop-entry"},"yoast_head":"<!-- This site is optimized with the Yoast SEO Premium plugin v20.5 (Yoast SEO v24.2) - https:\/\/yoast.com\/wordpress\/plugins\/seo\/ -->\n<title>150ml colored glass aroma reed diffuser bottle<\/title>\n<meta name=\"description\" content=\"150ml Square glass aroma reed diffuser bottle made of Luxury glass aroma reed diffuser bottle made of high white glass material\" \/>\n<meta name=\"robots\" content=\"index, follow, max-snippet:-1, max-image-preview:large, max-video-preview:-1\" \/>\n<link rel=\"canonical\" href=\"https:\/\/glass-perfume-bottles.com\/es\/producto\/customize-square-glass-aroma-reed-diffuser-bottle-with-screw-cap\/\" \/>\n<meta property=\"og:locale\" content=\"es_ES\" \/>\n<meta property=\"og:type\" content=\"article\" \/>\n<meta property=\"og:title\" content=\"Customize square glass aroma reed diffuser bottle with screw cap\" \/>\n<meta property=\"og:description\" content=\"150ml Square glass aroma reed diffuser bottle made of Luxury glass aroma reed diffuser bottle made of high white glass material\" \/>\n<meta property=\"og:url\" content=\"https:\/\/glass-perfume-bottles.com\/es\/producto\/customize-square-glass-aroma-reed-diffuser-bottle-with-screw-cap\/\" \/>\n<meta property=\"og:site_name\" content=\"HY GLASS\" \/>\n<meta property=\"article:modified_time\" content=\"2025-05-05T10:26:32+00:00\" \/>\n<meta property=\"og:image\" content=\"https:\/\/glass-perfume-bottles.com\/wp-content\/uploads\/2025\/05\/100ml-150ml-200ml-Glass-aroma-reed-diffuser-bottle-with-screw-cap.jpg\" \/>\n\t<meta property=\"og:image:width\" content=\"720\" \/>\n\t<meta property=\"og:image:height\" content=\"720\" \/>\n\t<meta property=\"og:image:type\" content=\"image\/jpeg\" \/>\n<meta name=\"twitter:card\" content=\"summary_large_image\" \/>\n<meta name=\"twitter:label1\" content=\"Tiempo de lectura\" \/>\n\t<meta name=\"twitter:data1\" content=\"2 minutos\" \/>\n<script type=\"application\/ld+json\" class=\"yoast-schema-graph\">{\"@context\":\"https:\/\/schema.org\",\"@graph\":[{\"@type\":\"WebPage\",\"@id\":\"https:\/\/glass-perfume-bottles.com\/product\/customize-square-glass-aroma-reed-diffuser-bottle-with-screw-cap\/\",\"url\":\"https:\/\/glass-perfume-bottles.com\/product\/customize-square-glass-aroma-reed-diffuser-bottle-with-screw-cap\/\",\"name\":\"150ml colored glass aroma reed diffuser bottle\",\"isPartOf\":{\"@id\":\"https:\/\/glass-perfume-bottles.com\/#website\"},\"primaryImageOfPage\":{\"@id\":\"https:\/\/glass-perfume-bottles.com\/product\/customize-square-glass-aroma-reed-diffuser-bottle-with-screw-cap\/#primaryimage\"},\"image\":{\"@id\":\"https:\/\/glass-perfume-bottles.com\/product\/customize-square-glass-aroma-reed-diffuser-bottle-with-screw-cap\/#primaryimage\"},\"thumbnailUrl\":\"https:\/\/glass-perfume-bottles.com\/wp-content\/uploads\/2025\/05\/100ml-150ml-200ml-Glass-aroma-reed-diffuser-bottle-with-screw-cap.jpg\",\"datePublished\":\"2025-05-05T02:52:04+00:00\",\"dateModified\":\"2025-05-05T10:26:32+00:00\",\"description\":\"150ml Square glass aroma reed diffuser bottle made of Luxury glass aroma reed diffuser bottle made of high white glass material\",\"breadcrumb\":{\"@id\":\"https:\/\/glass-perfume-bottles.com\/product\/customize-square-glass-aroma-reed-diffuser-bottle-with-screw-cap\/#breadcrumb\"},\"inLanguage\":\"es\",\"potentialAction\":[{\"@type\":\"ReadAction\",\"target\":[\"https:\/\/glass-perfume-bottles.com\/product\/customize-square-glass-aroma-reed-diffuser-bottle-with-screw-cap\/\"]}]},{\"@type\":\"ImageObject\",\"inLanguage\":\"es\",\"@id\":\"https:\/\/glass-perfume-bottles.com\/product\/customize-square-glass-aroma-reed-diffuser-bottle-with-screw-cap\/#primaryimage\",\"url\":\"https:\/\/glass-perfume-bottles.com\/wp-content\/uploads\/2025\/05\/100ml-150ml-200ml-Glass-aroma-reed-diffuser-bottle-with-screw-cap.jpg\",\"contentUrl\":\"https:\/\/glass-perfume-bottles.com\/wp-content\/uploads\/2025\/05\/100ml-150ml-200ml-Glass-aroma-reed-diffuser-bottle-with-screw-cap.jpg\",\"width\":720,\"height\":720,\"caption\":\"Aroma reed diffuser bottle, Empty reed diffuser bottle supplier, Home fragrance oil bottle wholesale, Reed diffuser bottle manufacturer, Scent diffuser bottle supplier, Wholesale aromatherapy bottle factory\"},{\"@type\":\"BreadcrumbList\",\"@id\":\"https:\/\/glass-perfume-bottles.com\/product\/customize-square-glass-aroma-reed-diffuser-bottle-with-screw-cap\/#breadcrumb\",\"itemListElement\":[{\"@type\":\"ListItem\",\"position\":1,\"name\":\"Home\",\"item\":\"https:\/\/glass-perfume-bottles.com\/\"},{\"@type\":\"ListItem\",\"position\":2,\"name\":\"Product\",\"item\":\"https:\/\/glass-perfume-bottles.com\/custom-made-perfume-bottle-suppliers-and-wholesale\/\"},{\"@type\":\"ListItem\",\"position\":3,\"name\":\"Customize square glass aroma reed diffuser bottle with screw cap\"}]},{\"@type\":\"WebSite\",\"@id\":\"https:\/\/glass-perfume-bottles.com\/#website\",\"url\":\"https:\/\/glass-perfume-bottles.com\/\",\"name\":\"HY GLASS\",\"description\":\"glass perfume bottle manufacturers &amp; suppliers, aroma reed diffuser bottle wholesale &amp; suppliers\",\"publisher\":{\"@id\":\"https:\/\/glass-perfume-bottles.com\/#organization\"},\"potentialAction\":[{\"@type\":\"SearchAction\",\"target\":{\"@type\":\"EntryPoint\",\"urlTemplate\":\"https:\/\/glass-perfume-bottles.com\/?s={search_term_string}\"},\"query-input\":{\"@type\":\"PropertyValueSpecification\",\"valueRequired\":true,\"valueName\":\"search_term_string\"}}],\"inLanguage\":\"es\"},{\"@type\":\"Organization\",\"@id\":\"https:\/\/glass-perfume-bottles.com\/#organization\",\"name\":\"HY GLASS\",\"url\":\"https:\/\/glass-perfume-bottles.com\/\",\"logo\":{\"@type\":\"ImageObject\",\"inLanguage\":\"es\",\"@id\":\"https:\/\/glass-perfume-bottles.com\/#\/schema\/logo\/image\/\",\"url\":\"https:\/\/glass-perfume-bottles.com\/wp-content\/uploads\/2023\/09\/logo21.png\",\"contentUrl\":\"https:\/\/glass-perfume-bottles.com\/wp-content\/uploads\/2023\/09\/logo21.png\",\"width\":342,\"height\":268,\"caption\":\"HY GLASS\"},\"image\":{\"@id\":\"https:\/\/glass-perfume-bottles.com\/#\/schema\/logo\/image\/\"}}]}<\/script>\n<!-- \/ Yoast SEO Premium plugin. -->","yoast_head_json":{"title":"150ml colored glass aroma reed diffuser bottle","description":"150ml Square glass aroma reed diffuser bottle made of Luxury glass aroma reed diffuser bottle made of high white glass material","robots":{"index":"index","follow":"follow","max-snippet":"max-snippet:-1","max-image-preview":"max-image-preview:large","max-video-preview":"max-video-preview:-1"},"canonical":"https:\/\/glass-perfume-bottles.com\/es\/producto\/customize-square-glass-aroma-reed-diffuser-bottle-with-screw-cap\/","og_locale":"es_ES","og_type":"article","og_title":"Customize square glass aroma reed diffuser bottle with screw cap","og_description":"150ml Square glass aroma reed diffuser bottle made of Luxury glass aroma reed diffuser bottle made of high white glass material","og_url":"https:\/\/glass-perfume-bottles.com\/es\/producto\/customize-square-glass-aroma-reed-diffuser-bottle-with-screw-cap\/","og_site_name":"HY GLASS","article_modified_time":"2025-05-05T10:26:32+00:00","og_image":[{"width":720,"height":720,"url":"https:\/\/glass-perfume-bottles.com\/wp-content\/uploads\/2025\/05\/100ml-150ml-200ml-Glass-aroma-reed-diffuser-bottle-with-screw-cap.jpg","type":"image\/jpeg"}],"twitter_card":"summary_large_image","twitter_misc":{"Tiempo de lectura":"2 minutos"},"schema":{"@context":"https:\/\/schema.org","@graph":[{"@type":"WebPage","@id":"https:\/\/glass-perfume-bottles.com\/product\/customize-square-glass-aroma-reed-diffuser-bottle-with-screw-cap\/","url":"https:\/\/glass-perfume-bottles.com\/product\/customize-square-glass-aroma-reed-diffuser-bottle-with-screw-cap\/","name":"150ml colored glass aroma reed diffuser bottle","isPartOf":{"@id":"https:\/\/glass-perfume-bottles.com\/#website"},"primaryImageOfPage":{"@id":"https:\/\/glass-perfume-bottles.com\/product\/customize-square-glass-aroma-reed-diffuser-bottle-with-screw-cap\/#primaryimage"},"image":{"@id":"https:\/\/glass-perfume-bottles.com\/product\/customize-square-glass-aroma-reed-diffuser-bottle-with-screw-cap\/#primaryimage"},"thumbnailUrl":"https:\/\/glass-perfume-bottles.com\/wp-content\/uploads\/2025\/05\/100ml-150ml-200ml-Glass-aroma-reed-diffuser-bottle-with-screw-cap.jpg","datePublished":"2025-05-05T02:52:04+00:00","dateModified":"2025-05-05T10:26:32+00:00","description":"150ml Square glass aroma reed diffuser bottle made of Luxury glass aroma reed diffuser bottle made of high white glass material","breadcrumb":{"@id":"https:\/\/glass-perfume-bottles.com\/product\/customize-square-glass-aroma-reed-diffuser-bottle-with-screw-cap\/#breadcrumb"},"inLanguage":"es","potentialAction":[{"@type":"ReadAction","target":["https:\/\/glass-perfume-bottles.com\/product\/customize-square-glass-aroma-reed-diffuser-bottle-with-screw-cap\/"]}]},{"@type":"ImageObject","inLanguage":"es","@id":"https:\/\/glass-perfume-bottles.com\/product\/customize-square-glass-aroma-reed-diffuser-bottle-with-screw-cap\/#primaryimage","url":"https:\/\/glass-perfume-bottles.com\/wp-content\/uploads\/2025\/05\/100ml-150ml-200ml-Glass-aroma-reed-diffuser-bottle-with-screw-cap.jpg","contentUrl":"https:\/\/glass-perfume-bottles.com\/wp-content\/uploads\/2025\/05\/100ml-150ml-200ml-Glass-aroma-reed-diffuser-bottle-with-screw-cap.jpg","width":720,"height":720,"caption":"Aroma reed diffuser bottle, Empty reed diffuser bottle supplier, Home fragrance oil bottle wholesale, Reed diffuser bottle manufacturer, Scent diffuser bottle supplier, Wholesale aromatherapy bottle factory"},{"@type":"BreadcrumbList","@id":"https:\/\/glass-perfume-bottles.com\/product\/customize-square-glass-aroma-reed-diffuser-bottle-with-screw-cap\/#breadcrumb","itemListElement":[{"@type":"ListItem","position":1,"name":"Home","item":"https:\/\/glass-perfume-bottles.com\/"},{"@type":"ListItem","position":2,"name":"Product","item":"https:\/\/glass-perfume-bottles.com\/custom-made-perfume-bottle-suppliers-and-wholesale\/"},{"@type":"ListItem","position":3,"name":"Customize square glass aroma reed diffuser bottle with screw cap"}]},{"@type":"WebSite","@id":"https:\/\/glass-perfume-bottles.com\/#website","url":"https:\/\/glass-perfume-bottles.com\/","name":"HY GLASS","description":"glass perfume bottle manufacturers &amp; suppliers, aroma reed diffuser bottle wholesale &amp; suppliers","publisher":{"@id":"https:\/\/glass-perfume-bottles.com\/#organization"},"potentialAction":[{"@type":"SearchAction","target":{"@type":"EntryPoint","urlTemplate":"https:\/\/glass-perfume-bottles.com\/?s={search_term_string}"},"query-input":{"@type":"PropertyValueSpecification","valueRequired":true,"valueName":"search_term_string"}}],"inLanguage":"es"},{"@type":"Organization","@id":"https:\/\/glass-perfume-bottles.com\/#organization","name":"HY GLASS","url":"https:\/\/glass-perfume-bottles.com\/","logo":{"@type":"ImageObject","inLanguage":"es","@id":"https:\/\/glass-perfume-bottles.com\/#\/schema\/logo\/image\/","url":"https:\/\/glass-perfume-bottles.com\/wp-content\/uploads\/2023\/09\/logo21.png","contentUrl":"https:\/\/glass-perfume-bottles.com\/wp-content\/uploads\/2023\/09\/logo21.png","width":342,"height":268,"caption":"HY GLASS"},"image":{"@id":"https:\/\/glass-perfume-bottles.com\/#\/schema\/logo\/image\/"}}]}},"taxonomy_info":{"product_cat":[{"value":71,"label":"Glass Aroma Reed Diffuser Bottle"}],"product_tag":[{"value":72,"label":"Aroma reed diffuser bottle"},{"value":73,"label":"Empty reed diffuser bottle supplier"},{"value":76,"label":"Home fragrance oil bottle wholesale"},{"value":75,"label":"Reed diffuser bottle manufacturer"},{"value":391,"label":"Scent diffuser bottle supplier"},{"value":74,"label":"Wholesale aromatherapy bottle factory"}]},"featured_image_src_large":["https:\/\/glass-perfume-bottles.com\/wp-content\/uploads\/2025\/05\/100ml-150ml-200ml-Glass-aroma-reed-diffuser-bottle-with-screw-cap.jpg",720,720,false],"author_info":[],"comment_info":0,"_links":{"self":[{"href":"https:\/\/glass-perfume-bottles.com\/es\/wp-json\/wp\/v2\/product\/2800","targetHints":{"allow":["GET"]}}],"collection":[{"href":"https:\/\/glass-perfume-bottles.com\/es\/wp-json\/wp\/v2\/product"}],"about":[{"href":"https:\/\/glass-perfume-bottles.com\/es\/wp-json\/wp\/v2\/types\/product"}],"replies":[{"embeddable":true,"href":"https:\/\/glass-perfume-bottles.com\/es\/wp-json\/wp\/v2\/comments?post=2800"}],"wp:featuredmedia":[{"embeddable":true,"href":"https:\/\/glass-perfume-bottles.com\/es\/wp-json\/wp\/v2\/media\/2849"}],"wp:attachment":[{"href":"https:\/\/glass-perfume-bottles.com\/es\/wp-json\/wp\/v2\/media?parent=2800"}],"wp:term":[{"taxonomy":"product_brand","embeddable":true,"href":"https:\/\/glass-perfume-bottles.com\/es\/wp-json\/wp\/v2\/product_brand?post=2800"},{"taxonomy":"product_cat","embeddable":true,"href":"https:\/\/glass-perfume-bottles.com\/es\/wp-json\/wp\/v2\/product_cat?post=2800"},{"taxonomy":"product_tag","embeddable":true,"href":"https:\/\/glass-perfume-bottles.com\/es\/wp-json\/wp\/v2\/product_tag?post=2800"}],"curies":[{"name":"wp","href":"https:\/\/api.w.org\/{rel}","templated":true}]}}