{"id":2915,"date":"2025-05-15T09:53:45","date_gmt":"2025-05-15T09:53:45","guid":{"rendered":"https:\/\/glass-perfume-bottles.com\/?post_type=product&#038;p=2915"},"modified":"2025-05-15T15:13:43","modified_gmt":"2025-05-15T15:13:43","slug":"fancy-attar-oud-oil-perfume-bottle-with-zamac-bottom-cap-factory","status":"publish","type":"product","link":"https:\/\/glass-perfume-bottles.com\/es\/producto\/fancy-attar-oud-oil-perfume-bottle-with-zamac-bottom-cap-factory\/","title":{"rendered":"Elegante frasco de perfume de aceite de oud attar con fondo y tapa de zamac. F\u00e1brica"},"content":{"rendered":"<table>\n<tbody>\n<tr>\n<td width=\"158\">Nombre del producto<\/td>\n<td width=\"591\">Botella de perfume de aceite de oud Attar con fondo y tapa de zamac de f\u00e1brica<\/td>\n<\/tr>\n<tr>\n<td width=\"158\">Capacidad<\/td>\n<td width=\"591\">3 ml, 6 ml, 12 ml (otros tama\u00f1os disponibles)<\/td>\n<\/tr>\n<tr>\n<td width=\"158\">Material de la botella<\/td>\n<td width=\"591\">\u00a0Borosilicato<\/td>\n<\/tr>\n<tr>\n<td width=\"158\">Boca<\/td>\n<td width=\"591\">Boca de tornillo<\/td>\n<\/tr>\n<tr>\n<td width=\"158\">Material de la tapa y la base<\/td>\n<td width=\"591\">aleaci\u00f3n de zinc<\/td>\n<\/tr>\n<tr>\n<td width=\"158\">Color del cuerpo<\/td>\n<td width=\"591\">\u00c1mbar, negro, dorado, negro mate, rosa o color personalizado<\/td>\n<\/tr>\n<tr>\n<td width=\"158\">Manipulaci\u00f3n de superficies<\/td>\n<td width=\"591\">Serigraf\u00eda, estampado en caliente, esmerilado, metalizado, flocado, hologr\u00e1fico, revestimiento de m\u00e1rmol, etc., pintura a color o personalizado seg\u00fan sus necesidades.<\/td>\n<\/tr>\n<tr>\n<td width=\"158\">Uso<\/td>\n<td width=\"591\">Ideal para una variedad de productos l\u00edquidos de alta gama, incluidos perfumes, aceites esenciales, sueros, aceites arom\u00e1ticos para el hogar, t\u00f3nicos y m\u00e1s.<\/td>\n<\/tr>\n<tr>\n<td width=\"158\">Embalaje<\/td>\n<td width=\"591\">Exportaci\u00f3n de cart\u00f3n y luego palets de madera contrachapada.<\/td>\n<\/tr>\n<tr>\n<td width=\"158\">Cantidad m\u00ednima de pedido 5<\/td>\n<td width=\"591\">,000 piezas (ya que hay dise\u00f1o personalizado)<\/td>\n<\/tr>\n<tr>\n<td width=\"158\">Muestra<\/td>\n<td width=\"591\">Muestra gratis, se necesita costo de env\u00edo.<\/td>\n<\/tr>\n<tr>\n<td width=\"158\">Transporte<\/td>\n<td width=\"591\">FedEx\/DHL\/EMS\/UPS\/TNT\/Por mar\/Por aire, etc.<\/td>\n<\/tr>\n<tr>\n<td width=\"158\">Forma de pago<\/td>\n<td width=\"591\">Transferencia bancaria, carta de cr\u00e9dito, Western Union, Money Gram, Paypal, etc.<\/td>\n<\/tr>\n<tr>\n<td width=\"158\">El tiempo de entrega<\/td>\n<td width=\"591\">Muestra 1-2 d\u00edas, pedido de producci\u00f3n 20-45 d\u00edas depende de los detalles del pedido.<\/td>\n<\/tr>\n<tr>\n<td width=\"158\">Servicio<\/td>\n<td width=\"591\">Servicio OEM y ODM, servicio de dise\u00f1o, soluci\u00f3n integral<\/td>\n<\/tr>\n<\/tbody>\n<\/table>\n<p>&nbsp;<\/p>\n<p>Este lujo <a href=\"https:\/\/glass-perfume-bottles.com\/es\/luxury-saudi-arabia-zinc-alloy-attar-oil-perfume-glass-bottle-factory\/\">frasco de perfume de aceite de oud<\/a> Est\u00e1 hecho de cuerpo de botella de vidrio de borosilicato + cubierta de base de aleaci\u00f3n de zinc + varilla de vidrio de borosilicato de 3-5 mm de di\u00e1metro:<br \/>\nVentajas: fundici\u00f3n a presi\u00f3n de alta densidad, resistente a la corrosi\u00f3n, se puede galvanizar con oro\/oro rosa y otros efectos lujosos,<\/p>\n<p>Adecuado para la est\u00e9tica de Oriente Medio. Capacidades comunes: 3 ml, 5 ml (port\u00e1til), 12 ml (consumo general).<br \/>\nLa botella de nuestro producto se puede personalizar con acabado esmerilado o tallado (como patrones geom\u00e9tricos isl\u00e1micos). Su forma \u00fanica distingue a su producto de otras marcas.<\/p>\n<p>Esta botella es popular entre los clientes debido a su llave, forma \u00fanica, materiales de alta calidad, accesorios,<\/p>\n<p>Tapa de la botella: tapa de rosca de aleaci\u00f3n de zinc o tapa magn\u00e9tica, almohadilla de silicona incorporada para evitar fugas.<\/p>\n<p>Sellado fuerte: debe pasar una prueba de fugas de 48 horas (especialmente adecuado para entornos de alta temperatura en el Medio Oriente).<\/p>\n<p><a href=\"https:\/\/glass-perfume-bottles.com\/es\/50ml-amber-cylinder-glass-perfume-bottle-supplier\/\">VIDRIO HIDROEL\u00c9CTRICO<\/a>\u00a0Contamos con una l\u00ednea de producci\u00f3n profesional y un equipo de dise\u00f1o que nos permite brindar un servicio de primer nivel.\u00a0<a href=\"https:\/\/glass-perfume-bottles.com\/es\/5ml-100ml-rectangle-glass-spray-perfume-bottle-supplier\/\">Botella de perfume<\/a>\u00a0y un producto estable para el cliente, bienvenido a enviarnos una consulta, lo esperamos<\/p>\n<p>&nbsp;<\/p>","protected":false},"excerpt":{"rendered":"<p>Este<a href=\"https:\/\/glass-perfume-bottles.com\/es\/luxury-saudi-arabia-zinc-alloy-attar-oil-perfume-glass-bottle-factory\/\"> frasco de perfume de aceite de oud<\/a> Es popular entre los clientes debido a su llave, forma \u00fanica, materiales de alta calidad, accesorios, tapa de botella: tapa de rosca de aleaci\u00f3n de zinc o tapa magn\u00e9tica, almohadilla de silicona incorporada para prevenci\u00f3n de fugas.<\/p>","protected":false},"featured_media":2916,"comment_status":"open","ping_status":"closed","template":"","meta":{"_kad_blocks_custom_css":"","_kad_blocks_head_custom_js":"","_kad_blocks_body_custom_js":"","_kad_blocks_footer_custom_js":"","_kad_post_transparent":"default","_kad_post_title":"","_kad_post_layout":"default","_kad_post_sidebar_id":"","_kad_post_content_style":"default","_kad_post_vertical_padding":"default","_kad_post_feature":"","_kad_post_feature_position":"","_kad_post_header":false,"_kad_post_footer":false,"_joinchat":[]},"product_brand":[],"product_cat":[51],"product_tag":[70,175,177,178,168,425],"class_list":{"0":"post-2915","1":"product","2":"type-product","3":"status-publish","4":"has-post-thumbnail","6":"product_cat-glass-perfume-bottles","7":"product_tag-custom-home-fragrance-oil-bottle","8":"product_tag-glass-perfume-bottle-for-travel","9":"product_tag-luxury-attar-oil-bottle-factory","10":"product_tag-oud-oil-bottle-wholesale","11":"product_tag-premium-perfume-bottle-supplier","12":"product_tag-zamac-perfume-oil-bottle-supplier","14":"first","15":"instock","16":"shipping-taxable","17":"product-type-simple","18":"entry","19":"content-bg","20":"loop-entry"},"yoast_head":"<!-- This site is optimized with the Yoast SEO Premium plugin v20.5 (Yoast SEO v24.2) - https:\/\/yoast.com\/wordpress\/plugins\/seo\/ -->\n<title>Oud oil Perfume Bottle with zamac bottom &amp; Cap Factory<\/title>\n<meta name=\"description\" content=\"Oud oil Perfume Bottle,Screw mouth match the spray pump head ,capacity from from 3ml-12ml for your choose\" \/>\n<meta name=\"robots\" content=\"index, follow, max-snippet:-1, max-image-preview:large, max-video-preview:-1\" \/>\n<link rel=\"canonical\" href=\"https:\/\/glass-perfume-bottles.com\/es\/producto\/fancy-attar-oud-oil-perfume-bottle-with-zamac-bottom-cap-factory\/\" \/>\n<meta property=\"og:locale\" content=\"es_ES\" \/>\n<meta property=\"og:type\" content=\"article\" \/>\n<meta property=\"og:title\" content=\"Fancy attar oud oil perfume bottle with zamac bottom &amp; Cap Factory\" \/>\n<meta property=\"og:description\" content=\"Oud oil Perfume Bottle,Screw mouth match the spray pump head ,capacity from from 3ml-12ml for your choose\" \/>\n<meta property=\"og:url\" content=\"https:\/\/glass-perfume-bottles.com\/es\/producto\/fancy-attar-oud-oil-perfume-bottle-with-zamac-bottom-cap-factory\/\" \/>\n<meta property=\"og:site_name\" content=\"HY GLASS\" \/>\n<meta property=\"article:modified_time\" content=\"2025-05-15T15:13:43+00:00\" \/>\n<meta property=\"og:image\" content=\"https:\/\/glass-perfume-bottles.com\/wp-content\/uploads\/2025\/05\/Fancy-3ml-6ml12ml-attar-oud-oil-bottle-with-zamac-bottom-Cap.jpg\" \/>\n\t<meta property=\"og:image:width\" content=\"720\" \/>\n\t<meta property=\"og:image:height\" content=\"720\" \/>\n\t<meta property=\"og:image:type\" content=\"image\/jpeg\" \/>\n<meta name=\"twitter:card\" content=\"summary_large_image\" \/>\n<meta name=\"twitter:label1\" content=\"Tiempo de lectura\" \/>\n\t<meta name=\"twitter:data1\" content=\"2 minutos\" \/>\n<script type=\"application\/ld+json\" class=\"yoast-schema-graph\">{\"@context\":\"https:\/\/schema.org\",\"@graph\":[{\"@type\":\"WebPage\",\"@id\":\"https:\/\/glass-perfume-bottles.com\/product\/fancy-attar-oud-oil-perfume-bottle-with-zamac-bottom-cap-factory\/\",\"url\":\"https:\/\/glass-perfume-bottles.com\/product\/fancy-attar-oud-oil-perfume-bottle-with-zamac-bottom-cap-factory\/\",\"name\":\"Oud oil Perfume Bottle with zamac bottom & Cap Factory\",\"isPartOf\":{\"@id\":\"https:\/\/glass-perfume-bottles.com\/#website\"},\"primaryImageOfPage\":{\"@id\":\"https:\/\/glass-perfume-bottles.com\/product\/fancy-attar-oud-oil-perfume-bottle-with-zamac-bottom-cap-factory\/#primaryimage\"},\"image\":{\"@id\":\"https:\/\/glass-perfume-bottles.com\/product\/fancy-attar-oud-oil-perfume-bottle-with-zamac-bottom-cap-factory\/#primaryimage\"},\"thumbnailUrl\":\"https:\/\/glass-perfume-bottles.com\/wp-content\/uploads\/2025\/05\/Fancy-3ml-6ml12ml-attar-oud-oil-bottle-with-zamac-bottom-Cap.jpg\",\"datePublished\":\"2025-05-15T09:53:45+00:00\",\"dateModified\":\"2025-05-15T15:13:43+00:00\",\"description\":\"Oud oil Perfume Bottle,Screw mouth match the spray pump head ,capacity from from 3ml-12ml for your choose\",\"breadcrumb\":{\"@id\":\"https:\/\/glass-perfume-bottles.com\/product\/fancy-attar-oud-oil-perfume-bottle-with-zamac-bottom-cap-factory\/#breadcrumb\"},\"inLanguage\":\"es\",\"potentialAction\":[{\"@type\":\"ReadAction\",\"target\":[\"https:\/\/glass-perfume-bottles.com\/product\/fancy-attar-oud-oil-perfume-bottle-with-zamac-bottom-cap-factory\/\"]}]},{\"@type\":\"ImageObject\",\"inLanguage\":\"es\",\"@id\":\"https:\/\/glass-perfume-bottles.com\/product\/fancy-attar-oud-oil-perfume-bottle-with-zamac-bottom-cap-factory\/#primaryimage\",\"url\":\"https:\/\/glass-perfume-bottles.com\/wp-content\/uploads\/2025\/05\/Fancy-3ml-6ml12ml-attar-oud-oil-bottle-with-zamac-bottom-Cap.jpg\",\"contentUrl\":\"https:\/\/glass-perfume-bottles.com\/wp-content\/uploads\/2025\/05\/Fancy-3ml-6ml12ml-attar-oud-oil-bottle-with-zamac-bottom-Cap.jpg\",\"width\":720,\"height\":720,\"caption\":\"Custom home fragrance oil bottle, Glass perfume bottle for travel, Luxury attar oil bottle factory, Oud oil bottle wholesale, Premium perfume bottle supplier, Zamac perfume oil bottle supplier\"},{\"@type\":\"BreadcrumbList\",\"@id\":\"https:\/\/glass-perfume-bottles.com\/product\/fancy-attar-oud-oil-perfume-bottle-with-zamac-bottom-cap-factory\/#breadcrumb\",\"itemListElement\":[{\"@type\":\"ListItem\",\"position\":1,\"name\":\"Home\",\"item\":\"https:\/\/glass-perfume-bottles.com\/\"},{\"@type\":\"ListItem\",\"position\":2,\"name\":\"Product\",\"item\":\"https:\/\/glass-perfume-bottles.com\/custom-made-perfume-bottle-suppliers-and-wholesale\/\"},{\"@type\":\"ListItem\",\"position\":3,\"name\":\"Fancy attar oud oil perfume bottle with zamac bottom &#038; Cap Factory\"}]},{\"@type\":\"WebSite\",\"@id\":\"https:\/\/glass-perfume-bottles.com\/#website\",\"url\":\"https:\/\/glass-perfume-bottles.com\/\",\"name\":\"HY GLASS\",\"description\":\"glass perfume bottle manufacturers &amp; suppliers, aroma reed diffuser bottle wholesale &amp; suppliers\",\"publisher\":{\"@id\":\"https:\/\/glass-perfume-bottles.com\/#organization\"},\"potentialAction\":[{\"@type\":\"SearchAction\",\"target\":{\"@type\":\"EntryPoint\",\"urlTemplate\":\"https:\/\/glass-perfume-bottles.com\/?s={search_term_string}\"},\"query-input\":{\"@type\":\"PropertyValueSpecification\",\"valueRequired\":true,\"valueName\":\"search_term_string\"}}],\"inLanguage\":\"es\"},{\"@type\":\"Organization\",\"@id\":\"https:\/\/glass-perfume-bottles.com\/#organization\",\"name\":\"HY GLASS\",\"url\":\"https:\/\/glass-perfume-bottles.com\/\",\"logo\":{\"@type\":\"ImageObject\",\"inLanguage\":\"es\",\"@id\":\"https:\/\/glass-perfume-bottles.com\/#\/schema\/logo\/image\/\",\"url\":\"https:\/\/glass-perfume-bottles.com\/wp-content\/uploads\/2023\/09\/logo21.png\",\"contentUrl\":\"https:\/\/glass-perfume-bottles.com\/wp-content\/uploads\/2023\/09\/logo21.png\",\"width\":342,\"height\":268,\"caption\":\"HY GLASS\"},\"image\":{\"@id\":\"https:\/\/glass-perfume-bottles.com\/#\/schema\/logo\/image\/\"}}]}<\/script>\n<!-- \/ Yoast SEO Premium plugin. -->","yoast_head_json":{"title":"Oud oil Perfume Bottle with zamac bottom & Cap Factory","description":"Oud oil Perfume Bottle,Screw mouth match the spray pump head ,capacity from from 3ml-12ml for your choose","robots":{"index":"index","follow":"follow","max-snippet":"max-snippet:-1","max-image-preview":"max-image-preview:large","max-video-preview":"max-video-preview:-1"},"canonical":"https:\/\/glass-perfume-bottles.com\/es\/producto\/fancy-attar-oud-oil-perfume-bottle-with-zamac-bottom-cap-factory\/","og_locale":"es_ES","og_type":"article","og_title":"Fancy attar oud oil perfume bottle with zamac bottom & Cap Factory","og_description":"Oud oil Perfume Bottle,Screw mouth match the spray pump head ,capacity from from 3ml-12ml for your choose","og_url":"https:\/\/glass-perfume-bottles.com\/es\/producto\/fancy-attar-oud-oil-perfume-bottle-with-zamac-bottom-cap-factory\/","og_site_name":"HY GLASS","article_modified_time":"2025-05-15T15:13:43+00:00","og_image":[{"width":720,"height":720,"url":"https:\/\/glass-perfume-bottles.com\/wp-content\/uploads\/2025\/05\/Fancy-3ml-6ml12ml-attar-oud-oil-bottle-with-zamac-bottom-Cap.jpg","type":"image\/jpeg"}],"twitter_card":"summary_large_image","twitter_misc":{"Tiempo de lectura":"2 minutos"},"schema":{"@context":"https:\/\/schema.org","@graph":[{"@type":"WebPage","@id":"https:\/\/glass-perfume-bottles.com\/product\/fancy-attar-oud-oil-perfume-bottle-with-zamac-bottom-cap-factory\/","url":"https:\/\/glass-perfume-bottles.com\/product\/fancy-attar-oud-oil-perfume-bottle-with-zamac-bottom-cap-factory\/","name":"Oud oil Perfume Bottle with zamac bottom & Cap Factory","isPartOf":{"@id":"https:\/\/glass-perfume-bottles.com\/#website"},"primaryImageOfPage":{"@id":"https:\/\/glass-perfume-bottles.com\/product\/fancy-attar-oud-oil-perfume-bottle-with-zamac-bottom-cap-factory\/#primaryimage"},"image":{"@id":"https:\/\/glass-perfume-bottles.com\/product\/fancy-attar-oud-oil-perfume-bottle-with-zamac-bottom-cap-factory\/#primaryimage"},"thumbnailUrl":"https:\/\/glass-perfume-bottles.com\/wp-content\/uploads\/2025\/05\/Fancy-3ml-6ml12ml-attar-oud-oil-bottle-with-zamac-bottom-Cap.jpg","datePublished":"2025-05-15T09:53:45+00:00","dateModified":"2025-05-15T15:13:43+00:00","description":"Oud oil Perfume Bottle,Screw mouth match the spray pump head ,capacity from from 3ml-12ml for your choose","breadcrumb":{"@id":"https:\/\/glass-perfume-bottles.com\/product\/fancy-attar-oud-oil-perfume-bottle-with-zamac-bottom-cap-factory\/#breadcrumb"},"inLanguage":"es","potentialAction":[{"@type":"ReadAction","target":["https:\/\/glass-perfume-bottles.com\/product\/fancy-attar-oud-oil-perfume-bottle-with-zamac-bottom-cap-factory\/"]}]},{"@type":"ImageObject","inLanguage":"es","@id":"https:\/\/glass-perfume-bottles.com\/product\/fancy-attar-oud-oil-perfume-bottle-with-zamac-bottom-cap-factory\/#primaryimage","url":"https:\/\/glass-perfume-bottles.com\/wp-content\/uploads\/2025\/05\/Fancy-3ml-6ml12ml-attar-oud-oil-bottle-with-zamac-bottom-Cap.jpg","contentUrl":"https:\/\/glass-perfume-bottles.com\/wp-content\/uploads\/2025\/05\/Fancy-3ml-6ml12ml-attar-oud-oil-bottle-with-zamac-bottom-Cap.jpg","width":720,"height":720,"caption":"Custom home fragrance oil bottle, Glass perfume bottle for travel, Luxury attar oil bottle factory, Oud oil bottle wholesale, Premium perfume bottle supplier, Zamac perfume oil bottle supplier"},{"@type":"BreadcrumbList","@id":"https:\/\/glass-perfume-bottles.com\/product\/fancy-attar-oud-oil-perfume-bottle-with-zamac-bottom-cap-factory\/#breadcrumb","itemListElement":[{"@type":"ListItem","position":1,"name":"Home","item":"https:\/\/glass-perfume-bottles.com\/"},{"@type":"ListItem","position":2,"name":"Product","item":"https:\/\/glass-perfume-bottles.com\/custom-made-perfume-bottle-suppliers-and-wholesale\/"},{"@type":"ListItem","position":3,"name":"Fancy attar oud oil perfume bottle with zamac bottom &#038; Cap Factory"}]},{"@type":"WebSite","@id":"https:\/\/glass-perfume-bottles.com\/#website","url":"https:\/\/glass-perfume-bottles.com\/","name":"HY GLASS","description":"glass perfume bottle manufacturers &amp; suppliers, aroma reed diffuser bottle wholesale &amp; suppliers","publisher":{"@id":"https:\/\/glass-perfume-bottles.com\/#organization"},"potentialAction":[{"@type":"SearchAction","target":{"@type":"EntryPoint","urlTemplate":"https:\/\/glass-perfume-bottles.com\/?s={search_term_string}"},"query-input":{"@type":"PropertyValueSpecification","valueRequired":true,"valueName":"search_term_string"}}],"inLanguage":"es"},{"@type":"Organization","@id":"https:\/\/glass-perfume-bottles.com\/#organization","name":"HY GLASS","url":"https:\/\/glass-perfume-bottles.com\/","logo":{"@type":"ImageObject","inLanguage":"es","@id":"https:\/\/glass-perfume-bottles.com\/#\/schema\/logo\/image\/","url":"https:\/\/glass-perfume-bottles.com\/wp-content\/uploads\/2023\/09\/logo21.png","contentUrl":"https:\/\/glass-perfume-bottles.com\/wp-content\/uploads\/2023\/09\/logo21.png","width":342,"height":268,"caption":"HY GLASS"},"image":{"@id":"https:\/\/glass-perfume-bottles.com\/#\/schema\/logo\/image\/"}}]}},"taxonomy_info":{"product_cat":[{"value":51,"label":"Glass Perfume Bottle"}],"product_tag":[{"value":70,"label":"Custom home fragrance oil bottle"},{"value":175,"label":"Glass perfume bottle for travel"},{"value":177,"label":"Luxury attar oil bottle factory"},{"value":178,"label":"Oud oil bottle wholesale"},{"value":168,"label":"Premium perfume bottle supplier"},{"value":425,"label":"Zamac perfume oil bottle supplier"}]},"featured_image_src_large":["https:\/\/glass-perfume-bottles.com\/wp-content\/uploads\/2025\/05\/Fancy-3ml-6ml12ml-attar-oud-oil-bottle-with-zamac-bottom-Cap.jpg",720,720,false],"author_info":[],"comment_info":0,"_links":{"self":[{"href":"https:\/\/glass-perfume-bottles.com\/es\/wp-json\/wp\/v2\/product\/2915","targetHints":{"allow":["GET"]}}],"collection":[{"href":"https:\/\/glass-perfume-bottles.com\/es\/wp-json\/wp\/v2\/product"}],"about":[{"href":"https:\/\/glass-perfume-bottles.com\/es\/wp-json\/wp\/v2\/types\/product"}],"replies":[{"embeddable":true,"href":"https:\/\/glass-perfume-bottles.com\/es\/wp-json\/wp\/v2\/comments?post=2915"}],"wp:featuredmedia":[{"embeddable":true,"href":"https:\/\/glass-perfume-bottles.com\/es\/wp-json\/wp\/v2\/media\/2916"}],"wp:attachment":[{"href":"https:\/\/glass-perfume-bottles.com\/es\/wp-json\/wp\/v2\/media?parent=2915"}],"wp:term":[{"taxonomy":"product_brand","embeddable":true,"href":"https:\/\/glass-perfume-bottles.com\/es\/wp-json\/wp\/v2\/product_brand?post=2915"},{"taxonomy":"product_cat","embeddable":true,"href":"https:\/\/glass-perfume-bottles.com\/es\/wp-json\/wp\/v2\/product_cat?post=2915"},{"taxonomy":"product_tag","embeddable":true,"href":"https:\/\/glass-perfume-bottles.com\/es\/wp-json\/wp\/v2\/product_tag?post=2915"}],"curies":[{"name":"wp","href":"https:\/\/api.w.org\/{rel}","templated":true}]}}