{"id":2988,"date":"2025-06-09T01:02:57","date_gmt":"2025-06-09T01:02:57","guid":{"rendered":"https:\/\/glass-perfume-bottles.com\/?post_type=product&#038;p=2988"},"modified":"2025-11-14T21:57:34","modified_gmt":"2025-11-14T21:57:34","slug":"empty-30ml-50ml-cylinder-matte-black-perfume-bottle-factory","status":"publish","type":"product","link":"https:\/\/glass-perfume-bottles.com\/es\/producto\/empty-30ml-50ml-cylinder-matte-black-perfume-bottle-factory\/","title":{"rendered":"Botella de perfume negra mate cil\u00edndrica vac\u00eda de 30 ml y 50 ml."},"content":{"rendered":"<table>\n<tbody>\n<tr>\n<td width=\"158\">Nombre del producto<\/td>\n<td width=\"591\">Botella de perfume negra mate cil\u00edndrica vac\u00eda de 30 ml y 50 ml.<\/td>\n<\/tr>\n<tr>\n<td width=\"158\">Capacidad<\/td>\n<td width=\"591\">Boca de bayoneta (otros tama\u00f1os disponibles)<\/td>\n<\/tr>\n<tr>\n<td width=\"158\">Tama\u00f1o<\/td>\n<td width=\"591\">30 ml: 45 mm x 55 mm<\/p>\n<p>50 ml: 50 mm x 72 mm<\/td>\n<\/tr>\n<tr>\n<td width=\"158\">Peso<\/td>\n<td width=\"591\">30 ml: 96 g 50 ml: 174 g<\/td>\n<\/tr>\n<tr>\n<td width=\"158\">Material<\/td>\n<td width=\"591\">Alto vidrio blanco<\/td>\n<\/tr>\n<tr>\n<td width=\"158\">Color del cuerpo<\/td>\n<td width=\"591\">Rojo, negro, azul, esmerilado, verde, rosa o color personalizado.<\/td>\n<\/tr>\n<tr>\n<td width=\"158\">Manipulaci\u00f3n de superficies<\/td>\n<td width=\"591\">S\/S, H\/S, esmerilado, metalizado, flocado, hologr\u00e1fico, revestimiento de m\u00e1rmol, perlado, etc.<\/td>\n<\/tr>\n<tr>\n<td width=\"158\">Uso<\/td>\n<td width=\"591\">\u00a0Embalaje de aceite de aromaterapia\/aceite esencial\/desodorante\/ambientador\/perfume\/suero\/aceite esencial\/t\u00f3nico<\/td>\n<\/tr>\n<tr>\n<td width=\"158\">Embalaje<\/td>\n<td width=\"591\">Exportaci\u00f3n de cart\u00f3n y luego palets de madera contrachapada.<\/td>\n<\/tr>\n<tr>\n<td width=\"158\">Cantidad m\u00ednima de pedido<\/td>\n<td width=\"591\">2000 piezas (ya que hay un dise\u00f1o personalizado)<\/td>\n<\/tr>\n<tr>\n<td width=\"158\">Muestra<\/td>\n<td width=\"591\">Muestra gratis, se necesita costo de env\u00edo.<\/td>\n<\/tr>\n<tr>\n<td width=\"158\">Transporte<\/td>\n<td width=\"591\">FedEx\/DHL\/EMS\/UPS\/TNT\/Por mar\/Por aire, etc.<\/td>\n<\/tr>\n<tr>\n<td width=\"158\">Forma de pago<\/td>\n<td width=\"591\">Transferencia bancaria, carta de cr\u00e9dito, Western Union, Money Gram, Paypal, etc.<\/td>\n<\/tr>\n<tr>\n<td width=\"158\">El tiempo de entrega<\/td>\n<td width=\"591\">Muestra 1-2 d\u00edas, pedido de producci\u00f3n 20-45 d\u00edas depende de los detalles del pedido.<\/td>\n<\/tr>\n<tr>\n<td width=\"158\">Servicio<\/td>\n<td width=\"591\">Servicio OEM y ODM, servicio de dise\u00f1o, soluci\u00f3n integral<\/td>\n<\/tr>\n<\/tbody>\n<\/table>\n<p>&nbsp;<\/p>\n<p><a href=\"https:\/\/glass-perfume-bottles.com\/es\/producto\/high-end-50ml-100ml-glass-sub-bottle-flat-round-shoulder-perfume-bottle-factory\/\">Frasco de perfume negro mate<\/a> Hecho de vidrio blanco cristalino, que tiene alta calidad y transparencia, boca de rosca recargable y port\u00e1til para llevar.<\/p>\n<p>Transparencia \u00fanica en forma de cilindro, la superficie acepta S\/S, H\/S personalizados, estampado en caliente, flocado, recubrimiento de color, recubrimiento de m\u00e1rmol, metalizado, recubrimiento hologr\u00e1fico, etc., proceso posible en peque\u00f1as cantidades.<\/p>\n<p>HY GLASS como profesional <a href=\"https:\/\/www.hyglassbottles.com\/product\/Luxury-100ml-Mid-east-arabic--fluted-glass-perfume-oil-bottle-factory.html\">Botella de perfume de cristal<\/a> F\u00e1brica, producimos 2.000 tipos de botellas de perfume de vidrio con forma para el cliente, tenemos capacidad de 30 ml, 50 ml y 100 ml, tambi\u00e9n podemos personalizar botellas de cualquier forma y capacidad para usted, tenemos un equipo de dise\u00f1o profesional y un departamento de control de calidad estricto controlan la calidad del producto, aseg\u00farese de que su producto estable de alta calidad se destaque entre la multitud.<\/p>","protected":false},"excerpt":{"rendered":"<p>Botella de perfume de vidrio cil\u00edndrica de 30 ml con tapa de bola, transparencia de forma cil\u00edndrica \u00fanica, superficie acepta S\/S, H\/S personalizados, estampado en caliente, flocado, recubrimiento de color, recubrimiento de m\u00e1rmol, metalizado, recubrimiento hologr\u00e1fico, etc., proceso de peque\u00f1a cantidad es posible,<\/p>","protected":false},"featured_media":2989,"comment_status":"open","ping_status":"closed","template":"","meta":{"_kad_blocks_custom_css":"","_kad_blocks_head_custom_js":"","_kad_blocks_body_custom_js":"","_kad_blocks_footer_custom_js":"","_kad_post_transparent":"default","_kad_post_title":"","_kad_post_layout":"default","_kad_post_sidebar_id":"","_kad_post_content_style":"default","_kad_post_vertical_padding":"default","_kad_post_feature":"","_kad_post_feature_position":"","_kad_post_header":false,"_kad_post_footer":false,"_joinchat":[]},"product_brand":[],"product_cat":[51],"product_tag":[451,450,156,358,452],"class_list":{"0":"post-2988","1":"product","2":"type-product","3":"status-publish","4":"has-post-thumbnail","6":"product_cat-glass-perfume-bottles","7":"product_tag-cylinder-scent-perfume-bottle-factory","8":"product_tag-glass-sub-bottle-supplier","9":"product_tag-luxury-perfume-bottle-supplier","10":"product_tag-premium-perfume-bottle-portable","11":"product_tag-wholesale-cylinder-scent-perfume-bottle","13":"first","14":"instock","15":"shipping-taxable","16":"product-type-simple","17":"entry","18":"content-bg","19":"loop-entry"},"yoast_head":"<!-- This site is optimized with the Yoast SEO Premium plugin v20.5 (Yoast SEO v24.2) - https:\/\/yoast.com\/wordpress\/plugins\/seo\/ -->\n<title>Matte black perfume bottle factory<\/title>\n<meta name=\"description\" content=\"Matte black perfume bottle made of high white glass,unique cylinder shape high transparency,make your products luxury and stand out other brands.\" \/>\n<meta name=\"robots\" content=\"index, follow, max-snippet:-1, max-image-preview:large, max-video-preview:-1\" \/>\n<link rel=\"canonical\" href=\"https:\/\/glass-perfume-bottles.com\/es\/producto\/empty-30ml-50ml-cylinder-matte-black-perfume-bottle-factory\/\" \/>\n<meta property=\"og:locale\" content=\"es_ES\" \/>\n<meta property=\"og:type\" content=\"article\" \/>\n<meta property=\"og:title\" content=\"Empty 30ml 50ml cylinder matte black perfume bottle factory\" \/>\n<meta property=\"og:description\" content=\"Matte black perfume bottle made of high white glass,unique cylinder shape high transparency,make your products luxury and stand out other brands.\" \/>\n<meta property=\"og:url\" content=\"https:\/\/glass-perfume-bottles.com\/es\/producto\/empty-30ml-50ml-cylinder-matte-black-perfume-bottle-factory\/\" \/>\n<meta property=\"og:site_name\" content=\"HY GLASS\" \/>\n<meta property=\"article:modified_time\" content=\"2025-11-14T21:57:34+00:00\" \/>\n<meta property=\"og:image\" content=\"https:\/\/glass-perfume-bottles.com\/wp-content\/uploads\/2025\/06\/Empty-30ml-50ml-cylinder-matte-black-perfume-bottle-factory.jpg\" \/>\n\t<meta property=\"og:image:width\" content=\"720\" \/>\n\t<meta property=\"og:image:height\" content=\"720\" \/>\n\t<meta property=\"og:image:type\" content=\"image\/jpeg\" \/>\n<meta name=\"twitter:card\" content=\"summary_large_image\" \/>\n<meta name=\"twitter:label1\" content=\"Tiempo de lectura\" \/>\n\t<meta name=\"twitter:data1\" content=\"2 minutos\" \/>\n<script type=\"application\/ld+json\" class=\"yoast-schema-graph\">{\"@context\":\"https:\/\/schema.org\",\"@graph\":[{\"@type\":\"WebPage\",\"@id\":\"https:\/\/glass-perfume-bottles.com\/product\/empty-30ml-50ml-cylinder-matte-black-perfume-bottle-factory\/\",\"url\":\"https:\/\/glass-perfume-bottles.com\/product\/empty-30ml-50ml-cylinder-matte-black-perfume-bottle-factory\/\",\"name\":\"Matte black perfume bottle factory\",\"isPartOf\":{\"@id\":\"https:\/\/glass-perfume-bottles.com\/#website\"},\"primaryImageOfPage\":{\"@id\":\"https:\/\/glass-perfume-bottles.com\/product\/empty-30ml-50ml-cylinder-matte-black-perfume-bottle-factory\/#primaryimage\"},\"image\":{\"@id\":\"https:\/\/glass-perfume-bottles.com\/product\/empty-30ml-50ml-cylinder-matte-black-perfume-bottle-factory\/#primaryimage\"},\"thumbnailUrl\":\"https:\/\/glass-perfume-bottles.com\/wp-content\/uploads\/2025\/06\/Empty-30ml-50ml-cylinder-matte-black-perfume-bottle-factory.jpg\",\"datePublished\":\"2025-06-09T01:02:57+00:00\",\"dateModified\":\"2025-11-14T21:57:34+00:00\",\"description\":\"Matte black perfume bottle made of high white glass,unique cylinder shape high transparency,make your products luxury and stand out other brands.\",\"breadcrumb\":{\"@id\":\"https:\/\/glass-perfume-bottles.com\/product\/empty-30ml-50ml-cylinder-matte-black-perfume-bottle-factory\/#breadcrumb\"},\"inLanguage\":\"es\",\"potentialAction\":[{\"@type\":\"ReadAction\",\"target\":[\"https:\/\/glass-perfume-bottles.com\/product\/empty-30ml-50ml-cylinder-matte-black-perfume-bottle-factory\/\"]}]},{\"@type\":\"ImageObject\",\"inLanguage\":\"es\",\"@id\":\"https:\/\/glass-perfume-bottles.com\/product\/empty-30ml-50ml-cylinder-matte-black-perfume-bottle-factory\/#primaryimage\",\"url\":\"https:\/\/glass-perfume-bottles.com\/wp-content\/uploads\/2025\/06\/Empty-30ml-50ml-cylinder-matte-black-perfume-bottle-factory.jpg\",\"contentUrl\":\"https:\/\/glass-perfume-bottles.com\/wp-content\/uploads\/2025\/06\/Empty-30ml-50ml-cylinder-matte-black-perfume-bottle-factory.jpg\",\"width\":720,\"height\":720,\"caption\":\"Empty 30ml 50ml cylinder matte black perfume bottle factory\"},{\"@type\":\"BreadcrumbList\",\"@id\":\"https:\/\/glass-perfume-bottles.com\/product\/empty-30ml-50ml-cylinder-matte-black-perfume-bottle-factory\/#breadcrumb\",\"itemListElement\":[{\"@type\":\"ListItem\",\"position\":1,\"name\":\"Home\",\"item\":\"https:\/\/glass-perfume-bottles.com\/\"},{\"@type\":\"ListItem\",\"position\":2,\"name\":\"Product\",\"item\":\"https:\/\/glass-perfume-bottles.com\/custom-made-perfume-bottle-suppliers-and-wholesale\/\"},{\"@type\":\"ListItem\",\"position\":3,\"name\":\"Empty 30ml 50ml cylinder matte black perfume bottle factory\"}]},{\"@type\":\"WebSite\",\"@id\":\"https:\/\/glass-perfume-bottles.com\/#website\",\"url\":\"https:\/\/glass-perfume-bottles.com\/\",\"name\":\"HY GLASS\",\"description\":\"glass perfume bottle manufacturers &amp; suppliers, aroma reed diffuser bottle wholesale &amp; suppliers\",\"publisher\":{\"@id\":\"https:\/\/glass-perfume-bottles.com\/#organization\"},\"potentialAction\":[{\"@type\":\"SearchAction\",\"target\":{\"@type\":\"EntryPoint\",\"urlTemplate\":\"https:\/\/glass-perfume-bottles.com\/?s={search_term_string}\"},\"query-input\":{\"@type\":\"PropertyValueSpecification\",\"valueRequired\":true,\"valueName\":\"search_term_string\"}}],\"inLanguage\":\"es\"},{\"@type\":\"Organization\",\"@id\":\"https:\/\/glass-perfume-bottles.com\/#organization\",\"name\":\"HY GLASS\",\"url\":\"https:\/\/glass-perfume-bottles.com\/\",\"logo\":{\"@type\":\"ImageObject\",\"inLanguage\":\"es\",\"@id\":\"https:\/\/glass-perfume-bottles.com\/#\/schema\/logo\/image\/\",\"url\":\"https:\/\/glass-perfume-bottles.com\/wp-content\/uploads\/2023\/09\/logo21.png\",\"contentUrl\":\"https:\/\/glass-perfume-bottles.com\/wp-content\/uploads\/2023\/09\/logo21.png\",\"width\":342,\"height\":268,\"caption\":\"HY GLASS\"},\"image\":{\"@id\":\"https:\/\/glass-perfume-bottles.com\/#\/schema\/logo\/image\/\"}}]}<\/script>\n<!-- \/ Yoast SEO Premium plugin. -->","yoast_head_json":{"title":"Matte black perfume bottle factory","description":"Matte black perfume bottle made of high white glass,unique cylinder shape high transparency,make your products luxury and stand out other brands.","robots":{"index":"index","follow":"follow","max-snippet":"max-snippet:-1","max-image-preview":"max-image-preview:large","max-video-preview":"max-video-preview:-1"},"canonical":"https:\/\/glass-perfume-bottles.com\/es\/producto\/empty-30ml-50ml-cylinder-matte-black-perfume-bottle-factory\/","og_locale":"es_ES","og_type":"article","og_title":"Empty 30ml 50ml cylinder matte black perfume bottle factory","og_description":"Matte black perfume bottle made of high white glass,unique cylinder shape high transparency,make your products luxury and stand out other brands.","og_url":"https:\/\/glass-perfume-bottles.com\/es\/producto\/empty-30ml-50ml-cylinder-matte-black-perfume-bottle-factory\/","og_site_name":"HY GLASS","article_modified_time":"2025-11-14T21:57:34+00:00","og_image":[{"width":720,"height":720,"url":"https:\/\/glass-perfume-bottles.com\/wp-content\/uploads\/2025\/06\/Empty-30ml-50ml-cylinder-matte-black-perfume-bottle-factory.jpg","type":"image\/jpeg"}],"twitter_card":"summary_large_image","twitter_misc":{"Tiempo de lectura":"2 minutos"},"schema":{"@context":"https:\/\/schema.org","@graph":[{"@type":"WebPage","@id":"https:\/\/glass-perfume-bottles.com\/product\/empty-30ml-50ml-cylinder-matte-black-perfume-bottle-factory\/","url":"https:\/\/glass-perfume-bottles.com\/product\/empty-30ml-50ml-cylinder-matte-black-perfume-bottle-factory\/","name":"Matte black perfume bottle factory","isPartOf":{"@id":"https:\/\/glass-perfume-bottles.com\/#website"},"primaryImageOfPage":{"@id":"https:\/\/glass-perfume-bottles.com\/product\/empty-30ml-50ml-cylinder-matte-black-perfume-bottle-factory\/#primaryimage"},"image":{"@id":"https:\/\/glass-perfume-bottles.com\/product\/empty-30ml-50ml-cylinder-matte-black-perfume-bottle-factory\/#primaryimage"},"thumbnailUrl":"https:\/\/glass-perfume-bottles.com\/wp-content\/uploads\/2025\/06\/Empty-30ml-50ml-cylinder-matte-black-perfume-bottle-factory.jpg","datePublished":"2025-06-09T01:02:57+00:00","dateModified":"2025-11-14T21:57:34+00:00","description":"Matte black perfume bottle made of high white glass,unique cylinder shape high transparency,make your products luxury and stand out other brands.","breadcrumb":{"@id":"https:\/\/glass-perfume-bottles.com\/product\/empty-30ml-50ml-cylinder-matte-black-perfume-bottle-factory\/#breadcrumb"},"inLanguage":"es","potentialAction":[{"@type":"ReadAction","target":["https:\/\/glass-perfume-bottles.com\/product\/empty-30ml-50ml-cylinder-matte-black-perfume-bottle-factory\/"]}]},{"@type":"ImageObject","inLanguage":"es","@id":"https:\/\/glass-perfume-bottles.com\/product\/empty-30ml-50ml-cylinder-matte-black-perfume-bottle-factory\/#primaryimage","url":"https:\/\/glass-perfume-bottles.com\/wp-content\/uploads\/2025\/06\/Empty-30ml-50ml-cylinder-matte-black-perfume-bottle-factory.jpg","contentUrl":"https:\/\/glass-perfume-bottles.com\/wp-content\/uploads\/2025\/06\/Empty-30ml-50ml-cylinder-matte-black-perfume-bottle-factory.jpg","width":720,"height":720,"caption":"Empty 30ml 50ml cylinder matte black perfume bottle factory"},{"@type":"BreadcrumbList","@id":"https:\/\/glass-perfume-bottles.com\/product\/empty-30ml-50ml-cylinder-matte-black-perfume-bottle-factory\/#breadcrumb","itemListElement":[{"@type":"ListItem","position":1,"name":"Home","item":"https:\/\/glass-perfume-bottles.com\/"},{"@type":"ListItem","position":2,"name":"Product","item":"https:\/\/glass-perfume-bottles.com\/custom-made-perfume-bottle-suppliers-and-wholesale\/"},{"@type":"ListItem","position":3,"name":"Empty 30ml 50ml cylinder matte black perfume bottle factory"}]},{"@type":"WebSite","@id":"https:\/\/glass-perfume-bottles.com\/#website","url":"https:\/\/glass-perfume-bottles.com\/","name":"HY GLASS","description":"glass perfume bottle manufacturers &amp; suppliers, aroma reed diffuser bottle wholesale &amp; suppliers","publisher":{"@id":"https:\/\/glass-perfume-bottles.com\/#organization"},"potentialAction":[{"@type":"SearchAction","target":{"@type":"EntryPoint","urlTemplate":"https:\/\/glass-perfume-bottles.com\/?s={search_term_string}"},"query-input":{"@type":"PropertyValueSpecification","valueRequired":true,"valueName":"search_term_string"}}],"inLanguage":"es"},{"@type":"Organization","@id":"https:\/\/glass-perfume-bottles.com\/#organization","name":"HY GLASS","url":"https:\/\/glass-perfume-bottles.com\/","logo":{"@type":"ImageObject","inLanguage":"es","@id":"https:\/\/glass-perfume-bottles.com\/#\/schema\/logo\/image\/","url":"https:\/\/glass-perfume-bottles.com\/wp-content\/uploads\/2023\/09\/logo21.png","contentUrl":"https:\/\/glass-perfume-bottles.com\/wp-content\/uploads\/2023\/09\/logo21.png","width":342,"height":268,"caption":"HY GLASS"},"image":{"@id":"https:\/\/glass-perfume-bottles.com\/#\/schema\/logo\/image\/"}}]}},"taxonomy_info":{"product_cat":[{"value":51,"label":"Glass Perfume Bottle"}],"product_tag":[{"value":451,"label":"Cylinder scent perfume bottle factory"},{"value":450,"label":"Glass sub-bottle supplier"},{"value":156,"label":"Luxury perfume bottle supplier"},{"value":358,"label":"Premium Perfume Bottle Portable"},{"value":452,"label":"Wholesale cylinder scent perfume bottle"}]},"featured_image_src_large":["https:\/\/glass-perfume-bottles.com\/wp-content\/uploads\/2025\/06\/Empty-30ml-50ml-cylinder-matte-black-perfume-bottle-factory.jpg",720,720,false],"author_info":[],"comment_info":1,"_links":{"self":[{"href":"https:\/\/glass-perfume-bottles.com\/es\/wp-json\/wp\/v2\/product\/2988","targetHints":{"allow":["GET"]}}],"collection":[{"href":"https:\/\/glass-perfume-bottles.com\/es\/wp-json\/wp\/v2\/product"}],"about":[{"href":"https:\/\/glass-perfume-bottles.com\/es\/wp-json\/wp\/v2\/types\/product"}],"replies":[{"embeddable":true,"href":"https:\/\/glass-perfume-bottles.com\/es\/wp-json\/wp\/v2\/comments?post=2988"}],"wp:featuredmedia":[{"embeddable":true,"href":"https:\/\/glass-perfume-bottles.com\/es\/wp-json\/wp\/v2\/media\/2989"}],"wp:attachment":[{"href":"https:\/\/glass-perfume-bottles.com\/es\/wp-json\/wp\/v2\/media?parent=2988"}],"wp:term":[{"taxonomy":"product_brand","embeddable":true,"href":"https:\/\/glass-perfume-bottles.com\/es\/wp-json\/wp\/v2\/product_brand?post=2988"},{"taxonomy":"product_cat","embeddable":true,"href":"https:\/\/glass-perfume-bottles.com\/es\/wp-json\/wp\/v2\/product_cat?post=2988"},{"taxonomy":"product_tag","embeddable":true,"href":"https:\/\/glass-perfume-bottles.com\/es\/wp-json\/wp\/v2\/product_tag?post=2988"}],"curies":[{"name":"wp","href":"https:\/\/api.w.org\/{rel}","templated":true}]}}