{"id":3098,"date":"2025-08-12T09:09:56","date_gmt":"2025-08-12T09:09:56","guid":{"rendered":"https:\/\/glass-perfume-bottles.com\/?post_type=product&#038;p=3098"},"modified":"2025-11-14T21:56:40","modified_gmt":"2025-11-14T21:56:40","slug":"bdk-perfume-bottle-cap-suppliers-and-wholesale","status":"publish","type":"product","link":"https:\/\/glass-perfume-bottles.com\/es\/producto\/bdk-perfume-bottle-cap-suppliers-and-wholesale\/","title":{"rendered":"Los mejores fabricantes y mayoristas de tapas para botellas de perfume"},"content":{"rendered":"<table>\n<tbody>\n<tr>\n<td width=\"158\">Nombre del producto<\/td>\n<td width=\"591\">Las mejores tapas para botellas de perfume<\/td>\n<\/tr>\n<tr>\n<td width=\"158\">Tama\u00f1o<\/td>\n<td width=\"591\">Fea 15 (otros tama\u00f1os disponibles)<\/td>\n<\/tr>\n<tr>\n<td width=\"158\">Cantidad m\u00ednima de pedido<\/td>\n<td width=\"591\">10 000 piezas (ya que hay un dise\u00f1o personalizado)<\/td>\n<\/tr>\n<tr>\n<td width=\"158\">Color<\/td>\n<td width=\"591\">Color plata, dorado, negro, transparente o personalizado.<\/td>\n<\/tr>\n<tr>\n<td width=\"158\">Uso<\/td>\n<td width=\"591\">Botella de perfume de vidrio<\/td>\n<\/tr>\n<tr>\n<td width=\"158\">Material<\/td>\n<td width=\"591\">ABS, Metal, Zamac, Pl\u00e1stico, Surlyn, Aluminio, Madera, Bamb\u00fa, Cristal, Vidrio, etc.<\/td>\n<\/tr>\n<tr>\n<td width=\"158\">Tipo de tapa<\/td>\n<td width=\"591\">Engarce, atornillado, a presi\u00f3n, a prueba de manipulaciones, a prueba de ni\u00f1os<\/td>\n<\/tr>\n<tr>\n<td width=\"158\">Superficie<\/td>\n<td width=\"591\">Pintura, impresi\u00f3n, etiquetado, calcoman\u00eda, estampaci\u00f3n en caliente, relieve, etc.<\/td>\n<\/tr>\n<tr>\n<td width=\"158\">Muestra<\/td>\n<td width=\"591\">Muestra gratis, se necesita costo de env\u00edo.<\/td>\n<\/tr>\n<tr>\n<td width=\"158\">Transporte<\/td>\n<td width=\"591\">FedEx\/DHL\/EMS\/UPS\/TNT\/Por mar\/Por aire, etc.<\/td>\n<\/tr>\n<tr>\n<td width=\"158\">Forma de pago<\/td>\n<td width=\"591\">Transferencia bancaria, carta de cr\u00e9dito, Western Union, Money Gram, Paypal, etc.<\/td>\n<\/tr>\n<tr>\n<td width=\"158\">El tiempo de entrega<\/td>\n<td width=\"591\">Muestra 1-2 d\u00edas, pedido de producci\u00f3n 20-45 d\u00edas depende de los detalles del pedido.<\/td>\n<\/tr>\n<tr>\n<td width=\"158\">Servicio<\/td>\n<td width=\"591\">Servicio OEM y ODM, servicio de dise\u00f1o, soluci\u00f3n integral<\/td>\n<\/tr>\n<\/tbody>\n<\/table>\n<p>&nbsp;<\/p>\n<p>Existen muchos materiales diferentes para las mejores tapas de botellas de perfume en el mercado. Los m\u00e1s utilizados son ABS, acr\u00edlico, Surlyn, PP, aluminio, madera, zamak, cuero, vidrio, etc. Los m\u00e1s populares... <a href=\"https:\/\/glass-perfume-bottles.com\/es\/producto\/wholesale-perfume-bottle-cap-material\/\">Innovadora tapa para frasco de perfume<\/a> Ofrecemos tapas de pl\u00e1stico, de aluminio, de madera y de zamak. Como el mejor fabricante y mayorista de tapas para perfumes, no solo podemos personalizar su botella de perfume de vidrio con su propia forma, sino que tambi\u00e9n ofrecemos diferentes materiales, formas e impresiones.<\/p>\n<p>La tapa del frasco de perfume tambi\u00e9n es muy importante para que se adapte al perfume. <a href=\"https:\/\/www.hyglassbottles.com\/Perfume-Bottle.html\">frascos de perfume<\/a>La elecci\u00f3n del di\u00e1metro exterior m\u00ednimo del tap\u00f3n depende del material del mismo. Por favor, consulte las siguientes medidas con diferentes materiales.<\/p>\n<p>Zamac: el espesor suele ser como m\u00ednimo de 2mm.<\/p>\n<p>ABS: el espesor es de aproximadamente 1 mm a 1,5 mm.<\/p>\n<p>Surlyn: el grosor es de unos 2 mm<\/p>\n<p>Madera: el espesor m\u00ednimo es de 2-2,5 mm.<\/p>\n<p>El di\u00e1metro exterior m\u00ednimo de la tapa es igual a: espesor del material x 2 + espesor interior de la tapa x 2 + di\u00e1metro del collar. Podemos ayudarle a determinar el di\u00e1metro m\u00ednimo durante el estiramiento inicial. Adem\u00e1s, le proporcionamos planos 2D\/3D gratuitos si los necesita. Cont\u00e1ctenos para m\u00e1s informaci\u00f3n.<\/p>\n<p>&nbsp;<\/p>","protected":false},"excerpt":{"rendered":"<p>Hay muchos materiales diferentes de tapas para botellas de perfume en el mercado.<\/p>","protected":false},"featured_media":3099,"comment_status":"open","ping_status":"closed","template":"","meta":{"_kad_blocks_custom_css":"","_kad_blocks_head_custom_js":"","_kad_blocks_body_custom_js":"","_kad_blocks_footer_custom_js":"","_kad_post_transparent":"default","_kad_post_title":"","_kad_post_layout":"default","_kad_post_sidebar_id":"","_kad_post_content_style":"default","_kad_post_vertical_padding":"default","_kad_post_feature":"","_kad_post_feature_position":"","_kad_post_header":false,"_kad_post_footer":false,"_joinchat":[]},"product_brand":[],"product_cat":[52],"product_tag":[472,471,470,469],"class_list":{"0":"post-3098","1":"product","2":"type-product","3":"status-publish","4":"has-post-thumbnail","6":"product_cat-perfume-bottle-caps","7":"product_tag-bdk-perfume-bottle-cap-manufacturer","8":"product_tag-innovative-perfume-caps-suppliers","9":"product_tag-perfume-bottle-caps-15mm-wholesale","10":"product_tag-perfume-spray-nozzle-cap-manufacturers","12":"first","13":"instock","14":"shipping-taxable","15":"product-type-simple","16":"entry","17":"content-bg","18":"loop-entry"},"yoast_head":"<!-- This site is optimized with the Yoast SEO Premium plugin v20.5 (Yoast SEO v24.2) - https:\/\/yoast.com\/wordpress\/plugins\/seo\/ -->\n<title>Best Perfume Bottle Caps Manufacturers and Wholesale<\/title>\n<meta name=\"description\" content=\"Best Perfume Bottle Caps Manufacturers, Perfume spray nozzle cap manufacturers, Perfume bottle caps 15mm wholesale, bdk parfum bottle cap suppliers\" \/>\n<meta name=\"robots\" content=\"index, follow, max-snippet:-1, max-image-preview:large, max-video-preview:-1\" \/>\n<link rel=\"canonical\" href=\"https:\/\/glass-perfume-bottles.com\/es\/producto\/bdk-perfume-bottle-cap-suppliers-and-wholesale\/\" \/>\n<meta property=\"og:locale\" content=\"es_ES\" \/>\n<meta property=\"og:type\" content=\"article\" \/>\n<meta property=\"og:title\" content=\"Best Perfume Bottle Caps Manufacturers and Wholesale\" \/>\n<meta property=\"og:description\" content=\"Best Perfume Bottle Caps Manufacturers, Perfume spray nozzle cap manufacturers, Perfume bottle caps 15mm wholesale, bdk parfum bottle cap suppliers\" \/>\n<meta property=\"og:url\" content=\"https:\/\/glass-perfume-bottles.com\/es\/producto\/bdk-perfume-bottle-cap-suppliers-and-wholesale\/\" \/>\n<meta property=\"og:site_name\" content=\"HY GLASS\" \/>\n<meta property=\"article:modified_time\" content=\"2025-11-14T21:56:40+00:00\" \/>\n<meta property=\"og:image\" content=\"https:\/\/glass-perfume-bottles.com\/wp-content\/uploads\/2025\/08\/BDK-perfume-Bottle-Cap.jpg\" \/>\n\t<meta property=\"og:image:width\" content=\"720\" \/>\n\t<meta property=\"og:image:height\" content=\"720\" \/>\n\t<meta property=\"og:image:type\" content=\"image\/jpeg\" \/>\n<meta name=\"twitter:card\" content=\"summary_large_image\" \/>\n<meta name=\"twitter:label1\" content=\"Tiempo de lectura\" \/>\n\t<meta name=\"twitter:data1\" content=\"2 minutos\" \/>\n<script type=\"application\/ld+json\" class=\"yoast-schema-graph\">{\"@context\":\"https:\/\/schema.org\",\"@graph\":[{\"@type\":\"WebPage\",\"@id\":\"https:\/\/glass-perfume-bottles.com\/product\/bdk-perfume-bottle-cap-suppliers-and-wholesale\/\",\"url\":\"https:\/\/glass-perfume-bottles.com\/product\/bdk-perfume-bottle-cap-suppliers-and-wholesale\/\",\"name\":\"Best Perfume Bottle Caps Manufacturers and Wholesale\",\"isPartOf\":{\"@id\":\"https:\/\/glass-perfume-bottles.com\/#website\"},\"primaryImageOfPage\":{\"@id\":\"https:\/\/glass-perfume-bottles.com\/product\/bdk-perfume-bottle-cap-suppliers-and-wholesale\/#primaryimage\"},\"image\":{\"@id\":\"https:\/\/glass-perfume-bottles.com\/product\/bdk-perfume-bottle-cap-suppliers-and-wholesale\/#primaryimage\"},\"thumbnailUrl\":\"https:\/\/glass-perfume-bottles.com\/wp-content\/uploads\/2025\/08\/BDK-perfume-Bottle-Cap.jpg\",\"datePublished\":\"2025-08-12T09:09:56+00:00\",\"dateModified\":\"2025-11-14T21:56:40+00:00\",\"description\":\"Best Perfume Bottle Caps Manufacturers, Perfume spray nozzle cap manufacturers, Perfume bottle caps 15mm wholesale, bdk parfum bottle cap suppliers\",\"breadcrumb\":{\"@id\":\"https:\/\/glass-perfume-bottles.com\/product\/bdk-perfume-bottle-cap-suppliers-and-wholesale\/#breadcrumb\"},\"inLanguage\":\"es\",\"potentialAction\":[{\"@type\":\"ReadAction\",\"target\":[\"https:\/\/glass-perfume-bottles.com\/product\/bdk-perfume-bottle-cap-suppliers-and-wholesale\/\"]}]},{\"@type\":\"ImageObject\",\"inLanguage\":\"es\",\"@id\":\"https:\/\/glass-perfume-bottles.com\/product\/bdk-perfume-bottle-cap-suppliers-and-wholesale\/#primaryimage\",\"url\":\"https:\/\/glass-perfume-bottles.com\/wp-content\/uploads\/2025\/08\/BDK-perfume-Bottle-Cap.jpg\",\"contentUrl\":\"https:\/\/glass-perfume-bottles.com\/wp-content\/uploads\/2025\/08\/BDK-perfume-Bottle-Cap.jpg\",\"width\":720,\"height\":720,\"caption\":\"Best Perfume Bottle Caps manufacturers, BDK perfume bottle cap manufacturer\"},{\"@type\":\"BreadcrumbList\",\"@id\":\"https:\/\/glass-perfume-bottles.com\/product\/bdk-perfume-bottle-cap-suppliers-and-wholesale\/#breadcrumb\",\"itemListElement\":[{\"@type\":\"ListItem\",\"position\":1,\"name\":\"Home\",\"item\":\"https:\/\/glass-perfume-bottles.com\/\"},{\"@type\":\"ListItem\",\"position\":2,\"name\":\"Product\",\"item\":\"https:\/\/glass-perfume-bottles.com\/custom-made-perfume-bottle-suppliers-and-wholesale\/\"},{\"@type\":\"ListItem\",\"position\":3,\"name\":\"Best Perfume Bottle Caps Manufacturers and Wholesale\"}]},{\"@type\":\"WebSite\",\"@id\":\"https:\/\/glass-perfume-bottles.com\/#website\",\"url\":\"https:\/\/glass-perfume-bottles.com\/\",\"name\":\"HY GLASS\",\"description\":\"glass perfume bottle manufacturers &amp; suppliers, aroma reed diffuser bottle wholesale &amp; suppliers\",\"publisher\":{\"@id\":\"https:\/\/glass-perfume-bottles.com\/#organization\"},\"potentialAction\":[{\"@type\":\"SearchAction\",\"target\":{\"@type\":\"EntryPoint\",\"urlTemplate\":\"https:\/\/glass-perfume-bottles.com\/?s={search_term_string}\"},\"query-input\":{\"@type\":\"PropertyValueSpecification\",\"valueRequired\":true,\"valueName\":\"search_term_string\"}}],\"inLanguage\":\"es\"},{\"@type\":\"Organization\",\"@id\":\"https:\/\/glass-perfume-bottles.com\/#organization\",\"name\":\"HY GLASS\",\"url\":\"https:\/\/glass-perfume-bottles.com\/\",\"logo\":{\"@type\":\"ImageObject\",\"inLanguage\":\"es\",\"@id\":\"https:\/\/glass-perfume-bottles.com\/#\/schema\/logo\/image\/\",\"url\":\"https:\/\/glass-perfume-bottles.com\/wp-content\/uploads\/2023\/09\/logo21.png\",\"contentUrl\":\"https:\/\/glass-perfume-bottles.com\/wp-content\/uploads\/2023\/09\/logo21.png\",\"width\":342,\"height\":268,\"caption\":\"HY GLASS\"},\"image\":{\"@id\":\"https:\/\/glass-perfume-bottles.com\/#\/schema\/logo\/image\/\"}}]}<\/script>\n<!-- \/ Yoast SEO Premium plugin. -->","yoast_head_json":{"title":"Best Perfume Bottle Caps Manufacturers and Wholesale","description":"Best Perfume Bottle Caps Manufacturers, Perfume spray nozzle cap manufacturers, Perfume bottle caps 15mm wholesale, bdk parfum bottle cap suppliers","robots":{"index":"index","follow":"follow","max-snippet":"max-snippet:-1","max-image-preview":"max-image-preview:large","max-video-preview":"max-video-preview:-1"},"canonical":"https:\/\/glass-perfume-bottles.com\/es\/producto\/bdk-perfume-bottle-cap-suppliers-and-wholesale\/","og_locale":"es_ES","og_type":"article","og_title":"Best Perfume Bottle Caps Manufacturers and Wholesale","og_description":"Best Perfume Bottle Caps Manufacturers, Perfume spray nozzle cap manufacturers, Perfume bottle caps 15mm wholesale, bdk parfum bottle cap suppliers","og_url":"https:\/\/glass-perfume-bottles.com\/es\/producto\/bdk-perfume-bottle-cap-suppliers-and-wholesale\/","og_site_name":"HY GLASS","article_modified_time":"2025-11-14T21:56:40+00:00","og_image":[{"width":720,"height":720,"url":"https:\/\/glass-perfume-bottles.com\/wp-content\/uploads\/2025\/08\/BDK-perfume-Bottle-Cap.jpg","type":"image\/jpeg"}],"twitter_card":"summary_large_image","twitter_misc":{"Tiempo de lectura":"2 minutos"},"schema":{"@context":"https:\/\/schema.org","@graph":[{"@type":"WebPage","@id":"https:\/\/glass-perfume-bottles.com\/product\/bdk-perfume-bottle-cap-suppliers-and-wholesale\/","url":"https:\/\/glass-perfume-bottles.com\/product\/bdk-perfume-bottle-cap-suppliers-and-wholesale\/","name":"Best Perfume Bottle Caps Manufacturers and Wholesale","isPartOf":{"@id":"https:\/\/glass-perfume-bottles.com\/#website"},"primaryImageOfPage":{"@id":"https:\/\/glass-perfume-bottles.com\/product\/bdk-perfume-bottle-cap-suppliers-and-wholesale\/#primaryimage"},"image":{"@id":"https:\/\/glass-perfume-bottles.com\/product\/bdk-perfume-bottle-cap-suppliers-and-wholesale\/#primaryimage"},"thumbnailUrl":"https:\/\/glass-perfume-bottles.com\/wp-content\/uploads\/2025\/08\/BDK-perfume-Bottle-Cap.jpg","datePublished":"2025-08-12T09:09:56+00:00","dateModified":"2025-11-14T21:56:40+00:00","description":"Best Perfume Bottle Caps Manufacturers, Perfume spray nozzle cap manufacturers, Perfume bottle caps 15mm wholesale, bdk parfum bottle cap suppliers","breadcrumb":{"@id":"https:\/\/glass-perfume-bottles.com\/product\/bdk-perfume-bottle-cap-suppliers-and-wholesale\/#breadcrumb"},"inLanguage":"es","potentialAction":[{"@type":"ReadAction","target":["https:\/\/glass-perfume-bottles.com\/product\/bdk-perfume-bottle-cap-suppliers-and-wholesale\/"]}]},{"@type":"ImageObject","inLanguage":"es","@id":"https:\/\/glass-perfume-bottles.com\/product\/bdk-perfume-bottle-cap-suppliers-and-wholesale\/#primaryimage","url":"https:\/\/glass-perfume-bottles.com\/wp-content\/uploads\/2025\/08\/BDK-perfume-Bottle-Cap.jpg","contentUrl":"https:\/\/glass-perfume-bottles.com\/wp-content\/uploads\/2025\/08\/BDK-perfume-Bottle-Cap.jpg","width":720,"height":720,"caption":"Best Perfume Bottle Caps manufacturers, BDK perfume bottle cap manufacturer"},{"@type":"BreadcrumbList","@id":"https:\/\/glass-perfume-bottles.com\/product\/bdk-perfume-bottle-cap-suppliers-and-wholesale\/#breadcrumb","itemListElement":[{"@type":"ListItem","position":1,"name":"Home","item":"https:\/\/glass-perfume-bottles.com\/"},{"@type":"ListItem","position":2,"name":"Product","item":"https:\/\/glass-perfume-bottles.com\/custom-made-perfume-bottle-suppliers-and-wholesale\/"},{"@type":"ListItem","position":3,"name":"Best Perfume Bottle Caps Manufacturers and Wholesale"}]},{"@type":"WebSite","@id":"https:\/\/glass-perfume-bottles.com\/#website","url":"https:\/\/glass-perfume-bottles.com\/","name":"HY GLASS","description":"glass perfume bottle manufacturers &amp; suppliers, aroma reed diffuser bottle wholesale &amp; suppliers","publisher":{"@id":"https:\/\/glass-perfume-bottles.com\/#organization"},"potentialAction":[{"@type":"SearchAction","target":{"@type":"EntryPoint","urlTemplate":"https:\/\/glass-perfume-bottles.com\/?s={search_term_string}"},"query-input":{"@type":"PropertyValueSpecification","valueRequired":true,"valueName":"search_term_string"}}],"inLanguage":"es"},{"@type":"Organization","@id":"https:\/\/glass-perfume-bottles.com\/#organization","name":"HY GLASS","url":"https:\/\/glass-perfume-bottles.com\/","logo":{"@type":"ImageObject","inLanguage":"es","@id":"https:\/\/glass-perfume-bottles.com\/#\/schema\/logo\/image\/","url":"https:\/\/glass-perfume-bottles.com\/wp-content\/uploads\/2023\/09\/logo21.png","contentUrl":"https:\/\/glass-perfume-bottles.com\/wp-content\/uploads\/2023\/09\/logo21.png","width":342,"height":268,"caption":"HY GLASS"},"image":{"@id":"https:\/\/glass-perfume-bottles.com\/#\/schema\/logo\/image\/"}}]}},"taxonomy_info":{"product_cat":[{"value":52,"label":"Perfume Bottle Cap"}],"product_tag":[{"value":472,"label":"BDK perfume bottle cap manufacturer"},{"value":471,"label":"Innovative perfume caps suppliers"},{"value":470,"label":"Perfume bottle caps 15mm wholesale"},{"value":469,"label":"Perfume spray nozzle cap manufacturers"}]},"featured_image_src_large":["https:\/\/glass-perfume-bottles.com\/wp-content\/uploads\/2025\/08\/BDK-perfume-Bottle-Cap.jpg",720,720,false],"author_info":[],"comment_info":1,"_links":{"self":[{"href":"https:\/\/glass-perfume-bottles.com\/es\/wp-json\/wp\/v2\/product\/3098","targetHints":{"allow":["GET"]}}],"collection":[{"href":"https:\/\/glass-perfume-bottles.com\/es\/wp-json\/wp\/v2\/product"}],"about":[{"href":"https:\/\/glass-perfume-bottles.com\/es\/wp-json\/wp\/v2\/types\/product"}],"replies":[{"embeddable":true,"href":"https:\/\/glass-perfume-bottles.com\/es\/wp-json\/wp\/v2\/comments?post=3098"}],"wp:featuredmedia":[{"embeddable":true,"href":"https:\/\/glass-perfume-bottles.com\/es\/wp-json\/wp\/v2\/media\/3099"}],"wp:attachment":[{"href":"https:\/\/glass-perfume-bottles.com\/es\/wp-json\/wp\/v2\/media?parent=3098"}],"wp:term":[{"taxonomy":"product_brand","embeddable":true,"href":"https:\/\/glass-perfume-bottles.com\/es\/wp-json\/wp\/v2\/product_brand?post=3098"},{"taxonomy":"product_cat","embeddable":true,"href":"https:\/\/glass-perfume-bottles.com\/es\/wp-json\/wp\/v2\/product_cat?post=3098"},{"taxonomy":"product_tag","embeddable":true,"href":"https:\/\/glass-perfume-bottles.com\/es\/wp-json\/wp\/v2\/product_tag?post=3098"}],"curies":[{"name":"wp","href":"https:\/\/api.w.org\/{rel}","templated":true}]}}