{"id":3107,"date":"2025-08-23T10:04:06","date_gmt":"2025-08-23T10:04:06","guid":{"rendered":"https:\/\/glass-perfume-bottles.com\/?post_type=product&#038;p=3107"},"modified":"2025-11-14T21:56:02","modified_gmt":"2025-11-14T21:56:02","slug":"100ml-perfume-glass-bottle-wholesale","status":"publish","type":"product","link":"https:\/\/glass-perfume-bottles.com\/es\/producto\/100ml-perfume-glass-bottle-wholesale\/","title":{"rendered":"Botella de perfume de vidrio de 100 ml al por mayor"},"content":{"rendered":"<table>\n<tbody>\n<tr>\n<td width=\"158\">Nombre del producto<\/td>\n<td width=\"591\">Botella de perfume de vidrio de 100 ml al por mayor<\/td>\n<\/tr>\n<tr>\n<td width=\"158\">Capacidad<\/td>\n<td width=\"591\">100 ml (otros tama\u00f1os disponibles)<\/td>\n<\/tr>\n<tr>\n<td width=\"158\">Tama\u00f1o<\/td>\n<td width=\"591\">D: 58 mm H: 117 mm, Grosor: 32 mm<\/td>\n<\/tr>\n<tr>\n<td width=\"158\">Peso<\/td>\n<td width=\"591\">220 gramos<\/td>\n<\/tr>\n<tr>\n<td width=\"158\">Material<\/td>\n<td width=\"591\">Cristal de vidrio blanco<\/td>\n<\/tr>\n<tr>\n<td width=\"158\">Color del cuerpo<\/td>\n<td width=\"591\">Rojo, negro, azul, esmerilado, verde, rosa o color personalizado.<\/td>\n<\/tr>\n<tr>\n<td width=\"158\">Manipulaci\u00f3n de superficies<\/td>\n<td width=\"591\">Serigraf\u00eda, estampaci\u00f3n en caliente, esmerilado, metalizado, flocado, hologr\u00e1fico, recubrimiento de m\u00e1rmol, perlado, etc.<\/td>\n<\/tr>\n<tr>\n<td width=\"158\">Uso<\/td>\n<td width=\"591\">\u00a0Embalaje de aceite de perfume\/aceite esencial\/desodorante\/ambientador\/perfume\/suero\/aceite esencial\/t\u00f3nico<\/td>\n<\/tr>\n<tr>\n<td width=\"158\">Embalaje<\/td>\n<td width=\"591\">Exportaci\u00f3n de cart\u00f3n y luego palets de madera contrachapada.<\/td>\n<\/tr>\n<tr>\n<td width=\"158\">Cantidad m\u00ednima de pedido<\/td>\n<td width=\"591\">1000 piezas (ya que hay dise\u00f1o personalizado)<\/td>\n<\/tr>\n<tr>\n<td width=\"158\">Muestra<\/td>\n<td width=\"591\">Muestra gratis, se necesita costo de env\u00edo.<\/td>\n<\/tr>\n<tr>\n<td width=\"158\">Transporte<\/td>\n<td width=\"591\">FedEx\/DHL\/EMS\/UPS\/TNT\/Por mar\/Por aire, etc.<\/td>\n<\/tr>\n<tr>\n<td width=\"158\">Forma de pago<\/td>\n<td width=\"591\">Transferencia bancaria, carta de cr\u00e9dito, Western Union, Money Gram, Paypal, etc.<\/td>\n<\/tr>\n<tr>\n<td width=\"158\">El tiempo de entrega<\/td>\n<td width=\"591\">Muestra 1-2 d\u00edas, pedido de producci\u00f3n 20-45 d\u00edas depende de los detalles del pedido.<\/td>\n<\/tr>\n<tr>\n<td width=\"158\">Servicio<\/td>\n<td width=\"591\">Servicio de botellas de vidrio OEM y ODM, servicio de dise\u00f1o, soluci\u00f3n integral<\/td>\n<\/tr>\n<\/tbody>\n<\/table>\n<p>&nbsp;<\/p>\n<p>Como mayoristas y proveedores de botellas de perfume de 100 ml de primer nivel, tenemos varios <a href=\"https:\/\/glass-perfume-bottles.com\/es\/producto\/bdk-parfum-glass-bottle-manufacturer-and-wholesale\/\">frascos de perfume al por mayor<\/a> Y frascos de colonia. Puede elegir entre diferentes formas de frascos de perfume, como redondos, cuadrados o rectangulares, con tapones dorados, plateados, negros o de madera, los m\u00e1s populares del mercado. Tambi\u00e9n encontrar\u00e1 accesorios como pulverizadores, bombas de presi\u00f3n y frascos de perfume roll-on. Fabricamos frascos de perfume al por mayor con gran capacidad, desde viales de prueba de 2 ml hasta 200 ml, todos de primera calidad y con 15 cuellos.<\/p>\n<p>La capacidad m\u00e1s popular es la de botellas de perfume de vidrio de 100 ml al por mayor. Podemos personalizar su marca con etiquetas, serigraf\u00eda, estampado en caliente, calcoman\u00edas, impresi\u00f3n l\u00e1ser, impresi\u00f3n 3D o seg\u00fan sus necesidades.<\/p>\n<p>Como una parada de lujo <a href=\"https:\/\/www.hyglassbottles.com\/product\/Customize-150ml-glass-aroma-reed-diffuser-bottle-with-cap-factory.html\">fabricante de envases para botellas de perfume<\/a>Nos especializamos en el envasado de perfumes de lujo. La mayor\u00eda de nuestros clientes son marcas de lujo. Por eso, la calidad es nuestra prioridad. Nuestro departamento de control de calidad revisa rigurosamente cada proceso de producci\u00f3n para garantizar la calidad antes de enviarlos a nuestros clientes.<\/p>\n<p>Si necesita una botella de perfume de 100 ml con un empaque de lujo, cont\u00e1ctenos para m\u00e1s detalles. Podemos ofrecerle una amplia selecci\u00f3n de botellas o podemos personalizar sus propias botellas de vidrio con dise\u00f1o.<\/p>\n<p>&nbsp;<\/p>","protected":false},"excerpt":{"rendered":"<p>Como fabricante y mayorista de botellas de perfume personalizadas, nos enfocamos en producir tipos de botellas de vidrio con diferentes acabados, como serigraf\u00eda, estampado en caliente, calcoman\u00edas, recubrimiento UV, etc.<\/p>","protected":false},"featured_media":3108,"comment_status":"open","ping_status":"closed","template":"","meta":{"_kad_blocks_custom_css":"","_kad_blocks_head_custom_js":"","_kad_blocks_body_custom_js":"","_kad_blocks_footer_custom_js":"","_kad_post_transparent":"default","_kad_post_title":"","_kad_post_layout":"default","_kad_post_sidebar_id":"","_kad_post_content_style":"default","_kad_post_vertical_padding":"default","_kad_post_feature":"","_kad_post_feature_position":"","_kad_post_header":false,"_kad_post_footer":false,"_joinchat":[]},"product_brand":[],"product_cat":[51],"product_tag":[],"class_list":{"0":"post-3107","1":"product","2":"type-product","3":"status-publish","4":"has-post-thumbnail","6":"product_cat-glass-perfume-bottles","8":"first","9":"instock","10":"shipping-taxable","11":"product-type-simple","12":"entry","13":"content-bg","14":"loop-entry"},"yoast_head":"<!-- This site is optimized with the Yoast SEO Premium plugin v20.5 (Yoast SEO v24.2) - https:\/\/yoast.com\/wordpress\/plugins\/seo\/ -->\n<title>100ml perfume bottle wholesale and suppliers<\/title>\n<meta name=\"description\" content=\"Empty perfume bottles 100ml, 100ml cologne bottle suppliers, custom perfume bottle manufacturer, 100ml perfume glass bottle wholesale\" \/>\n<meta name=\"robots\" content=\"index, follow, max-snippet:-1, max-image-preview:large, max-video-preview:-1\" \/>\n<link rel=\"canonical\" href=\"https:\/\/glass-perfume-bottles.com\/es\/producto\/100ml-perfume-glass-bottle-wholesale\/\" \/>\n<meta property=\"og:locale\" content=\"es_ES\" \/>\n<meta property=\"og:type\" content=\"article\" \/>\n<meta property=\"og:title\" content=\"100ml perfume glass bottle wholesale\" \/>\n<meta property=\"og:description\" content=\"Empty perfume bottles 100ml, 100ml cologne bottle suppliers, custom perfume bottle manufacturer, 100ml perfume glass bottle wholesale\" \/>\n<meta property=\"og:url\" content=\"https:\/\/glass-perfume-bottles.com\/es\/producto\/100ml-perfume-glass-bottle-wholesale\/\" \/>\n<meta property=\"og:site_name\" content=\"HY GLASS\" \/>\n<meta property=\"article:modified_time\" content=\"2025-11-14T21:56:02+00:00\" \/>\n<meta property=\"og:image\" content=\"https:\/\/glass-perfume-bottles.com\/wp-content\/uploads\/2025\/08\/100ml-perfume-bottle.jpg\" \/>\n\t<meta property=\"og:image:width\" content=\"720\" \/>\n\t<meta property=\"og:image:height\" content=\"720\" \/>\n\t<meta property=\"og:image:type\" content=\"image\/jpeg\" \/>\n<meta name=\"twitter:card\" content=\"summary_large_image\" \/>\n<meta name=\"twitter:label1\" content=\"Tiempo de lectura\" \/>\n\t<meta name=\"twitter:data1\" content=\"2 minutos\" \/>\n<script type=\"application\/ld+json\" class=\"yoast-schema-graph\">{\"@context\":\"https:\/\/schema.org\",\"@graph\":[{\"@type\":\"WebPage\",\"@id\":\"https:\/\/glass-perfume-bottles.com\/product\/100ml-perfume-glass-bottle-wholesale\/\",\"url\":\"https:\/\/glass-perfume-bottles.com\/product\/100ml-perfume-glass-bottle-wholesale\/\",\"name\":\"100ml perfume bottle wholesale and suppliers\",\"isPartOf\":{\"@id\":\"https:\/\/glass-perfume-bottles.com\/#website\"},\"primaryImageOfPage\":{\"@id\":\"https:\/\/glass-perfume-bottles.com\/product\/100ml-perfume-glass-bottle-wholesale\/#primaryimage\"},\"image\":{\"@id\":\"https:\/\/glass-perfume-bottles.com\/product\/100ml-perfume-glass-bottle-wholesale\/#primaryimage\"},\"thumbnailUrl\":\"https:\/\/glass-perfume-bottles.com\/wp-content\/uploads\/2025\/08\/100ml-perfume-bottle.jpg\",\"datePublished\":\"2025-08-23T10:04:06+00:00\",\"dateModified\":\"2025-11-14T21:56:02+00:00\",\"description\":\"Empty perfume bottles 100ml, 100ml cologne bottle suppliers, custom perfume bottle manufacturer, 100ml perfume glass bottle wholesale\",\"breadcrumb\":{\"@id\":\"https:\/\/glass-perfume-bottles.com\/product\/100ml-perfume-glass-bottle-wholesale\/#breadcrumb\"},\"inLanguage\":\"es\",\"potentialAction\":[{\"@type\":\"ReadAction\",\"target\":[\"https:\/\/glass-perfume-bottles.com\/product\/100ml-perfume-glass-bottle-wholesale\/\"]}]},{\"@type\":\"ImageObject\",\"inLanguage\":\"es\",\"@id\":\"https:\/\/glass-perfume-bottles.com\/product\/100ml-perfume-glass-bottle-wholesale\/#primaryimage\",\"url\":\"https:\/\/glass-perfume-bottles.com\/wp-content\/uploads\/2025\/08\/100ml-perfume-bottle.jpg\",\"contentUrl\":\"https:\/\/glass-perfume-bottles.com\/wp-content\/uploads\/2025\/08\/100ml-perfume-bottle.jpg\",\"width\":720,\"height\":720,\"caption\":\"100ml perfume bottle wholesale\"},{\"@type\":\"BreadcrumbList\",\"@id\":\"https:\/\/glass-perfume-bottles.com\/product\/100ml-perfume-glass-bottle-wholesale\/#breadcrumb\",\"itemListElement\":[{\"@type\":\"ListItem\",\"position\":1,\"name\":\"Home\",\"item\":\"https:\/\/glass-perfume-bottles.com\/\"},{\"@type\":\"ListItem\",\"position\":2,\"name\":\"Product\",\"item\":\"https:\/\/glass-perfume-bottles.com\/custom-made-perfume-bottle-suppliers-and-wholesale\/\"},{\"@type\":\"ListItem\",\"position\":3,\"name\":\"100ml perfume glass bottle wholesale\"}]},{\"@type\":\"WebSite\",\"@id\":\"https:\/\/glass-perfume-bottles.com\/#website\",\"url\":\"https:\/\/glass-perfume-bottles.com\/\",\"name\":\"HY GLASS\",\"description\":\"glass perfume bottle manufacturers &amp; suppliers, aroma reed diffuser bottle wholesale &amp; suppliers\",\"publisher\":{\"@id\":\"https:\/\/glass-perfume-bottles.com\/#organization\"},\"potentialAction\":[{\"@type\":\"SearchAction\",\"target\":{\"@type\":\"EntryPoint\",\"urlTemplate\":\"https:\/\/glass-perfume-bottles.com\/?s={search_term_string}\"},\"query-input\":{\"@type\":\"PropertyValueSpecification\",\"valueRequired\":true,\"valueName\":\"search_term_string\"}}],\"inLanguage\":\"es\"},{\"@type\":\"Organization\",\"@id\":\"https:\/\/glass-perfume-bottles.com\/#organization\",\"name\":\"HY GLASS\",\"url\":\"https:\/\/glass-perfume-bottles.com\/\",\"logo\":{\"@type\":\"ImageObject\",\"inLanguage\":\"es\",\"@id\":\"https:\/\/glass-perfume-bottles.com\/#\/schema\/logo\/image\/\",\"url\":\"https:\/\/glass-perfume-bottles.com\/wp-content\/uploads\/2023\/09\/logo21.png\",\"contentUrl\":\"https:\/\/glass-perfume-bottles.com\/wp-content\/uploads\/2023\/09\/logo21.png\",\"width\":342,\"height\":268,\"caption\":\"HY GLASS\"},\"image\":{\"@id\":\"https:\/\/glass-perfume-bottles.com\/#\/schema\/logo\/image\/\"}}]}<\/script>\n<!-- \/ Yoast SEO Premium plugin. -->","yoast_head_json":{"title":"100ml perfume bottle wholesale and suppliers","description":"Empty perfume bottles 100ml, 100ml cologne bottle suppliers, custom perfume bottle manufacturer, 100ml perfume glass bottle wholesale","robots":{"index":"index","follow":"follow","max-snippet":"max-snippet:-1","max-image-preview":"max-image-preview:large","max-video-preview":"max-video-preview:-1"},"canonical":"https:\/\/glass-perfume-bottles.com\/es\/producto\/100ml-perfume-glass-bottle-wholesale\/","og_locale":"es_ES","og_type":"article","og_title":"100ml perfume glass bottle wholesale","og_description":"Empty perfume bottles 100ml, 100ml cologne bottle suppliers, custom perfume bottle manufacturer, 100ml perfume glass bottle wholesale","og_url":"https:\/\/glass-perfume-bottles.com\/es\/producto\/100ml-perfume-glass-bottle-wholesale\/","og_site_name":"HY GLASS","article_modified_time":"2025-11-14T21:56:02+00:00","og_image":[{"width":720,"height":720,"url":"https:\/\/glass-perfume-bottles.com\/wp-content\/uploads\/2025\/08\/100ml-perfume-bottle.jpg","type":"image\/jpeg"}],"twitter_card":"summary_large_image","twitter_misc":{"Tiempo de lectura":"2 minutos"},"schema":{"@context":"https:\/\/schema.org","@graph":[{"@type":"WebPage","@id":"https:\/\/glass-perfume-bottles.com\/product\/100ml-perfume-glass-bottle-wholesale\/","url":"https:\/\/glass-perfume-bottles.com\/product\/100ml-perfume-glass-bottle-wholesale\/","name":"100ml perfume bottle wholesale and suppliers","isPartOf":{"@id":"https:\/\/glass-perfume-bottles.com\/#website"},"primaryImageOfPage":{"@id":"https:\/\/glass-perfume-bottles.com\/product\/100ml-perfume-glass-bottle-wholesale\/#primaryimage"},"image":{"@id":"https:\/\/glass-perfume-bottles.com\/product\/100ml-perfume-glass-bottle-wholesale\/#primaryimage"},"thumbnailUrl":"https:\/\/glass-perfume-bottles.com\/wp-content\/uploads\/2025\/08\/100ml-perfume-bottle.jpg","datePublished":"2025-08-23T10:04:06+00:00","dateModified":"2025-11-14T21:56:02+00:00","description":"Empty perfume bottles 100ml, 100ml cologne bottle suppliers, custom perfume bottle manufacturer, 100ml perfume glass bottle wholesale","breadcrumb":{"@id":"https:\/\/glass-perfume-bottles.com\/product\/100ml-perfume-glass-bottle-wholesale\/#breadcrumb"},"inLanguage":"es","potentialAction":[{"@type":"ReadAction","target":["https:\/\/glass-perfume-bottles.com\/product\/100ml-perfume-glass-bottle-wholesale\/"]}]},{"@type":"ImageObject","inLanguage":"es","@id":"https:\/\/glass-perfume-bottles.com\/product\/100ml-perfume-glass-bottle-wholesale\/#primaryimage","url":"https:\/\/glass-perfume-bottles.com\/wp-content\/uploads\/2025\/08\/100ml-perfume-bottle.jpg","contentUrl":"https:\/\/glass-perfume-bottles.com\/wp-content\/uploads\/2025\/08\/100ml-perfume-bottle.jpg","width":720,"height":720,"caption":"100ml perfume bottle wholesale"},{"@type":"BreadcrumbList","@id":"https:\/\/glass-perfume-bottles.com\/product\/100ml-perfume-glass-bottle-wholesale\/#breadcrumb","itemListElement":[{"@type":"ListItem","position":1,"name":"Home","item":"https:\/\/glass-perfume-bottles.com\/"},{"@type":"ListItem","position":2,"name":"Product","item":"https:\/\/glass-perfume-bottles.com\/custom-made-perfume-bottle-suppliers-and-wholesale\/"},{"@type":"ListItem","position":3,"name":"100ml perfume glass bottle wholesale"}]},{"@type":"WebSite","@id":"https:\/\/glass-perfume-bottles.com\/#website","url":"https:\/\/glass-perfume-bottles.com\/","name":"HY GLASS","description":"glass perfume bottle manufacturers &amp; suppliers, aroma reed diffuser bottle wholesale &amp; suppliers","publisher":{"@id":"https:\/\/glass-perfume-bottles.com\/#organization"},"potentialAction":[{"@type":"SearchAction","target":{"@type":"EntryPoint","urlTemplate":"https:\/\/glass-perfume-bottles.com\/?s={search_term_string}"},"query-input":{"@type":"PropertyValueSpecification","valueRequired":true,"valueName":"search_term_string"}}],"inLanguage":"es"},{"@type":"Organization","@id":"https:\/\/glass-perfume-bottles.com\/#organization","name":"HY GLASS","url":"https:\/\/glass-perfume-bottles.com\/","logo":{"@type":"ImageObject","inLanguage":"es","@id":"https:\/\/glass-perfume-bottles.com\/#\/schema\/logo\/image\/","url":"https:\/\/glass-perfume-bottles.com\/wp-content\/uploads\/2023\/09\/logo21.png","contentUrl":"https:\/\/glass-perfume-bottles.com\/wp-content\/uploads\/2023\/09\/logo21.png","width":342,"height":268,"caption":"HY GLASS"},"image":{"@id":"https:\/\/glass-perfume-bottles.com\/#\/schema\/logo\/image\/"}}]}},"taxonomy_info":{"product_cat":[{"value":51,"label":"Glass Perfume Bottle"}]},"featured_image_src_large":["https:\/\/glass-perfume-bottles.com\/wp-content\/uploads\/2025\/08\/100ml-perfume-bottle.jpg",720,720,false],"author_info":[],"comment_info":1,"_links":{"self":[{"href":"https:\/\/glass-perfume-bottles.com\/es\/wp-json\/wp\/v2\/product\/3107","targetHints":{"allow":["GET"]}}],"collection":[{"href":"https:\/\/glass-perfume-bottles.com\/es\/wp-json\/wp\/v2\/product"}],"about":[{"href":"https:\/\/glass-perfume-bottles.com\/es\/wp-json\/wp\/v2\/types\/product"}],"replies":[{"embeddable":true,"href":"https:\/\/glass-perfume-bottles.com\/es\/wp-json\/wp\/v2\/comments?post=3107"}],"wp:featuredmedia":[{"embeddable":true,"href":"https:\/\/glass-perfume-bottles.com\/es\/wp-json\/wp\/v2\/media\/3108"}],"wp:attachment":[{"href":"https:\/\/glass-perfume-bottles.com\/es\/wp-json\/wp\/v2\/media?parent=3107"}],"wp:term":[{"taxonomy":"product_brand","embeddable":true,"href":"https:\/\/glass-perfume-bottles.com\/es\/wp-json\/wp\/v2\/product_brand?post=3107"},{"taxonomy":"product_cat","embeddable":true,"href":"https:\/\/glass-perfume-bottles.com\/es\/wp-json\/wp\/v2\/product_cat?post=3107"},{"taxonomy":"product_tag","embeddable":true,"href":"https:\/\/glass-perfume-bottles.com\/es\/wp-json\/wp\/v2\/product_tag?post=3107"}],"curies":[{"name":"wp","href":"https:\/\/api.w.org\/{rel}","templated":true}]}}